{"id":118016,"date":"2025-06-28T23:44:26","date_gmt":"2025-06-28T22:11:41","guid":{"rendered":"https:\/\/yasminfood.ch\/product\/sonnenblumenkerne-250g-sonnenblume\/"},"modified":"2025-06-29T00:11:41","modified_gmt":"2025-06-28T22:11:41","slug":"sonnenblumenkerne-250g-sonnenblume","status":"publish","type":"product","link":"https:\/\/yasminfood.ch\/de\/product\/sonnenblumenkerne-250g-sonnenblume\/","title":{"rendered":"Sonnenblumenkerne 250g Sonnenblume"},"content":{"rendered":"<p data-start=\"112\" data-end=\"148\"><strong data-start=\"119\" data-end=\"148\">Sonnenblumenkerne 250g Sonnenblume<\/strong><\/p>\n<ul>\n<li data-start=\"150\" data-end=\"265\">Genie\u00dfen Sie k\u00f6stliche Knusprigkeit und hohe ern\u00e4hrungsphysiologische Vorteile, die sorgf\u00e4ltig ausgew\u00e4hlt wurden, um die beste Qualit\u00e4t und den besten nat\u00fcrlichen Geschmack zu gew\u00e4hrleisten.<\/li>\n<\/ul>\n<p data-start=\"267\" data-end=\"676\">\u2714\ufe0f <strong data-start=\"270\" data-end=\"297\">100% reine Sonnenblumenkerne<\/strong> ohne Zusatzstoffe oder Konservierungsstoffe<br data-start=\"323\" data-end=\"326\">\u2714\ufe0f <strong data-start=\"329\" data-end=\"358\">Reich an Vitaminen und Mineralstoffen<\/strong> wie Vitamin E und Magnesium zur Unterst\u00fctzung der Gesundheit von Herz und K\u00f6rper<br data-start=\"406\" data-end=\"409\">\u2714\ufe0f <strong data-start=\"412\" data-end=\"443\">Unverwechselbarer Crunch und leichter und k\u00f6stlicher Geschmack<\/strong> , perfekt f\u00fcr die t\u00e4gliche Unterhaltung<br data-start=\"465\" data-end=\"468\">\u2714\ufe0f <strong data-start=\"471\" data-end=\"521\">Als Snack oder als Zusatz zu Salaten und Backwaren verwenden<\/strong> , um den N\u00e4hrwert zu erh\u00f6hen<br data-start=\"540\" data-end=\"543\" data-is-only-node=\"\">\u2714\ufe0f <strong data-start=\"546\" data-end=\"569\">Luftdichte F\u00fcllung, um<\/strong> Frische und Knusprigkeit so lange wie m\u00f6glich zu erhalten<br data-start=\"614\" data-end=\"617\">\u2714\ufe0f <strong data-start=\"620\" data-end=\"641\">Praktisches Gewicht 250 g<\/strong> , geeignet f\u00fcr den Taschen- oder Heimgebrauch<\/p>\n<p data-start=\"678\" data-end=\"806\">\n","protected":false},"excerpt":{"rendered":"<p data-start=\"112\" data-end=\"148\"><strong data-start=\"119\" data-end=\"148\">Sonnenblumenkerne 250g Sonnenblume<\/strong><\/p>\n<ul>\n<li data-start=\"150\" data-end=\"265\">Genie\u00dfen Sie k\u00f6stliche Knusprigkeit und hohe ern\u00e4hrungsphysiologische Vorteile, die sorgf\u00e4ltig ausgew\u00e4hlt wurden, um die beste Qualit\u00e4t und den besten nat\u00fcrlichen Geschmack zu gew\u00e4hrleisten.<\/li>\n<\/ul>\n","protected":false},"featured_media":117944,"comment_status":"open","ping_status":"closed","template":"","meta":[],"product_brand":[2332],"product_cat":[356,359],"product_tag":[],"class_list":{"0":"post-118016","1":"product","2":"type-product","3":"status-publish","4":"has-post-thumbnail","6":"product_brand-chamsine-de","7":"product_cat-gewuerze-nuesse","8":"product_cat-nusse","10":"first","11":"instock","12":"taxable","13":"shipping-taxable","14":"purchasable","15":"product-type-simple"},"yoast_head":"<!-- This site is optimized with the Yoast SEO Premium plugin v26.5 (Yoast SEO v27.3) - https:\/\/yoast.com\/product\/yoast-seo-premium-wordpress\/ -->\n<title>Sonnenblumenkerne 250g Sonnenblume - Yasmin Food<\/title>\n<meta name=\"description\" content=\"Genie\u00dfe einen leckeren und gesunden Crunch mit Sonnenblumenkernen 250g Sunshine! Reich an Vitaminen und Magnesium, ideal f\u00fcr die t\u00e4gliche Unterhaltung. \ud83c\udf1f Yasmin Food Sonnenblumenkerne 250g Sonnenblume\" \/>\n<meta name=\"robots\" content=\"index, follow, max-snippet:-1, max-image-preview:large, max-video-preview:-1\" \/>\n<link rel=\"canonical\" href=\"https:\/\/yasminfood.ch\/de\/product\/sonnenblumenkerne-250g-sonnenblume\/\" \/>\n<meta property=\"og:locale\" content=\"de_DE\" \/>\n<meta property=\"og:type\" content=\"article\" \/>\n<meta property=\"og:title\" content=\"Sonnenblumenkerne 250g Sonnenblume\" \/>\n<meta property=\"og:description\" content=\"Sonnenblumenkerne 250g Sonnenblume   Genie\u00dfen Sie k\u00f6stliche Knusprigkeit und hohe ern\u00e4hrungsphysiologische Vorteile, die sorgf\u00e4ltig ausgew\u00e4hlt wurden, um die beste Qualit\u00e4t und den besten nat\u00fcrlichen Geschmack zu gew\u00e4hrleisten.\" \/>\n<meta property=\"og:url\" content=\"https:\/\/yasminfood.ch\/de\/product\/sonnenblumenkerne-250g-sonnenblume\/\" \/>\n<meta property=\"og:site_name\" content=\"Yasmin Food\" \/>\n<meta property=\"article:publisher\" content=\"https:\/\/www.facebook.com\/yasminmarkt1\" \/>\n<meta property=\"og:image\" content=\"https:\/\/yasminfood.ch\/wp-content\/uploads\/2025\/06\/\u0628\u0632\u0631-\u062f\u0648\u0627\u0631-\u0627\u0644\u0634\u0645\u0633-250\u063a-\u0634\u0645\u0633\u064a\u0646-1024x1024.png\" \/>\n\t<meta property=\"og:image:width\" content=\"1024\" \/>\n\t<meta property=\"og:image:height\" content=\"1024\" \/>\n\t<meta property=\"og:image:type\" content=\"image\/png\" \/>\n<meta name=\"twitter:card\" content=\"summary_large_image\" \/>\n<meta name=\"twitter:label1\" content=\"Preis\" \/>\n\t<meta name=\"twitter:data1\" content=\"3.00&nbsp;&#067;&#072;&#070;\" \/>\n\t<meta name=\"twitter:label2\" content=\"Verf\u00fcgbarkeit\" \/>\n\t<meta name=\"twitter:data2\" content=\"Auf Lager\" \/>\n<script type=\"application\/ld+json\" class=\"yoast-schema-graph\">{\"@context\":\"https:\\\/\\\/schema.org\",\"@graph\":[{\"@type\":\"WebPage\",\"@id\":\"https:\\\/\\\/yasminfood.ch\\\/de\\\/product\\\/sonnenblumenkerne-250g-sonnenblume\\\/\",\"url\":\"https:\\\/\\\/yasminfood.ch\\\/de\\\/product\\\/sonnenblumenkerne-250g-sonnenblume\\\/\",\"name\":\"Sonnenblumenkerne 250g Sonnenblume - Yasmin Food\",\"isPartOf\":{\"@id\":\"https:\\\/\\\/yasminfood.ch\\\/de\\\/#website\"},\"primaryImageOfPage\":{\"@id\":\"https:\\\/\\\/yasminfood.ch\\\/de\\\/product\\\/sonnenblumenkerne-250g-sonnenblume\\\/#primaryimage\"},\"image\":{\"@id\":\"https:\\\/\\\/yasminfood.ch\\\/de\\\/product\\\/sonnenblumenkerne-250g-sonnenblume\\\/#primaryimage\"},\"thumbnailUrl\":\"https:\\\/\\\/yasminfood.ch\\\/wp-content\\\/uploads\\\/2025\\\/06\\\/\u0628\u0632\u0631-\u062f\u0648\u0627\u0631-\u0627\u0644\u0634\u0645\u0633-250\u063a-\u0634\u0645\u0633\u064a\u0646.png\",\"datePublished\":\"2025-06-28T22:11:41+00:00\",\"description\":\"Genie\u00dfe einen leckeren und gesunden Crunch mit Sonnenblumenkernen 250g Sunshine! Reich an Vitaminen und Magnesium, ideal f\u00fcr die t\u00e4gliche Unterhaltung. \ud83c\udf1f Yasmin Food Sonnenblumenkerne 250g Sonnenblume\",\"breadcrumb\":{\"@id\":\"https:\\\/\\\/yasminfood.ch\\\/de\\\/product\\\/sonnenblumenkerne-250g-sonnenblume\\\/#breadcrumb\"},\"inLanguage\":\"de\",\"potentialAction\":[{\"@type\":\"ReadAction\",\"target\":[\"https:\\\/\\\/yasminfood.ch\\\/de\\\/product\\\/sonnenblumenkerne-250g-sonnenblume\\\/\"]}]},{\"@type\":\"ImageObject\",\"inLanguage\":\"de\",\"@id\":\"https:\\\/\\\/yasminfood.ch\\\/de\\\/product\\\/sonnenblumenkerne-250g-sonnenblume\\\/#primaryimage\",\"url\":\"https:\\\/\\\/yasminfood.ch\\\/wp-content\\\/uploads\\\/2025\\\/06\\\/\u0628\u0632\u0631-\u062f\u0648\u0627\u0631-\u0627\u0644\u0634\u0645\u0633-250\u063a-\u0634\u0645\u0633\u064a\u0646.png\",\"contentUrl\":\"https:\\\/\\\/yasminfood.ch\\\/wp-content\\\/uploads\\\/2025\\\/06\\\/\u0628\u0632\u0631-\u062f\u0648\u0627\u0631-\u0627\u0644\u0634\u0645\u0633-250\u063a-\u0634\u0645\u0633\u064a\u0646.png\",\"width\":1890,\"height\":1890,\"caption\":\"Sonnenblumenkerne 250g Sonnenblume\"},{\"@type\":\"BreadcrumbList\",\"@id\":\"https:\\\/\\\/yasminfood.ch\\\/de\\\/product\\\/sonnenblumenkerne-250g-sonnenblume\\\/#breadcrumb\",\"itemListElement\":[{\"@type\":\"ListItem\",\"position\":1,\"name\":\"\u0627\u0644\u0631\u0626\u064a\u0633\u064a\u0629\",\"item\":\"https:\\\/\\\/yasminfood.ch\\\/de\\\/zuhause\\\/\"},{\"@type\":\"ListItem\",\"position\":2,\"name\":\"Shop\",\"item\":\"https:\\\/\\\/yasminfood.ch\\\/de\\\/shop\\\/\"},{\"@type\":\"ListItem\",\"position\":3,\"name\":\"Gew\u00fcrze &amp; N\u00fcsse\",\"item\":\"https:\\\/\\\/yasminfood.ch\\\/de\\\/produkt-kategorie\\\/gewuerze-nuesse\\\/\"},{\"@type\":\"ListItem\",\"position\":4,\"name\":\"Sonnenblumenkerne 250g Sonnenblume\"}]},{\"@type\":\"WebSite\",\"@id\":\"https:\\\/\\\/yasminfood.ch\\\/de\\\/#website\",\"url\":\"https:\\\/\\\/yasminfood.ch\\\/de\\\/\",\"name\":\"\u064a\u0627\u0633\u0645\u064a\u0646 \u0645\u0627\u0631\u0643\u062a\",\"description\":\"Alles, was Sie brauchen, an einem Ort\",\"publisher\":{\"@id\":\"https:\\\/\\\/yasminfood.ch\\\/de\\\/#organization\"},\"alternateName\":\"Yasmin Food\",\"potentialAction\":[{\"@type\":\"SearchAction\",\"target\":{\"@type\":\"EntryPoint\",\"urlTemplate\":\"https:\\\/\\\/yasminfood.ch\\\/de\\\/?s={search_term_string}\"},\"query-input\":{\"@type\":\"PropertyValueSpecification\",\"valueRequired\":true,\"valueName\":\"search_term_string\"}}],\"inLanguage\":\"de\"},{\"@type\":\"Organization\",\"@id\":\"https:\\\/\\\/yasminfood.ch\\\/de\\\/#organization\",\"name\":\"\u064a\u0627\u0633\u0645\u064a\u0646 \u0645\u0627\u0631\u0643\u062a\",\"alternateName\":\"Yasmin Food\",\"url\":\"https:\\\/\\\/yasminfood.ch\\\/de\\\/\",\"logo\":{\"@type\":\"ImageObject\",\"inLanguage\":\"de\",\"@id\":\"https:\\\/\\\/yasminfood.ch\\\/de\\\/#\\\/schema\\\/logo\\\/image\\\/\",\"url\":\"https:\\\/\\\/yasminfood.ch\\\/wp-content\\\/uploads\\\/2025\\\/05\\\/yasmin-food-header-logo.png\",\"contentUrl\":\"https:\\\/\\\/yasminfood.ch\\\/wp-content\\\/uploads\\\/2025\\\/05\\\/yasmin-food-header-logo.png\",\"width\":330,\"height\":120,\"caption\":\"\u064a\u0627\u0633\u0645\u064a\u0646 \u0645\u0627\u0631\u0643\u062a\"},\"image\":{\"@id\":\"https:\\\/\\\/yasminfood.ch\\\/de\\\/#\\\/schema\\\/logo\\\/image\\\/\"},\"sameAs\":[\"https:\\\/\\\/www.facebook.com\\\/yasminmarkt1\",\"https:\\\/\\\/www.tiktok.com\\\/@yasminmarkt\",\"https:\\\/\\\/www.instagram.com\\\/yasmin.markt1\\\/\",\"https:\\\/\\\/api.whatsapp.com\\\/send\\\/?phone=41799000104\"],\"publishingPrinciples\":\"https:\\\/\\\/yasminfood.ch\\\/de\\\/shop\\\/\",\"ownershipFundingInfo\":\"https:\\\/\\\/yasminfood.ch\\\/de\\\/shop\\\/\"}]}<\/script>\n<meta property=\"product:price:amount\" content=\"3.00\" \/>\n<meta property=\"product:price:currency\" content=\"CHF\" \/>\n<meta property=\"og:availability\" content=\"instock\" \/>\n<meta property=\"product:availability\" content=\"instock\" \/>\n<meta property=\"product:condition\" content=\"new\" \/>\n<!-- \/ Yoast SEO Premium plugin. -->","yoast_head_json":{"title":"Sonnenblumenkerne 250g Sonnenblume - Yasmin Food","description":"Genie\u00dfe einen leckeren und gesunden Crunch mit Sonnenblumenkernen 250g Sunshine! Reich an Vitaminen und Magnesium, ideal f\u00fcr die t\u00e4gliche Unterhaltung. \ud83c\udf1f Yasmin Food Sonnenblumenkerne 250g Sonnenblume","robots":{"index":"index","follow":"follow","max-snippet":"max-snippet:-1","max-image-preview":"max-image-preview:large","max-video-preview":"max-video-preview:-1"},"canonical":"https:\/\/yasminfood.ch\/de\/product\/sonnenblumenkerne-250g-sonnenblume\/","og_locale":"de_DE","og_type":"article","og_title":"Sonnenblumenkerne 250g Sonnenblume","og_description":"Sonnenblumenkerne 250g Sonnenblume   Genie\u00dfen Sie k\u00f6stliche Knusprigkeit und hohe ern\u00e4hrungsphysiologische Vorteile, die sorgf\u00e4ltig ausgew\u00e4hlt wurden, um die beste Qualit\u00e4t und den besten nat\u00fcrlichen Geschmack zu gew\u00e4hrleisten.","og_url":"https:\/\/yasminfood.ch\/de\/product\/sonnenblumenkerne-250g-sonnenblume\/","og_site_name":"Yasmin Food","article_publisher":"https:\/\/www.facebook.com\/yasminmarkt1","og_image":[{"width":1024,"height":1024,"url":"https:\/\/yasminfood.ch\/wp-content\/uploads\/2025\/06\/\u0628\u0632\u0631-\u062f\u0648\u0627\u0631-\u0627\u0644\u0634\u0645\u0633-250\u063a-\u0634\u0645\u0633\u064a\u0646-1024x1024.png","type":"image\/png"}],"twitter_card":"summary_large_image","twitter_misc":{"Preis":"3.00&nbsp;&#67;&#72;&#70;","Verf\u00fcgbarkeit":"Auf Lager"},"schema":{"@context":"https:\/\/schema.org","@graph":[{"@type":"WebPage","@id":"https:\/\/yasminfood.ch\/de\/product\/sonnenblumenkerne-250g-sonnenblume\/","url":"https:\/\/yasminfood.ch\/de\/product\/sonnenblumenkerne-250g-sonnenblume\/","name":"Sonnenblumenkerne 250g Sonnenblume - Yasmin Food","isPartOf":{"@id":"https:\/\/yasminfood.ch\/de\/#website"},"primaryImageOfPage":{"@id":"https:\/\/yasminfood.ch\/de\/product\/sonnenblumenkerne-250g-sonnenblume\/#primaryimage"},"image":{"@id":"https:\/\/yasminfood.ch\/de\/product\/sonnenblumenkerne-250g-sonnenblume\/#primaryimage"},"thumbnailUrl":"https:\/\/yasminfood.ch\/wp-content\/uploads\/2025\/06\/\u0628\u0632\u0631-\u062f\u0648\u0627\u0631-\u0627\u0644\u0634\u0645\u0633-250\u063a-\u0634\u0645\u0633\u064a\u0646.png","datePublished":"2025-06-28T22:11:41+00:00","description":"Genie\u00dfe einen leckeren und gesunden Crunch mit Sonnenblumenkernen 250g Sunshine! Reich an Vitaminen und Magnesium, ideal f\u00fcr die t\u00e4gliche Unterhaltung. \ud83c\udf1f Yasmin Food Sonnenblumenkerne 250g Sonnenblume","breadcrumb":{"@id":"https:\/\/yasminfood.ch\/de\/product\/sonnenblumenkerne-250g-sonnenblume\/#breadcrumb"},"inLanguage":"de","potentialAction":[{"@type":"ReadAction","target":["https:\/\/yasminfood.ch\/de\/product\/sonnenblumenkerne-250g-sonnenblume\/"]}]},{"@type":"ImageObject","inLanguage":"de","@id":"https:\/\/yasminfood.ch\/de\/product\/sonnenblumenkerne-250g-sonnenblume\/#primaryimage","url":"https:\/\/yasminfood.ch\/wp-content\/uploads\/2025\/06\/\u0628\u0632\u0631-\u062f\u0648\u0627\u0631-\u0627\u0644\u0634\u0645\u0633-250\u063a-\u0634\u0645\u0633\u064a\u0646.png","contentUrl":"https:\/\/yasminfood.ch\/wp-content\/uploads\/2025\/06\/\u0628\u0632\u0631-\u062f\u0648\u0627\u0631-\u0627\u0644\u0634\u0645\u0633-250\u063a-\u0634\u0645\u0633\u064a\u0646.png","width":1890,"height":1890,"caption":"Sonnenblumenkerne 250g Sonnenblume"},{"@type":"BreadcrumbList","@id":"https:\/\/yasminfood.ch\/de\/product\/sonnenblumenkerne-250g-sonnenblume\/#breadcrumb","itemListElement":[{"@type":"ListItem","position":1,"name":"\u0627\u0644\u0631\u0626\u064a\u0633\u064a\u0629","item":"https:\/\/yasminfood.ch\/de\/zuhause\/"},{"@type":"ListItem","position":2,"name":"Shop","item":"https:\/\/yasminfood.ch\/de\/shop\/"},{"@type":"ListItem","position":3,"name":"Gew\u00fcrze &amp; N\u00fcsse","item":"https:\/\/yasminfood.ch\/de\/produkt-kategorie\/gewuerze-nuesse\/"},{"@type":"ListItem","position":4,"name":"Sonnenblumenkerne 250g Sonnenblume"}]},{"@type":"WebSite","@id":"https:\/\/yasminfood.ch\/de\/#website","url":"https:\/\/yasminfood.ch\/de\/","name":"\u064a\u0627\u0633\u0645\u064a\u0646 \u0645\u0627\u0631\u0643\u062a","description":"Alles, was Sie brauchen, an einem Ort","publisher":{"@id":"https:\/\/yasminfood.ch\/de\/#organization"},"alternateName":"Yasmin Food","potentialAction":[{"@type":"SearchAction","target":{"@type":"EntryPoint","urlTemplate":"https:\/\/yasminfood.ch\/de\/?s={search_term_string}"},"query-input":{"@type":"PropertyValueSpecification","valueRequired":true,"valueName":"search_term_string"}}],"inLanguage":"de"},{"@type":"Organization","@id":"https:\/\/yasminfood.ch\/de\/#organization","name":"\u064a\u0627\u0633\u0645\u064a\u0646 \u0645\u0627\u0631\u0643\u062a","alternateName":"Yasmin Food","url":"https:\/\/yasminfood.ch\/de\/","logo":{"@type":"ImageObject","inLanguage":"de","@id":"https:\/\/yasminfood.ch\/de\/#\/schema\/logo\/image\/","url":"https:\/\/yasminfood.ch\/wp-content\/uploads\/2025\/05\/yasmin-food-header-logo.png","contentUrl":"https:\/\/yasminfood.ch\/wp-content\/uploads\/2025\/05\/yasmin-food-header-logo.png","width":330,"height":120,"caption":"\u064a\u0627\u0633\u0645\u064a\u0646 \u0645\u0627\u0631\u0643\u062a"},"image":{"@id":"https:\/\/yasminfood.ch\/de\/#\/schema\/logo\/image\/"},"sameAs":["https:\/\/www.facebook.com\/yasminmarkt1","https:\/\/www.tiktok.com\/@yasminmarkt","https:\/\/www.instagram.com\/yasmin.markt1\/","https:\/\/api.whatsapp.com\/send\/?phone=41799000104"],"publishingPrinciples":"https:\/\/yasminfood.ch\/de\/shop\/","ownershipFundingInfo":"https:\/\/yasminfood.ch\/de\/shop\/"}]},"product_price_amount":"3.00","product_price_currency":"CHF","og_availability":"instock","product_availability":"instock","product_condition":"new"},"jetpack_sharing_enabled":true,"_links":{"self":[{"href":"https:\/\/yasminfood.ch\/de\/wp-json\/wp\/v2\/product\/118016","targetHints":{"allow":["GET"]}}],"collection":[{"href":"https:\/\/yasminfood.ch\/de\/wp-json\/wp\/v2\/product"}],"about":[{"href":"https:\/\/yasminfood.ch\/de\/wp-json\/wp\/v2\/types\/product"}],"replies":[{"embeddable":true,"href":"https:\/\/yasminfood.ch\/de\/wp-json\/wp\/v2\/comments?post=118016"}],"version-history":[{"count":0,"href":"https:\/\/yasminfood.ch\/de\/wp-json\/wp\/v2\/product\/118016\/revisions"}],"wp:featuredmedia":[{"embeddable":true,"href":"https:\/\/yasminfood.ch\/de\/wp-json\/wp\/v2\/media\/117944"}],"wp:attachment":[{"href":"https:\/\/yasminfood.ch\/de\/wp-json\/wp\/v2\/media?parent=118016"}],"wp:term":[{"taxonomy":"product_brand","embeddable":true,"href":"https:\/\/yasminfood.ch\/de\/wp-json\/wp\/v2\/product_brand?post=118016"},{"taxonomy":"product_cat","embeddable":true,"href":"https:\/\/yasminfood.ch\/de\/wp-json\/wp\/v2\/product_cat?post=118016"},{"taxonomy":"product_tag","embeddable":true,"href":"https:\/\/yasminfood.ch\/de\/wp-json\/wp\/v2\/product_tag?post=118016"}],"curies":[{"name":"wp","href":"https:\/\/api.w.org\/{rel}","templated":true}]}}