{"id":118020,"date":"2025-06-28T23:38:22","date_gmt":"2025-06-28T21:38:22","guid":{"rendered":"https:\/\/yasminfood.ch\/product\/gemischte-gurken-1300g-sonnen\/"},"modified":"2025-06-29T00:11:45","modified_gmt":"2025-06-28T22:11:45","slug":"gemischte-gurken-1300g-sonnen","status":"publish","type":"product","link":"https:\/\/yasminfood.ch\/de\/product\/gemischte-gurken-1300g-sonnen\/","title":{"rendered":"Gemischte Gurken 1300g Sonnen"},"content":{"rendered":"<p><strong>Gemischte Gurken 1300g Sonnen<\/strong><\/p>\n<ul>\n<li>\n<p data-start=\"142\" data-end=\"266\">Sorgf\u00e4ltig ausgew\u00e4hlt und verpackt, um Ihnen zu jeder Mahlzeit einen knusprigen und k\u00f6stlichen Geschmack zu bieten.<\/p>\n<\/li>\n<li>\n<p data-start=\"142\" data-end=\"266\">\n<p data-start=\"268\" data-end=\"699\">\u2714\ufe0f <strong data-start=\"271\" data-end=\"306\">Eine Vielzahl von eingelegtem Gem\u00fcse<\/strong> wie Gurken, Karotten, Blumenkohl, Paprika und mehr <\/p>\n<\/li>\n<li>\n<p data-start=\"268\" data-end=\"699\">\u2714\ufe0f <strong data-start=\"358\" data-end=\"395\">Ein ausgewogener Geschmack zwischen S\u00e4ure und Salzigkeit<\/strong> f\u00fcr jeden Geschmack<\/p>\n<\/li>\n<li>\n<p data-start=\"268\" data-end=\"699\">\u2714\ufe0f <strong data-start=\"420\" data-end=\"459\">Hergestellt aus hochwertigem frischem Gem\u00fcse<\/strong> , um die Knusprigkeit und den nat\u00fcrlichen Geschmack zu erhalten<br data-start=\"493\" data-end=\"496\">\u2714\ufe0f <strong data-start=\"499\" data-end=\"549\">Perfekt als Vorspeise oder zu Hauptgerichten und Grillgerichten<\/strong> , um einen erfrischenden und unverwechselbaren Geschmack zu verleihen<br data-start=\"571\" data-end=\"574\" data-is-only-node=\"\">\u2714\ufe0f <strong data-start=\"577\" data-end=\"600\">Luftdichte Verpackung, um<\/strong> Frische und Qualit\u00e4t so lange wie m\u00f6glich zu erhalten<br data-start=\"644\" data-end=\"647\">\u2714\ufe0f <strong data-start=\"650\" data-end=\"675\">Wirtschaftliches Gewicht von 1300 g<\/strong> geeignet f\u00fcr Familien und Restaurants<\/p>\n<p data-start=\"701\" data-end=\"858\">\ud83d\udd38 <strong data-start=\"704\" data-end=\"717\">Zutaten:<\/strong> Gurke, Karotte, Blumenkohl, Paprika, Salz, Wasser, Essig, Knoblauch, nat\u00fcrliche Gew\u00fcrze.<br data-start=\"777\" data-end=\"780\">\ud83d\udd38 <strong data-start=\"783\" data-end=\"797\">Verwendung:<\/strong> Als kalte Vorspeise zu den Mahlzeiten servieren, um einen reichhaltigen und erfrischenden Geschmack zu verleihen. <\/p>\n<\/li>\n<\/ul>\n","protected":false},"excerpt":{"rendered":"<p><strong>Gemischte Gurken 1300g Sonnen<\/strong><\/p>\n<ul>\n<li>\n<p data-start=\"142\" data-end=\"266\">Sorgf\u00e4ltig ausgew\u00e4hlt und verpackt, um Ihnen zu jeder Mahlzeit einen knusprigen und k\u00f6stlichen Geschmack zu bieten.<\/p>\n<p data-start=\"268\" data-end=\"699\">\n<\/li>\n<\/ul>\n","protected":false},"featured_media":117941,"comment_status":"open","ping_status":"closed","template":"","meta":[],"product_brand":[],"product_cat":[257,245],"product_tag":[],"class_list":{"0":"post-118020","1":"product","2":"type-product","3":"status-publish","4":"has-post-thumbnail","6":"product_cat-eingelegtes-gemuse","7":"product_cat-konserven-lebensmittel","9":"first","10":"instock","11":"taxable","12":"shipping-taxable","13":"purchasable","14":"product-type-simple"},"yoast_head":"<!-- This site is optimized with the Yoast SEO Premium plugin v26.5 (Yoast SEO v27.3) - https:\/\/yoast.com\/product\/yoast-seo-premium-wordpress\/ -->\n<title>Gemischte Gurken 1300g Sonnen - Yasmin Food<\/title>\n<meta name=\"description\" content=\"Genie\u00dfen Sie den Geschmack von gemischten Gurken 1300g Sonnenschein zu jeder Mahlzeit! Eine k\u00f6stliche Auswahl an Gem\u00fcse verleiht Ihrem Essen eine unverwechselbare Note. Probieren Sie es jetzt aus! Gemischte Gurken 1300g Sonnen\" \/>\n<meta name=\"robots\" content=\"index, follow, max-snippet:-1, max-image-preview:large, max-video-preview:-1\" \/>\n<link rel=\"canonical\" href=\"https:\/\/yasminfood.ch\/de\/product\/gemischte-gurken-1300g-sonnen\/\" \/>\n<meta property=\"og:locale\" content=\"de_DE\" \/>\n<meta property=\"og:type\" content=\"article\" \/>\n<meta property=\"og:title\" content=\"Gemischte Gurken 1300g Sonnen\" \/>\n<meta property=\"og:description\" content=\"Gemischte Gurken 1300g Sonnen   Sorgf\u00e4ltig ausgew\u00e4hlt und verpackt, um Ihnen zu jeder Mahlzeit einen knusprigen und k\u00f6stlichen Geschmack zu bieten.\" \/>\n<meta property=\"og:url\" content=\"https:\/\/yasminfood.ch\/de\/product\/gemischte-gurken-1300g-sonnen\/\" \/>\n<meta property=\"og:site_name\" content=\"Yasmin Food\" \/>\n<meta property=\"article:publisher\" content=\"https:\/\/www.facebook.com\/yasminmarkt1\" \/>\n<meta property=\"article:modified_time\" content=\"2025-06-28T22:11:45+00:00\" \/>\n<meta property=\"og:image\" content=\"https:\/\/yasminfood.ch\/wp-content\/uploads\/2025\/06\/\u0645\u062e\u0644\u0644-\u0645\u0634\u0643\u0644-1300\u063a-\u0634\u0645\u0633\u064a\u0646-1024x1024.png\" \/>\n\t<meta property=\"og:image:width\" content=\"1024\" \/>\n\t<meta property=\"og:image:height\" content=\"1024\" \/>\n\t<meta property=\"og:image:type\" content=\"image\/png\" \/>\n<meta name=\"twitter:card\" content=\"summary_large_image\" \/>\n<meta name=\"twitter:label1\" content=\"Preis\" \/>\n\t<meta name=\"twitter:data1\" content=\"7.95&nbsp;&#067;&#072;&#070;\" \/>\n\t<meta name=\"twitter:label2\" content=\"Verf\u00fcgbarkeit\" \/>\n\t<meta name=\"twitter:data2\" content=\"Auf Lager\" \/>\n<script type=\"application\/ld+json\" class=\"yoast-schema-graph\">{\"@context\":\"https:\\\/\\\/schema.org\",\"@graph\":[{\"@type\":\"WebPage\",\"@id\":\"https:\\\/\\\/yasminfood.ch\\\/de\\\/product\\\/gemischte-gurken-1300g-sonnen\\\/\",\"url\":\"https:\\\/\\\/yasminfood.ch\\\/de\\\/product\\\/gemischte-gurken-1300g-sonnen\\\/\",\"name\":\"Gemischte Gurken 1300g Sonnen - Yasmin Food\",\"isPartOf\":{\"@id\":\"https:\\\/\\\/yasminfood.ch\\\/de\\\/#website\"},\"primaryImageOfPage\":{\"@id\":\"https:\\\/\\\/yasminfood.ch\\\/de\\\/product\\\/gemischte-gurken-1300g-sonnen\\\/#primaryimage\"},\"image\":{\"@id\":\"https:\\\/\\\/yasminfood.ch\\\/de\\\/product\\\/gemischte-gurken-1300g-sonnen\\\/#primaryimage\"},\"thumbnailUrl\":\"https:\\\/\\\/yasminfood.ch\\\/wp-content\\\/uploads\\\/2025\\\/06\\\/\u0645\u062e\u0644\u0644-\u0645\u0634\u0643\u0644-1300\u063a-\u0634\u0645\u0633\u064a\u0646.png\",\"datePublished\":\"2025-06-28T21:38:22+00:00\",\"dateModified\":\"2025-06-28T22:11:45+00:00\",\"description\":\"Genie\u00dfen Sie den Geschmack von gemischten Gurken 1300g Sonnenschein zu jeder Mahlzeit! Eine k\u00f6stliche Auswahl an Gem\u00fcse verleiht Ihrem Essen eine unverwechselbare Note. Probieren Sie es jetzt aus! Gemischte Gurken 1300g Sonnen\",\"breadcrumb\":{\"@id\":\"https:\\\/\\\/yasminfood.ch\\\/de\\\/product\\\/gemischte-gurken-1300g-sonnen\\\/#breadcrumb\"},\"inLanguage\":\"de\",\"potentialAction\":[{\"@type\":\"ReadAction\",\"target\":[\"https:\\\/\\\/yasminfood.ch\\\/de\\\/product\\\/gemischte-gurken-1300g-sonnen\\\/\"]}]},{\"@type\":\"ImageObject\",\"inLanguage\":\"de\",\"@id\":\"https:\\\/\\\/yasminfood.ch\\\/de\\\/product\\\/gemischte-gurken-1300g-sonnen\\\/#primaryimage\",\"url\":\"https:\\\/\\\/yasminfood.ch\\\/wp-content\\\/uploads\\\/2025\\\/06\\\/\u0645\u062e\u0644\u0644-\u0645\u0634\u0643\u0644-1300\u063a-\u0634\u0645\u0633\u064a\u0646.png\",\"contentUrl\":\"https:\\\/\\\/yasminfood.ch\\\/wp-content\\\/uploads\\\/2025\\\/06\\\/\u0645\u062e\u0644\u0644-\u0645\u0634\u0643\u0644-1300\u063a-\u0634\u0645\u0633\u064a\u0646.png\",\"width\":1890,\"height\":1890,\"caption\":\"Gemischte Gurken 1300g Sonnen\"},{\"@type\":\"BreadcrumbList\",\"@id\":\"https:\\\/\\\/yasminfood.ch\\\/de\\\/product\\\/gemischte-gurken-1300g-sonnen\\\/#breadcrumb\",\"itemListElement\":[{\"@type\":\"ListItem\",\"position\":1,\"name\":\"\u0627\u0644\u0631\u0626\u064a\u0633\u064a\u0629\",\"item\":\"https:\\\/\\\/yasminfood.ch\\\/de\\\/zuhause\\\/\"},{\"@type\":\"ListItem\",\"position\":2,\"name\":\"Shop\",\"item\":\"https:\\\/\\\/yasminfood.ch\\\/de\\\/shop\\\/\"},{\"@type\":\"ListItem\",\"position\":3,\"name\":\"Konserven - Lebensmittel\",\"item\":\"https:\\\/\\\/yasminfood.ch\\\/de\\\/produkt-kategorie\\\/konserven-lebensmittel\\\/\"},{\"@type\":\"ListItem\",\"position\":4,\"name\":\"Eingelegtes Gem\u00fcse\",\"item\":\"https:\\\/\\\/yasminfood.ch\\\/de\\\/produkt-kategorie\\\/konserven-lebensmittel\\\/eingelegtes-gemuse\\\/\"},{\"@type\":\"ListItem\",\"position\":5,\"name\":\"Gemischte Gurken 1300g Sonnen\"}]},{\"@type\":\"WebSite\",\"@id\":\"https:\\\/\\\/yasminfood.ch\\\/de\\\/#website\",\"url\":\"https:\\\/\\\/yasminfood.ch\\\/de\\\/\",\"name\":\"\u064a\u0627\u0633\u0645\u064a\u0646 \u0645\u0627\u0631\u0643\u062a\",\"description\":\"Alles, was Sie brauchen, an einem Ort\",\"publisher\":{\"@id\":\"https:\\\/\\\/yasminfood.ch\\\/de\\\/#organization\"},\"alternateName\":\"Yasmin Food\",\"potentialAction\":[{\"@type\":\"SearchAction\",\"target\":{\"@type\":\"EntryPoint\",\"urlTemplate\":\"https:\\\/\\\/yasminfood.ch\\\/de\\\/?s={search_term_string}\"},\"query-input\":{\"@type\":\"PropertyValueSpecification\",\"valueRequired\":true,\"valueName\":\"search_term_string\"}}],\"inLanguage\":\"de\"},{\"@type\":\"Organization\",\"@id\":\"https:\\\/\\\/yasminfood.ch\\\/de\\\/#organization\",\"name\":\"\u064a\u0627\u0633\u0645\u064a\u0646 \u0645\u0627\u0631\u0643\u062a\",\"alternateName\":\"Yasmin Food\",\"url\":\"https:\\\/\\\/yasminfood.ch\\\/de\\\/\",\"logo\":{\"@type\":\"ImageObject\",\"inLanguage\":\"de\",\"@id\":\"https:\\\/\\\/yasminfood.ch\\\/de\\\/#\\\/schema\\\/logo\\\/image\\\/\",\"url\":\"https:\\\/\\\/yasminfood.ch\\\/wp-content\\\/uploads\\\/2025\\\/05\\\/yasmin-food-header-logo.png\",\"contentUrl\":\"https:\\\/\\\/yasminfood.ch\\\/wp-content\\\/uploads\\\/2025\\\/05\\\/yasmin-food-header-logo.png\",\"width\":330,\"height\":120,\"caption\":\"\u064a\u0627\u0633\u0645\u064a\u0646 \u0645\u0627\u0631\u0643\u062a\"},\"image\":{\"@id\":\"https:\\\/\\\/yasminfood.ch\\\/de\\\/#\\\/schema\\\/logo\\\/image\\\/\"},\"sameAs\":[\"https:\\\/\\\/www.facebook.com\\\/yasminmarkt1\",\"https:\\\/\\\/www.tiktok.com\\\/@yasminmarkt\",\"https:\\\/\\\/www.instagram.com\\\/yasmin.markt1\\\/\",\"https:\\\/\\\/api.whatsapp.com\\\/send\\\/?phone=41799000104\"],\"publishingPrinciples\":\"https:\\\/\\\/yasminfood.ch\\\/de\\\/shop\\\/\",\"ownershipFundingInfo\":\"https:\\\/\\\/yasminfood.ch\\\/de\\\/shop\\\/\"}]}<\/script>\n<meta property=\"product:price:amount\" content=\"7.95\" \/>\n<meta property=\"product:price:currency\" content=\"CHF\" \/>\n<meta property=\"og:availability\" content=\"instock\" \/>\n<meta property=\"product:availability\" content=\"instock\" \/>\n<meta property=\"product:condition\" content=\"new\" \/>\n<!-- \/ Yoast SEO Premium plugin. -->","yoast_head_json":{"title":"Gemischte Gurken 1300g Sonnen - Yasmin Food","description":"Genie\u00dfen Sie den Geschmack von gemischten Gurken 1300g Sonnenschein zu jeder Mahlzeit! Eine k\u00f6stliche Auswahl an Gem\u00fcse verleiht Ihrem Essen eine unverwechselbare Note. Probieren Sie es jetzt aus! Gemischte Gurken 1300g Sonnen","robots":{"index":"index","follow":"follow","max-snippet":"max-snippet:-1","max-image-preview":"max-image-preview:large","max-video-preview":"max-video-preview:-1"},"canonical":"https:\/\/yasminfood.ch\/de\/product\/gemischte-gurken-1300g-sonnen\/","og_locale":"de_DE","og_type":"article","og_title":"Gemischte Gurken 1300g Sonnen","og_description":"Gemischte Gurken 1300g Sonnen   Sorgf\u00e4ltig ausgew\u00e4hlt und verpackt, um Ihnen zu jeder Mahlzeit einen knusprigen und k\u00f6stlichen Geschmack zu bieten.","og_url":"https:\/\/yasminfood.ch\/de\/product\/gemischte-gurken-1300g-sonnen\/","og_site_name":"Yasmin Food","article_publisher":"https:\/\/www.facebook.com\/yasminmarkt1","article_modified_time":"2025-06-28T22:11:45+00:00","og_image":[{"width":1024,"height":1024,"url":"https:\/\/yasminfood.ch\/wp-content\/uploads\/2025\/06\/\u0645\u062e\u0644\u0644-\u0645\u0634\u0643\u0644-1300\u063a-\u0634\u0645\u0633\u064a\u0646-1024x1024.png","type":"image\/png"}],"twitter_card":"summary_large_image","twitter_misc":{"Preis":"7.95&nbsp;&#67;&#72;&#70;","Verf\u00fcgbarkeit":"Auf Lager"},"schema":{"@context":"https:\/\/schema.org","@graph":[{"@type":"WebPage","@id":"https:\/\/yasminfood.ch\/de\/product\/gemischte-gurken-1300g-sonnen\/","url":"https:\/\/yasminfood.ch\/de\/product\/gemischte-gurken-1300g-sonnen\/","name":"Gemischte Gurken 1300g Sonnen - Yasmin Food","isPartOf":{"@id":"https:\/\/yasminfood.ch\/de\/#website"},"primaryImageOfPage":{"@id":"https:\/\/yasminfood.ch\/de\/product\/gemischte-gurken-1300g-sonnen\/#primaryimage"},"image":{"@id":"https:\/\/yasminfood.ch\/de\/product\/gemischte-gurken-1300g-sonnen\/#primaryimage"},"thumbnailUrl":"https:\/\/yasminfood.ch\/wp-content\/uploads\/2025\/06\/\u0645\u062e\u0644\u0644-\u0645\u0634\u0643\u0644-1300\u063a-\u0634\u0645\u0633\u064a\u0646.png","datePublished":"2025-06-28T21:38:22+00:00","dateModified":"2025-06-28T22:11:45+00:00","description":"Genie\u00dfen Sie den Geschmack von gemischten Gurken 1300g Sonnenschein zu jeder Mahlzeit! Eine k\u00f6stliche Auswahl an Gem\u00fcse verleiht Ihrem Essen eine unverwechselbare Note. Probieren Sie es jetzt aus! Gemischte Gurken 1300g Sonnen","breadcrumb":{"@id":"https:\/\/yasminfood.ch\/de\/product\/gemischte-gurken-1300g-sonnen\/#breadcrumb"},"inLanguage":"de","potentialAction":[{"@type":"ReadAction","target":["https:\/\/yasminfood.ch\/de\/product\/gemischte-gurken-1300g-sonnen\/"]}]},{"@type":"ImageObject","inLanguage":"de","@id":"https:\/\/yasminfood.ch\/de\/product\/gemischte-gurken-1300g-sonnen\/#primaryimage","url":"https:\/\/yasminfood.ch\/wp-content\/uploads\/2025\/06\/\u0645\u062e\u0644\u0644-\u0645\u0634\u0643\u0644-1300\u063a-\u0634\u0645\u0633\u064a\u0646.png","contentUrl":"https:\/\/yasminfood.ch\/wp-content\/uploads\/2025\/06\/\u0645\u062e\u0644\u0644-\u0645\u0634\u0643\u0644-1300\u063a-\u0634\u0645\u0633\u064a\u0646.png","width":1890,"height":1890,"caption":"Gemischte Gurken 1300g Sonnen"},{"@type":"BreadcrumbList","@id":"https:\/\/yasminfood.ch\/de\/product\/gemischte-gurken-1300g-sonnen\/#breadcrumb","itemListElement":[{"@type":"ListItem","position":1,"name":"\u0627\u0644\u0631\u0626\u064a\u0633\u064a\u0629","item":"https:\/\/yasminfood.ch\/de\/zuhause\/"},{"@type":"ListItem","position":2,"name":"Shop","item":"https:\/\/yasminfood.ch\/de\/shop\/"},{"@type":"ListItem","position":3,"name":"Konserven - Lebensmittel","item":"https:\/\/yasminfood.ch\/de\/produkt-kategorie\/konserven-lebensmittel\/"},{"@type":"ListItem","position":4,"name":"Eingelegtes Gem\u00fcse","item":"https:\/\/yasminfood.ch\/de\/produkt-kategorie\/konserven-lebensmittel\/eingelegtes-gemuse\/"},{"@type":"ListItem","position":5,"name":"Gemischte Gurken 1300g Sonnen"}]},{"@type":"WebSite","@id":"https:\/\/yasminfood.ch\/de\/#website","url":"https:\/\/yasminfood.ch\/de\/","name":"\u064a\u0627\u0633\u0645\u064a\u0646 \u0645\u0627\u0631\u0643\u062a","description":"Alles, was Sie brauchen, an einem Ort","publisher":{"@id":"https:\/\/yasminfood.ch\/de\/#organization"},"alternateName":"Yasmin Food","potentialAction":[{"@type":"SearchAction","target":{"@type":"EntryPoint","urlTemplate":"https:\/\/yasminfood.ch\/de\/?s={search_term_string}"},"query-input":{"@type":"PropertyValueSpecification","valueRequired":true,"valueName":"search_term_string"}}],"inLanguage":"de"},{"@type":"Organization","@id":"https:\/\/yasminfood.ch\/de\/#organization","name":"\u064a\u0627\u0633\u0645\u064a\u0646 \u0645\u0627\u0631\u0643\u062a","alternateName":"Yasmin Food","url":"https:\/\/yasminfood.ch\/de\/","logo":{"@type":"ImageObject","inLanguage":"de","@id":"https:\/\/yasminfood.ch\/de\/#\/schema\/logo\/image\/","url":"https:\/\/yasminfood.ch\/wp-content\/uploads\/2025\/05\/yasmin-food-header-logo.png","contentUrl":"https:\/\/yasminfood.ch\/wp-content\/uploads\/2025\/05\/yasmin-food-header-logo.png","width":330,"height":120,"caption":"\u064a\u0627\u0633\u0645\u064a\u0646 \u0645\u0627\u0631\u0643\u062a"},"image":{"@id":"https:\/\/yasminfood.ch\/de\/#\/schema\/logo\/image\/"},"sameAs":["https:\/\/www.facebook.com\/yasminmarkt1","https:\/\/www.tiktok.com\/@yasminmarkt","https:\/\/www.instagram.com\/yasmin.markt1\/","https:\/\/api.whatsapp.com\/send\/?phone=41799000104"],"publishingPrinciples":"https:\/\/yasminfood.ch\/de\/shop\/","ownershipFundingInfo":"https:\/\/yasminfood.ch\/de\/shop\/"}]},"product_price_amount":"7.95","product_price_currency":"CHF","og_availability":"instock","product_availability":"instock","product_condition":"new"},"jetpack_sharing_enabled":true,"_links":{"self":[{"href":"https:\/\/yasminfood.ch\/de\/wp-json\/wp\/v2\/product\/118020","targetHints":{"allow":["GET"]}}],"collection":[{"href":"https:\/\/yasminfood.ch\/de\/wp-json\/wp\/v2\/product"}],"about":[{"href":"https:\/\/yasminfood.ch\/de\/wp-json\/wp\/v2\/types\/product"}],"replies":[{"embeddable":true,"href":"https:\/\/yasminfood.ch\/de\/wp-json\/wp\/v2\/comments?post=118020"}],"version-history":[{"count":0,"href":"https:\/\/yasminfood.ch\/de\/wp-json\/wp\/v2\/product\/118020\/revisions"}],"wp:featuredmedia":[{"embeddable":true,"href":"https:\/\/yasminfood.ch\/de\/wp-json\/wp\/v2\/media\/117941"}],"wp:attachment":[{"href":"https:\/\/yasminfood.ch\/de\/wp-json\/wp\/v2\/media?parent=118020"}],"wp:term":[{"taxonomy":"product_brand","embeddable":true,"href":"https:\/\/yasminfood.ch\/de\/wp-json\/wp\/v2\/product_brand?post=118020"},{"taxonomy":"product_cat","embeddable":true,"href":"https:\/\/yasminfood.ch\/de\/wp-json\/wp\/v2\/product_cat?post=118020"},{"taxonomy":"product_tag","embeddable":true,"href":"https:\/\/yasminfood.ch\/de\/wp-json\/wp\/v2\/product_tag?post=118020"}],"curies":[{"name":"wp","href":"https:\/\/api.w.org\/{rel}","templated":true}]}}