{"id":118022,"date":"2025-06-28T23:33:05","date_gmt":"2025-06-28T22:11:46","guid":{"rendered":"https:\/\/yasminfood.ch\/product\/gemahlener-schwarzer-pfeffer-500g-sheikh\/"},"modified":"2025-06-29T00:11:46","modified_gmt":"2025-06-28T22:11:46","slug":"gemahlener-schwarzer-pfeffer-500g-sheikh","status":"publish","type":"product","link":"https:\/\/yasminfood.ch\/de\/product\/gemahlener-schwarzer-pfeffer-500g-sheikh\/","title":{"rendered":"Gemahlener schwarzer Pfeffer 500g Sheikh"},"content":{"rendered":"<p><strong>Gemahlener schwarzer Pfeffer 500g Sheikh<\/strong><\/p>\n<ul>\n<li>\n<p data-start=\"151\" data-end=\"292\">Hohe Qualit\u00e4t, bekannt f\u00fcr sein aromatisches Aroma und seinen mild-w\u00fcrzigen Geschmack, der den Geschmack jeder Mahlzeit aufwertet. <\/p>\n<p data-start=\"294\" data-end=\"713\">\u2714\ufe0f <strong data-start=\"297\" data-end=\"319\">100% reiner schwarzer Pfeffer<\/strong> ohne jegliche Zusatzstoffe oder Konservierungsstoffe<br data-start=\"348\" data-end=\"351\">\u2714\ufe0f <strong data-start=\"354\" data-end=\"374\">Ein starker und aromatischer Geschmack<\/strong> , der all Ihren Gerichten eine moderate Sch\u00e4rfe und einen reichhaltigen Geschmack verleiht<br data-start=\"418\" data-end=\"421\">\u2714\ufe0f <strong data-start=\"424\" data-end=\"449\">Ideal f\u00fcr t\u00e4gliche Gew\u00fcrze<\/strong> wie Suppen, Fleisch, H\u00fchnchen, Salate und Saucen<br data-start=\"497\" data-end=\"500\">\u2714\ufe0f <strong data-start=\"503\" data-end=\"522\">Sehr fein gemahlen<\/strong> , der in Lebensmitteln leicht schmilzt und den Geschmack gleichm\u00e4\u00dfig verteilt<br data-start=\"569\" data-end=\"572\" data-is-only-node=\"\">\u2714\ufe0f <strong data-start=\"575\" data-end=\"598\">Luftdichte F\u00fcllung, um<\/strong> die Frische und das starke Aroma so lange wie m\u00f6glich zu erhalten<br data-start=\"650\" data-end=\"653\">\u2714\ufe0f <strong data-start=\"656\" data-end=\"680\">Wirtschaftliches Gewicht 500 g<\/strong> , geeignet f\u00fcr den Heimgebrauch und Restaurants <\/p>\n<p data-start=\"715\" data-end=\"845\">\ud83d\udd38 <strong data-start=\"718\" data-end=\"731\">Zutaten:<\/strong> 100% nat\u00fcrlicher gemahlener schwarzer Pfeffer.<br data-start=\"759\" data-end=\"762\">\ud83d\udd38 <strong data-start=\"765\" data-end=\"779\">Anwendung:<\/strong> W\u00e4hrend oder unmittelbar nach dem Kochen hinzuf\u00fcgen, um den starken und aromatischen Geschmack zu erhalten.<\/p>\n<\/li>\n<\/ul>\n","protected":false},"excerpt":{"rendered":"<p><strong>Gemahlener schwarzer Pfeffer 500g Sheikh<\/strong><\/p>\n<ul>\n<li>\n<p data-start=\"151\" data-end=\"292\">Hohe Qualit\u00e4t, bekannt f\u00fcr sein aromatisches Aroma und seinen mild-w\u00fcrzigen Geschmack, der den Geschmack jeder Mahlzeit aufwertet. <\/p>\n<p data-start=\"294\" data-end=\"713\">\n<\/li>\n<\/ul>\n","protected":false},"featured_media":117932,"comment_status":"open","ping_status":"closed","template":"","meta":[],"product_brand":[],"product_cat":[360,356],"product_tag":[],"class_list":{"0":"post-118022","1":"product","2":"type-product","3":"status-publish","4":"has-post-thumbnail","6":"product_cat-gewurze","7":"product_cat-gewuerze-nuesse","9":"first","10":"instock","11":"taxable","12":"shipping-taxable","13":"purchasable","14":"product-type-simple"},"yoast_head":"<!-- This site is optimized with the Yoast SEO Premium plugin v26.5 (Yoast SEO v27.3) - https:\/\/yoast.com\/product\/yoast-seo-premium-wordpress\/ -->\n<title>Gemahlener schwarzer Pfeffer 500g Sheikh - Yasmin Food<\/title>\n<meta name=\"description\" content=\"Genie\u00dfen Sie den Geschmack von hochwertigem gemahlenem schwarzem Pfeffer 500g Sheikh zu jeder Mahlzeit. Probieren Sie es jetzt aus und verleihen Sie Ihren Lieblingsgerichten eine unverwechselbare Note! Yasmin Food Gemahlener schwarzer Pfeffer 500g Sheikh\" \/>\n<meta name=\"robots\" content=\"index, follow, max-snippet:-1, max-image-preview:large, max-video-preview:-1\" \/>\n<link rel=\"canonical\" href=\"https:\/\/yasminfood.ch\/de\/product\/gemahlener-schwarzer-pfeffer-500g-sheikh\/\" \/>\n<meta property=\"og:locale\" content=\"de_DE\" \/>\n<meta property=\"og:type\" content=\"article\" \/>\n<meta property=\"og:title\" content=\"Gemahlener schwarzer Pfeffer 500g Sheikh\" \/>\n<meta property=\"og:description\" content=\"Gemahlener schwarzer Pfeffer 500g Sheikh   Hohe Qualit\u00e4t, bekannt f\u00fcr sein aromatisches Aroma und seinen mild-w\u00fcrzigen Geschmack, der den Geschmack jeder Mahlzeit aufwertet.\" \/>\n<meta property=\"og:url\" content=\"https:\/\/yasminfood.ch\/de\/product\/gemahlener-schwarzer-pfeffer-500g-sheikh\/\" \/>\n<meta property=\"og:site_name\" content=\"Yasmin Food\" \/>\n<meta property=\"article:publisher\" content=\"https:\/\/www.facebook.com\/yasminmarkt1\" \/>\n<meta property=\"og:image\" content=\"https:\/\/yasminfood.ch\/wp-content\/uploads\/2025\/06\/\u0641\u0644\u0641\u0644-\u0627\u0633\u0648\u062f-\u0645\u0637\u062d\u0648\u0646-500\u063a-\u0627\u0644\u0634\u064a\u062e--1024x1024.png\" \/>\n\t<meta property=\"og:image:width\" content=\"1024\" \/>\n\t<meta property=\"og:image:height\" content=\"1024\" \/>\n\t<meta property=\"og:image:type\" content=\"image\/png\" \/>\n<meta name=\"twitter:card\" content=\"summary_large_image\" \/>\n<meta name=\"twitter:label1\" content=\"Preis\" \/>\n\t<meta name=\"twitter:data1\" content=\"14.95&nbsp;&#067;&#072;&#070;\" \/>\n\t<meta name=\"twitter:label2\" content=\"Verf\u00fcgbarkeit\" \/>\n\t<meta name=\"twitter:data2\" content=\"Auf Lager\" \/>\n<script type=\"application\/ld+json\" class=\"yoast-schema-graph\">{\"@context\":\"https:\\\/\\\/schema.org\",\"@graph\":[{\"@type\":\"WebPage\",\"@id\":\"https:\\\/\\\/yasminfood.ch\\\/de\\\/product\\\/gemahlener-schwarzer-pfeffer-500g-sheikh\\\/\",\"url\":\"https:\\\/\\\/yasminfood.ch\\\/de\\\/product\\\/gemahlener-schwarzer-pfeffer-500g-sheikh\\\/\",\"name\":\"Gemahlener schwarzer Pfeffer 500g Sheikh - Yasmin Food\",\"isPartOf\":{\"@id\":\"https:\\\/\\\/yasminfood.ch\\\/de\\\/#website\"},\"primaryImageOfPage\":{\"@id\":\"https:\\\/\\\/yasminfood.ch\\\/de\\\/product\\\/gemahlener-schwarzer-pfeffer-500g-sheikh\\\/#primaryimage\"},\"image\":{\"@id\":\"https:\\\/\\\/yasminfood.ch\\\/de\\\/product\\\/gemahlener-schwarzer-pfeffer-500g-sheikh\\\/#primaryimage\"},\"thumbnailUrl\":\"https:\\\/\\\/yasminfood.ch\\\/wp-content\\\/uploads\\\/2025\\\/06\\\/\u0641\u0644\u0641\u0644-\u0627\u0633\u0648\u062f-\u0645\u0637\u062d\u0648\u0646-500\u063a-\u0627\u0644\u0634\u064a\u062e-.png\",\"datePublished\":\"2025-06-28T22:11:46+00:00\",\"description\":\"Genie\u00dfen Sie den Geschmack von hochwertigem gemahlenem schwarzem Pfeffer 500g Sheikh zu jeder Mahlzeit. Probieren Sie es jetzt aus und verleihen Sie Ihren Lieblingsgerichten eine unverwechselbare Note! Yasmin Food Gemahlener schwarzer Pfeffer 500g Sheikh\",\"breadcrumb\":{\"@id\":\"https:\\\/\\\/yasminfood.ch\\\/de\\\/product\\\/gemahlener-schwarzer-pfeffer-500g-sheikh\\\/#breadcrumb\"},\"inLanguage\":\"de\",\"potentialAction\":[{\"@type\":\"ReadAction\",\"target\":[\"https:\\\/\\\/yasminfood.ch\\\/de\\\/product\\\/gemahlener-schwarzer-pfeffer-500g-sheikh\\\/\"]}]},{\"@type\":\"ImageObject\",\"inLanguage\":\"de\",\"@id\":\"https:\\\/\\\/yasminfood.ch\\\/de\\\/product\\\/gemahlener-schwarzer-pfeffer-500g-sheikh\\\/#primaryimage\",\"url\":\"https:\\\/\\\/yasminfood.ch\\\/wp-content\\\/uploads\\\/2025\\\/06\\\/\u0641\u0644\u0641\u0644-\u0627\u0633\u0648\u062f-\u0645\u0637\u062d\u0648\u0646-500\u063a-\u0627\u0644\u0634\u064a\u062e-.png\",\"contentUrl\":\"https:\\\/\\\/yasminfood.ch\\\/wp-content\\\/uploads\\\/2025\\\/06\\\/\u0641\u0644\u0641\u0644-\u0627\u0633\u0648\u062f-\u0645\u0637\u062d\u0648\u0646-500\u063a-\u0627\u0644\u0634\u064a\u062e-.png\",\"width\":1890,\"height\":1890,\"caption\":\"Gemahlener schwarzer Pfeffer 500g Sheikh\"},{\"@type\":\"BreadcrumbList\",\"@id\":\"https:\\\/\\\/yasminfood.ch\\\/de\\\/product\\\/gemahlener-schwarzer-pfeffer-500g-sheikh\\\/#breadcrumb\",\"itemListElement\":[{\"@type\":\"ListItem\",\"position\":1,\"name\":\"\u0627\u0644\u0631\u0626\u064a\u0633\u064a\u0629\",\"item\":\"https:\\\/\\\/yasminfood.ch\\\/de\\\/zuhause\\\/\"},{\"@type\":\"ListItem\",\"position\":2,\"name\":\"Shop\",\"item\":\"https:\\\/\\\/yasminfood.ch\\\/de\\\/shop\\\/\"},{\"@type\":\"ListItem\",\"position\":3,\"name\":\"Gew\u00fcrze &amp; N\u00fcsse\",\"item\":\"https:\\\/\\\/yasminfood.ch\\\/de\\\/produkt-kategorie\\\/gewuerze-nuesse\\\/\"},{\"@type\":\"ListItem\",\"position\":4,\"name\":\"Gemahlener schwarzer Pfeffer 500g Sheikh\"}]},{\"@type\":\"WebSite\",\"@id\":\"https:\\\/\\\/yasminfood.ch\\\/de\\\/#website\",\"url\":\"https:\\\/\\\/yasminfood.ch\\\/de\\\/\",\"name\":\"\u064a\u0627\u0633\u0645\u064a\u0646 \u0645\u0627\u0631\u0643\u062a\",\"description\":\"Alles, was Sie brauchen, an einem Ort\",\"publisher\":{\"@id\":\"https:\\\/\\\/yasminfood.ch\\\/de\\\/#organization\"},\"alternateName\":\"Yasmin Food\",\"potentialAction\":[{\"@type\":\"SearchAction\",\"target\":{\"@type\":\"EntryPoint\",\"urlTemplate\":\"https:\\\/\\\/yasminfood.ch\\\/de\\\/?s={search_term_string}\"},\"query-input\":{\"@type\":\"PropertyValueSpecification\",\"valueRequired\":true,\"valueName\":\"search_term_string\"}}],\"inLanguage\":\"de\"},{\"@type\":\"Organization\",\"@id\":\"https:\\\/\\\/yasminfood.ch\\\/de\\\/#organization\",\"name\":\"\u064a\u0627\u0633\u0645\u064a\u0646 \u0645\u0627\u0631\u0643\u062a\",\"alternateName\":\"Yasmin Food\",\"url\":\"https:\\\/\\\/yasminfood.ch\\\/de\\\/\",\"logo\":{\"@type\":\"ImageObject\",\"inLanguage\":\"de\",\"@id\":\"https:\\\/\\\/yasminfood.ch\\\/de\\\/#\\\/schema\\\/logo\\\/image\\\/\",\"url\":\"https:\\\/\\\/yasminfood.ch\\\/wp-content\\\/uploads\\\/2025\\\/05\\\/yasmin-food-header-logo.png\",\"contentUrl\":\"https:\\\/\\\/yasminfood.ch\\\/wp-content\\\/uploads\\\/2025\\\/05\\\/yasmin-food-header-logo.png\",\"width\":330,\"height\":120,\"caption\":\"\u064a\u0627\u0633\u0645\u064a\u0646 \u0645\u0627\u0631\u0643\u062a\"},\"image\":{\"@id\":\"https:\\\/\\\/yasminfood.ch\\\/de\\\/#\\\/schema\\\/logo\\\/image\\\/\"},\"sameAs\":[\"https:\\\/\\\/www.facebook.com\\\/yasminmarkt1\",\"https:\\\/\\\/www.tiktok.com\\\/@yasminmarkt\",\"https:\\\/\\\/www.instagram.com\\\/yasmin.markt1\\\/\",\"https:\\\/\\\/api.whatsapp.com\\\/send\\\/?phone=41799000104\"],\"publishingPrinciples\":\"https:\\\/\\\/yasminfood.ch\\\/de\\\/shop\\\/\",\"ownershipFundingInfo\":\"https:\\\/\\\/yasminfood.ch\\\/de\\\/shop\\\/\"}]}<\/script>\n<meta property=\"product:price:amount\" content=\"14.95\" \/>\n<meta property=\"product:price:currency\" content=\"CHF\" \/>\n<meta property=\"og:availability\" content=\"instock\" \/>\n<meta property=\"product:availability\" content=\"instock\" \/>\n<meta property=\"product:condition\" content=\"new\" \/>\n<!-- \/ Yoast SEO Premium plugin. -->","yoast_head_json":{"title":"Gemahlener schwarzer Pfeffer 500g Sheikh - Yasmin Food","description":"Genie\u00dfen Sie den Geschmack von hochwertigem gemahlenem schwarzem Pfeffer 500g Sheikh zu jeder Mahlzeit. Probieren Sie es jetzt aus und verleihen Sie Ihren Lieblingsgerichten eine unverwechselbare Note! Yasmin Food Gemahlener schwarzer Pfeffer 500g Sheikh","robots":{"index":"index","follow":"follow","max-snippet":"max-snippet:-1","max-image-preview":"max-image-preview:large","max-video-preview":"max-video-preview:-1"},"canonical":"https:\/\/yasminfood.ch\/de\/product\/gemahlener-schwarzer-pfeffer-500g-sheikh\/","og_locale":"de_DE","og_type":"article","og_title":"Gemahlener schwarzer Pfeffer 500g Sheikh","og_description":"Gemahlener schwarzer Pfeffer 500g Sheikh   Hohe Qualit\u00e4t, bekannt f\u00fcr sein aromatisches Aroma und seinen mild-w\u00fcrzigen Geschmack, der den Geschmack jeder Mahlzeit aufwertet.","og_url":"https:\/\/yasminfood.ch\/de\/product\/gemahlener-schwarzer-pfeffer-500g-sheikh\/","og_site_name":"Yasmin Food","article_publisher":"https:\/\/www.facebook.com\/yasminmarkt1","og_image":[{"width":1024,"height":1024,"url":"https:\/\/yasminfood.ch\/wp-content\/uploads\/2025\/06\/\u0641\u0644\u0641\u0644-\u0627\u0633\u0648\u062f-\u0645\u0637\u062d\u0648\u0646-500\u063a-\u0627\u0644\u0634\u064a\u062e--1024x1024.png","type":"image\/png"}],"twitter_card":"summary_large_image","twitter_misc":{"Preis":"14.95&nbsp;&#67;&#72;&#70;","Verf\u00fcgbarkeit":"Auf Lager"},"schema":{"@context":"https:\/\/schema.org","@graph":[{"@type":"WebPage","@id":"https:\/\/yasminfood.ch\/de\/product\/gemahlener-schwarzer-pfeffer-500g-sheikh\/","url":"https:\/\/yasminfood.ch\/de\/product\/gemahlener-schwarzer-pfeffer-500g-sheikh\/","name":"Gemahlener schwarzer Pfeffer 500g Sheikh - Yasmin Food","isPartOf":{"@id":"https:\/\/yasminfood.ch\/de\/#website"},"primaryImageOfPage":{"@id":"https:\/\/yasminfood.ch\/de\/product\/gemahlener-schwarzer-pfeffer-500g-sheikh\/#primaryimage"},"image":{"@id":"https:\/\/yasminfood.ch\/de\/product\/gemahlener-schwarzer-pfeffer-500g-sheikh\/#primaryimage"},"thumbnailUrl":"https:\/\/yasminfood.ch\/wp-content\/uploads\/2025\/06\/\u0641\u0644\u0641\u0644-\u0627\u0633\u0648\u062f-\u0645\u0637\u062d\u0648\u0646-500\u063a-\u0627\u0644\u0634\u064a\u062e-.png","datePublished":"2025-06-28T22:11:46+00:00","description":"Genie\u00dfen Sie den Geschmack von hochwertigem gemahlenem schwarzem Pfeffer 500g Sheikh zu jeder Mahlzeit. Probieren Sie es jetzt aus und verleihen Sie Ihren Lieblingsgerichten eine unverwechselbare Note! Yasmin Food Gemahlener schwarzer Pfeffer 500g Sheikh","breadcrumb":{"@id":"https:\/\/yasminfood.ch\/de\/product\/gemahlener-schwarzer-pfeffer-500g-sheikh\/#breadcrumb"},"inLanguage":"de","potentialAction":[{"@type":"ReadAction","target":["https:\/\/yasminfood.ch\/de\/product\/gemahlener-schwarzer-pfeffer-500g-sheikh\/"]}]},{"@type":"ImageObject","inLanguage":"de","@id":"https:\/\/yasminfood.ch\/de\/product\/gemahlener-schwarzer-pfeffer-500g-sheikh\/#primaryimage","url":"https:\/\/yasminfood.ch\/wp-content\/uploads\/2025\/06\/\u0641\u0644\u0641\u0644-\u0627\u0633\u0648\u062f-\u0645\u0637\u062d\u0648\u0646-500\u063a-\u0627\u0644\u0634\u064a\u062e-.png","contentUrl":"https:\/\/yasminfood.ch\/wp-content\/uploads\/2025\/06\/\u0641\u0644\u0641\u0644-\u0627\u0633\u0648\u062f-\u0645\u0637\u062d\u0648\u0646-500\u063a-\u0627\u0644\u0634\u064a\u062e-.png","width":1890,"height":1890,"caption":"Gemahlener schwarzer Pfeffer 500g Sheikh"},{"@type":"BreadcrumbList","@id":"https:\/\/yasminfood.ch\/de\/product\/gemahlener-schwarzer-pfeffer-500g-sheikh\/#breadcrumb","itemListElement":[{"@type":"ListItem","position":1,"name":"\u0627\u0644\u0631\u0626\u064a\u0633\u064a\u0629","item":"https:\/\/yasminfood.ch\/de\/zuhause\/"},{"@type":"ListItem","position":2,"name":"Shop","item":"https:\/\/yasminfood.ch\/de\/shop\/"},{"@type":"ListItem","position":3,"name":"Gew\u00fcrze &amp; N\u00fcsse","item":"https:\/\/yasminfood.ch\/de\/produkt-kategorie\/gewuerze-nuesse\/"},{"@type":"ListItem","position":4,"name":"Gemahlener schwarzer Pfeffer 500g Sheikh"}]},{"@type":"WebSite","@id":"https:\/\/yasminfood.ch\/de\/#website","url":"https:\/\/yasminfood.ch\/de\/","name":"\u064a\u0627\u0633\u0645\u064a\u0646 \u0645\u0627\u0631\u0643\u062a","description":"Alles, was Sie brauchen, an einem Ort","publisher":{"@id":"https:\/\/yasminfood.ch\/de\/#organization"},"alternateName":"Yasmin Food","potentialAction":[{"@type":"SearchAction","target":{"@type":"EntryPoint","urlTemplate":"https:\/\/yasminfood.ch\/de\/?s={search_term_string}"},"query-input":{"@type":"PropertyValueSpecification","valueRequired":true,"valueName":"search_term_string"}}],"inLanguage":"de"},{"@type":"Organization","@id":"https:\/\/yasminfood.ch\/de\/#organization","name":"\u064a\u0627\u0633\u0645\u064a\u0646 \u0645\u0627\u0631\u0643\u062a","alternateName":"Yasmin Food","url":"https:\/\/yasminfood.ch\/de\/","logo":{"@type":"ImageObject","inLanguage":"de","@id":"https:\/\/yasminfood.ch\/de\/#\/schema\/logo\/image\/","url":"https:\/\/yasminfood.ch\/wp-content\/uploads\/2025\/05\/yasmin-food-header-logo.png","contentUrl":"https:\/\/yasminfood.ch\/wp-content\/uploads\/2025\/05\/yasmin-food-header-logo.png","width":330,"height":120,"caption":"\u064a\u0627\u0633\u0645\u064a\u0646 \u0645\u0627\u0631\u0643\u062a"},"image":{"@id":"https:\/\/yasminfood.ch\/de\/#\/schema\/logo\/image\/"},"sameAs":["https:\/\/www.facebook.com\/yasminmarkt1","https:\/\/www.tiktok.com\/@yasminmarkt","https:\/\/www.instagram.com\/yasmin.markt1\/","https:\/\/api.whatsapp.com\/send\/?phone=41799000104"],"publishingPrinciples":"https:\/\/yasminfood.ch\/de\/shop\/","ownershipFundingInfo":"https:\/\/yasminfood.ch\/de\/shop\/"}]},"product_price_amount":"14.95","product_price_currency":"CHF","og_availability":"instock","product_availability":"instock","product_condition":"new"},"jetpack_sharing_enabled":true,"_links":{"self":[{"href":"https:\/\/yasminfood.ch\/de\/wp-json\/wp\/v2\/product\/118022","targetHints":{"allow":["GET"]}}],"collection":[{"href":"https:\/\/yasminfood.ch\/de\/wp-json\/wp\/v2\/product"}],"about":[{"href":"https:\/\/yasminfood.ch\/de\/wp-json\/wp\/v2\/types\/product"}],"replies":[{"embeddable":true,"href":"https:\/\/yasminfood.ch\/de\/wp-json\/wp\/v2\/comments?post=118022"}],"version-history":[{"count":0,"href":"https:\/\/yasminfood.ch\/de\/wp-json\/wp\/v2\/product\/118022\/revisions"}],"wp:featuredmedia":[{"embeddable":true,"href":"https:\/\/yasminfood.ch\/de\/wp-json\/wp\/v2\/media\/117932"}],"wp:attachment":[{"href":"https:\/\/yasminfood.ch\/de\/wp-json\/wp\/v2\/media?parent=118022"}],"wp:term":[{"taxonomy":"product_brand","embeddable":true,"href":"https:\/\/yasminfood.ch\/de\/wp-json\/wp\/v2\/product_brand?post=118022"},{"taxonomy":"product_cat","embeddable":true,"href":"https:\/\/yasminfood.ch\/de\/wp-json\/wp\/v2\/product_cat?post=118022"},{"taxonomy":"product_tag","embeddable":true,"href":"https:\/\/yasminfood.ch\/de\/wp-json\/wp\/v2\/product_tag?post=118022"}],"curies":[{"name":"wp","href":"https:\/\/api.w.org\/{rel}","templated":true}]}}