{"id":118024,"date":"2025-06-28T23:30:08","date_gmt":"2025-06-28T21:30:08","guid":{"rendered":"https:\/\/yasminfood.ch\/product\/gemahlener-kardamom-extra-500g-sheikh\/"},"modified":"2025-06-29T00:11:48","modified_gmt":"2025-06-28T22:11:48","slug":"gemahlener-kardamom-extra-500g-sheikh","status":"publish","type":"product","link":"https:\/\/yasminfood.ch\/de\/product\/gemahlener-kardamom-extra-500g-sheikh\/","title":{"rendered":"Gemahlener Kardamom Extra 500g Sheikh"},"content":{"rendered":"<p data-start=\"154\" data-end=\"288\"><strong>Gemahlener Kardamom Extra 500g Sheikh<\/strong><\/p>\n<ul>\n<li data-start=\"154\" data-end=\"288\">Hohe Qualit\u00e4t, bekannt f\u00fcr sein unverwechselbares Aroma und seinen authentischen orientalischen Geschmack. <\/li>\n<\/ul>\n<p data-start=\"290\" data-end=\"674\">\u2714\ufe0f<strong> Hal Extra ist 100% rein <\/strong>ohne jegliche Zusatzstoffe oder Konservierungsstoffe<br data-start=\"345\" data-end=\"348\">\u2714\ufe0f <strong data-start=\"351\" data-end=\"376\">Ein unverwechselbarer starker Geschmack und ein Aroma<\/strong> , das die Qualit\u00e4t von Kaffee, S\u00fc\u00dfigkeiten und orientalischer K\u00fcche hebt<br data-start=\"422\" data-end=\"425\">\u2714\ufe0f  <strong data-start=\"428\" data-end=\"491\">Wird f\u00fcr arabischen Kaffee, S\u00fc\u00dfigkeiten, Reis und orientalische K\u00fcche verwendet <\/strong><br data-start=\"491\" data-end=\"494\">\u2714\ufe0f <strong data-start=\"497\" data-end=\"516\">Sehr fein gemahlen<\/strong> , um sich leicht mit all Ihren Rezepten zu mischen<br data-start=\"545\" data-end=\"548\">\u2714\ufe0f <strong data-start=\"551\" data-end=\"566\">Dichte F\u00fcllung<\/strong> , um Frische und Aroma so lange wie m\u00f6glich zu erhalten<br data-start=\"611\" data-end=\"614\">\u2714\ufe0f <strong data-start=\"617\" data-end=\"641\">Wirtschaftliches Gewicht 500 g<\/strong> geeignet f\u00fcr den Heim- und Restaurantgebrauch<\/p>\n<p data-start=\"676\" data-end=\"827\">\ud83d\udd38 <strong data-start=\"679\" data-end=\"692\">Zutaten:<\/strong> 100% nat\u00fcrlicher gemahlener Kardamom extra.<br data-start=\"721\" data-end=\"724\">\ud83d\udd38 <strong data-start=\"727\" data-end=\"741\">Verwendung:<\/strong> F\u00fcgen Sie es zu arabischem Kaffee oder orientalischen S\u00fc\u00dfigkeiten wie Maamoul und Baklava hinzu, um einen reichhaltigen aromatischen Geschmack hinzuzuf\u00fcgen.<\/p>\n","protected":false},"excerpt":{"rendered":"<p data-start=\"154\" data-end=\"288\"><strong>Gemahlener Kardamom Extra 500g Sheikh<\/strong><\/p>\n<ul>\n<li data-start=\"154\" data-end=\"288\">Hohe Qualit\u00e4t, bekannt f\u00fcr sein unverwechselbares Aroma und seinen authentischen orientalischen Geschmack. <\/li>\n<\/ul>\n<p data-start=\"290\" data-end=\"674\">\n","protected":false},"featured_media":117935,"comment_status":"open","ping_status":"closed","template":"","meta":[],"product_brand":[],"product_cat":[360,356],"product_tag":[],"class_list":{"0":"post-118024","1":"product","2":"type-product","3":"status-publish","4":"has-post-thumbnail","6":"product_cat-gewurze","7":"product_cat-gewuerze-nuesse","9":"first","10":"instock","11":"taxable","12":"shipping-taxable","13":"purchasable","14":"product-type-simple"},"yoast_head":"<!-- This site is optimized with the Yoast SEO Premium plugin v26.5 (Yoast SEO v27.3) - https:\/\/yoast.com\/product\/yoast-seo-premium-wordpress\/ -->\n<title>Gemahlener Kardamom Extra 500g Sheikh - Yasmin Food<\/title>\n<meta name=\"description\" content=\"Genie\u00dfen Sie das Aroma und den Geschmack von gemahlenem Kardamom extra 500g Al Sheikh Al Fareed. Perfekt f\u00fcr Kaffee und Desserts, bestellen Sie es jetzt, um Ihre Aromen zu verbessern! Yasmin Food Gemahlener Kardamom Extra 500g Sheikh\" \/>\n<meta name=\"robots\" content=\"index, follow, max-snippet:-1, max-image-preview:large, max-video-preview:-1\" \/>\n<link rel=\"canonical\" href=\"https:\/\/yasminfood.ch\/de\/product\/gemahlener-kardamom-extra-500g-sheikh\/\" \/>\n<meta property=\"og:locale\" content=\"de_DE\" \/>\n<meta property=\"og:type\" content=\"article\" \/>\n<meta property=\"og:title\" content=\"Gemahlener Kardamom Extra 500g Sheikh\" \/>\n<meta property=\"og:description\" content=\"Gemahlener Kardamom Extra 500g Sheikh   Hohe Qualit\u00e4t, bekannt f\u00fcr sein unverwechselbares Aroma und seinen authentischen orientalischen Geschmack.\" \/>\n<meta property=\"og:url\" content=\"https:\/\/yasminfood.ch\/de\/product\/gemahlener-kardamom-extra-500g-sheikh\/\" \/>\n<meta property=\"og:site_name\" content=\"Yasmin Food\" \/>\n<meta property=\"article:publisher\" content=\"https:\/\/www.facebook.com\/yasminmarkt1\" \/>\n<meta property=\"article:modified_time\" content=\"2025-06-28T22:11:48+00:00\" \/>\n<meta property=\"og:image\" content=\"https:\/\/yasminfood.ch\/wp-content\/uploads\/2025\/06\/\u0647\u0627\u0644-\u0627\u0643\u0633\u062a\u0631\u0627-\u0645\u0637\u062d\u0648\u0646-500\u063a-\u0627\u0644\u0634\u064a\u062e--1024x1024.png\" \/>\n\t<meta property=\"og:image:width\" content=\"1024\" \/>\n\t<meta property=\"og:image:height\" content=\"1024\" \/>\n\t<meta property=\"og:image:type\" content=\"image\/png\" \/>\n<meta name=\"twitter:card\" content=\"summary_large_image\" \/>\n<meta name=\"twitter:label1\" content=\"Preis\" \/>\n\t<meta name=\"twitter:data1\" content=\"39.95&nbsp;&#067;&#072;&#070;\" \/>\n\t<meta name=\"twitter:label2\" content=\"Verf\u00fcgbarkeit\" \/>\n\t<meta name=\"twitter:data2\" content=\"Auf Lager\" \/>\n<script type=\"application\/ld+json\" class=\"yoast-schema-graph\">{\"@context\":\"https:\\\/\\\/schema.org\",\"@graph\":[{\"@type\":\"WebPage\",\"@id\":\"https:\\\/\\\/yasminfood.ch\\\/de\\\/product\\\/gemahlener-kardamom-extra-500g-sheikh\\\/\",\"url\":\"https:\\\/\\\/yasminfood.ch\\\/de\\\/product\\\/gemahlener-kardamom-extra-500g-sheikh\\\/\",\"name\":\"Gemahlener Kardamom Extra 500g Sheikh - Yasmin Food\",\"isPartOf\":{\"@id\":\"https:\\\/\\\/yasminfood.ch\\\/de\\\/#website\"},\"primaryImageOfPage\":{\"@id\":\"https:\\\/\\\/yasminfood.ch\\\/de\\\/product\\\/gemahlener-kardamom-extra-500g-sheikh\\\/#primaryimage\"},\"image\":{\"@id\":\"https:\\\/\\\/yasminfood.ch\\\/de\\\/product\\\/gemahlener-kardamom-extra-500g-sheikh\\\/#primaryimage\"},\"thumbnailUrl\":\"https:\\\/\\\/yasminfood.ch\\\/wp-content\\\/uploads\\\/2025\\\/06\\\/\u0647\u0627\u0644-\u0627\u0643\u0633\u062a\u0631\u0627-\u0645\u0637\u062d\u0648\u0646-500\u063a-\u0627\u0644\u0634\u064a\u062e-.png\",\"datePublished\":\"2025-06-28T21:30:08+00:00\",\"dateModified\":\"2025-06-28T22:11:48+00:00\",\"description\":\"Genie\u00dfen Sie das Aroma und den Geschmack von gemahlenem Kardamom extra 500g Al Sheikh Al Fareed. Perfekt f\u00fcr Kaffee und Desserts, bestellen Sie es jetzt, um Ihre Aromen zu verbessern! Yasmin Food Gemahlener Kardamom Extra 500g Sheikh\",\"breadcrumb\":{\"@id\":\"https:\\\/\\\/yasminfood.ch\\\/de\\\/product\\\/gemahlener-kardamom-extra-500g-sheikh\\\/#breadcrumb\"},\"inLanguage\":\"de\",\"potentialAction\":[{\"@type\":\"ReadAction\",\"target\":[\"https:\\\/\\\/yasminfood.ch\\\/de\\\/product\\\/gemahlener-kardamom-extra-500g-sheikh\\\/\"]}]},{\"@type\":\"ImageObject\",\"inLanguage\":\"de\",\"@id\":\"https:\\\/\\\/yasminfood.ch\\\/de\\\/product\\\/gemahlener-kardamom-extra-500g-sheikh\\\/#primaryimage\",\"url\":\"https:\\\/\\\/yasminfood.ch\\\/wp-content\\\/uploads\\\/2025\\\/06\\\/\u0647\u0627\u0644-\u0627\u0643\u0633\u062a\u0631\u0627-\u0645\u0637\u062d\u0648\u0646-500\u063a-\u0627\u0644\u0634\u064a\u062e-.png\",\"contentUrl\":\"https:\\\/\\\/yasminfood.ch\\\/wp-content\\\/uploads\\\/2025\\\/06\\\/\u0647\u0627\u0644-\u0627\u0643\u0633\u062a\u0631\u0627-\u0645\u0637\u062d\u0648\u0646-500\u063a-\u0627\u0644\u0634\u064a\u062e-.png\",\"width\":1890,\"height\":1890,\"caption\":\"Gemahlener Kardamom Extra 500g Sheikh\"},{\"@type\":\"BreadcrumbList\",\"@id\":\"https:\\\/\\\/yasminfood.ch\\\/de\\\/product\\\/gemahlener-kardamom-extra-500g-sheikh\\\/#breadcrumb\",\"itemListElement\":[{\"@type\":\"ListItem\",\"position\":1,\"name\":\"\u0627\u0644\u0631\u0626\u064a\u0633\u064a\u0629\",\"item\":\"https:\\\/\\\/yasminfood.ch\\\/de\\\/zuhause\\\/\"},{\"@type\":\"ListItem\",\"position\":2,\"name\":\"Shop\",\"item\":\"https:\\\/\\\/yasminfood.ch\\\/de\\\/shop\\\/\"},{\"@type\":\"ListItem\",\"position\":3,\"name\":\"Gew\u00fcrze &amp; N\u00fcsse\",\"item\":\"https:\\\/\\\/yasminfood.ch\\\/de\\\/produkt-kategorie\\\/gewuerze-nuesse\\\/\"},{\"@type\":\"ListItem\",\"position\":4,\"name\":\"Gemahlener Kardamom Extra 500g Sheikh\"}]},{\"@type\":\"WebSite\",\"@id\":\"https:\\\/\\\/yasminfood.ch\\\/de\\\/#website\",\"url\":\"https:\\\/\\\/yasminfood.ch\\\/de\\\/\",\"name\":\"\u064a\u0627\u0633\u0645\u064a\u0646 \u0645\u0627\u0631\u0643\u062a\",\"description\":\"Alles, was Sie brauchen, an einem Ort\",\"publisher\":{\"@id\":\"https:\\\/\\\/yasminfood.ch\\\/de\\\/#organization\"},\"alternateName\":\"Yasmin Food\",\"potentialAction\":[{\"@type\":\"SearchAction\",\"target\":{\"@type\":\"EntryPoint\",\"urlTemplate\":\"https:\\\/\\\/yasminfood.ch\\\/de\\\/?s={search_term_string}\"},\"query-input\":{\"@type\":\"PropertyValueSpecification\",\"valueRequired\":true,\"valueName\":\"search_term_string\"}}],\"inLanguage\":\"de\"},{\"@type\":\"Organization\",\"@id\":\"https:\\\/\\\/yasminfood.ch\\\/de\\\/#organization\",\"name\":\"\u064a\u0627\u0633\u0645\u064a\u0646 \u0645\u0627\u0631\u0643\u062a\",\"alternateName\":\"Yasmin Food\",\"url\":\"https:\\\/\\\/yasminfood.ch\\\/de\\\/\",\"logo\":{\"@type\":\"ImageObject\",\"inLanguage\":\"de\",\"@id\":\"https:\\\/\\\/yasminfood.ch\\\/de\\\/#\\\/schema\\\/logo\\\/image\\\/\",\"url\":\"https:\\\/\\\/yasminfood.ch\\\/wp-content\\\/uploads\\\/2025\\\/05\\\/yasmin-food-header-logo.png\",\"contentUrl\":\"https:\\\/\\\/yasminfood.ch\\\/wp-content\\\/uploads\\\/2025\\\/05\\\/yasmin-food-header-logo.png\",\"width\":330,\"height\":120,\"caption\":\"\u064a\u0627\u0633\u0645\u064a\u0646 \u0645\u0627\u0631\u0643\u062a\"},\"image\":{\"@id\":\"https:\\\/\\\/yasminfood.ch\\\/de\\\/#\\\/schema\\\/logo\\\/image\\\/\"},\"sameAs\":[\"https:\\\/\\\/www.facebook.com\\\/yasminmarkt1\",\"https:\\\/\\\/www.tiktok.com\\\/@yasminmarkt\",\"https:\\\/\\\/www.instagram.com\\\/yasmin.markt1\\\/\",\"https:\\\/\\\/api.whatsapp.com\\\/send\\\/?phone=41799000104\"],\"publishingPrinciples\":\"https:\\\/\\\/yasminfood.ch\\\/de\\\/shop\\\/\",\"ownershipFundingInfo\":\"https:\\\/\\\/yasminfood.ch\\\/de\\\/shop\\\/\"}]}<\/script>\n<meta property=\"product:price:amount\" content=\"39.95\" \/>\n<meta property=\"product:price:currency\" content=\"CHF\" \/>\n<meta property=\"og:availability\" content=\"instock\" \/>\n<meta property=\"product:availability\" content=\"instock\" \/>\n<meta property=\"product:condition\" content=\"new\" \/>\n<!-- \/ Yoast SEO Premium plugin. -->","yoast_head_json":{"title":"Gemahlener Kardamom Extra 500g Sheikh - Yasmin Food","description":"Genie\u00dfen Sie das Aroma und den Geschmack von gemahlenem Kardamom extra 500g Al Sheikh Al Fareed. Perfekt f\u00fcr Kaffee und Desserts, bestellen Sie es jetzt, um Ihre Aromen zu verbessern! Yasmin Food Gemahlener Kardamom Extra 500g Sheikh","robots":{"index":"index","follow":"follow","max-snippet":"max-snippet:-1","max-image-preview":"max-image-preview:large","max-video-preview":"max-video-preview:-1"},"canonical":"https:\/\/yasminfood.ch\/de\/product\/gemahlener-kardamom-extra-500g-sheikh\/","og_locale":"de_DE","og_type":"article","og_title":"Gemahlener Kardamom Extra 500g Sheikh","og_description":"Gemahlener Kardamom Extra 500g Sheikh   Hohe Qualit\u00e4t, bekannt f\u00fcr sein unverwechselbares Aroma und seinen authentischen orientalischen Geschmack.","og_url":"https:\/\/yasminfood.ch\/de\/product\/gemahlener-kardamom-extra-500g-sheikh\/","og_site_name":"Yasmin Food","article_publisher":"https:\/\/www.facebook.com\/yasminmarkt1","article_modified_time":"2025-06-28T22:11:48+00:00","og_image":[{"width":1024,"height":1024,"url":"https:\/\/yasminfood.ch\/wp-content\/uploads\/2025\/06\/\u0647\u0627\u0644-\u0627\u0643\u0633\u062a\u0631\u0627-\u0645\u0637\u062d\u0648\u0646-500\u063a-\u0627\u0644\u0634\u064a\u062e--1024x1024.png","type":"image\/png"}],"twitter_card":"summary_large_image","twitter_misc":{"Preis":"39.95&nbsp;&#67;&#72;&#70;","Verf\u00fcgbarkeit":"Auf Lager"},"schema":{"@context":"https:\/\/schema.org","@graph":[{"@type":"WebPage","@id":"https:\/\/yasminfood.ch\/de\/product\/gemahlener-kardamom-extra-500g-sheikh\/","url":"https:\/\/yasminfood.ch\/de\/product\/gemahlener-kardamom-extra-500g-sheikh\/","name":"Gemahlener Kardamom Extra 500g Sheikh - Yasmin Food","isPartOf":{"@id":"https:\/\/yasminfood.ch\/de\/#website"},"primaryImageOfPage":{"@id":"https:\/\/yasminfood.ch\/de\/product\/gemahlener-kardamom-extra-500g-sheikh\/#primaryimage"},"image":{"@id":"https:\/\/yasminfood.ch\/de\/product\/gemahlener-kardamom-extra-500g-sheikh\/#primaryimage"},"thumbnailUrl":"https:\/\/yasminfood.ch\/wp-content\/uploads\/2025\/06\/\u0647\u0627\u0644-\u0627\u0643\u0633\u062a\u0631\u0627-\u0645\u0637\u062d\u0648\u0646-500\u063a-\u0627\u0644\u0634\u064a\u062e-.png","datePublished":"2025-06-28T21:30:08+00:00","dateModified":"2025-06-28T22:11:48+00:00","description":"Genie\u00dfen Sie das Aroma und den Geschmack von gemahlenem Kardamom extra 500g Al Sheikh Al Fareed. Perfekt f\u00fcr Kaffee und Desserts, bestellen Sie es jetzt, um Ihre Aromen zu verbessern! Yasmin Food Gemahlener Kardamom Extra 500g Sheikh","breadcrumb":{"@id":"https:\/\/yasminfood.ch\/de\/product\/gemahlener-kardamom-extra-500g-sheikh\/#breadcrumb"},"inLanguage":"de","potentialAction":[{"@type":"ReadAction","target":["https:\/\/yasminfood.ch\/de\/product\/gemahlener-kardamom-extra-500g-sheikh\/"]}]},{"@type":"ImageObject","inLanguage":"de","@id":"https:\/\/yasminfood.ch\/de\/product\/gemahlener-kardamom-extra-500g-sheikh\/#primaryimage","url":"https:\/\/yasminfood.ch\/wp-content\/uploads\/2025\/06\/\u0647\u0627\u0644-\u0627\u0643\u0633\u062a\u0631\u0627-\u0645\u0637\u062d\u0648\u0646-500\u063a-\u0627\u0644\u0634\u064a\u062e-.png","contentUrl":"https:\/\/yasminfood.ch\/wp-content\/uploads\/2025\/06\/\u0647\u0627\u0644-\u0627\u0643\u0633\u062a\u0631\u0627-\u0645\u0637\u062d\u0648\u0646-500\u063a-\u0627\u0644\u0634\u064a\u062e-.png","width":1890,"height":1890,"caption":"Gemahlener Kardamom Extra 500g Sheikh"},{"@type":"BreadcrumbList","@id":"https:\/\/yasminfood.ch\/de\/product\/gemahlener-kardamom-extra-500g-sheikh\/#breadcrumb","itemListElement":[{"@type":"ListItem","position":1,"name":"\u0627\u0644\u0631\u0626\u064a\u0633\u064a\u0629","item":"https:\/\/yasminfood.ch\/de\/zuhause\/"},{"@type":"ListItem","position":2,"name":"Shop","item":"https:\/\/yasminfood.ch\/de\/shop\/"},{"@type":"ListItem","position":3,"name":"Gew\u00fcrze &amp; N\u00fcsse","item":"https:\/\/yasminfood.ch\/de\/produkt-kategorie\/gewuerze-nuesse\/"},{"@type":"ListItem","position":4,"name":"Gemahlener Kardamom Extra 500g Sheikh"}]},{"@type":"WebSite","@id":"https:\/\/yasminfood.ch\/de\/#website","url":"https:\/\/yasminfood.ch\/de\/","name":"\u064a\u0627\u0633\u0645\u064a\u0646 \u0645\u0627\u0631\u0643\u062a","description":"Alles, was Sie brauchen, an einem Ort","publisher":{"@id":"https:\/\/yasminfood.ch\/de\/#organization"},"alternateName":"Yasmin Food","potentialAction":[{"@type":"SearchAction","target":{"@type":"EntryPoint","urlTemplate":"https:\/\/yasminfood.ch\/de\/?s={search_term_string}"},"query-input":{"@type":"PropertyValueSpecification","valueRequired":true,"valueName":"search_term_string"}}],"inLanguage":"de"},{"@type":"Organization","@id":"https:\/\/yasminfood.ch\/de\/#organization","name":"\u064a\u0627\u0633\u0645\u064a\u0646 \u0645\u0627\u0631\u0643\u062a","alternateName":"Yasmin Food","url":"https:\/\/yasminfood.ch\/de\/","logo":{"@type":"ImageObject","inLanguage":"de","@id":"https:\/\/yasminfood.ch\/de\/#\/schema\/logo\/image\/","url":"https:\/\/yasminfood.ch\/wp-content\/uploads\/2025\/05\/yasmin-food-header-logo.png","contentUrl":"https:\/\/yasminfood.ch\/wp-content\/uploads\/2025\/05\/yasmin-food-header-logo.png","width":330,"height":120,"caption":"\u064a\u0627\u0633\u0645\u064a\u0646 \u0645\u0627\u0631\u0643\u062a"},"image":{"@id":"https:\/\/yasminfood.ch\/de\/#\/schema\/logo\/image\/"},"sameAs":["https:\/\/www.facebook.com\/yasminmarkt1","https:\/\/www.tiktok.com\/@yasminmarkt","https:\/\/www.instagram.com\/yasmin.markt1\/","https:\/\/api.whatsapp.com\/send\/?phone=41799000104"],"publishingPrinciples":"https:\/\/yasminfood.ch\/de\/shop\/","ownershipFundingInfo":"https:\/\/yasminfood.ch\/de\/shop\/"}]},"product_price_amount":"39.95","product_price_currency":"CHF","og_availability":"instock","product_availability":"instock","product_condition":"new"},"jetpack_sharing_enabled":true,"_links":{"self":[{"href":"https:\/\/yasminfood.ch\/de\/wp-json\/wp\/v2\/product\/118024","targetHints":{"allow":["GET"]}}],"collection":[{"href":"https:\/\/yasminfood.ch\/de\/wp-json\/wp\/v2\/product"}],"about":[{"href":"https:\/\/yasminfood.ch\/de\/wp-json\/wp\/v2\/types\/product"}],"replies":[{"embeddable":true,"href":"https:\/\/yasminfood.ch\/de\/wp-json\/wp\/v2\/comments?post=118024"}],"version-history":[{"count":0,"href":"https:\/\/yasminfood.ch\/de\/wp-json\/wp\/v2\/product\/118024\/revisions"}],"wp:featuredmedia":[{"embeddable":true,"href":"https:\/\/yasminfood.ch\/de\/wp-json\/wp\/v2\/media\/117935"}],"wp:attachment":[{"href":"https:\/\/yasminfood.ch\/de\/wp-json\/wp\/v2\/media?parent=118024"}],"wp:term":[{"taxonomy":"product_brand","embeddable":true,"href":"https:\/\/yasminfood.ch\/de\/wp-json\/wp\/v2\/product_brand?post=118024"},{"taxonomy":"product_cat","embeddable":true,"href":"https:\/\/yasminfood.ch\/de\/wp-json\/wp\/v2\/product_cat?post=118024"},{"taxonomy":"product_tag","embeddable":true,"href":"https:\/\/yasminfood.ch\/de\/wp-json\/wp\/v2\/product_tag?post=118024"}],"curies":[{"name":"wp","href":"https:\/\/api.w.org\/{rel}","templated":true}]}}