{"id":118028,"date":"2025-06-29T00:19:12","date_gmt":"2025-06-28T22:20:18","guid":{"rendered":"https:\/\/yasminfood.ch\/product\/granatapfelmelasse-lara-650-ml\/"},"modified":"2025-06-29T00:20:18","modified_gmt":"2025-06-28T22:20:18","slug":"granatapfelmelasse-lara-650-ml","status":"publish","type":"product","link":"https:\/\/yasminfood.ch\/de\/product\/granatapfelmelasse-lara-650-ml\/","title":{"rendered":"Granatapfelmelasse Lara 650 ml"},"content":{"rendered":"<p><strong>Granatapfelmelasse Lara 650 ml<\/strong><\/p>\n<ul>\n<li>\n<p data-start=\"140\" data-end=\"262\">Verleihen Sie Ihren Gerichten eine unverwechselbare s\u00fc\u00dfe, s\u00e4uerliche Note<\/p>\n<\/li>\n<li>\n<p data-start=\"140\" data-end=\"262\">Hergestellt aus nat\u00fcrlichem Granatapfelsaftkonzentrat, um Ihnen einen reichhaltigen und authentischen Geschmack zu verleihen.<\/p>\n<\/li>\n<li>\n<p data-start=\"140\" data-end=\"262\">\n<p data-start=\"264\" data-end=\"649\">\u2714\ufe0f <strong data-start=\"267\" data-end=\"304\">Hergestellt aus 100% nat\u00fcrlichem Granatapfelsaft<\/strong> ohne k\u00fcnstliche Zusatzstoffe<br data-start=\"326\" data-end=\"329\">\u2714\ufe0f <strong data-start=\"332\" data-end=\"372\">Ein konzentrierter Geschmack, der S\u00e4ure und S\u00fc\u00dfe kombiniert,<\/strong> verleiht dem Kochen einen luxuri\u00f6sen Geschmack<br data-start=\"401\" data-end=\"404\">\u2714\ufe0f <strong data-start=\"407\" data-end=\"458\">Perfekt f\u00fcr Fleisch- und H\u00e4hnchendressings, Salate und Saucen<\/strong><br data-start=\"458\" data-end=\"461\">\u2714\ufe0f <strong data-start=\"464\" data-end=\"492\">Die dichte Textur und die attraktive dunkle Farbe<\/strong> verbessern das Aussehen und die Haptik von Gerichten<br data-start=\"518\" data-end=\"521\">\u2714\ufe0f <strong data-start=\"524\" data-end=\"547\">Luftdichte Verpackung, um<\/strong> Frische und Qualit\u00e4t so lange wie m\u00f6glich zu erhalten<br data-start=\"591\" data-end=\"594\">\u2714\ufe0f <strong data-start=\"597\" data-end=\"617\">650 ml praktisches Fassungsverm\u00f6gen<\/strong> f\u00fcr den Heim- und Restaurantgebrauch<\/p>\n<p data-start=\"651\" data-end=\"823\"><br data-start=\"718\" data-end=\"721\">\ud83d\udd38 <strong data-start=\"724\" data-end=\"738\">Verwendung:<\/strong> Zu Salaten wie Fattoush oder Taboul\u00e9 oder zu Fleisch- und Grillgew\u00fcrzen hinzuf\u00fcgen, um einen k\u00f6stlich scharfen Geschmack zu erzielen. <\/p>\n<\/li>\n<\/ul>\n","protected":false},"excerpt":{"rendered":"<p><strong>Granatapfelmelasse Lara 650 ml<\/strong><\/p>\n<ul>\n<li>\n<p data-start=\"140\" data-end=\"262\">Verleihen Sie Ihren Gerichten eine unverwechselbare s\u00fc\u00dfe, s\u00e4uerliche Note<\/p>\n<\/li>\n<\/ul>\n","protected":false},"featured_media":117962,"comment_status":"open","ping_status":"closed","template":"","meta":[],"product_brand":[2324],"product_cat":[273,245],"product_tag":[],"class_list":{"0":"post-118028","1":"product","2":"type-product","3":"status-publish","4":"has-post-thumbnail","6":"product_brand-lara-de","7":"product_cat-granatapfelsirup-dattelsirup","8":"product_cat-konserven-lebensmittel","10":"first","11":"instock","12":"taxable","13":"shipping-taxable","14":"purchasable","15":"product-type-simple"},"yoast_head":"<!-- This site is optimized with the Yoast SEO Premium plugin v26.5 (Yoast SEO v27.4) - https:\/\/yoast.com\/product\/yoast-seo-premium-wordpress\/ -->\n<title>Granatapfelmelasse Lara 650 ml - Yasmin Food Yasmin Food Granatapfelmelasse Lara 650 ml<\/title>\n<meta name=\"description\" content=\"Genie\u00dfen Sie einen einzigartigen Geschmack mit Lara Granatapfelmelasse 650ml. Perfekt f\u00fcr Salate und Grillgerichte, verleihen Sie Ihren Gerichten noch heute eine reichhaltige Note! \ud83c\udf7d\ufe0f Yasmin Food\" \/>\n<meta name=\"robots\" content=\"index, follow, max-snippet:-1, max-image-preview:large, max-video-preview:-1\" \/>\n<link rel=\"canonical\" href=\"https:\/\/yasminfood.ch\/de\/product\/granatapfelmelasse-lara-650-ml\/\" \/>\n<meta property=\"og:locale\" content=\"de_DE\" \/>\n<meta property=\"og:type\" content=\"article\" \/>\n<meta property=\"og:title\" content=\"Granatapfelmelasse Lara 650 ml\" \/>\n<meta property=\"og:description\" content=\"Granatapfelmelasse Lara 650 ml   Verleihen Sie Ihren Gerichten eine unverwechselbare s\u00fc\u00dfe, s\u00e4uerliche Note\" \/>\n<meta property=\"og:url\" content=\"https:\/\/yasminfood.ch\/de\/product\/granatapfelmelasse-lara-650-ml\/\" \/>\n<meta property=\"og:site_name\" content=\"Yasmin Food\" \/>\n<meta property=\"article:publisher\" content=\"https:\/\/www.facebook.com\/yasminmarkt1\" \/>\n<meta property=\"og:image\" content=\"https:\/\/yasminfood.ch\/wp-content\/uploads\/2025\/06\/\u062f\u0628\u0633-\u0631\u0645\u0627\u0646-\u0644\u0627\u0631\u0627-650-\u0645\u0644.png\" \/>\n\t<meta property=\"og:image:width\" content=\"1890\" \/>\n\t<meta property=\"og:image:height\" content=\"1890\" \/>\n\t<meta property=\"og:image:type\" content=\"image\/png\" \/>\n<meta name=\"twitter:card\" content=\"summary_large_image\" \/>\n<meta name=\"twitter:label1\" content=\"Preis\" \/>\n\t<meta name=\"twitter:data1\" content=\"6.50&nbsp;&#067;&#072;&#070;\" \/>\n\t<meta name=\"twitter:label2\" content=\"Verf\u00fcgbarkeit\" \/>\n\t<meta name=\"twitter:data2\" content=\"Auf Lager\" \/>\n<script type=\"application\/ld+json\" class=\"yoast-schema-graph\">{\"@context\":\"https:\\\/\\\/schema.org\",\"@graph\":[{\"@type\":\"WebPage\",\"@id\":\"https:\\\/\\\/yasminfood.ch\\\/de\\\/product\\\/granatapfelmelasse-lara-650-ml\\\/\",\"url\":\"https:\\\/\\\/yasminfood.ch\\\/de\\\/product\\\/granatapfelmelasse-lara-650-ml\\\/\",\"name\":\"Granatapfelmelasse Lara 650 ml - Yasmin Food Yasmin Food Granatapfelmelasse Lara 650 ml\",\"isPartOf\":{\"@id\":\"https:\\\/\\\/yasminfood.ch\\\/de\\\/#website\"},\"primaryImageOfPage\":{\"@id\":\"https:\\\/\\\/yasminfood.ch\\\/de\\\/product\\\/granatapfelmelasse-lara-650-ml\\\/#primaryimage\"},\"image\":{\"@id\":\"https:\\\/\\\/yasminfood.ch\\\/de\\\/product\\\/granatapfelmelasse-lara-650-ml\\\/#primaryimage\"},\"thumbnailUrl\":\"https:\\\/\\\/yasminfood.ch\\\/wp-content\\\/uploads\\\/2025\\\/06\\\/\u062f\u0628\u0633-\u0631\u0645\u0627\u0646-\u0644\u0627\u0631\u0627-650-\u0645\u0644.png\",\"datePublished\":\"2025-06-28T22:20:18+00:00\",\"description\":\"Genie\u00dfen Sie einen einzigartigen Geschmack mit Lara Granatapfelmelasse 650ml. Perfekt f\u00fcr Salate und Grillgerichte, verleihen Sie Ihren Gerichten noch heute eine reichhaltige Note! \ud83c\udf7d\ufe0f Yasmin Food\",\"breadcrumb\":{\"@id\":\"https:\\\/\\\/yasminfood.ch\\\/de\\\/product\\\/granatapfelmelasse-lara-650-ml\\\/#breadcrumb\"},\"inLanguage\":\"de\",\"potentialAction\":[{\"@type\":\"ReadAction\",\"target\":[\"https:\\\/\\\/yasminfood.ch\\\/de\\\/product\\\/granatapfelmelasse-lara-650-ml\\\/\"]}]},{\"@type\":\"ImageObject\",\"inLanguage\":\"de\",\"@id\":\"https:\\\/\\\/yasminfood.ch\\\/de\\\/product\\\/granatapfelmelasse-lara-650-ml\\\/#primaryimage\",\"url\":\"https:\\\/\\\/yasminfood.ch\\\/wp-content\\\/uploads\\\/2025\\\/06\\\/\u062f\u0628\u0633-\u0631\u0645\u0627\u0646-\u0644\u0627\u0631\u0627-650-\u0645\u0644.png\",\"contentUrl\":\"https:\\\/\\\/yasminfood.ch\\\/wp-content\\\/uploads\\\/2025\\\/06\\\/\u062f\u0628\u0633-\u0631\u0645\u0627\u0646-\u0644\u0627\u0631\u0627-650-\u0645\u0644.png\",\"width\":1890,\"height\":1890,\"caption\":\"_ Granatapfelmelasse Lara 650 ml\"},{\"@type\":\"BreadcrumbList\",\"@id\":\"https:\\\/\\\/yasminfood.ch\\\/de\\\/product\\\/granatapfelmelasse-lara-650-ml\\\/#breadcrumb\",\"itemListElement\":[{\"@type\":\"ListItem\",\"position\":1,\"name\":\"\u0627\u0644\u0631\u0626\u064a\u0633\u064a\u0629\",\"item\":\"https:\\\/\\\/yasminfood.ch\\\/de\\\/zuhause\\\/\"},{\"@type\":\"ListItem\",\"position\":2,\"name\":\"Shop\",\"item\":\"https:\\\/\\\/yasminfood.ch\\\/de\\\/shop\\\/\"},{\"@type\":\"ListItem\",\"position\":3,\"name\":\"Konserven - Lebensmittel\",\"item\":\"https:\\\/\\\/yasminfood.ch\\\/de\\\/produkt-kategorie\\\/konserven-lebensmittel\\\/\"},{\"@type\":\"ListItem\",\"position\":4,\"name\":\"Granatapfelmelasse Lara 650 ml\"}]},{\"@type\":\"WebSite\",\"@id\":\"https:\\\/\\\/yasminfood.ch\\\/de\\\/#website\",\"url\":\"https:\\\/\\\/yasminfood.ch\\\/de\\\/\",\"name\":\"\u064a\u0627\u0633\u0645\u064a\u0646 \u0645\u0627\u0631\u0643\u062a\",\"description\":\"Alles, was Sie brauchen, an einem Ort\",\"publisher\":{\"@id\":\"https:\\\/\\\/yasminfood.ch\\\/de\\\/#organization\"},\"alternateName\":\"Yasmin Food\",\"potentialAction\":[{\"@type\":\"SearchAction\",\"target\":{\"@type\":\"EntryPoint\",\"urlTemplate\":\"https:\\\/\\\/yasminfood.ch\\\/de\\\/?s={search_term_string}\"},\"query-input\":{\"@type\":\"PropertyValueSpecification\",\"valueRequired\":true,\"valueName\":\"search_term_string\"}}],\"inLanguage\":\"de\"},{\"@type\":\"Organization\",\"@id\":\"https:\\\/\\\/yasminfood.ch\\\/de\\\/#organization\",\"name\":\"\u064a\u0627\u0633\u0645\u064a\u0646 \u0645\u0627\u0631\u0643\u062a\",\"alternateName\":\"Yasmin Food\",\"url\":\"https:\\\/\\\/yasminfood.ch\\\/de\\\/\",\"logo\":{\"@type\":\"ImageObject\",\"inLanguage\":\"de\",\"@id\":\"https:\\\/\\\/yasminfood.ch\\\/de\\\/#\\\/schema\\\/logo\\\/image\\\/\",\"url\":\"https:\\\/\\\/yasminfood.ch\\\/wp-content\\\/uploads\\\/2025\\\/05\\\/yasmin-food-header-logo.png\",\"contentUrl\":\"https:\\\/\\\/yasminfood.ch\\\/wp-content\\\/uploads\\\/2025\\\/05\\\/yasmin-food-header-logo.png\",\"width\":330,\"height\":120,\"caption\":\"\u064a\u0627\u0633\u0645\u064a\u0646 \u0645\u0627\u0631\u0643\u062a\"},\"image\":{\"@id\":\"https:\\\/\\\/yasminfood.ch\\\/de\\\/#\\\/schema\\\/logo\\\/image\\\/\"},\"sameAs\":[\"https:\\\/\\\/www.facebook.com\\\/yasminmarkt1\",\"https:\\\/\\\/www.tiktok.com\\\/@yasminmarkt\",\"https:\\\/\\\/www.instagram.com\\\/yasmin.markt1\\\/\",\"https:\\\/\\\/api.whatsapp.com\\\/send\\\/?phone=41799000104\"],\"publishingPrinciples\":\"https:\\\/\\\/yasminfood.ch\\\/de\\\/shop\\\/\",\"ownershipFundingInfo\":\"https:\\\/\\\/yasminfood.ch\\\/de\\\/shop\\\/\"}]}<\/script>\n<meta property=\"product:price:amount\" content=\"6.50\" \/>\n<meta property=\"product:price:currency\" content=\"CHF\" \/>\n<meta property=\"og:availability\" content=\"instock\" \/>\n<meta property=\"product:availability\" content=\"instock\" \/>\n<meta property=\"product:condition\" content=\"new\" \/>\n<!-- \/ Yoast SEO Premium plugin. -->","yoast_head_json":{"title":"Granatapfelmelasse Lara 650 ml - Yasmin Food Yasmin Food Granatapfelmelasse Lara 650 ml","description":"Genie\u00dfen Sie einen einzigartigen Geschmack mit Lara Granatapfelmelasse 650ml. Perfekt f\u00fcr Salate und Grillgerichte, verleihen Sie Ihren Gerichten noch heute eine reichhaltige Note! \ud83c\udf7d\ufe0f Yasmin Food","robots":{"index":"index","follow":"follow","max-snippet":"max-snippet:-1","max-image-preview":"max-image-preview:large","max-video-preview":"max-video-preview:-1"},"canonical":"https:\/\/yasminfood.ch\/de\/product\/granatapfelmelasse-lara-650-ml\/","og_locale":"de_DE","og_type":"article","og_title":"Granatapfelmelasse Lara 650 ml","og_description":"Granatapfelmelasse Lara 650 ml   Verleihen Sie Ihren Gerichten eine unverwechselbare s\u00fc\u00dfe, s\u00e4uerliche Note","og_url":"https:\/\/yasminfood.ch\/de\/product\/granatapfelmelasse-lara-650-ml\/","og_site_name":"Yasmin Food","article_publisher":"https:\/\/www.facebook.com\/yasminmarkt1","og_image":[{"width":1890,"height":1890,"url":"https:\/\/yasminfood.ch\/wp-content\/uploads\/2025\/06\/\u062f\u0628\u0633-\u0631\u0645\u0627\u0646-\u0644\u0627\u0631\u0627-650-\u0645\u0644.png","type":"image\/png"}],"twitter_card":"summary_large_image","twitter_misc":{"Preis":"6.50&nbsp;&#67;&#72;&#70;","Verf\u00fcgbarkeit":"Auf Lager"},"schema":{"@context":"https:\/\/schema.org","@graph":[{"@type":"WebPage","@id":"https:\/\/yasminfood.ch\/de\/product\/granatapfelmelasse-lara-650-ml\/","url":"https:\/\/yasminfood.ch\/de\/product\/granatapfelmelasse-lara-650-ml\/","name":"Granatapfelmelasse Lara 650 ml - Yasmin Food Yasmin Food Granatapfelmelasse Lara 650 ml","isPartOf":{"@id":"https:\/\/yasminfood.ch\/de\/#website"},"primaryImageOfPage":{"@id":"https:\/\/yasminfood.ch\/de\/product\/granatapfelmelasse-lara-650-ml\/#primaryimage"},"image":{"@id":"https:\/\/yasminfood.ch\/de\/product\/granatapfelmelasse-lara-650-ml\/#primaryimage"},"thumbnailUrl":"https:\/\/yasminfood.ch\/wp-content\/uploads\/2025\/06\/\u062f\u0628\u0633-\u0631\u0645\u0627\u0646-\u0644\u0627\u0631\u0627-650-\u0645\u0644.png","datePublished":"2025-06-28T22:20:18+00:00","description":"Genie\u00dfen Sie einen einzigartigen Geschmack mit Lara Granatapfelmelasse 650ml. Perfekt f\u00fcr Salate und Grillgerichte, verleihen Sie Ihren Gerichten noch heute eine reichhaltige Note! \ud83c\udf7d\ufe0f Yasmin Food","breadcrumb":{"@id":"https:\/\/yasminfood.ch\/de\/product\/granatapfelmelasse-lara-650-ml\/#breadcrumb"},"inLanguage":"de","potentialAction":[{"@type":"ReadAction","target":["https:\/\/yasminfood.ch\/de\/product\/granatapfelmelasse-lara-650-ml\/"]}]},{"@type":"ImageObject","inLanguage":"de","@id":"https:\/\/yasminfood.ch\/de\/product\/granatapfelmelasse-lara-650-ml\/#primaryimage","url":"https:\/\/yasminfood.ch\/wp-content\/uploads\/2025\/06\/\u062f\u0628\u0633-\u0631\u0645\u0627\u0646-\u0644\u0627\u0631\u0627-650-\u0645\u0644.png","contentUrl":"https:\/\/yasminfood.ch\/wp-content\/uploads\/2025\/06\/\u062f\u0628\u0633-\u0631\u0645\u0627\u0646-\u0644\u0627\u0631\u0627-650-\u0645\u0644.png","width":1890,"height":1890,"caption":"_ Granatapfelmelasse Lara 650 ml"},{"@type":"BreadcrumbList","@id":"https:\/\/yasminfood.ch\/de\/product\/granatapfelmelasse-lara-650-ml\/#breadcrumb","itemListElement":[{"@type":"ListItem","position":1,"name":"\u0627\u0644\u0631\u0626\u064a\u0633\u064a\u0629","item":"https:\/\/yasminfood.ch\/de\/zuhause\/"},{"@type":"ListItem","position":2,"name":"Shop","item":"https:\/\/yasminfood.ch\/de\/shop\/"},{"@type":"ListItem","position":3,"name":"Konserven - Lebensmittel","item":"https:\/\/yasminfood.ch\/de\/produkt-kategorie\/konserven-lebensmittel\/"},{"@type":"ListItem","position":4,"name":"Granatapfelmelasse Lara 650 ml"}]},{"@type":"WebSite","@id":"https:\/\/yasminfood.ch\/de\/#website","url":"https:\/\/yasminfood.ch\/de\/","name":"\u064a\u0627\u0633\u0645\u064a\u0646 \u0645\u0627\u0631\u0643\u062a","description":"Alles, was Sie brauchen, an einem Ort","publisher":{"@id":"https:\/\/yasminfood.ch\/de\/#organization"},"alternateName":"Yasmin Food","potentialAction":[{"@type":"SearchAction","target":{"@type":"EntryPoint","urlTemplate":"https:\/\/yasminfood.ch\/de\/?s={search_term_string}"},"query-input":{"@type":"PropertyValueSpecification","valueRequired":true,"valueName":"search_term_string"}}],"inLanguage":"de"},{"@type":"Organization","@id":"https:\/\/yasminfood.ch\/de\/#organization","name":"\u064a\u0627\u0633\u0645\u064a\u0646 \u0645\u0627\u0631\u0643\u062a","alternateName":"Yasmin Food","url":"https:\/\/yasminfood.ch\/de\/","logo":{"@type":"ImageObject","inLanguage":"de","@id":"https:\/\/yasminfood.ch\/de\/#\/schema\/logo\/image\/","url":"https:\/\/yasminfood.ch\/wp-content\/uploads\/2025\/05\/yasmin-food-header-logo.png","contentUrl":"https:\/\/yasminfood.ch\/wp-content\/uploads\/2025\/05\/yasmin-food-header-logo.png","width":330,"height":120,"caption":"\u064a\u0627\u0633\u0645\u064a\u0646 \u0645\u0627\u0631\u0643\u062a"},"image":{"@id":"https:\/\/yasminfood.ch\/de\/#\/schema\/logo\/image\/"},"sameAs":["https:\/\/www.facebook.com\/yasminmarkt1","https:\/\/www.tiktok.com\/@yasminmarkt","https:\/\/www.instagram.com\/yasmin.markt1\/","https:\/\/api.whatsapp.com\/send\/?phone=41799000104"],"publishingPrinciples":"https:\/\/yasminfood.ch\/de\/shop\/","ownershipFundingInfo":"https:\/\/yasminfood.ch\/de\/shop\/"}]},"product_price_amount":"6.50","product_price_currency":"CHF","og_availability":"instock","product_availability":"instock","product_condition":"new"},"jetpack_sharing_enabled":true,"_links":{"self":[{"href":"https:\/\/yasminfood.ch\/de\/wp-json\/wp\/v2\/product\/118028","targetHints":{"allow":["GET"]}}],"collection":[{"href":"https:\/\/yasminfood.ch\/de\/wp-json\/wp\/v2\/product"}],"about":[{"href":"https:\/\/yasminfood.ch\/de\/wp-json\/wp\/v2\/types\/product"}],"replies":[{"embeddable":true,"href":"https:\/\/yasminfood.ch\/de\/wp-json\/wp\/v2\/comments?post=118028"}],"version-history":[{"count":0,"href":"https:\/\/yasminfood.ch\/de\/wp-json\/wp\/v2\/product\/118028\/revisions"}],"wp:featuredmedia":[{"embeddable":true,"href":"https:\/\/yasminfood.ch\/de\/wp-json\/wp\/v2\/media\/117962"}],"wp:attachment":[{"href":"https:\/\/yasminfood.ch\/de\/wp-json\/wp\/v2\/media?parent=118028"}],"wp:term":[{"taxonomy":"product_brand","embeddable":true,"href":"https:\/\/yasminfood.ch\/de\/wp-json\/wp\/v2\/product_brand?post=118028"},{"taxonomy":"product_cat","embeddable":true,"href":"https:\/\/yasminfood.ch\/de\/wp-json\/wp\/v2\/product_cat?post=118028"},{"taxonomy":"product_tag","embeddable":true,"href":"https:\/\/yasminfood.ch\/de\/wp-json\/wp\/v2\/product_tag?post=118028"}],"curies":[{"name":"wp","href":"https:\/\/api.w.org\/{rel}","templated":true}]}}