{"id":118038,"date":"2025-06-29T13:33:14","date_gmt":"2025-06-29T11:33:14","guid":{"rendered":"https:\/\/yasminfood.ch\/product\/peperoni-melasse-altunsa-650-g\/"},"modified":"2025-06-29T13:37:25","modified_gmt":"2025-06-29T11:37:25","slug":"peperoni-melasse-altunsa-650-g","status":"publish","type":"product","link":"https:\/\/yasminfood.ch\/de\/product\/peperoni-melasse-altunsa-650-g\/","title":{"rendered":"Peperoni Melasse Altunsa 650 g"},"content":{"rendered":"<p><strong>Peperoni Melasse Altunsa 650 g<\/strong><\/p>\n<ul>\n<li>\n<p data-start=\"155\" data-end=\"306\">Verleihen Sie Ihren Gerichten aus feinster nat\u00fcrlicher roter Paprika einen reichhaltigen und authentischen w\u00fcrzigen Geschmack, um Ihren Gerichten einen unverwechselbaren und starken Geschmack zu verleihen.<\/p>\n<\/li>\n<li>\n<p data-start=\"155\" data-end=\"306\">\n<p data-start=\"308\" data-end=\"731\">\u2714\ufe0f <strong data-start=\"311\" data-end=\"348\">Hergestellt aus 100% nat\u00fcrlichem rotem Pfeffer<\/strong> ohne Konservierungsstoffe oder k\u00fcnstliche Farbstoffe<\/p>\n<\/li>\n<li>\u2714\ufe0f <strong data-start=\"386\" data-end=\"405\">Ein konzentrierter w\u00fcrziger Geschmack<\/strong> , der f\u00fcr Liebhaber des authentischen w\u00fcrzigen Geschmacks in orientalischen Gerichten geeignet ist<\/li>\n<li>\u2714\ufe0f  <strong data-start=\"460\" data-end=\"525\">Perfekt f\u00fcr die Zubereitung von Mahshi, Kibbeh Niyeh, Falafel, Saucen und Grillgerichten  <\/strong><br data-start=\"525\" data-end=\"528\">\u2714\ufe0f <strong data-start=\"531\" data-end=\"550\">Weiche und dichte Textur<\/strong> l\u00e4sst sich leicht mit Dressings kombinieren<br data-start=\"581\" data-end=\"584\">\u2714\ufe0f <strong data-start=\"587\" data-end=\"610\">Luftdichte F\u00fcllung, um<\/strong> die Frische und den stark w\u00fcrzigen Geschmack so lange wie m\u00f6glich zu erhalten<br data-start=\"668\" data-end=\"671\">\u2714\ufe0f <strong data-start=\"674\" data-end=\"698\">Wirtschaftliches Gewicht 650 g<\/strong> , geeignet f\u00fcr den Heim- und Restaurantgebrauch<\/li>\n<\/ul>\n","protected":false},"excerpt":{"rendered":"<p><strong>Peperoni Melasse Altunsa 650 g<\/strong><\/p>\n<ul>\n<li>\n<p data-start=\"155\" data-end=\"306\">Verleihen Sie Ihren Gerichten aus den feinsten nat\u00fcrlichen roten Paprikasorten einen reichhaltigen und authentischen w\u00fcrzigen Geschmack, um Ihren Gerichten einen unverwechselbaren und starken Geschmack zu verleihen<\/p>\n<\/li>\n<\/ul>\n","protected":false},"featured_media":117965,"comment_status":"open","ping_status":"closed","template":"","meta":[],"product_brand":[],"product_cat":[245,274],"product_tag":[],"class_list":{"0":"post-118038","1":"product","2":"type-product","3":"status-publish","4":"has-post-thumbnail","6":"product_cat-konserven-lebensmittel","7":"product_cat-paprika-sauce","9":"first","10":"instock","11":"taxable","12":"shipping-taxable","13":"purchasable","14":"product-type-simple"},"yoast_head":"<!-- This site is optimized with the Yoast SEO Premium plugin v26.5 (Yoast SEO v27.4) - https:\/\/yoast.com\/product\/yoast-seo-premium-wordpress\/ -->\n<title>Peperoni Melasse Altunsa 650 g - Yasmin Food<\/title>\n<meta name=\"description\" content=\"Genie\u00dfen Sie den Geschmack von Tonsa Chili Melasse 650 g, mit einem reichhaltigen Geschmack, der zu all Ihren Lieblingsgerichten passt. Probieren Sie es jetzt aus und f\u00fcgen Sie eine sch\u00f6ne w\u00fcrzige Note hinzu! Yasmin Food\" \/>\n<meta name=\"robots\" content=\"index, follow, max-snippet:-1, max-image-preview:large, max-video-preview:-1\" \/>\n<link rel=\"canonical\" href=\"https:\/\/yasminfood.ch\/de\/product\/peperoni-melasse-altunsa-650-g\/\" \/>\n<meta property=\"og:locale\" content=\"de_DE\" \/>\n<meta property=\"og:type\" content=\"article\" \/>\n<meta property=\"og:title\" content=\"Peperoni Melasse Altunsa 650 g\" \/>\n<meta property=\"og:description\" content=\"Peperoni Melasse Altunsa 650 g   Verleihen Sie Ihren Gerichten aus den feinsten nat\u00fcrlichen roten Paprikasorten einen reichhaltigen und authentischen w\u00fcrzigen Geschmack, um Ihren Gerichten einen unverwechselbaren und starken Geschmack zu verleihen\" \/>\n<meta property=\"og:url\" content=\"https:\/\/yasminfood.ch\/de\/product\/peperoni-melasse-altunsa-650-g\/\" \/>\n<meta property=\"og:site_name\" content=\"Yasmin Food\" \/>\n<meta property=\"article:publisher\" content=\"https:\/\/www.facebook.com\/yasminmarkt1\" \/>\n<meta property=\"article:modified_time\" content=\"2025-06-29T11:37:25+00:00\" \/>\n<meta property=\"og:image\" content=\"https:\/\/yasminfood.ch\/wp-content\/uploads\/2025\/06\/\u062f\u0628\u0633-\u0641\u0644\u064a\u0641\u0644\u0629-\u062d\u0627\u0631-\u0627\u0644\u062a\u0648\u0646\u0633\u0627-650-\u063a-1024x1024.png\" \/>\n\t<meta property=\"og:image:width\" content=\"1024\" \/>\n\t<meta property=\"og:image:height\" content=\"1024\" \/>\n\t<meta property=\"og:image:type\" content=\"image\/png\" \/>\n<meta name=\"twitter:card\" content=\"summary_large_image\" \/>\n<meta name=\"twitter:label1\" content=\"Preis\" \/>\n\t<meta name=\"twitter:data1\" content=\"5.95&nbsp;&#067;&#072;&#070;\" \/>\n\t<meta name=\"twitter:label2\" content=\"Verf\u00fcgbarkeit\" \/>\n\t<meta name=\"twitter:data2\" content=\"Auf Lager\" \/>\n<script type=\"application\/ld+json\" class=\"yoast-schema-graph\">{\"@context\":\"https:\\\/\\\/schema.org\",\"@graph\":[{\"@type\":\"WebPage\",\"@id\":\"https:\\\/\\\/yasminfood.ch\\\/de\\\/product\\\/peperoni-melasse-altunsa-650-g\\\/\",\"url\":\"https:\\\/\\\/yasminfood.ch\\\/de\\\/product\\\/peperoni-melasse-altunsa-650-g\\\/\",\"name\":\"Peperoni Melasse Altunsa 650 g - Yasmin Food\",\"isPartOf\":{\"@id\":\"https:\\\/\\\/yasminfood.ch\\\/de\\\/#website\"},\"primaryImageOfPage\":{\"@id\":\"https:\\\/\\\/yasminfood.ch\\\/de\\\/product\\\/peperoni-melasse-altunsa-650-g\\\/#primaryimage\"},\"image\":{\"@id\":\"https:\\\/\\\/yasminfood.ch\\\/de\\\/product\\\/peperoni-melasse-altunsa-650-g\\\/#primaryimage\"},\"thumbnailUrl\":\"https:\\\/\\\/yasminfood.ch\\\/wp-content\\\/uploads\\\/2025\\\/06\\\/\u062f\u0628\u0633-\u0641\u0644\u064a\u0641\u0644\u0629-\u062d\u0627\u0631-\u0627\u0644\u062a\u0648\u0646\u0633\u0627-650-\u063a.png\",\"datePublished\":\"2025-06-29T11:33:14+00:00\",\"dateModified\":\"2025-06-29T11:37:25+00:00\",\"description\":\"Genie\u00dfen Sie den Geschmack von Tonsa Chili Melasse 650 g, mit einem reichhaltigen Geschmack, der zu all Ihren Lieblingsgerichten passt. Probieren Sie es jetzt aus und f\u00fcgen Sie eine sch\u00f6ne w\u00fcrzige Note hinzu! Yasmin Food\",\"breadcrumb\":{\"@id\":\"https:\\\/\\\/yasminfood.ch\\\/de\\\/product\\\/peperoni-melasse-altunsa-650-g\\\/#breadcrumb\"},\"inLanguage\":\"de\",\"potentialAction\":[{\"@type\":\"ReadAction\",\"target\":[\"https:\\\/\\\/yasminfood.ch\\\/de\\\/product\\\/peperoni-melasse-altunsa-650-g\\\/\"]}]},{\"@type\":\"ImageObject\",\"inLanguage\":\"de\",\"@id\":\"https:\\\/\\\/yasminfood.ch\\\/de\\\/product\\\/peperoni-melasse-altunsa-650-g\\\/#primaryimage\",\"url\":\"https:\\\/\\\/yasminfood.ch\\\/wp-content\\\/uploads\\\/2025\\\/06\\\/\u062f\u0628\u0633-\u0641\u0644\u064a\u0641\u0644\u0629-\u062d\u0627\u0631-\u0627\u0644\u062a\u0648\u0646\u0633\u0627-650-\u063a.png\",\"contentUrl\":\"https:\\\/\\\/yasminfood.ch\\\/wp-content\\\/uploads\\\/2025\\\/06\\\/\u062f\u0628\u0633-\u0641\u0644\u064a\u0641\u0644\u0629-\u062d\u0627\u0631-\u0627\u0644\u062a\u0648\u0646\u0633\u0627-650-\u063a.png\",\"width\":1890,\"height\":1890,\"caption\":\"Peperoni Melasse Altunsa 650 g\"},{\"@type\":\"BreadcrumbList\",\"@id\":\"https:\\\/\\\/yasminfood.ch\\\/de\\\/product\\\/peperoni-melasse-altunsa-650-g\\\/#breadcrumb\",\"itemListElement\":[{\"@type\":\"ListItem\",\"position\":1,\"name\":\"\u0627\u0644\u0631\u0626\u064a\u0633\u064a\u0629\",\"item\":\"https:\\\/\\\/yasminfood.ch\\\/de\\\/zuhause\\\/\"},{\"@type\":\"ListItem\",\"position\":2,\"name\":\"Shop\",\"item\":\"https:\\\/\\\/yasminfood.ch\\\/de\\\/shop\\\/\"},{\"@type\":\"ListItem\",\"position\":3,\"name\":\"Konserven - Lebensmittel\",\"item\":\"https:\\\/\\\/yasminfood.ch\\\/de\\\/produkt-kategorie\\\/konserven-lebensmittel\\\/\"},{\"@type\":\"ListItem\",\"position\":4,\"name\":\"Paprika Sauce\",\"item\":\"https:\\\/\\\/yasminfood.ch\\\/de\\\/produkt-kategorie\\\/konserven-lebensmittel\\\/paprika-sauce\\\/\"},{\"@type\":\"ListItem\",\"position\":5,\"name\":\"Peperoni Melasse Altunsa 650 g\"}]},{\"@type\":\"WebSite\",\"@id\":\"https:\\\/\\\/yasminfood.ch\\\/de\\\/#website\",\"url\":\"https:\\\/\\\/yasminfood.ch\\\/de\\\/\",\"name\":\"\u064a\u0627\u0633\u0645\u064a\u0646 \u0645\u0627\u0631\u0643\u062a\",\"description\":\"Alles, was Sie brauchen, an einem Ort\",\"publisher\":{\"@id\":\"https:\\\/\\\/yasminfood.ch\\\/de\\\/#organization\"},\"alternateName\":\"Yasmin Food\",\"potentialAction\":[{\"@type\":\"SearchAction\",\"target\":{\"@type\":\"EntryPoint\",\"urlTemplate\":\"https:\\\/\\\/yasminfood.ch\\\/de\\\/?s={search_term_string}\"},\"query-input\":{\"@type\":\"PropertyValueSpecification\",\"valueRequired\":true,\"valueName\":\"search_term_string\"}}],\"inLanguage\":\"de\"},{\"@type\":\"Organization\",\"@id\":\"https:\\\/\\\/yasminfood.ch\\\/de\\\/#organization\",\"name\":\"\u064a\u0627\u0633\u0645\u064a\u0646 \u0645\u0627\u0631\u0643\u062a\",\"alternateName\":\"Yasmin Food\",\"url\":\"https:\\\/\\\/yasminfood.ch\\\/de\\\/\",\"logo\":{\"@type\":\"ImageObject\",\"inLanguage\":\"de\",\"@id\":\"https:\\\/\\\/yasminfood.ch\\\/de\\\/#\\\/schema\\\/logo\\\/image\\\/\",\"url\":\"https:\\\/\\\/yasminfood.ch\\\/wp-content\\\/uploads\\\/2025\\\/05\\\/yasmin-food-header-logo.png\",\"contentUrl\":\"https:\\\/\\\/yasminfood.ch\\\/wp-content\\\/uploads\\\/2025\\\/05\\\/yasmin-food-header-logo.png\",\"width\":330,\"height\":120,\"caption\":\"\u064a\u0627\u0633\u0645\u064a\u0646 \u0645\u0627\u0631\u0643\u062a\"},\"image\":{\"@id\":\"https:\\\/\\\/yasminfood.ch\\\/de\\\/#\\\/schema\\\/logo\\\/image\\\/\"},\"sameAs\":[\"https:\\\/\\\/www.facebook.com\\\/yasminmarkt1\",\"https:\\\/\\\/www.tiktok.com\\\/@yasminmarkt\",\"https:\\\/\\\/www.instagram.com\\\/yasmin.markt1\\\/\",\"https:\\\/\\\/api.whatsapp.com\\\/send\\\/?phone=41799000104\"],\"publishingPrinciples\":\"https:\\\/\\\/yasminfood.ch\\\/de\\\/shop\\\/\",\"ownershipFundingInfo\":\"https:\\\/\\\/yasminfood.ch\\\/de\\\/shop\\\/\"}]}<\/script>\n<meta property=\"product:price:amount\" content=\"5.95\" \/>\n<meta property=\"product:price:currency\" content=\"CHF\" \/>\n<meta property=\"og:availability\" content=\"instock\" \/>\n<meta property=\"product:availability\" content=\"instock\" \/>\n<meta property=\"product:condition\" content=\"new\" \/>\n<!-- \/ Yoast SEO Premium plugin. -->","yoast_head_json":{"title":"Peperoni Melasse Altunsa 650 g - Yasmin Food","description":"Genie\u00dfen Sie den Geschmack von Tonsa Chili Melasse 650 g, mit einem reichhaltigen Geschmack, der zu all Ihren Lieblingsgerichten passt. Probieren Sie es jetzt aus und f\u00fcgen Sie eine sch\u00f6ne w\u00fcrzige Note hinzu! Yasmin Food","robots":{"index":"index","follow":"follow","max-snippet":"max-snippet:-1","max-image-preview":"max-image-preview:large","max-video-preview":"max-video-preview:-1"},"canonical":"https:\/\/yasminfood.ch\/de\/product\/peperoni-melasse-altunsa-650-g\/","og_locale":"de_DE","og_type":"article","og_title":"Peperoni Melasse Altunsa 650 g","og_description":"Peperoni Melasse Altunsa 650 g   Verleihen Sie Ihren Gerichten aus den feinsten nat\u00fcrlichen roten Paprikasorten einen reichhaltigen und authentischen w\u00fcrzigen Geschmack, um Ihren Gerichten einen unverwechselbaren und starken Geschmack zu verleihen","og_url":"https:\/\/yasminfood.ch\/de\/product\/peperoni-melasse-altunsa-650-g\/","og_site_name":"Yasmin Food","article_publisher":"https:\/\/www.facebook.com\/yasminmarkt1","article_modified_time":"2025-06-29T11:37:25+00:00","og_image":[{"width":1024,"height":1024,"url":"https:\/\/yasminfood.ch\/wp-content\/uploads\/2025\/06\/\u062f\u0628\u0633-\u0641\u0644\u064a\u0641\u0644\u0629-\u062d\u0627\u0631-\u0627\u0644\u062a\u0648\u0646\u0633\u0627-650-\u063a-1024x1024.png","type":"image\/png"}],"twitter_card":"summary_large_image","twitter_misc":{"Preis":"5.95&nbsp;&#67;&#72;&#70;","Verf\u00fcgbarkeit":"Auf Lager"},"schema":{"@context":"https:\/\/schema.org","@graph":[{"@type":"WebPage","@id":"https:\/\/yasminfood.ch\/de\/product\/peperoni-melasse-altunsa-650-g\/","url":"https:\/\/yasminfood.ch\/de\/product\/peperoni-melasse-altunsa-650-g\/","name":"Peperoni Melasse Altunsa 650 g - Yasmin Food","isPartOf":{"@id":"https:\/\/yasminfood.ch\/de\/#website"},"primaryImageOfPage":{"@id":"https:\/\/yasminfood.ch\/de\/product\/peperoni-melasse-altunsa-650-g\/#primaryimage"},"image":{"@id":"https:\/\/yasminfood.ch\/de\/product\/peperoni-melasse-altunsa-650-g\/#primaryimage"},"thumbnailUrl":"https:\/\/yasminfood.ch\/wp-content\/uploads\/2025\/06\/\u062f\u0628\u0633-\u0641\u0644\u064a\u0641\u0644\u0629-\u062d\u0627\u0631-\u0627\u0644\u062a\u0648\u0646\u0633\u0627-650-\u063a.png","datePublished":"2025-06-29T11:33:14+00:00","dateModified":"2025-06-29T11:37:25+00:00","description":"Genie\u00dfen Sie den Geschmack von Tonsa Chili Melasse 650 g, mit einem reichhaltigen Geschmack, der zu all Ihren Lieblingsgerichten passt. Probieren Sie es jetzt aus und f\u00fcgen Sie eine sch\u00f6ne w\u00fcrzige Note hinzu! Yasmin Food","breadcrumb":{"@id":"https:\/\/yasminfood.ch\/de\/product\/peperoni-melasse-altunsa-650-g\/#breadcrumb"},"inLanguage":"de","potentialAction":[{"@type":"ReadAction","target":["https:\/\/yasminfood.ch\/de\/product\/peperoni-melasse-altunsa-650-g\/"]}]},{"@type":"ImageObject","inLanguage":"de","@id":"https:\/\/yasminfood.ch\/de\/product\/peperoni-melasse-altunsa-650-g\/#primaryimage","url":"https:\/\/yasminfood.ch\/wp-content\/uploads\/2025\/06\/\u062f\u0628\u0633-\u0641\u0644\u064a\u0641\u0644\u0629-\u062d\u0627\u0631-\u0627\u0644\u062a\u0648\u0646\u0633\u0627-650-\u063a.png","contentUrl":"https:\/\/yasminfood.ch\/wp-content\/uploads\/2025\/06\/\u062f\u0628\u0633-\u0641\u0644\u064a\u0641\u0644\u0629-\u062d\u0627\u0631-\u0627\u0644\u062a\u0648\u0646\u0633\u0627-650-\u063a.png","width":1890,"height":1890,"caption":"Peperoni Melasse Altunsa 650 g"},{"@type":"BreadcrumbList","@id":"https:\/\/yasminfood.ch\/de\/product\/peperoni-melasse-altunsa-650-g\/#breadcrumb","itemListElement":[{"@type":"ListItem","position":1,"name":"\u0627\u0644\u0631\u0626\u064a\u0633\u064a\u0629","item":"https:\/\/yasminfood.ch\/de\/zuhause\/"},{"@type":"ListItem","position":2,"name":"Shop","item":"https:\/\/yasminfood.ch\/de\/shop\/"},{"@type":"ListItem","position":3,"name":"Konserven - Lebensmittel","item":"https:\/\/yasminfood.ch\/de\/produkt-kategorie\/konserven-lebensmittel\/"},{"@type":"ListItem","position":4,"name":"Paprika Sauce","item":"https:\/\/yasminfood.ch\/de\/produkt-kategorie\/konserven-lebensmittel\/paprika-sauce\/"},{"@type":"ListItem","position":5,"name":"Peperoni Melasse Altunsa 650 g"}]},{"@type":"WebSite","@id":"https:\/\/yasminfood.ch\/de\/#website","url":"https:\/\/yasminfood.ch\/de\/","name":"\u064a\u0627\u0633\u0645\u064a\u0646 \u0645\u0627\u0631\u0643\u062a","description":"Alles, was Sie brauchen, an einem Ort","publisher":{"@id":"https:\/\/yasminfood.ch\/de\/#organization"},"alternateName":"Yasmin Food","potentialAction":[{"@type":"SearchAction","target":{"@type":"EntryPoint","urlTemplate":"https:\/\/yasminfood.ch\/de\/?s={search_term_string}"},"query-input":{"@type":"PropertyValueSpecification","valueRequired":true,"valueName":"search_term_string"}}],"inLanguage":"de"},{"@type":"Organization","@id":"https:\/\/yasminfood.ch\/de\/#organization","name":"\u064a\u0627\u0633\u0645\u064a\u0646 \u0645\u0627\u0631\u0643\u062a","alternateName":"Yasmin Food","url":"https:\/\/yasminfood.ch\/de\/","logo":{"@type":"ImageObject","inLanguage":"de","@id":"https:\/\/yasminfood.ch\/de\/#\/schema\/logo\/image\/","url":"https:\/\/yasminfood.ch\/wp-content\/uploads\/2025\/05\/yasmin-food-header-logo.png","contentUrl":"https:\/\/yasminfood.ch\/wp-content\/uploads\/2025\/05\/yasmin-food-header-logo.png","width":330,"height":120,"caption":"\u064a\u0627\u0633\u0645\u064a\u0646 \u0645\u0627\u0631\u0643\u062a"},"image":{"@id":"https:\/\/yasminfood.ch\/de\/#\/schema\/logo\/image\/"},"sameAs":["https:\/\/www.facebook.com\/yasminmarkt1","https:\/\/www.tiktok.com\/@yasminmarkt","https:\/\/www.instagram.com\/yasmin.markt1\/","https:\/\/api.whatsapp.com\/send\/?phone=41799000104"],"publishingPrinciples":"https:\/\/yasminfood.ch\/de\/shop\/","ownershipFundingInfo":"https:\/\/yasminfood.ch\/de\/shop\/"}]},"product_price_amount":"5.95","product_price_currency":"CHF","og_availability":"instock","product_availability":"instock","product_condition":"new"},"jetpack_sharing_enabled":true,"_links":{"self":[{"href":"https:\/\/yasminfood.ch\/de\/wp-json\/wp\/v2\/product\/118038","targetHints":{"allow":["GET"]}}],"collection":[{"href":"https:\/\/yasminfood.ch\/de\/wp-json\/wp\/v2\/product"}],"about":[{"href":"https:\/\/yasminfood.ch\/de\/wp-json\/wp\/v2\/types\/product"}],"replies":[{"embeddable":true,"href":"https:\/\/yasminfood.ch\/de\/wp-json\/wp\/v2\/comments?post=118038"}],"version-history":[{"count":0,"href":"https:\/\/yasminfood.ch\/de\/wp-json\/wp\/v2\/product\/118038\/revisions"}],"wp:featuredmedia":[{"embeddable":true,"href":"https:\/\/yasminfood.ch\/de\/wp-json\/wp\/v2\/media\/117965"}],"wp:attachment":[{"href":"https:\/\/yasminfood.ch\/de\/wp-json\/wp\/v2\/media?parent=118038"}],"wp:term":[{"taxonomy":"product_brand","embeddable":true,"href":"https:\/\/yasminfood.ch\/de\/wp-json\/wp\/v2\/product_brand?post=118038"},{"taxonomy":"product_cat","embeddable":true,"href":"https:\/\/yasminfood.ch\/de\/wp-json\/wp\/v2\/product_cat?post=118038"},{"taxonomy":"product_tag","embeddable":true,"href":"https:\/\/yasminfood.ch\/de\/wp-json\/wp\/v2\/product_tag?post=118038"}],"curies":[{"name":"wp","href":"https:\/\/api.w.org\/{rel}","templated":true}]}}