{"id":118083,"date":"2025-06-30T16:19:08","date_gmt":"2025-06-30T14:36:53","guid":{"rendered":"https:\/\/yasminfood.ch\/product\/original-oki-tonerkartusche-fuchsia-color-magenta\/"},"modified":"2025-06-30T16:36:53","modified_gmt":"2025-06-30T14:36:53","slug":"original-oki-tonerkartusche-fuchsia-color-magenta","status":"publish","type":"product","link":"https:\/\/yasminfood.ch\/de\/product\/original-oki-tonerkartusche-fuchsia-color-magenta\/","title":{"rendered":"Original OKI Tonerkartusche Fuchsia Color (Magenta)"},"content":{"rendered":"<p><strong>Original OKI Tonerkartusche Fuchsia Color (Magenta)<\/strong><\/p>\n<ul>\n<li>\n<p data-start=\"148\" data-end=\"397\">Speziell entwickelt f\u00fcr OKI-Drucker und -Ger\u00e4te der Serien <strong data-start=\"302\" data-end=\"330\">ES8431\/ES8433\/ES8473<\/strong>.<\/p>\n<\/li>\n<li>\n<p data-start=\"148\" data-end=\"397\">Diese Patrone liefert satte, klare Farben und pr\u00e4zise Ergebnisse auf jeder Seite.<\/p>\n<p data-start=\"399\" data-end=\"417\">\u2714\ufe0f <strong data-start=\"402\" data-end=\"415\">Funktionen:<\/strong><\/p>\n<ul data-start=\"418\" data-end=\"730\">\n<li data-start=\"418\" data-end=\"465\">\n<p data-start=\"420\" data-end=\"465\">Garantiertes Originalprodukt von OKI, um eine optimale Leistung zu gew\u00e4hrleisten.<\/p>\n<\/li>\n<li data-start=\"466\" data-end=\"533\">\n<p data-start=\"468\" data-end=\"533\">Kr\u00e4ftige, reine Fuchsia-Farbe, um Ihren Dokumenten und Zeichnungen einen professionellen Touch zu verleihen.<\/p>\n<\/li>\n<li data-start=\"534\" data-end=\"580\">\n<p data-start=\"536\" data-end=\"580\">Kompatibel mit ES8431\/ES8433\/ES8473 Druckern.<\/p>\n<\/li>\n<li data-start=\"581\" data-end=\"662\">\n<p data-start=\"583\" data-end=\"662\">Nur f\u00fcr den Einsatz in Europa, dem Nahen Osten und Afrika bestimmt (deutlich auf der Verpackung angegeben). <\/p>\n<\/li>\n<li data-start=\"663\" data-end=\"730\">\n<p data-start=\"665\" data-end=\"730\">Hohe Druckkapazit\u00e4t, um die Anforderungen der t\u00e4glichen B\u00fcroarbeit effizient zu erf\u00fcllen.<\/p>\n<\/li>\n<\/ul>\n<p data-start=\"732\" data-end=\"841\">\ud83d\udd27 <strong data-start=\"735\" data-end=\"749\">Gebrauchen:<\/strong><br data-start=\"749\" data-end=\"752\">Ideal f\u00fcr Unternehmen, B\u00fcros, Fotokopierer und Druckzentren, die Farbdruckergebnisse in professioneller Qualit\u00e4t ben\u00f6tigen. <\/p>\n<p data-start=\"843\" data-end=\"899\">\ud83d\udce6 <strong data-start=\"846\" data-end=\"863\">Packungsinhalt:<\/strong><br data-start=\"863\" data-end=\"866\">1 \u00d7 Original-Tintenpatrone Magenta von OKI.<\/p>\n<\/li>\n<\/ul>\n","protected":false},"excerpt":{"rendered":"<p><strong>Original OKI Tonerkartusche Fuchsia Color (Magenta)<\/strong><\/p>\n<ul>\n<li>\n<p data-start=\"148\" data-end=\"397\">Speziell entwickelt f\u00fcr OKI-Drucker und -Ger\u00e4te der Serien <strong data-start=\"302\" data-end=\"330\">ES8431\/ES8433\/ES8473<\/strong>.<\/p>\n<\/li>\n<li>\n<p data-start=\"148\" data-end=\"397\">Diese Patrone liefert satte, klare Farben und pr\u00e4zise Ergebnisse auf jeder Seite.<\/p>\n<\/li>\n<\/ul>\n","protected":false},"featured_media":118067,"comment_status":"open","ping_status":"closed","template":"","meta":[],"product_brand":[],"product_cat":[388,2182],"product_tag":[],"class_list":{"0":"post-118083","1":"product","2":"type-product","3":"status-publish","4":"has-post-thumbnail","6":"product_cat-nonfood","7":"product_cat-zubehor","9":"first","10":"instock","11":"taxable","12":"shipping-taxable","13":"purchasable","14":"product-type-simple"},"yoast_head":"<!-- This site is optimized with the Yoast SEO Premium plugin v26.5 (Yoast SEO v27.4) - https:\/\/yoast.com\/product\/yoast-seo-premium-wordpress\/ -->\n<title>Original OKI Tonerkartusche Fuchsia Color (Magenta) - Yasmin Food<\/title>\n<meta name=\"description\" content=\"Holen Sie sich eine original OKI Tintenpatrone in fuchsiafarbener Farbe (Magenta) f\u00fcr eine optimale Druckleistung. Genie\u00dfen Sie satte Farben und klare Ergebnisse auf jeder Seite! \u2714\ufe0f Original OKI Tonerkartusche Fuchsia Color (Magenta)\" \/>\n<meta name=\"robots\" content=\"index, follow, max-snippet:-1, max-image-preview:large, max-video-preview:-1\" \/>\n<link rel=\"canonical\" href=\"https:\/\/yasminfood.ch\/de\/product\/original-oki-tonerkartusche-fuchsia-color-magenta\/\" \/>\n<meta property=\"og:locale\" content=\"de_DE\" \/>\n<meta property=\"og:type\" content=\"article\" \/>\n<meta property=\"og:title\" content=\"Original OKI Tonerkartusche Fuchsia Color (Magenta)\" \/>\n<meta property=\"og:description\" content=\"Original OKI Tonerkartusche Fuchsia Color (Magenta)   Speziell entwickelt f\u00fcr OKI-Drucker und -Ger\u00e4te der Serien ES8431\/ES8433\/ES8473.   Diese Patrone liefert satte, klare Farben und pr\u00e4zise Ergebnisse auf jeder Seite.\" \/>\n<meta property=\"og:url\" content=\"https:\/\/yasminfood.ch\/de\/product\/original-oki-tonerkartusche-fuchsia-color-magenta\/\" \/>\n<meta property=\"og:site_name\" content=\"Yasmin Food\" \/>\n<meta property=\"article:publisher\" content=\"https:\/\/www.facebook.com\/yasminmarkt1\" \/>\n<meta property=\"og:image\" content=\"https:\/\/yasminfood.ch\/wp-content\/uploads\/2025\/06\/\u062e\u0631\u0637\u0648\u0634\u0629-\u062d\u0628\u0631-\u0623\u0635\u0644\u064a\u0629-OKI-\u0644\u0648\u0646-\u0641\u0648\u0634\u064a\u0627-Magenta.png\" \/>\n\t<meta property=\"og:image:width\" content=\"1080\" \/>\n\t<meta property=\"og:image:height\" content=\"1080\" \/>\n\t<meta property=\"og:image:type\" content=\"image\/png\" \/>\n<meta name=\"twitter:card\" content=\"summary_large_image\" \/>\n<meta name=\"twitter:label1\" content=\"Preis\" \/>\n\t<meta name=\"twitter:data1\" content=\"140.00&nbsp;&#067;&#072;&#070;\" \/>\n\t<meta name=\"twitter:label2\" content=\"Verf\u00fcgbarkeit\" \/>\n\t<meta name=\"twitter:data2\" content=\"Auf Lager\" \/>\n<script type=\"application\/ld+json\" class=\"yoast-schema-graph\">{\"@context\":\"https:\\\/\\\/schema.org\",\"@graph\":[{\"@type\":\"WebPage\",\"@id\":\"https:\\\/\\\/yasminfood.ch\\\/de\\\/product\\\/original-oki-tonerkartusche-fuchsia-color-magenta\\\/\",\"url\":\"https:\\\/\\\/yasminfood.ch\\\/de\\\/product\\\/original-oki-tonerkartusche-fuchsia-color-magenta\\\/\",\"name\":\"Original OKI Tonerkartusche Fuchsia Color (Magenta) - Yasmin Food\",\"isPartOf\":{\"@id\":\"https:\\\/\\\/yasminfood.ch\\\/de\\\/#website\"},\"primaryImageOfPage\":{\"@id\":\"https:\\\/\\\/yasminfood.ch\\\/de\\\/product\\\/original-oki-tonerkartusche-fuchsia-color-magenta\\\/#primaryimage\"},\"image\":{\"@id\":\"https:\\\/\\\/yasminfood.ch\\\/de\\\/product\\\/original-oki-tonerkartusche-fuchsia-color-magenta\\\/#primaryimage\"},\"thumbnailUrl\":\"https:\\\/\\\/yasminfood.ch\\\/wp-content\\\/uploads\\\/2025\\\/06\\\/\u062e\u0631\u0637\u0648\u0634\u0629-\u062d\u0628\u0631-\u0623\u0635\u0644\u064a\u0629-OKI-\u0644\u0648\u0646-\u0641\u0648\u0634\u064a\u0627-Magenta.png\",\"datePublished\":\"2025-06-30T14:36:53+00:00\",\"description\":\"Holen Sie sich eine original OKI Tintenpatrone in fuchsiafarbener Farbe (Magenta) f\u00fcr eine optimale Druckleistung. Genie\u00dfen Sie satte Farben und klare Ergebnisse auf jeder Seite! \u2714\ufe0f Original OKI Tonerkartusche Fuchsia Color (Magenta)\",\"breadcrumb\":{\"@id\":\"https:\\\/\\\/yasminfood.ch\\\/de\\\/product\\\/original-oki-tonerkartusche-fuchsia-color-magenta\\\/#breadcrumb\"},\"inLanguage\":\"de\",\"potentialAction\":[{\"@type\":\"ReadAction\",\"target\":[\"https:\\\/\\\/yasminfood.ch\\\/de\\\/product\\\/original-oki-tonerkartusche-fuchsia-color-magenta\\\/\"]}]},{\"@type\":\"ImageObject\",\"inLanguage\":\"de\",\"@id\":\"https:\\\/\\\/yasminfood.ch\\\/de\\\/product\\\/original-oki-tonerkartusche-fuchsia-color-magenta\\\/#primaryimage\",\"url\":\"https:\\\/\\\/yasminfood.ch\\\/wp-content\\\/uploads\\\/2025\\\/06\\\/\u062e\u0631\u0637\u0648\u0634\u0629-\u062d\u0628\u0631-\u0623\u0635\u0644\u064a\u0629-OKI-\u0644\u0648\u0646-\u0641\u0648\u0634\u064a\u0627-Magenta.png\",\"contentUrl\":\"https:\\\/\\\/yasminfood.ch\\\/wp-content\\\/uploads\\\/2025\\\/06\\\/\u062e\u0631\u0637\u0648\u0634\u0629-\u062d\u0628\u0631-\u0623\u0635\u0644\u064a\u0629-OKI-\u0644\u0648\u0646-\u0641\u0648\u0634\u064a\u0627-Magenta.png\",\"width\":1080,\"height\":1080,\"caption\":\"Original OKI Tonerkartusche Fuchsia Color (Magenta)\"},{\"@type\":\"BreadcrumbList\",\"@id\":\"https:\\\/\\\/yasminfood.ch\\\/de\\\/product\\\/original-oki-tonerkartusche-fuchsia-color-magenta\\\/#breadcrumb\",\"itemListElement\":[{\"@type\":\"ListItem\",\"position\":1,\"name\":\"\u0627\u0644\u0631\u0626\u064a\u0633\u064a\u0629\",\"item\":\"https:\\\/\\\/yasminfood.ch\\\/de\\\/zuhause\\\/\"},{\"@type\":\"ListItem\",\"position\":2,\"name\":\"Shop\",\"item\":\"https:\\\/\\\/yasminfood.ch\\\/de\\\/shop\\\/\"},{\"@type\":\"ListItem\",\"position\":3,\"name\":\"Nonfood\",\"item\":\"https:\\\/\\\/yasminfood.ch\\\/de\\\/produkt-kategorie\\\/nonfood\\\/\"},{\"@type\":\"ListItem\",\"position\":4,\"name\":\"Original OKI Tonerkartusche Fuchsia Color (Magenta)\"}]},{\"@type\":\"WebSite\",\"@id\":\"https:\\\/\\\/yasminfood.ch\\\/de\\\/#website\",\"url\":\"https:\\\/\\\/yasminfood.ch\\\/de\\\/\",\"name\":\"\u064a\u0627\u0633\u0645\u064a\u0646 \u0645\u0627\u0631\u0643\u062a\",\"description\":\"Alles, was Sie brauchen, an einem Ort\",\"publisher\":{\"@id\":\"https:\\\/\\\/yasminfood.ch\\\/de\\\/#organization\"},\"alternateName\":\"Yasmin Food\",\"potentialAction\":[{\"@type\":\"SearchAction\",\"target\":{\"@type\":\"EntryPoint\",\"urlTemplate\":\"https:\\\/\\\/yasminfood.ch\\\/de\\\/?s={search_term_string}\"},\"query-input\":{\"@type\":\"PropertyValueSpecification\",\"valueRequired\":true,\"valueName\":\"search_term_string\"}}],\"inLanguage\":\"de\"},{\"@type\":\"Organization\",\"@id\":\"https:\\\/\\\/yasminfood.ch\\\/de\\\/#organization\",\"name\":\"\u064a\u0627\u0633\u0645\u064a\u0646 \u0645\u0627\u0631\u0643\u062a\",\"alternateName\":\"Yasmin Food\",\"url\":\"https:\\\/\\\/yasminfood.ch\\\/de\\\/\",\"logo\":{\"@type\":\"ImageObject\",\"inLanguage\":\"de\",\"@id\":\"https:\\\/\\\/yasminfood.ch\\\/de\\\/#\\\/schema\\\/logo\\\/image\\\/\",\"url\":\"https:\\\/\\\/yasminfood.ch\\\/wp-content\\\/uploads\\\/2025\\\/05\\\/yasmin-food-header-logo.png\",\"contentUrl\":\"https:\\\/\\\/yasminfood.ch\\\/wp-content\\\/uploads\\\/2025\\\/05\\\/yasmin-food-header-logo.png\",\"width\":330,\"height\":120,\"caption\":\"\u064a\u0627\u0633\u0645\u064a\u0646 \u0645\u0627\u0631\u0643\u062a\"},\"image\":{\"@id\":\"https:\\\/\\\/yasminfood.ch\\\/de\\\/#\\\/schema\\\/logo\\\/image\\\/\"},\"sameAs\":[\"https:\\\/\\\/www.facebook.com\\\/yasminmarkt1\",\"https:\\\/\\\/www.tiktok.com\\\/@yasminmarkt\",\"https:\\\/\\\/www.instagram.com\\\/yasmin.markt1\\\/\",\"https:\\\/\\\/api.whatsapp.com\\\/send\\\/?phone=41799000104\"],\"publishingPrinciples\":\"https:\\\/\\\/yasminfood.ch\\\/de\\\/shop\\\/\",\"ownershipFundingInfo\":\"https:\\\/\\\/yasminfood.ch\\\/de\\\/shop\\\/\"}]}<\/script>\n<meta property=\"product:price:amount\" content=\"140.00\" \/>\n<meta property=\"product:price:currency\" content=\"CHF\" \/>\n<meta property=\"og:availability\" content=\"instock\" \/>\n<meta property=\"product:availability\" content=\"instock\" \/>\n<meta property=\"product:condition\" content=\"new\" \/>\n<!-- \/ Yoast SEO Premium plugin. -->","yoast_head_json":{"title":"Original OKI Tonerkartusche Fuchsia Color (Magenta) - Yasmin Food","description":"Holen Sie sich eine original OKI Tintenpatrone in fuchsiafarbener Farbe (Magenta) f\u00fcr eine optimale Druckleistung. Genie\u00dfen Sie satte Farben und klare Ergebnisse auf jeder Seite! \u2714\ufe0f Original OKI Tonerkartusche Fuchsia Color (Magenta)","robots":{"index":"index","follow":"follow","max-snippet":"max-snippet:-1","max-image-preview":"max-image-preview:large","max-video-preview":"max-video-preview:-1"},"canonical":"https:\/\/yasminfood.ch\/de\/product\/original-oki-tonerkartusche-fuchsia-color-magenta\/","og_locale":"de_DE","og_type":"article","og_title":"Original OKI Tonerkartusche Fuchsia Color (Magenta)","og_description":"Original OKI Tonerkartusche Fuchsia Color (Magenta)   Speziell entwickelt f\u00fcr OKI-Drucker und -Ger\u00e4te der Serien ES8431\/ES8433\/ES8473.   Diese Patrone liefert satte, klare Farben und pr\u00e4zise Ergebnisse auf jeder Seite.","og_url":"https:\/\/yasminfood.ch\/de\/product\/original-oki-tonerkartusche-fuchsia-color-magenta\/","og_site_name":"Yasmin Food","article_publisher":"https:\/\/www.facebook.com\/yasminmarkt1","og_image":[{"width":1080,"height":1080,"url":"https:\/\/yasminfood.ch\/wp-content\/uploads\/2025\/06\/\u062e\u0631\u0637\u0648\u0634\u0629-\u062d\u0628\u0631-\u0623\u0635\u0644\u064a\u0629-OKI-\u0644\u0648\u0646-\u0641\u0648\u0634\u064a\u0627-Magenta.png","type":"image\/png"}],"twitter_card":"summary_large_image","twitter_misc":{"Preis":"140.00&nbsp;&#67;&#72;&#70;","Verf\u00fcgbarkeit":"Auf Lager"},"schema":{"@context":"https:\/\/schema.org","@graph":[{"@type":"WebPage","@id":"https:\/\/yasminfood.ch\/de\/product\/original-oki-tonerkartusche-fuchsia-color-magenta\/","url":"https:\/\/yasminfood.ch\/de\/product\/original-oki-tonerkartusche-fuchsia-color-magenta\/","name":"Original OKI Tonerkartusche Fuchsia Color (Magenta) - Yasmin Food","isPartOf":{"@id":"https:\/\/yasminfood.ch\/de\/#website"},"primaryImageOfPage":{"@id":"https:\/\/yasminfood.ch\/de\/product\/original-oki-tonerkartusche-fuchsia-color-magenta\/#primaryimage"},"image":{"@id":"https:\/\/yasminfood.ch\/de\/product\/original-oki-tonerkartusche-fuchsia-color-magenta\/#primaryimage"},"thumbnailUrl":"https:\/\/yasminfood.ch\/wp-content\/uploads\/2025\/06\/\u062e\u0631\u0637\u0648\u0634\u0629-\u062d\u0628\u0631-\u0623\u0635\u0644\u064a\u0629-OKI-\u0644\u0648\u0646-\u0641\u0648\u0634\u064a\u0627-Magenta.png","datePublished":"2025-06-30T14:36:53+00:00","description":"Holen Sie sich eine original OKI Tintenpatrone in fuchsiafarbener Farbe (Magenta) f\u00fcr eine optimale Druckleistung. Genie\u00dfen Sie satte Farben und klare Ergebnisse auf jeder Seite! \u2714\ufe0f Original OKI Tonerkartusche Fuchsia Color (Magenta)","breadcrumb":{"@id":"https:\/\/yasminfood.ch\/de\/product\/original-oki-tonerkartusche-fuchsia-color-magenta\/#breadcrumb"},"inLanguage":"de","potentialAction":[{"@type":"ReadAction","target":["https:\/\/yasminfood.ch\/de\/product\/original-oki-tonerkartusche-fuchsia-color-magenta\/"]}]},{"@type":"ImageObject","inLanguage":"de","@id":"https:\/\/yasminfood.ch\/de\/product\/original-oki-tonerkartusche-fuchsia-color-magenta\/#primaryimage","url":"https:\/\/yasminfood.ch\/wp-content\/uploads\/2025\/06\/\u062e\u0631\u0637\u0648\u0634\u0629-\u062d\u0628\u0631-\u0623\u0635\u0644\u064a\u0629-OKI-\u0644\u0648\u0646-\u0641\u0648\u0634\u064a\u0627-Magenta.png","contentUrl":"https:\/\/yasminfood.ch\/wp-content\/uploads\/2025\/06\/\u062e\u0631\u0637\u0648\u0634\u0629-\u062d\u0628\u0631-\u0623\u0635\u0644\u064a\u0629-OKI-\u0644\u0648\u0646-\u0641\u0648\u0634\u064a\u0627-Magenta.png","width":1080,"height":1080,"caption":"Original OKI Tonerkartusche Fuchsia Color (Magenta)"},{"@type":"BreadcrumbList","@id":"https:\/\/yasminfood.ch\/de\/product\/original-oki-tonerkartusche-fuchsia-color-magenta\/#breadcrumb","itemListElement":[{"@type":"ListItem","position":1,"name":"\u0627\u0644\u0631\u0626\u064a\u0633\u064a\u0629","item":"https:\/\/yasminfood.ch\/de\/zuhause\/"},{"@type":"ListItem","position":2,"name":"Shop","item":"https:\/\/yasminfood.ch\/de\/shop\/"},{"@type":"ListItem","position":3,"name":"Nonfood","item":"https:\/\/yasminfood.ch\/de\/produkt-kategorie\/nonfood\/"},{"@type":"ListItem","position":4,"name":"Original OKI Tonerkartusche Fuchsia Color (Magenta)"}]},{"@type":"WebSite","@id":"https:\/\/yasminfood.ch\/de\/#website","url":"https:\/\/yasminfood.ch\/de\/","name":"\u064a\u0627\u0633\u0645\u064a\u0646 \u0645\u0627\u0631\u0643\u062a","description":"Alles, was Sie brauchen, an einem Ort","publisher":{"@id":"https:\/\/yasminfood.ch\/de\/#organization"},"alternateName":"Yasmin Food","potentialAction":[{"@type":"SearchAction","target":{"@type":"EntryPoint","urlTemplate":"https:\/\/yasminfood.ch\/de\/?s={search_term_string}"},"query-input":{"@type":"PropertyValueSpecification","valueRequired":true,"valueName":"search_term_string"}}],"inLanguage":"de"},{"@type":"Organization","@id":"https:\/\/yasminfood.ch\/de\/#organization","name":"\u064a\u0627\u0633\u0645\u064a\u0646 \u0645\u0627\u0631\u0643\u062a","alternateName":"Yasmin Food","url":"https:\/\/yasminfood.ch\/de\/","logo":{"@type":"ImageObject","inLanguage":"de","@id":"https:\/\/yasminfood.ch\/de\/#\/schema\/logo\/image\/","url":"https:\/\/yasminfood.ch\/wp-content\/uploads\/2025\/05\/yasmin-food-header-logo.png","contentUrl":"https:\/\/yasminfood.ch\/wp-content\/uploads\/2025\/05\/yasmin-food-header-logo.png","width":330,"height":120,"caption":"\u064a\u0627\u0633\u0645\u064a\u0646 \u0645\u0627\u0631\u0643\u062a"},"image":{"@id":"https:\/\/yasminfood.ch\/de\/#\/schema\/logo\/image\/"},"sameAs":["https:\/\/www.facebook.com\/yasminmarkt1","https:\/\/www.tiktok.com\/@yasminmarkt","https:\/\/www.instagram.com\/yasmin.markt1\/","https:\/\/api.whatsapp.com\/send\/?phone=41799000104"],"publishingPrinciples":"https:\/\/yasminfood.ch\/de\/shop\/","ownershipFundingInfo":"https:\/\/yasminfood.ch\/de\/shop\/"}]},"product_price_amount":"140.00","product_price_currency":"CHF","og_availability":"instock","product_availability":"instock","product_condition":"new"},"jetpack_sharing_enabled":true,"_links":{"self":[{"href":"https:\/\/yasminfood.ch\/de\/wp-json\/wp\/v2\/product\/118083","targetHints":{"allow":["GET"]}}],"collection":[{"href":"https:\/\/yasminfood.ch\/de\/wp-json\/wp\/v2\/product"}],"about":[{"href":"https:\/\/yasminfood.ch\/de\/wp-json\/wp\/v2\/types\/product"}],"replies":[{"embeddable":true,"href":"https:\/\/yasminfood.ch\/de\/wp-json\/wp\/v2\/comments?post=118083"}],"version-history":[{"count":0,"href":"https:\/\/yasminfood.ch\/de\/wp-json\/wp\/v2\/product\/118083\/revisions"}],"wp:featuredmedia":[{"embeddable":true,"href":"https:\/\/yasminfood.ch\/de\/wp-json\/wp\/v2\/media\/118067"}],"wp:attachment":[{"href":"https:\/\/yasminfood.ch\/de\/wp-json\/wp\/v2\/media?parent=118083"}],"wp:term":[{"taxonomy":"product_brand","embeddable":true,"href":"https:\/\/yasminfood.ch\/de\/wp-json\/wp\/v2\/product_brand?post=118083"},{"taxonomy":"product_cat","embeddable":true,"href":"https:\/\/yasminfood.ch\/de\/wp-json\/wp\/v2\/product_cat?post=118083"},{"taxonomy":"product_tag","embeddable":true,"href":"https:\/\/yasminfood.ch\/de\/wp-json\/wp\/v2\/product_tag?post=118083"}],"curies":[{"name":"wp","href":"https:\/\/api.w.org\/{rel}","templated":true}]}}