{"id":118085,"date":"2025-06-30T16:23:51","date_gmt":"2025-06-30T14:36:55","guid":{"rendered":"https:\/\/yasminfood.ch\/product\/original-oki-tintenpatrone-schwarz-black\/"},"modified":"2025-06-30T16:36:55","modified_gmt":"2025-06-30T14:36:55","slug":"original-oki-tintenpatrone-schwarz-black","status":"publish","type":"product","link":"https:\/\/yasminfood.ch\/de\/product\/original-oki-tintenpatrone-schwarz-black\/","title":{"rendered":"Original OKI Tintenpatrone Schwarz (Black)"},"content":{"rendered":"<p><strong>Original OKI Tintenpatrone schwarz (Black),<\/strong><\/p>\n<ul>\n<li>\n<p data-start=\"150\" data-end=\"398\">Speziell f\u00fcr OKI-Drucker und -Maschinen der <strong>Serien ES8431 \/ ES8433 \/ ES8473 entwickelt. <\/strong> <\/p>\n<\/li>\n<li>\n<p data-start=\"150\" data-end=\"398\">Mit dieser Cartridge erhalten Sie auf jeder Seite gestochen scharfen, dunklen Text und pr\u00e4zise Bilder in professioneller Qualit\u00e4t.<\/p>\n<p data-start=\"400\" data-end=\"418\">\u2714\ufe0f <strong data-start=\"403\" data-end=\"416\">Funktionen:<\/strong><\/p>\n<ul data-start=\"419\" data-end=\"734\">\n<li data-start=\"419\" data-end=\"475\">\n<p data-start=\"421\" data-end=\"475\">Garantiertes Originalprodukt von OKI f\u00fcr zuverl\u00e4ssige Leistung und st\u00f6rungsfreies Drucken.<\/p>\n<\/li>\n<li data-start=\"476\" data-end=\"532\">\n<p data-start=\"478\" data-end=\"532\">Intensive und klare schwarze Farbe, die f\u00fcr offizielle Texte und Dokumente geeignet ist.<\/p>\n<\/li>\n<li data-start=\"533\" data-end=\"579\">\n<p data-start=\"535\" data-end=\"579\">Kompatibel mit ES8431\/ES8433\/ES8473 Druckern.<\/p>\n<\/li>\n<li data-start=\"580\" data-end=\"661\">\n<p data-start=\"582\" data-end=\"661\">Entwickelt nur f\u00fcr den Einsatz in Europa, dem Nahen Osten und Afrika (deutlich auf der Verpackung angegeben). <\/p>\n<\/li>\n<li data-start=\"662\" data-end=\"734\">\n<p data-start=\"664\" data-end=\"734\">Gro\u00dfe Druckkapazit\u00e4t, um die Anforderungen der t\u00e4glichen B\u00fcroarbeit mit hoher Effizienz zu erf\u00fcllen.<\/p>\n<\/li>\n<\/ul>\n<p data-start=\"736\" data-end=\"857\">\ud83d\udd27 <strong data-start=\"739\" data-end=\"753\">Gebrauchen:<\/strong><br data-start=\"753\" data-end=\"756\">Ideal f\u00fcr Unternehmen, B\u00fcros, Schulen sowie Kopier- und Druckzentren, die professionelle, qualit\u00e4tsgesicherte Druckergebnisse ben\u00f6tigen. <\/p>\n<p data-start=\"859\" data-end=\"913\">\ud83d\udce6 <strong data-start=\"862\" data-end=\"879\">Packungsinhalt:<\/strong><br data-start=\"879\" data-end=\"882\">1 \u00d7 Original OKI Tintenpatrone Schwarz.<\/p>\n<\/li>\n<\/ul>\n","protected":false},"excerpt":{"rendered":"<p><strong>Original OKI Tintenpatrone Schwarz (Black)<\/strong><\/p>\n<ul>\n<li>\n<p data-start=\"150\" data-end=\"398\">Mit dieser Cartridge erhalten Sie auf jeder Seite gestochen scharfen, dunklen Text und pr\u00e4zise Bilder in professioneller Qualit\u00e4t.<\/p>\n<\/li>\n<\/ul>\n","protected":false},"featured_media":118072,"comment_status":"open","ping_status":"closed","template":"","meta":[],"product_brand":[],"product_cat":[388,2182],"product_tag":[],"class_list":{"0":"post-118085","1":"product","2":"type-product","3":"status-publish","4":"has-post-thumbnail","6":"product_cat-nonfood","7":"product_cat-zubehor","9":"first","10":"instock","11":"taxable","12":"shipping-taxable","13":"purchasable","14":"product-type-simple"},"yoast_head":"<!-- This site is optimized with the Yoast SEO Premium plugin v26.5 (Yoast SEO v27.3) - https:\/\/yoast.com\/product\/yoast-seo-premium-wordpress\/ -->\n<title>Original OKI Tintenpatrone Schwarz (Black) - Yasmin Food<\/title>\n<meta name=\"description\" content=\"Holen Sie sich professionellen Druck mit der perfekten schwarzen (Black) Original-Tintenpatrone f\u00fcr Ihre Drucker. Sorgen Sie f\u00fcr perfekte Qualit\u00e4t und Leistung auf jeder Seite! \u2714\ufe0f Yasmin Food\" \/>\n<meta name=\"robots\" content=\"index, follow, max-snippet:-1, max-image-preview:large, max-video-preview:-1\" \/>\n<link rel=\"canonical\" href=\"https:\/\/yasminfood.ch\/de\/product\/original-oki-tintenpatrone-schwarz-black\/\" \/>\n<meta property=\"og:locale\" content=\"de_DE\" \/>\n<meta property=\"og:type\" content=\"article\" \/>\n<meta property=\"og:title\" content=\"Original OKI Tintenpatrone Schwarz (Black)\" \/>\n<meta property=\"og:description\" content=\"Original OKI Tintenpatrone Schwarz (Black)   Mit dieser Cartridge erhalten Sie auf jeder Seite gestochen scharfen, dunklen Text und pr\u00e4zise Bilder in professioneller Qualit\u00e4t.\" \/>\n<meta property=\"og:url\" content=\"https:\/\/yasminfood.ch\/de\/product\/original-oki-tintenpatrone-schwarz-black\/\" \/>\n<meta property=\"og:site_name\" content=\"Yasmin Food\" \/>\n<meta property=\"article:publisher\" content=\"https:\/\/www.facebook.com\/yasminmarkt1\" \/>\n<meta property=\"og:image\" content=\"https:\/\/yasminfood.ch\/wp-content\/uploads\/2025\/06\/\u062e\u0631\u0637\u0648\u0634\u0629-\u062d\u0628\u0631-\u0623\u0635\u0644\u064a\u0629-OKI-\u0644\u0648\u0646-\u0623\u0633\u0648\u062f-Black.png\" \/>\n\t<meta property=\"og:image:width\" content=\"1080\" \/>\n\t<meta property=\"og:image:height\" content=\"1080\" \/>\n\t<meta property=\"og:image:type\" content=\"image\/png\" \/>\n<meta name=\"twitter:card\" content=\"summary_large_image\" \/>\n<meta name=\"twitter:label1\" content=\"Preis\" \/>\n\t<meta name=\"twitter:data1\" content=\"87.00&nbsp;&#067;&#072;&#070;\" \/>\n\t<meta name=\"twitter:label2\" content=\"Verf\u00fcgbarkeit\" \/>\n\t<meta name=\"twitter:data2\" content=\"Auf Lager\" \/>\n<script type=\"application\/ld+json\" class=\"yoast-schema-graph\">{\"@context\":\"https:\\\/\\\/schema.org\",\"@graph\":[{\"@type\":\"WebPage\",\"@id\":\"https:\\\/\\\/yasminfood.ch\\\/de\\\/product\\\/original-oki-tintenpatrone-schwarz-black\\\/\",\"url\":\"https:\\\/\\\/yasminfood.ch\\\/de\\\/product\\\/original-oki-tintenpatrone-schwarz-black\\\/\",\"name\":\"Original OKI Tintenpatrone Schwarz (Black) - Yasmin Food\",\"isPartOf\":{\"@id\":\"https:\\\/\\\/yasminfood.ch\\\/de\\\/#website\"},\"primaryImageOfPage\":{\"@id\":\"https:\\\/\\\/yasminfood.ch\\\/de\\\/product\\\/original-oki-tintenpatrone-schwarz-black\\\/#primaryimage\"},\"image\":{\"@id\":\"https:\\\/\\\/yasminfood.ch\\\/de\\\/product\\\/original-oki-tintenpatrone-schwarz-black\\\/#primaryimage\"},\"thumbnailUrl\":\"https:\\\/\\\/yasminfood.ch\\\/wp-content\\\/uploads\\\/2025\\\/06\\\/\u062e\u0631\u0637\u0648\u0634\u0629-\u062d\u0628\u0631-\u0623\u0635\u0644\u064a\u0629-OKI-\u0644\u0648\u0646-\u0623\u0633\u0648\u062f-Black.png\",\"datePublished\":\"2025-06-30T14:36:55+00:00\",\"description\":\"Holen Sie sich professionellen Druck mit der perfekten schwarzen (Black) Original-Tintenpatrone f\u00fcr Ihre Drucker. Sorgen Sie f\u00fcr perfekte Qualit\u00e4t und Leistung auf jeder Seite! \u2714\ufe0f Yasmin Food\",\"breadcrumb\":{\"@id\":\"https:\\\/\\\/yasminfood.ch\\\/de\\\/product\\\/original-oki-tintenpatrone-schwarz-black\\\/#breadcrumb\"},\"inLanguage\":\"de\",\"potentialAction\":[{\"@type\":\"ReadAction\",\"target\":[\"https:\\\/\\\/yasminfood.ch\\\/de\\\/product\\\/original-oki-tintenpatrone-schwarz-black\\\/\"]}]},{\"@type\":\"ImageObject\",\"inLanguage\":\"de\",\"@id\":\"https:\\\/\\\/yasminfood.ch\\\/de\\\/product\\\/original-oki-tintenpatrone-schwarz-black\\\/#primaryimage\",\"url\":\"https:\\\/\\\/yasminfood.ch\\\/wp-content\\\/uploads\\\/2025\\\/06\\\/\u062e\u0631\u0637\u0648\u0634\u0629-\u062d\u0628\u0631-\u0623\u0635\u0644\u064a\u0629-OKI-\u0644\u0648\u0646-\u0623\u0633\u0648\u062f-Black.png\",\"contentUrl\":\"https:\\\/\\\/yasminfood.ch\\\/wp-content\\\/uploads\\\/2025\\\/06\\\/\u062e\u0631\u0637\u0648\u0634\u0629-\u062d\u0628\u0631-\u0623\u0635\u0644\u064a\u0629-OKI-\u0644\u0648\u0646-\u0623\u0633\u0648\u062f-Black.png\",\"width\":1080,\"height\":1080,\"caption\":\"Original OKI Tintenpatrone Schwarz (Black)\"},{\"@type\":\"BreadcrumbList\",\"@id\":\"https:\\\/\\\/yasminfood.ch\\\/de\\\/product\\\/original-oki-tintenpatrone-schwarz-black\\\/#breadcrumb\",\"itemListElement\":[{\"@type\":\"ListItem\",\"position\":1,\"name\":\"\u0627\u0644\u0631\u0626\u064a\u0633\u064a\u0629\",\"item\":\"https:\\\/\\\/yasminfood.ch\\\/de\\\/zuhause\\\/\"},{\"@type\":\"ListItem\",\"position\":2,\"name\":\"Shop\",\"item\":\"https:\\\/\\\/yasminfood.ch\\\/de\\\/shop\\\/\"},{\"@type\":\"ListItem\",\"position\":3,\"name\":\"Nonfood\",\"item\":\"https:\\\/\\\/yasminfood.ch\\\/de\\\/produkt-kategorie\\\/nonfood\\\/\"},{\"@type\":\"ListItem\",\"position\":4,\"name\":\"Original OKI Tintenpatrone Schwarz (Black)\"}]},{\"@type\":\"WebSite\",\"@id\":\"https:\\\/\\\/yasminfood.ch\\\/de\\\/#website\",\"url\":\"https:\\\/\\\/yasminfood.ch\\\/de\\\/\",\"name\":\"\u064a\u0627\u0633\u0645\u064a\u0646 \u0645\u0627\u0631\u0643\u062a\",\"description\":\"Alles, was Sie brauchen, an einem Ort\",\"publisher\":{\"@id\":\"https:\\\/\\\/yasminfood.ch\\\/de\\\/#organization\"},\"alternateName\":\"Yasmin Food\",\"potentialAction\":[{\"@type\":\"SearchAction\",\"target\":{\"@type\":\"EntryPoint\",\"urlTemplate\":\"https:\\\/\\\/yasminfood.ch\\\/de\\\/?s={search_term_string}\"},\"query-input\":{\"@type\":\"PropertyValueSpecification\",\"valueRequired\":true,\"valueName\":\"search_term_string\"}}],\"inLanguage\":\"de\"},{\"@type\":\"Organization\",\"@id\":\"https:\\\/\\\/yasminfood.ch\\\/de\\\/#organization\",\"name\":\"\u064a\u0627\u0633\u0645\u064a\u0646 \u0645\u0627\u0631\u0643\u062a\",\"alternateName\":\"Yasmin Food\",\"url\":\"https:\\\/\\\/yasminfood.ch\\\/de\\\/\",\"logo\":{\"@type\":\"ImageObject\",\"inLanguage\":\"de\",\"@id\":\"https:\\\/\\\/yasminfood.ch\\\/de\\\/#\\\/schema\\\/logo\\\/image\\\/\",\"url\":\"https:\\\/\\\/yasminfood.ch\\\/wp-content\\\/uploads\\\/2025\\\/05\\\/yasmin-food-header-logo.png\",\"contentUrl\":\"https:\\\/\\\/yasminfood.ch\\\/wp-content\\\/uploads\\\/2025\\\/05\\\/yasmin-food-header-logo.png\",\"width\":330,\"height\":120,\"caption\":\"\u064a\u0627\u0633\u0645\u064a\u0646 \u0645\u0627\u0631\u0643\u062a\"},\"image\":{\"@id\":\"https:\\\/\\\/yasminfood.ch\\\/de\\\/#\\\/schema\\\/logo\\\/image\\\/\"},\"sameAs\":[\"https:\\\/\\\/www.facebook.com\\\/yasminmarkt1\",\"https:\\\/\\\/www.tiktok.com\\\/@yasminmarkt\",\"https:\\\/\\\/www.instagram.com\\\/yasmin.markt1\\\/\",\"https:\\\/\\\/api.whatsapp.com\\\/send\\\/?phone=41799000104\"],\"publishingPrinciples\":\"https:\\\/\\\/yasminfood.ch\\\/de\\\/shop\\\/\",\"ownershipFundingInfo\":\"https:\\\/\\\/yasminfood.ch\\\/de\\\/shop\\\/\"}]}<\/script>\n<meta property=\"product:price:amount\" content=\"87.00\" \/>\n<meta property=\"product:price:currency\" content=\"CHF\" \/>\n<meta property=\"og:availability\" content=\"instock\" \/>\n<meta property=\"product:availability\" content=\"instock\" \/>\n<meta property=\"product:condition\" content=\"new\" \/>\n<!-- \/ Yoast SEO Premium plugin. -->","yoast_head_json":{"title":"Original OKI Tintenpatrone Schwarz (Black) - Yasmin Food","description":"Holen Sie sich professionellen Druck mit der perfekten schwarzen (Black) Original-Tintenpatrone f\u00fcr Ihre Drucker. Sorgen Sie f\u00fcr perfekte Qualit\u00e4t und Leistung auf jeder Seite! \u2714\ufe0f Yasmin Food","robots":{"index":"index","follow":"follow","max-snippet":"max-snippet:-1","max-image-preview":"max-image-preview:large","max-video-preview":"max-video-preview:-1"},"canonical":"https:\/\/yasminfood.ch\/de\/product\/original-oki-tintenpatrone-schwarz-black\/","og_locale":"de_DE","og_type":"article","og_title":"Original OKI Tintenpatrone Schwarz (Black)","og_description":"Original OKI Tintenpatrone Schwarz (Black)   Mit dieser Cartridge erhalten Sie auf jeder Seite gestochen scharfen, dunklen Text und pr\u00e4zise Bilder in professioneller Qualit\u00e4t.","og_url":"https:\/\/yasminfood.ch\/de\/product\/original-oki-tintenpatrone-schwarz-black\/","og_site_name":"Yasmin Food","article_publisher":"https:\/\/www.facebook.com\/yasminmarkt1","og_image":[{"width":1080,"height":1080,"url":"https:\/\/yasminfood.ch\/wp-content\/uploads\/2025\/06\/\u062e\u0631\u0637\u0648\u0634\u0629-\u062d\u0628\u0631-\u0623\u0635\u0644\u064a\u0629-OKI-\u0644\u0648\u0646-\u0623\u0633\u0648\u062f-Black.png","type":"image\/png"}],"twitter_card":"summary_large_image","twitter_misc":{"Preis":"87.00&nbsp;&#67;&#72;&#70;","Verf\u00fcgbarkeit":"Auf Lager"},"schema":{"@context":"https:\/\/schema.org","@graph":[{"@type":"WebPage","@id":"https:\/\/yasminfood.ch\/de\/product\/original-oki-tintenpatrone-schwarz-black\/","url":"https:\/\/yasminfood.ch\/de\/product\/original-oki-tintenpatrone-schwarz-black\/","name":"Original OKI Tintenpatrone Schwarz (Black) - Yasmin Food","isPartOf":{"@id":"https:\/\/yasminfood.ch\/de\/#website"},"primaryImageOfPage":{"@id":"https:\/\/yasminfood.ch\/de\/product\/original-oki-tintenpatrone-schwarz-black\/#primaryimage"},"image":{"@id":"https:\/\/yasminfood.ch\/de\/product\/original-oki-tintenpatrone-schwarz-black\/#primaryimage"},"thumbnailUrl":"https:\/\/yasminfood.ch\/wp-content\/uploads\/2025\/06\/\u062e\u0631\u0637\u0648\u0634\u0629-\u062d\u0628\u0631-\u0623\u0635\u0644\u064a\u0629-OKI-\u0644\u0648\u0646-\u0623\u0633\u0648\u062f-Black.png","datePublished":"2025-06-30T14:36:55+00:00","description":"Holen Sie sich professionellen Druck mit der perfekten schwarzen (Black) Original-Tintenpatrone f\u00fcr Ihre Drucker. Sorgen Sie f\u00fcr perfekte Qualit\u00e4t und Leistung auf jeder Seite! \u2714\ufe0f Yasmin Food","breadcrumb":{"@id":"https:\/\/yasminfood.ch\/de\/product\/original-oki-tintenpatrone-schwarz-black\/#breadcrumb"},"inLanguage":"de","potentialAction":[{"@type":"ReadAction","target":["https:\/\/yasminfood.ch\/de\/product\/original-oki-tintenpatrone-schwarz-black\/"]}]},{"@type":"ImageObject","inLanguage":"de","@id":"https:\/\/yasminfood.ch\/de\/product\/original-oki-tintenpatrone-schwarz-black\/#primaryimage","url":"https:\/\/yasminfood.ch\/wp-content\/uploads\/2025\/06\/\u062e\u0631\u0637\u0648\u0634\u0629-\u062d\u0628\u0631-\u0623\u0635\u0644\u064a\u0629-OKI-\u0644\u0648\u0646-\u0623\u0633\u0648\u062f-Black.png","contentUrl":"https:\/\/yasminfood.ch\/wp-content\/uploads\/2025\/06\/\u062e\u0631\u0637\u0648\u0634\u0629-\u062d\u0628\u0631-\u0623\u0635\u0644\u064a\u0629-OKI-\u0644\u0648\u0646-\u0623\u0633\u0648\u062f-Black.png","width":1080,"height":1080,"caption":"Original OKI Tintenpatrone Schwarz (Black)"},{"@type":"BreadcrumbList","@id":"https:\/\/yasminfood.ch\/de\/product\/original-oki-tintenpatrone-schwarz-black\/#breadcrumb","itemListElement":[{"@type":"ListItem","position":1,"name":"\u0627\u0644\u0631\u0626\u064a\u0633\u064a\u0629","item":"https:\/\/yasminfood.ch\/de\/zuhause\/"},{"@type":"ListItem","position":2,"name":"Shop","item":"https:\/\/yasminfood.ch\/de\/shop\/"},{"@type":"ListItem","position":3,"name":"Nonfood","item":"https:\/\/yasminfood.ch\/de\/produkt-kategorie\/nonfood\/"},{"@type":"ListItem","position":4,"name":"Original OKI Tintenpatrone Schwarz (Black)"}]},{"@type":"WebSite","@id":"https:\/\/yasminfood.ch\/de\/#website","url":"https:\/\/yasminfood.ch\/de\/","name":"\u064a\u0627\u0633\u0645\u064a\u0646 \u0645\u0627\u0631\u0643\u062a","description":"Alles, was Sie brauchen, an einem Ort","publisher":{"@id":"https:\/\/yasminfood.ch\/de\/#organization"},"alternateName":"Yasmin Food","potentialAction":[{"@type":"SearchAction","target":{"@type":"EntryPoint","urlTemplate":"https:\/\/yasminfood.ch\/de\/?s={search_term_string}"},"query-input":{"@type":"PropertyValueSpecification","valueRequired":true,"valueName":"search_term_string"}}],"inLanguage":"de"},{"@type":"Organization","@id":"https:\/\/yasminfood.ch\/de\/#organization","name":"\u064a\u0627\u0633\u0645\u064a\u0646 \u0645\u0627\u0631\u0643\u062a","alternateName":"Yasmin Food","url":"https:\/\/yasminfood.ch\/de\/","logo":{"@type":"ImageObject","inLanguage":"de","@id":"https:\/\/yasminfood.ch\/de\/#\/schema\/logo\/image\/","url":"https:\/\/yasminfood.ch\/wp-content\/uploads\/2025\/05\/yasmin-food-header-logo.png","contentUrl":"https:\/\/yasminfood.ch\/wp-content\/uploads\/2025\/05\/yasmin-food-header-logo.png","width":330,"height":120,"caption":"\u064a\u0627\u0633\u0645\u064a\u0646 \u0645\u0627\u0631\u0643\u062a"},"image":{"@id":"https:\/\/yasminfood.ch\/de\/#\/schema\/logo\/image\/"},"sameAs":["https:\/\/www.facebook.com\/yasminmarkt1","https:\/\/www.tiktok.com\/@yasminmarkt","https:\/\/www.instagram.com\/yasmin.markt1\/","https:\/\/api.whatsapp.com\/send\/?phone=41799000104"],"publishingPrinciples":"https:\/\/yasminfood.ch\/de\/shop\/","ownershipFundingInfo":"https:\/\/yasminfood.ch\/de\/shop\/"}]},"product_price_amount":"87.00","product_price_currency":"CHF","og_availability":"instock","product_availability":"instock","product_condition":"new"},"jetpack_sharing_enabled":true,"_links":{"self":[{"href":"https:\/\/yasminfood.ch\/de\/wp-json\/wp\/v2\/product\/118085","targetHints":{"allow":["GET"]}}],"collection":[{"href":"https:\/\/yasminfood.ch\/de\/wp-json\/wp\/v2\/product"}],"about":[{"href":"https:\/\/yasminfood.ch\/de\/wp-json\/wp\/v2\/types\/product"}],"replies":[{"embeddable":true,"href":"https:\/\/yasminfood.ch\/de\/wp-json\/wp\/v2\/comments?post=118085"}],"version-history":[{"count":0,"href":"https:\/\/yasminfood.ch\/de\/wp-json\/wp\/v2\/product\/118085\/revisions"}],"wp:featuredmedia":[{"embeddable":true,"href":"https:\/\/yasminfood.ch\/de\/wp-json\/wp\/v2\/media\/118072"}],"wp:attachment":[{"href":"https:\/\/yasminfood.ch\/de\/wp-json\/wp\/v2\/media?parent=118085"}],"wp:term":[{"taxonomy":"product_brand","embeddable":true,"href":"https:\/\/yasminfood.ch\/de\/wp-json\/wp\/v2\/product_brand?post=118085"},{"taxonomy":"product_cat","embeddable":true,"href":"https:\/\/yasminfood.ch\/de\/wp-json\/wp\/v2\/product_cat?post=118085"},{"taxonomy":"product_tag","embeddable":true,"href":"https:\/\/yasminfood.ch\/de\/wp-json\/wp\/v2\/product_tag?post=118085"}],"curies":[{"name":"wp","href":"https:\/\/api.w.org\/{rel}","templated":true}]}}