{"id":118098,"date":"2025-06-30T16:54:23","date_gmt":"2025-06-30T14:55:29","guid":{"rendered":"https:\/\/yasminfood.ch\/product\/gemischte-blumen-100g-sonnen\/"},"modified":"2025-06-30T16:55:29","modified_gmt":"2025-06-30T14:55:29","slug":"gemischte-blumen-100g-sonnen","status":"publish","type":"product","link":"https:\/\/yasminfood.ch\/de\/product\/gemischte-blumen-100g-sonnen\/","title":{"rendered":"Gemischte Blumen 100g Sonnen"},"content":{"rendered":"<p><strong>Gemischte Blumen 100g Sonnen<\/strong><\/p>\n<ul>\n<li data-start=\"119\" data-end=\"317\">Eine luxuri\u00f6se Mischung aus den besten Blumen und sorgf\u00e4ltig getrockneten nat\u00fcrlichen Kr\u00e4utern<\/li>\n<li data-start=\"119\" data-end=\"317\">Es gibt Ihnen eine warme Tasse mit einem unverwechselbaren aromatischen Duft und einem ruhigen Geschmack, der Ihren Tag erfrischt und Ihnen ein Gef\u00fchl von Komfort und Entspannung vermittelt.<\/li>\n<\/ul>\n<p data-start=\"319\" data-end=\"337\">\u2714\ufe0f <strong data-start=\"322\" data-end=\"335\">Funktionen:<\/strong><\/p>\n<ul>\n<li data-start=\"338\" data-end=\"400\">\n<p data-start=\"340\" data-end=\"400\">Eine 100% nat\u00fcrliche Mischung aus Kr\u00e4utern und Bl\u00fcten ohne k\u00fcnstliche Zusatzstoffe.<\/p>\n<\/li>\n<li data-start=\"401\" data-end=\"442\">\n<p data-start=\"403\" data-end=\"442\">Hilft, die Nerven zu beruhigen und die Stimmung zu verbessern<\/p>\n<\/li>\n<li data-start=\"443\" data-end=\"490\">\n<p data-start=\"445\" data-end=\"490\">Geeignet f\u00fcr den t\u00e4glichen Gebrauch als warmes oder kaltes Getr\u00e4nk.<\/p>\n<\/li>\n<li data-start=\"491\" data-end=\"541\">\n<p data-start=\"493\" data-end=\"541\">Hochwertige syrische Herstellung, zuverl\u00e4ssige Marke. <\/p>\n<\/li>\n<li data-start=\"491\" data-end=\"541\">\n<p data-start=\"493\" data-end=\"541\"><strong data-start=\"574\" data-end=\"594\">Wie benutzt man:<\/strong><\/p>\n<\/li>\n<li data-start=\"571\" data-end=\"706\">Geben Sie einen Essl\u00f6ffel Bl\u00fcten in eine Tasse kochendes Wasser und lassen Sie es 5-7 Minuten lang abdecken, um einen konzentrierten Geschmack und volle Vorteile zu erzielen.<\/li>\n<\/ul>\n","protected":false},"excerpt":{"rendered":"<p><strong>Gemischte Blumen 100g Sonnen<\/strong><\/p>\n<ul>\n<li data-start=\"119\" data-end=\"317\">Eine luxuri\u00f6se Mischung aus den besten Blumen und sorgf\u00e4ltig getrockneten nat\u00fcrlichen Kr\u00e4utern<\/li>\n<li data-start=\"119\" data-end=\"317\">Es gibt Ihnen eine warme Tasse mit einem unverwechselbaren aromatischen Duft und einem ruhigen Geschmack, der Ihren Tag erfrischt und Ihnen ein Gef\u00fchl von Komfort und Entspannung vermittelt.<\/li>\n<\/ul>\n","protected":false},"featured_media":118096,"comment_status":"open","ping_status":"closed","template":"","meta":[],"product_brand":[],"product_cat":[367,385,377],"product_tag":[],"class_list":{"0":"post-118098","1":"product","2":"type-product","3":"status-publish","4":"has-post-thumbnail","6":"product_cat-getraenke-fluessigkeiten","7":"product_cat-puddingpulver","8":"product_cat-tee","10":"first","11":"instock","12":"taxable","13":"shipping-taxable","14":"purchasable","15":"product-type-simple"},"yoast_head":"<!-- This site is optimized with the Yoast SEO Premium plugin v26.5 (Yoast SEO v27.3) - https:\/\/yoast.com\/product\/yoast-seo-premium-wordpress\/ -->\n<title>Gemischte Blumen 100g Sonnen - Yasmin Food<\/title>\n<meta name=\"description\" content=\"Genie\u00dfen Sie eine Tasse gemischte Bl\u00fcten 100 g Sonne, eine nat\u00fcrliche Mischung, die Ihren Tag mit einem unverwechselbaren Aroma und einem einzigartigen Geschmack erfrischt. Probieren Sie es noch heute aus und entspannen Sie sich! Yasmin Food\" \/>\n<meta name=\"robots\" content=\"index, follow, max-snippet:-1, max-image-preview:large, max-video-preview:-1\" \/>\n<link rel=\"canonical\" href=\"https:\/\/yasminfood.ch\/de\/product\/gemischte-blumen-100g-sonnen\/\" \/>\n<meta property=\"og:locale\" content=\"de_DE\" \/>\n<meta property=\"og:type\" content=\"article\" \/>\n<meta property=\"og:title\" content=\"Gemischte Blumen 100g Sonnen\" \/>\n<meta property=\"og:description\" content=\"Gemischte Blumen 100g Sonnen  Eine luxuri\u00f6se Mischung aus den besten Blumen und sorgf\u00e4ltig getrockneten nat\u00fcrlichen Kr\u00e4utern  Es gibt Ihnen eine warme Tasse mit einem unverwechselbaren aromatischen Duft und einem ruhigen Geschmack, der Ihren Tag erfrischt und Ihnen ein Gef\u00fchl von Komfort und Entspannung vermittelt.\" \/>\n<meta property=\"og:url\" content=\"https:\/\/yasminfood.ch\/de\/product\/gemischte-blumen-100g-sonnen\/\" \/>\n<meta property=\"og:site_name\" content=\"Yasmin Food\" \/>\n<meta property=\"article:publisher\" content=\"https:\/\/www.facebook.com\/yasminmarkt1\" \/>\n<meta property=\"og:image\" content=\"https:\/\/yasminfood.ch\/wp-content\/uploads\/2025\/06\/\u0632\u0647\u0648\u0631\u0627\u062a-\u0645\u0634\u0643\u0644\u0629-100\u063a-\u0634\u0645\u0633\u064a\u0646.png\" \/>\n\t<meta property=\"og:image:width\" content=\"1080\" \/>\n\t<meta property=\"og:image:height\" content=\"1080\" \/>\n\t<meta property=\"og:image:type\" content=\"image\/png\" \/>\n<meta name=\"twitter:card\" content=\"summary_large_image\" \/>\n<meta name=\"twitter:label1\" content=\"Preis\" \/>\n\t<meta name=\"twitter:data1\" content=\"4.95&nbsp;&#067;&#072;&#070;\" \/>\n\t<meta name=\"twitter:label2\" content=\"Verf\u00fcgbarkeit\" \/>\n\t<meta name=\"twitter:data2\" content=\"Auf Lager\" \/>\n<script type=\"application\/ld+json\" class=\"yoast-schema-graph\">{\"@context\":\"https:\\\/\\\/schema.org\",\"@graph\":[{\"@type\":\"WebPage\",\"@id\":\"https:\\\/\\\/yasminfood.ch\\\/de\\\/product\\\/gemischte-blumen-100g-sonnen\\\/\",\"url\":\"https:\\\/\\\/yasminfood.ch\\\/de\\\/product\\\/gemischte-blumen-100g-sonnen\\\/\",\"name\":\"Gemischte Blumen 100g Sonnen - Yasmin Food\",\"isPartOf\":{\"@id\":\"https:\\\/\\\/yasminfood.ch\\\/de\\\/#website\"},\"primaryImageOfPage\":{\"@id\":\"https:\\\/\\\/yasminfood.ch\\\/de\\\/product\\\/gemischte-blumen-100g-sonnen\\\/#primaryimage\"},\"image\":{\"@id\":\"https:\\\/\\\/yasminfood.ch\\\/de\\\/product\\\/gemischte-blumen-100g-sonnen\\\/#primaryimage\"},\"thumbnailUrl\":\"https:\\\/\\\/yasminfood.ch\\\/wp-content\\\/uploads\\\/2025\\\/06\\\/\u0632\u0647\u0648\u0631\u0627\u062a-\u0645\u0634\u0643\u0644\u0629-100\u063a-\u0634\u0645\u0633\u064a\u0646.png\",\"datePublished\":\"2025-06-30T14:55:29+00:00\",\"description\":\"Genie\u00dfen Sie eine Tasse gemischte Bl\u00fcten 100 g Sonne, eine nat\u00fcrliche Mischung, die Ihren Tag mit einem unverwechselbaren Aroma und einem einzigartigen Geschmack erfrischt. Probieren Sie es noch heute aus und entspannen Sie sich! Yasmin Food\",\"breadcrumb\":{\"@id\":\"https:\\\/\\\/yasminfood.ch\\\/de\\\/product\\\/gemischte-blumen-100g-sonnen\\\/#breadcrumb\"},\"inLanguage\":\"de\",\"potentialAction\":[{\"@type\":\"ReadAction\",\"target\":[\"https:\\\/\\\/yasminfood.ch\\\/de\\\/product\\\/gemischte-blumen-100g-sonnen\\\/\"]}]},{\"@type\":\"ImageObject\",\"inLanguage\":\"de\",\"@id\":\"https:\\\/\\\/yasminfood.ch\\\/de\\\/product\\\/gemischte-blumen-100g-sonnen\\\/#primaryimage\",\"url\":\"https:\\\/\\\/yasminfood.ch\\\/wp-content\\\/uploads\\\/2025\\\/06\\\/\u0632\u0647\u0648\u0631\u0627\u062a-\u0645\u0634\u0643\u0644\u0629-100\u063a-\u0634\u0645\u0633\u064a\u0646.png\",\"contentUrl\":\"https:\\\/\\\/yasminfood.ch\\\/wp-content\\\/uploads\\\/2025\\\/06\\\/\u0632\u0647\u0648\u0631\u0627\u062a-\u0645\u0634\u0643\u0644\u0629-100\u063a-\u0634\u0645\u0633\u064a\u0646.png\",\"width\":1080,\"height\":1080,\"caption\":\"Gemischte Blumen Shamsin 100 g\"},{\"@type\":\"BreadcrumbList\",\"@id\":\"https:\\\/\\\/yasminfood.ch\\\/de\\\/product\\\/gemischte-blumen-100g-sonnen\\\/#breadcrumb\",\"itemListElement\":[{\"@type\":\"ListItem\",\"position\":1,\"name\":\"\u0627\u0644\u0631\u0626\u064a\u0633\u064a\u0629\",\"item\":\"https:\\\/\\\/yasminfood.ch\\\/de\\\/zuhause\\\/\"},{\"@type\":\"ListItem\",\"position\":2,\"name\":\"Shop\",\"item\":\"https:\\\/\\\/yasminfood.ch\\\/de\\\/shop\\\/\"},{\"@type\":\"ListItem\",\"position\":3,\"name\":\"Getr\u00e4nke &amp; Fl\u00fcssigkeiten\",\"item\":\"https:\\\/\\\/yasminfood.ch\\\/de\\\/produkt-kategorie\\\/getraenke-fluessigkeiten\\\/\"},{\"@type\":\"ListItem\",\"position\":4,\"name\":\"Gemischte Blumen 100g Sonnen\"}]},{\"@type\":\"WebSite\",\"@id\":\"https:\\\/\\\/yasminfood.ch\\\/de\\\/#website\",\"url\":\"https:\\\/\\\/yasminfood.ch\\\/de\\\/\",\"name\":\"\u064a\u0627\u0633\u0645\u064a\u0646 \u0645\u0627\u0631\u0643\u062a\",\"description\":\"Alles, was Sie brauchen, an einem Ort\",\"publisher\":{\"@id\":\"https:\\\/\\\/yasminfood.ch\\\/de\\\/#organization\"},\"alternateName\":\"Yasmin Food\",\"potentialAction\":[{\"@type\":\"SearchAction\",\"target\":{\"@type\":\"EntryPoint\",\"urlTemplate\":\"https:\\\/\\\/yasminfood.ch\\\/de\\\/?s={search_term_string}\"},\"query-input\":{\"@type\":\"PropertyValueSpecification\",\"valueRequired\":true,\"valueName\":\"search_term_string\"}}],\"inLanguage\":\"de\"},{\"@type\":\"Organization\",\"@id\":\"https:\\\/\\\/yasminfood.ch\\\/de\\\/#organization\",\"name\":\"\u064a\u0627\u0633\u0645\u064a\u0646 \u0645\u0627\u0631\u0643\u062a\",\"alternateName\":\"Yasmin Food\",\"url\":\"https:\\\/\\\/yasminfood.ch\\\/de\\\/\",\"logo\":{\"@type\":\"ImageObject\",\"inLanguage\":\"de\",\"@id\":\"https:\\\/\\\/yasminfood.ch\\\/de\\\/#\\\/schema\\\/logo\\\/image\\\/\",\"url\":\"https:\\\/\\\/yasminfood.ch\\\/wp-content\\\/uploads\\\/2025\\\/05\\\/yasmin-food-header-logo.png\",\"contentUrl\":\"https:\\\/\\\/yasminfood.ch\\\/wp-content\\\/uploads\\\/2025\\\/05\\\/yasmin-food-header-logo.png\",\"width\":330,\"height\":120,\"caption\":\"\u064a\u0627\u0633\u0645\u064a\u0646 \u0645\u0627\u0631\u0643\u062a\"},\"image\":{\"@id\":\"https:\\\/\\\/yasminfood.ch\\\/de\\\/#\\\/schema\\\/logo\\\/image\\\/\"},\"sameAs\":[\"https:\\\/\\\/www.facebook.com\\\/yasminmarkt1\",\"https:\\\/\\\/www.tiktok.com\\\/@yasminmarkt\",\"https:\\\/\\\/www.instagram.com\\\/yasmin.markt1\\\/\",\"https:\\\/\\\/api.whatsapp.com\\\/send\\\/?phone=41799000104\"],\"publishingPrinciples\":\"https:\\\/\\\/yasminfood.ch\\\/de\\\/shop\\\/\",\"ownershipFundingInfo\":\"https:\\\/\\\/yasminfood.ch\\\/de\\\/shop\\\/\"}]}<\/script>\n<meta property=\"product:price:amount\" content=\"4.95\" \/>\n<meta property=\"product:price:currency\" content=\"CHF\" \/>\n<meta property=\"og:availability\" content=\"instock\" \/>\n<meta property=\"product:availability\" content=\"instock\" \/>\n<meta property=\"product:condition\" content=\"new\" \/>\n<!-- \/ Yoast SEO Premium plugin. -->","yoast_head_json":{"title":"Gemischte Blumen 100g Sonnen - Yasmin Food","description":"Genie\u00dfen Sie eine Tasse gemischte Bl\u00fcten 100 g Sonne, eine nat\u00fcrliche Mischung, die Ihren Tag mit einem unverwechselbaren Aroma und einem einzigartigen Geschmack erfrischt. Probieren Sie es noch heute aus und entspannen Sie sich! Yasmin Food","robots":{"index":"index","follow":"follow","max-snippet":"max-snippet:-1","max-image-preview":"max-image-preview:large","max-video-preview":"max-video-preview:-1"},"canonical":"https:\/\/yasminfood.ch\/de\/product\/gemischte-blumen-100g-sonnen\/","og_locale":"de_DE","og_type":"article","og_title":"Gemischte Blumen 100g Sonnen","og_description":"Gemischte Blumen 100g Sonnen  Eine luxuri\u00f6se Mischung aus den besten Blumen und sorgf\u00e4ltig getrockneten nat\u00fcrlichen Kr\u00e4utern  Es gibt Ihnen eine warme Tasse mit einem unverwechselbaren aromatischen Duft und einem ruhigen Geschmack, der Ihren Tag erfrischt und Ihnen ein Gef\u00fchl von Komfort und Entspannung vermittelt.","og_url":"https:\/\/yasminfood.ch\/de\/product\/gemischte-blumen-100g-sonnen\/","og_site_name":"Yasmin Food","article_publisher":"https:\/\/www.facebook.com\/yasminmarkt1","og_image":[{"width":1080,"height":1080,"url":"https:\/\/yasminfood.ch\/wp-content\/uploads\/2025\/06\/\u0632\u0647\u0648\u0631\u0627\u062a-\u0645\u0634\u0643\u0644\u0629-100\u063a-\u0634\u0645\u0633\u064a\u0646.png","type":"image\/png"}],"twitter_card":"summary_large_image","twitter_misc":{"Preis":"4.95&nbsp;&#67;&#72;&#70;","Verf\u00fcgbarkeit":"Auf Lager"},"schema":{"@context":"https:\/\/schema.org","@graph":[{"@type":"WebPage","@id":"https:\/\/yasminfood.ch\/de\/product\/gemischte-blumen-100g-sonnen\/","url":"https:\/\/yasminfood.ch\/de\/product\/gemischte-blumen-100g-sonnen\/","name":"Gemischte Blumen 100g Sonnen - Yasmin Food","isPartOf":{"@id":"https:\/\/yasminfood.ch\/de\/#website"},"primaryImageOfPage":{"@id":"https:\/\/yasminfood.ch\/de\/product\/gemischte-blumen-100g-sonnen\/#primaryimage"},"image":{"@id":"https:\/\/yasminfood.ch\/de\/product\/gemischte-blumen-100g-sonnen\/#primaryimage"},"thumbnailUrl":"https:\/\/yasminfood.ch\/wp-content\/uploads\/2025\/06\/\u0632\u0647\u0648\u0631\u0627\u062a-\u0645\u0634\u0643\u0644\u0629-100\u063a-\u0634\u0645\u0633\u064a\u0646.png","datePublished":"2025-06-30T14:55:29+00:00","description":"Genie\u00dfen Sie eine Tasse gemischte Bl\u00fcten 100 g Sonne, eine nat\u00fcrliche Mischung, die Ihren Tag mit einem unverwechselbaren Aroma und einem einzigartigen Geschmack erfrischt. Probieren Sie es noch heute aus und entspannen Sie sich! Yasmin Food","breadcrumb":{"@id":"https:\/\/yasminfood.ch\/de\/product\/gemischte-blumen-100g-sonnen\/#breadcrumb"},"inLanguage":"de","potentialAction":[{"@type":"ReadAction","target":["https:\/\/yasminfood.ch\/de\/product\/gemischte-blumen-100g-sonnen\/"]}]},{"@type":"ImageObject","inLanguage":"de","@id":"https:\/\/yasminfood.ch\/de\/product\/gemischte-blumen-100g-sonnen\/#primaryimage","url":"https:\/\/yasminfood.ch\/wp-content\/uploads\/2025\/06\/\u0632\u0647\u0648\u0631\u0627\u062a-\u0645\u0634\u0643\u0644\u0629-100\u063a-\u0634\u0645\u0633\u064a\u0646.png","contentUrl":"https:\/\/yasminfood.ch\/wp-content\/uploads\/2025\/06\/\u0632\u0647\u0648\u0631\u0627\u062a-\u0645\u0634\u0643\u0644\u0629-100\u063a-\u0634\u0645\u0633\u064a\u0646.png","width":1080,"height":1080,"caption":"Gemischte Blumen Shamsin 100 g"},{"@type":"BreadcrumbList","@id":"https:\/\/yasminfood.ch\/de\/product\/gemischte-blumen-100g-sonnen\/#breadcrumb","itemListElement":[{"@type":"ListItem","position":1,"name":"\u0627\u0644\u0631\u0626\u064a\u0633\u064a\u0629","item":"https:\/\/yasminfood.ch\/de\/zuhause\/"},{"@type":"ListItem","position":2,"name":"Shop","item":"https:\/\/yasminfood.ch\/de\/shop\/"},{"@type":"ListItem","position":3,"name":"Getr\u00e4nke &amp; Fl\u00fcssigkeiten","item":"https:\/\/yasminfood.ch\/de\/produkt-kategorie\/getraenke-fluessigkeiten\/"},{"@type":"ListItem","position":4,"name":"Gemischte Blumen 100g Sonnen"}]},{"@type":"WebSite","@id":"https:\/\/yasminfood.ch\/de\/#website","url":"https:\/\/yasminfood.ch\/de\/","name":"\u064a\u0627\u0633\u0645\u064a\u0646 \u0645\u0627\u0631\u0643\u062a","description":"Alles, was Sie brauchen, an einem Ort","publisher":{"@id":"https:\/\/yasminfood.ch\/de\/#organization"},"alternateName":"Yasmin Food","potentialAction":[{"@type":"SearchAction","target":{"@type":"EntryPoint","urlTemplate":"https:\/\/yasminfood.ch\/de\/?s={search_term_string}"},"query-input":{"@type":"PropertyValueSpecification","valueRequired":true,"valueName":"search_term_string"}}],"inLanguage":"de"},{"@type":"Organization","@id":"https:\/\/yasminfood.ch\/de\/#organization","name":"\u064a\u0627\u0633\u0645\u064a\u0646 \u0645\u0627\u0631\u0643\u062a","alternateName":"Yasmin Food","url":"https:\/\/yasminfood.ch\/de\/","logo":{"@type":"ImageObject","inLanguage":"de","@id":"https:\/\/yasminfood.ch\/de\/#\/schema\/logo\/image\/","url":"https:\/\/yasminfood.ch\/wp-content\/uploads\/2025\/05\/yasmin-food-header-logo.png","contentUrl":"https:\/\/yasminfood.ch\/wp-content\/uploads\/2025\/05\/yasmin-food-header-logo.png","width":330,"height":120,"caption":"\u064a\u0627\u0633\u0645\u064a\u0646 \u0645\u0627\u0631\u0643\u062a"},"image":{"@id":"https:\/\/yasminfood.ch\/de\/#\/schema\/logo\/image\/"},"sameAs":["https:\/\/www.facebook.com\/yasminmarkt1","https:\/\/www.tiktok.com\/@yasminmarkt","https:\/\/www.instagram.com\/yasmin.markt1\/","https:\/\/api.whatsapp.com\/send\/?phone=41799000104"],"publishingPrinciples":"https:\/\/yasminfood.ch\/de\/shop\/","ownershipFundingInfo":"https:\/\/yasminfood.ch\/de\/shop\/"}]},"product_price_amount":"4.95","product_price_currency":"CHF","og_availability":"instock","product_availability":"instock","product_condition":"new"},"jetpack_sharing_enabled":true,"_links":{"self":[{"href":"https:\/\/yasminfood.ch\/de\/wp-json\/wp\/v2\/product\/118098","targetHints":{"allow":["GET"]}}],"collection":[{"href":"https:\/\/yasminfood.ch\/de\/wp-json\/wp\/v2\/product"}],"about":[{"href":"https:\/\/yasminfood.ch\/de\/wp-json\/wp\/v2\/types\/product"}],"replies":[{"embeddable":true,"href":"https:\/\/yasminfood.ch\/de\/wp-json\/wp\/v2\/comments?post=118098"}],"version-history":[{"count":0,"href":"https:\/\/yasminfood.ch\/de\/wp-json\/wp\/v2\/product\/118098\/revisions"}],"wp:featuredmedia":[{"embeddable":true,"href":"https:\/\/yasminfood.ch\/de\/wp-json\/wp\/v2\/media\/118096"}],"wp:attachment":[{"href":"https:\/\/yasminfood.ch\/de\/wp-json\/wp\/v2\/media?parent=118098"}],"wp:term":[{"taxonomy":"product_brand","embeddable":true,"href":"https:\/\/yasminfood.ch\/de\/wp-json\/wp\/v2\/product_brand?post=118098"},{"taxonomy":"product_cat","embeddable":true,"href":"https:\/\/yasminfood.ch\/de\/wp-json\/wp\/v2\/product_cat?post=118098"},{"taxonomy":"product_tag","embeddable":true,"href":"https:\/\/yasminfood.ch\/de\/wp-json\/wp\/v2\/product_tag?post=118098"}],"curies":[{"name":"wp","href":"https:\/\/api.w.org\/{rel}","templated":true}]}}