{"id":118136,"date":"2025-07-02T18:52:58","date_gmt":"2025-07-02T16:52:58","guid":{"rendered":"https:\/\/yasminfood.ch\/product\/griechischer-mastix-abido-1-stueck\/"},"modified":"2025-07-02T18:53:54","modified_gmt":"2025-07-02T16:53:54","slug":"griechischer-mastix-abido-1-stueck","status":"publish","type":"product","link":"https:\/\/yasminfood.ch\/de\/product\/griechischer-mastix-abido-1-stueck\/","title":{"rendered":"Griechischer Mastix Abido 1 St\u00fcck"},"content":{"rendered":"<p><strong>Griechischer Mastix Abido 1 St\u00fcck<\/strong><\/p>\n<ul>\n<li>\n<p data-start=\"171\" data-end=\"481\">Genie\u00dfen Sie die Authentizit\u00e4t und Reinheit des nat\u00fcrlichen griechischen Mastix<\/p>\n<\/li>\n<li>\n<p data-start=\"171\" data-end=\"481\">Bekannt f\u00fcr seine hohe Qualit\u00e4t und seinen reichhaltigen Geschmack. Mastix wird in vielen arabischen und orientalischen Rezepten verwendet <\/p>\n<\/li>\n<li>\n<p data-start=\"171\" data-end=\"481\">Um S\u00fc\u00dfigkeiten wie arabischem Eis, Pudding, Maamoul und Kuchen einen luxuri\u00f6sen und unverwechselbaren Geschmack zu verleihen,<\/p>\n<\/li>\n<li>\n<p data-start=\"171\" data-end=\"481\">Es ist auch an der Zubereitung einiger K\u00e4sesorten und traditioneller Getr\u00e4nke beteiligt.<\/p>\n<p data-start=\"483\" data-end=\"733\">\u2705 <strong data-start=\"485\" data-end=\"495\">Gewicht:<\/strong> Ein St\u00fcck<br data-start=\"506\" data-end=\"509\">\u2705 <strong data-start=\"511\" data-end=\"532\">Marke:<\/strong> Abido<br data-start=\"546\" data-end=\"549\">\u2705 <strong data-start=\"551\" data-end=\"562\">Herkunft:<\/strong> Griechenland<br data-start=\"570\" data-end=\"573\">\u2705 <strong data-start=\"575\" data-end=\"589\">Verwendung:<\/strong> Zum Kochen, S\u00fc\u00dfwaren, Getr\u00e4nke<br data-start=\"616\" data-end=\"619\">\u2705 <strong data-start=\"621\" data-end=\"634\">Zutaten:<\/strong> 100% nat\u00fcrlicher Mastix<br data-start=\"652\" data-end=\"655\">\u2705 <strong data-start=\"657\" data-end=\"673\">Wie konservieren:<\/strong> An einem k\u00fchlen, trockenen Ort ohne Feuchtigkeit und direkte Hitze lagern.<\/p>\n<p data-start=\"735\" data-end=\"758\">\ud83d\udca1 <strong data-start=\"738\" data-end=\"756\">Vorteile von Mastix:<\/strong><\/p>\n<ul data-start=\"759\" data-end=\"898\">\n<li data-start=\"759\" data-end=\"816\">\n<p data-start=\"761\" data-end=\"816\">Erfrischt den Atem und hilft, sch\u00e4dliche Bakterien zu beseitigen<\/p>\n<\/li>\n<li data-start=\"817\" data-end=\"843\">\n<p data-start=\"819\" data-end=\"843\">F\u00f6rdert die Gesundheit des Verdauungssystems<\/p>\n<\/li>\n<li data-start=\"844\" data-end=\"898\">\n<p data-start=\"846\" data-end=\"898\">Tauchen Sie ein in Dessertrezepte, um einen unvergleichlichen aromatischen Geschmack hinzuzuf\u00fcgen<\/p>\n<\/li>\n<\/ul>\n<p data-start=\"900\" data-end=\"931\">\n<\/li>\n<\/ul>\n","protected":false},"excerpt":{"rendered":"<p><strong>Griechischer Mastix Abido 1 St\u00fcck<\/strong><\/p>\n<ul>\n<li>\n<p data-start=\"171\" data-end=\"481\">Genie\u00dfen Sie die Authentizit\u00e4t und Reinheit des nat\u00fcrlichen griechischen Mastix<\/p>\n<\/li>\n<\/ul>\n","protected":false},"featured_media":118133,"comment_status":"open","ping_status":"closed","template":"","meta":[],"product_brand":[],"product_cat":[360,356,381],"product_tag":[],"class_list":{"0":"post-118136","1":"product","2":"type-product","3":"status-publish","4":"has-post-thumbnail","6":"product_cat-gewurze","7":"product_cat-gewuerze-nuesse","8":"product_cat-rosenwasser","10":"first","11":"instock","12":"taxable","13":"shipping-taxable","14":"purchasable","15":"product-type-simple"},"yoast_head":"<!-- This site is optimized with the Yoast SEO Premium plugin v26.5 (Yoast SEO v27.3) - https:\/\/yoast.com\/product\/yoast-seo-premium-wordpress\/ -->\n<title>Griechischer Mastix Abido 1 St\u00fcck - Yasmin Food<\/title>\n<meta name=\"description\" content=\"Genie\u00dfen Sie einen besonderen Geschmack mit 1 St\u00fcck Abido Griechischer Mastix, perfekt f\u00fcr Desserts und leckere Getr\u00e4nke. Bestellen Sie es jetzt f\u00fcr ein authentisches Erlebnis! Yasmin Food\" \/>\n<meta name=\"robots\" content=\"index, follow, max-snippet:-1, max-image-preview:large, max-video-preview:-1\" \/>\n<link rel=\"canonical\" href=\"https:\/\/yasminfood.ch\/de\/product\/griechischer-mastix-abido-1-stueck\/\" \/>\n<meta property=\"og:locale\" content=\"de_DE\" \/>\n<meta property=\"og:type\" content=\"article\" \/>\n<meta property=\"og:title\" content=\"Griechischer Mastix Abido 1 St\u00fcck\" \/>\n<meta property=\"og:description\" content=\"Griechischer Mastix Abido 1 St\u00fcck   Genie\u00dfen Sie die Authentizit\u00e4t und Reinheit des nat\u00fcrlichen griechischen Mastix\" \/>\n<meta property=\"og:url\" content=\"https:\/\/yasminfood.ch\/de\/product\/griechischer-mastix-abido-1-stueck\/\" \/>\n<meta property=\"og:site_name\" content=\"Yasmin Food\" \/>\n<meta property=\"article:publisher\" content=\"https:\/\/www.facebook.com\/yasminmarkt1\" \/>\n<meta property=\"article:modified_time\" content=\"2025-07-02T16:53:54+00:00\" \/>\n<meta property=\"og:image\" content=\"https:\/\/yasminfood.ch\/wp-content\/uploads\/2025\/07\/\u0645\u0633\u0643\u0629-\u064a\u0648\u0646\u0627\u0646\u064a\u0629.png\" \/>\n\t<meta property=\"og:image:width\" content=\"1080\" \/>\n\t<meta property=\"og:image:height\" content=\"1084\" \/>\n\t<meta property=\"og:image:type\" content=\"image\/png\" \/>\n<meta name=\"twitter:card\" content=\"summary_large_image\" \/>\n<meta name=\"twitter:label1\" content=\"Preis\" \/>\n\t<meta name=\"twitter:data1\" content=\"1.95&nbsp;&#067;&#072;&#070;\" \/>\n\t<meta name=\"twitter:label2\" content=\"Verf\u00fcgbarkeit\" \/>\n\t<meta name=\"twitter:data2\" content=\"Auf Lager\" \/>\n<script type=\"application\/ld+json\" class=\"yoast-schema-graph\">{\"@context\":\"https:\\\/\\\/schema.org\",\"@graph\":[{\"@type\":\"WebPage\",\"@id\":\"https:\\\/\\\/yasminfood.ch\\\/de\\\/product\\\/griechischer-mastix-abido-1-stueck\\\/\",\"url\":\"https:\\\/\\\/yasminfood.ch\\\/de\\\/product\\\/griechischer-mastix-abido-1-stueck\\\/\",\"name\":\"Griechischer Mastix Abido 1 St\u00fcck - Yasmin Food\",\"isPartOf\":{\"@id\":\"https:\\\/\\\/yasminfood.ch\\\/de\\\/#website\"},\"primaryImageOfPage\":{\"@id\":\"https:\\\/\\\/yasminfood.ch\\\/de\\\/product\\\/griechischer-mastix-abido-1-stueck\\\/#primaryimage\"},\"image\":{\"@id\":\"https:\\\/\\\/yasminfood.ch\\\/de\\\/product\\\/griechischer-mastix-abido-1-stueck\\\/#primaryimage\"},\"thumbnailUrl\":\"https:\\\/\\\/yasminfood.ch\\\/wp-content\\\/uploads\\\/2025\\\/07\\\/\u0645\u0633\u0643\u0629-\u064a\u0648\u0646\u0627\u0646\u064a\u0629.png\",\"datePublished\":\"2025-07-02T16:52:58+00:00\",\"dateModified\":\"2025-07-02T16:53:54+00:00\",\"description\":\"Genie\u00dfen Sie einen besonderen Geschmack mit 1 St\u00fcck Abido Griechischer Mastix, perfekt f\u00fcr Desserts und leckere Getr\u00e4nke. Bestellen Sie es jetzt f\u00fcr ein authentisches Erlebnis! Yasmin Food\",\"breadcrumb\":{\"@id\":\"https:\\\/\\\/yasminfood.ch\\\/de\\\/product\\\/griechischer-mastix-abido-1-stueck\\\/#breadcrumb\"},\"inLanguage\":\"de\",\"potentialAction\":[{\"@type\":\"ReadAction\",\"target\":[\"https:\\\/\\\/yasminfood.ch\\\/de\\\/product\\\/griechischer-mastix-abido-1-stueck\\\/\"]}]},{\"@type\":\"ImageObject\",\"inLanguage\":\"de\",\"@id\":\"https:\\\/\\\/yasminfood.ch\\\/de\\\/product\\\/griechischer-mastix-abido-1-stueck\\\/#primaryimage\",\"url\":\"https:\\\/\\\/yasminfood.ch\\\/wp-content\\\/uploads\\\/2025\\\/07\\\/\u0645\u0633\u0643\u0629-\u064a\u0648\u0646\u0627\u0646\u064a\u0629.png\",\"contentUrl\":\"https:\\\/\\\/yasminfood.ch\\\/wp-content\\\/uploads\\\/2025\\\/07\\\/\u0645\u0633\u0643\u0629-\u064a\u0648\u0646\u0627\u0646\u064a\u0629.png\",\"width\":1080,\"height\":1084,\"caption\":\"Griechischer Mastix Abido 1 St\u00fcck\"},{\"@type\":\"BreadcrumbList\",\"@id\":\"https:\\\/\\\/yasminfood.ch\\\/de\\\/product\\\/griechischer-mastix-abido-1-stueck\\\/#breadcrumb\",\"itemListElement\":[{\"@type\":\"ListItem\",\"position\":1,\"name\":\"\u0627\u0644\u0631\u0626\u064a\u0633\u064a\u0629\",\"item\":\"https:\\\/\\\/yasminfood.ch\\\/de\\\/zuhause\\\/\"},{\"@type\":\"ListItem\",\"position\":2,\"name\":\"Shop\",\"item\":\"https:\\\/\\\/yasminfood.ch\\\/de\\\/shop\\\/\"},{\"@type\":\"ListItem\",\"position\":3,\"name\":\"Gew\u00fcrze &amp; N\u00fcsse\",\"item\":\"https:\\\/\\\/yasminfood.ch\\\/de\\\/produkt-kategorie\\\/gewuerze-nuesse\\\/\"},{\"@type\":\"ListItem\",\"position\":4,\"name\":\"Gew\u00fcrze\",\"item\":\"https:\\\/\\\/yasminfood.ch\\\/de\\\/produkt-kategorie\\\/gewuerze-nuesse\\\/gewurze\\\/\"},{\"@type\":\"ListItem\",\"position\":5,\"name\":\"Griechischer Mastix Abido 1 St\u00fcck\"}]},{\"@type\":\"WebSite\",\"@id\":\"https:\\\/\\\/yasminfood.ch\\\/de\\\/#website\",\"url\":\"https:\\\/\\\/yasminfood.ch\\\/de\\\/\",\"name\":\"\u064a\u0627\u0633\u0645\u064a\u0646 \u0645\u0627\u0631\u0643\u062a\",\"description\":\"Alles, was Sie brauchen, an einem Ort\",\"publisher\":{\"@id\":\"https:\\\/\\\/yasminfood.ch\\\/de\\\/#organization\"},\"alternateName\":\"Yasmin Food\",\"potentialAction\":[{\"@type\":\"SearchAction\",\"target\":{\"@type\":\"EntryPoint\",\"urlTemplate\":\"https:\\\/\\\/yasminfood.ch\\\/de\\\/?s={search_term_string}\"},\"query-input\":{\"@type\":\"PropertyValueSpecification\",\"valueRequired\":true,\"valueName\":\"search_term_string\"}}],\"inLanguage\":\"de\"},{\"@type\":\"Organization\",\"@id\":\"https:\\\/\\\/yasminfood.ch\\\/de\\\/#organization\",\"name\":\"\u064a\u0627\u0633\u0645\u064a\u0646 \u0645\u0627\u0631\u0643\u062a\",\"alternateName\":\"Yasmin Food\",\"url\":\"https:\\\/\\\/yasminfood.ch\\\/de\\\/\",\"logo\":{\"@type\":\"ImageObject\",\"inLanguage\":\"de\",\"@id\":\"https:\\\/\\\/yasminfood.ch\\\/de\\\/#\\\/schema\\\/logo\\\/image\\\/\",\"url\":\"https:\\\/\\\/yasminfood.ch\\\/wp-content\\\/uploads\\\/2025\\\/05\\\/yasmin-food-header-logo.png\",\"contentUrl\":\"https:\\\/\\\/yasminfood.ch\\\/wp-content\\\/uploads\\\/2025\\\/05\\\/yasmin-food-header-logo.png\",\"width\":330,\"height\":120,\"caption\":\"\u064a\u0627\u0633\u0645\u064a\u0646 \u0645\u0627\u0631\u0643\u062a\"},\"image\":{\"@id\":\"https:\\\/\\\/yasminfood.ch\\\/de\\\/#\\\/schema\\\/logo\\\/image\\\/\"},\"sameAs\":[\"https:\\\/\\\/www.facebook.com\\\/yasminmarkt1\",\"https:\\\/\\\/www.tiktok.com\\\/@yasminmarkt\",\"https:\\\/\\\/www.instagram.com\\\/yasmin.markt1\\\/\",\"https:\\\/\\\/api.whatsapp.com\\\/send\\\/?phone=41799000104\"],\"publishingPrinciples\":\"https:\\\/\\\/yasminfood.ch\\\/de\\\/shop\\\/\",\"ownershipFundingInfo\":\"https:\\\/\\\/yasminfood.ch\\\/de\\\/shop\\\/\"}]}<\/script>\n<meta property=\"product:price:amount\" content=\"1.95\" \/>\n<meta property=\"product:price:currency\" content=\"CHF\" \/>\n<meta property=\"og:availability\" content=\"instock\" \/>\n<meta property=\"product:availability\" content=\"instock\" \/>\n<meta property=\"product:condition\" content=\"new\" \/>\n<!-- \/ Yoast SEO Premium plugin. -->","yoast_head_json":{"title":"Griechischer Mastix Abido 1 St\u00fcck - Yasmin Food","description":"Genie\u00dfen Sie einen besonderen Geschmack mit 1 St\u00fcck Abido Griechischer Mastix, perfekt f\u00fcr Desserts und leckere Getr\u00e4nke. Bestellen Sie es jetzt f\u00fcr ein authentisches Erlebnis! Yasmin Food","robots":{"index":"index","follow":"follow","max-snippet":"max-snippet:-1","max-image-preview":"max-image-preview:large","max-video-preview":"max-video-preview:-1"},"canonical":"https:\/\/yasminfood.ch\/de\/product\/griechischer-mastix-abido-1-stueck\/","og_locale":"de_DE","og_type":"article","og_title":"Griechischer Mastix Abido 1 St\u00fcck","og_description":"Griechischer Mastix Abido 1 St\u00fcck   Genie\u00dfen Sie die Authentizit\u00e4t und Reinheit des nat\u00fcrlichen griechischen Mastix","og_url":"https:\/\/yasminfood.ch\/de\/product\/griechischer-mastix-abido-1-stueck\/","og_site_name":"Yasmin Food","article_publisher":"https:\/\/www.facebook.com\/yasminmarkt1","article_modified_time":"2025-07-02T16:53:54+00:00","og_image":[{"width":1080,"height":1084,"url":"https:\/\/yasminfood.ch\/wp-content\/uploads\/2025\/07\/\u0645\u0633\u0643\u0629-\u064a\u0648\u0646\u0627\u0646\u064a\u0629.png","type":"image\/png"}],"twitter_card":"summary_large_image","twitter_misc":{"Preis":"1.95&nbsp;&#67;&#72;&#70;","Verf\u00fcgbarkeit":"Auf Lager"},"schema":{"@context":"https:\/\/schema.org","@graph":[{"@type":"WebPage","@id":"https:\/\/yasminfood.ch\/de\/product\/griechischer-mastix-abido-1-stueck\/","url":"https:\/\/yasminfood.ch\/de\/product\/griechischer-mastix-abido-1-stueck\/","name":"Griechischer Mastix Abido 1 St\u00fcck - Yasmin Food","isPartOf":{"@id":"https:\/\/yasminfood.ch\/de\/#website"},"primaryImageOfPage":{"@id":"https:\/\/yasminfood.ch\/de\/product\/griechischer-mastix-abido-1-stueck\/#primaryimage"},"image":{"@id":"https:\/\/yasminfood.ch\/de\/product\/griechischer-mastix-abido-1-stueck\/#primaryimage"},"thumbnailUrl":"https:\/\/yasminfood.ch\/wp-content\/uploads\/2025\/07\/\u0645\u0633\u0643\u0629-\u064a\u0648\u0646\u0627\u0646\u064a\u0629.png","datePublished":"2025-07-02T16:52:58+00:00","dateModified":"2025-07-02T16:53:54+00:00","description":"Genie\u00dfen Sie einen besonderen Geschmack mit 1 St\u00fcck Abido Griechischer Mastix, perfekt f\u00fcr Desserts und leckere Getr\u00e4nke. Bestellen Sie es jetzt f\u00fcr ein authentisches Erlebnis! Yasmin Food","breadcrumb":{"@id":"https:\/\/yasminfood.ch\/de\/product\/griechischer-mastix-abido-1-stueck\/#breadcrumb"},"inLanguage":"de","potentialAction":[{"@type":"ReadAction","target":["https:\/\/yasminfood.ch\/de\/product\/griechischer-mastix-abido-1-stueck\/"]}]},{"@type":"ImageObject","inLanguage":"de","@id":"https:\/\/yasminfood.ch\/de\/product\/griechischer-mastix-abido-1-stueck\/#primaryimage","url":"https:\/\/yasminfood.ch\/wp-content\/uploads\/2025\/07\/\u0645\u0633\u0643\u0629-\u064a\u0648\u0646\u0627\u0646\u064a\u0629.png","contentUrl":"https:\/\/yasminfood.ch\/wp-content\/uploads\/2025\/07\/\u0645\u0633\u0643\u0629-\u064a\u0648\u0646\u0627\u0646\u064a\u0629.png","width":1080,"height":1084,"caption":"Griechischer Mastix Abido 1 St\u00fcck"},{"@type":"BreadcrumbList","@id":"https:\/\/yasminfood.ch\/de\/product\/griechischer-mastix-abido-1-stueck\/#breadcrumb","itemListElement":[{"@type":"ListItem","position":1,"name":"\u0627\u0644\u0631\u0626\u064a\u0633\u064a\u0629","item":"https:\/\/yasminfood.ch\/de\/zuhause\/"},{"@type":"ListItem","position":2,"name":"Shop","item":"https:\/\/yasminfood.ch\/de\/shop\/"},{"@type":"ListItem","position":3,"name":"Gew\u00fcrze &amp; N\u00fcsse","item":"https:\/\/yasminfood.ch\/de\/produkt-kategorie\/gewuerze-nuesse\/"},{"@type":"ListItem","position":4,"name":"Gew\u00fcrze","item":"https:\/\/yasminfood.ch\/de\/produkt-kategorie\/gewuerze-nuesse\/gewurze\/"},{"@type":"ListItem","position":5,"name":"Griechischer Mastix Abido 1 St\u00fcck"}]},{"@type":"WebSite","@id":"https:\/\/yasminfood.ch\/de\/#website","url":"https:\/\/yasminfood.ch\/de\/","name":"\u064a\u0627\u0633\u0645\u064a\u0646 \u0645\u0627\u0631\u0643\u062a","description":"Alles, was Sie brauchen, an einem Ort","publisher":{"@id":"https:\/\/yasminfood.ch\/de\/#organization"},"alternateName":"Yasmin Food","potentialAction":[{"@type":"SearchAction","target":{"@type":"EntryPoint","urlTemplate":"https:\/\/yasminfood.ch\/de\/?s={search_term_string}"},"query-input":{"@type":"PropertyValueSpecification","valueRequired":true,"valueName":"search_term_string"}}],"inLanguage":"de"},{"@type":"Organization","@id":"https:\/\/yasminfood.ch\/de\/#organization","name":"\u064a\u0627\u0633\u0645\u064a\u0646 \u0645\u0627\u0631\u0643\u062a","alternateName":"Yasmin Food","url":"https:\/\/yasminfood.ch\/de\/","logo":{"@type":"ImageObject","inLanguage":"de","@id":"https:\/\/yasminfood.ch\/de\/#\/schema\/logo\/image\/","url":"https:\/\/yasminfood.ch\/wp-content\/uploads\/2025\/05\/yasmin-food-header-logo.png","contentUrl":"https:\/\/yasminfood.ch\/wp-content\/uploads\/2025\/05\/yasmin-food-header-logo.png","width":330,"height":120,"caption":"\u064a\u0627\u0633\u0645\u064a\u0646 \u0645\u0627\u0631\u0643\u062a"},"image":{"@id":"https:\/\/yasminfood.ch\/de\/#\/schema\/logo\/image\/"},"sameAs":["https:\/\/www.facebook.com\/yasminmarkt1","https:\/\/www.tiktok.com\/@yasminmarkt","https:\/\/www.instagram.com\/yasmin.markt1\/","https:\/\/api.whatsapp.com\/send\/?phone=41799000104"],"publishingPrinciples":"https:\/\/yasminfood.ch\/de\/shop\/","ownershipFundingInfo":"https:\/\/yasminfood.ch\/de\/shop\/"}]},"product_price_amount":"1.95","product_price_currency":"CHF","og_availability":"instock","product_availability":"instock","product_condition":"new"},"jetpack_sharing_enabled":true,"_links":{"self":[{"href":"https:\/\/yasminfood.ch\/de\/wp-json\/wp\/v2\/product\/118136","targetHints":{"allow":["GET"]}}],"collection":[{"href":"https:\/\/yasminfood.ch\/de\/wp-json\/wp\/v2\/product"}],"about":[{"href":"https:\/\/yasminfood.ch\/de\/wp-json\/wp\/v2\/types\/product"}],"replies":[{"embeddable":true,"href":"https:\/\/yasminfood.ch\/de\/wp-json\/wp\/v2\/comments?post=118136"}],"version-history":[{"count":0,"href":"https:\/\/yasminfood.ch\/de\/wp-json\/wp\/v2\/product\/118136\/revisions"}],"wp:featuredmedia":[{"embeddable":true,"href":"https:\/\/yasminfood.ch\/de\/wp-json\/wp\/v2\/media\/118133"}],"wp:attachment":[{"href":"https:\/\/yasminfood.ch\/de\/wp-json\/wp\/v2\/media?parent=118136"}],"wp:term":[{"taxonomy":"product_brand","embeddable":true,"href":"https:\/\/yasminfood.ch\/de\/wp-json\/wp\/v2\/product_brand?post=118136"},{"taxonomy":"product_cat","embeddable":true,"href":"https:\/\/yasminfood.ch\/de\/wp-json\/wp\/v2\/product_cat?post=118136"},{"taxonomy":"product_tag","embeddable":true,"href":"https:\/\/yasminfood.ch\/de\/wp-json\/wp\/v2\/product_tag?post=118136"}],"curies":[{"name":"wp","href":"https:\/\/api.w.org\/{rel}","templated":true}]}}