{"id":118243,"date":"2025-07-10T13:19:38","date_gmt":"2025-07-10T11:19:38","guid":{"rendered":"https:\/\/yasminfood.ch\/product\/mittelgrosser-bulgur-mit-fadennudeln-1-kilo-bashan\/"},"modified":"2025-07-10T13:31:26","modified_gmt":"2025-07-10T11:31:26","slug":"mittelgrosser-bulgur-mit-fadennudeln-1-kilo-bashan","status":"publish","type":"product","link":"https:\/\/yasminfood.ch\/de\/product\/mittelgrosser-bulgur-mit-fadennudeln-1-kilo-bashan\/","title":{"rendered":"Mittelgro\u00dfer Bulgur mit Fadennudeln 1 Kilo Bashan"},"content":{"rendered":"<p data-start=\"160\" data-end=\"326\"><strong>Mittelgro\u00dfer Bulgur mit Fadennudeln 1 Kilo Bashan<\/strong><\/p>\n<ul>\n<li data-start=\"160\" data-end=\"326\">Perfekt f\u00fcr die Zubereitung der k\u00f6stlichsten orientalischen Gerichte wie Fadennudeln, Bulgur oder als nahrhafte Alternative zu Reis.<\/li>\n<li data-start=\"160\" data-end=\"326\">Es zeichnet sich durch einfache und schnelle Zubereitung, reichhaltigen Geschmack und hohen N\u00e4hrwert aus.<\/li>\n<\/ul>\n<p data-start=\"328\" data-end=\"484\">\u2714\ufe0f Hergestellt aus hochwertigem Hartweizen<br data-start=\"359\" data-end=\"362\">\u2714\ufe0f Gemischt mit goldenen Nudeln, die einen tollen Geschmack verleihen<br data-start=\"402\" data-end=\"405\">\u2714\ufe0f Nat\u00fcrliche Quelle f\u00fcr Ballaststoffe und pflanzliches Eiwei\u00df<br data-start=\"444\" data-end=\"447\">\u2714\ufe0f Geeignet f\u00fcr eine gesunde und ausgewogene t\u00e4gliche K\u00fcche<\/p>\n<p data-start=\"486\" data-end=\"575\">\ud83d\udd39 <strong data-start=\"489\" data-end=\"499\">Gewicht:<\/strong> 1 kg<br data-start=\"504\" data-end=\"507\">\ud83d\udd39 <strong data-start=\"510\" data-end=\"523\">Zutaten:<\/strong> mittlerer Bulgur, Fadennudeln<br data-start=\"542\" data-end=\"545\">\ud83d\udd39 <strong data-start=\"548\" data-end=\"569\">Hersteller:<\/strong> Bashan <\/p>\n","protected":false},"excerpt":{"rendered":"<p data-start=\"160\" data-end=\"326\"><strong>Mittelgro\u00dfer Bulgur mit Fadennudeln 1 Kilo Bashan<\/strong><\/p>\n<ul>\n<li data-start=\"160\" data-end=\"326\">Perfekt f\u00fcr die Zubereitung der k\u00f6stlichsten orientalischen Gerichte wie Fadennudeln, Bulgur oder als nahrhafte Alternative zu Reis.<\/li>\n<li data-start=\"160\" data-end=\"326\">Es zeichnet sich durch einfache und schnelle Zubereitung, reichhaltigen Geschmack und hohen N\u00e4hrwert aus.<\/li>\n<\/ul>\n","protected":false},"featured_media":118216,"comment_status":"open","ping_status":"closed","template":"","meta":[],"product_brand":[],"product_cat":[323,320],"product_tag":[],"class_list":{"0":"post-118243","1":"product","2":"type-product","3":"status-publish","4":"has-post-thumbnail","6":"product_cat-bulgur-de","7":"product_cat-reis-getreide","9":"first","10":"instock","11":"taxable","12":"shipping-taxable","13":"purchasable","14":"product-type-simple"},"yoast_head":"<!-- This site is optimized with the Yoast SEO Premium plugin v26.5 (Yoast SEO v27.5) - https:\/\/yoast.com\/product\/yoast-seo-premium-wordpress\/ -->\n<title>Mittelgro\u00dfer Bulgur mit Fadennudeln 1 Kilo Bashan - Yasmin Food<\/title>\n<meta name=\"description\" content=\"Genie\u00dfen Sie die Zubereitung k\u00f6stlicher Gerichte mit mittelgro\u00dfem Bulgur mit 1 Kilo Pashan-Fadennudeln. Perfekt als gesunde Alternative zu Reis und seiner reichhaltigen S\u00e4ure! \ud83c\udf7d\ufe0f Yasmin Food Mittelgro\u00dfer Bulgur mit Fadennudeln 1 Kilo Bashan\" \/>\n<meta name=\"robots\" content=\"index, follow, max-snippet:-1, max-image-preview:large, max-video-preview:-1\" \/>\n<link rel=\"canonical\" href=\"https:\/\/yasminfood.ch\/de\/product\/mittelgrosser-bulgur-mit-fadennudeln-1-kilo-bashan\/\" \/>\n<meta property=\"og:locale\" content=\"de_DE\" \/>\n<meta property=\"og:type\" content=\"article\" \/>\n<meta property=\"og:title\" content=\"Mittelgro\u00dfer Bulgur mit Fadennudeln 1 Kilo Bashan\" \/>\n<meta property=\"og:description\" content=\"Mittelgro\u00dfer Bulgur mit Fadennudeln 1 Kilo Bashan   Perfekt f\u00fcr die Zubereitung der k\u00f6stlichsten orientalischen Gerichte wie Fadennudeln, Bulgur oder als nahrhafte Alternative zu Reis.  Es zeichnet sich durch einfache und schnelle Zubereitung, reichhaltigen Geschmack und hohen N\u00e4hrwert aus.\" \/>\n<meta property=\"og:url\" content=\"https:\/\/yasminfood.ch\/de\/product\/mittelgrosser-bulgur-mit-fadennudeln-1-kilo-bashan\/\" \/>\n<meta property=\"og:site_name\" content=\"Yasmin Food\" \/>\n<meta property=\"article:publisher\" content=\"https:\/\/www.facebook.com\/yasminmarkt1\" \/>\n<meta property=\"article:modified_time\" content=\"2025-07-10T11:31:26+00:00\" \/>\n<meta property=\"og:image\" content=\"https:\/\/yasminfood.ch\/wp-content\/uploads\/2025\/07\/\u0628\u0631\u063a\u0644-\u0645\u062a\u0648\u0633\u0637-\u0645\u0639-\u0634\u0639\u064a\u0631\u064a\u0629-1-\u0643\u064a\u0644\u0648-\u0628\u0627\u0634\u0627\u0646.png\" \/>\n\t<meta property=\"og:image:width\" content=\"1080\" \/>\n\t<meta property=\"og:image:height\" content=\"1080\" \/>\n\t<meta property=\"og:image:type\" content=\"image\/png\" \/>\n<meta name=\"twitter:card\" content=\"summary_large_image\" \/>\n<meta name=\"twitter:label1\" content=\"Preis\" \/>\n\t<meta name=\"twitter:data1\" content=\"3.95&nbsp;&#067;&#072;&#070;\" \/>\n\t<meta name=\"twitter:label2\" content=\"Verf\u00fcgbarkeit\" \/>\n\t<meta name=\"twitter:data2\" content=\"Auf Lager\" \/>\n<script type=\"application\/ld+json\" class=\"yoast-schema-graph\">{\"@context\":\"https:\\\/\\\/schema.org\",\"@graph\":[{\"@type\":\"WebPage\",\"@id\":\"https:\\\/\\\/yasminfood.ch\\\/de\\\/product\\\/mittelgrosser-bulgur-mit-fadennudeln-1-kilo-bashan\\\/\",\"url\":\"https:\\\/\\\/yasminfood.ch\\\/de\\\/product\\\/mittelgrosser-bulgur-mit-fadennudeln-1-kilo-bashan\\\/\",\"name\":\"Mittelgro\u00dfer Bulgur mit Fadennudeln 1 Kilo Bashan - Yasmin Food\",\"isPartOf\":{\"@id\":\"https:\\\/\\\/yasminfood.ch\\\/de\\\/#website\"},\"primaryImageOfPage\":{\"@id\":\"https:\\\/\\\/yasminfood.ch\\\/de\\\/product\\\/mittelgrosser-bulgur-mit-fadennudeln-1-kilo-bashan\\\/#primaryimage\"},\"image\":{\"@id\":\"https:\\\/\\\/yasminfood.ch\\\/de\\\/product\\\/mittelgrosser-bulgur-mit-fadennudeln-1-kilo-bashan\\\/#primaryimage\"},\"thumbnailUrl\":\"https:\\\/\\\/yasminfood.ch\\\/wp-content\\\/uploads\\\/2025\\\/07\\\/\u0628\u0631\u063a\u0644-\u0645\u062a\u0648\u0633\u0637-\u0645\u0639-\u0634\u0639\u064a\u0631\u064a\u0629-1-\u0643\u064a\u0644\u0648-\u0628\u0627\u0634\u0627\u0646.png\",\"datePublished\":\"2025-07-10T11:19:38+00:00\",\"dateModified\":\"2025-07-10T11:31:26+00:00\",\"description\":\"Genie\u00dfen Sie die Zubereitung k\u00f6stlicher Gerichte mit mittelgro\u00dfem Bulgur mit 1 Kilo Pashan-Fadennudeln. Perfekt als gesunde Alternative zu Reis und seiner reichhaltigen S\u00e4ure! \ud83c\udf7d\ufe0f Yasmin Food Mittelgro\u00dfer Bulgur mit Fadennudeln 1 Kilo Bashan\",\"breadcrumb\":{\"@id\":\"https:\\\/\\\/yasminfood.ch\\\/de\\\/product\\\/mittelgrosser-bulgur-mit-fadennudeln-1-kilo-bashan\\\/#breadcrumb\"},\"inLanguage\":\"de\",\"potentialAction\":[{\"@type\":\"ReadAction\",\"target\":[\"https:\\\/\\\/yasminfood.ch\\\/de\\\/product\\\/mittelgrosser-bulgur-mit-fadennudeln-1-kilo-bashan\\\/\"]}]},{\"@type\":\"ImageObject\",\"inLanguage\":\"de\",\"@id\":\"https:\\\/\\\/yasminfood.ch\\\/de\\\/product\\\/mittelgrosser-bulgur-mit-fadennudeln-1-kilo-bashan\\\/#primaryimage\",\"url\":\"https:\\\/\\\/yasminfood.ch\\\/wp-content\\\/uploads\\\/2025\\\/07\\\/\u0628\u0631\u063a\u0644-\u0645\u062a\u0648\u0633\u0637-\u0645\u0639-\u0634\u0639\u064a\u0631\u064a\u0629-1-\u0643\u064a\u0644\u0648-\u0628\u0627\u0634\u0627\u0646.png\",\"contentUrl\":\"https:\\\/\\\/yasminfood.ch\\\/wp-content\\\/uploads\\\/2025\\\/07\\\/\u0628\u0631\u063a\u0644-\u0645\u062a\u0648\u0633\u0637-\u0645\u0639-\u0634\u0639\u064a\u0631\u064a\u0629-1-\u0643\u064a\u0644\u0648-\u0628\u0627\u0634\u0627\u0646.png\",\"width\":1080,\"height\":1080,\"caption\":\"Mittelgro\u00dfer Bulgur mit Fadennudeln 1 Kilo Bashan\"},{\"@type\":\"BreadcrumbList\",\"@id\":\"https:\\\/\\\/yasminfood.ch\\\/de\\\/product\\\/mittelgrosser-bulgur-mit-fadennudeln-1-kilo-bashan\\\/#breadcrumb\",\"itemListElement\":[{\"@type\":\"ListItem\",\"position\":1,\"name\":\"\u0627\u0644\u0631\u0626\u064a\u0633\u064a\u0629\",\"item\":\"https:\\\/\\\/yasminfood.ch\\\/de\\\/zuhause\\\/\"},{\"@type\":\"ListItem\",\"position\":2,\"name\":\"Shop\",\"item\":\"https:\\\/\\\/yasminfood.ch\\\/de\\\/shop\\\/\"},{\"@type\":\"ListItem\",\"position\":3,\"name\":\"Reis &amp; Getreide\",\"item\":\"https:\\\/\\\/yasminfood.ch\\\/de\\\/produkt-kategorie\\\/reis-getreide\\\/\"},{\"@type\":\"ListItem\",\"position\":4,\"name\":\"Bulgur\",\"item\":\"https:\\\/\\\/yasminfood.ch\\\/de\\\/produkt-kategorie\\\/reis-getreide\\\/bulgur-de\\\/\"},{\"@type\":\"ListItem\",\"position\":5,\"name\":\"Mittelgro\u00dfer Bulgur mit Fadennudeln 1 Kilo Bashan\"}]},{\"@type\":\"WebSite\",\"@id\":\"https:\\\/\\\/yasminfood.ch\\\/de\\\/#website\",\"url\":\"https:\\\/\\\/yasminfood.ch\\\/de\\\/\",\"name\":\"\u064a\u0627\u0633\u0645\u064a\u0646 \u0645\u0627\u0631\u0643\u062a\",\"description\":\"Alles, was Sie brauchen, an einem Ort\",\"publisher\":{\"@id\":\"https:\\\/\\\/yasminfood.ch\\\/de\\\/#organization\"},\"alternateName\":\"Yasmin Food\",\"potentialAction\":[{\"@type\":\"SearchAction\",\"target\":{\"@type\":\"EntryPoint\",\"urlTemplate\":\"https:\\\/\\\/yasminfood.ch\\\/de\\\/?s={search_term_string}\"},\"query-input\":{\"@type\":\"PropertyValueSpecification\",\"valueRequired\":true,\"valueName\":\"search_term_string\"}}],\"inLanguage\":\"de\"},{\"@type\":\"Organization\",\"@id\":\"https:\\\/\\\/yasminfood.ch\\\/de\\\/#organization\",\"name\":\"\u064a\u0627\u0633\u0645\u064a\u0646 \u0645\u0627\u0631\u0643\u062a\",\"alternateName\":\"Yasmin Food\",\"url\":\"https:\\\/\\\/yasminfood.ch\\\/de\\\/\",\"logo\":{\"@type\":\"ImageObject\",\"inLanguage\":\"de\",\"@id\":\"https:\\\/\\\/yasminfood.ch\\\/de\\\/#\\\/schema\\\/logo\\\/image\\\/\",\"url\":\"https:\\\/\\\/yasminfood.ch\\\/wp-content\\\/uploads\\\/2025\\\/05\\\/yasmin-food-header-logo.png\",\"contentUrl\":\"https:\\\/\\\/yasminfood.ch\\\/wp-content\\\/uploads\\\/2025\\\/05\\\/yasmin-food-header-logo.png\",\"width\":330,\"height\":120,\"caption\":\"\u064a\u0627\u0633\u0645\u064a\u0646 \u0645\u0627\u0631\u0643\u062a\"},\"image\":{\"@id\":\"https:\\\/\\\/yasminfood.ch\\\/de\\\/#\\\/schema\\\/logo\\\/image\\\/\"},\"sameAs\":[\"https:\\\/\\\/www.facebook.com\\\/yasminmarkt1\",\"https:\\\/\\\/www.tiktok.com\\\/@yasminmarkt\",\"https:\\\/\\\/www.instagram.com\\\/yasmin.markt1\\\/\",\"https:\\\/\\\/api.whatsapp.com\\\/send\\\/?phone=41799000104\"],\"publishingPrinciples\":\"https:\\\/\\\/yasminfood.ch\\\/de\\\/shop\\\/\",\"ownershipFundingInfo\":\"https:\\\/\\\/yasminfood.ch\\\/de\\\/shop\\\/\"}]}<\/script>\n<meta property=\"product:price:amount\" content=\"3.95\" \/>\n<meta property=\"product:price:currency\" content=\"CHF\" \/>\n<meta property=\"og:availability\" content=\"instock\" \/>\n<meta property=\"product:availability\" content=\"instock\" \/>\n<meta property=\"product:condition\" content=\"new\" \/>\n<!-- \/ Yoast SEO Premium plugin. -->","yoast_head_json":{"title":"Mittelgro\u00dfer Bulgur mit Fadennudeln 1 Kilo Bashan - Yasmin Food","description":"Genie\u00dfen Sie die Zubereitung k\u00f6stlicher Gerichte mit mittelgro\u00dfem Bulgur mit 1 Kilo Pashan-Fadennudeln. Perfekt als gesunde Alternative zu Reis und seiner reichhaltigen S\u00e4ure! \ud83c\udf7d\ufe0f Yasmin Food Mittelgro\u00dfer Bulgur mit Fadennudeln 1 Kilo Bashan","robots":{"index":"index","follow":"follow","max-snippet":"max-snippet:-1","max-image-preview":"max-image-preview:large","max-video-preview":"max-video-preview:-1"},"canonical":"https:\/\/yasminfood.ch\/de\/product\/mittelgrosser-bulgur-mit-fadennudeln-1-kilo-bashan\/","og_locale":"de_DE","og_type":"article","og_title":"Mittelgro\u00dfer Bulgur mit Fadennudeln 1 Kilo Bashan","og_description":"Mittelgro\u00dfer Bulgur mit Fadennudeln 1 Kilo Bashan   Perfekt f\u00fcr die Zubereitung der k\u00f6stlichsten orientalischen Gerichte wie Fadennudeln, Bulgur oder als nahrhafte Alternative zu Reis.  Es zeichnet sich durch einfache und schnelle Zubereitung, reichhaltigen Geschmack und hohen N\u00e4hrwert aus.","og_url":"https:\/\/yasminfood.ch\/de\/product\/mittelgrosser-bulgur-mit-fadennudeln-1-kilo-bashan\/","og_site_name":"Yasmin Food","article_publisher":"https:\/\/www.facebook.com\/yasminmarkt1","article_modified_time":"2025-07-10T11:31:26+00:00","og_image":[{"width":1080,"height":1080,"url":"https:\/\/yasminfood.ch\/wp-content\/uploads\/2025\/07\/\u0628\u0631\u063a\u0644-\u0645\u062a\u0648\u0633\u0637-\u0645\u0639-\u0634\u0639\u064a\u0631\u064a\u0629-1-\u0643\u064a\u0644\u0648-\u0628\u0627\u0634\u0627\u0646.png","type":"image\/png"}],"twitter_card":"summary_large_image","twitter_misc":{"Preis":"3.95&nbsp;&#67;&#72;&#70;","Verf\u00fcgbarkeit":"Auf Lager"},"schema":{"@context":"https:\/\/schema.org","@graph":[{"@type":"WebPage","@id":"https:\/\/yasminfood.ch\/de\/product\/mittelgrosser-bulgur-mit-fadennudeln-1-kilo-bashan\/","url":"https:\/\/yasminfood.ch\/de\/product\/mittelgrosser-bulgur-mit-fadennudeln-1-kilo-bashan\/","name":"Mittelgro\u00dfer Bulgur mit Fadennudeln 1 Kilo Bashan - Yasmin Food","isPartOf":{"@id":"https:\/\/yasminfood.ch\/de\/#website"},"primaryImageOfPage":{"@id":"https:\/\/yasminfood.ch\/de\/product\/mittelgrosser-bulgur-mit-fadennudeln-1-kilo-bashan\/#primaryimage"},"image":{"@id":"https:\/\/yasminfood.ch\/de\/product\/mittelgrosser-bulgur-mit-fadennudeln-1-kilo-bashan\/#primaryimage"},"thumbnailUrl":"https:\/\/yasminfood.ch\/wp-content\/uploads\/2025\/07\/\u0628\u0631\u063a\u0644-\u0645\u062a\u0648\u0633\u0637-\u0645\u0639-\u0634\u0639\u064a\u0631\u064a\u0629-1-\u0643\u064a\u0644\u0648-\u0628\u0627\u0634\u0627\u0646.png","datePublished":"2025-07-10T11:19:38+00:00","dateModified":"2025-07-10T11:31:26+00:00","description":"Genie\u00dfen Sie die Zubereitung k\u00f6stlicher Gerichte mit mittelgro\u00dfem Bulgur mit 1 Kilo Pashan-Fadennudeln. Perfekt als gesunde Alternative zu Reis und seiner reichhaltigen S\u00e4ure! \ud83c\udf7d\ufe0f Yasmin Food Mittelgro\u00dfer Bulgur mit Fadennudeln 1 Kilo Bashan","breadcrumb":{"@id":"https:\/\/yasminfood.ch\/de\/product\/mittelgrosser-bulgur-mit-fadennudeln-1-kilo-bashan\/#breadcrumb"},"inLanguage":"de","potentialAction":[{"@type":"ReadAction","target":["https:\/\/yasminfood.ch\/de\/product\/mittelgrosser-bulgur-mit-fadennudeln-1-kilo-bashan\/"]}]},{"@type":"ImageObject","inLanguage":"de","@id":"https:\/\/yasminfood.ch\/de\/product\/mittelgrosser-bulgur-mit-fadennudeln-1-kilo-bashan\/#primaryimage","url":"https:\/\/yasminfood.ch\/wp-content\/uploads\/2025\/07\/\u0628\u0631\u063a\u0644-\u0645\u062a\u0648\u0633\u0637-\u0645\u0639-\u0634\u0639\u064a\u0631\u064a\u0629-1-\u0643\u064a\u0644\u0648-\u0628\u0627\u0634\u0627\u0646.png","contentUrl":"https:\/\/yasminfood.ch\/wp-content\/uploads\/2025\/07\/\u0628\u0631\u063a\u0644-\u0645\u062a\u0648\u0633\u0637-\u0645\u0639-\u0634\u0639\u064a\u0631\u064a\u0629-1-\u0643\u064a\u0644\u0648-\u0628\u0627\u0634\u0627\u0646.png","width":1080,"height":1080,"caption":"Mittelgro\u00dfer Bulgur mit Fadennudeln 1 Kilo Bashan"},{"@type":"BreadcrumbList","@id":"https:\/\/yasminfood.ch\/de\/product\/mittelgrosser-bulgur-mit-fadennudeln-1-kilo-bashan\/#breadcrumb","itemListElement":[{"@type":"ListItem","position":1,"name":"\u0627\u0644\u0631\u0626\u064a\u0633\u064a\u0629","item":"https:\/\/yasminfood.ch\/de\/zuhause\/"},{"@type":"ListItem","position":2,"name":"Shop","item":"https:\/\/yasminfood.ch\/de\/shop\/"},{"@type":"ListItem","position":3,"name":"Reis &amp; Getreide","item":"https:\/\/yasminfood.ch\/de\/produkt-kategorie\/reis-getreide\/"},{"@type":"ListItem","position":4,"name":"Bulgur","item":"https:\/\/yasminfood.ch\/de\/produkt-kategorie\/reis-getreide\/bulgur-de\/"},{"@type":"ListItem","position":5,"name":"Mittelgro\u00dfer Bulgur mit Fadennudeln 1 Kilo Bashan"}]},{"@type":"WebSite","@id":"https:\/\/yasminfood.ch\/de\/#website","url":"https:\/\/yasminfood.ch\/de\/","name":"\u064a\u0627\u0633\u0645\u064a\u0646 \u0645\u0627\u0631\u0643\u062a","description":"Alles, was Sie brauchen, an einem Ort","publisher":{"@id":"https:\/\/yasminfood.ch\/de\/#organization"},"alternateName":"Yasmin Food","potentialAction":[{"@type":"SearchAction","target":{"@type":"EntryPoint","urlTemplate":"https:\/\/yasminfood.ch\/de\/?s={search_term_string}"},"query-input":{"@type":"PropertyValueSpecification","valueRequired":true,"valueName":"search_term_string"}}],"inLanguage":"de"},{"@type":"Organization","@id":"https:\/\/yasminfood.ch\/de\/#organization","name":"\u064a\u0627\u0633\u0645\u064a\u0646 \u0645\u0627\u0631\u0643\u062a","alternateName":"Yasmin Food","url":"https:\/\/yasminfood.ch\/de\/","logo":{"@type":"ImageObject","inLanguage":"de","@id":"https:\/\/yasminfood.ch\/de\/#\/schema\/logo\/image\/","url":"https:\/\/yasminfood.ch\/wp-content\/uploads\/2025\/05\/yasmin-food-header-logo.png","contentUrl":"https:\/\/yasminfood.ch\/wp-content\/uploads\/2025\/05\/yasmin-food-header-logo.png","width":330,"height":120,"caption":"\u064a\u0627\u0633\u0645\u064a\u0646 \u0645\u0627\u0631\u0643\u062a"},"image":{"@id":"https:\/\/yasminfood.ch\/de\/#\/schema\/logo\/image\/"},"sameAs":["https:\/\/www.facebook.com\/yasminmarkt1","https:\/\/www.tiktok.com\/@yasminmarkt","https:\/\/www.instagram.com\/yasmin.markt1\/","https:\/\/api.whatsapp.com\/send\/?phone=41799000104"],"publishingPrinciples":"https:\/\/yasminfood.ch\/de\/shop\/","ownershipFundingInfo":"https:\/\/yasminfood.ch\/de\/shop\/"}]},"product_price_amount":"3.95","product_price_currency":"CHF","og_availability":"instock","product_availability":"instock","product_condition":"new"},"jetpack_sharing_enabled":true,"_links":{"self":[{"href":"https:\/\/yasminfood.ch\/de\/wp-json\/wp\/v2\/product\/118243","targetHints":{"allow":["GET"]}}],"collection":[{"href":"https:\/\/yasminfood.ch\/de\/wp-json\/wp\/v2\/product"}],"about":[{"href":"https:\/\/yasminfood.ch\/de\/wp-json\/wp\/v2\/types\/product"}],"replies":[{"embeddable":true,"href":"https:\/\/yasminfood.ch\/de\/wp-json\/wp\/v2\/comments?post=118243"}],"version-history":[{"count":0,"href":"https:\/\/yasminfood.ch\/de\/wp-json\/wp\/v2\/product\/118243\/revisions"}],"wp:featuredmedia":[{"embeddable":true,"href":"https:\/\/yasminfood.ch\/de\/wp-json\/wp\/v2\/media\/118216"}],"wp:attachment":[{"href":"https:\/\/yasminfood.ch\/de\/wp-json\/wp\/v2\/media?parent=118243"}],"wp:term":[{"taxonomy":"product_brand","embeddable":true,"href":"https:\/\/yasminfood.ch\/de\/wp-json\/wp\/v2\/product_brand?post=118243"},{"taxonomy":"product_cat","embeddable":true,"href":"https:\/\/yasminfood.ch\/de\/wp-json\/wp\/v2\/product_cat?post=118243"},{"taxonomy":"product_tag","embeddable":true,"href":"https:\/\/yasminfood.ch\/de\/wp-json\/wp\/v2\/product_tag?post=118243"}],"curies":[{"name":"wp","href":"https:\/\/api.w.org\/{rel}","templated":true}]}}