{"id":118316,"date":"2025-07-14T13:33:54","date_gmt":"2025-07-14T11:33:54","guid":{"rendered":"https:\/\/yasminfood.ch\/product\/sieben-gewuerze-80-g-al-baraka-saisons\/"},"modified":"2025-07-14T13:42:25","modified_gmt":"2025-07-14T11:42:25","slug":"sieben-gewuerze-80-g-al-baraka-saisons","status":"publish","type":"product","link":"https:\/\/yasminfood.ch\/de\/product\/sieben-gewuerze-80-g-al-baraka-saisons\/","title":{"rendered":"Sieben Gew\u00fcrze 80 g-Al Baraka Saisons"},"content":{"rendered":"<p><strong>Sieben Gew\u00fcrze 80 g-Al Baraka Saisons<\/strong><\/p>\n<ul>\n<li>\n<p data-start=\"44\" data-end=\"280\">Eine ausgewogene Mischung aus sieben Arten feiner orientalischer Gew\u00fcrze, die den k\u00f6stlichsten Gerichten einen reichen und authentischen Geschmack verleihen. <br data-start=\"174\" data-end=\"177\">Perfekt zum Marinieren von Fleisch, Kibbeh, Eint\u00f6pfen und Reis. <br data-start=\"221\" data-end=\"224\">Eine traditionelle Formel, die mit ihrem Geschmack und Aroma den Geist der arabischen K\u00fcche zum Ausdruck bringt.<\/p>\n<p data-start=\"282\" data-end=\"363\">\u2705 100% nat\u00fcrliche Mischung<br data-start=\"299\" data-end=\"302\">\u2705 Ohne Konservierungsstoffe<br data-start=\"319\" data-end=\"322\">\u2705 Hergestellt in der T\u00fcrkei<br data-start=\"336\" data-end=\"339\">\ud83d\udce6 Nettogewicht: 80 g <\/p>\n<\/li>\n<\/ul>\n","protected":false},"excerpt":{"rendered":"<p><strong>Sieben Gew\u00fcrze 80 g-Al Baraka Saisons<\/strong><\/p>\n<ul>\n<li>\n<p data-start=\"44\" data-end=\"280\">Eine ausgewogene Mischung aus sieben Arten luxuri\u00f6ser orientalischer Gew\u00fcrze,<\/p>\n<\/li>\n<\/ul>\n","protected":false},"featured_media":118269,"comment_status":"open","ping_status":"closed","template":"","meta":[],"product_brand":[],"product_cat":[360,356],"product_tag":[],"class_list":{"0":"post-118316","1":"product","2":"type-product","3":"status-publish","4":"has-post-thumbnail","6":"product_cat-gewurze","7":"product_cat-gewuerze-nuesse","9":"first","10":"outofstock","11":"taxable","12":"shipping-taxable","13":"purchasable","14":"product-type-simple"},"yoast_head":"<!-- This site is optimized with the Yoast SEO Premium plugin v26.5 (Yoast SEO v27.5) - https:\/\/yoast.com\/product\/yoast-seo-premium-wordpress\/ -->\n<title>Sieben Gew\u00fcrze 80 g-Al Baraka Saisons - Yasmin Food<\/title>\n<meta name=\"description\" content=\"Genie\u00dfen Sie ein reichhaltiges Aroma mit sieben Gew\u00fcrzen 80g-Baraka Jahreszeiten. Befreien Sie sich von alten Kochgewohnheiten und probieren Sie diese nat\u00fcrliche Kombination noch heute! \u2705 Yasmin Food\" \/>\n<meta name=\"robots\" content=\"index, follow, max-snippet:-1, max-image-preview:large, max-video-preview:-1\" \/>\n<link rel=\"canonical\" href=\"https:\/\/yasminfood.ch\/de\/product\/sieben-gewuerze-80-g-al-baraka-saisons\/\" \/>\n<meta property=\"og:locale\" content=\"de_DE\" \/>\n<meta property=\"og:type\" content=\"article\" \/>\n<meta property=\"og:title\" content=\"Sieben Gew\u00fcrze 80 g-Al Baraka Saisons\" \/>\n<meta property=\"og:description\" content=\"Sieben Gew\u00fcrze 80 g-Al Baraka Saisons   Eine ausgewogene Mischung aus sieben Arten luxuri\u00f6ser orientalischer Gew\u00fcrze,\" \/>\n<meta property=\"og:url\" content=\"https:\/\/yasminfood.ch\/de\/product\/sieben-gewuerze-80-g-al-baraka-saisons\/\" \/>\n<meta property=\"og:site_name\" content=\"Yasmin Food\" \/>\n<meta property=\"article:publisher\" content=\"https:\/\/www.facebook.com\/yasminmarkt1\" \/>\n<meta property=\"article:modified_time\" content=\"2025-07-14T11:42:25+00:00\" \/>\n<meta property=\"og:image\" content=\"https:\/\/yasminfood.ch\/wp-content\/uploads\/2025\/07\/\u0633\u0628\u0639-\u0628\u0647\u0627\u0631\u0627\u062a-80-\u063a-\u0645\u0648\u0627\u0633\u0645-\u0627\u0644\u0628\u0631\u0643\u0629-.png\" \/>\n\t<meta property=\"og:image:width\" content=\"1080\" \/>\n\t<meta property=\"og:image:height\" content=\"1080\" \/>\n\t<meta property=\"og:image:type\" content=\"image\/png\" \/>\n<meta name=\"twitter:card\" content=\"summary_large_image\" \/>\n<meta name=\"twitter:label1\" content=\"Preis\" \/>\n\t<meta name=\"twitter:data1\" content=\"3.50&nbsp;&#067;&#072;&#070;\" \/>\n\t<meta name=\"twitter:label2\" content=\"Verf\u00fcgbarkeit\" \/>\n\t<meta name=\"twitter:data2\" content=\"ausverkauft\" \/>\n<script type=\"application\/ld+json\" class=\"yoast-schema-graph\">{\"@context\":\"https:\\\/\\\/schema.org\",\"@graph\":[{\"@type\":\"WebPage\",\"@id\":\"https:\\\/\\\/yasminfood.ch\\\/de\\\/product\\\/sieben-gewuerze-80-g-al-baraka-saisons\\\/\",\"url\":\"https:\\\/\\\/yasminfood.ch\\\/de\\\/product\\\/sieben-gewuerze-80-g-al-baraka-saisons\\\/\",\"name\":\"Sieben Gew\u00fcrze 80 g-Al Baraka Saisons - Yasmin Food\",\"isPartOf\":{\"@id\":\"https:\\\/\\\/yasminfood.ch\\\/de\\\/#website\"},\"primaryImageOfPage\":{\"@id\":\"https:\\\/\\\/yasminfood.ch\\\/de\\\/product\\\/sieben-gewuerze-80-g-al-baraka-saisons\\\/#primaryimage\"},\"image\":{\"@id\":\"https:\\\/\\\/yasminfood.ch\\\/de\\\/product\\\/sieben-gewuerze-80-g-al-baraka-saisons\\\/#primaryimage\"},\"thumbnailUrl\":\"https:\\\/\\\/yasminfood.ch\\\/wp-content\\\/uploads\\\/2025\\\/07\\\/\u0633\u0628\u0639-\u0628\u0647\u0627\u0631\u0627\u062a-80-\u063a-\u0645\u0648\u0627\u0633\u0645-\u0627\u0644\u0628\u0631\u0643\u0629-.png\",\"datePublished\":\"2025-07-14T11:33:54+00:00\",\"dateModified\":\"2025-07-14T11:42:25+00:00\",\"description\":\"Genie\u00dfen Sie ein reichhaltiges Aroma mit sieben Gew\u00fcrzen 80g-Baraka Jahreszeiten. Befreien Sie sich von alten Kochgewohnheiten und probieren Sie diese nat\u00fcrliche Kombination noch heute! \u2705 Yasmin Food\",\"breadcrumb\":{\"@id\":\"https:\\\/\\\/yasminfood.ch\\\/de\\\/product\\\/sieben-gewuerze-80-g-al-baraka-saisons\\\/#breadcrumb\"},\"inLanguage\":\"de\",\"potentialAction\":[{\"@type\":\"ReadAction\",\"target\":[\"https:\\\/\\\/yasminfood.ch\\\/de\\\/product\\\/sieben-gewuerze-80-g-al-baraka-saisons\\\/\"]}]},{\"@type\":\"ImageObject\",\"inLanguage\":\"de\",\"@id\":\"https:\\\/\\\/yasminfood.ch\\\/de\\\/product\\\/sieben-gewuerze-80-g-al-baraka-saisons\\\/#primaryimage\",\"url\":\"https:\\\/\\\/yasminfood.ch\\\/wp-content\\\/uploads\\\/2025\\\/07\\\/\u0633\u0628\u0639-\u0628\u0647\u0627\u0631\u0627\u062a-80-\u063a-\u0645\u0648\u0627\u0633\u0645-\u0627\u0644\u0628\u0631\u0643\u0629-.png\",\"contentUrl\":\"https:\\\/\\\/yasminfood.ch\\\/wp-content\\\/uploads\\\/2025\\\/07\\\/\u0633\u0628\u0639-\u0628\u0647\u0627\u0631\u0627\u062a-80-\u063a-\u0645\u0648\u0627\u0633\u0645-\u0627\u0644\u0628\u0631\u0643\u0629-.png\",\"width\":1080,\"height\":1080,\"caption\":\"Sieben Gew\u00fcrze 80 g-Al Baraka Saisons\"},{\"@type\":\"BreadcrumbList\",\"@id\":\"https:\\\/\\\/yasminfood.ch\\\/de\\\/product\\\/sieben-gewuerze-80-g-al-baraka-saisons\\\/#breadcrumb\",\"itemListElement\":[{\"@type\":\"ListItem\",\"position\":1,\"name\":\"\u0627\u0644\u0631\u0626\u064a\u0633\u064a\u0629\",\"item\":\"https:\\\/\\\/yasminfood.ch\\\/de\\\/zuhause\\\/\"},{\"@type\":\"ListItem\",\"position\":2,\"name\":\"Shop\",\"item\":\"https:\\\/\\\/yasminfood.ch\\\/de\\\/shop\\\/\"},{\"@type\":\"ListItem\",\"position\":3,\"name\":\"Gew\u00fcrze &amp; N\u00fcsse\",\"item\":\"https:\\\/\\\/yasminfood.ch\\\/de\\\/produkt-kategorie\\\/gewuerze-nuesse\\\/\"},{\"@type\":\"ListItem\",\"position\":4,\"name\":\"Gew\u00fcrze\",\"item\":\"https:\\\/\\\/yasminfood.ch\\\/de\\\/produkt-kategorie\\\/gewuerze-nuesse\\\/gewurze\\\/\"},{\"@type\":\"ListItem\",\"position\":5,\"name\":\"Sieben Gew\u00fcrze 80 g-Al Baraka Saisons\"}]},{\"@type\":\"WebSite\",\"@id\":\"https:\\\/\\\/yasminfood.ch\\\/de\\\/#website\",\"url\":\"https:\\\/\\\/yasminfood.ch\\\/de\\\/\",\"name\":\"\u064a\u0627\u0633\u0645\u064a\u0646 \u0645\u0627\u0631\u0643\u062a\",\"description\":\"Alles, was Sie brauchen, an einem Ort\",\"publisher\":{\"@id\":\"https:\\\/\\\/yasminfood.ch\\\/de\\\/#organization\"},\"alternateName\":\"Yasmin Food\",\"potentialAction\":[{\"@type\":\"SearchAction\",\"target\":{\"@type\":\"EntryPoint\",\"urlTemplate\":\"https:\\\/\\\/yasminfood.ch\\\/de\\\/?s={search_term_string}\"},\"query-input\":{\"@type\":\"PropertyValueSpecification\",\"valueRequired\":true,\"valueName\":\"search_term_string\"}}],\"inLanguage\":\"de\"},{\"@type\":\"Organization\",\"@id\":\"https:\\\/\\\/yasminfood.ch\\\/de\\\/#organization\",\"name\":\"\u064a\u0627\u0633\u0645\u064a\u0646 \u0645\u0627\u0631\u0643\u062a\",\"alternateName\":\"Yasmin Food\",\"url\":\"https:\\\/\\\/yasminfood.ch\\\/de\\\/\",\"logo\":{\"@type\":\"ImageObject\",\"inLanguage\":\"de\",\"@id\":\"https:\\\/\\\/yasminfood.ch\\\/de\\\/#\\\/schema\\\/logo\\\/image\\\/\",\"url\":\"https:\\\/\\\/yasminfood.ch\\\/wp-content\\\/uploads\\\/2025\\\/05\\\/yasmin-food-header-logo.png\",\"contentUrl\":\"https:\\\/\\\/yasminfood.ch\\\/wp-content\\\/uploads\\\/2025\\\/05\\\/yasmin-food-header-logo.png\",\"width\":330,\"height\":120,\"caption\":\"\u064a\u0627\u0633\u0645\u064a\u0646 \u0645\u0627\u0631\u0643\u062a\"},\"image\":{\"@id\":\"https:\\\/\\\/yasminfood.ch\\\/de\\\/#\\\/schema\\\/logo\\\/image\\\/\"},\"sameAs\":[\"https:\\\/\\\/www.facebook.com\\\/yasminmarkt1\",\"https:\\\/\\\/www.tiktok.com\\\/@yasminmarkt\",\"https:\\\/\\\/www.instagram.com\\\/yasmin.markt1\\\/\",\"https:\\\/\\\/api.whatsapp.com\\\/send\\\/?phone=41799000104\"],\"publishingPrinciples\":\"https:\\\/\\\/yasminfood.ch\\\/de\\\/shop\\\/\",\"ownershipFundingInfo\":\"https:\\\/\\\/yasminfood.ch\\\/de\\\/shop\\\/\"}]}<\/script>\n<meta property=\"product:price:amount\" content=\"3.50\" \/>\n<meta property=\"product:price:currency\" content=\"CHF\" \/>\n<meta property=\"og:availability\" content=\"out of stock\" \/>\n<meta property=\"product:availability\" content=\"out of stock\" \/>\n<meta property=\"product:condition\" content=\"new\" \/>\n<!-- \/ Yoast SEO Premium plugin. -->","yoast_head_json":{"title":"Sieben Gew\u00fcrze 80 g-Al Baraka Saisons - Yasmin Food","description":"Genie\u00dfen Sie ein reichhaltiges Aroma mit sieben Gew\u00fcrzen 80g-Baraka Jahreszeiten. Befreien Sie sich von alten Kochgewohnheiten und probieren Sie diese nat\u00fcrliche Kombination noch heute! \u2705 Yasmin Food","robots":{"index":"index","follow":"follow","max-snippet":"max-snippet:-1","max-image-preview":"max-image-preview:large","max-video-preview":"max-video-preview:-1"},"canonical":"https:\/\/yasminfood.ch\/de\/product\/sieben-gewuerze-80-g-al-baraka-saisons\/","og_locale":"de_DE","og_type":"article","og_title":"Sieben Gew\u00fcrze 80 g-Al Baraka Saisons","og_description":"Sieben Gew\u00fcrze 80 g-Al Baraka Saisons   Eine ausgewogene Mischung aus sieben Arten luxuri\u00f6ser orientalischer Gew\u00fcrze,","og_url":"https:\/\/yasminfood.ch\/de\/product\/sieben-gewuerze-80-g-al-baraka-saisons\/","og_site_name":"Yasmin Food","article_publisher":"https:\/\/www.facebook.com\/yasminmarkt1","article_modified_time":"2025-07-14T11:42:25+00:00","og_image":[{"width":1080,"height":1080,"url":"https:\/\/yasminfood.ch\/wp-content\/uploads\/2025\/07\/\u0633\u0628\u0639-\u0628\u0647\u0627\u0631\u0627\u062a-80-\u063a-\u0645\u0648\u0627\u0633\u0645-\u0627\u0644\u0628\u0631\u0643\u0629-.png","type":"image\/png"}],"twitter_card":"summary_large_image","twitter_misc":{"Preis":"3.50&nbsp;&#67;&#72;&#70;","Verf\u00fcgbarkeit":"ausverkauft"},"schema":{"@context":"https:\/\/schema.org","@graph":[{"@type":"WebPage","@id":"https:\/\/yasminfood.ch\/de\/product\/sieben-gewuerze-80-g-al-baraka-saisons\/","url":"https:\/\/yasminfood.ch\/de\/product\/sieben-gewuerze-80-g-al-baraka-saisons\/","name":"Sieben Gew\u00fcrze 80 g-Al Baraka Saisons - Yasmin Food","isPartOf":{"@id":"https:\/\/yasminfood.ch\/de\/#website"},"primaryImageOfPage":{"@id":"https:\/\/yasminfood.ch\/de\/product\/sieben-gewuerze-80-g-al-baraka-saisons\/#primaryimage"},"image":{"@id":"https:\/\/yasminfood.ch\/de\/product\/sieben-gewuerze-80-g-al-baraka-saisons\/#primaryimage"},"thumbnailUrl":"https:\/\/yasminfood.ch\/wp-content\/uploads\/2025\/07\/\u0633\u0628\u0639-\u0628\u0647\u0627\u0631\u0627\u062a-80-\u063a-\u0645\u0648\u0627\u0633\u0645-\u0627\u0644\u0628\u0631\u0643\u0629-.png","datePublished":"2025-07-14T11:33:54+00:00","dateModified":"2025-07-14T11:42:25+00:00","description":"Genie\u00dfen Sie ein reichhaltiges Aroma mit sieben Gew\u00fcrzen 80g-Baraka Jahreszeiten. Befreien Sie sich von alten Kochgewohnheiten und probieren Sie diese nat\u00fcrliche Kombination noch heute! \u2705 Yasmin Food","breadcrumb":{"@id":"https:\/\/yasminfood.ch\/de\/product\/sieben-gewuerze-80-g-al-baraka-saisons\/#breadcrumb"},"inLanguage":"de","potentialAction":[{"@type":"ReadAction","target":["https:\/\/yasminfood.ch\/de\/product\/sieben-gewuerze-80-g-al-baraka-saisons\/"]}]},{"@type":"ImageObject","inLanguage":"de","@id":"https:\/\/yasminfood.ch\/de\/product\/sieben-gewuerze-80-g-al-baraka-saisons\/#primaryimage","url":"https:\/\/yasminfood.ch\/wp-content\/uploads\/2025\/07\/\u0633\u0628\u0639-\u0628\u0647\u0627\u0631\u0627\u062a-80-\u063a-\u0645\u0648\u0627\u0633\u0645-\u0627\u0644\u0628\u0631\u0643\u0629-.png","contentUrl":"https:\/\/yasminfood.ch\/wp-content\/uploads\/2025\/07\/\u0633\u0628\u0639-\u0628\u0647\u0627\u0631\u0627\u062a-80-\u063a-\u0645\u0648\u0627\u0633\u0645-\u0627\u0644\u0628\u0631\u0643\u0629-.png","width":1080,"height":1080,"caption":"Sieben Gew\u00fcrze 80 g-Al Baraka Saisons"},{"@type":"BreadcrumbList","@id":"https:\/\/yasminfood.ch\/de\/product\/sieben-gewuerze-80-g-al-baraka-saisons\/#breadcrumb","itemListElement":[{"@type":"ListItem","position":1,"name":"\u0627\u0644\u0631\u0626\u064a\u0633\u064a\u0629","item":"https:\/\/yasminfood.ch\/de\/zuhause\/"},{"@type":"ListItem","position":2,"name":"Shop","item":"https:\/\/yasminfood.ch\/de\/shop\/"},{"@type":"ListItem","position":3,"name":"Gew\u00fcrze &amp; N\u00fcsse","item":"https:\/\/yasminfood.ch\/de\/produkt-kategorie\/gewuerze-nuesse\/"},{"@type":"ListItem","position":4,"name":"Gew\u00fcrze","item":"https:\/\/yasminfood.ch\/de\/produkt-kategorie\/gewuerze-nuesse\/gewurze\/"},{"@type":"ListItem","position":5,"name":"Sieben Gew\u00fcrze 80 g-Al Baraka Saisons"}]},{"@type":"WebSite","@id":"https:\/\/yasminfood.ch\/de\/#website","url":"https:\/\/yasminfood.ch\/de\/","name":"\u064a\u0627\u0633\u0645\u064a\u0646 \u0645\u0627\u0631\u0643\u062a","description":"Alles, was Sie brauchen, an einem Ort","publisher":{"@id":"https:\/\/yasminfood.ch\/de\/#organization"},"alternateName":"Yasmin Food","potentialAction":[{"@type":"SearchAction","target":{"@type":"EntryPoint","urlTemplate":"https:\/\/yasminfood.ch\/de\/?s={search_term_string}"},"query-input":{"@type":"PropertyValueSpecification","valueRequired":true,"valueName":"search_term_string"}}],"inLanguage":"de"},{"@type":"Organization","@id":"https:\/\/yasminfood.ch\/de\/#organization","name":"\u064a\u0627\u0633\u0645\u064a\u0646 \u0645\u0627\u0631\u0643\u062a","alternateName":"Yasmin Food","url":"https:\/\/yasminfood.ch\/de\/","logo":{"@type":"ImageObject","inLanguage":"de","@id":"https:\/\/yasminfood.ch\/de\/#\/schema\/logo\/image\/","url":"https:\/\/yasminfood.ch\/wp-content\/uploads\/2025\/05\/yasmin-food-header-logo.png","contentUrl":"https:\/\/yasminfood.ch\/wp-content\/uploads\/2025\/05\/yasmin-food-header-logo.png","width":330,"height":120,"caption":"\u064a\u0627\u0633\u0645\u064a\u0646 \u0645\u0627\u0631\u0643\u062a"},"image":{"@id":"https:\/\/yasminfood.ch\/de\/#\/schema\/logo\/image\/"},"sameAs":["https:\/\/www.facebook.com\/yasminmarkt1","https:\/\/www.tiktok.com\/@yasminmarkt","https:\/\/www.instagram.com\/yasmin.markt1\/","https:\/\/api.whatsapp.com\/send\/?phone=41799000104"],"publishingPrinciples":"https:\/\/yasminfood.ch\/de\/shop\/","ownershipFundingInfo":"https:\/\/yasminfood.ch\/de\/shop\/"}]},"product_price_amount":"3.50","product_price_currency":"CHF","og_availability":"out of stock","product_availability":"out of stock","product_condition":"new"},"jetpack_sharing_enabled":true,"_links":{"self":[{"href":"https:\/\/yasminfood.ch\/de\/wp-json\/wp\/v2\/product\/118316","targetHints":{"allow":["GET"]}}],"collection":[{"href":"https:\/\/yasminfood.ch\/de\/wp-json\/wp\/v2\/product"}],"about":[{"href":"https:\/\/yasminfood.ch\/de\/wp-json\/wp\/v2\/types\/product"}],"replies":[{"embeddable":true,"href":"https:\/\/yasminfood.ch\/de\/wp-json\/wp\/v2\/comments?post=118316"}],"version-history":[{"count":0,"href":"https:\/\/yasminfood.ch\/de\/wp-json\/wp\/v2\/product\/118316\/revisions"}],"wp:featuredmedia":[{"embeddable":true,"href":"https:\/\/yasminfood.ch\/de\/wp-json\/wp\/v2\/media\/118269"}],"wp:attachment":[{"href":"https:\/\/yasminfood.ch\/de\/wp-json\/wp\/v2\/media?parent=118316"}],"wp:term":[{"taxonomy":"product_brand","embeddable":true,"href":"https:\/\/yasminfood.ch\/de\/wp-json\/wp\/v2\/product_brand?post=118316"},{"taxonomy":"product_cat","embeddable":true,"href":"https:\/\/yasminfood.ch\/de\/wp-json\/wp\/v2\/product_cat?post=118316"},{"taxonomy":"product_tag","embeddable":true,"href":"https:\/\/yasminfood.ch\/de\/wp-json\/wp\/v2\/product_tag?post=118316"}],"curies":[{"name":"wp","href":"https:\/\/api.w.org\/{rel}","templated":true}]}}