{"id":118527,"date":"2025-07-28T23:08:00","date_gmt":"2025-07-28T21:08:00","guid":{"rendered":"https:\/\/yasminfood.ch\/product\/marshmallow-teddybaer-1-halal-stueck\/"},"modified":"2025-07-28T23:23:30","modified_gmt":"2025-07-28T21:23:30","slug":"marshmallow-teddybaer-1-halal-stueck","status":"publish","type":"product","link":"https:\/\/yasminfood.ch\/de\/product\/marshmallow-teddybaer-1-halal-stueck\/","title":{"rendered":"Marshmallow Teddyb\u00e4r 1 Halal St\u00fcck"},"content":{"rendered":"<p><strong>Marshmallow Teddyb\u00e4r 1 Halal St\u00fcck<\/strong><\/p>\n<ul>\n<li>\n<p data-start=\"108\" data-end=\"380\">Unwiderstehlicher Spa\u00df f\u00fcr Kinder!<br data-start=\"185\" data-end=\"188\">Ein k\u00f6stlicher, zarter Teddyb\u00e4r in Form eines Marshmallows, der mit bunten Details und einer kuscheligen Form ausgestattet ist, die die Dessertzeit noch mehr Spa\u00df macht. <br data-start=\"286\" data-end=\"289\">Perfekt als Geschenk oder als einfache Ermutigung f\u00fcr die Kleinen f\u00fcr jeden Anlass. Hergestellt aus <strong data-start=\"352\" data-end=\"365\">100% Halal-Formel<\/strong> und sicher f\u00fcr Kinder.  <\/p>\n<p data-start=\"382\" data-end=\"583\">\ud83e\uddf8 <strong data-start=\"385\" data-end=\"395\">Form:<\/strong> Niedlicher Teddyb\u00e4r \u2013 verspieltes und attraktives Design<br data-start=\"424\" data-end=\"427\">\ud83e\uddf8 <strong data-start=\"430\" data-end=\"441\">Menge:<\/strong> Ein St\u00fcck<br data-start=\"452\" data-end=\"455\">\ud83e\uddf8 <strong data-start=\"458\" data-end=\"468\">Typ:<\/strong> Marshmallow am Stiel<br data-start=\"485\" data-end=\"488\">\ud83e\uddf8 Formel: Halal und frei von tierischer <strong data-start=\"491\" data-end=\"504\">Gelatine<\/strong><br data-start=\"537\" data-end=\"540\">\ud83e\uddf8 <strong data-start=\"543\" data-end=\"561\">Altersgruppe:<\/strong> Geeignet f\u00fcr Kinder und Erwachsene<\/p>\n<p data-start=\"585\" data-end=\"675\">\u2705 S\u00fc\u00dfer und sch\u00f6ner Vanillegeschmack<br data-start=\"607\" data-end=\"610\">\u2705 Geeignet f\u00fcr Partys und Geschenke<br data-start=\"634\" data-end=\"637\">\u2705 Einzeln verpackt<br data-start=\"653\" data-end=\"656\">\u2705 Sicher und kinderfreundlich<\/p>\n<p data-start=\"677\" data-end=\"779\">\n<\/li>\n<\/ul>\n","protected":false},"excerpt":{"rendered":"<p><strong>Marshmallow Teddyb\u00e4r 1 Halal St\u00fcck<\/strong><\/p>\n<ul>\n<li>\n<p data-start=\"108\" data-end=\"380\">Unwiderstehlicher Spa\u00df f\u00fcr Kinder!<br data-start=\"185\" data-end=\"188\">Ein k\u00f6stlicher, zarter Teddyb\u00e4r in Form eines Marshmallows, der mit bunten Details und einer kuscheligen Form ausgestattet ist, die die Dessertzeit noch mehr Spa\u00df macht. <\/p>\n<\/li>\n<\/ul>\n","protected":false},"featured_media":118493,"comment_status":"open","ping_status":"closed","template":"","meta":[],"product_brand":[],"product_cat":[297,306],"product_tag":[],"class_list":{"0":"post-118527","1":"product","2":"type-product","3":"status-publish","4":"has-post-thumbnail","6":"product_cat-dessert-chips-2","7":"product_cat-goetterspeise-halal","9":"first","10":"instock","11":"taxable","12":"shipping-taxable","13":"purchasable","14":"product-type-simple"},"yoast_head":"<!-- This site is optimized with the Yoast SEO Premium plugin v26.5 (Yoast SEO v27.4) - https:\/\/yoast.com\/product\/yoast-seo-premium-wordpress\/ -->\n<title>Marshmallow Teddyb\u00e4r 1 Halal St\u00fcck - Yasmin Food<\/title>\n<meta name=\"description\" content=\"Genie\u00dfen Sie einen k\u00f6stlichen Geschmack mit Marshmallow Teddyb\u00e4r 1 St\u00fcck Halal, geeignet f\u00fcr Kinder und Erwachsene! Machen Sie Anl\u00e4sse mit einem tollen \ud83e\uddf8 Geschenk noch lustiger Yasmin Food\" \/>\n<meta name=\"robots\" content=\"index, follow, max-snippet:-1, max-image-preview:large, max-video-preview:-1\" \/>\n<link rel=\"canonical\" href=\"https:\/\/yasminfood.ch\/de\/product\/marshmallow-teddybaer-1-halal-stueck\/\" \/>\n<meta property=\"og:locale\" content=\"de_DE\" \/>\n<meta property=\"og:type\" content=\"article\" \/>\n<meta property=\"og:title\" content=\"Marshmallow Teddyb\u00e4r 1 Halal St\u00fcck\" \/>\n<meta property=\"og:description\" content=\"Marshmallow Teddyb\u00e4r 1 Halal St\u00fcck   Unwiderstehlicher Spa\u00df f\u00fcr Kinder!Ein k\u00f6stlicher, zarter Teddyb\u00e4r in Form eines Marshmallows, der mit bunten Details und einer kuscheligen Form ausgestattet ist, die die Dessertzeit noch mehr Spa\u00df macht.\" \/>\n<meta property=\"og:url\" content=\"https:\/\/yasminfood.ch\/de\/product\/marshmallow-teddybaer-1-halal-stueck\/\" \/>\n<meta property=\"og:site_name\" content=\"Yasmin Food\" \/>\n<meta property=\"article:publisher\" content=\"https:\/\/www.facebook.com\/yasminmarkt1\" \/>\n<meta property=\"article:modified_time\" content=\"2025-07-28T21:23:30+00:00\" \/>\n<meta property=\"og:image\" content=\"https:\/\/yasminfood.ch\/wp-content\/uploads\/2025\/07\/\u0645\u0627\u0631\u0634\u0645\u064a\u0644\u0648-\u062f\u0628\u062f\u0648\u0628-1024x1024.png\" \/>\n\t<meta property=\"og:image:width\" content=\"1024\" \/>\n\t<meta property=\"og:image:height\" content=\"1024\" \/>\n\t<meta property=\"og:image:type\" content=\"image\/png\" \/>\n<meta name=\"twitter:card\" content=\"summary_large_image\" \/>\n<meta name=\"twitter:label1\" content=\"Preis\" \/>\n\t<meta name=\"twitter:data1\" content=\"2.00&nbsp;&#067;&#072;&#070;\" \/>\n\t<meta name=\"twitter:label2\" content=\"Verf\u00fcgbarkeit\" \/>\n\t<meta name=\"twitter:data2\" content=\"Auf Lager\" \/>\n<script type=\"application\/ld+json\" class=\"yoast-schema-graph\">{\"@context\":\"https:\\\/\\\/schema.org\",\"@graph\":[{\"@type\":\"WebPage\",\"@id\":\"https:\\\/\\\/yasminfood.ch\\\/de\\\/product\\\/marshmallow-teddybaer-1-halal-stueck\\\/\",\"url\":\"https:\\\/\\\/yasminfood.ch\\\/de\\\/product\\\/marshmallow-teddybaer-1-halal-stueck\\\/\",\"name\":\"Marshmallow Teddyb\u00e4r 1 Halal St\u00fcck - Yasmin Food\",\"isPartOf\":{\"@id\":\"https:\\\/\\\/yasminfood.ch\\\/de\\\/#website\"},\"primaryImageOfPage\":{\"@id\":\"https:\\\/\\\/yasminfood.ch\\\/de\\\/product\\\/marshmallow-teddybaer-1-halal-stueck\\\/#primaryimage\"},\"image\":{\"@id\":\"https:\\\/\\\/yasminfood.ch\\\/de\\\/product\\\/marshmallow-teddybaer-1-halal-stueck\\\/#primaryimage\"},\"thumbnailUrl\":\"https:\\\/\\\/yasminfood.ch\\\/wp-content\\\/uploads\\\/2025\\\/07\\\/\u0645\u0627\u0631\u0634\u0645\u064a\u0644\u0648-\u062f\u0628\u062f\u0648\u0628.png\",\"datePublished\":\"2025-07-28T21:08:00+00:00\",\"dateModified\":\"2025-07-28T21:23:30+00:00\",\"description\":\"Genie\u00dfen Sie einen k\u00f6stlichen Geschmack mit Marshmallow Teddyb\u00e4r 1 St\u00fcck Halal, geeignet f\u00fcr Kinder und Erwachsene! Machen Sie Anl\u00e4sse mit einem tollen \ud83e\uddf8 Geschenk noch lustiger Yasmin Food\",\"breadcrumb\":{\"@id\":\"https:\\\/\\\/yasminfood.ch\\\/de\\\/product\\\/marshmallow-teddybaer-1-halal-stueck\\\/#breadcrumb\"},\"inLanguage\":\"de\",\"potentialAction\":[{\"@type\":\"ReadAction\",\"target\":[\"https:\\\/\\\/yasminfood.ch\\\/de\\\/product\\\/marshmallow-teddybaer-1-halal-stueck\\\/\"]}]},{\"@type\":\"ImageObject\",\"inLanguage\":\"de\",\"@id\":\"https:\\\/\\\/yasminfood.ch\\\/de\\\/product\\\/marshmallow-teddybaer-1-halal-stueck\\\/#primaryimage\",\"url\":\"https:\\\/\\\/yasminfood.ch\\\/wp-content\\\/uploads\\\/2025\\\/07\\\/\u0645\u0627\u0631\u0634\u0645\u064a\u0644\u0648-\u062f\u0628\u062f\u0648\u0628.png\",\"contentUrl\":\"https:\\\/\\\/yasminfood.ch\\\/wp-content\\\/uploads\\\/2025\\\/07\\\/\u0645\u0627\u0631\u0634\u0645\u064a\u0644\u0648-\u062f\u0628\u062f\u0648\u0628.png\",\"width\":1250,\"height\":1250,\"caption\":\"Marshmallow Teddyb\u00e4r 1 Halal St\u00fcck\"},{\"@type\":\"BreadcrumbList\",\"@id\":\"https:\\\/\\\/yasminfood.ch\\\/de\\\/product\\\/marshmallow-teddybaer-1-halal-stueck\\\/#breadcrumb\",\"itemListElement\":[{\"@type\":\"ListItem\",\"position\":1,\"name\":\"\u0627\u0644\u0631\u0626\u064a\u0633\u064a\u0629\",\"item\":\"https:\\\/\\\/yasminfood.ch\\\/de\\\/zuhause\\\/\"},{\"@type\":\"ListItem\",\"position\":2,\"name\":\"Shop\",\"item\":\"https:\\\/\\\/yasminfood.ch\\\/de\\\/shop\\\/\"},{\"@type\":\"ListItem\",\"position\":3,\"name\":\"Dessert &amp; Chips\",\"item\":\"https:\\\/\\\/yasminfood.ch\\\/de\\\/produkt-kategorie\\\/dessert-chips-2\\\/\"},{\"@type\":\"ListItem\",\"position\":4,\"name\":\"Marshmallow Teddyb\u00e4r 1 Halal St\u00fcck\"}]},{\"@type\":\"WebSite\",\"@id\":\"https:\\\/\\\/yasminfood.ch\\\/de\\\/#website\",\"url\":\"https:\\\/\\\/yasminfood.ch\\\/de\\\/\",\"name\":\"\u064a\u0627\u0633\u0645\u064a\u0646 \u0645\u0627\u0631\u0643\u062a\",\"description\":\"Alles, was Sie brauchen, an einem Ort\",\"publisher\":{\"@id\":\"https:\\\/\\\/yasminfood.ch\\\/de\\\/#organization\"},\"alternateName\":\"Yasmin Food\",\"potentialAction\":[{\"@type\":\"SearchAction\",\"target\":{\"@type\":\"EntryPoint\",\"urlTemplate\":\"https:\\\/\\\/yasminfood.ch\\\/de\\\/?s={search_term_string}\"},\"query-input\":{\"@type\":\"PropertyValueSpecification\",\"valueRequired\":true,\"valueName\":\"search_term_string\"}}],\"inLanguage\":\"de\"},{\"@type\":\"Organization\",\"@id\":\"https:\\\/\\\/yasminfood.ch\\\/de\\\/#organization\",\"name\":\"\u064a\u0627\u0633\u0645\u064a\u0646 \u0645\u0627\u0631\u0643\u062a\",\"alternateName\":\"Yasmin Food\",\"url\":\"https:\\\/\\\/yasminfood.ch\\\/de\\\/\",\"logo\":{\"@type\":\"ImageObject\",\"inLanguage\":\"de\",\"@id\":\"https:\\\/\\\/yasminfood.ch\\\/de\\\/#\\\/schema\\\/logo\\\/image\\\/\",\"url\":\"https:\\\/\\\/yasminfood.ch\\\/wp-content\\\/uploads\\\/2025\\\/05\\\/yasmin-food-header-logo.png\",\"contentUrl\":\"https:\\\/\\\/yasminfood.ch\\\/wp-content\\\/uploads\\\/2025\\\/05\\\/yasmin-food-header-logo.png\",\"width\":330,\"height\":120,\"caption\":\"\u064a\u0627\u0633\u0645\u064a\u0646 \u0645\u0627\u0631\u0643\u062a\"},\"image\":{\"@id\":\"https:\\\/\\\/yasminfood.ch\\\/de\\\/#\\\/schema\\\/logo\\\/image\\\/\"},\"sameAs\":[\"https:\\\/\\\/www.facebook.com\\\/yasminmarkt1\",\"https:\\\/\\\/www.tiktok.com\\\/@yasminmarkt\",\"https:\\\/\\\/www.instagram.com\\\/yasmin.markt1\\\/\",\"https:\\\/\\\/api.whatsapp.com\\\/send\\\/?phone=41799000104\"],\"publishingPrinciples\":\"https:\\\/\\\/yasminfood.ch\\\/de\\\/shop\\\/\",\"ownershipFundingInfo\":\"https:\\\/\\\/yasminfood.ch\\\/de\\\/shop\\\/\"}]}<\/script>\n<meta property=\"product:price:amount\" content=\"2.00\" \/>\n<meta property=\"product:price:currency\" content=\"CHF\" \/>\n<meta property=\"og:availability\" content=\"instock\" \/>\n<meta property=\"product:availability\" content=\"instock\" \/>\n<meta property=\"product:condition\" content=\"new\" \/>\n<!-- \/ Yoast SEO Premium plugin. -->","yoast_head_json":{"title":"Marshmallow Teddyb\u00e4r 1 Halal St\u00fcck - Yasmin Food","description":"Genie\u00dfen Sie einen k\u00f6stlichen Geschmack mit Marshmallow Teddyb\u00e4r 1 St\u00fcck Halal, geeignet f\u00fcr Kinder und Erwachsene! Machen Sie Anl\u00e4sse mit einem tollen \ud83e\uddf8 Geschenk noch lustiger Yasmin Food","robots":{"index":"index","follow":"follow","max-snippet":"max-snippet:-1","max-image-preview":"max-image-preview:large","max-video-preview":"max-video-preview:-1"},"canonical":"https:\/\/yasminfood.ch\/de\/product\/marshmallow-teddybaer-1-halal-stueck\/","og_locale":"de_DE","og_type":"article","og_title":"Marshmallow Teddyb\u00e4r 1 Halal St\u00fcck","og_description":"Marshmallow Teddyb\u00e4r 1 Halal St\u00fcck   Unwiderstehlicher Spa\u00df f\u00fcr Kinder!Ein k\u00f6stlicher, zarter Teddyb\u00e4r in Form eines Marshmallows, der mit bunten Details und einer kuscheligen Form ausgestattet ist, die die Dessertzeit noch mehr Spa\u00df macht.","og_url":"https:\/\/yasminfood.ch\/de\/product\/marshmallow-teddybaer-1-halal-stueck\/","og_site_name":"Yasmin Food","article_publisher":"https:\/\/www.facebook.com\/yasminmarkt1","article_modified_time":"2025-07-28T21:23:30+00:00","og_image":[{"width":1024,"height":1024,"url":"https:\/\/yasminfood.ch\/wp-content\/uploads\/2025\/07\/\u0645\u0627\u0631\u0634\u0645\u064a\u0644\u0648-\u062f\u0628\u062f\u0648\u0628-1024x1024.png","type":"image\/png"}],"twitter_card":"summary_large_image","twitter_misc":{"Preis":"2.00&nbsp;&#67;&#72;&#70;","Verf\u00fcgbarkeit":"Auf Lager"},"schema":{"@context":"https:\/\/schema.org","@graph":[{"@type":"WebPage","@id":"https:\/\/yasminfood.ch\/de\/product\/marshmallow-teddybaer-1-halal-stueck\/","url":"https:\/\/yasminfood.ch\/de\/product\/marshmallow-teddybaer-1-halal-stueck\/","name":"Marshmallow Teddyb\u00e4r 1 Halal St\u00fcck - Yasmin Food","isPartOf":{"@id":"https:\/\/yasminfood.ch\/de\/#website"},"primaryImageOfPage":{"@id":"https:\/\/yasminfood.ch\/de\/product\/marshmallow-teddybaer-1-halal-stueck\/#primaryimage"},"image":{"@id":"https:\/\/yasminfood.ch\/de\/product\/marshmallow-teddybaer-1-halal-stueck\/#primaryimage"},"thumbnailUrl":"https:\/\/yasminfood.ch\/wp-content\/uploads\/2025\/07\/\u0645\u0627\u0631\u0634\u0645\u064a\u0644\u0648-\u062f\u0628\u062f\u0648\u0628.png","datePublished":"2025-07-28T21:08:00+00:00","dateModified":"2025-07-28T21:23:30+00:00","description":"Genie\u00dfen Sie einen k\u00f6stlichen Geschmack mit Marshmallow Teddyb\u00e4r 1 St\u00fcck Halal, geeignet f\u00fcr Kinder und Erwachsene! Machen Sie Anl\u00e4sse mit einem tollen \ud83e\uddf8 Geschenk noch lustiger Yasmin Food","breadcrumb":{"@id":"https:\/\/yasminfood.ch\/de\/product\/marshmallow-teddybaer-1-halal-stueck\/#breadcrumb"},"inLanguage":"de","potentialAction":[{"@type":"ReadAction","target":["https:\/\/yasminfood.ch\/de\/product\/marshmallow-teddybaer-1-halal-stueck\/"]}]},{"@type":"ImageObject","inLanguage":"de","@id":"https:\/\/yasminfood.ch\/de\/product\/marshmallow-teddybaer-1-halal-stueck\/#primaryimage","url":"https:\/\/yasminfood.ch\/wp-content\/uploads\/2025\/07\/\u0645\u0627\u0631\u0634\u0645\u064a\u0644\u0648-\u062f\u0628\u062f\u0648\u0628.png","contentUrl":"https:\/\/yasminfood.ch\/wp-content\/uploads\/2025\/07\/\u0645\u0627\u0631\u0634\u0645\u064a\u0644\u0648-\u062f\u0628\u062f\u0648\u0628.png","width":1250,"height":1250,"caption":"Marshmallow Teddyb\u00e4r 1 Halal St\u00fcck"},{"@type":"BreadcrumbList","@id":"https:\/\/yasminfood.ch\/de\/product\/marshmallow-teddybaer-1-halal-stueck\/#breadcrumb","itemListElement":[{"@type":"ListItem","position":1,"name":"\u0627\u0644\u0631\u0626\u064a\u0633\u064a\u0629","item":"https:\/\/yasminfood.ch\/de\/zuhause\/"},{"@type":"ListItem","position":2,"name":"Shop","item":"https:\/\/yasminfood.ch\/de\/shop\/"},{"@type":"ListItem","position":3,"name":"Dessert &amp; Chips","item":"https:\/\/yasminfood.ch\/de\/produkt-kategorie\/dessert-chips-2\/"},{"@type":"ListItem","position":4,"name":"Marshmallow Teddyb\u00e4r 1 Halal St\u00fcck"}]},{"@type":"WebSite","@id":"https:\/\/yasminfood.ch\/de\/#website","url":"https:\/\/yasminfood.ch\/de\/","name":"\u064a\u0627\u0633\u0645\u064a\u0646 \u0645\u0627\u0631\u0643\u062a","description":"Alles, was Sie brauchen, an einem Ort","publisher":{"@id":"https:\/\/yasminfood.ch\/de\/#organization"},"alternateName":"Yasmin Food","potentialAction":[{"@type":"SearchAction","target":{"@type":"EntryPoint","urlTemplate":"https:\/\/yasminfood.ch\/de\/?s={search_term_string}"},"query-input":{"@type":"PropertyValueSpecification","valueRequired":true,"valueName":"search_term_string"}}],"inLanguage":"de"},{"@type":"Organization","@id":"https:\/\/yasminfood.ch\/de\/#organization","name":"\u064a\u0627\u0633\u0645\u064a\u0646 \u0645\u0627\u0631\u0643\u062a","alternateName":"Yasmin Food","url":"https:\/\/yasminfood.ch\/de\/","logo":{"@type":"ImageObject","inLanguage":"de","@id":"https:\/\/yasminfood.ch\/de\/#\/schema\/logo\/image\/","url":"https:\/\/yasminfood.ch\/wp-content\/uploads\/2025\/05\/yasmin-food-header-logo.png","contentUrl":"https:\/\/yasminfood.ch\/wp-content\/uploads\/2025\/05\/yasmin-food-header-logo.png","width":330,"height":120,"caption":"\u064a\u0627\u0633\u0645\u064a\u0646 \u0645\u0627\u0631\u0643\u062a"},"image":{"@id":"https:\/\/yasminfood.ch\/de\/#\/schema\/logo\/image\/"},"sameAs":["https:\/\/www.facebook.com\/yasminmarkt1","https:\/\/www.tiktok.com\/@yasminmarkt","https:\/\/www.instagram.com\/yasmin.markt1\/","https:\/\/api.whatsapp.com\/send\/?phone=41799000104"],"publishingPrinciples":"https:\/\/yasminfood.ch\/de\/shop\/","ownershipFundingInfo":"https:\/\/yasminfood.ch\/de\/shop\/"}]},"product_price_amount":"2.00","product_price_currency":"CHF","og_availability":"instock","product_availability":"instock","product_condition":"new"},"jetpack_sharing_enabled":true,"_links":{"self":[{"href":"https:\/\/yasminfood.ch\/de\/wp-json\/wp\/v2\/product\/118527","targetHints":{"allow":["GET"]}}],"collection":[{"href":"https:\/\/yasminfood.ch\/de\/wp-json\/wp\/v2\/product"}],"about":[{"href":"https:\/\/yasminfood.ch\/de\/wp-json\/wp\/v2\/types\/product"}],"replies":[{"embeddable":true,"href":"https:\/\/yasminfood.ch\/de\/wp-json\/wp\/v2\/comments?post=118527"}],"version-history":[{"count":0,"href":"https:\/\/yasminfood.ch\/de\/wp-json\/wp\/v2\/product\/118527\/revisions"}],"wp:featuredmedia":[{"embeddable":true,"href":"https:\/\/yasminfood.ch\/de\/wp-json\/wp\/v2\/media\/118493"}],"wp:attachment":[{"href":"https:\/\/yasminfood.ch\/de\/wp-json\/wp\/v2\/media?parent=118527"}],"wp:term":[{"taxonomy":"product_brand","embeddable":true,"href":"https:\/\/yasminfood.ch\/de\/wp-json\/wp\/v2\/product_brand?post=118527"},{"taxonomy":"product_cat","embeddable":true,"href":"https:\/\/yasminfood.ch\/de\/wp-json\/wp\/v2\/product_cat?post=118527"},{"taxonomy":"product_tag","embeddable":true,"href":"https:\/\/yasminfood.ch\/de\/wp-json\/wp\/v2\/product_tag?post=118527"}],"curies":[{"name":"wp","href":"https:\/\/api.w.org\/{rel}","templated":true}]}}