{"id":118592,"date":"2025-04-30T11:37:35","date_gmt":"2025-04-30T09:37:35","guid":{"rendered":"https:\/\/yasminfood.ch\/product\/lara-rose-konfituere-775-g\/"},"modified":"2025-07-30T23:52:24","modified_gmt":"2025-07-30T21:52:24","slug":"lara-rose-konfituere-775-g","status":"publish","type":"product","link":"https:\/\/yasminfood.ch\/de\/product\/lara-rose-konfituere-775-g\/","title":{"rendered":"Lara Rose Konfit\u00fcre &#8211; 775 g"},"content":{"rendered":"<p><strong>Lara Rose Konfit\u00fcre &#8211; 775 g<\/strong><\/p>\n<ul>\n<li>\n<p data-start=\"140\" data-end=\"304\">Laras luxuri\u00f6ser Rosenmarmeladengeschmack. Es wird mit gro\u00dfer Sorgfalt aus nat\u00fcrlichen Rosenbl\u00e4ttern hergestellt <\/p>\n<\/li>\n<li>\n<p data-start=\"140\" data-end=\"304\">Es verleiht Ihnen einen ausgepr\u00e4gten aromatischen Geschmack und eine seidige Textur, die jeder Mahlzeit eine raffinierte Note verleiht.<\/p>\n<p data-start=\"306\" data-end=\"319\"><strong data-start=\"306\" data-end=\"319\">Funktionen:<\/strong><\/p>\n<ul data-start=\"320\" data-end=\"480\">\n<li data-start=\"320\" data-end=\"352\">\n<p data-start=\"322\" data-end=\"352\">Hergestellt aus nat\u00fcrlichen Rosenbl\u00e4ttern<\/p>\n<\/li>\n<li data-start=\"353\" data-end=\"394\">\n<p data-start=\"355\" data-end=\"394\">Ein einzigartiger, aromatischer, blumiger Geschmack, der jede Kugel auszeichnet<\/p>\n<\/li>\n<li data-start=\"395\" data-end=\"437\">\n<p data-start=\"397\" data-end=\"437\">Perfekt zum Fr\u00fchst\u00fcck oder zu orientalischen Desserts<\/p>\n<\/li>\n<li data-start=\"438\" data-end=\"480\">\n<p data-start=\"440\" data-end=\"480\">Frei von Konservierungsstoffen und k\u00fcnstlichen Farbstoffen<\/p>\n<\/li>\n<\/ul>\n<p data-start=\"482\" data-end=\"648\"><strong data-start=\"482\" data-end=\"498\">Benutzungen:<\/strong><br \/>\nServiert mit Brot oder Croissants kann es als F\u00fcllung f\u00fcr Maamoul, Baklava oder zum Dekorieren von Kuchen und K\u00e4sekuchen verwendet werden. Er ist auch eine feine Erg\u00e4nzung zu K\u00e4se oder Joghurt.   <\/p>\n<p data-start=\"650\" data-end=\"705\"><strong data-start=\"650\" data-end=\"667\">Nettogewicht:<\/strong> 775 g<br data-start=\"676\" data-end=\"679\"><strong data-start=\"679\" data-end=\"700\">Hersteller:<\/strong> Lara<\/p>\n<p data-start=\"707\" data-end=\"809\"><strong data-start=\"707\" data-end=\"729\">Lara Rose Jam<\/strong> ist die perfekte Wahl, wenn Sie auf der Suche nach Luxus und authentischem orientalischem Geschmack in einem Paket sind.<\/p>\n<\/li>\n<\/ul>\n","protected":false},"excerpt":{"rendered":"<p><strong>Lara Rose Konfit\u00fcre &#8211; 775 g<\/strong><\/p>\n<ul>\n<li>\n<p data-start=\"140\" data-end=\"304\">Laras luxuri\u00f6ser Rosenmarmeladengeschmack. Es wird mit gro\u00dfer Sorgfalt aus nat\u00fcrlichen Rosenbl\u00e4ttern hergestellt <\/p>\n<\/li>\n<li>\n<p data-start=\"140\" data-end=\"304\">Es verleiht Ihnen einen ausgepr\u00e4gten aromatischen Geschmack und eine seidige Textur, die jeder Mahlzeit eine raffinierte Note verleiht.<\/p>\n<\/li>\n<\/ul>\n","protected":false},"featured_media":109629,"comment_status":"open","ping_status":"closed","template":"","meta":[],"product_brand":[2324],"product_cat":[245,258],"product_tag":[1239],"class_list":{"0":"post-118592","1":"product","2":"type-product","3":"status-publish","4":"has-post-thumbnail","6":"product_brand-lara-de","7":"product_cat-konserven-lebensmittel","8":"product_cat-marmelade-und-honig","9":"product_tag-mit-dem-duft-der-rose","11":"first","12":"instock","13":"taxable","14":"shipping-taxable","15":"purchasable","16":"product-type-simple"},"yoast_head":"<!-- This site is optimized with the Yoast SEO Premium plugin v26.5 (Yoast SEO v27.3) - https:\/\/yoast.com\/product\/yoast-seo-premium-wordpress\/ -->\n<title>Lara Rose Konfit\u00fcre - 775 g - Yasmin Food<\/title>\n<meta name=\"description\" content=\"Genie\u00dfen Sie den luxuri\u00f6sen Geschmack von Lara Rose Jam -775g mit jedem L\u00f6ffel! Hergestellt aus nat\u00fcrlichen Rosenbl\u00e4ttern, perfekt zum Fr\u00fchst\u00fcck oder f\u00fcr Desserts. \ud83c\udf39 Yasmin Food\" \/>\n<meta name=\"robots\" content=\"index, follow, max-snippet:-1, max-image-preview:large, max-video-preview:-1\" \/>\n<link rel=\"canonical\" href=\"https:\/\/yasminfood.ch\/de\/product\/lara-rose-konfituere-775-g\/\" \/>\n<meta property=\"og:locale\" content=\"de_DE\" \/>\n<meta property=\"og:type\" content=\"article\" \/>\n<meta property=\"og:title\" content=\"Lara Rose Konfit\u00fcre - 775 g\" \/>\n<meta property=\"og:description\" content=\"Lara Rose Konfit\u00fcre - 775 g   Laras luxuri\u00f6ser Rosenmarmeladengeschmack. Es wird mit gro\u00dfer Sorgfalt aus nat\u00fcrlichen Rosenbl\u00e4ttern hergestellt   Es verleiht Ihnen einen ausgepr\u00e4gten aromatischen Geschmack und eine seidige Textur, die jeder Mahlzeit eine raffinierte Note verleiht.\" \/>\n<meta property=\"og:url\" content=\"https:\/\/yasminfood.ch\/de\/product\/lara-rose-konfituere-775-g\/\" \/>\n<meta property=\"og:site_name\" content=\"Yasmin Food\" \/>\n<meta property=\"article:publisher\" content=\"https:\/\/www.facebook.com\/yasminmarkt1\" \/>\n<meta property=\"article:modified_time\" content=\"2025-07-30T21:52:24+00:00\" \/>\n<meta property=\"og:image\" content=\"https:\/\/yasminfood.ch\/wp-content\/uploads\/2024\/02\/\u0645\u0631\u0628\u0649-\u0627\u0644\u0648\u0631\u062f-\u0644\u0627\u0631\u0627-800gr.png\" \/>\n\t<meta property=\"og:image:width\" content=\"1080\" \/>\n\t<meta property=\"og:image:height\" content=\"1080\" \/>\n\t<meta property=\"og:image:type\" content=\"image\/png\" \/>\n<meta name=\"twitter:card\" content=\"summary_large_image\" \/>\n<meta name=\"twitter:label1\" content=\"Preis\" \/>\n\t<meta name=\"twitter:data1\" content=\"7.95&nbsp;&#067;&#072;&#070;\" \/>\n\t<meta name=\"twitter:label2\" content=\"Verf\u00fcgbarkeit\" \/>\n\t<meta name=\"twitter:data2\" content=\"Auf Lager\" \/>\n<script type=\"application\/ld+json\" class=\"yoast-schema-graph\">{\"@context\":\"https:\\\/\\\/schema.org\",\"@graph\":[{\"@type\":\"WebPage\",\"@id\":\"https:\\\/\\\/yasminfood.ch\\\/de\\\/product\\\/lara-rose-konfituere-775-g\\\/\",\"url\":\"https:\\\/\\\/yasminfood.ch\\\/de\\\/product\\\/lara-rose-konfituere-775-g\\\/\",\"name\":\"Lara Rose Konfit\u00fcre - 775 g - Yasmin Food\",\"isPartOf\":{\"@id\":\"https:\\\/\\\/yasminfood.ch\\\/de\\\/#website\"},\"primaryImageOfPage\":{\"@id\":\"https:\\\/\\\/yasminfood.ch\\\/de\\\/product\\\/lara-rose-konfituere-775-g\\\/#primaryimage\"},\"image\":{\"@id\":\"https:\\\/\\\/yasminfood.ch\\\/de\\\/product\\\/lara-rose-konfituere-775-g\\\/#primaryimage\"},\"thumbnailUrl\":\"https:\\\/\\\/yasminfood.ch\\\/wp-content\\\/uploads\\\/2024\\\/02\\\/\u0645\u0631\u0628\u0649-\u0627\u0644\u0648\u0631\u062f-\u0644\u0627\u0631\u0627-800gr.png\",\"datePublished\":\"2025-04-30T09:37:35+00:00\",\"dateModified\":\"2025-07-30T21:52:24+00:00\",\"description\":\"Genie\u00dfen Sie den luxuri\u00f6sen Geschmack von Lara Rose Jam -775g mit jedem L\u00f6ffel! Hergestellt aus nat\u00fcrlichen Rosenbl\u00e4ttern, perfekt zum Fr\u00fchst\u00fcck oder f\u00fcr Desserts. \ud83c\udf39 Yasmin Food\",\"breadcrumb\":{\"@id\":\"https:\\\/\\\/yasminfood.ch\\\/de\\\/product\\\/lara-rose-konfituere-775-g\\\/#breadcrumb\"},\"inLanguage\":\"de\",\"potentialAction\":[{\"@type\":\"ReadAction\",\"target\":[\"https:\\\/\\\/yasminfood.ch\\\/de\\\/product\\\/lara-rose-konfituere-775-g\\\/\"]}]},{\"@type\":\"ImageObject\",\"inLanguage\":\"de\",\"@id\":\"https:\\\/\\\/yasminfood.ch\\\/de\\\/product\\\/lara-rose-konfituere-775-g\\\/#primaryimage\",\"url\":\"https:\\\/\\\/yasminfood.ch\\\/wp-content\\\/uploads\\\/2024\\\/02\\\/\u0645\u0631\u0628\u0649-\u0627\u0644\u0648\u0631\u062f-\u0644\u0627\u0631\u0627-800gr.png\",\"contentUrl\":\"https:\\\/\\\/yasminfood.ch\\\/wp-content\\\/uploads\\\/2024\\\/02\\\/\u0645\u0631\u0628\u0649-\u0627\u0644\u0648\u0631\u062f-\u0644\u0627\u0631\u0627-800gr.png\",\"width\":1080,\"height\":1080},{\"@type\":\"BreadcrumbList\",\"@id\":\"https:\\\/\\\/yasminfood.ch\\\/de\\\/product\\\/lara-rose-konfituere-775-g\\\/#breadcrumb\",\"itemListElement\":[{\"@type\":\"ListItem\",\"position\":1,\"name\":\"\u0627\u0644\u0631\u0626\u064a\u0633\u064a\u0629\",\"item\":\"https:\\\/\\\/yasminfood.ch\\\/de\\\/zuhause\\\/\"},{\"@type\":\"ListItem\",\"position\":2,\"name\":\"Shop\",\"item\":\"https:\\\/\\\/yasminfood.ch\\\/de\\\/shop\\\/\"},{\"@type\":\"ListItem\",\"position\":3,\"name\":\"Konserven - Lebensmittel\",\"item\":\"https:\\\/\\\/yasminfood.ch\\\/de\\\/produkt-kategorie\\\/konserven-lebensmittel\\\/\"},{\"@type\":\"ListItem\",\"position\":4,\"name\":\"Marmelade und Honig\",\"item\":\"https:\\\/\\\/yasminfood.ch\\\/de\\\/produkt-kategorie\\\/konserven-lebensmittel\\\/marmelade-und-honig\\\/\"},{\"@type\":\"ListItem\",\"position\":5,\"name\":\"Lara Rose Konfit\u00fcre &#8211; 775 g\"}]},{\"@type\":\"WebSite\",\"@id\":\"https:\\\/\\\/yasminfood.ch\\\/de\\\/#website\",\"url\":\"https:\\\/\\\/yasminfood.ch\\\/de\\\/\",\"name\":\"\u064a\u0627\u0633\u0645\u064a\u0646 \u0645\u0627\u0631\u0643\u062a\",\"description\":\"Alles, was Sie brauchen, an einem Ort\",\"publisher\":{\"@id\":\"https:\\\/\\\/yasminfood.ch\\\/de\\\/#organization\"},\"alternateName\":\"Yasmin Food\",\"potentialAction\":[{\"@type\":\"SearchAction\",\"target\":{\"@type\":\"EntryPoint\",\"urlTemplate\":\"https:\\\/\\\/yasminfood.ch\\\/de\\\/?s={search_term_string}\"},\"query-input\":{\"@type\":\"PropertyValueSpecification\",\"valueRequired\":true,\"valueName\":\"search_term_string\"}}],\"inLanguage\":\"de\"},{\"@type\":\"Organization\",\"@id\":\"https:\\\/\\\/yasminfood.ch\\\/de\\\/#organization\",\"name\":\"\u064a\u0627\u0633\u0645\u064a\u0646 \u0645\u0627\u0631\u0643\u062a\",\"alternateName\":\"Yasmin Food\",\"url\":\"https:\\\/\\\/yasminfood.ch\\\/de\\\/\",\"logo\":{\"@type\":\"ImageObject\",\"inLanguage\":\"de\",\"@id\":\"https:\\\/\\\/yasminfood.ch\\\/de\\\/#\\\/schema\\\/logo\\\/image\\\/\",\"url\":\"https:\\\/\\\/yasminfood.ch\\\/wp-content\\\/uploads\\\/2025\\\/05\\\/yasmin-food-header-logo.png\",\"contentUrl\":\"https:\\\/\\\/yasminfood.ch\\\/wp-content\\\/uploads\\\/2025\\\/05\\\/yasmin-food-header-logo.png\",\"width\":330,\"height\":120,\"caption\":\"\u064a\u0627\u0633\u0645\u064a\u0646 \u0645\u0627\u0631\u0643\u062a\"},\"image\":{\"@id\":\"https:\\\/\\\/yasminfood.ch\\\/de\\\/#\\\/schema\\\/logo\\\/image\\\/\"},\"sameAs\":[\"https:\\\/\\\/www.facebook.com\\\/yasminmarkt1\",\"https:\\\/\\\/www.tiktok.com\\\/@yasminmarkt\",\"https:\\\/\\\/www.instagram.com\\\/yasmin.markt1\\\/\",\"https:\\\/\\\/api.whatsapp.com\\\/send\\\/?phone=41799000104\"],\"publishingPrinciples\":\"https:\\\/\\\/yasminfood.ch\\\/de\\\/shop\\\/\",\"ownershipFundingInfo\":\"https:\\\/\\\/yasminfood.ch\\\/de\\\/shop\\\/\"}]}<\/script>\n<meta property=\"product:price:amount\" content=\"7.95\" \/>\n<meta property=\"product:price:currency\" content=\"CHF\" \/>\n<meta property=\"og:availability\" content=\"instock\" \/>\n<meta property=\"product:availability\" content=\"instock\" \/>\n<meta property=\"product:condition\" content=\"new\" \/>\n<!-- \/ Yoast SEO Premium plugin. -->","yoast_head_json":{"title":"Lara Rose Konfit\u00fcre - 775 g - Yasmin Food","description":"Genie\u00dfen Sie den luxuri\u00f6sen Geschmack von Lara Rose Jam -775g mit jedem L\u00f6ffel! Hergestellt aus nat\u00fcrlichen Rosenbl\u00e4ttern, perfekt zum Fr\u00fchst\u00fcck oder f\u00fcr Desserts. \ud83c\udf39 Yasmin Food","robots":{"index":"index","follow":"follow","max-snippet":"max-snippet:-1","max-image-preview":"max-image-preview:large","max-video-preview":"max-video-preview:-1"},"canonical":"https:\/\/yasminfood.ch\/de\/product\/lara-rose-konfituere-775-g\/","og_locale":"de_DE","og_type":"article","og_title":"Lara Rose Konfit\u00fcre - 775 g","og_description":"Lara Rose Konfit\u00fcre - 775 g   Laras luxuri\u00f6ser Rosenmarmeladengeschmack. Es wird mit gro\u00dfer Sorgfalt aus nat\u00fcrlichen Rosenbl\u00e4ttern hergestellt   Es verleiht Ihnen einen ausgepr\u00e4gten aromatischen Geschmack und eine seidige Textur, die jeder Mahlzeit eine raffinierte Note verleiht.","og_url":"https:\/\/yasminfood.ch\/de\/product\/lara-rose-konfituere-775-g\/","og_site_name":"Yasmin Food","article_publisher":"https:\/\/www.facebook.com\/yasminmarkt1","article_modified_time":"2025-07-30T21:52:24+00:00","og_image":[{"width":1080,"height":1080,"url":"https:\/\/yasminfood.ch\/wp-content\/uploads\/2024\/02\/\u0645\u0631\u0628\u0649-\u0627\u0644\u0648\u0631\u062f-\u0644\u0627\u0631\u0627-800gr.png","type":"image\/png"}],"twitter_card":"summary_large_image","twitter_misc":{"Preis":"7.95&nbsp;&#67;&#72;&#70;","Verf\u00fcgbarkeit":"Auf Lager"},"schema":{"@context":"https:\/\/schema.org","@graph":[{"@type":"WebPage","@id":"https:\/\/yasminfood.ch\/de\/product\/lara-rose-konfituere-775-g\/","url":"https:\/\/yasminfood.ch\/de\/product\/lara-rose-konfituere-775-g\/","name":"Lara Rose Konfit\u00fcre - 775 g - Yasmin Food","isPartOf":{"@id":"https:\/\/yasminfood.ch\/de\/#website"},"primaryImageOfPage":{"@id":"https:\/\/yasminfood.ch\/de\/product\/lara-rose-konfituere-775-g\/#primaryimage"},"image":{"@id":"https:\/\/yasminfood.ch\/de\/product\/lara-rose-konfituere-775-g\/#primaryimage"},"thumbnailUrl":"https:\/\/yasminfood.ch\/wp-content\/uploads\/2024\/02\/\u0645\u0631\u0628\u0649-\u0627\u0644\u0648\u0631\u062f-\u0644\u0627\u0631\u0627-800gr.png","datePublished":"2025-04-30T09:37:35+00:00","dateModified":"2025-07-30T21:52:24+00:00","description":"Genie\u00dfen Sie den luxuri\u00f6sen Geschmack von Lara Rose Jam -775g mit jedem L\u00f6ffel! Hergestellt aus nat\u00fcrlichen Rosenbl\u00e4ttern, perfekt zum Fr\u00fchst\u00fcck oder f\u00fcr Desserts. \ud83c\udf39 Yasmin Food","breadcrumb":{"@id":"https:\/\/yasminfood.ch\/de\/product\/lara-rose-konfituere-775-g\/#breadcrumb"},"inLanguage":"de","potentialAction":[{"@type":"ReadAction","target":["https:\/\/yasminfood.ch\/de\/product\/lara-rose-konfituere-775-g\/"]}]},{"@type":"ImageObject","inLanguage":"de","@id":"https:\/\/yasminfood.ch\/de\/product\/lara-rose-konfituere-775-g\/#primaryimage","url":"https:\/\/yasminfood.ch\/wp-content\/uploads\/2024\/02\/\u0645\u0631\u0628\u0649-\u0627\u0644\u0648\u0631\u062f-\u0644\u0627\u0631\u0627-800gr.png","contentUrl":"https:\/\/yasminfood.ch\/wp-content\/uploads\/2024\/02\/\u0645\u0631\u0628\u0649-\u0627\u0644\u0648\u0631\u062f-\u0644\u0627\u0631\u0627-800gr.png","width":1080,"height":1080},{"@type":"BreadcrumbList","@id":"https:\/\/yasminfood.ch\/de\/product\/lara-rose-konfituere-775-g\/#breadcrumb","itemListElement":[{"@type":"ListItem","position":1,"name":"\u0627\u0644\u0631\u0626\u064a\u0633\u064a\u0629","item":"https:\/\/yasminfood.ch\/de\/zuhause\/"},{"@type":"ListItem","position":2,"name":"Shop","item":"https:\/\/yasminfood.ch\/de\/shop\/"},{"@type":"ListItem","position":3,"name":"Konserven - Lebensmittel","item":"https:\/\/yasminfood.ch\/de\/produkt-kategorie\/konserven-lebensmittel\/"},{"@type":"ListItem","position":4,"name":"Marmelade und Honig","item":"https:\/\/yasminfood.ch\/de\/produkt-kategorie\/konserven-lebensmittel\/marmelade-und-honig\/"},{"@type":"ListItem","position":5,"name":"Lara Rose Konfit\u00fcre &#8211; 775 g"}]},{"@type":"WebSite","@id":"https:\/\/yasminfood.ch\/de\/#website","url":"https:\/\/yasminfood.ch\/de\/","name":"\u064a\u0627\u0633\u0645\u064a\u0646 \u0645\u0627\u0631\u0643\u062a","description":"Alles, was Sie brauchen, an einem Ort","publisher":{"@id":"https:\/\/yasminfood.ch\/de\/#organization"},"alternateName":"Yasmin Food","potentialAction":[{"@type":"SearchAction","target":{"@type":"EntryPoint","urlTemplate":"https:\/\/yasminfood.ch\/de\/?s={search_term_string}"},"query-input":{"@type":"PropertyValueSpecification","valueRequired":true,"valueName":"search_term_string"}}],"inLanguage":"de"},{"@type":"Organization","@id":"https:\/\/yasminfood.ch\/de\/#organization","name":"\u064a\u0627\u0633\u0645\u064a\u0646 \u0645\u0627\u0631\u0643\u062a","alternateName":"Yasmin Food","url":"https:\/\/yasminfood.ch\/de\/","logo":{"@type":"ImageObject","inLanguage":"de","@id":"https:\/\/yasminfood.ch\/de\/#\/schema\/logo\/image\/","url":"https:\/\/yasminfood.ch\/wp-content\/uploads\/2025\/05\/yasmin-food-header-logo.png","contentUrl":"https:\/\/yasminfood.ch\/wp-content\/uploads\/2025\/05\/yasmin-food-header-logo.png","width":330,"height":120,"caption":"\u064a\u0627\u0633\u0645\u064a\u0646 \u0645\u0627\u0631\u0643\u062a"},"image":{"@id":"https:\/\/yasminfood.ch\/de\/#\/schema\/logo\/image\/"},"sameAs":["https:\/\/www.facebook.com\/yasminmarkt1","https:\/\/www.tiktok.com\/@yasminmarkt","https:\/\/www.instagram.com\/yasmin.markt1\/","https:\/\/api.whatsapp.com\/send\/?phone=41799000104"],"publishingPrinciples":"https:\/\/yasminfood.ch\/de\/shop\/","ownershipFundingInfo":"https:\/\/yasminfood.ch\/de\/shop\/"}]},"product_price_amount":"7.95","product_price_currency":"CHF","og_availability":"instock","product_availability":"instock","product_condition":"new"},"jetpack_sharing_enabled":true,"_links":{"self":[{"href":"https:\/\/yasminfood.ch\/de\/wp-json\/wp\/v2\/product\/118592","targetHints":{"allow":["GET"]}}],"collection":[{"href":"https:\/\/yasminfood.ch\/de\/wp-json\/wp\/v2\/product"}],"about":[{"href":"https:\/\/yasminfood.ch\/de\/wp-json\/wp\/v2\/types\/product"}],"replies":[{"embeddable":true,"href":"https:\/\/yasminfood.ch\/de\/wp-json\/wp\/v2\/comments?post=118592"}],"version-history":[{"count":0,"href":"https:\/\/yasminfood.ch\/de\/wp-json\/wp\/v2\/product\/118592\/revisions"}],"wp:featuredmedia":[{"embeddable":true,"href":"https:\/\/yasminfood.ch\/de\/wp-json\/wp\/v2\/media\/109629"}],"wp:attachment":[{"href":"https:\/\/yasminfood.ch\/de\/wp-json\/wp\/v2\/media?parent=118592"}],"wp:term":[{"taxonomy":"product_brand","embeddable":true,"href":"https:\/\/yasminfood.ch\/de\/wp-json\/wp\/v2\/product_brand?post=118592"},{"taxonomy":"product_cat","embeddable":true,"href":"https:\/\/yasminfood.ch\/de\/wp-json\/wp\/v2\/product_cat?post=118592"},{"taxonomy":"product_tag","embeddable":true,"href":"https:\/\/yasminfood.ch\/de\/wp-json\/wp\/v2\/product_tag?post=118592"}],"curies":[{"name":"wp","href":"https:\/\/api.w.org\/{rel}","templated":true}]}}