{"id":118625,"date":"2025-07-31T12:25:29","date_gmt":"2025-07-31T10:25:29","guid":{"rendered":"https:\/\/yasminfood.ch\/product\/gesalzene-aegyptische-samen-500g\/"},"modified":"2025-07-31T12:26:45","modified_gmt":"2025-07-31T10:26:45","slug":"gesalzene-aegyptische-samen-500g","status":"publish","type":"product","link":"https:\/\/yasminfood.ch\/de\/product\/gesalzene-aegyptische-samen-500g\/","title":{"rendered":"Gesalzene \u00e4gyptische Samen 500g"},"content":{"rendered":"<p><strong>Gesalzene \u00e4gyptische Samen 500g<\/strong><\/p>\n<ul>\n<li>\n<p data-start=\"157\" data-end=\"339\">Genie\u00dfen Sie den Geschmack von sorgf\u00e4ltig ger\u00f6steten \u00e4gyptischen Salzkernen,<\/p>\n<\/li>\n<li>\n<p data-start=\"157\" data-end=\"339\">Es wird aus den besten Arten von Wassermelonenkernen hergestellt.<\/p>\n<\/li>\n<li>\n<p data-start=\"157\" data-end=\"339\">Dieser Samen zeichnet sich durch seinen reichen Geschmack und seine k\u00f6stliche Knusprigkeit aus.<\/p>\n<\/li>\n<li>\n<p data-start=\"157\" data-end=\"339\">Damit ist es der perfekte Begleiter f\u00fcr den Abend oder die Gastfreundschaft.<\/p>\n<p data-start=\"341\" data-end=\"447\">\u00c4gyptische Samen sind eine gesunde Wahl, die reich an Ballaststoffen und N\u00e4hrstoffen ist.<\/p>\n<\/li>\n<li>\n<p data-start=\"341\" data-end=\"447\">Geeignet f\u00fcr Liebhaber authentischer Unterhaltung mit traditionellem orientalischem Flair.<\/p>\n<p data-start=\"449\" data-end=\"534\">\n<\/li>\n<\/ul>\n","protected":false},"excerpt":{"rendered":"<p><strong>Gesalzene \u00e4gyptische Samen 500g<\/strong><\/p>\n<ul>\n<li>\n<p data-start=\"157\" data-end=\"339\">Genie\u00dfen Sie den Geschmack von sorgf\u00e4ltig ger\u00f6steten \u00e4gyptischen Salzkernen,<\/p>\n<\/li>\n<li>\n<p data-start=\"157\" data-end=\"339\">Es wird aus den besten Arten von Wassermelonenkernen hergestellt.<\/p>\n<\/li>\n<\/ul>\n","protected":false},"featured_media":118623,"comment_status":"open","ping_status":"closed","template":"","meta":[],"product_brand":[],"product_cat":[356,359],"product_tag":[],"class_list":{"0":"post-118625","1":"product","2":"type-product","3":"status-publish","4":"has-post-thumbnail","6":"product_cat-gewuerze-nuesse","7":"product_cat-nusse","9":"first","10":"instock","11":"taxable","12":"shipping-taxable","13":"purchasable","14":"product-type-simple"},"yoast_head":"<!-- This site is optimized with the Yoast SEO Premium plugin v26.5 (Yoast SEO v27.4) - https:\/\/yoast.com\/product\/yoast-seo-premium-wordpress\/ -->\n<title>Gesalzene \u00e4gyptische Samen 500g - Yasmin Food<\/title>\n<meta name=\"description\" content=\"Genie\u00dfen Sie den Geschmack von \u00e4gyptischen Salzsamen 500 g, sorgf\u00e4ltig ger\u00f6stet und reichhaltige Aromen der Gastfreundschaft. Entdecken Sie jetzt den perfekten Begleiter f\u00fcr Ihren Abend! Yasmin Food Gesalzene \u00e4gyptische Samen 500g\" \/>\n<meta name=\"robots\" content=\"index, follow, max-snippet:-1, max-image-preview:large, max-video-preview:-1\" \/>\n<link rel=\"canonical\" href=\"https:\/\/yasminfood.ch\/de\/product\/gesalzene-aegyptische-samen-500g\/\" \/>\n<meta property=\"og:locale\" content=\"de_DE\" \/>\n<meta property=\"og:type\" content=\"article\" \/>\n<meta property=\"og:title\" content=\"Gesalzene \u00e4gyptische Samen 500g\" \/>\n<meta property=\"og:description\" content=\"Gesalzene \u00e4gyptische Samen 500g   Genie\u00dfen Sie den Geschmack von sorgf\u00e4ltig ger\u00f6steten \u00e4gyptischen Salzkernen,   Es wird aus den besten Arten von Wassermelonenkernen hergestellt.\" \/>\n<meta property=\"og:url\" content=\"https:\/\/yasminfood.ch\/de\/product\/gesalzene-aegyptische-samen-500g\/\" \/>\n<meta property=\"og:site_name\" content=\"Yasmin Food\" \/>\n<meta property=\"article:publisher\" content=\"https:\/\/www.facebook.com\/yasminmarkt1\" \/>\n<meta property=\"article:modified_time\" content=\"2025-07-31T10:26:45+00:00\" \/>\n<meta property=\"og:image\" content=\"https:\/\/yasminfood.ch\/wp-content\/uploads\/2025\/07\/\u0628\u0632\u0631-\u0645\u0635\u0631\u064a-\u0645\u0645\u0644\u062d-1-\u0643\u064a\u0644\u0648.png\" \/>\n\t<meta property=\"og:image:width\" content=\"1755\" \/>\n\t<meta property=\"og:image:height\" content=\"1755\" \/>\n\t<meta property=\"og:image:type\" content=\"image\/png\" \/>\n<meta name=\"twitter:card\" content=\"summary_large_image\" \/>\n<meta name=\"twitter:label1\" content=\"Preis\" \/>\n\t<meta name=\"twitter:data1\" content=\"7.50&nbsp;&#067;&#072;&#070;\" \/>\n\t<meta name=\"twitter:label2\" content=\"Verf\u00fcgbarkeit\" \/>\n\t<meta name=\"twitter:data2\" content=\"Auf Lager\" \/>\n<script type=\"application\/ld+json\" class=\"yoast-schema-graph\">{\"@context\":\"https:\\\/\\\/schema.org\",\"@graph\":[{\"@type\":\"WebPage\",\"@id\":\"https:\\\/\\\/yasminfood.ch\\\/de\\\/product\\\/gesalzene-aegyptische-samen-500g\\\/\",\"url\":\"https:\\\/\\\/yasminfood.ch\\\/de\\\/product\\\/gesalzene-aegyptische-samen-500g\\\/\",\"name\":\"Gesalzene \u00e4gyptische Samen 500g - Yasmin Food\",\"isPartOf\":{\"@id\":\"https:\\\/\\\/yasminfood.ch\\\/de\\\/#website\"},\"primaryImageOfPage\":{\"@id\":\"https:\\\/\\\/yasminfood.ch\\\/de\\\/product\\\/gesalzene-aegyptische-samen-500g\\\/#primaryimage\"},\"image\":{\"@id\":\"https:\\\/\\\/yasminfood.ch\\\/de\\\/product\\\/gesalzene-aegyptische-samen-500g\\\/#primaryimage\"},\"thumbnailUrl\":\"https:\\\/\\\/yasminfood.ch\\\/wp-content\\\/uploads\\\/2025\\\/07\\\/\u0628\u0632\u0631-\u0645\u0635\u0631\u064a-\u0645\u0645\u0644\u062d-1-\u0643\u064a\u0644\u0648.png\",\"datePublished\":\"2025-07-31T10:25:29+00:00\",\"dateModified\":\"2025-07-31T10:26:45+00:00\",\"description\":\"Genie\u00dfen Sie den Geschmack von \u00e4gyptischen Salzsamen 500 g, sorgf\u00e4ltig ger\u00f6stet und reichhaltige Aromen der Gastfreundschaft. Entdecken Sie jetzt den perfekten Begleiter f\u00fcr Ihren Abend! Yasmin Food Gesalzene \u00e4gyptische Samen 500g\",\"breadcrumb\":{\"@id\":\"https:\\\/\\\/yasminfood.ch\\\/de\\\/product\\\/gesalzene-aegyptische-samen-500g\\\/#breadcrumb\"},\"inLanguage\":\"de\",\"potentialAction\":[{\"@type\":\"ReadAction\",\"target\":[\"https:\\\/\\\/yasminfood.ch\\\/de\\\/product\\\/gesalzene-aegyptische-samen-500g\\\/\"]}]},{\"@type\":\"ImageObject\",\"inLanguage\":\"de\",\"@id\":\"https:\\\/\\\/yasminfood.ch\\\/de\\\/product\\\/gesalzene-aegyptische-samen-500g\\\/#primaryimage\",\"url\":\"https:\\\/\\\/yasminfood.ch\\\/wp-content\\\/uploads\\\/2025\\\/07\\\/\u0628\u0632\u0631-\u0645\u0635\u0631\u064a-\u0645\u0645\u0644\u062d-1-\u0643\u064a\u0644\u0648.png\",\"contentUrl\":\"https:\\\/\\\/yasminfood.ch\\\/wp-content\\\/uploads\\\/2025\\\/07\\\/\u0628\u0632\u0631-\u0645\u0635\u0631\u064a-\u0645\u0645\u0644\u062d-1-\u0643\u064a\u0644\u0648.png\",\"width\":1755,\"height\":1755,\"caption\":\"Gesalzene \u00e4gyptische Samen 500g\"},{\"@type\":\"BreadcrumbList\",\"@id\":\"https:\\\/\\\/yasminfood.ch\\\/de\\\/product\\\/gesalzene-aegyptische-samen-500g\\\/#breadcrumb\",\"itemListElement\":[{\"@type\":\"ListItem\",\"position\":1,\"name\":\"\u0627\u0644\u0631\u0626\u064a\u0633\u064a\u0629\",\"item\":\"https:\\\/\\\/yasminfood.ch\\\/de\\\/zuhause\\\/\"},{\"@type\":\"ListItem\",\"position\":2,\"name\":\"Shop\",\"item\":\"https:\\\/\\\/yasminfood.ch\\\/de\\\/shop\\\/\"},{\"@type\":\"ListItem\",\"position\":3,\"name\":\"Gew\u00fcrze &amp; N\u00fcsse\",\"item\":\"https:\\\/\\\/yasminfood.ch\\\/de\\\/produkt-kategorie\\\/gewuerze-nuesse\\\/\"},{\"@type\":\"ListItem\",\"position\":4,\"name\":\"N\u00fcsse\",\"item\":\"https:\\\/\\\/yasminfood.ch\\\/de\\\/produkt-kategorie\\\/gewuerze-nuesse\\\/nusse\\\/\"},{\"@type\":\"ListItem\",\"position\":5,\"name\":\"Gesalzene \u00e4gyptische Samen 500g\"}]},{\"@type\":\"WebSite\",\"@id\":\"https:\\\/\\\/yasminfood.ch\\\/de\\\/#website\",\"url\":\"https:\\\/\\\/yasminfood.ch\\\/de\\\/\",\"name\":\"\u064a\u0627\u0633\u0645\u064a\u0646 \u0645\u0627\u0631\u0643\u062a\",\"description\":\"Alles, was Sie brauchen, an einem Ort\",\"publisher\":{\"@id\":\"https:\\\/\\\/yasminfood.ch\\\/de\\\/#organization\"},\"alternateName\":\"Yasmin Food\",\"potentialAction\":[{\"@type\":\"SearchAction\",\"target\":{\"@type\":\"EntryPoint\",\"urlTemplate\":\"https:\\\/\\\/yasminfood.ch\\\/de\\\/?s={search_term_string}\"},\"query-input\":{\"@type\":\"PropertyValueSpecification\",\"valueRequired\":true,\"valueName\":\"search_term_string\"}}],\"inLanguage\":\"de\"},{\"@type\":\"Organization\",\"@id\":\"https:\\\/\\\/yasminfood.ch\\\/de\\\/#organization\",\"name\":\"\u064a\u0627\u0633\u0645\u064a\u0646 \u0645\u0627\u0631\u0643\u062a\",\"alternateName\":\"Yasmin Food\",\"url\":\"https:\\\/\\\/yasminfood.ch\\\/de\\\/\",\"logo\":{\"@type\":\"ImageObject\",\"inLanguage\":\"de\",\"@id\":\"https:\\\/\\\/yasminfood.ch\\\/de\\\/#\\\/schema\\\/logo\\\/image\\\/\",\"url\":\"https:\\\/\\\/yasminfood.ch\\\/wp-content\\\/uploads\\\/2025\\\/05\\\/yasmin-food-header-logo.png\",\"contentUrl\":\"https:\\\/\\\/yasminfood.ch\\\/wp-content\\\/uploads\\\/2025\\\/05\\\/yasmin-food-header-logo.png\",\"width\":330,\"height\":120,\"caption\":\"\u064a\u0627\u0633\u0645\u064a\u0646 \u0645\u0627\u0631\u0643\u062a\"},\"image\":{\"@id\":\"https:\\\/\\\/yasminfood.ch\\\/de\\\/#\\\/schema\\\/logo\\\/image\\\/\"},\"sameAs\":[\"https:\\\/\\\/www.facebook.com\\\/yasminmarkt1\",\"https:\\\/\\\/www.tiktok.com\\\/@yasminmarkt\",\"https:\\\/\\\/www.instagram.com\\\/yasmin.markt1\\\/\",\"https:\\\/\\\/api.whatsapp.com\\\/send\\\/?phone=41799000104\"],\"publishingPrinciples\":\"https:\\\/\\\/yasminfood.ch\\\/de\\\/shop\\\/\",\"ownershipFundingInfo\":\"https:\\\/\\\/yasminfood.ch\\\/de\\\/shop\\\/\"}]}<\/script>\n<meta property=\"product:price:amount\" content=\"7.50\" \/>\n<meta property=\"product:price:currency\" content=\"CHF\" \/>\n<meta property=\"og:availability\" content=\"instock\" \/>\n<meta property=\"product:availability\" content=\"instock\" \/>\n<meta property=\"product:condition\" content=\"new\" \/>\n<!-- \/ Yoast SEO Premium plugin. -->","yoast_head_json":{"title":"Gesalzene \u00e4gyptische Samen 500g - Yasmin Food","description":"Genie\u00dfen Sie den Geschmack von \u00e4gyptischen Salzsamen 500 g, sorgf\u00e4ltig ger\u00f6stet und reichhaltige Aromen der Gastfreundschaft. Entdecken Sie jetzt den perfekten Begleiter f\u00fcr Ihren Abend! Yasmin Food Gesalzene \u00e4gyptische Samen 500g","robots":{"index":"index","follow":"follow","max-snippet":"max-snippet:-1","max-image-preview":"max-image-preview:large","max-video-preview":"max-video-preview:-1"},"canonical":"https:\/\/yasminfood.ch\/de\/product\/gesalzene-aegyptische-samen-500g\/","og_locale":"de_DE","og_type":"article","og_title":"Gesalzene \u00e4gyptische Samen 500g","og_description":"Gesalzene \u00e4gyptische Samen 500g   Genie\u00dfen Sie den Geschmack von sorgf\u00e4ltig ger\u00f6steten \u00e4gyptischen Salzkernen,   Es wird aus den besten Arten von Wassermelonenkernen hergestellt.","og_url":"https:\/\/yasminfood.ch\/de\/product\/gesalzene-aegyptische-samen-500g\/","og_site_name":"Yasmin Food","article_publisher":"https:\/\/www.facebook.com\/yasminmarkt1","article_modified_time":"2025-07-31T10:26:45+00:00","og_image":[{"width":1755,"height":1755,"url":"https:\/\/yasminfood.ch\/wp-content\/uploads\/2025\/07\/\u0628\u0632\u0631-\u0645\u0635\u0631\u064a-\u0645\u0645\u0644\u062d-1-\u0643\u064a\u0644\u0648.png","type":"image\/png"}],"twitter_card":"summary_large_image","twitter_misc":{"Preis":"7.50&nbsp;&#67;&#72;&#70;","Verf\u00fcgbarkeit":"Auf Lager"},"schema":{"@context":"https:\/\/schema.org","@graph":[{"@type":"WebPage","@id":"https:\/\/yasminfood.ch\/de\/product\/gesalzene-aegyptische-samen-500g\/","url":"https:\/\/yasminfood.ch\/de\/product\/gesalzene-aegyptische-samen-500g\/","name":"Gesalzene \u00e4gyptische Samen 500g - Yasmin Food","isPartOf":{"@id":"https:\/\/yasminfood.ch\/de\/#website"},"primaryImageOfPage":{"@id":"https:\/\/yasminfood.ch\/de\/product\/gesalzene-aegyptische-samen-500g\/#primaryimage"},"image":{"@id":"https:\/\/yasminfood.ch\/de\/product\/gesalzene-aegyptische-samen-500g\/#primaryimage"},"thumbnailUrl":"https:\/\/yasminfood.ch\/wp-content\/uploads\/2025\/07\/\u0628\u0632\u0631-\u0645\u0635\u0631\u064a-\u0645\u0645\u0644\u062d-1-\u0643\u064a\u0644\u0648.png","datePublished":"2025-07-31T10:25:29+00:00","dateModified":"2025-07-31T10:26:45+00:00","description":"Genie\u00dfen Sie den Geschmack von \u00e4gyptischen Salzsamen 500 g, sorgf\u00e4ltig ger\u00f6stet und reichhaltige Aromen der Gastfreundschaft. Entdecken Sie jetzt den perfekten Begleiter f\u00fcr Ihren Abend! Yasmin Food Gesalzene \u00e4gyptische Samen 500g","breadcrumb":{"@id":"https:\/\/yasminfood.ch\/de\/product\/gesalzene-aegyptische-samen-500g\/#breadcrumb"},"inLanguage":"de","potentialAction":[{"@type":"ReadAction","target":["https:\/\/yasminfood.ch\/de\/product\/gesalzene-aegyptische-samen-500g\/"]}]},{"@type":"ImageObject","inLanguage":"de","@id":"https:\/\/yasminfood.ch\/de\/product\/gesalzene-aegyptische-samen-500g\/#primaryimage","url":"https:\/\/yasminfood.ch\/wp-content\/uploads\/2025\/07\/\u0628\u0632\u0631-\u0645\u0635\u0631\u064a-\u0645\u0645\u0644\u062d-1-\u0643\u064a\u0644\u0648.png","contentUrl":"https:\/\/yasminfood.ch\/wp-content\/uploads\/2025\/07\/\u0628\u0632\u0631-\u0645\u0635\u0631\u064a-\u0645\u0645\u0644\u062d-1-\u0643\u064a\u0644\u0648.png","width":1755,"height":1755,"caption":"Gesalzene \u00e4gyptische Samen 500g"},{"@type":"BreadcrumbList","@id":"https:\/\/yasminfood.ch\/de\/product\/gesalzene-aegyptische-samen-500g\/#breadcrumb","itemListElement":[{"@type":"ListItem","position":1,"name":"\u0627\u0644\u0631\u0626\u064a\u0633\u064a\u0629","item":"https:\/\/yasminfood.ch\/de\/zuhause\/"},{"@type":"ListItem","position":2,"name":"Shop","item":"https:\/\/yasminfood.ch\/de\/shop\/"},{"@type":"ListItem","position":3,"name":"Gew\u00fcrze &amp; N\u00fcsse","item":"https:\/\/yasminfood.ch\/de\/produkt-kategorie\/gewuerze-nuesse\/"},{"@type":"ListItem","position":4,"name":"N\u00fcsse","item":"https:\/\/yasminfood.ch\/de\/produkt-kategorie\/gewuerze-nuesse\/nusse\/"},{"@type":"ListItem","position":5,"name":"Gesalzene \u00e4gyptische Samen 500g"}]},{"@type":"WebSite","@id":"https:\/\/yasminfood.ch\/de\/#website","url":"https:\/\/yasminfood.ch\/de\/","name":"\u064a\u0627\u0633\u0645\u064a\u0646 \u0645\u0627\u0631\u0643\u062a","description":"Alles, was Sie brauchen, an einem Ort","publisher":{"@id":"https:\/\/yasminfood.ch\/de\/#organization"},"alternateName":"Yasmin Food","potentialAction":[{"@type":"SearchAction","target":{"@type":"EntryPoint","urlTemplate":"https:\/\/yasminfood.ch\/de\/?s={search_term_string}"},"query-input":{"@type":"PropertyValueSpecification","valueRequired":true,"valueName":"search_term_string"}}],"inLanguage":"de"},{"@type":"Organization","@id":"https:\/\/yasminfood.ch\/de\/#organization","name":"\u064a\u0627\u0633\u0645\u064a\u0646 \u0645\u0627\u0631\u0643\u062a","alternateName":"Yasmin Food","url":"https:\/\/yasminfood.ch\/de\/","logo":{"@type":"ImageObject","inLanguage":"de","@id":"https:\/\/yasminfood.ch\/de\/#\/schema\/logo\/image\/","url":"https:\/\/yasminfood.ch\/wp-content\/uploads\/2025\/05\/yasmin-food-header-logo.png","contentUrl":"https:\/\/yasminfood.ch\/wp-content\/uploads\/2025\/05\/yasmin-food-header-logo.png","width":330,"height":120,"caption":"\u064a\u0627\u0633\u0645\u064a\u0646 \u0645\u0627\u0631\u0643\u062a"},"image":{"@id":"https:\/\/yasminfood.ch\/de\/#\/schema\/logo\/image\/"},"sameAs":["https:\/\/www.facebook.com\/yasminmarkt1","https:\/\/www.tiktok.com\/@yasminmarkt","https:\/\/www.instagram.com\/yasmin.markt1\/","https:\/\/api.whatsapp.com\/send\/?phone=41799000104"],"publishingPrinciples":"https:\/\/yasminfood.ch\/de\/shop\/","ownershipFundingInfo":"https:\/\/yasminfood.ch\/de\/shop\/"}]},"product_price_amount":"7.50","product_price_currency":"CHF","og_availability":"instock","product_availability":"instock","product_condition":"new"},"jetpack_sharing_enabled":true,"_links":{"self":[{"href":"https:\/\/yasminfood.ch\/de\/wp-json\/wp\/v2\/product\/118625","targetHints":{"allow":["GET"]}}],"collection":[{"href":"https:\/\/yasminfood.ch\/de\/wp-json\/wp\/v2\/product"}],"about":[{"href":"https:\/\/yasminfood.ch\/de\/wp-json\/wp\/v2\/types\/product"}],"replies":[{"embeddable":true,"href":"https:\/\/yasminfood.ch\/de\/wp-json\/wp\/v2\/comments?post=118625"}],"version-history":[{"count":0,"href":"https:\/\/yasminfood.ch\/de\/wp-json\/wp\/v2\/product\/118625\/revisions"}],"wp:featuredmedia":[{"embeddable":true,"href":"https:\/\/yasminfood.ch\/de\/wp-json\/wp\/v2\/media\/118623"}],"wp:attachment":[{"href":"https:\/\/yasminfood.ch\/de\/wp-json\/wp\/v2\/media?parent=118625"}],"wp:term":[{"taxonomy":"product_brand","embeddable":true,"href":"https:\/\/yasminfood.ch\/de\/wp-json\/wp\/v2\/product_brand?post=118625"},{"taxonomy":"product_cat","embeddable":true,"href":"https:\/\/yasminfood.ch\/de\/wp-json\/wp\/v2\/product_cat?post=118625"},{"taxonomy":"product_tag","embeddable":true,"href":"https:\/\/yasminfood.ch\/de\/wp-json\/wp\/v2\/product_tag?post=118625"}],"curies":[{"name":"wp","href":"https:\/\/api.w.org\/{rel}","templated":true}]}}