{"id":118679,"date":"2025-08-04T16:52:46","date_gmt":"2025-08-04T14:52:46","guid":{"rendered":"https:\/\/yasminfood.ch\/product\/jamid-sheikh-alkar-1-kilo\/"},"modified":"2025-08-04T17:09:46","modified_gmt":"2025-08-04T15:09:46","slug":"jamid-sheikh-alkar-1-kilo","status":"publish","type":"product","link":"https:\/\/yasminfood.ch\/de\/product\/jamid-sheikh-alkar-1-kilo\/","title":{"rendered":"Jamid Sheikh Alkar 1 Kilo"},"content":{"rendered":"<p><strong>Jamid Sheikh Alkar 1 Kilo<\/strong><\/p>\n<ul>\n<li>\n<p data-start=\"162\" data-end=\"428\">Genie\u00dfen Sie den authentischen Geschmack: Hergestellt aus 100% nat\u00fcrlicher Schafsmilch ohne k\u00fcnstliche Zusatzstoffe.<\/p>\n<\/li>\n<li>\n<p data-start=\"162\" data-end=\"428\">Dieses Produkt ist die ideale Wahl, um das ber\u00fchmte jordanische Mansaf und viele traditionelle Gerichte einfach und schnell zuzubereiten.<\/p>\n<\/li>\n<li>\n<ul data-start=\"430\" data-end=\"601\">\n<li data-start=\"430\" data-end=\"451\">\n<p data-start=\"432\" data-end=\"451\">\u2705 100% nat\u00fcrliches Produkt<\/p>\n<\/li>\n<li data-start=\"452\" data-end=\"480\">\n<p data-start=\"454\" data-end=\"480\">\ud83e\udd44 Direkt einsatzbereit<\/p>\n<\/li>\n<li data-start=\"481\" data-end=\"525\">\n<p data-start=\"483\" data-end=\"525\">\ud83e\udd58 Perfekt f\u00fcr die Zubereitung von Mansaf<\/p>\n<\/li>\n<li data-start=\"526\" data-end=\"566\">\n<p data-start=\"528\" data-end=\"566\">\u2696\ufe0f Nettogewicht: 1 kg <\/p>\n<\/li>\n<li data-start=\"526\" data-end=\"566\">\n<p data-start=\"528\" data-end=\"566\">\ud83c\udfed Produktion: Sheikh El Kar \u2013 Hohe Qualit\u00e4t <\/p>\n<p data-start=\"162\" data-end=\"428\">Es ist nicht erforderlich, den festen Feststoff einzuweichen oder zu mahlen.<\/p>\n<\/li>\n<\/ul>\n<\/li>\n<\/ul>\n","protected":false},"excerpt":{"rendered":"<p><strong>Jamid Sheikh Alkar 1 Kilo<\/strong><\/p>\n<ul>\n<li>\n<p data-start=\"162\" data-end=\"428\">Genie\u00dfen Sie den authentischen Geschmack: Hergestellt aus 100% nat\u00fcrlicher Schafsmilch ohne k\u00fcnstliche Zusatzstoffe.<\/p>\n<\/li>\n<\/ul>\n","protected":false},"featured_media":118657,"comment_status":"open","ping_status":"closed","template":"","meta":[],"product_brand":[],"product_cat":[295],"product_tag":[2311,2309],"class_list":{"0":"post-118679","1":"product","2":"type-product","3":"status-publish","4":"has-post-thumbnail","6":"product_cat-milchprodukte-und-eier","7":"product_tag-feste-flussigkeit","8":"product_tag-jamid-jordanisch","10":"first","11":"instock","12":"taxable","13":"shipping-taxable","14":"purchasable","15":"product-type-simple"},"yoast_head":"<!-- This site is optimized with the Yoast SEO Premium plugin v26.5 (Yoast SEO v27.3) - https:\/\/yoast.com\/product\/yoast-seo-premium-wordpress\/ -->\n<title>Jamid Sheikh Alkar 1 Kilo - Yasmin Food<\/title>\n<meta name=\"description\" content=\"Genie\u00dfen Sie den authentischen Geschmack mit Jamid Sheikh Al Kar 1 Kilo, perfekt f\u00fcr die Zubereitung des ber\u00fchmten jordanischen Mansaf. Probieren Sie es jetzt aus f\u00fcr hohe Qualit\u00e4t und Gesundheit! \u2705 Yasmin Food\" \/>\n<meta name=\"robots\" content=\"index, follow, max-snippet:-1, max-image-preview:large, max-video-preview:-1\" \/>\n<link rel=\"canonical\" href=\"https:\/\/yasminfood.ch\/de\/product\/jamid-sheikh-alkar-1-kilo\/\" \/>\n<meta property=\"og:locale\" content=\"de_DE\" \/>\n<meta property=\"og:type\" content=\"article\" \/>\n<meta property=\"og:title\" content=\"Jamid Sheikh Alkar 1 Kilo\" \/>\n<meta property=\"og:description\" content=\"Jamid Sheikh Alkar 1 Kilo   Genie\u00dfen Sie den authentischen Geschmack: Hergestellt aus 100% nat\u00fcrlicher Schafsmilch ohne k\u00fcnstliche Zusatzstoffe.\" \/>\n<meta property=\"og:url\" content=\"https:\/\/yasminfood.ch\/de\/product\/jamid-sheikh-alkar-1-kilo\/\" \/>\n<meta property=\"og:site_name\" content=\"Yasmin Food\" \/>\n<meta property=\"article:publisher\" content=\"https:\/\/www.facebook.com\/yasminmarkt1\" \/>\n<meta property=\"article:modified_time\" content=\"2025-08-04T15:09:46+00:00\" \/>\n<meta property=\"og:image\" content=\"https:\/\/yasminfood.ch\/wp-content\/uploads\/2025\/08\/\u062c\u0645\u064a\u062f-\u0634\u064a\u062e-\u0627\u0644\u0643\u0627\u0631-1-\u0643\u064a\u0644\u0648.png\" \/>\n\t<meta property=\"og:image:width\" content=\"1755\" \/>\n\t<meta property=\"og:image:height\" content=\"1755\" \/>\n\t<meta property=\"og:image:type\" content=\"image\/png\" \/>\n<meta name=\"twitter:card\" content=\"summary_large_image\" \/>\n<meta name=\"twitter:label1\" content=\"Preis\" \/>\n\t<meta name=\"twitter:data1\" content=\"24.95&nbsp;&#067;&#072;&#070;\" \/>\n\t<meta name=\"twitter:label2\" content=\"Verf\u00fcgbarkeit\" \/>\n\t<meta name=\"twitter:data2\" content=\"Auf Lager\" \/>\n<script type=\"application\/ld+json\" class=\"yoast-schema-graph\">{\"@context\":\"https:\\\/\\\/schema.org\",\"@graph\":[{\"@type\":\"WebPage\",\"@id\":\"https:\\\/\\\/yasminfood.ch\\\/de\\\/product\\\/jamid-sheikh-alkar-1-kilo\\\/\",\"url\":\"https:\\\/\\\/yasminfood.ch\\\/de\\\/product\\\/jamid-sheikh-alkar-1-kilo\\\/\",\"name\":\"Jamid Sheikh Alkar 1 Kilo - Yasmin Food\",\"isPartOf\":{\"@id\":\"https:\\\/\\\/yasminfood.ch\\\/de\\\/#website\"},\"primaryImageOfPage\":{\"@id\":\"https:\\\/\\\/yasminfood.ch\\\/de\\\/product\\\/jamid-sheikh-alkar-1-kilo\\\/#primaryimage\"},\"image\":{\"@id\":\"https:\\\/\\\/yasminfood.ch\\\/de\\\/product\\\/jamid-sheikh-alkar-1-kilo\\\/#primaryimage\"},\"thumbnailUrl\":\"https:\\\/\\\/yasminfood.ch\\\/wp-content\\\/uploads\\\/2025\\\/08\\\/\u062c\u0645\u064a\u062f-\u0634\u064a\u062e-\u0627\u0644\u0643\u0627\u0631-1-\u0643\u064a\u0644\u0648.png\",\"datePublished\":\"2025-08-04T14:52:46+00:00\",\"dateModified\":\"2025-08-04T15:09:46+00:00\",\"description\":\"Genie\u00dfen Sie den authentischen Geschmack mit Jamid Sheikh Al Kar 1 Kilo, perfekt f\u00fcr die Zubereitung des ber\u00fchmten jordanischen Mansaf. Probieren Sie es jetzt aus f\u00fcr hohe Qualit\u00e4t und Gesundheit! \u2705 Yasmin Food\",\"breadcrumb\":{\"@id\":\"https:\\\/\\\/yasminfood.ch\\\/de\\\/product\\\/jamid-sheikh-alkar-1-kilo\\\/#breadcrumb\"},\"inLanguage\":\"de\",\"potentialAction\":[{\"@type\":\"ReadAction\",\"target\":[\"https:\\\/\\\/yasminfood.ch\\\/de\\\/product\\\/jamid-sheikh-alkar-1-kilo\\\/\"]}]},{\"@type\":\"ImageObject\",\"inLanguage\":\"de\",\"@id\":\"https:\\\/\\\/yasminfood.ch\\\/de\\\/product\\\/jamid-sheikh-alkar-1-kilo\\\/#primaryimage\",\"url\":\"https:\\\/\\\/yasminfood.ch\\\/wp-content\\\/uploads\\\/2025\\\/08\\\/\u062c\u0645\u064a\u062f-\u0634\u064a\u062e-\u0627\u0644\u0643\u0627\u0631-1-\u0643\u064a\u0644\u0648.png\",\"contentUrl\":\"https:\\\/\\\/yasminfood.ch\\\/wp-content\\\/uploads\\\/2025\\\/08\\\/\u062c\u0645\u064a\u062f-\u0634\u064a\u062e-\u0627\u0644\u0643\u0627\u0631-1-\u0643\u064a\u0644\u0648.png\",\"width\":1755,\"height\":1755,\"caption\":\"Jamid Sheikh Alkar 1 Kilo\"},{\"@type\":\"BreadcrumbList\",\"@id\":\"https:\\\/\\\/yasminfood.ch\\\/de\\\/product\\\/jamid-sheikh-alkar-1-kilo\\\/#breadcrumb\",\"itemListElement\":[{\"@type\":\"ListItem\",\"position\":1,\"name\":\"\u0627\u0644\u0631\u0626\u064a\u0633\u064a\u0629\",\"item\":\"https:\\\/\\\/yasminfood.ch\\\/de\\\/zuhause\\\/\"},{\"@type\":\"ListItem\",\"position\":2,\"name\":\"Shop\",\"item\":\"https:\\\/\\\/yasminfood.ch\\\/de\\\/shop\\\/\"},{\"@type\":\"ListItem\",\"position\":3,\"name\":\"Milchprodukte und Eier\",\"item\":\"https:\\\/\\\/yasminfood.ch\\\/de\\\/produkt-kategorie\\\/milchprodukte-und-eier\\\/\"},{\"@type\":\"ListItem\",\"position\":4,\"name\":\"Jamid Sheikh Alkar 1 Kilo\"}]},{\"@type\":\"WebSite\",\"@id\":\"https:\\\/\\\/yasminfood.ch\\\/de\\\/#website\",\"url\":\"https:\\\/\\\/yasminfood.ch\\\/de\\\/\",\"name\":\"\u064a\u0627\u0633\u0645\u064a\u0646 \u0645\u0627\u0631\u0643\u062a\",\"description\":\"Alles, was Sie brauchen, an einem Ort\",\"publisher\":{\"@id\":\"https:\\\/\\\/yasminfood.ch\\\/de\\\/#organization\"},\"alternateName\":\"Yasmin Food\",\"potentialAction\":[{\"@type\":\"SearchAction\",\"target\":{\"@type\":\"EntryPoint\",\"urlTemplate\":\"https:\\\/\\\/yasminfood.ch\\\/de\\\/?s={search_term_string}\"},\"query-input\":{\"@type\":\"PropertyValueSpecification\",\"valueRequired\":true,\"valueName\":\"search_term_string\"}}],\"inLanguage\":\"de\"},{\"@type\":\"Organization\",\"@id\":\"https:\\\/\\\/yasminfood.ch\\\/de\\\/#organization\",\"name\":\"\u064a\u0627\u0633\u0645\u064a\u0646 \u0645\u0627\u0631\u0643\u062a\",\"alternateName\":\"Yasmin Food\",\"url\":\"https:\\\/\\\/yasminfood.ch\\\/de\\\/\",\"logo\":{\"@type\":\"ImageObject\",\"inLanguage\":\"de\",\"@id\":\"https:\\\/\\\/yasminfood.ch\\\/de\\\/#\\\/schema\\\/logo\\\/image\\\/\",\"url\":\"https:\\\/\\\/yasminfood.ch\\\/wp-content\\\/uploads\\\/2025\\\/05\\\/yasmin-food-header-logo.png\",\"contentUrl\":\"https:\\\/\\\/yasminfood.ch\\\/wp-content\\\/uploads\\\/2025\\\/05\\\/yasmin-food-header-logo.png\",\"width\":330,\"height\":120,\"caption\":\"\u064a\u0627\u0633\u0645\u064a\u0646 \u0645\u0627\u0631\u0643\u062a\"},\"image\":{\"@id\":\"https:\\\/\\\/yasminfood.ch\\\/de\\\/#\\\/schema\\\/logo\\\/image\\\/\"},\"sameAs\":[\"https:\\\/\\\/www.facebook.com\\\/yasminmarkt1\",\"https:\\\/\\\/www.tiktok.com\\\/@yasminmarkt\",\"https:\\\/\\\/www.instagram.com\\\/yasmin.markt1\\\/\",\"https:\\\/\\\/api.whatsapp.com\\\/send\\\/?phone=41799000104\"],\"publishingPrinciples\":\"https:\\\/\\\/yasminfood.ch\\\/de\\\/shop\\\/\",\"ownershipFundingInfo\":\"https:\\\/\\\/yasminfood.ch\\\/de\\\/shop\\\/\"}]}<\/script>\n<meta property=\"product:price:amount\" content=\"24.95\" \/>\n<meta property=\"product:price:currency\" content=\"CHF\" \/>\n<meta property=\"og:availability\" content=\"instock\" \/>\n<meta property=\"product:availability\" content=\"instock\" \/>\n<meta property=\"product:condition\" content=\"new\" \/>\n<!-- \/ Yoast SEO Premium plugin. -->","yoast_head_json":{"title":"Jamid Sheikh Alkar 1 Kilo - Yasmin Food","description":"Genie\u00dfen Sie den authentischen Geschmack mit Jamid Sheikh Al Kar 1 Kilo, perfekt f\u00fcr die Zubereitung des ber\u00fchmten jordanischen Mansaf. Probieren Sie es jetzt aus f\u00fcr hohe Qualit\u00e4t und Gesundheit! \u2705 Yasmin Food","robots":{"index":"index","follow":"follow","max-snippet":"max-snippet:-1","max-image-preview":"max-image-preview:large","max-video-preview":"max-video-preview:-1"},"canonical":"https:\/\/yasminfood.ch\/de\/product\/jamid-sheikh-alkar-1-kilo\/","og_locale":"de_DE","og_type":"article","og_title":"Jamid Sheikh Alkar 1 Kilo","og_description":"Jamid Sheikh Alkar 1 Kilo   Genie\u00dfen Sie den authentischen Geschmack: Hergestellt aus 100% nat\u00fcrlicher Schafsmilch ohne k\u00fcnstliche Zusatzstoffe.","og_url":"https:\/\/yasminfood.ch\/de\/product\/jamid-sheikh-alkar-1-kilo\/","og_site_name":"Yasmin Food","article_publisher":"https:\/\/www.facebook.com\/yasminmarkt1","article_modified_time":"2025-08-04T15:09:46+00:00","og_image":[{"width":1755,"height":1755,"url":"https:\/\/yasminfood.ch\/wp-content\/uploads\/2025\/08\/\u062c\u0645\u064a\u062f-\u0634\u064a\u062e-\u0627\u0644\u0643\u0627\u0631-1-\u0643\u064a\u0644\u0648.png","type":"image\/png"}],"twitter_card":"summary_large_image","twitter_misc":{"Preis":"24.95&nbsp;&#67;&#72;&#70;","Verf\u00fcgbarkeit":"Auf Lager"},"schema":{"@context":"https:\/\/schema.org","@graph":[{"@type":"WebPage","@id":"https:\/\/yasminfood.ch\/de\/product\/jamid-sheikh-alkar-1-kilo\/","url":"https:\/\/yasminfood.ch\/de\/product\/jamid-sheikh-alkar-1-kilo\/","name":"Jamid Sheikh Alkar 1 Kilo - Yasmin Food","isPartOf":{"@id":"https:\/\/yasminfood.ch\/de\/#website"},"primaryImageOfPage":{"@id":"https:\/\/yasminfood.ch\/de\/product\/jamid-sheikh-alkar-1-kilo\/#primaryimage"},"image":{"@id":"https:\/\/yasminfood.ch\/de\/product\/jamid-sheikh-alkar-1-kilo\/#primaryimage"},"thumbnailUrl":"https:\/\/yasminfood.ch\/wp-content\/uploads\/2025\/08\/\u062c\u0645\u064a\u062f-\u0634\u064a\u062e-\u0627\u0644\u0643\u0627\u0631-1-\u0643\u064a\u0644\u0648.png","datePublished":"2025-08-04T14:52:46+00:00","dateModified":"2025-08-04T15:09:46+00:00","description":"Genie\u00dfen Sie den authentischen Geschmack mit Jamid Sheikh Al Kar 1 Kilo, perfekt f\u00fcr die Zubereitung des ber\u00fchmten jordanischen Mansaf. Probieren Sie es jetzt aus f\u00fcr hohe Qualit\u00e4t und Gesundheit! \u2705 Yasmin Food","breadcrumb":{"@id":"https:\/\/yasminfood.ch\/de\/product\/jamid-sheikh-alkar-1-kilo\/#breadcrumb"},"inLanguage":"de","potentialAction":[{"@type":"ReadAction","target":["https:\/\/yasminfood.ch\/de\/product\/jamid-sheikh-alkar-1-kilo\/"]}]},{"@type":"ImageObject","inLanguage":"de","@id":"https:\/\/yasminfood.ch\/de\/product\/jamid-sheikh-alkar-1-kilo\/#primaryimage","url":"https:\/\/yasminfood.ch\/wp-content\/uploads\/2025\/08\/\u062c\u0645\u064a\u062f-\u0634\u064a\u062e-\u0627\u0644\u0643\u0627\u0631-1-\u0643\u064a\u0644\u0648.png","contentUrl":"https:\/\/yasminfood.ch\/wp-content\/uploads\/2025\/08\/\u062c\u0645\u064a\u062f-\u0634\u064a\u062e-\u0627\u0644\u0643\u0627\u0631-1-\u0643\u064a\u0644\u0648.png","width":1755,"height":1755,"caption":"Jamid Sheikh Alkar 1 Kilo"},{"@type":"BreadcrumbList","@id":"https:\/\/yasminfood.ch\/de\/product\/jamid-sheikh-alkar-1-kilo\/#breadcrumb","itemListElement":[{"@type":"ListItem","position":1,"name":"\u0627\u0644\u0631\u0626\u064a\u0633\u064a\u0629","item":"https:\/\/yasminfood.ch\/de\/zuhause\/"},{"@type":"ListItem","position":2,"name":"Shop","item":"https:\/\/yasminfood.ch\/de\/shop\/"},{"@type":"ListItem","position":3,"name":"Milchprodukte und Eier","item":"https:\/\/yasminfood.ch\/de\/produkt-kategorie\/milchprodukte-und-eier\/"},{"@type":"ListItem","position":4,"name":"Jamid Sheikh Alkar 1 Kilo"}]},{"@type":"WebSite","@id":"https:\/\/yasminfood.ch\/de\/#website","url":"https:\/\/yasminfood.ch\/de\/","name":"\u064a\u0627\u0633\u0645\u064a\u0646 \u0645\u0627\u0631\u0643\u062a","description":"Alles, was Sie brauchen, an einem Ort","publisher":{"@id":"https:\/\/yasminfood.ch\/de\/#organization"},"alternateName":"Yasmin Food","potentialAction":[{"@type":"SearchAction","target":{"@type":"EntryPoint","urlTemplate":"https:\/\/yasminfood.ch\/de\/?s={search_term_string}"},"query-input":{"@type":"PropertyValueSpecification","valueRequired":true,"valueName":"search_term_string"}}],"inLanguage":"de"},{"@type":"Organization","@id":"https:\/\/yasminfood.ch\/de\/#organization","name":"\u064a\u0627\u0633\u0645\u064a\u0646 \u0645\u0627\u0631\u0643\u062a","alternateName":"Yasmin Food","url":"https:\/\/yasminfood.ch\/de\/","logo":{"@type":"ImageObject","inLanguage":"de","@id":"https:\/\/yasminfood.ch\/de\/#\/schema\/logo\/image\/","url":"https:\/\/yasminfood.ch\/wp-content\/uploads\/2025\/05\/yasmin-food-header-logo.png","contentUrl":"https:\/\/yasminfood.ch\/wp-content\/uploads\/2025\/05\/yasmin-food-header-logo.png","width":330,"height":120,"caption":"\u064a\u0627\u0633\u0645\u064a\u0646 \u0645\u0627\u0631\u0643\u062a"},"image":{"@id":"https:\/\/yasminfood.ch\/de\/#\/schema\/logo\/image\/"},"sameAs":["https:\/\/www.facebook.com\/yasminmarkt1","https:\/\/www.tiktok.com\/@yasminmarkt","https:\/\/www.instagram.com\/yasmin.markt1\/","https:\/\/api.whatsapp.com\/send\/?phone=41799000104"],"publishingPrinciples":"https:\/\/yasminfood.ch\/de\/shop\/","ownershipFundingInfo":"https:\/\/yasminfood.ch\/de\/shop\/"}]},"product_price_amount":"24.95","product_price_currency":"CHF","og_availability":"instock","product_availability":"instock","product_condition":"new"},"jetpack_sharing_enabled":true,"_links":{"self":[{"href":"https:\/\/yasminfood.ch\/de\/wp-json\/wp\/v2\/product\/118679","targetHints":{"allow":["GET"]}}],"collection":[{"href":"https:\/\/yasminfood.ch\/de\/wp-json\/wp\/v2\/product"}],"about":[{"href":"https:\/\/yasminfood.ch\/de\/wp-json\/wp\/v2\/types\/product"}],"replies":[{"embeddable":true,"href":"https:\/\/yasminfood.ch\/de\/wp-json\/wp\/v2\/comments?post=118679"}],"version-history":[{"count":0,"href":"https:\/\/yasminfood.ch\/de\/wp-json\/wp\/v2\/product\/118679\/revisions"}],"wp:featuredmedia":[{"embeddable":true,"href":"https:\/\/yasminfood.ch\/de\/wp-json\/wp\/v2\/media\/118657"}],"wp:attachment":[{"href":"https:\/\/yasminfood.ch\/de\/wp-json\/wp\/v2\/media?parent=118679"}],"wp:term":[{"taxonomy":"product_brand","embeddable":true,"href":"https:\/\/yasminfood.ch\/de\/wp-json\/wp\/v2\/product_brand?post=118679"},{"taxonomy":"product_cat","embeddable":true,"href":"https:\/\/yasminfood.ch\/de\/wp-json\/wp\/v2\/product_cat?post=118679"},{"taxonomy":"product_tag","embeddable":true,"href":"https:\/\/yasminfood.ch\/de\/wp-json\/wp\/v2\/product_tag?post=118679"}],"curies":[{"name":"wp","href":"https:\/\/api.w.org\/{rel}","templated":true}]}}