{"id":118682,"date":"2025-08-04T17:02:22","date_gmt":"2025-08-04T15:02:22","guid":{"rendered":"https:\/\/yasminfood.ch\/product\/bravo-erdnussbutter-chips-45gr\/"},"modified":"2025-08-04T17:09:51","modified_gmt":"2025-08-04T15:09:51","slug":"bravo-erdnussbutter-chips-45gr","status":"publish","type":"product","link":"https:\/\/yasminfood.ch\/de\/product\/bravo-erdnussbutter-chips-45gr\/","title":{"rendered":"Bravo Erdnussbutter Chips 45gr"},"content":{"rendered":"<p><strong>Bravo Erdnussbutter Chips 45gr<\/strong><\/p>\n<ul>\n<li>\n<p data-start=\"188\" data-end=\"350\">Genie\u00dfen Sie einen einzigartigen Crunch und <strong data-start=\"221\" data-end=\"244\">reichhaltigen Geschmack mit den BOZO Puffs von Bravo<\/strong> mit einem k\u00f6stlichen Erdnussbuttergeschmack!<br data-start=\"278\" data-end=\"281\">Hergestellt aus sorgf\u00e4ltig ausgew\u00e4hlten Zutaten, um Ihnen bei jedem Bissen ein leichtes und k\u00f6stliches Erlebnis zu bieten.<\/p>\n<ul data-start=\"352\" data-end=\"494\">\n<li data-start=\"352\" data-end=\"390\">\n<p data-start=\"354\" data-end=\"390\">\ud83e\udd5c Reichhaltiger Erdnussbuttergeschmack<\/p>\n<\/li>\n<li data-start=\"391\" data-end=\"409\">\n<p data-start=\"393\" data-end=\"409\">\ud83d\udfe4 Leicht und knusprig<\/p>\n<\/li>\n<li data-start=\"410\" data-end=\"443\">\n<p data-start=\"412\" data-end=\"443\">\u2705 Jederzeit als Snack geeignet<\/p>\n<\/li>\n<li data-start=\"444\" data-end=\"472\">\n<p data-start=\"446\" data-end=\"472\">\u2696\ufe0f Nettogewicht: 45 g <\/p>\n<\/li>\n<li data-start=\"473\" data-end=\"494\">\n<p data-start=\"475\" data-end=\"494\">\ud83c\udf0d Hochwertiges Produkt<\/p>\n<\/li>\n<\/ul>\n<p data-start=\"496\" data-end=\"557\"><strong data-start=\"496\" data-end=\"557\">Perfekt f\u00fcr Picknicks, bei der Arbeit, in der Schule oder zum Genie\u00dfen zu jedem Zeitpunkt! <\/strong><\/p>\n<\/li>\n<\/ul>\n","protected":false},"excerpt":{"rendered":"<p><strong>Bravo Erdnussbutter Chips 45gr<\/strong><\/p>\n<ul>\n<li>\n<p data-start=\"188\" data-end=\"350\">Genie\u00dfen Sie einen einzigartigen Crunch und <strong data-start=\"221\" data-end=\"244\">reichhaltigen Geschmack mit den BOZO Puffs von Bravo<\/strong> mit einem k\u00f6stlichen Erdnussbuttergeschmack!<br data-start=\"278\" data-end=\"281\">Hergestellt aus sorgf\u00e4ltig ausgew\u00e4hlten Zutaten, um Ihnen bei jedem Bissen ein leichtes und k\u00f6stliches Erlebnis zu bieten.<\/p>\n<\/li>\n<\/ul>\n","protected":false},"featured_media":118668,"comment_status":"open","ping_status":"closed","template":"","meta":[],"product_brand":[],"product_cat":[297,302],"product_tag":[],"class_list":{"0":"post-118682","1":"product","2":"type-product","3":"status-publish","4":"has-post-thumbnail","6":"product_cat-dessert-chips-2","7":"product_cat-kartoffelchips","9":"first","10":"outofstock","11":"taxable","12":"shipping-taxable","13":"purchasable","14":"product-type-simple"},"yoast_head":"<!-- This site is optimized with the Yoast SEO Premium plugin v26.5 (Yoast SEO v27.5) - https:\/\/yoast.com\/product\/yoast-seo-premium-wordpress\/ -->\n<title>Bravo Erdnussbutter Chips 45gr - Yasmin Food<\/title>\n<meta name=\"description\" content=\"Genie\u00dfen Sie den einzigartigen Crunch der Bravo Peanut Butter Chips 45gr. Reichhaltiger und leichter Geschmack, perfekt als Snack zu jeder Zeit! \ud83e\udd5c Bravo Erdnussbutter Chips 45gr\" \/>\n<meta name=\"robots\" content=\"index, follow, max-snippet:-1, max-image-preview:large, max-video-preview:-1\" \/>\n<link rel=\"canonical\" href=\"https:\/\/yasminfood.ch\/de\/product\/bravo-erdnussbutter-chips-45gr\/\" \/>\n<meta property=\"og:locale\" content=\"de_DE\" \/>\n<meta property=\"og:type\" content=\"article\" \/>\n<meta property=\"og:title\" content=\"Bravo Erdnussbutter Chips 45gr\" \/>\n<meta property=\"og:description\" content=\"Bravo Erdnussbutter Chips 45gr   Genie\u00dfen Sie einen einzigartigen Crunch und reichhaltigen Geschmack mit den BOZO Puffs von Bravo mit einem k\u00f6stlichen Erdnussbuttergeschmack!Hergestellt aus sorgf\u00e4ltig ausgew\u00e4hlten Zutaten, um Ihnen bei jedem Bissen ein leichtes und k\u00f6stliches Erlebnis zu bieten.\" \/>\n<meta property=\"og:url\" content=\"https:\/\/yasminfood.ch\/de\/product\/bravo-erdnussbutter-chips-45gr\/\" \/>\n<meta property=\"og:site_name\" content=\"Yasmin Food\" \/>\n<meta property=\"article:publisher\" content=\"https:\/\/www.facebook.com\/yasminmarkt1\" \/>\n<meta property=\"article:modified_time\" content=\"2025-08-04T15:09:51+00:00\" \/>\n<meta property=\"og:image\" content=\"https:\/\/yasminfood.ch\/wp-content\/uploads\/2025\/08\/\u0634\u064a\u0628\u0633-\u0628\u0631\u0627\u0641\u0648-\u0632\u0628\u062f\u0629-\u0627\u0644\u0641\u0648\u0644-\u0627\u0644\u0633\u0648\u062f\u0627\u0646\u064a-45gr.png\" \/>\n\t<meta property=\"og:image:width\" content=\"1755\" \/>\n\t<meta property=\"og:image:height\" content=\"1755\" \/>\n\t<meta property=\"og:image:type\" content=\"image\/png\" \/>\n<meta name=\"twitter:card\" content=\"summary_large_image\" \/>\n<meta name=\"twitter:label1\" content=\"Preis\" \/>\n\t<meta name=\"twitter:data1\" content=\"1.25&nbsp;&#067;&#072;&#070;\" \/>\n\t<meta name=\"twitter:label2\" content=\"Verf\u00fcgbarkeit\" \/>\n\t<meta name=\"twitter:data2\" content=\"ausverkauft\" \/>\n<script type=\"application\/ld+json\" class=\"yoast-schema-graph\">{\"@context\":\"https:\\\/\\\/schema.org\",\"@graph\":[{\"@type\":\"WebPage\",\"@id\":\"https:\\\/\\\/yasminfood.ch\\\/de\\\/product\\\/bravo-erdnussbutter-chips-45gr\\\/\",\"url\":\"https:\\\/\\\/yasminfood.ch\\\/de\\\/product\\\/bravo-erdnussbutter-chips-45gr\\\/\",\"name\":\"Bravo Erdnussbutter Chips 45gr - Yasmin Food\",\"isPartOf\":{\"@id\":\"https:\\\/\\\/yasminfood.ch\\\/de\\\/#website\"},\"primaryImageOfPage\":{\"@id\":\"https:\\\/\\\/yasminfood.ch\\\/de\\\/product\\\/bravo-erdnussbutter-chips-45gr\\\/#primaryimage\"},\"image\":{\"@id\":\"https:\\\/\\\/yasminfood.ch\\\/de\\\/product\\\/bravo-erdnussbutter-chips-45gr\\\/#primaryimage\"},\"thumbnailUrl\":\"https:\\\/\\\/yasminfood.ch\\\/wp-content\\\/uploads\\\/2025\\\/08\\\/\u0634\u064a\u0628\u0633-\u0628\u0631\u0627\u0641\u0648-\u0632\u0628\u062f\u0629-\u0627\u0644\u0641\u0648\u0644-\u0627\u0644\u0633\u0648\u062f\u0627\u0646\u064a-45gr.png\",\"datePublished\":\"2025-08-04T15:02:22+00:00\",\"dateModified\":\"2025-08-04T15:09:51+00:00\",\"description\":\"Genie\u00dfen Sie den einzigartigen Crunch der Bravo Peanut Butter Chips 45gr. Reichhaltiger und leichter Geschmack, perfekt als Snack zu jeder Zeit! \ud83e\udd5c Bravo Erdnussbutter Chips 45gr\",\"breadcrumb\":{\"@id\":\"https:\\\/\\\/yasminfood.ch\\\/de\\\/product\\\/bravo-erdnussbutter-chips-45gr\\\/#breadcrumb\"},\"inLanguage\":\"de\",\"potentialAction\":[{\"@type\":\"ReadAction\",\"target\":[\"https:\\\/\\\/yasminfood.ch\\\/de\\\/product\\\/bravo-erdnussbutter-chips-45gr\\\/\"]}]},{\"@type\":\"ImageObject\",\"inLanguage\":\"de\",\"@id\":\"https:\\\/\\\/yasminfood.ch\\\/de\\\/product\\\/bravo-erdnussbutter-chips-45gr\\\/#primaryimage\",\"url\":\"https:\\\/\\\/yasminfood.ch\\\/wp-content\\\/uploads\\\/2025\\\/08\\\/\u0634\u064a\u0628\u0633-\u0628\u0631\u0627\u0641\u0648-\u0632\u0628\u062f\u0629-\u0627\u0644\u0641\u0648\u0644-\u0627\u0644\u0633\u0648\u062f\u0627\u0646\u064a-45gr.png\",\"contentUrl\":\"https:\\\/\\\/yasminfood.ch\\\/wp-content\\\/uploads\\\/2025\\\/08\\\/\u0634\u064a\u0628\u0633-\u0628\u0631\u0627\u0641\u0648-\u0632\u0628\u062f\u0629-\u0627\u0644\u0641\u0648\u0644-\u0627\u0644\u0633\u0648\u062f\u0627\u0646\u064a-45gr.png\",\"width\":1755,\"height\":1755,\"caption\":\"Bravo Erdnussbutter Chips 45gr\"},{\"@type\":\"BreadcrumbList\",\"@id\":\"https:\\\/\\\/yasminfood.ch\\\/de\\\/product\\\/bravo-erdnussbutter-chips-45gr\\\/#breadcrumb\",\"itemListElement\":[{\"@type\":\"ListItem\",\"position\":1,\"name\":\"\u0627\u0644\u0631\u0626\u064a\u0633\u064a\u0629\",\"item\":\"https:\\\/\\\/yasminfood.ch\\\/de\\\/zuhause\\\/\"},{\"@type\":\"ListItem\",\"position\":2,\"name\":\"Shop\",\"item\":\"https:\\\/\\\/yasminfood.ch\\\/de\\\/shop\\\/\"},{\"@type\":\"ListItem\",\"position\":3,\"name\":\"Dessert &amp; Chips\",\"item\":\"https:\\\/\\\/yasminfood.ch\\\/de\\\/produkt-kategorie\\\/dessert-chips-2\\\/\"},{\"@type\":\"ListItem\",\"position\":4,\"name\":\"Bravo Erdnussbutter Chips 45gr\"}]},{\"@type\":\"WebSite\",\"@id\":\"https:\\\/\\\/yasminfood.ch\\\/de\\\/#website\",\"url\":\"https:\\\/\\\/yasminfood.ch\\\/de\\\/\",\"name\":\"\u064a\u0627\u0633\u0645\u064a\u0646 \u0645\u0627\u0631\u0643\u062a\",\"description\":\"Alles, was Sie brauchen, an einem Ort\",\"publisher\":{\"@id\":\"https:\\\/\\\/yasminfood.ch\\\/de\\\/#organization\"},\"alternateName\":\"Yasmin Food\",\"potentialAction\":[{\"@type\":\"SearchAction\",\"target\":{\"@type\":\"EntryPoint\",\"urlTemplate\":\"https:\\\/\\\/yasminfood.ch\\\/de\\\/?s={search_term_string}\"},\"query-input\":{\"@type\":\"PropertyValueSpecification\",\"valueRequired\":true,\"valueName\":\"search_term_string\"}}],\"inLanguage\":\"de\"},{\"@type\":\"Organization\",\"@id\":\"https:\\\/\\\/yasminfood.ch\\\/de\\\/#organization\",\"name\":\"\u064a\u0627\u0633\u0645\u064a\u0646 \u0645\u0627\u0631\u0643\u062a\",\"alternateName\":\"Yasmin Food\",\"url\":\"https:\\\/\\\/yasminfood.ch\\\/de\\\/\",\"logo\":{\"@type\":\"ImageObject\",\"inLanguage\":\"de\",\"@id\":\"https:\\\/\\\/yasminfood.ch\\\/de\\\/#\\\/schema\\\/logo\\\/image\\\/\",\"url\":\"https:\\\/\\\/yasminfood.ch\\\/wp-content\\\/uploads\\\/2025\\\/05\\\/yasmin-food-header-logo.png\",\"contentUrl\":\"https:\\\/\\\/yasminfood.ch\\\/wp-content\\\/uploads\\\/2025\\\/05\\\/yasmin-food-header-logo.png\",\"width\":330,\"height\":120,\"caption\":\"\u064a\u0627\u0633\u0645\u064a\u0646 \u0645\u0627\u0631\u0643\u062a\"},\"image\":{\"@id\":\"https:\\\/\\\/yasminfood.ch\\\/de\\\/#\\\/schema\\\/logo\\\/image\\\/\"},\"sameAs\":[\"https:\\\/\\\/www.facebook.com\\\/yasminmarkt1\",\"https:\\\/\\\/www.tiktok.com\\\/@yasminmarkt\",\"https:\\\/\\\/www.instagram.com\\\/yasmin.markt1\\\/\",\"https:\\\/\\\/api.whatsapp.com\\\/send\\\/?phone=41799000104\"],\"publishingPrinciples\":\"https:\\\/\\\/yasminfood.ch\\\/de\\\/shop\\\/\",\"ownershipFundingInfo\":\"https:\\\/\\\/yasminfood.ch\\\/de\\\/shop\\\/\"}]}<\/script>\n<meta property=\"product:price:amount\" content=\"1.25\" \/>\n<meta property=\"product:price:currency\" content=\"CHF\" \/>\n<meta property=\"og:availability\" content=\"out of stock\" \/>\n<meta property=\"product:availability\" content=\"out of stock\" \/>\n<meta property=\"product:condition\" content=\"new\" \/>\n<!-- \/ Yoast SEO Premium plugin. -->","yoast_head_json":{"title":"Bravo Erdnussbutter Chips 45gr - Yasmin Food","description":"Genie\u00dfen Sie den einzigartigen Crunch der Bravo Peanut Butter Chips 45gr. Reichhaltiger und leichter Geschmack, perfekt als Snack zu jeder Zeit! \ud83e\udd5c Bravo Erdnussbutter Chips 45gr","robots":{"index":"index","follow":"follow","max-snippet":"max-snippet:-1","max-image-preview":"max-image-preview:large","max-video-preview":"max-video-preview:-1"},"canonical":"https:\/\/yasminfood.ch\/de\/product\/bravo-erdnussbutter-chips-45gr\/","og_locale":"de_DE","og_type":"article","og_title":"Bravo Erdnussbutter Chips 45gr","og_description":"Bravo Erdnussbutter Chips 45gr   Genie\u00dfen Sie einen einzigartigen Crunch und reichhaltigen Geschmack mit den BOZO Puffs von Bravo mit einem k\u00f6stlichen Erdnussbuttergeschmack!Hergestellt aus sorgf\u00e4ltig ausgew\u00e4hlten Zutaten, um Ihnen bei jedem Bissen ein leichtes und k\u00f6stliches Erlebnis zu bieten.","og_url":"https:\/\/yasminfood.ch\/de\/product\/bravo-erdnussbutter-chips-45gr\/","og_site_name":"Yasmin Food","article_publisher":"https:\/\/www.facebook.com\/yasminmarkt1","article_modified_time":"2025-08-04T15:09:51+00:00","og_image":[{"width":1755,"height":1755,"url":"https:\/\/yasminfood.ch\/wp-content\/uploads\/2025\/08\/\u0634\u064a\u0628\u0633-\u0628\u0631\u0627\u0641\u0648-\u0632\u0628\u062f\u0629-\u0627\u0644\u0641\u0648\u0644-\u0627\u0644\u0633\u0648\u062f\u0627\u0646\u064a-45gr.png","type":"image\/png"}],"twitter_card":"summary_large_image","twitter_misc":{"Preis":"1.25&nbsp;&#67;&#72;&#70;","Verf\u00fcgbarkeit":"ausverkauft"},"schema":{"@context":"https:\/\/schema.org","@graph":[{"@type":"WebPage","@id":"https:\/\/yasminfood.ch\/de\/product\/bravo-erdnussbutter-chips-45gr\/","url":"https:\/\/yasminfood.ch\/de\/product\/bravo-erdnussbutter-chips-45gr\/","name":"Bravo Erdnussbutter Chips 45gr - Yasmin Food","isPartOf":{"@id":"https:\/\/yasminfood.ch\/de\/#website"},"primaryImageOfPage":{"@id":"https:\/\/yasminfood.ch\/de\/product\/bravo-erdnussbutter-chips-45gr\/#primaryimage"},"image":{"@id":"https:\/\/yasminfood.ch\/de\/product\/bravo-erdnussbutter-chips-45gr\/#primaryimage"},"thumbnailUrl":"https:\/\/yasminfood.ch\/wp-content\/uploads\/2025\/08\/\u0634\u064a\u0628\u0633-\u0628\u0631\u0627\u0641\u0648-\u0632\u0628\u062f\u0629-\u0627\u0644\u0641\u0648\u0644-\u0627\u0644\u0633\u0648\u062f\u0627\u0646\u064a-45gr.png","datePublished":"2025-08-04T15:02:22+00:00","dateModified":"2025-08-04T15:09:51+00:00","description":"Genie\u00dfen Sie den einzigartigen Crunch der Bravo Peanut Butter Chips 45gr. Reichhaltiger und leichter Geschmack, perfekt als Snack zu jeder Zeit! \ud83e\udd5c Bravo Erdnussbutter Chips 45gr","breadcrumb":{"@id":"https:\/\/yasminfood.ch\/de\/product\/bravo-erdnussbutter-chips-45gr\/#breadcrumb"},"inLanguage":"de","potentialAction":[{"@type":"ReadAction","target":["https:\/\/yasminfood.ch\/de\/product\/bravo-erdnussbutter-chips-45gr\/"]}]},{"@type":"ImageObject","inLanguage":"de","@id":"https:\/\/yasminfood.ch\/de\/product\/bravo-erdnussbutter-chips-45gr\/#primaryimage","url":"https:\/\/yasminfood.ch\/wp-content\/uploads\/2025\/08\/\u0634\u064a\u0628\u0633-\u0628\u0631\u0627\u0641\u0648-\u0632\u0628\u062f\u0629-\u0627\u0644\u0641\u0648\u0644-\u0627\u0644\u0633\u0648\u062f\u0627\u0646\u064a-45gr.png","contentUrl":"https:\/\/yasminfood.ch\/wp-content\/uploads\/2025\/08\/\u0634\u064a\u0628\u0633-\u0628\u0631\u0627\u0641\u0648-\u0632\u0628\u062f\u0629-\u0627\u0644\u0641\u0648\u0644-\u0627\u0644\u0633\u0648\u062f\u0627\u0646\u064a-45gr.png","width":1755,"height":1755,"caption":"Bravo Erdnussbutter Chips 45gr"},{"@type":"BreadcrumbList","@id":"https:\/\/yasminfood.ch\/de\/product\/bravo-erdnussbutter-chips-45gr\/#breadcrumb","itemListElement":[{"@type":"ListItem","position":1,"name":"\u0627\u0644\u0631\u0626\u064a\u0633\u064a\u0629","item":"https:\/\/yasminfood.ch\/de\/zuhause\/"},{"@type":"ListItem","position":2,"name":"Shop","item":"https:\/\/yasminfood.ch\/de\/shop\/"},{"@type":"ListItem","position":3,"name":"Dessert &amp; Chips","item":"https:\/\/yasminfood.ch\/de\/produkt-kategorie\/dessert-chips-2\/"},{"@type":"ListItem","position":4,"name":"Bravo Erdnussbutter Chips 45gr"}]},{"@type":"WebSite","@id":"https:\/\/yasminfood.ch\/de\/#website","url":"https:\/\/yasminfood.ch\/de\/","name":"\u064a\u0627\u0633\u0645\u064a\u0646 \u0645\u0627\u0631\u0643\u062a","description":"Alles, was Sie brauchen, an einem Ort","publisher":{"@id":"https:\/\/yasminfood.ch\/de\/#organization"},"alternateName":"Yasmin Food","potentialAction":[{"@type":"SearchAction","target":{"@type":"EntryPoint","urlTemplate":"https:\/\/yasminfood.ch\/de\/?s={search_term_string}"},"query-input":{"@type":"PropertyValueSpecification","valueRequired":true,"valueName":"search_term_string"}}],"inLanguage":"de"},{"@type":"Organization","@id":"https:\/\/yasminfood.ch\/de\/#organization","name":"\u064a\u0627\u0633\u0645\u064a\u0646 \u0645\u0627\u0631\u0643\u062a","alternateName":"Yasmin Food","url":"https:\/\/yasminfood.ch\/de\/","logo":{"@type":"ImageObject","inLanguage":"de","@id":"https:\/\/yasminfood.ch\/de\/#\/schema\/logo\/image\/","url":"https:\/\/yasminfood.ch\/wp-content\/uploads\/2025\/05\/yasmin-food-header-logo.png","contentUrl":"https:\/\/yasminfood.ch\/wp-content\/uploads\/2025\/05\/yasmin-food-header-logo.png","width":330,"height":120,"caption":"\u064a\u0627\u0633\u0645\u064a\u0646 \u0645\u0627\u0631\u0643\u062a"},"image":{"@id":"https:\/\/yasminfood.ch\/de\/#\/schema\/logo\/image\/"},"sameAs":["https:\/\/www.facebook.com\/yasminmarkt1","https:\/\/www.tiktok.com\/@yasminmarkt","https:\/\/www.instagram.com\/yasmin.markt1\/","https:\/\/api.whatsapp.com\/send\/?phone=41799000104"],"publishingPrinciples":"https:\/\/yasminfood.ch\/de\/shop\/","ownershipFundingInfo":"https:\/\/yasminfood.ch\/de\/shop\/"}]},"product_price_amount":"1.25","product_price_currency":"CHF","og_availability":"out of stock","product_availability":"out of stock","product_condition":"new"},"jetpack_sharing_enabled":true,"_links":{"self":[{"href":"https:\/\/yasminfood.ch\/de\/wp-json\/wp\/v2\/product\/118682","targetHints":{"allow":["GET"]}}],"collection":[{"href":"https:\/\/yasminfood.ch\/de\/wp-json\/wp\/v2\/product"}],"about":[{"href":"https:\/\/yasminfood.ch\/de\/wp-json\/wp\/v2\/types\/product"}],"replies":[{"embeddable":true,"href":"https:\/\/yasminfood.ch\/de\/wp-json\/wp\/v2\/comments?post=118682"}],"version-history":[{"count":0,"href":"https:\/\/yasminfood.ch\/de\/wp-json\/wp\/v2\/product\/118682\/revisions"}],"wp:featuredmedia":[{"embeddable":true,"href":"https:\/\/yasminfood.ch\/de\/wp-json\/wp\/v2\/media\/118668"}],"wp:attachment":[{"href":"https:\/\/yasminfood.ch\/de\/wp-json\/wp\/v2\/media?parent=118682"}],"wp:term":[{"taxonomy":"product_brand","embeddable":true,"href":"https:\/\/yasminfood.ch\/de\/wp-json\/wp\/v2\/product_brand?post=118682"},{"taxonomy":"product_cat","embeddable":true,"href":"https:\/\/yasminfood.ch\/de\/wp-json\/wp\/v2\/product_cat?post=118682"},{"taxonomy":"product_tag","embeddable":true,"href":"https:\/\/yasminfood.ch\/de\/wp-json\/wp\/v2\/product_tag?post=118682"}],"curies":[{"name":"wp","href":"https:\/\/api.w.org\/{rel}","templated":true}]}}