{"id":118840,"date":"2025-08-08T09:54:30","date_gmt":"2025-08-08T07:54:30","guid":{"rendered":"https:\/\/yasminfood.ch\/product\/halawa-mit-pistazienpueree-600g\/"},"modified":"2025-08-08T10:08:22","modified_gmt":"2025-08-08T08:08:22","slug":"halawa-mit-pistazienpueree-600g","status":"publish","type":"product","link":"https:\/\/yasminfood.ch\/de\/product\/halawa-mit-pistazienpueree-600g\/","title":{"rendered":"Halawa mit Pistazienp\u00fcree 600g"},"content":{"rendered":"<p><strong>Halawa mit Pistazienp\u00fcree 600g<\/strong><\/p>\n<ul>\n<li>\n<p data-start=\"201\" data-end=\"394\">Verw\u00f6hnen Sie Ihre Sinne mit luxuri\u00f6ser Pistaziens\u00fc\u00dfe! Hergestellt aus reinem Tahini und luxuri\u00f6sen Pistazien, <\/p>\n<\/li>\n<li>\n<p data-start=\"201\" data-end=\"394\">Um Ihnen einen reichhaltigen Geschmack und eine weiche Textur zu verleihen, die im Mund zergeht. Perfekt zum Fr\u00fchst\u00fcck oder als leckeres Dessert zu Kaffee oder Tee.  <\/p>\n<p data-start=\"396\" data-end=\"410\"><strong data-start=\"396\" data-end=\"410\">Leistungsbeschreibung:<\/strong><\/p>\n<ul data-start=\"411\" data-end=\"592\">\n<li data-start=\"411\" data-end=\"437\">\n<p data-start=\"413\" data-end=\"437\">Nettogewicht: 600 g <\/p>\n<\/li>\n<li data-start=\"438\" data-end=\"476\">\n<p data-start=\"440\" data-end=\"476\">Typ: Halva p\u00fcriert mit Pistazien <\/p>\n<\/li>\n<li data-start=\"477\" data-end=\"525\">\n<p data-start=\"479\" data-end=\"525\">Zutaten: Tahini (gemahlener Sesam), Zucker, Pistazien  <\/p>\n<\/li>\n<li data-start=\"526\" data-end=\"571\">\n<p data-start=\"528\" data-end=\"571\">Frei von k\u00fcnstlichen Farb- und Konservierungsstoffen<\/p>\n<\/li>\n<li data-start=\"572\" data-end=\"592\">\n<p data-start=\"574\" data-end=\"592\">Geeignet f\u00fcr Vegetarier<\/p>\n<\/li>\n<\/ul>\n<p data-start=\"594\" data-end=\"696\"><strong data-start=\"594\" data-end=\"611\">Warum w\u00fcrdest du es lieben?<\/strong><br data-start=\"611\" data-end=\"614\">\u2713 Glatte Textur und reichhaltiger Geschmack<br data-start=\"634\" data-end=\"637\">\u2713 Hoher Pistaziengehalt<br data-start=\"659\" data-end=\"662\">\u2713 Perfekt als nahrhafte Mahlzeit oder gesunder Snack<\/p>\n<\/li>\n<\/ul>\n","protected":false},"excerpt":{"rendered":"<p><strong>Halawa mit Pistazienp\u00fcree 600g<\/strong><\/p>\n<ul>\n<li>\n<p data-start=\"201\" data-end=\"394\">Verw\u00f6hnen Sie Ihre Sinne mit luxuri\u00f6ser Pistaziens\u00fc\u00dfe! Hergestellt aus reinem Tahini und luxuri\u00f6sen Pistazien, <\/p>\n<\/li>\n<li>\n<p data-start=\"201\" data-end=\"394\">Um Ihnen einen reichhaltigen Geschmack und eine weiche Textur zu verleihen, die im Mund zergeht. Perfekt zum Fr\u00fchst\u00fcck oder als leckeres Dessert zu Kaffee oder Tee.  <\/p>\n<\/li>\n<\/ul>\n","protected":false},"featured_media":118835,"comment_status":"open","ping_status":"closed","template":"","meta":[],"product_brand":[],"product_cat":[297,309],"product_tag":[],"class_list":{"0":"post-118840","1":"product","2":"type-product","3":"status-publish","4":"has-post-thumbnail","6":"product_cat-dessert-chips-2","7":"product_cat-halva-de","9":"first","10":"instock","11":"taxable","12":"shipping-taxable","13":"purchasable","14":"product-type-simple"},"yoast_head":"<!-- This site is optimized with the Yoast SEO Premium plugin v26.5 (Yoast SEO v27.3) - https:\/\/yoast.com\/product\/yoast-seo-premium-wordpress\/ -->\n<title>Halawa mit Pistazienp\u00fcree 600g - Yasmin Food<\/title>\n<meta name=\"description\" content=\"Genie\u00dfen Sie p\u00fcrierte Pistazienbonbons 600 g, die aus nat\u00fcrlichen Zutaten hergestellt werden, die Luxus widerspiegeln. Machen Sie jetzt jede Mahlzeit noch k\u00f6stlicher! Yasmin Food Halawa mit Pistazienp\u00fcree 600g\" \/>\n<meta name=\"robots\" content=\"index, follow, max-snippet:-1, max-image-preview:large, max-video-preview:-1\" \/>\n<link rel=\"canonical\" href=\"https:\/\/yasminfood.ch\/de\/product\/halawa-mit-pistazienpueree-600g\/\" \/>\n<meta property=\"og:locale\" content=\"de_DE\" \/>\n<meta property=\"og:type\" content=\"article\" \/>\n<meta property=\"og:title\" content=\"Halawa mit Pistazienp\u00fcree 600g\" \/>\n<meta property=\"og:description\" content=\"Halawa mit Pistazienp\u00fcree 600g   Verw\u00f6hnen Sie Ihre Sinne mit luxuri\u00f6ser Pistaziens\u00fc\u00dfe! Hergestellt aus reinem Tahini und luxuri\u00f6sen Pistazien,   Um Ihnen einen reichhaltigen Geschmack und eine weiche Textur zu verleihen, die im Mund zergeht. Perfekt zum Fr\u00fchst\u00fcck oder als leckeres Dessert zu Kaffee oder Tee.\" \/>\n<meta property=\"og:url\" content=\"https:\/\/yasminfood.ch\/de\/product\/halawa-mit-pistazienpueree-600g\/\" \/>\n<meta property=\"og:site_name\" content=\"Yasmin Food\" \/>\n<meta property=\"article:publisher\" content=\"https:\/\/www.facebook.com\/yasminmarkt1\" \/>\n<meta property=\"article:modified_time\" content=\"2025-08-08T08:08:22+00:00\" \/>\n<meta property=\"og:image\" content=\"https:\/\/yasminfood.ch\/wp-content\/uploads\/2025\/08\/\u062d\u0644\u0627\u0648\u0629-\u0628\u0627\u0644\u0641\u0633\u062a\u0642-\u0645\u0647\u0631\u0648\u0633\u0629-600\u063a-1024x1024.png\" \/>\n\t<meta property=\"og:image:width\" content=\"1024\" \/>\n\t<meta property=\"og:image:height\" content=\"1024\" \/>\n\t<meta property=\"og:image:type\" content=\"image\/png\" \/>\n<meta name=\"twitter:card\" content=\"summary_large_image\" \/>\n<meta name=\"twitter:label1\" content=\"Preis\" \/>\n\t<meta name=\"twitter:data1\" content=\"9.95&nbsp;&#067;&#072;&#070;\" \/>\n\t<meta name=\"twitter:label2\" content=\"Verf\u00fcgbarkeit\" \/>\n\t<meta name=\"twitter:data2\" content=\"Auf Lager\" \/>\n<script type=\"application\/ld+json\" class=\"yoast-schema-graph\">{\"@context\":\"https:\\\/\\\/schema.org\",\"@graph\":[{\"@type\":\"WebPage\",\"@id\":\"https:\\\/\\\/yasminfood.ch\\\/de\\\/product\\\/halawa-mit-pistazienpueree-600g\\\/\",\"url\":\"https:\\\/\\\/yasminfood.ch\\\/de\\\/product\\\/halawa-mit-pistazienpueree-600g\\\/\",\"name\":\"Halawa mit Pistazienp\u00fcree 600g - Yasmin Food\",\"isPartOf\":{\"@id\":\"https:\\\/\\\/yasminfood.ch\\\/de\\\/#website\"},\"primaryImageOfPage\":{\"@id\":\"https:\\\/\\\/yasminfood.ch\\\/de\\\/product\\\/halawa-mit-pistazienpueree-600g\\\/#primaryimage\"},\"image\":{\"@id\":\"https:\\\/\\\/yasminfood.ch\\\/de\\\/product\\\/halawa-mit-pistazienpueree-600g\\\/#primaryimage\"},\"thumbnailUrl\":\"https:\\\/\\\/yasminfood.ch\\\/wp-content\\\/uploads\\\/2025\\\/08\\\/\u062d\u0644\u0627\u0648\u0629-\u0628\u0627\u0644\u0641\u0633\u062a\u0642-\u0645\u0647\u0631\u0648\u0633\u0629-600\u063a.png\",\"datePublished\":\"2025-08-08T07:54:30+00:00\",\"dateModified\":\"2025-08-08T08:08:22+00:00\",\"description\":\"Genie\u00dfen Sie p\u00fcrierte Pistazienbonbons 600 g, die aus nat\u00fcrlichen Zutaten hergestellt werden, die Luxus widerspiegeln. Machen Sie jetzt jede Mahlzeit noch k\u00f6stlicher! Yasmin Food Halawa mit Pistazienp\u00fcree 600g\",\"breadcrumb\":{\"@id\":\"https:\\\/\\\/yasminfood.ch\\\/de\\\/product\\\/halawa-mit-pistazienpueree-600g\\\/#breadcrumb\"},\"inLanguage\":\"de\",\"potentialAction\":[{\"@type\":\"ReadAction\",\"target\":[\"https:\\\/\\\/yasminfood.ch\\\/de\\\/product\\\/halawa-mit-pistazienpueree-600g\\\/\"]}]},{\"@type\":\"ImageObject\",\"inLanguage\":\"de\",\"@id\":\"https:\\\/\\\/yasminfood.ch\\\/de\\\/product\\\/halawa-mit-pistazienpueree-600g\\\/#primaryimage\",\"url\":\"https:\\\/\\\/yasminfood.ch\\\/wp-content\\\/uploads\\\/2025\\\/08\\\/\u062d\u0644\u0627\u0648\u0629-\u0628\u0627\u0644\u0641\u0633\u062a\u0642-\u0645\u0647\u0631\u0648\u0633\u0629-600\u063a.png\",\"contentUrl\":\"https:\\\/\\\/yasminfood.ch\\\/wp-content\\\/uploads\\\/2025\\\/08\\\/\u062d\u0644\u0627\u0648\u0629-\u0628\u0627\u0644\u0641\u0633\u062a\u0642-\u0645\u0647\u0631\u0648\u0633\u0629-600\u063a.png\",\"width\":1350,\"height\":1350,\"caption\":\"Halawa mit Pistazienp\u00fcree 600g\"},{\"@type\":\"BreadcrumbList\",\"@id\":\"https:\\\/\\\/yasminfood.ch\\\/de\\\/product\\\/halawa-mit-pistazienpueree-600g\\\/#breadcrumb\",\"itemListElement\":[{\"@type\":\"ListItem\",\"position\":1,\"name\":\"\u0627\u0644\u0631\u0626\u064a\u0633\u064a\u0629\",\"item\":\"https:\\\/\\\/yasminfood.ch\\\/de\\\/zuhause\\\/\"},{\"@type\":\"ListItem\",\"position\":2,\"name\":\"Shop\",\"item\":\"https:\\\/\\\/yasminfood.ch\\\/de\\\/shop\\\/\"},{\"@type\":\"ListItem\",\"position\":3,\"name\":\"Dessert &amp; Chips\",\"item\":\"https:\\\/\\\/yasminfood.ch\\\/de\\\/produkt-kategorie\\\/dessert-chips-2\\\/\"},{\"@type\":\"ListItem\",\"position\":4,\"name\":\"Halva\",\"item\":\"https:\\\/\\\/yasminfood.ch\\\/de\\\/produkt-kategorie\\\/dessert-chips-2\\\/halva-de\\\/\"},{\"@type\":\"ListItem\",\"position\":5,\"name\":\"Halawa mit Pistazienp\u00fcree 600g\"}]},{\"@type\":\"WebSite\",\"@id\":\"https:\\\/\\\/yasminfood.ch\\\/de\\\/#website\",\"url\":\"https:\\\/\\\/yasminfood.ch\\\/de\\\/\",\"name\":\"\u064a\u0627\u0633\u0645\u064a\u0646 \u0645\u0627\u0631\u0643\u062a\",\"description\":\"Alles, was Sie brauchen, an einem Ort\",\"publisher\":{\"@id\":\"https:\\\/\\\/yasminfood.ch\\\/de\\\/#organization\"},\"alternateName\":\"Yasmin Food\",\"potentialAction\":[{\"@type\":\"SearchAction\",\"target\":{\"@type\":\"EntryPoint\",\"urlTemplate\":\"https:\\\/\\\/yasminfood.ch\\\/de\\\/?s={search_term_string}\"},\"query-input\":{\"@type\":\"PropertyValueSpecification\",\"valueRequired\":true,\"valueName\":\"search_term_string\"}}],\"inLanguage\":\"de\"},{\"@type\":\"Organization\",\"@id\":\"https:\\\/\\\/yasminfood.ch\\\/de\\\/#organization\",\"name\":\"\u064a\u0627\u0633\u0645\u064a\u0646 \u0645\u0627\u0631\u0643\u062a\",\"alternateName\":\"Yasmin Food\",\"url\":\"https:\\\/\\\/yasminfood.ch\\\/de\\\/\",\"logo\":{\"@type\":\"ImageObject\",\"inLanguage\":\"de\",\"@id\":\"https:\\\/\\\/yasminfood.ch\\\/de\\\/#\\\/schema\\\/logo\\\/image\\\/\",\"url\":\"https:\\\/\\\/yasminfood.ch\\\/wp-content\\\/uploads\\\/2025\\\/05\\\/yasmin-food-header-logo.png\",\"contentUrl\":\"https:\\\/\\\/yasminfood.ch\\\/wp-content\\\/uploads\\\/2025\\\/05\\\/yasmin-food-header-logo.png\",\"width\":330,\"height\":120,\"caption\":\"\u064a\u0627\u0633\u0645\u064a\u0646 \u0645\u0627\u0631\u0643\u062a\"},\"image\":{\"@id\":\"https:\\\/\\\/yasminfood.ch\\\/de\\\/#\\\/schema\\\/logo\\\/image\\\/\"},\"sameAs\":[\"https:\\\/\\\/www.facebook.com\\\/yasminmarkt1\",\"https:\\\/\\\/www.tiktok.com\\\/@yasminmarkt\",\"https:\\\/\\\/www.instagram.com\\\/yasmin.markt1\\\/\",\"https:\\\/\\\/api.whatsapp.com\\\/send\\\/?phone=41799000104\"],\"publishingPrinciples\":\"https:\\\/\\\/yasminfood.ch\\\/de\\\/shop\\\/\",\"ownershipFundingInfo\":\"https:\\\/\\\/yasminfood.ch\\\/de\\\/shop\\\/\"}]}<\/script>\n<meta property=\"product:price:amount\" content=\"9.95\" \/>\n<meta property=\"product:price:currency\" content=\"CHF\" \/>\n<meta property=\"og:availability\" content=\"instock\" \/>\n<meta property=\"product:availability\" content=\"instock\" \/>\n<meta property=\"product:condition\" content=\"new\" \/>\n<!-- \/ Yoast SEO Premium plugin. -->","yoast_head_json":{"title":"Halawa mit Pistazienp\u00fcree 600g - Yasmin Food","description":"Genie\u00dfen Sie p\u00fcrierte Pistazienbonbons 600 g, die aus nat\u00fcrlichen Zutaten hergestellt werden, die Luxus widerspiegeln. Machen Sie jetzt jede Mahlzeit noch k\u00f6stlicher! Yasmin Food Halawa mit Pistazienp\u00fcree 600g","robots":{"index":"index","follow":"follow","max-snippet":"max-snippet:-1","max-image-preview":"max-image-preview:large","max-video-preview":"max-video-preview:-1"},"canonical":"https:\/\/yasminfood.ch\/de\/product\/halawa-mit-pistazienpueree-600g\/","og_locale":"de_DE","og_type":"article","og_title":"Halawa mit Pistazienp\u00fcree 600g","og_description":"Halawa mit Pistazienp\u00fcree 600g   Verw\u00f6hnen Sie Ihre Sinne mit luxuri\u00f6ser Pistaziens\u00fc\u00dfe! Hergestellt aus reinem Tahini und luxuri\u00f6sen Pistazien,   Um Ihnen einen reichhaltigen Geschmack und eine weiche Textur zu verleihen, die im Mund zergeht. Perfekt zum Fr\u00fchst\u00fcck oder als leckeres Dessert zu Kaffee oder Tee.","og_url":"https:\/\/yasminfood.ch\/de\/product\/halawa-mit-pistazienpueree-600g\/","og_site_name":"Yasmin Food","article_publisher":"https:\/\/www.facebook.com\/yasminmarkt1","article_modified_time":"2025-08-08T08:08:22+00:00","og_image":[{"width":1024,"height":1024,"url":"https:\/\/yasminfood.ch\/wp-content\/uploads\/2025\/08\/\u062d\u0644\u0627\u0648\u0629-\u0628\u0627\u0644\u0641\u0633\u062a\u0642-\u0645\u0647\u0631\u0648\u0633\u0629-600\u063a-1024x1024.png","type":"image\/png"}],"twitter_card":"summary_large_image","twitter_misc":{"Preis":"9.95&nbsp;&#67;&#72;&#70;","Verf\u00fcgbarkeit":"Auf Lager"},"schema":{"@context":"https:\/\/schema.org","@graph":[{"@type":"WebPage","@id":"https:\/\/yasminfood.ch\/de\/product\/halawa-mit-pistazienpueree-600g\/","url":"https:\/\/yasminfood.ch\/de\/product\/halawa-mit-pistazienpueree-600g\/","name":"Halawa mit Pistazienp\u00fcree 600g - Yasmin Food","isPartOf":{"@id":"https:\/\/yasminfood.ch\/de\/#website"},"primaryImageOfPage":{"@id":"https:\/\/yasminfood.ch\/de\/product\/halawa-mit-pistazienpueree-600g\/#primaryimage"},"image":{"@id":"https:\/\/yasminfood.ch\/de\/product\/halawa-mit-pistazienpueree-600g\/#primaryimage"},"thumbnailUrl":"https:\/\/yasminfood.ch\/wp-content\/uploads\/2025\/08\/\u062d\u0644\u0627\u0648\u0629-\u0628\u0627\u0644\u0641\u0633\u062a\u0642-\u0645\u0647\u0631\u0648\u0633\u0629-600\u063a.png","datePublished":"2025-08-08T07:54:30+00:00","dateModified":"2025-08-08T08:08:22+00:00","description":"Genie\u00dfen Sie p\u00fcrierte Pistazienbonbons 600 g, die aus nat\u00fcrlichen Zutaten hergestellt werden, die Luxus widerspiegeln. Machen Sie jetzt jede Mahlzeit noch k\u00f6stlicher! Yasmin Food Halawa mit Pistazienp\u00fcree 600g","breadcrumb":{"@id":"https:\/\/yasminfood.ch\/de\/product\/halawa-mit-pistazienpueree-600g\/#breadcrumb"},"inLanguage":"de","potentialAction":[{"@type":"ReadAction","target":["https:\/\/yasminfood.ch\/de\/product\/halawa-mit-pistazienpueree-600g\/"]}]},{"@type":"ImageObject","inLanguage":"de","@id":"https:\/\/yasminfood.ch\/de\/product\/halawa-mit-pistazienpueree-600g\/#primaryimage","url":"https:\/\/yasminfood.ch\/wp-content\/uploads\/2025\/08\/\u062d\u0644\u0627\u0648\u0629-\u0628\u0627\u0644\u0641\u0633\u062a\u0642-\u0645\u0647\u0631\u0648\u0633\u0629-600\u063a.png","contentUrl":"https:\/\/yasminfood.ch\/wp-content\/uploads\/2025\/08\/\u062d\u0644\u0627\u0648\u0629-\u0628\u0627\u0644\u0641\u0633\u062a\u0642-\u0645\u0647\u0631\u0648\u0633\u0629-600\u063a.png","width":1350,"height":1350,"caption":"Halawa mit Pistazienp\u00fcree 600g"},{"@type":"BreadcrumbList","@id":"https:\/\/yasminfood.ch\/de\/product\/halawa-mit-pistazienpueree-600g\/#breadcrumb","itemListElement":[{"@type":"ListItem","position":1,"name":"\u0627\u0644\u0631\u0626\u064a\u0633\u064a\u0629","item":"https:\/\/yasminfood.ch\/de\/zuhause\/"},{"@type":"ListItem","position":2,"name":"Shop","item":"https:\/\/yasminfood.ch\/de\/shop\/"},{"@type":"ListItem","position":3,"name":"Dessert &amp; Chips","item":"https:\/\/yasminfood.ch\/de\/produkt-kategorie\/dessert-chips-2\/"},{"@type":"ListItem","position":4,"name":"Halva","item":"https:\/\/yasminfood.ch\/de\/produkt-kategorie\/dessert-chips-2\/halva-de\/"},{"@type":"ListItem","position":5,"name":"Halawa mit Pistazienp\u00fcree 600g"}]},{"@type":"WebSite","@id":"https:\/\/yasminfood.ch\/de\/#website","url":"https:\/\/yasminfood.ch\/de\/","name":"\u064a\u0627\u0633\u0645\u064a\u0646 \u0645\u0627\u0631\u0643\u062a","description":"Alles, was Sie brauchen, an einem Ort","publisher":{"@id":"https:\/\/yasminfood.ch\/de\/#organization"},"alternateName":"Yasmin Food","potentialAction":[{"@type":"SearchAction","target":{"@type":"EntryPoint","urlTemplate":"https:\/\/yasminfood.ch\/de\/?s={search_term_string}"},"query-input":{"@type":"PropertyValueSpecification","valueRequired":true,"valueName":"search_term_string"}}],"inLanguage":"de"},{"@type":"Organization","@id":"https:\/\/yasminfood.ch\/de\/#organization","name":"\u064a\u0627\u0633\u0645\u064a\u0646 \u0645\u0627\u0631\u0643\u062a","alternateName":"Yasmin Food","url":"https:\/\/yasminfood.ch\/de\/","logo":{"@type":"ImageObject","inLanguage":"de","@id":"https:\/\/yasminfood.ch\/de\/#\/schema\/logo\/image\/","url":"https:\/\/yasminfood.ch\/wp-content\/uploads\/2025\/05\/yasmin-food-header-logo.png","contentUrl":"https:\/\/yasminfood.ch\/wp-content\/uploads\/2025\/05\/yasmin-food-header-logo.png","width":330,"height":120,"caption":"\u064a\u0627\u0633\u0645\u064a\u0646 \u0645\u0627\u0631\u0643\u062a"},"image":{"@id":"https:\/\/yasminfood.ch\/de\/#\/schema\/logo\/image\/"},"sameAs":["https:\/\/www.facebook.com\/yasminmarkt1","https:\/\/www.tiktok.com\/@yasminmarkt","https:\/\/www.instagram.com\/yasmin.markt1\/","https:\/\/api.whatsapp.com\/send\/?phone=41799000104"],"publishingPrinciples":"https:\/\/yasminfood.ch\/de\/shop\/","ownershipFundingInfo":"https:\/\/yasminfood.ch\/de\/shop\/"}]},"product_price_amount":"9.95","product_price_currency":"CHF","og_availability":"instock","product_availability":"instock","product_condition":"new"},"jetpack_sharing_enabled":true,"_links":{"self":[{"href":"https:\/\/yasminfood.ch\/de\/wp-json\/wp\/v2\/product\/118840","targetHints":{"allow":["GET"]}}],"collection":[{"href":"https:\/\/yasminfood.ch\/de\/wp-json\/wp\/v2\/product"}],"about":[{"href":"https:\/\/yasminfood.ch\/de\/wp-json\/wp\/v2\/types\/product"}],"replies":[{"embeddable":true,"href":"https:\/\/yasminfood.ch\/de\/wp-json\/wp\/v2\/comments?post=118840"}],"version-history":[{"count":0,"href":"https:\/\/yasminfood.ch\/de\/wp-json\/wp\/v2\/product\/118840\/revisions"}],"wp:featuredmedia":[{"embeddable":true,"href":"https:\/\/yasminfood.ch\/de\/wp-json\/wp\/v2\/media\/118835"}],"wp:attachment":[{"href":"https:\/\/yasminfood.ch\/de\/wp-json\/wp\/v2\/media?parent=118840"}],"wp:term":[{"taxonomy":"product_brand","embeddable":true,"href":"https:\/\/yasminfood.ch\/de\/wp-json\/wp\/v2\/product_brand?post=118840"},{"taxonomy":"product_cat","embeddable":true,"href":"https:\/\/yasminfood.ch\/de\/wp-json\/wp\/v2\/product_cat?post=118840"},{"taxonomy":"product_tag","embeddable":true,"href":"https:\/\/yasminfood.ch\/de\/wp-json\/wp\/v2\/product_tag?post=118840"}],"curies":[{"name":"wp","href":"https:\/\/api.w.org\/{rel}","templated":true}]}}