{"id":118842,"date":"2025-08-08T09:31:31","date_gmt":"2025-08-08T07:31:31","guid":{"rendered":"https:\/\/yasminfood.ch\/product\/clogs-200g\/"},"modified":"2025-08-08T10:08:46","modified_gmt":"2025-08-08T08:08:46","slug":"clogs-200g","status":"publish","type":"product","link":"https:\/\/yasminfood.ch\/de\/product\/clogs-200g\/","title":{"rendered":"Clogs 200g"},"content":{"rendered":"<p><strong>Clogs 200g<\/strong><\/p>\n<p data-start=\"164\" data-end=\"400\">Erleben Sie die sch\u00f6nsten Kindheitserinnerungen mit diesen k\u00f6stlichen Nabhan Clogs!<\/p>\n<p data-start=\"164\" data-end=\"400\">Ein traditionelles Dessert mit leuchtenden Farben und unverwechselbaren Aromen, die jedem Moment Freude bereiten.<\/p>\n<p data-start=\"164\" data-end=\"400\">Perfekt f\u00fcr Veranstaltungen, die Gastfreundschaft von Kindern oder um sich mit authentischen arabischen S\u00fc\u00dfwaren zu verw\u00f6hnen, die von der Nabhan Roastery hergestellt werden, die f\u00fcr ihre Qualit\u00e4tsprodukte bekannt ist.  <\/p>\n<p data-start=\"402\" data-end=\"416\"><strong data-start=\"402\" data-end=\"416\">Leistungsbeschreibung:<\/strong><\/p>\n<ul data-start=\"417\" data-end=\"533\">\n<li data-start=\"417\" data-end=\"443\">\n<p data-start=\"419\" data-end=\"443\">Nettogewicht: 200 g <\/p>\n<\/li>\n<li data-start=\"444\" data-end=\"460\">\n<p data-start=\"446\" data-end=\"460\">Branche: Syrien <\/p>\n<\/li>\n<li data-start=\"461\" data-end=\"484\">\n<p data-start=\"463\" data-end=\"484\">Produkt: Nabhan Roastery <\/p>\n<\/li>\n<\/ul>\n","protected":false},"excerpt":{"rendered":"<p><strong>Clogs 200g<\/strong><\/p>\n<p data-start=\"164\" data-end=\"400\">Erleben Sie die sch\u00f6nsten Kindheitserinnerungen mit diesen k\u00f6stlichen Nabhan Clogs!<\/p>\n","protected":false},"featured_media":120601,"comment_status":"open","ping_status":"closed","template":"","meta":[],"product_brand":[],"product_cat":[301,297,310],"product_tag":[],"class_list":{"0":"post-118842","1":"product","2":"type-product","3":"status-publish","4":"has-post-thumbnail","6":"product_cat-arabische-suessigkeiten","7":"product_cat-dessert-chips-2","8":"product_cat-suessigkeiten-schokolade","10":"first","11":"outofstock","12":"taxable","13":"shipping-taxable","14":"purchasable","15":"product-type-simple"},"yoast_head":"<!-- This site is optimized with the Yoast SEO Premium plugin v26.5 (Yoast SEO v27.4) - https:\/\/yoast.com\/product\/yoast-seo-premium-wordpress\/ -->\n<title>Clogs 200g - Yasmin Food<\/title>\n<meta name=\"description\" content=\"Genie\u00dfen Sie die S\u00fc\u00dfe von Nabhan Clogs 200g und machen Sie sich bereit, die sch\u00f6nen Erinnerungen an die Kindheit wieder aufleben zu lassen. W\u00e4hlen Sie jetzt dieses tolle traditionelle Dessert! Yasmin Food\" \/>\n<meta name=\"robots\" content=\"index, follow, max-snippet:-1, max-image-preview:large, max-video-preview:-1\" \/>\n<link rel=\"canonical\" href=\"https:\/\/yasminfood.ch\/de\/product\/clogs-200g\/\" \/>\n<meta property=\"og:locale\" content=\"de_DE\" \/>\n<meta property=\"og:type\" content=\"article\" \/>\n<meta property=\"og:title\" content=\"Clogs 200g\" \/>\n<meta property=\"og:description\" content=\"Clogs 200g Erleben Sie die sch\u00f6nsten Kindheitserinnerungen mit diesen k\u00f6stlichen Nabhan Clogs!\" \/>\n<meta property=\"og:url\" content=\"https:\/\/yasminfood.ch\/de\/product\/clogs-200g\/\" \/>\n<meta property=\"og:site_name\" content=\"Yasmin Food\" \/>\n<meta property=\"article:publisher\" content=\"https:\/\/www.facebook.com\/yasminmarkt1\" \/>\n<meta property=\"article:modified_time\" content=\"2025-08-08T08:08:46+00:00\" \/>\n<meta property=\"og:image\" content=\"https:\/\/yasminfood.ch\/wp-content\/uploads\/2025\/08\/\u0642\u0628\u0627\u0642\u064a\u0628-2-1024x1024.png\" \/>\n\t<meta property=\"og:image:width\" content=\"1024\" \/>\n\t<meta property=\"og:image:height\" content=\"1024\" \/>\n\t<meta property=\"og:image:type\" content=\"image\/png\" \/>\n<meta name=\"twitter:card\" content=\"summary_large_image\" \/>\n<meta name=\"twitter:label1\" content=\"Preis\" \/>\n\t<meta name=\"twitter:data1\" content=\"3.50&nbsp;&#067;&#072;&#070;\" \/>\n\t<meta name=\"twitter:label2\" content=\"Verf\u00fcgbarkeit\" \/>\n\t<meta name=\"twitter:data2\" content=\"ausverkauft\" \/>\n<script type=\"application\/ld+json\" class=\"yoast-schema-graph\">{\"@context\":\"https:\\\/\\\/schema.org\",\"@graph\":[{\"@type\":\"WebPage\",\"@id\":\"https:\\\/\\\/yasminfood.ch\\\/de\\\/product\\\/clogs-200g\\\/\",\"url\":\"https:\\\/\\\/yasminfood.ch\\\/de\\\/product\\\/clogs-200g\\\/\",\"name\":\"Clogs 200g - Yasmin Food\",\"isPartOf\":{\"@id\":\"https:\\\/\\\/yasminfood.ch\\\/de\\\/#website\"},\"primaryImageOfPage\":{\"@id\":\"https:\\\/\\\/yasminfood.ch\\\/de\\\/product\\\/clogs-200g\\\/#primaryimage\"},\"image\":{\"@id\":\"https:\\\/\\\/yasminfood.ch\\\/de\\\/product\\\/clogs-200g\\\/#primaryimage\"},\"thumbnailUrl\":\"https:\\\/\\\/yasminfood.ch\\\/wp-content\\\/uploads\\\/2025\\\/08\\\/\u0642\u0628\u0627\u0642\u064a\u0628-2.png\",\"datePublished\":\"2025-08-08T07:31:31+00:00\",\"dateModified\":\"2025-08-08T08:08:46+00:00\",\"description\":\"Genie\u00dfen Sie die S\u00fc\u00dfe von Nabhan Clogs 200g und machen Sie sich bereit, die sch\u00f6nen Erinnerungen an die Kindheit wieder aufleben zu lassen. W\u00e4hlen Sie jetzt dieses tolle traditionelle Dessert! Yasmin Food\",\"breadcrumb\":{\"@id\":\"https:\\\/\\\/yasminfood.ch\\\/de\\\/product\\\/clogs-200g\\\/#breadcrumb\"},\"inLanguage\":\"de\",\"potentialAction\":[{\"@type\":\"ReadAction\",\"target\":[\"https:\\\/\\\/yasminfood.ch\\\/de\\\/product\\\/clogs-200g\\\/\"]}]},{\"@type\":\"ImageObject\",\"inLanguage\":\"de\",\"@id\":\"https:\\\/\\\/yasminfood.ch\\\/de\\\/product\\\/clogs-200g\\\/#primaryimage\",\"url\":\"https:\\\/\\\/yasminfood.ch\\\/wp-content\\\/uploads\\\/2025\\\/08\\\/\u0642\u0628\u0627\u0642\u064a\u0628-2.png\",\"contentUrl\":\"https:\\\/\\\/yasminfood.ch\\\/wp-content\\\/uploads\\\/2025\\\/08\\\/\u0642\u0628\u0627\u0642\u064a\u0628-2.png\",\"width\":2500,\"height\":2500,\"caption\":\"\u0642\u0628\u0627\u0642\u064a\u0628 \u0627\u0644\u0646\u0628\u0647\u0627\u0646 200\u063a\"},{\"@type\":\"BreadcrumbList\",\"@id\":\"https:\\\/\\\/yasminfood.ch\\\/de\\\/product\\\/clogs-200g\\\/#breadcrumb\",\"itemListElement\":[{\"@type\":\"ListItem\",\"position\":1,\"name\":\"\u0627\u0644\u0631\u0626\u064a\u0633\u064a\u0629\",\"item\":\"https:\\\/\\\/yasminfood.ch\\\/de\\\/zuhause\\\/\"},{\"@type\":\"ListItem\",\"position\":2,\"name\":\"Shop\",\"item\":\"https:\\\/\\\/yasminfood.ch\\\/de\\\/shop\\\/\"},{\"@type\":\"ListItem\",\"position\":3,\"name\":\"Dessert &amp; Chips\",\"item\":\"https:\\\/\\\/yasminfood.ch\\\/de\\\/produkt-kategorie\\\/dessert-chips-2\\\/\"},{\"@type\":\"ListItem\",\"position\":4,\"name\":\"Arabische s\u00fc\u00dfigkeiten\",\"item\":\"https:\\\/\\\/yasminfood.ch\\\/de\\\/produkt-kategorie\\\/dessert-chips-2\\\/arabische-suessigkeiten\\\/\"},{\"@type\":\"ListItem\",\"position\":5,\"name\":\"Clogs 200g\"}]},{\"@type\":\"WebSite\",\"@id\":\"https:\\\/\\\/yasminfood.ch\\\/de\\\/#website\",\"url\":\"https:\\\/\\\/yasminfood.ch\\\/de\\\/\",\"name\":\"\u064a\u0627\u0633\u0645\u064a\u0646 \u0645\u0627\u0631\u0643\u062a\",\"description\":\"Alles, was Sie brauchen, an einem Ort\",\"publisher\":{\"@id\":\"https:\\\/\\\/yasminfood.ch\\\/de\\\/#organization\"},\"alternateName\":\"Yasmin Food\",\"potentialAction\":[{\"@type\":\"SearchAction\",\"target\":{\"@type\":\"EntryPoint\",\"urlTemplate\":\"https:\\\/\\\/yasminfood.ch\\\/de\\\/?s={search_term_string}\"},\"query-input\":{\"@type\":\"PropertyValueSpecification\",\"valueRequired\":true,\"valueName\":\"search_term_string\"}}],\"inLanguage\":\"de\"},{\"@type\":\"Organization\",\"@id\":\"https:\\\/\\\/yasminfood.ch\\\/de\\\/#organization\",\"name\":\"\u064a\u0627\u0633\u0645\u064a\u0646 \u0645\u0627\u0631\u0643\u062a\",\"alternateName\":\"Yasmin Food\",\"url\":\"https:\\\/\\\/yasminfood.ch\\\/de\\\/\",\"logo\":{\"@type\":\"ImageObject\",\"inLanguage\":\"de\",\"@id\":\"https:\\\/\\\/yasminfood.ch\\\/de\\\/#\\\/schema\\\/logo\\\/image\\\/\",\"url\":\"https:\\\/\\\/yasminfood.ch\\\/wp-content\\\/uploads\\\/2025\\\/05\\\/yasmin-food-header-logo.png\",\"contentUrl\":\"https:\\\/\\\/yasminfood.ch\\\/wp-content\\\/uploads\\\/2025\\\/05\\\/yasmin-food-header-logo.png\",\"width\":330,\"height\":120,\"caption\":\"\u064a\u0627\u0633\u0645\u064a\u0646 \u0645\u0627\u0631\u0643\u062a\"},\"image\":{\"@id\":\"https:\\\/\\\/yasminfood.ch\\\/de\\\/#\\\/schema\\\/logo\\\/image\\\/\"},\"sameAs\":[\"https:\\\/\\\/www.facebook.com\\\/yasminmarkt1\",\"https:\\\/\\\/www.tiktok.com\\\/@yasminmarkt\",\"https:\\\/\\\/www.instagram.com\\\/yasmin.markt1\\\/\",\"https:\\\/\\\/api.whatsapp.com\\\/send\\\/?phone=41799000104\"],\"publishingPrinciples\":\"https:\\\/\\\/yasminfood.ch\\\/de\\\/shop\\\/\",\"ownershipFundingInfo\":\"https:\\\/\\\/yasminfood.ch\\\/de\\\/shop\\\/\"}]}<\/script>\n<meta property=\"product:price:amount\" content=\"3.50\" \/>\n<meta property=\"product:price:currency\" content=\"CHF\" \/>\n<meta property=\"og:availability\" content=\"out of stock\" \/>\n<meta property=\"product:availability\" content=\"out of stock\" \/>\n<meta property=\"product:condition\" content=\"new\" \/>\n<!-- \/ Yoast SEO Premium plugin. -->","yoast_head_json":{"title":"Clogs 200g - Yasmin Food","description":"Genie\u00dfen Sie die S\u00fc\u00dfe von Nabhan Clogs 200g und machen Sie sich bereit, die sch\u00f6nen Erinnerungen an die Kindheit wieder aufleben zu lassen. W\u00e4hlen Sie jetzt dieses tolle traditionelle Dessert! Yasmin Food","robots":{"index":"index","follow":"follow","max-snippet":"max-snippet:-1","max-image-preview":"max-image-preview:large","max-video-preview":"max-video-preview:-1"},"canonical":"https:\/\/yasminfood.ch\/de\/product\/clogs-200g\/","og_locale":"de_DE","og_type":"article","og_title":"Clogs 200g","og_description":"Clogs 200g Erleben Sie die sch\u00f6nsten Kindheitserinnerungen mit diesen k\u00f6stlichen Nabhan Clogs!","og_url":"https:\/\/yasminfood.ch\/de\/product\/clogs-200g\/","og_site_name":"Yasmin Food","article_publisher":"https:\/\/www.facebook.com\/yasminmarkt1","article_modified_time":"2025-08-08T08:08:46+00:00","og_image":[{"width":1024,"height":1024,"url":"https:\/\/yasminfood.ch\/wp-content\/uploads\/2025\/08\/\u0642\u0628\u0627\u0642\u064a\u0628-2-1024x1024.png","type":"image\/png"}],"twitter_card":"summary_large_image","twitter_misc":{"Preis":"3.50&nbsp;&#67;&#72;&#70;","Verf\u00fcgbarkeit":"ausverkauft"},"schema":{"@context":"https:\/\/schema.org","@graph":[{"@type":"WebPage","@id":"https:\/\/yasminfood.ch\/de\/product\/clogs-200g\/","url":"https:\/\/yasminfood.ch\/de\/product\/clogs-200g\/","name":"Clogs 200g - Yasmin Food","isPartOf":{"@id":"https:\/\/yasminfood.ch\/de\/#website"},"primaryImageOfPage":{"@id":"https:\/\/yasminfood.ch\/de\/product\/clogs-200g\/#primaryimage"},"image":{"@id":"https:\/\/yasminfood.ch\/de\/product\/clogs-200g\/#primaryimage"},"thumbnailUrl":"https:\/\/yasminfood.ch\/wp-content\/uploads\/2025\/08\/\u0642\u0628\u0627\u0642\u064a\u0628-2.png","datePublished":"2025-08-08T07:31:31+00:00","dateModified":"2025-08-08T08:08:46+00:00","description":"Genie\u00dfen Sie die S\u00fc\u00dfe von Nabhan Clogs 200g und machen Sie sich bereit, die sch\u00f6nen Erinnerungen an die Kindheit wieder aufleben zu lassen. W\u00e4hlen Sie jetzt dieses tolle traditionelle Dessert! Yasmin Food","breadcrumb":{"@id":"https:\/\/yasminfood.ch\/de\/product\/clogs-200g\/#breadcrumb"},"inLanguage":"de","potentialAction":[{"@type":"ReadAction","target":["https:\/\/yasminfood.ch\/de\/product\/clogs-200g\/"]}]},{"@type":"ImageObject","inLanguage":"de","@id":"https:\/\/yasminfood.ch\/de\/product\/clogs-200g\/#primaryimage","url":"https:\/\/yasminfood.ch\/wp-content\/uploads\/2025\/08\/\u0642\u0628\u0627\u0642\u064a\u0628-2.png","contentUrl":"https:\/\/yasminfood.ch\/wp-content\/uploads\/2025\/08\/\u0642\u0628\u0627\u0642\u064a\u0628-2.png","width":2500,"height":2500,"caption":"\u0642\u0628\u0627\u0642\u064a\u0628 \u0627\u0644\u0646\u0628\u0647\u0627\u0646 200\u063a"},{"@type":"BreadcrumbList","@id":"https:\/\/yasminfood.ch\/de\/product\/clogs-200g\/#breadcrumb","itemListElement":[{"@type":"ListItem","position":1,"name":"\u0627\u0644\u0631\u0626\u064a\u0633\u064a\u0629","item":"https:\/\/yasminfood.ch\/de\/zuhause\/"},{"@type":"ListItem","position":2,"name":"Shop","item":"https:\/\/yasminfood.ch\/de\/shop\/"},{"@type":"ListItem","position":3,"name":"Dessert &amp; Chips","item":"https:\/\/yasminfood.ch\/de\/produkt-kategorie\/dessert-chips-2\/"},{"@type":"ListItem","position":4,"name":"Arabische s\u00fc\u00dfigkeiten","item":"https:\/\/yasminfood.ch\/de\/produkt-kategorie\/dessert-chips-2\/arabische-suessigkeiten\/"},{"@type":"ListItem","position":5,"name":"Clogs 200g"}]},{"@type":"WebSite","@id":"https:\/\/yasminfood.ch\/de\/#website","url":"https:\/\/yasminfood.ch\/de\/","name":"\u064a\u0627\u0633\u0645\u064a\u0646 \u0645\u0627\u0631\u0643\u062a","description":"Alles, was Sie brauchen, an einem Ort","publisher":{"@id":"https:\/\/yasminfood.ch\/de\/#organization"},"alternateName":"Yasmin Food","potentialAction":[{"@type":"SearchAction","target":{"@type":"EntryPoint","urlTemplate":"https:\/\/yasminfood.ch\/de\/?s={search_term_string}"},"query-input":{"@type":"PropertyValueSpecification","valueRequired":true,"valueName":"search_term_string"}}],"inLanguage":"de"},{"@type":"Organization","@id":"https:\/\/yasminfood.ch\/de\/#organization","name":"\u064a\u0627\u0633\u0645\u064a\u0646 \u0645\u0627\u0631\u0643\u062a","alternateName":"Yasmin Food","url":"https:\/\/yasminfood.ch\/de\/","logo":{"@type":"ImageObject","inLanguage":"de","@id":"https:\/\/yasminfood.ch\/de\/#\/schema\/logo\/image\/","url":"https:\/\/yasminfood.ch\/wp-content\/uploads\/2025\/05\/yasmin-food-header-logo.png","contentUrl":"https:\/\/yasminfood.ch\/wp-content\/uploads\/2025\/05\/yasmin-food-header-logo.png","width":330,"height":120,"caption":"\u064a\u0627\u0633\u0645\u064a\u0646 \u0645\u0627\u0631\u0643\u062a"},"image":{"@id":"https:\/\/yasminfood.ch\/de\/#\/schema\/logo\/image\/"},"sameAs":["https:\/\/www.facebook.com\/yasminmarkt1","https:\/\/www.tiktok.com\/@yasminmarkt","https:\/\/www.instagram.com\/yasmin.markt1\/","https:\/\/api.whatsapp.com\/send\/?phone=41799000104"],"publishingPrinciples":"https:\/\/yasminfood.ch\/de\/shop\/","ownershipFundingInfo":"https:\/\/yasminfood.ch\/de\/shop\/"}]},"product_price_amount":"3.50","product_price_currency":"CHF","og_availability":"out of stock","product_availability":"out of stock","product_condition":"new"},"jetpack_sharing_enabled":true,"_links":{"self":[{"href":"https:\/\/yasminfood.ch\/de\/wp-json\/wp\/v2\/product\/118842","targetHints":{"allow":["GET"]}}],"collection":[{"href":"https:\/\/yasminfood.ch\/de\/wp-json\/wp\/v2\/product"}],"about":[{"href":"https:\/\/yasminfood.ch\/de\/wp-json\/wp\/v2\/types\/product"}],"replies":[{"embeddable":true,"href":"https:\/\/yasminfood.ch\/de\/wp-json\/wp\/v2\/comments?post=118842"}],"version-history":[{"count":0,"href":"https:\/\/yasminfood.ch\/de\/wp-json\/wp\/v2\/product\/118842\/revisions"}],"wp:featuredmedia":[{"embeddable":true,"href":"https:\/\/yasminfood.ch\/de\/wp-json\/wp\/v2\/media\/120601"}],"wp:attachment":[{"href":"https:\/\/yasminfood.ch\/de\/wp-json\/wp\/v2\/media?parent=118842"}],"wp:term":[{"taxonomy":"product_brand","embeddable":true,"href":"https:\/\/yasminfood.ch\/de\/wp-json\/wp\/v2\/product_brand?post=118842"},{"taxonomy":"product_cat","embeddable":true,"href":"https:\/\/yasminfood.ch\/de\/wp-json\/wp\/v2\/product_cat?post=118842"},{"taxonomy":"product_tag","embeddable":true,"href":"https:\/\/yasminfood.ch\/de\/wp-json\/wp\/v2\/product_tag?post=118842"}],"curies":[{"name":"wp","href":"https:\/\/api.w.org\/{rel}","templated":true}]}}