{"id":118848,"date":"2025-08-08T09:44:56","date_gmt":"2025-08-08T07:44:56","guid":{"rendered":"https:\/\/yasminfood.ch\/product\/grober-griess-800g-ayla\/"},"modified":"2025-08-08T10:08:49","modified_gmt":"2025-08-08T08:08:49","slug":"grober-griess-800g-ayla","status":"publish","type":"product","link":"https:\/\/yasminfood.ch\/de\/product\/grober-griess-800g-ayla\/","title":{"rendered":"Grober Grie\u00df 800g Ayla"},"content":{"rendered":"<p><strong>Grober Grie\u00df 800g Ayla<\/strong><\/p>\n<ul>\n<li>\n<p data-start=\"169\" data-end=\"402\">Bereiten Sie die k\u00f6stlichsten orientalischen und internationalen Gerichte mit grobem Grie\u00df von Ayla Foods zu.<\/p>\n<\/li>\n<li>\n<p data-start=\"169\" data-end=\"402\">Ideal f\u00fcr die Zubereitung von Rub, Kibbeh, Halva und auch f\u00fcr einige traditionelle Brote und Nudeln <\/p>\n<\/li>\n<li>\n<p data-start=\"169\" data-end=\"402\">. Hergestellt aus feinstem Weizen ohne Zusatzstoffe, verleiht es Ihnen die perfekte Zartheit und Textur in jedem Rezept.<\/p>\n<p data-start=\"404\" data-end=\"418\"><strong data-start=\"404\" data-end=\"418\">Leistungsbeschreibung:<\/strong><\/p>\n<ul data-start=\"419\" data-end=\"592\">\n<li data-start=\"419\" data-end=\"445\">\n<p data-start=\"421\" data-end=\"445\">Nettogewicht: 800 g <\/p>\n<\/li>\n<li data-start=\"446\" data-end=\"478\">\n<p data-start=\"448\" data-end=\"478\">Typ: Grober Grie\u00df <\/p>\n<\/li>\n<li data-start=\"479\" data-end=\"496\">\n<p data-start=\"481\" data-end=\"496\">Herkunft: Libanon <\/p>\n<\/li>\n<li data-start=\"497\" data-end=\"530\">\n<p data-start=\"499\" data-end=\"530\">Zutaten: 100% nat\u00fcrlicher Weizengrie\u00df <\/p>\n<\/li>\n<li data-start=\"531\" data-end=\"557\">\n<p data-start=\"533\" data-end=\"557\">Ohne Konservierungsstoffe<\/p>\n<\/li>\n<li data-start=\"558\" data-end=\"592\">\n<p data-start=\"560\" data-end=\"592\">Geeignet f\u00fcr \u00f6stliche und westliche Rezepte<\/p>\n<\/li>\n<\/ul>\n<p data-start=\"594\" data-end=\"714\"><strong data-start=\"594\" data-end=\"615\">Warum Ayla w\u00e4hlen?<\/strong><br data-start=\"615\" data-end=\"618\">\u2713 Perfekte Textur f\u00fcr Kibbeh- und Geb\u00e4ckgerichte<br data-start=\"659\" data-end=\"662\">\u2713 Hohe Qualit\u00e4t und Reinheit garantiert<br data-start=\"686\" data-end=\"689\">\u2713 Jedes Mal k\u00f6stliche Ergebnisse<\/p>\n<\/li>\n<\/ul>\n","protected":false},"excerpt":{"rendered":"<p><strong>Grober Grie\u00df 800g Ayla<\/strong><\/p>\n<ul>\n<li>\n<p data-start=\"169\" data-end=\"402\">Bereiten Sie die k\u00f6stlichsten orientalischen und internationalen Gerichte mit grobem Grie\u00df von Ayla Foods zu.<\/p>\n<\/li>\n<li>\n<p data-start=\"169\" data-end=\"402\">Ideal f\u00fcr die Zubereitung von Rub, Kibbeh, Halva und auch f\u00fcr einige traditionelle Brote und Nudeln <\/p>\n<\/li>\n<\/ul>\n","protected":false},"featured_media":118825,"comment_status":"open","ping_status":"closed","template":"","meta":[],"product_brand":[],"product_cat":[328,320],"product_tag":[],"class_list":{"0":"post-118848","1":"product","2":"type-product","3":"status-publish","4":"has-post-thumbnail","6":"product_cat-gries","7":"product_cat-reis-getreide","9":"first","10":"outofstock","11":"taxable","12":"shipping-taxable","13":"purchasable","14":"product-type-simple"},"yoast_head":"<!-- This site is optimized with the Yoast SEO Premium plugin v26.5 (Yoast SEO v27.6) - https:\/\/yoast.com\/product\/yoast-seo-premium-wordpress\/ -->\n<title>Grober Grie\u00df 800g Ayla - Yasmin Food<\/title>\n<meta name=\"description\" content=\"Bereiten Sie die k\u00f6stlichsten Gerichte mit grobem Grie\u00df 800 g Ayla zu, der sich perfekt zum Reiben und Kibbeh eignet. Genie\u00dfen Sie Geschmack und hohe Qualit\u00e4t bei jedem Rezept! \ud83c\udf3e Yasmin Food\" \/>\n<meta name=\"robots\" content=\"index, follow, max-snippet:-1, max-image-preview:large, max-video-preview:-1\" \/>\n<link rel=\"canonical\" href=\"https:\/\/yasminfood.ch\/de\/product\/grober-griess-800g-ayla\/\" \/>\n<meta property=\"og:locale\" content=\"de_DE\" \/>\n<meta property=\"og:type\" content=\"article\" \/>\n<meta property=\"og:title\" content=\"Grober Grie\u00df 800g Ayla\" \/>\n<meta property=\"og:description\" content=\"Grober Grie\u00df 800g Ayla   Bereiten Sie die k\u00f6stlichsten orientalischen und internationalen Gerichte mit grobem Grie\u00df von Ayla Foods zu.   Ideal f\u00fcr die Zubereitung von Rub, Kibbeh, Halva und auch f\u00fcr einige traditionelle Brote und Nudeln\" \/>\n<meta property=\"og:url\" content=\"https:\/\/yasminfood.ch\/de\/product\/grober-griess-800g-ayla\/\" \/>\n<meta property=\"og:site_name\" content=\"Yasmin Food\" \/>\n<meta property=\"article:publisher\" content=\"https:\/\/www.facebook.com\/yasminmarkt1\" \/>\n<meta property=\"article:modified_time\" content=\"2025-08-08T08:08:49+00:00\" \/>\n<meta property=\"og:image\" content=\"https:\/\/yasminfood.ch\/wp-content\/uploads\/2025\/08\/\u0633\u0645\u064a\u062f-\u062e\u0634\u0646-800\u063a-Ayla.png\" \/>\n\t<meta property=\"og:image:width\" content=\"1350\" \/>\n\t<meta property=\"og:image:height\" content=\"1350\" \/>\n\t<meta property=\"og:image:type\" content=\"image\/png\" \/>\n<meta name=\"twitter:card\" content=\"summary_large_image\" \/>\n<meta name=\"twitter:label1\" content=\"Preis\" \/>\n\t<meta name=\"twitter:data1\" content=\"4.50&nbsp;&#067;&#072;&#070;\" \/>\n\t<meta name=\"twitter:label2\" content=\"Verf\u00fcgbarkeit\" \/>\n\t<meta name=\"twitter:data2\" content=\"ausverkauft\" \/>\n<script type=\"application\/ld+json\" class=\"yoast-schema-graph\">{\"@context\":\"https:\\\/\\\/schema.org\",\"@graph\":[{\"@type\":\"WebPage\",\"@id\":\"https:\\\/\\\/yasminfood.ch\\\/de\\\/product\\\/grober-griess-800g-ayla\\\/\",\"url\":\"https:\\\/\\\/yasminfood.ch\\\/de\\\/product\\\/grober-griess-800g-ayla\\\/\",\"name\":\"Grober Grie\u00df 800g Ayla - Yasmin Food\",\"isPartOf\":{\"@id\":\"https:\\\/\\\/yasminfood.ch\\\/de\\\/#website\"},\"primaryImageOfPage\":{\"@id\":\"https:\\\/\\\/yasminfood.ch\\\/de\\\/product\\\/grober-griess-800g-ayla\\\/#primaryimage\"},\"image\":{\"@id\":\"https:\\\/\\\/yasminfood.ch\\\/de\\\/product\\\/grober-griess-800g-ayla\\\/#primaryimage\"},\"thumbnailUrl\":\"https:\\\/\\\/yasminfood.ch\\\/wp-content\\\/uploads\\\/2025\\\/08\\\/\u0633\u0645\u064a\u062f-\u062e\u0634\u0646-800\u063a-Ayla.png\",\"datePublished\":\"2025-08-08T07:44:56+00:00\",\"dateModified\":\"2025-08-08T08:08:49+00:00\",\"description\":\"Bereiten Sie die k\u00f6stlichsten Gerichte mit grobem Grie\u00df 800 g Ayla zu, der sich perfekt zum Reiben und Kibbeh eignet. Genie\u00dfen Sie Geschmack und hohe Qualit\u00e4t bei jedem Rezept! \ud83c\udf3e Yasmin Food\",\"breadcrumb\":{\"@id\":\"https:\\\/\\\/yasminfood.ch\\\/de\\\/product\\\/grober-griess-800g-ayla\\\/#breadcrumb\"},\"inLanguage\":\"de\",\"potentialAction\":[{\"@type\":\"ReadAction\",\"target\":[\"https:\\\/\\\/yasminfood.ch\\\/de\\\/product\\\/grober-griess-800g-ayla\\\/\"]}]},{\"@type\":\"ImageObject\",\"inLanguage\":\"de\",\"@id\":\"https:\\\/\\\/yasminfood.ch\\\/de\\\/product\\\/grober-griess-800g-ayla\\\/#primaryimage\",\"url\":\"https:\\\/\\\/yasminfood.ch\\\/wp-content\\\/uploads\\\/2025\\\/08\\\/\u0633\u0645\u064a\u062f-\u062e\u0634\u0646-800\u063a-Ayla.png\",\"contentUrl\":\"https:\\\/\\\/yasminfood.ch\\\/wp-content\\\/uploads\\\/2025\\\/08\\\/\u0633\u0645\u064a\u062f-\u062e\u0634\u0646-800\u063a-Ayla.png\",\"width\":1350,\"height\":1350,\"caption\":\"Grober Grie\u00df 800g Ayla\"},{\"@type\":\"BreadcrumbList\",\"@id\":\"https:\\\/\\\/yasminfood.ch\\\/de\\\/product\\\/grober-griess-800g-ayla\\\/#breadcrumb\",\"itemListElement\":[{\"@type\":\"ListItem\",\"position\":1,\"name\":\"\u0627\u0644\u0631\u0626\u064a\u0633\u064a\u0629\",\"item\":\"https:\\\/\\\/yasminfood.ch\\\/de\\\/zuhause\\\/\"},{\"@type\":\"ListItem\",\"position\":2,\"name\":\"Shop\",\"item\":\"https:\\\/\\\/yasminfood.ch\\\/de\\\/shop\\\/\"},{\"@type\":\"ListItem\",\"position\":3,\"name\":\"Reis &amp; Getreide\",\"item\":\"https:\\\/\\\/yasminfood.ch\\\/de\\\/produkt-kategorie\\\/reis-getreide\\\/\"},{\"@type\":\"ListItem\",\"position\":4,\"name\":\"Grie\u00df\",\"item\":\"https:\\\/\\\/yasminfood.ch\\\/de\\\/produkt-kategorie\\\/reis-getreide\\\/gries\\\/\"},{\"@type\":\"ListItem\",\"position\":5,\"name\":\"Grober Grie\u00df 800g Ayla\"}]},{\"@type\":\"WebSite\",\"@id\":\"https:\\\/\\\/yasminfood.ch\\\/de\\\/#website\",\"url\":\"https:\\\/\\\/yasminfood.ch\\\/de\\\/\",\"name\":\"\u064a\u0627\u0633\u0645\u064a\u0646 \u0645\u0627\u0631\u0643\u062a\",\"description\":\"Alles, was Sie brauchen, an einem Ort\",\"publisher\":{\"@id\":\"https:\\\/\\\/yasminfood.ch\\\/de\\\/#organization\"},\"alternateName\":\"Yasmin Food\",\"potentialAction\":[{\"@type\":\"SearchAction\",\"target\":{\"@type\":\"EntryPoint\",\"urlTemplate\":\"https:\\\/\\\/yasminfood.ch\\\/de\\\/?s={search_term_string}\"},\"query-input\":{\"@type\":\"PropertyValueSpecification\",\"valueRequired\":true,\"valueName\":\"search_term_string\"}}],\"inLanguage\":\"de\"},{\"@type\":\"Organization\",\"@id\":\"https:\\\/\\\/yasminfood.ch\\\/de\\\/#organization\",\"name\":\"\u064a\u0627\u0633\u0645\u064a\u0646 \u0645\u0627\u0631\u0643\u062a\",\"alternateName\":\"Yasmin Food\",\"url\":\"https:\\\/\\\/yasminfood.ch\\\/de\\\/\",\"logo\":{\"@type\":\"ImageObject\",\"inLanguage\":\"de\",\"@id\":\"https:\\\/\\\/yasminfood.ch\\\/de\\\/#\\\/schema\\\/logo\\\/image\\\/\",\"url\":\"https:\\\/\\\/yasminfood.ch\\\/wp-content\\\/uploads\\\/2025\\\/05\\\/yasmin-food-header-logo.png\",\"contentUrl\":\"https:\\\/\\\/yasminfood.ch\\\/wp-content\\\/uploads\\\/2025\\\/05\\\/yasmin-food-header-logo.png\",\"width\":330,\"height\":120,\"caption\":\"\u064a\u0627\u0633\u0645\u064a\u0646 \u0645\u0627\u0631\u0643\u062a\"},\"image\":{\"@id\":\"https:\\\/\\\/yasminfood.ch\\\/de\\\/#\\\/schema\\\/logo\\\/image\\\/\"},\"sameAs\":[\"https:\\\/\\\/www.facebook.com\\\/yasminmarkt1\",\"https:\\\/\\\/www.tiktok.com\\\/@yasminmarkt\",\"https:\\\/\\\/www.instagram.com\\\/yasmin.markt1\\\/\",\"https:\\\/\\\/api.whatsapp.com\\\/send\\\/?phone=41799000104\"],\"publishingPrinciples\":\"https:\\\/\\\/yasminfood.ch\\\/de\\\/shop\\\/\",\"ownershipFundingInfo\":\"https:\\\/\\\/yasminfood.ch\\\/de\\\/shop\\\/\"}]}<\/script>\n<meta property=\"product:price:amount\" content=\"4.50\" \/>\n<meta property=\"product:price:currency\" content=\"CHF\" \/>\n<meta property=\"og:availability\" content=\"out of stock\" \/>\n<meta property=\"product:availability\" content=\"out of stock\" \/>\n<meta property=\"product:condition\" content=\"new\" \/>\n<!-- \/ Yoast SEO Premium plugin. -->","yoast_head_json":{"title":"Grober Grie\u00df 800g Ayla - Yasmin Food","description":"Bereiten Sie die k\u00f6stlichsten Gerichte mit grobem Grie\u00df 800 g Ayla zu, der sich perfekt zum Reiben und Kibbeh eignet. Genie\u00dfen Sie Geschmack und hohe Qualit\u00e4t bei jedem Rezept! \ud83c\udf3e Yasmin Food","robots":{"index":"index","follow":"follow","max-snippet":"max-snippet:-1","max-image-preview":"max-image-preview:large","max-video-preview":"max-video-preview:-1"},"canonical":"https:\/\/yasminfood.ch\/de\/product\/grober-griess-800g-ayla\/","og_locale":"de_DE","og_type":"article","og_title":"Grober Grie\u00df 800g Ayla","og_description":"Grober Grie\u00df 800g Ayla   Bereiten Sie die k\u00f6stlichsten orientalischen und internationalen Gerichte mit grobem Grie\u00df von Ayla Foods zu.   Ideal f\u00fcr die Zubereitung von Rub, Kibbeh, Halva und auch f\u00fcr einige traditionelle Brote und Nudeln","og_url":"https:\/\/yasminfood.ch\/de\/product\/grober-griess-800g-ayla\/","og_site_name":"Yasmin Food","article_publisher":"https:\/\/www.facebook.com\/yasminmarkt1","article_modified_time":"2025-08-08T08:08:49+00:00","og_image":[{"width":1350,"height":1350,"url":"https:\/\/yasminfood.ch\/wp-content\/uploads\/2025\/08\/\u0633\u0645\u064a\u062f-\u062e\u0634\u0646-800\u063a-Ayla.png","type":"image\/png"}],"twitter_card":"summary_large_image","twitter_misc":{"Preis":"4.50&nbsp;&#67;&#72;&#70;","Verf\u00fcgbarkeit":"ausverkauft"},"schema":{"@context":"https:\/\/schema.org","@graph":[{"@type":"WebPage","@id":"https:\/\/yasminfood.ch\/de\/product\/grober-griess-800g-ayla\/","url":"https:\/\/yasminfood.ch\/de\/product\/grober-griess-800g-ayla\/","name":"Grober Grie\u00df 800g Ayla - Yasmin Food","isPartOf":{"@id":"https:\/\/yasminfood.ch\/de\/#website"},"primaryImageOfPage":{"@id":"https:\/\/yasminfood.ch\/de\/product\/grober-griess-800g-ayla\/#primaryimage"},"image":{"@id":"https:\/\/yasminfood.ch\/de\/product\/grober-griess-800g-ayla\/#primaryimage"},"thumbnailUrl":"https:\/\/yasminfood.ch\/wp-content\/uploads\/2025\/08\/\u0633\u0645\u064a\u062f-\u062e\u0634\u0646-800\u063a-Ayla.png","datePublished":"2025-08-08T07:44:56+00:00","dateModified":"2025-08-08T08:08:49+00:00","description":"Bereiten Sie die k\u00f6stlichsten Gerichte mit grobem Grie\u00df 800 g Ayla zu, der sich perfekt zum Reiben und Kibbeh eignet. Genie\u00dfen Sie Geschmack und hohe Qualit\u00e4t bei jedem Rezept! \ud83c\udf3e Yasmin Food","breadcrumb":{"@id":"https:\/\/yasminfood.ch\/de\/product\/grober-griess-800g-ayla\/#breadcrumb"},"inLanguage":"de","potentialAction":[{"@type":"ReadAction","target":["https:\/\/yasminfood.ch\/de\/product\/grober-griess-800g-ayla\/"]}]},{"@type":"ImageObject","inLanguage":"de","@id":"https:\/\/yasminfood.ch\/de\/product\/grober-griess-800g-ayla\/#primaryimage","url":"https:\/\/yasminfood.ch\/wp-content\/uploads\/2025\/08\/\u0633\u0645\u064a\u062f-\u062e\u0634\u0646-800\u063a-Ayla.png","contentUrl":"https:\/\/yasminfood.ch\/wp-content\/uploads\/2025\/08\/\u0633\u0645\u064a\u062f-\u062e\u0634\u0646-800\u063a-Ayla.png","width":1350,"height":1350,"caption":"Grober Grie\u00df 800g Ayla"},{"@type":"BreadcrumbList","@id":"https:\/\/yasminfood.ch\/de\/product\/grober-griess-800g-ayla\/#breadcrumb","itemListElement":[{"@type":"ListItem","position":1,"name":"\u0627\u0644\u0631\u0626\u064a\u0633\u064a\u0629","item":"https:\/\/yasminfood.ch\/de\/zuhause\/"},{"@type":"ListItem","position":2,"name":"Shop","item":"https:\/\/yasminfood.ch\/de\/shop\/"},{"@type":"ListItem","position":3,"name":"Reis &amp; Getreide","item":"https:\/\/yasminfood.ch\/de\/produkt-kategorie\/reis-getreide\/"},{"@type":"ListItem","position":4,"name":"Grie\u00df","item":"https:\/\/yasminfood.ch\/de\/produkt-kategorie\/reis-getreide\/gries\/"},{"@type":"ListItem","position":5,"name":"Grober Grie\u00df 800g Ayla"}]},{"@type":"WebSite","@id":"https:\/\/yasminfood.ch\/de\/#website","url":"https:\/\/yasminfood.ch\/de\/","name":"\u064a\u0627\u0633\u0645\u064a\u0646 \u0645\u0627\u0631\u0643\u062a","description":"Alles, was Sie brauchen, an einem Ort","publisher":{"@id":"https:\/\/yasminfood.ch\/de\/#organization"},"alternateName":"Yasmin Food","potentialAction":[{"@type":"SearchAction","target":{"@type":"EntryPoint","urlTemplate":"https:\/\/yasminfood.ch\/de\/?s={search_term_string}"},"query-input":{"@type":"PropertyValueSpecification","valueRequired":true,"valueName":"search_term_string"}}],"inLanguage":"de"},{"@type":"Organization","@id":"https:\/\/yasminfood.ch\/de\/#organization","name":"\u064a\u0627\u0633\u0645\u064a\u0646 \u0645\u0627\u0631\u0643\u062a","alternateName":"Yasmin Food","url":"https:\/\/yasminfood.ch\/de\/","logo":{"@type":"ImageObject","inLanguage":"de","@id":"https:\/\/yasminfood.ch\/de\/#\/schema\/logo\/image\/","url":"https:\/\/yasminfood.ch\/wp-content\/uploads\/2025\/05\/yasmin-food-header-logo.png","contentUrl":"https:\/\/yasminfood.ch\/wp-content\/uploads\/2025\/05\/yasmin-food-header-logo.png","width":330,"height":120,"caption":"\u064a\u0627\u0633\u0645\u064a\u0646 \u0645\u0627\u0631\u0643\u062a"},"image":{"@id":"https:\/\/yasminfood.ch\/de\/#\/schema\/logo\/image\/"},"sameAs":["https:\/\/www.facebook.com\/yasminmarkt1","https:\/\/www.tiktok.com\/@yasminmarkt","https:\/\/www.instagram.com\/yasmin.markt1\/","https:\/\/api.whatsapp.com\/send\/?phone=41799000104"],"publishingPrinciples":"https:\/\/yasminfood.ch\/de\/shop\/","ownershipFundingInfo":"https:\/\/yasminfood.ch\/de\/shop\/"}]},"product_price_amount":"4.50","product_price_currency":"CHF","og_availability":"out of stock","product_availability":"out of stock","product_condition":"new"},"jetpack_sharing_enabled":true,"_links":{"self":[{"href":"https:\/\/yasminfood.ch\/de\/wp-json\/wp\/v2\/product\/118848","targetHints":{"allow":["GET"]}}],"collection":[{"href":"https:\/\/yasminfood.ch\/de\/wp-json\/wp\/v2\/product"}],"about":[{"href":"https:\/\/yasminfood.ch\/de\/wp-json\/wp\/v2\/types\/product"}],"replies":[{"embeddable":true,"href":"https:\/\/yasminfood.ch\/de\/wp-json\/wp\/v2\/comments?post=118848"}],"version-history":[{"count":0,"href":"https:\/\/yasminfood.ch\/de\/wp-json\/wp\/v2\/product\/118848\/revisions"}],"wp:featuredmedia":[{"embeddable":true,"href":"https:\/\/yasminfood.ch\/de\/wp-json\/wp\/v2\/media\/118825"}],"wp:attachment":[{"href":"https:\/\/yasminfood.ch\/de\/wp-json\/wp\/v2\/media?parent=118848"}],"wp:term":[{"taxonomy":"product_brand","embeddable":true,"href":"https:\/\/yasminfood.ch\/de\/wp-json\/wp\/v2\/product_brand?post=118848"},{"taxonomy":"product_cat","embeddable":true,"href":"https:\/\/yasminfood.ch\/de\/wp-json\/wp\/v2\/product_cat?post=118848"},{"taxonomy":"product_tag","embeddable":true,"href":"https:\/\/yasminfood.ch\/de\/wp-json\/wp\/v2\/product_tag?post=118848"}],"curies":[{"name":"wp","href":"https:\/\/api.w.org\/{rel}","templated":true}]}}