{"id":118888,"date":"2025-08-08T12:18:03","date_gmt":"2025-08-08T10:18:03","guid":{"rendered":"https:\/\/yasminfood.ch\/product\/riesenreiniger-1-kg-gruen\/"},"modified":"2025-08-08T12:19:47","modified_gmt":"2025-08-08T10:19:47","slug":"riesenreiniger-1-kg-gruen","status":"publish","type":"product","link":"https:\/\/yasminfood.ch\/de\/product\/riesenreiniger-1-kg-gruen\/","title":{"rendered":"Riesenreiniger 1 kg (gr\u00fcn)"},"content":{"rendered":"<p><strong>Riesenreiniger 1 kg (gr\u00fcn)<\/strong><\/p>\n<ul>\n<li>\n<p data-start=\"92\" data-end=\"391\">Vollkommene Sauberkeit und ein Glanz, der anh\u00e4lt!<\/p>\n<\/li>\n<li>\n<p data-start=\"92\" data-end=\"391\">Der <em data-start=\"192\" data-end=\"213\">Green Giant Cleaner<\/em> wird mit einer wirksamen Formel geliefert, die die hartn\u00e4ckigsten Flecken und Verschmutzungen beseitigt.<\/p>\n<\/li>\n<li>\n<p data-start=\"92\" data-end=\"391\">Verleiht Ihnen eine gr\u00fcndliche Reinigung und einen gl\u00e4nzenden Glanz bei jeder Anwendung. Der Raum eignet sich ideal f\u00fcr die Reinigung von B\u00f6den, Oberfl\u00e4chen, B\u00e4dern und K\u00fcchen und verleiht dem Raum einen frischen Duft, der anh\u00e4lt.   <\/p>\n<p data-start=\"393\" data-end=\"533\">\ud83e\uddfc <strong data-start=\"396\" data-end=\"415\">Geballte Reinigungskraft<\/strong><br data-start=\"415\" data-end=\"418\">\ud83c\udf43 <strong data-start=\"421\" data-end=\"448\">Frischer, langanhaltender Duft<\/strong><br data-start=\"448\" data-end=\"451\">\ud83d\udce6 <strong data-start=\"454\" data-end=\"491\">1 kg \u2013 ergiebig und langlebig<\/strong><br data-start=\"491\" data-end=\"494\">\ud83c\udfe0 <strong data-start=\"497\" data-end=\"533\">Ideal f\u00fcr den privaten und gesch\u00e4ftlichen Gebrauch<\/strong><\/p>\n<p data-start=\"535\" data-end=\"597\">Entscheiden Sie sich f\u00fcr den Green Giant Cleaner f\u00fcr garantierte Reinigungsergebnisse jedes Mal!<\/p>\n<\/li>\n<\/ul>\n<div class=\"d-flex flex-column flex-lg-row product-features\"><\/div>\n","protected":false},"excerpt":{"rendered":"<p><strong>Riesenreiniger 1 kg (gr\u00fcn)<\/strong><\/p>\n<ul>\n<li>\n<p data-start=\"92\" data-end=\"391\">Vollkommene Sauberkeit und ein Glanz, der anh\u00e4lt!<\/p>\n<\/li>\n<li>\n<p data-start=\"92\" data-end=\"391\">Der <em data-start=\"192\" data-end=\"213\">Green Giant Cleaner<\/em> wird mit einer wirksamen Formel geliefert, die die hartn\u00e4ckigsten Flecken und Verschmutzungen beseitigt.<\/p>\n<\/li>\n<\/ul>\n","protected":false},"featured_media":118886,"comment_status":"open","ping_status":"closed","template":"","meta":[],"product_brand":[],"product_cat":[388,908],"product_tag":[],"class_list":{"0":"post-118888","1":"product","2":"type-product","3":"status-publish","4":"has-post-thumbnail","6":"product_cat-nonfood","7":"product_cat-waschmittel","9":"first","10":"outofstock","11":"taxable","12":"shipping-taxable","13":"purchasable","14":"product-type-simple"},"yoast_head":"<!-- This site is optimized with the Yoast SEO Premium plugin v26.5 (Yoast SEO v27.5) - https:\/\/yoast.com\/product\/yoast-seo-premium-wordpress\/ -->\n<title>Riesenreiniger 1 kg (gr\u00fcn) - Yasmin Food<\/title>\n<meta name=\"description\" content=\"Genie\u00dfen Sie absolute Sauberkeit mit dem Giant Cleaner 1 Kg (Gr\u00fcn)! Effektive Formel f\u00fcr zus\u00e4tzlichen Glanz und Stil bei jeder Anwendung. Holen Sie es sich jetzt! Yasmin Food\" \/>\n<meta name=\"robots\" content=\"index, follow, max-snippet:-1, max-image-preview:large, max-video-preview:-1\" \/>\n<link rel=\"canonical\" href=\"https:\/\/yasminfood.ch\/de\/product\/riesenreiniger-1-kg-gruen\/\" \/>\n<meta property=\"og:locale\" content=\"de_DE\" \/>\n<meta property=\"og:type\" content=\"article\" \/>\n<meta property=\"og:title\" content=\"Riesenreiniger 1 kg (gr\u00fcn)\" \/>\n<meta property=\"og:description\" content=\"Riesenreiniger 1 kg (gr\u00fcn)   Vollkommene Sauberkeit und ein Glanz, der anh\u00e4lt!   Der Green Giant Cleaner wird mit einer wirksamen Formel geliefert, die die hartn\u00e4ckigsten Flecken und Verschmutzungen beseitigt.\" \/>\n<meta property=\"og:url\" content=\"https:\/\/yasminfood.ch\/de\/product\/riesenreiniger-1-kg-gruen\/\" \/>\n<meta property=\"og:site_name\" content=\"Yasmin Food\" \/>\n<meta property=\"article:publisher\" content=\"https:\/\/www.facebook.com\/yasminmarkt1\" \/>\n<meta property=\"article:modified_time\" content=\"2025-08-08T10:19:47+00:00\" \/>\n<meta property=\"og:image\" content=\"https:\/\/yasminfood.ch\/wp-content\/uploads\/2025\/08\/\u0645\u0646\u0638\u0641-\u0627\u0644\u0639\u0645\u0644\u0627\u0642-1-\u0643\u064a\u0644\u0648-\u0627\u062e\u0636\u0631.jpg\" \/>\n\t<meta property=\"og:image:width\" content=\"1000\" \/>\n\t<meta property=\"og:image:height\" content=\"1000\" \/>\n\t<meta property=\"og:image:type\" content=\"image\/jpeg\" \/>\n<meta name=\"twitter:card\" content=\"summary_large_image\" \/>\n<meta name=\"twitter:label1\" content=\"Preis\" \/>\n\t<meta name=\"twitter:data1\" content=\"7.00&nbsp;&#067;&#072;&#070;\" \/>\n\t<meta name=\"twitter:label2\" content=\"Verf\u00fcgbarkeit\" \/>\n\t<meta name=\"twitter:data2\" content=\"ausverkauft\" \/>\n<script type=\"application\/ld+json\" class=\"yoast-schema-graph\">{\"@context\":\"https:\\\/\\\/schema.org\",\"@graph\":[{\"@type\":\"WebPage\",\"@id\":\"https:\\\/\\\/yasminfood.ch\\\/de\\\/product\\\/riesenreiniger-1-kg-gruen\\\/\",\"url\":\"https:\\\/\\\/yasminfood.ch\\\/de\\\/product\\\/riesenreiniger-1-kg-gruen\\\/\",\"name\":\"Riesenreiniger 1 kg (gr\u00fcn) - Yasmin Food\",\"isPartOf\":{\"@id\":\"https:\\\/\\\/yasminfood.ch\\\/de\\\/#website\"},\"primaryImageOfPage\":{\"@id\":\"https:\\\/\\\/yasminfood.ch\\\/de\\\/product\\\/riesenreiniger-1-kg-gruen\\\/#primaryimage\"},\"image\":{\"@id\":\"https:\\\/\\\/yasminfood.ch\\\/de\\\/product\\\/riesenreiniger-1-kg-gruen\\\/#primaryimage\"},\"thumbnailUrl\":\"https:\\\/\\\/yasminfood.ch\\\/wp-content\\\/uploads\\\/2025\\\/08\\\/\u0645\u0646\u0638\u0641-\u0627\u0644\u0639\u0645\u0644\u0627\u0642-1-\u0643\u064a\u0644\u0648-\u0627\u062e\u0636\u0631.jpg\",\"datePublished\":\"2025-08-08T10:18:03+00:00\",\"dateModified\":\"2025-08-08T10:19:47+00:00\",\"description\":\"Genie\u00dfen Sie absolute Sauberkeit mit dem Giant Cleaner 1 Kg (Gr\u00fcn)! Effektive Formel f\u00fcr zus\u00e4tzlichen Glanz und Stil bei jeder Anwendung. Holen Sie es sich jetzt! Yasmin Food\",\"breadcrumb\":{\"@id\":\"https:\\\/\\\/yasminfood.ch\\\/de\\\/product\\\/riesenreiniger-1-kg-gruen\\\/#breadcrumb\"},\"inLanguage\":\"de\",\"potentialAction\":[{\"@type\":\"ReadAction\",\"target\":[\"https:\\\/\\\/yasminfood.ch\\\/de\\\/product\\\/riesenreiniger-1-kg-gruen\\\/\"]}]},{\"@type\":\"ImageObject\",\"inLanguage\":\"de\",\"@id\":\"https:\\\/\\\/yasminfood.ch\\\/de\\\/product\\\/riesenreiniger-1-kg-gruen\\\/#primaryimage\",\"url\":\"https:\\\/\\\/yasminfood.ch\\\/wp-content\\\/uploads\\\/2025\\\/08\\\/\u0645\u0646\u0638\u0641-\u0627\u0644\u0639\u0645\u0644\u0627\u0642-1-\u0643\u064a\u0644\u0648-\u0627\u062e\u0636\u0631.jpg\",\"contentUrl\":\"https:\\\/\\\/yasminfood.ch\\\/wp-content\\\/uploads\\\/2025\\\/08\\\/\u0645\u0646\u0638\u0641-\u0627\u0644\u0639\u0645\u0644\u0627\u0642-1-\u0643\u064a\u0644\u0648-\u0627\u062e\u0636\u0631.jpg\",\"width\":1000,\"height\":1000,\"caption\":\"Riesenreiniger 1 kg (gr\u00fcn)\"},{\"@type\":\"BreadcrumbList\",\"@id\":\"https:\\\/\\\/yasminfood.ch\\\/de\\\/product\\\/riesenreiniger-1-kg-gruen\\\/#breadcrumb\",\"itemListElement\":[{\"@type\":\"ListItem\",\"position\":1,\"name\":\"\u0627\u0644\u0631\u0626\u064a\u0633\u064a\u0629\",\"item\":\"https:\\\/\\\/yasminfood.ch\\\/de\\\/zuhause\\\/\"},{\"@type\":\"ListItem\",\"position\":2,\"name\":\"Shop\",\"item\":\"https:\\\/\\\/yasminfood.ch\\\/de\\\/shop\\\/\"},{\"@type\":\"ListItem\",\"position\":3,\"name\":\"Nonfood\",\"item\":\"https:\\\/\\\/yasminfood.ch\\\/de\\\/produkt-kategorie\\\/nonfood\\\/\"},{\"@type\":\"ListItem\",\"position\":4,\"name\":\"Waschmittel\",\"item\":\"https:\\\/\\\/yasminfood.ch\\\/de\\\/produkt-kategorie\\\/nonfood\\\/waschmittel\\\/\"},{\"@type\":\"ListItem\",\"position\":5,\"name\":\"Riesenreiniger 1 kg (gr\u00fcn)\"}]},{\"@type\":\"WebSite\",\"@id\":\"https:\\\/\\\/yasminfood.ch\\\/de\\\/#website\",\"url\":\"https:\\\/\\\/yasminfood.ch\\\/de\\\/\",\"name\":\"\u064a\u0627\u0633\u0645\u064a\u0646 \u0645\u0627\u0631\u0643\u062a\",\"description\":\"Alles, was Sie brauchen, an einem Ort\",\"publisher\":{\"@id\":\"https:\\\/\\\/yasminfood.ch\\\/de\\\/#organization\"},\"alternateName\":\"Yasmin Food\",\"potentialAction\":[{\"@type\":\"SearchAction\",\"target\":{\"@type\":\"EntryPoint\",\"urlTemplate\":\"https:\\\/\\\/yasminfood.ch\\\/de\\\/?s={search_term_string}\"},\"query-input\":{\"@type\":\"PropertyValueSpecification\",\"valueRequired\":true,\"valueName\":\"search_term_string\"}}],\"inLanguage\":\"de\"},{\"@type\":\"Organization\",\"@id\":\"https:\\\/\\\/yasminfood.ch\\\/de\\\/#organization\",\"name\":\"\u064a\u0627\u0633\u0645\u064a\u0646 \u0645\u0627\u0631\u0643\u062a\",\"alternateName\":\"Yasmin Food\",\"url\":\"https:\\\/\\\/yasminfood.ch\\\/de\\\/\",\"logo\":{\"@type\":\"ImageObject\",\"inLanguage\":\"de\",\"@id\":\"https:\\\/\\\/yasminfood.ch\\\/de\\\/#\\\/schema\\\/logo\\\/image\\\/\",\"url\":\"https:\\\/\\\/yasminfood.ch\\\/wp-content\\\/uploads\\\/2025\\\/05\\\/yasmin-food-header-logo.png\",\"contentUrl\":\"https:\\\/\\\/yasminfood.ch\\\/wp-content\\\/uploads\\\/2025\\\/05\\\/yasmin-food-header-logo.png\",\"width\":330,\"height\":120,\"caption\":\"\u064a\u0627\u0633\u0645\u064a\u0646 \u0645\u0627\u0631\u0643\u062a\"},\"image\":{\"@id\":\"https:\\\/\\\/yasminfood.ch\\\/de\\\/#\\\/schema\\\/logo\\\/image\\\/\"},\"sameAs\":[\"https:\\\/\\\/www.facebook.com\\\/yasminmarkt1\",\"https:\\\/\\\/www.tiktok.com\\\/@yasminmarkt\",\"https:\\\/\\\/www.instagram.com\\\/yasmin.markt1\\\/\",\"https:\\\/\\\/api.whatsapp.com\\\/send\\\/?phone=41799000104\"],\"publishingPrinciples\":\"https:\\\/\\\/yasminfood.ch\\\/de\\\/shop\\\/\",\"ownershipFundingInfo\":\"https:\\\/\\\/yasminfood.ch\\\/de\\\/shop\\\/\"}]}<\/script>\n<meta property=\"product:price:amount\" content=\"7.00\" \/>\n<meta property=\"product:price:currency\" content=\"CHF\" \/>\n<meta property=\"og:availability\" content=\"out of stock\" \/>\n<meta property=\"product:availability\" content=\"out of stock\" \/>\n<meta property=\"product:condition\" content=\"new\" \/>\n<!-- \/ Yoast SEO Premium plugin. -->","yoast_head_json":{"title":"Riesenreiniger 1 kg (gr\u00fcn) - Yasmin Food","description":"Genie\u00dfen Sie absolute Sauberkeit mit dem Giant Cleaner 1 Kg (Gr\u00fcn)! Effektive Formel f\u00fcr zus\u00e4tzlichen Glanz und Stil bei jeder Anwendung. Holen Sie es sich jetzt! Yasmin Food","robots":{"index":"index","follow":"follow","max-snippet":"max-snippet:-1","max-image-preview":"max-image-preview:large","max-video-preview":"max-video-preview:-1"},"canonical":"https:\/\/yasminfood.ch\/de\/product\/riesenreiniger-1-kg-gruen\/","og_locale":"de_DE","og_type":"article","og_title":"Riesenreiniger 1 kg (gr\u00fcn)","og_description":"Riesenreiniger 1 kg (gr\u00fcn)   Vollkommene Sauberkeit und ein Glanz, der anh\u00e4lt!   Der Green Giant Cleaner wird mit einer wirksamen Formel geliefert, die die hartn\u00e4ckigsten Flecken und Verschmutzungen beseitigt.","og_url":"https:\/\/yasminfood.ch\/de\/product\/riesenreiniger-1-kg-gruen\/","og_site_name":"Yasmin Food","article_publisher":"https:\/\/www.facebook.com\/yasminmarkt1","article_modified_time":"2025-08-08T10:19:47+00:00","og_image":[{"width":1000,"height":1000,"url":"https:\/\/yasminfood.ch\/wp-content\/uploads\/2025\/08\/\u0645\u0646\u0638\u0641-\u0627\u0644\u0639\u0645\u0644\u0627\u0642-1-\u0643\u064a\u0644\u0648-\u0627\u062e\u0636\u0631.jpg","type":"image\/jpeg"}],"twitter_card":"summary_large_image","twitter_misc":{"Preis":"7.00&nbsp;&#67;&#72;&#70;","Verf\u00fcgbarkeit":"ausverkauft"},"schema":{"@context":"https:\/\/schema.org","@graph":[{"@type":"WebPage","@id":"https:\/\/yasminfood.ch\/de\/product\/riesenreiniger-1-kg-gruen\/","url":"https:\/\/yasminfood.ch\/de\/product\/riesenreiniger-1-kg-gruen\/","name":"Riesenreiniger 1 kg (gr\u00fcn) - Yasmin Food","isPartOf":{"@id":"https:\/\/yasminfood.ch\/de\/#website"},"primaryImageOfPage":{"@id":"https:\/\/yasminfood.ch\/de\/product\/riesenreiniger-1-kg-gruen\/#primaryimage"},"image":{"@id":"https:\/\/yasminfood.ch\/de\/product\/riesenreiniger-1-kg-gruen\/#primaryimage"},"thumbnailUrl":"https:\/\/yasminfood.ch\/wp-content\/uploads\/2025\/08\/\u0645\u0646\u0638\u0641-\u0627\u0644\u0639\u0645\u0644\u0627\u0642-1-\u0643\u064a\u0644\u0648-\u0627\u062e\u0636\u0631.jpg","datePublished":"2025-08-08T10:18:03+00:00","dateModified":"2025-08-08T10:19:47+00:00","description":"Genie\u00dfen Sie absolute Sauberkeit mit dem Giant Cleaner 1 Kg (Gr\u00fcn)! Effektive Formel f\u00fcr zus\u00e4tzlichen Glanz und Stil bei jeder Anwendung. Holen Sie es sich jetzt! Yasmin Food","breadcrumb":{"@id":"https:\/\/yasminfood.ch\/de\/product\/riesenreiniger-1-kg-gruen\/#breadcrumb"},"inLanguage":"de","potentialAction":[{"@type":"ReadAction","target":["https:\/\/yasminfood.ch\/de\/product\/riesenreiniger-1-kg-gruen\/"]}]},{"@type":"ImageObject","inLanguage":"de","@id":"https:\/\/yasminfood.ch\/de\/product\/riesenreiniger-1-kg-gruen\/#primaryimage","url":"https:\/\/yasminfood.ch\/wp-content\/uploads\/2025\/08\/\u0645\u0646\u0638\u0641-\u0627\u0644\u0639\u0645\u0644\u0627\u0642-1-\u0643\u064a\u0644\u0648-\u0627\u062e\u0636\u0631.jpg","contentUrl":"https:\/\/yasminfood.ch\/wp-content\/uploads\/2025\/08\/\u0645\u0646\u0638\u0641-\u0627\u0644\u0639\u0645\u0644\u0627\u0642-1-\u0643\u064a\u0644\u0648-\u0627\u062e\u0636\u0631.jpg","width":1000,"height":1000,"caption":"Riesenreiniger 1 kg (gr\u00fcn)"},{"@type":"BreadcrumbList","@id":"https:\/\/yasminfood.ch\/de\/product\/riesenreiniger-1-kg-gruen\/#breadcrumb","itemListElement":[{"@type":"ListItem","position":1,"name":"\u0627\u0644\u0631\u0626\u064a\u0633\u064a\u0629","item":"https:\/\/yasminfood.ch\/de\/zuhause\/"},{"@type":"ListItem","position":2,"name":"Shop","item":"https:\/\/yasminfood.ch\/de\/shop\/"},{"@type":"ListItem","position":3,"name":"Nonfood","item":"https:\/\/yasminfood.ch\/de\/produkt-kategorie\/nonfood\/"},{"@type":"ListItem","position":4,"name":"Waschmittel","item":"https:\/\/yasminfood.ch\/de\/produkt-kategorie\/nonfood\/waschmittel\/"},{"@type":"ListItem","position":5,"name":"Riesenreiniger 1 kg (gr\u00fcn)"}]},{"@type":"WebSite","@id":"https:\/\/yasminfood.ch\/de\/#website","url":"https:\/\/yasminfood.ch\/de\/","name":"\u064a\u0627\u0633\u0645\u064a\u0646 \u0645\u0627\u0631\u0643\u062a","description":"Alles, was Sie brauchen, an einem Ort","publisher":{"@id":"https:\/\/yasminfood.ch\/de\/#organization"},"alternateName":"Yasmin Food","potentialAction":[{"@type":"SearchAction","target":{"@type":"EntryPoint","urlTemplate":"https:\/\/yasminfood.ch\/de\/?s={search_term_string}"},"query-input":{"@type":"PropertyValueSpecification","valueRequired":true,"valueName":"search_term_string"}}],"inLanguage":"de"},{"@type":"Organization","@id":"https:\/\/yasminfood.ch\/de\/#organization","name":"\u064a\u0627\u0633\u0645\u064a\u0646 \u0645\u0627\u0631\u0643\u062a","alternateName":"Yasmin Food","url":"https:\/\/yasminfood.ch\/de\/","logo":{"@type":"ImageObject","inLanguage":"de","@id":"https:\/\/yasminfood.ch\/de\/#\/schema\/logo\/image\/","url":"https:\/\/yasminfood.ch\/wp-content\/uploads\/2025\/05\/yasmin-food-header-logo.png","contentUrl":"https:\/\/yasminfood.ch\/wp-content\/uploads\/2025\/05\/yasmin-food-header-logo.png","width":330,"height":120,"caption":"\u064a\u0627\u0633\u0645\u064a\u0646 \u0645\u0627\u0631\u0643\u062a"},"image":{"@id":"https:\/\/yasminfood.ch\/de\/#\/schema\/logo\/image\/"},"sameAs":["https:\/\/www.facebook.com\/yasminmarkt1","https:\/\/www.tiktok.com\/@yasminmarkt","https:\/\/www.instagram.com\/yasmin.markt1\/","https:\/\/api.whatsapp.com\/send\/?phone=41799000104"],"publishingPrinciples":"https:\/\/yasminfood.ch\/de\/shop\/","ownershipFundingInfo":"https:\/\/yasminfood.ch\/de\/shop\/"}]},"product_price_amount":"7.00","product_price_currency":"CHF","og_availability":"out of stock","product_availability":"out of stock","product_condition":"new"},"jetpack_sharing_enabled":true,"_links":{"self":[{"href":"https:\/\/yasminfood.ch\/de\/wp-json\/wp\/v2\/product\/118888","targetHints":{"allow":["GET"]}}],"collection":[{"href":"https:\/\/yasminfood.ch\/de\/wp-json\/wp\/v2\/product"}],"about":[{"href":"https:\/\/yasminfood.ch\/de\/wp-json\/wp\/v2\/types\/product"}],"replies":[{"embeddable":true,"href":"https:\/\/yasminfood.ch\/de\/wp-json\/wp\/v2\/comments?post=118888"}],"version-history":[{"count":0,"href":"https:\/\/yasminfood.ch\/de\/wp-json\/wp\/v2\/product\/118888\/revisions"}],"wp:featuredmedia":[{"embeddable":true,"href":"https:\/\/yasminfood.ch\/de\/wp-json\/wp\/v2\/media\/118886"}],"wp:attachment":[{"href":"https:\/\/yasminfood.ch\/de\/wp-json\/wp\/v2\/media?parent=118888"}],"wp:term":[{"taxonomy":"product_brand","embeddable":true,"href":"https:\/\/yasminfood.ch\/de\/wp-json\/wp\/v2\/product_brand?post=118888"},{"taxonomy":"product_cat","embeddable":true,"href":"https:\/\/yasminfood.ch\/de\/wp-json\/wp\/v2\/product_cat?post=118888"},{"taxonomy":"product_tag","embeddable":true,"href":"https:\/\/yasminfood.ch\/de\/wp-json\/wp\/v2\/product_tag?post=118888"}],"curies":[{"name":"wp","href":"https:\/\/api.w.org\/{rel}","templated":true}]}}