{"id":118942,"date":"2025-08-08T16:27:25","date_gmt":"2025-08-08T14:27:25","guid":{"rendered":"https:\/\/yasminfood.ch\/product\/choco-twist-kekse-24-stueck\/"},"modified":"2025-08-11T23:09:50","modified_gmt":"2025-08-11T21:09:50","slug":"choco-twist-kekse-24-stueck","status":"publish","type":"product","link":"https:\/\/yasminfood.ch\/de\/product\/choco-twist-kekse-24-stueck\/","title":{"rendered":"Choco Twist Kekse &#8211; 24 St\u00fcck"},"content":{"rendered":"<p><strong>Choco Twist Kekse &#8211; 24 St\u00fcck<\/strong><\/p>\n<ul>\n<li>\n<p data-start=\"101\" data-end=\"311\">Genie\u00dfen Sie die reichhaltigen Schokoladenaromen mit <strong data-start=\"175\" data-end=\"190\">Twist Choco<\/strong> Cookies von Catacut!<br data-start=\"202\" data-end=\"205\">Ein knuspriger Keks, gef\u00fcllt mit Kakaocreme und gekr\u00f6nt mit einer k\u00f6stlichen Schicht Schokolade, perfekt f\u00fcr einen Snack am Tag oder eine k\u00f6stliche Gastfreundschaft. <\/p>\n<p data-start=\"313\" data-end=\"447\">\u2714 Eine spezielle Schokoladenschicht \u00fcberzieht jedes St\u00fcck<br data-start=\"345\" data-end=\"348\">\u2714 Cremige, weiche F\u00fcllung mit Kakaogeschmack<br data-start=\"381\" data-end=\"384\">\u2714 Sparpack \u00e0 24 St\u00fcck<br data-start=\"417\" data-end=\"420\">\u2714 Geeignet f\u00fcr die ganze Familie<\/p>\n<p data-start=\"449\" data-end=\"489\">Entscheiden Sie sich f\u00fcr Twist Choco und lassen Sie sich vom Geschmack in seine K\u00f6stlichkeit einh\u00fcllen! <\/p>\n<\/li>\n<\/ul>\n","protected":false},"excerpt":{"rendered":"<p><strong>Choco Twist Kekse &#8211; 24 St\u00fcck<\/strong><\/p>\n<ul>\n<li>\n<p data-start=\"101\" data-end=\"311\">Genie\u00dfen Sie die reichhaltigen Schokoladenaromen mit <strong data-start=\"175\" data-end=\"190\">Twist Choco<\/strong> Cookies von Catacut!<br data-start=\"202\" data-end=\"205\">Ein knuspriger Keks, gef\u00fcllt mit Kakaocreme und gekr\u00f6nt mit einer k\u00f6stlichen Schicht Schokolade, perfekt f\u00fcr einen Snack am Tag oder eine k\u00f6stliche Gastfreundschaft. <\/p>\n<\/li>\n<\/ul>\n","protected":false},"featured_media":118959,"comment_status":"open","ping_status":"closed","template":"","meta":[],"product_brand":[],"product_cat":[297,305],"product_tag":[],"class_list":{"0":"post-118942","1":"product","2":"type-product","3":"status-publish","4":"has-post-thumbnail","6":"product_cat-dessert-chips-2","7":"product_cat-kekse","9":"first","10":"outofstock","11":"taxable","12":"shipping-taxable","13":"purchasable","14":"product-type-simple"},"yoast_head":"<!-- This site is optimized with the Yoast SEO Premium plugin v26.5 (Yoast SEO v27.4) - https:\/\/yoast.com\/product\/yoast-seo-premium-wordpress\/ -->\n<title>Choco Twist Kekse - 24 St\u00fcck - Yasmin Food<\/title>\n<meta name=\"description\" content=\"Genie\u00dfen Sie ein k\u00f6stliches Erlebnis mit Twist Choco Keksen -24 St\u00fcck! Jeder Bissen ist mit reichhaltiger Schokolade und weicher Sahne gef\u00fcllt, her damit! Choco Twist Kekse - 24 St\u00fcck\" \/>\n<meta name=\"robots\" content=\"index, follow, max-snippet:-1, max-image-preview:large, max-video-preview:-1\" \/>\n<link rel=\"canonical\" href=\"https:\/\/yasminfood.ch\/de\/product\/choco-twist-kekse-24-stueck\/\" \/>\n<meta property=\"og:locale\" content=\"de_DE\" \/>\n<meta property=\"og:type\" content=\"article\" \/>\n<meta property=\"og:title\" content=\"Choco Twist Kekse - 24 St\u00fcck\" \/>\n<meta property=\"og:description\" content=\"Choco Twist Kekse - 24 St\u00fcck   Genie\u00dfen Sie die reichhaltigen Schokoladenaromen mit Twist Choco Cookies von Catacut!Ein knuspriger Keks, gef\u00fcllt mit Kakaocreme und gekr\u00f6nt mit einer k\u00f6stlichen Schicht Schokolade, perfekt f\u00fcr einen Snack am Tag oder eine k\u00f6stliche Gastfreundschaft.\" \/>\n<meta property=\"og:url\" content=\"https:\/\/yasminfood.ch\/de\/product\/choco-twist-kekse-24-stueck\/\" \/>\n<meta property=\"og:site_name\" content=\"Yasmin Food\" \/>\n<meta property=\"article:publisher\" content=\"https:\/\/www.facebook.com\/yasminmarkt1\" \/>\n<meta property=\"article:modified_time\" content=\"2025-08-11T21:09:50+00:00\" \/>\n<meta property=\"og:image\" content=\"https:\/\/yasminfood.ch\/wp-content\/uploads\/2025\/08\/\u0628\u0633\u0643\u0648\u064a\u062a-\u062a\u0648\u064a\u0633\u062a-\u0634\u0648\u0643\u0648-24\u0642\u0637\u0639\u0629-11-1024x1024.png\" \/>\n\t<meta property=\"og:image:width\" content=\"1024\" \/>\n\t<meta property=\"og:image:height\" content=\"1024\" \/>\n\t<meta property=\"og:image:type\" content=\"image\/png\" \/>\n<meta name=\"twitter:card\" content=\"summary_large_image\" \/>\n<meta name=\"twitter:label1\" content=\"Preis\" \/>\n\t<meta name=\"twitter:data1\" content=\"7.50&nbsp;&#067;&#072;&#070;\" \/>\n\t<meta name=\"twitter:label2\" content=\"Verf\u00fcgbarkeit\" \/>\n\t<meta name=\"twitter:data2\" content=\"ausverkauft\" \/>\n<script type=\"application\/ld+json\" class=\"yoast-schema-graph\">{\"@context\":\"https:\\\/\\\/schema.org\",\"@graph\":[{\"@type\":\"WebPage\",\"@id\":\"https:\\\/\\\/yasminfood.ch\\\/de\\\/product\\\/choco-twist-kekse-24-stueck\\\/\",\"url\":\"https:\\\/\\\/yasminfood.ch\\\/de\\\/product\\\/choco-twist-kekse-24-stueck\\\/\",\"name\":\"Choco Twist Kekse - 24 St\u00fcck - Yasmin Food\",\"isPartOf\":{\"@id\":\"https:\\\/\\\/yasminfood.ch\\\/de\\\/#website\"},\"primaryImageOfPage\":{\"@id\":\"https:\\\/\\\/yasminfood.ch\\\/de\\\/product\\\/choco-twist-kekse-24-stueck\\\/#primaryimage\"},\"image\":{\"@id\":\"https:\\\/\\\/yasminfood.ch\\\/de\\\/product\\\/choco-twist-kekse-24-stueck\\\/#primaryimage\"},\"thumbnailUrl\":\"https:\\\/\\\/yasminfood.ch\\\/wp-content\\\/uploads\\\/2025\\\/08\\\/\u0628\u0633\u0643\u0648\u064a\u062a-\u062a\u0648\u064a\u0633\u062a-\u0634\u0648\u0643\u0648-24\u0642\u0637\u0639\u0629-11.png\",\"datePublished\":\"2025-08-08T14:27:25+00:00\",\"dateModified\":\"2025-08-11T21:09:50+00:00\",\"description\":\"Genie\u00dfen Sie ein k\u00f6stliches Erlebnis mit Twist Choco Keksen -24 St\u00fcck! Jeder Bissen ist mit reichhaltiger Schokolade und weicher Sahne gef\u00fcllt, her damit! Choco Twist Kekse - 24 St\u00fcck\",\"breadcrumb\":{\"@id\":\"https:\\\/\\\/yasminfood.ch\\\/de\\\/product\\\/choco-twist-kekse-24-stueck\\\/#breadcrumb\"},\"inLanguage\":\"de\",\"potentialAction\":[{\"@type\":\"ReadAction\",\"target\":[\"https:\\\/\\\/yasminfood.ch\\\/de\\\/product\\\/choco-twist-kekse-24-stueck\\\/\"]}]},{\"@type\":\"ImageObject\",\"inLanguage\":\"de\",\"@id\":\"https:\\\/\\\/yasminfood.ch\\\/de\\\/product\\\/choco-twist-kekse-24-stueck\\\/#primaryimage\",\"url\":\"https:\\\/\\\/yasminfood.ch\\\/wp-content\\\/uploads\\\/2025\\\/08\\\/\u0628\u0633\u0643\u0648\u064a\u062a-\u062a\u0648\u064a\u0633\u062a-\u0634\u0648\u0643\u0648-24\u0642\u0637\u0639\u0629-11.png\",\"contentUrl\":\"https:\\\/\\\/yasminfood.ch\\\/wp-content\\\/uploads\\\/2025\\\/08\\\/\u0628\u0633\u0643\u0648\u064a\u062a-\u062a\u0648\u064a\u0633\u062a-\u0634\u0648\u0643\u0648-24\u0642\u0637\u0639\u0629-11.png\",\"width\":1755,\"height\":1755,\"caption\":\"Choco Twist Kekse - 24 St\u00fcck\"},{\"@type\":\"BreadcrumbList\",\"@id\":\"https:\\\/\\\/yasminfood.ch\\\/de\\\/product\\\/choco-twist-kekse-24-stueck\\\/#breadcrumb\",\"itemListElement\":[{\"@type\":\"ListItem\",\"position\":1,\"name\":\"\u0627\u0644\u0631\u0626\u064a\u0633\u064a\u0629\",\"item\":\"https:\\\/\\\/yasminfood.ch\\\/de\\\/zuhause\\\/\"},{\"@type\":\"ListItem\",\"position\":2,\"name\":\"Shop\",\"item\":\"https:\\\/\\\/yasminfood.ch\\\/de\\\/shop\\\/\"},{\"@type\":\"ListItem\",\"position\":3,\"name\":\"Dessert &amp; Chips\",\"item\":\"https:\\\/\\\/yasminfood.ch\\\/de\\\/produkt-kategorie\\\/dessert-chips-2\\\/\"},{\"@type\":\"ListItem\",\"position\":4,\"name\":\"Kekse\",\"item\":\"https:\\\/\\\/yasminfood.ch\\\/de\\\/produkt-kategorie\\\/dessert-chips-2\\\/kekse\\\/\"},{\"@type\":\"ListItem\",\"position\":5,\"name\":\"Choco Twist Kekse &#8211; 24 St\u00fcck\"}]},{\"@type\":\"WebSite\",\"@id\":\"https:\\\/\\\/yasminfood.ch\\\/de\\\/#website\",\"url\":\"https:\\\/\\\/yasminfood.ch\\\/de\\\/\",\"name\":\"\u064a\u0627\u0633\u0645\u064a\u0646 \u0645\u0627\u0631\u0643\u062a\",\"description\":\"Alles, was Sie brauchen, an einem Ort\",\"publisher\":{\"@id\":\"https:\\\/\\\/yasminfood.ch\\\/de\\\/#organization\"},\"alternateName\":\"Yasmin Food\",\"potentialAction\":[{\"@type\":\"SearchAction\",\"target\":{\"@type\":\"EntryPoint\",\"urlTemplate\":\"https:\\\/\\\/yasminfood.ch\\\/de\\\/?s={search_term_string}\"},\"query-input\":{\"@type\":\"PropertyValueSpecification\",\"valueRequired\":true,\"valueName\":\"search_term_string\"}}],\"inLanguage\":\"de\"},{\"@type\":\"Organization\",\"@id\":\"https:\\\/\\\/yasminfood.ch\\\/de\\\/#organization\",\"name\":\"\u064a\u0627\u0633\u0645\u064a\u0646 \u0645\u0627\u0631\u0643\u062a\",\"alternateName\":\"Yasmin Food\",\"url\":\"https:\\\/\\\/yasminfood.ch\\\/de\\\/\",\"logo\":{\"@type\":\"ImageObject\",\"inLanguage\":\"de\",\"@id\":\"https:\\\/\\\/yasminfood.ch\\\/de\\\/#\\\/schema\\\/logo\\\/image\\\/\",\"url\":\"https:\\\/\\\/yasminfood.ch\\\/wp-content\\\/uploads\\\/2025\\\/05\\\/yasmin-food-header-logo.png\",\"contentUrl\":\"https:\\\/\\\/yasminfood.ch\\\/wp-content\\\/uploads\\\/2025\\\/05\\\/yasmin-food-header-logo.png\",\"width\":330,\"height\":120,\"caption\":\"\u064a\u0627\u0633\u0645\u064a\u0646 \u0645\u0627\u0631\u0643\u062a\"},\"image\":{\"@id\":\"https:\\\/\\\/yasminfood.ch\\\/de\\\/#\\\/schema\\\/logo\\\/image\\\/\"},\"sameAs\":[\"https:\\\/\\\/www.facebook.com\\\/yasminmarkt1\",\"https:\\\/\\\/www.tiktok.com\\\/@yasminmarkt\",\"https:\\\/\\\/www.instagram.com\\\/yasmin.markt1\\\/\",\"https:\\\/\\\/api.whatsapp.com\\\/send\\\/?phone=41799000104\"],\"publishingPrinciples\":\"https:\\\/\\\/yasminfood.ch\\\/de\\\/shop\\\/\",\"ownershipFundingInfo\":\"https:\\\/\\\/yasminfood.ch\\\/de\\\/shop\\\/\"}]}<\/script>\n<meta property=\"product:price:amount\" content=\"7.50\" \/>\n<meta property=\"product:price:currency\" content=\"CHF\" \/>\n<meta property=\"og:availability\" content=\"out of stock\" \/>\n<meta property=\"product:availability\" content=\"out of stock\" \/>\n<meta property=\"product:condition\" content=\"new\" \/>\n<!-- \/ Yoast SEO Premium plugin. -->","yoast_head_json":{"title":"Choco Twist Kekse - 24 St\u00fcck - Yasmin Food","description":"Genie\u00dfen Sie ein k\u00f6stliches Erlebnis mit Twist Choco Keksen -24 St\u00fcck! Jeder Bissen ist mit reichhaltiger Schokolade und weicher Sahne gef\u00fcllt, her damit! Choco Twist Kekse - 24 St\u00fcck","robots":{"index":"index","follow":"follow","max-snippet":"max-snippet:-1","max-image-preview":"max-image-preview:large","max-video-preview":"max-video-preview:-1"},"canonical":"https:\/\/yasminfood.ch\/de\/product\/choco-twist-kekse-24-stueck\/","og_locale":"de_DE","og_type":"article","og_title":"Choco Twist Kekse - 24 St\u00fcck","og_description":"Choco Twist Kekse - 24 St\u00fcck   Genie\u00dfen Sie die reichhaltigen Schokoladenaromen mit Twist Choco Cookies von Catacut!Ein knuspriger Keks, gef\u00fcllt mit Kakaocreme und gekr\u00f6nt mit einer k\u00f6stlichen Schicht Schokolade, perfekt f\u00fcr einen Snack am Tag oder eine k\u00f6stliche Gastfreundschaft.","og_url":"https:\/\/yasminfood.ch\/de\/product\/choco-twist-kekse-24-stueck\/","og_site_name":"Yasmin Food","article_publisher":"https:\/\/www.facebook.com\/yasminmarkt1","article_modified_time":"2025-08-11T21:09:50+00:00","og_image":[{"width":1024,"height":1024,"url":"https:\/\/yasminfood.ch\/wp-content\/uploads\/2025\/08\/\u0628\u0633\u0643\u0648\u064a\u062a-\u062a\u0648\u064a\u0633\u062a-\u0634\u0648\u0643\u0648-24\u0642\u0637\u0639\u0629-11-1024x1024.png","type":"image\/png"}],"twitter_card":"summary_large_image","twitter_misc":{"Preis":"7.50&nbsp;&#67;&#72;&#70;","Verf\u00fcgbarkeit":"ausverkauft"},"schema":{"@context":"https:\/\/schema.org","@graph":[{"@type":"WebPage","@id":"https:\/\/yasminfood.ch\/de\/product\/choco-twist-kekse-24-stueck\/","url":"https:\/\/yasminfood.ch\/de\/product\/choco-twist-kekse-24-stueck\/","name":"Choco Twist Kekse - 24 St\u00fcck - Yasmin Food","isPartOf":{"@id":"https:\/\/yasminfood.ch\/de\/#website"},"primaryImageOfPage":{"@id":"https:\/\/yasminfood.ch\/de\/product\/choco-twist-kekse-24-stueck\/#primaryimage"},"image":{"@id":"https:\/\/yasminfood.ch\/de\/product\/choco-twist-kekse-24-stueck\/#primaryimage"},"thumbnailUrl":"https:\/\/yasminfood.ch\/wp-content\/uploads\/2025\/08\/\u0628\u0633\u0643\u0648\u064a\u062a-\u062a\u0648\u064a\u0633\u062a-\u0634\u0648\u0643\u0648-24\u0642\u0637\u0639\u0629-11.png","datePublished":"2025-08-08T14:27:25+00:00","dateModified":"2025-08-11T21:09:50+00:00","description":"Genie\u00dfen Sie ein k\u00f6stliches Erlebnis mit Twist Choco Keksen -24 St\u00fcck! Jeder Bissen ist mit reichhaltiger Schokolade und weicher Sahne gef\u00fcllt, her damit! Choco Twist Kekse - 24 St\u00fcck","breadcrumb":{"@id":"https:\/\/yasminfood.ch\/de\/product\/choco-twist-kekse-24-stueck\/#breadcrumb"},"inLanguage":"de","potentialAction":[{"@type":"ReadAction","target":["https:\/\/yasminfood.ch\/de\/product\/choco-twist-kekse-24-stueck\/"]}]},{"@type":"ImageObject","inLanguage":"de","@id":"https:\/\/yasminfood.ch\/de\/product\/choco-twist-kekse-24-stueck\/#primaryimage","url":"https:\/\/yasminfood.ch\/wp-content\/uploads\/2025\/08\/\u0628\u0633\u0643\u0648\u064a\u062a-\u062a\u0648\u064a\u0633\u062a-\u0634\u0648\u0643\u0648-24\u0642\u0637\u0639\u0629-11.png","contentUrl":"https:\/\/yasminfood.ch\/wp-content\/uploads\/2025\/08\/\u0628\u0633\u0643\u0648\u064a\u062a-\u062a\u0648\u064a\u0633\u062a-\u0634\u0648\u0643\u0648-24\u0642\u0637\u0639\u0629-11.png","width":1755,"height":1755,"caption":"Choco Twist Kekse - 24 St\u00fcck"},{"@type":"BreadcrumbList","@id":"https:\/\/yasminfood.ch\/de\/product\/choco-twist-kekse-24-stueck\/#breadcrumb","itemListElement":[{"@type":"ListItem","position":1,"name":"\u0627\u0644\u0631\u0626\u064a\u0633\u064a\u0629","item":"https:\/\/yasminfood.ch\/de\/zuhause\/"},{"@type":"ListItem","position":2,"name":"Shop","item":"https:\/\/yasminfood.ch\/de\/shop\/"},{"@type":"ListItem","position":3,"name":"Dessert &amp; Chips","item":"https:\/\/yasminfood.ch\/de\/produkt-kategorie\/dessert-chips-2\/"},{"@type":"ListItem","position":4,"name":"Kekse","item":"https:\/\/yasminfood.ch\/de\/produkt-kategorie\/dessert-chips-2\/kekse\/"},{"@type":"ListItem","position":5,"name":"Choco Twist Kekse &#8211; 24 St\u00fcck"}]},{"@type":"WebSite","@id":"https:\/\/yasminfood.ch\/de\/#website","url":"https:\/\/yasminfood.ch\/de\/","name":"\u064a\u0627\u0633\u0645\u064a\u0646 \u0645\u0627\u0631\u0643\u062a","description":"Alles, was Sie brauchen, an einem Ort","publisher":{"@id":"https:\/\/yasminfood.ch\/de\/#organization"},"alternateName":"Yasmin Food","potentialAction":[{"@type":"SearchAction","target":{"@type":"EntryPoint","urlTemplate":"https:\/\/yasminfood.ch\/de\/?s={search_term_string}"},"query-input":{"@type":"PropertyValueSpecification","valueRequired":true,"valueName":"search_term_string"}}],"inLanguage":"de"},{"@type":"Organization","@id":"https:\/\/yasminfood.ch\/de\/#organization","name":"\u064a\u0627\u0633\u0645\u064a\u0646 \u0645\u0627\u0631\u0643\u062a","alternateName":"Yasmin Food","url":"https:\/\/yasminfood.ch\/de\/","logo":{"@type":"ImageObject","inLanguage":"de","@id":"https:\/\/yasminfood.ch\/de\/#\/schema\/logo\/image\/","url":"https:\/\/yasminfood.ch\/wp-content\/uploads\/2025\/05\/yasmin-food-header-logo.png","contentUrl":"https:\/\/yasminfood.ch\/wp-content\/uploads\/2025\/05\/yasmin-food-header-logo.png","width":330,"height":120,"caption":"\u064a\u0627\u0633\u0645\u064a\u0646 \u0645\u0627\u0631\u0643\u062a"},"image":{"@id":"https:\/\/yasminfood.ch\/de\/#\/schema\/logo\/image\/"},"sameAs":["https:\/\/www.facebook.com\/yasminmarkt1","https:\/\/www.tiktok.com\/@yasminmarkt","https:\/\/www.instagram.com\/yasmin.markt1\/","https:\/\/api.whatsapp.com\/send\/?phone=41799000104"],"publishingPrinciples":"https:\/\/yasminfood.ch\/de\/shop\/","ownershipFundingInfo":"https:\/\/yasminfood.ch\/de\/shop\/"}]},"product_price_amount":"7.50","product_price_currency":"CHF","og_availability":"out of stock","product_availability":"out of stock","product_condition":"new"},"jetpack_sharing_enabled":true,"_links":{"self":[{"href":"https:\/\/yasminfood.ch\/de\/wp-json\/wp\/v2\/product\/118942","targetHints":{"allow":["GET"]}}],"collection":[{"href":"https:\/\/yasminfood.ch\/de\/wp-json\/wp\/v2\/product"}],"about":[{"href":"https:\/\/yasminfood.ch\/de\/wp-json\/wp\/v2\/types\/product"}],"replies":[{"embeddable":true,"href":"https:\/\/yasminfood.ch\/de\/wp-json\/wp\/v2\/comments?post=118942"}],"version-history":[{"count":1,"href":"https:\/\/yasminfood.ch\/de\/wp-json\/wp\/v2\/product\/118942\/revisions"}],"predecessor-version":[{"id":118992,"href":"https:\/\/yasminfood.ch\/de\/wp-json\/wp\/v2\/product\/118942\/revisions\/118992"}],"wp:featuredmedia":[{"embeddable":true,"href":"https:\/\/yasminfood.ch\/de\/wp-json\/wp\/v2\/media\/118959"}],"wp:attachment":[{"href":"https:\/\/yasminfood.ch\/de\/wp-json\/wp\/v2\/media?parent=118942"}],"wp:term":[{"taxonomy":"product_brand","embeddable":true,"href":"https:\/\/yasminfood.ch\/de\/wp-json\/wp\/v2\/product_brand?post=118942"},{"taxonomy":"product_cat","embeddable":true,"href":"https:\/\/yasminfood.ch\/de\/wp-json\/wp\/v2\/product_cat?post=118942"},{"taxonomy":"product_tag","embeddable":true,"href":"https:\/\/yasminfood.ch\/de\/wp-json\/wp\/v2\/product_tag?post=118942"}],"curies":[{"name":"wp","href":"https:\/\/api.w.org\/{rel}","templated":true}]}}