{"id":118976,"date":"2025-08-11T22:05:07","date_gmt":"2025-08-11T20:05:07","guid":{"rendered":"https:\/\/yasminfood.ch\/product\/rana-chili-100ml\/"},"modified":"2025-08-11T22:19:53","modified_gmt":"2025-08-11T20:19:53","slug":"rana-chili-100ml","status":"publish","type":"product","link":"https:\/\/yasminfood.ch\/de\/product\/rana-chili-100ml\/","title":{"rendered":"Rana Chili 100ml"},"content":{"rendered":"<p><strong>Rana Chili 100ml<\/strong><\/p>\n<ul>\n<li>\n<p data-start=\"0\" data-end=\"253\">Genie\u00dfen Sie den authentischen w\u00fcrzigen Geschmack mit Rana Chili,<\/p>\n<\/li>\n<li>\n<p data-start=\"0\" data-end=\"253\">Hergestellt aus feinster roter Paprika und nat\u00fcrlichem Essig<\/p>\n<\/li>\n<li>\n<p data-start=\"0\" data-end=\"253\">Um Ihren Gerichten einen reichhaltigen und w\u00fcrzigen Geschmack zu verleihen. Perfekt zu Grillgerichten, Meeresfr\u00fcchten, Suppen und Vorspeisen, um Ihnen einen Hauch von Sch\u00e4rfe und einen ausgepr\u00e4gten orientalischen Geschmack zu verleihen.   <\/p>\n<ul data-start=\"255\" data-end=\"373\">\n<li data-start=\"255\" data-end=\"283\">\n<p data-start=\"257\" data-end=\"283\"><strong data-start=\"257\" data-end=\"274\">Nettogewicht:<\/strong> 100ml<\/p>\n<\/li>\n<\/ul>\n<\/li>\n<\/ul>\n","protected":false},"excerpt":{"rendered":"<p><strong>Rana Chili 100ml<\/strong><\/p>\n<ul>\n<li>\n<p data-start=\"0\" data-end=\"253\">Genie\u00dfen Sie den authentischen w\u00fcrzigen Geschmack mit Rana Chili,<\/p>\n<\/li>\n<li>\n<p data-start=\"0\" data-end=\"253\">Hergestellt aus feinster roter Paprika und nat\u00fcrlichem Essig<\/p>\n<\/li>\n<\/ul>\n","protected":false},"featured_media":118973,"comment_status":"open","ping_status":"closed","template":"","meta":[],"product_brand":[],"product_cat":[356,363],"product_tag":[],"class_list":{"0":"post-118976","1":"product","2":"type-product","3":"status-publish","4":"has-post-thumbnail","6":"product_cat-gewuerze-nuesse","7":"product_cat-ketchup-mayonnaise-hot-chili","9":"first","10":"instock","11":"taxable","12":"shipping-taxable","13":"purchasable","14":"product-type-simple"},"yoast_head":"<!-- This site is optimized with the Yoast SEO Premium plugin v26.5 (Yoast SEO v27.3) - https:\/\/yoast.com\/product\/yoast-seo-premium-wordpress\/ -->\n<title>Rana Chili 100ml - Yasmin Food<\/title>\n<meta name=\"description\" content=\"Genie\u00dfen Sie den w\u00fcrzigen Geschmack mit Rana Chili 100ml, hergestellt aus rotem Pfeffer und nat\u00fcrlichem Essig. Verleihen Sie Ihren Gerichten noch heute eine k\u00f6stliche Note! \ud83c\udf36\ufe0f Yasmin Food Rana Chili 100ml\" \/>\n<meta name=\"robots\" content=\"index, follow, max-snippet:-1, max-image-preview:large, max-video-preview:-1\" \/>\n<link rel=\"canonical\" href=\"https:\/\/yasminfood.ch\/de\/product\/rana-chili-100ml\/\" \/>\n<meta property=\"og:locale\" content=\"de_DE\" \/>\n<meta property=\"og:type\" content=\"article\" \/>\n<meta property=\"og:title\" content=\"Rana Chili 100ml\" \/>\n<meta property=\"og:description\" content=\"Rana Chili 100ml   Genie\u00dfen Sie den authentischen w\u00fcrzigen Geschmack mit Rana Chili,   Hergestellt aus feinster roter Paprika und nat\u00fcrlichem Essig\" \/>\n<meta property=\"og:url\" content=\"https:\/\/yasminfood.ch\/de\/product\/rana-chili-100ml\/\" \/>\n<meta property=\"og:site_name\" content=\"Yasmin Food\" \/>\n<meta property=\"article:publisher\" content=\"https:\/\/www.facebook.com\/yasminmarkt1\" \/>\n<meta property=\"article:modified_time\" content=\"2025-08-11T20:19:53+00:00\" \/>\n<meta property=\"og:image\" content=\"https:\/\/yasminfood.ch\/wp-content\/uploads\/2025\/08\/\u0634\u0637\u0629.png\" \/>\n\t<meta property=\"og:image:width\" content=\"1250\" \/>\n\t<meta property=\"og:image:height\" content=\"1250\" \/>\n\t<meta property=\"og:image:type\" content=\"image\/png\" \/>\n<meta name=\"twitter:card\" content=\"summary_large_image\" \/>\n<meta name=\"twitter:label1\" content=\"Preis\" \/>\n\t<meta name=\"twitter:data1\" content=\"2.95&nbsp;&#067;&#072;&#070;\" \/>\n\t<meta name=\"twitter:label2\" content=\"Verf\u00fcgbarkeit\" \/>\n\t<meta name=\"twitter:data2\" content=\"Auf Lager\" \/>\n<script type=\"application\/ld+json\" class=\"yoast-schema-graph\">{\"@context\":\"https:\\\/\\\/schema.org\",\"@graph\":[{\"@type\":\"WebPage\",\"@id\":\"https:\\\/\\\/yasminfood.ch\\\/de\\\/product\\\/rana-chili-100ml\\\/\",\"url\":\"https:\\\/\\\/yasminfood.ch\\\/de\\\/product\\\/rana-chili-100ml\\\/\",\"name\":\"Rana Chili 100ml - Yasmin Food\",\"isPartOf\":{\"@id\":\"https:\\\/\\\/yasminfood.ch\\\/de\\\/#website\"},\"primaryImageOfPage\":{\"@id\":\"https:\\\/\\\/yasminfood.ch\\\/de\\\/product\\\/rana-chili-100ml\\\/#primaryimage\"},\"image\":{\"@id\":\"https:\\\/\\\/yasminfood.ch\\\/de\\\/product\\\/rana-chili-100ml\\\/#primaryimage\"},\"thumbnailUrl\":\"https:\\\/\\\/yasminfood.ch\\\/wp-content\\\/uploads\\\/2025\\\/08\\\/\u0634\u0637\u0629.png\",\"datePublished\":\"2025-08-11T20:05:07+00:00\",\"dateModified\":\"2025-08-11T20:19:53+00:00\",\"description\":\"Genie\u00dfen Sie den w\u00fcrzigen Geschmack mit Rana Chili 100ml, hergestellt aus rotem Pfeffer und nat\u00fcrlichem Essig. Verleihen Sie Ihren Gerichten noch heute eine k\u00f6stliche Note! \ud83c\udf36\ufe0f Yasmin Food Rana Chili 100ml\",\"breadcrumb\":{\"@id\":\"https:\\\/\\\/yasminfood.ch\\\/de\\\/product\\\/rana-chili-100ml\\\/#breadcrumb\"},\"inLanguage\":\"de\",\"potentialAction\":[{\"@type\":\"ReadAction\",\"target\":[\"https:\\\/\\\/yasminfood.ch\\\/de\\\/product\\\/rana-chili-100ml\\\/\"]}]},{\"@type\":\"ImageObject\",\"inLanguage\":\"de\",\"@id\":\"https:\\\/\\\/yasminfood.ch\\\/de\\\/product\\\/rana-chili-100ml\\\/#primaryimage\",\"url\":\"https:\\\/\\\/yasminfood.ch\\\/wp-content\\\/uploads\\\/2025\\\/08\\\/\u0634\u0637\u0629.png\",\"contentUrl\":\"https:\\\/\\\/yasminfood.ch\\\/wp-content\\\/uploads\\\/2025\\\/08\\\/\u0634\u0637\u0629.png\",\"width\":1250,\"height\":1250,\"caption\":\"Rana Chili 100ml\"},{\"@type\":\"BreadcrumbList\",\"@id\":\"https:\\\/\\\/yasminfood.ch\\\/de\\\/product\\\/rana-chili-100ml\\\/#breadcrumb\",\"itemListElement\":[{\"@type\":\"ListItem\",\"position\":1,\"name\":\"\u0627\u0644\u0631\u0626\u064a\u0633\u064a\u0629\",\"item\":\"https:\\\/\\\/yasminfood.ch\\\/de\\\/zuhause\\\/\"},{\"@type\":\"ListItem\",\"position\":2,\"name\":\"Shop\",\"item\":\"https:\\\/\\\/yasminfood.ch\\\/de\\\/shop\\\/\"},{\"@type\":\"ListItem\",\"position\":3,\"name\":\"Gew\u00fcrze &amp; N\u00fcsse\",\"item\":\"https:\\\/\\\/yasminfood.ch\\\/de\\\/produkt-kategorie\\\/gewuerze-nuesse\\\/\"},{\"@type\":\"ListItem\",\"position\":4,\"name\":\"Ketchup-Mayonnaise-Hot chili\",\"item\":\"https:\\\/\\\/yasminfood.ch\\\/de\\\/produkt-kategorie\\\/gewuerze-nuesse\\\/ketchup-mayonnaise-hot-chili\\\/\"},{\"@type\":\"ListItem\",\"position\":5,\"name\":\"Rana Chili 100ml\"}]},{\"@type\":\"WebSite\",\"@id\":\"https:\\\/\\\/yasminfood.ch\\\/de\\\/#website\",\"url\":\"https:\\\/\\\/yasminfood.ch\\\/de\\\/\",\"name\":\"\u064a\u0627\u0633\u0645\u064a\u0646 \u0645\u0627\u0631\u0643\u062a\",\"description\":\"Alles, was Sie brauchen, an einem Ort\",\"publisher\":{\"@id\":\"https:\\\/\\\/yasminfood.ch\\\/de\\\/#organization\"},\"alternateName\":\"Yasmin Food\",\"potentialAction\":[{\"@type\":\"SearchAction\",\"target\":{\"@type\":\"EntryPoint\",\"urlTemplate\":\"https:\\\/\\\/yasminfood.ch\\\/de\\\/?s={search_term_string}\"},\"query-input\":{\"@type\":\"PropertyValueSpecification\",\"valueRequired\":true,\"valueName\":\"search_term_string\"}}],\"inLanguage\":\"de\"},{\"@type\":\"Organization\",\"@id\":\"https:\\\/\\\/yasminfood.ch\\\/de\\\/#organization\",\"name\":\"\u064a\u0627\u0633\u0645\u064a\u0646 \u0645\u0627\u0631\u0643\u062a\",\"alternateName\":\"Yasmin Food\",\"url\":\"https:\\\/\\\/yasminfood.ch\\\/de\\\/\",\"logo\":{\"@type\":\"ImageObject\",\"inLanguage\":\"de\",\"@id\":\"https:\\\/\\\/yasminfood.ch\\\/de\\\/#\\\/schema\\\/logo\\\/image\\\/\",\"url\":\"https:\\\/\\\/yasminfood.ch\\\/wp-content\\\/uploads\\\/2025\\\/05\\\/yasmin-food-header-logo.png\",\"contentUrl\":\"https:\\\/\\\/yasminfood.ch\\\/wp-content\\\/uploads\\\/2025\\\/05\\\/yasmin-food-header-logo.png\",\"width\":330,\"height\":120,\"caption\":\"\u064a\u0627\u0633\u0645\u064a\u0646 \u0645\u0627\u0631\u0643\u062a\"},\"image\":{\"@id\":\"https:\\\/\\\/yasminfood.ch\\\/de\\\/#\\\/schema\\\/logo\\\/image\\\/\"},\"sameAs\":[\"https:\\\/\\\/www.facebook.com\\\/yasminmarkt1\",\"https:\\\/\\\/www.tiktok.com\\\/@yasminmarkt\",\"https:\\\/\\\/www.instagram.com\\\/yasmin.markt1\\\/\",\"https:\\\/\\\/api.whatsapp.com\\\/send\\\/?phone=41799000104\"],\"publishingPrinciples\":\"https:\\\/\\\/yasminfood.ch\\\/de\\\/shop\\\/\",\"ownershipFundingInfo\":\"https:\\\/\\\/yasminfood.ch\\\/de\\\/shop\\\/\"}]}<\/script>\n<meta property=\"product:price:amount\" content=\"2.95\" \/>\n<meta property=\"product:price:currency\" content=\"CHF\" \/>\n<meta property=\"og:availability\" content=\"instock\" \/>\n<meta property=\"product:availability\" content=\"instock\" \/>\n<meta property=\"product:condition\" content=\"new\" \/>\n<!-- \/ Yoast SEO Premium plugin. -->","yoast_head_json":{"title":"Rana Chili 100ml - Yasmin Food","description":"Genie\u00dfen Sie den w\u00fcrzigen Geschmack mit Rana Chili 100ml, hergestellt aus rotem Pfeffer und nat\u00fcrlichem Essig. Verleihen Sie Ihren Gerichten noch heute eine k\u00f6stliche Note! \ud83c\udf36\ufe0f Yasmin Food Rana Chili 100ml","robots":{"index":"index","follow":"follow","max-snippet":"max-snippet:-1","max-image-preview":"max-image-preview:large","max-video-preview":"max-video-preview:-1"},"canonical":"https:\/\/yasminfood.ch\/de\/product\/rana-chili-100ml\/","og_locale":"de_DE","og_type":"article","og_title":"Rana Chili 100ml","og_description":"Rana Chili 100ml   Genie\u00dfen Sie den authentischen w\u00fcrzigen Geschmack mit Rana Chili,   Hergestellt aus feinster roter Paprika und nat\u00fcrlichem Essig","og_url":"https:\/\/yasminfood.ch\/de\/product\/rana-chili-100ml\/","og_site_name":"Yasmin Food","article_publisher":"https:\/\/www.facebook.com\/yasminmarkt1","article_modified_time":"2025-08-11T20:19:53+00:00","og_image":[{"width":1250,"height":1250,"url":"https:\/\/yasminfood.ch\/wp-content\/uploads\/2025\/08\/\u0634\u0637\u0629.png","type":"image\/png"}],"twitter_card":"summary_large_image","twitter_misc":{"Preis":"2.95&nbsp;&#67;&#72;&#70;","Verf\u00fcgbarkeit":"Auf Lager"},"schema":{"@context":"https:\/\/schema.org","@graph":[{"@type":"WebPage","@id":"https:\/\/yasminfood.ch\/de\/product\/rana-chili-100ml\/","url":"https:\/\/yasminfood.ch\/de\/product\/rana-chili-100ml\/","name":"Rana Chili 100ml - Yasmin Food","isPartOf":{"@id":"https:\/\/yasminfood.ch\/de\/#website"},"primaryImageOfPage":{"@id":"https:\/\/yasminfood.ch\/de\/product\/rana-chili-100ml\/#primaryimage"},"image":{"@id":"https:\/\/yasminfood.ch\/de\/product\/rana-chili-100ml\/#primaryimage"},"thumbnailUrl":"https:\/\/yasminfood.ch\/wp-content\/uploads\/2025\/08\/\u0634\u0637\u0629.png","datePublished":"2025-08-11T20:05:07+00:00","dateModified":"2025-08-11T20:19:53+00:00","description":"Genie\u00dfen Sie den w\u00fcrzigen Geschmack mit Rana Chili 100ml, hergestellt aus rotem Pfeffer und nat\u00fcrlichem Essig. Verleihen Sie Ihren Gerichten noch heute eine k\u00f6stliche Note! \ud83c\udf36\ufe0f Yasmin Food Rana Chili 100ml","breadcrumb":{"@id":"https:\/\/yasminfood.ch\/de\/product\/rana-chili-100ml\/#breadcrumb"},"inLanguage":"de","potentialAction":[{"@type":"ReadAction","target":["https:\/\/yasminfood.ch\/de\/product\/rana-chili-100ml\/"]}]},{"@type":"ImageObject","inLanguage":"de","@id":"https:\/\/yasminfood.ch\/de\/product\/rana-chili-100ml\/#primaryimage","url":"https:\/\/yasminfood.ch\/wp-content\/uploads\/2025\/08\/\u0634\u0637\u0629.png","contentUrl":"https:\/\/yasminfood.ch\/wp-content\/uploads\/2025\/08\/\u0634\u0637\u0629.png","width":1250,"height":1250,"caption":"Rana Chili 100ml"},{"@type":"BreadcrumbList","@id":"https:\/\/yasminfood.ch\/de\/product\/rana-chili-100ml\/#breadcrumb","itemListElement":[{"@type":"ListItem","position":1,"name":"\u0627\u0644\u0631\u0626\u064a\u0633\u064a\u0629","item":"https:\/\/yasminfood.ch\/de\/zuhause\/"},{"@type":"ListItem","position":2,"name":"Shop","item":"https:\/\/yasminfood.ch\/de\/shop\/"},{"@type":"ListItem","position":3,"name":"Gew\u00fcrze &amp; N\u00fcsse","item":"https:\/\/yasminfood.ch\/de\/produkt-kategorie\/gewuerze-nuesse\/"},{"@type":"ListItem","position":4,"name":"Ketchup-Mayonnaise-Hot chili","item":"https:\/\/yasminfood.ch\/de\/produkt-kategorie\/gewuerze-nuesse\/ketchup-mayonnaise-hot-chili\/"},{"@type":"ListItem","position":5,"name":"Rana Chili 100ml"}]},{"@type":"WebSite","@id":"https:\/\/yasminfood.ch\/de\/#website","url":"https:\/\/yasminfood.ch\/de\/","name":"\u064a\u0627\u0633\u0645\u064a\u0646 \u0645\u0627\u0631\u0643\u062a","description":"Alles, was Sie brauchen, an einem Ort","publisher":{"@id":"https:\/\/yasminfood.ch\/de\/#organization"},"alternateName":"Yasmin Food","potentialAction":[{"@type":"SearchAction","target":{"@type":"EntryPoint","urlTemplate":"https:\/\/yasminfood.ch\/de\/?s={search_term_string}"},"query-input":{"@type":"PropertyValueSpecification","valueRequired":true,"valueName":"search_term_string"}}],"inLanguage":"de"},{"@type":"Organization","@id":"https:\/\/yasminfood.ch\/de\/#organization","name":"\u064a\u0627\u0633\u0645\u064a\u0646 \u0645\u0627\u0631\u0643\u062a","alternateName":"Yasmin Food","url":"https:\/\/yasminfood.ch\/de\/","logo":{"@type":"ImageObject","inLanguage":"de","@id":"https:\/\/yasminfood.ch\/de\/#\/schema\/logo\/image\/","url":"https:\/\/yasminfood.ch\/wp-content\/uploads\/2025\/05\/yasmin-food-header-logo.png","contentUrl":"https:\/\/yasminfood.ch\/wp-content\/uploads\/2025\/05\/yasmin-food-header-logo.png","width":330,"height":120,"caption":"\u064a\u0627\u0633\u0645\u064a\u0646 \u0645\u0627\u0631\u0643\u062a"},"image":{"@id":"https:\/\/yasminfood.ch\/de\/#\/schema\/logo\/image\/"},"sameAs":["https:\/\/www.facebook.com\/yasminmarkt1","https:\/\/www.tiktok.com\/@yasminmarkt","https:\/\/www.instagram.com\/yasmin.markt1\/","https:\/\/api.whatsapp.com\/send\/?phone=41799000104"],"publishingPrinciples":"https:\/\/yasminfood.ch\/de\/shop\/","ownershipFundingInfo":"https:\/\/yasminfood.ch\/de\/shop\/"}]},"product_price_amount":"2.95","product_price_currency":"CHF","og_availability":"instock","product_availability":"instock","product_condition":"new"},"jetpack_sharing_enabled":true,"_links":{"self":[{"href":"https:\/\/yasminfood.ch\/de\/wp-json\/wp\/v2\/product\/118976","targetHints":{"allow":["GET"]}}],"collection":[{"href":"https:\/\/yasminfood.ch\/de\/wp-json\/wp\/v2\/product"}],"about":[{"href":"https:\/\/yasminfood.ch\/de\/wp-json\/wp\/v2\/types\/product"}],"replies":[{"embeddable":true,"href":"https:\/\/yasminfood.ch\/de\/wp-json\/wp\/v2\/comments?post=118976"}],"version-history":[{"count":0,"href":"https:\/\/yasminfood.ch\/de\/wp-json\/wp\/v2\/product\/118976\/revisions"}],"wp:featuredmedia":[{"embeddable":true,"href":"https:\/\/yasminfood.ch\/de\/wp-json\/wp\/v2\/media\/118973"}],"wp:attachment":[{"href":"https:\/\/yasminfood.ch\/de\/wp-json\/wp\/v2\/media?parent=118976"}],"wp:term":[{"taxonomy":"product_brand","embeddable":true,"href":"https:\/\/yasminfood.ch\/de\/wp-json\/wp\/v2\/product_brand?post=118976"},{"taxonomy":"product_cat","embeddable":true,"href":"https:\/\/yasminfood.ch\/de\/wp-json\/wp\/v2\/product_cat?post=118976"},{"taxonomy":"product_tag","embeddable":true,"href":"https:\/\/yasminfood.ch\/de\/wp-json\/wp\/v2\/product_tag?post=118976"}],"curies":[{"name":"wp","href":"https:\/\/api.w.org\/{rel}","templated":true}]}}