{"id":119055,"date":"2025-08-13T15:17:54","date_gmt":"2025-08-13T13:17:54","guid":{"rendered":"https:\/\/yasminfood.ch\/product\/mandelkandierung-1200g-khairat\/"},"modified":"2025-08-13T15:24:44","modified_gmt":"2025-08-13T13:24:44","slug":"mandelkandierung-1200g-khairat","status":"publish","type":"product","link":"https:\/\/yasminfood.ch\/de\/product\/mandelkandierung-1200g-khairat\/","title":{"rendered":"Mandelkandierung 1200g &#8211; Khairat"},"content":{"rendered":"<p><strong>Mandelkandierung 1200g &#8211; Khairat<\/strong><\/p>\n<ul>\n<li>\n<p data-start=\"83\" data-end=\"287\">Genie\u00dfen Sie den klassischen Geschmack <strong data-start=\"140\" data-end=\"163\">mit Mandel-Dressing von Khairat<\/strong>,<\/p>\n<\/li>\n<li>\n<p data-start=\"83\" data-end=\"287\">Premium-Mandelm\u00fcsli mischt sich mit einer knusprigen Schicht aus reinem wei\u00dfem Zucker,<\/p>\n<\/li>\n<li>\n<p data-start=\"83\" data-end=\"287\">Um Ihnen ein luxuri\u00f6ses Dessert zu bieten, das k\u00f6stlichen Geschmack mit unverwechselbaren Texturen verbindet.<\/p>\n<p data-start=\"289\" data-end=\"485\">Dieses Dressing besteht aus sorgf\u00e4ltig ausgew\u00e4hlten ganzen Mandeln,<\/p>\n<\/li>\n<li>\n<p data-start=\"289\" data-end=\"485\">Gekr\u00f6nt mit einer homogenen Zuckerschicht, die f\u00fcr einen angenehmen Crunch und einen Hauch von milder S\u00fc\u00dfe sorgt.<\/p>\n<\/li>\n<li>\n<p data-start=\"289\" data-end=\"485\">Perfekt f\u00fcr Veranstaltungen, Urlaube, Hochzeiten oder als elegante Gastfreundschaft f\u00fcr Besucher.<\/p>\n<p data-start=\"487\" data-end=\"626\">\u2705 <strong data-start=\"489\" data-end=\"506\">Nettogewicht:<\/strong> 1200 g<br data-start=\"516\" data-end=\"519\">\u2705 <strong data-start=\"521\" data-end=\"534\">Zutaten:<\/strong> Hochwertige ganze Mandeln, reiner Zucker<br data-start=\"557\" data-end=\"560\">\u2705 <strong data-start=\"562\" data-end=\"576\">Verwendung:<\/strong> Gastfreundschaft, Veranstaltungen, Geschenke, Traditionelle S\u00fc\u00dfigkeiten  <\/p>\n<p data-start=\"628\" data-end=\"714\">Erg\u00e4nzen Sie Ihren Tisch mit <strong data-start=\"632\" data-end=\"650\">einem guten Mandeldressing<\/strong> und genie\u00dfen Sie ein luxuri\u00f6ses Dessert, das jedem Anlass einen Hauch von Originalit\u00e4t verleiht<\/p>\n<\/li>\n<\/ul>\n","protected":false},"excerpt":{"rendered":"<p><strong>Mandelkandierung 1200g &#8211; Khairat<\/strong><\/p>\n<ul>\n<li>\n<p data-start=\"83\" data-end=\"287\">Genie\u00dfen Sie den klassischen Geschmack <strong data-start=\"140\" data-end=\"163\">mit Mandel-Dressing von Khairat<\/strong>,<\/p>\n<\/li>\n<li>\n<p data-start=\"83\" data-end=\"287\">Premium-Mandelm\u00fcsli mischt sich mit einer knusprigen Schicht aus reinem wei\u00dfem Zucker,<\/p>\n<\/li>\n<\/ul>\n","protected":false},"featured_media":119039,"comment_status":"open","ping_status":"closed","template":"","meta":[],"product_brand":[],"product_cat":[301,297,310],"product_tag":[],"class_list":{"0":"post-119055","1":"product","2":"type-product","3":"status-publish","4":"has-post-thumbnail","6":"product_cat-arabische-suessigkeiten","7":"product_cat-dessert-chips-2","8":"product_cat-suessigkeiten-schokolade","10":"first","11":"outofstock","12":"taxable","13":"shipping-taxable","14":"purchasable","15":"product-type-simple"},"yoast_head":"<!-- This site is optimized with the Yoast SEO Premium plugin v26.5 (Yoast SEO v27.5) - https:\/\/yoast.com\/product\/yoast-seo-premium-wordpress\/ -->\n<title>Mandelkandierung 1200g - Khairat - Yasmin Food<\/title>\n<meta name=\"description\" content=\"Genie\u00dfen Sie den Geschmack von Mandel-Dressing 1200g - Khairat mit einem luxuri\u00f6sen Geschmack und einer knusprigen Textur. Servieren Sie dieses Dessert zu besonderen Anl\u00e4ssen oder als gro\u00dfe Gastfreundschaft. Mandelkandierung 1200g - Khairat\" \/>\n<meta name=\"robots\" content=\"index, follow, max-snippet:-1, max-image-preview:large, max-video-preview:-1\" \/>\n<link rel=\"canonical\" href=\"https:\/\/yasminfood.ch\/de\/product\/mandelkandierung-1200g-khairat\/\" \/>\n<meta property=\"og:locale\" content=\"de_DE\" \/>\n<meta property=\"og:type\" content=\"article\" \/>\n<meta property=\"og:title\" content=\"Mandelkandierung 1200g - Khairat\" \/>\n<meta property=\"og:description\" content=\"Mandelkandierung 1200g - Khairat   Genie\u00dfen Sie den klassischen Geschmack mit Mandel-Dressing von Khairat,   Premium-Mandelm\u00fcsli mischt sich mit einer knusprigen Schicht aus reinem wei\u00dfem Zucker,\" \/>\n<meta property=\"og:url\" content=\"https:\/\/yasminfood.ch\/de\/product\/mandelkandierung-1200g-khairat\/\" \/>\n<meta property=\"og:site_name\" content=\"Yasmin Food\" \/>\n<meta property=\"article:publisher\" content=\"https:\/\/www.facebook.com\/yasminmarkt1\" \/>\n<meta property=\"article:modified_time\" content=\"2025-08-13T13:24:44+00:00\" \/>\n<meta property=\"og:image\" content=\"https:\/\/yasminfood.ch\/wp-content\/uploads\/2025\/08\/\u0645\u0644\u0628\u0633-\u0644\u0648\u0632-1200\u063a-\u062e\u064a\u0631\u0627\u062a-.png\" \/>\n\t<meta property=\"og:image:width\" content=\"1080\" \/>\n\t<meta property=\"og:image:height\" content=\"1080\" \/>\n\t<meta property=\"og:image:type\" content=\"image\/png\" \/>\n<meta name=\"twitter:card\" content=\"summary_large_image\" \/>\n<meta name=\"twitter:label1\" content=\"Preis\" \/>\n\t<meta name=\"twitter:data1\" content=\"17.95&nbsp;&#067;&#072;&#070;\" \/>\n\t<meta name=\"twitter:label2\" content=\"Verf\u00fcgbarkeit\" \/>\n\t<meta name=\"twitter:data2\" content=\"ausverkauft\" \/>\n<script type=\"application\/ld+json\" class=\"yoast-schema-graph\">{\"@context\":\"https:\\\/\\\/schema.org\",\"@graph\":[{\"@type\":\"WebPage\",\"@id\":\"https:\\\/\\\/yasminfood.ch\\\/de\\\/product\\\/mandelkandierung-1200g-khairat\\\/\",\"url\":\"https:\\\/\\\/yasminfood.ch\\\/de\\\/product\\\/mandelkandierung-1200g-khairat\\\/\",\"name\":\"Mandelkandierung 1200g - Khairat - Yasmin Food\",\"isPartOf\":{\"@id\":\"https:\\\/\\\/yasminfood.ch\\\/de\\\/#website\"},\"primaryImageOfPage\":{\"@id\":\"https:\\\/\\\/yasminfood.ch\\\/de\\\/product\\\/mandelkandierung-1200g-khairat\\\/#primaryimage\"},\"image\":{\"@id\":\"https:\\\/\\\/yasminfood.ch\\\/de\\\/product\\\/mandelkandierung-1200g-khairat\\\/#primaryimage\"},\"thumbnailUrl\":\"https:\\\/\\\/yasminfood.ch\\\/wp-content\\\/uploads\\\/2025\\\/08\\\/\u0645\u0644\u0628\u0633-\u0644\u0648\u0632-1200\u063a-\u062e\u064a\u0631\u0627\u062a-.png\",\"datePublished\":\"2025-08-13T13:17:54+00:00\",\"dateModified\":\"2025-08-13T13:24:44+00:00\",\"description\":\"Genie\u00dfen Sie den Geschmack von Mandel-Dressing 1200g - Khairat mit einem luxuri\u00f6sen Geschmack und einer knusprigen Textur. Servieren Sie dieses Dessert zu besonderen Anl\u00e4ssen oder als gro\u00dfe Gastfreundschaft. Mandelkandierung 1200g - Khairat\",\"breadcrumb\":{\"@id\":\"https:\\\/\\\/yasminfood.ch\\\/de\\\/product\\\/mandelkandierung-1200g-khairat\\\/#breadcrumb\"},\"inLanguage\":\"de\",\"potentialAction\":[{\"@type\":\"ReadAction\",\"target\":[\"https:\\\/\\\/yasminfood.ch\\\/de\\\/product\\\/mandelkandierung-1200g-khairat\\\/\"]}]},{\"@type\":\"ImageObject\",\"inLanguage\":\"de\",\"@id\":\"https:\\\/\\\/yasminfood.ch\\\/de\\\/product\\\/mandelkandierung-1200g-khairat\\\/#primaryimage\",\"url\":\"https:\\\/\\\/yasminfood.ch\\\/wp-content\\\/uploads\\\/2025\\\/08\\\/\u0645\u0644\u0628\u0633-\u0644\u0648\u0632-1200\u063a-\u062e\u064a\u0631\u0627\u062a-.png\",\"contentUrl\":\"https:\\\/\\\/yasminfood.ch\\\/wp-content\\\/uploads\\\/2025\\\/08\\\/\u0645\u0644\u0628\u0633-\u0644\u0648\u0632-1200\u063a-\u062e\u064a\u0631\u0627\u062a-.png\",\"width\":1080,\"height\":1080,\"caption\":\"Mandelkandierung 1200g - Khairat\"},{\"@type\":\"BreadcrumbList\",\"@id\":\"https:\\\/\\\/yasminfood.ch\\\/de\\\/product\\\/mandelkandierung-1200g-khairat\\\/#breadcrumb\",\"itemListElement\":[{\"@type\":\"ListItem\",\"position\":1,\"name\":\"\u0627\u0644\u0631\u0626\u064a\u0633\u064a\u0629\",\"item\":\"https:\\\/\\\/yasminfood.ch\\\/de\\\/zuhause\\\/\"},{\"@type\":\"ListItem\",\"position\":2,\"name\":\"Shop\",\"item\":\"https:\\\/\\\/yasminfood.ch\\\/de\\\/shop\\\/\"},{\"@type\":\"ListItem\",\"position\":3,\"name\":\"Dessert &amp; Chips\",\"item\":\"https:\\\/\\\/yasminfood.ch\\\/de\\\/produkt-kategorie\\\/dessert-chips-2\\\/\"},{\"@type\":\"ListItem\",\"position\":4,\"name\":\"Mandelkandierung 1200g &#8211; Khairat\"}]},{\"@type\":\"WebSite\",\"@id\":\"https:\\\/\\\/yasminfood.ch\\\/de\\\/#website\",\"url\":\"https:\\\/\\\/yasminfood.ch\\\/de\\\/\",\"name\":\"\u064a\u0627\u0633\u0645\u064a\u0646 \u0645\u0627\u0631\u0643\u062a\",\"description\":\"Alles, was Sie brauchen, an einem Ort\",\"publisher\":{\"@id\":\"https:\\\/\\\/yasminfood.ch\\\/de\\\/#organization\"},\"alternateName\":\"Yasmin Food\",\"potentialAction\":[{\"@type\":\"SearchAction\",\"target\":{\"@type\":\"EntryPoint\",\"urlTemplate\":\"https:\\\/\\\/yasminfood.ch\\\/de\\\/?s={search_term_string}\"},\"query-input\":{\"@type\":\"PropertyValueSpecification\",\"valueRequired\":true,\"valueName\":\"search_term_string\"}}],\"inLanguage\":\"de\"},{\"@type\":\"Organization\",\"@id\":\"https:\\\/\\\/yasminfood.ch\\\/de\\\/#organization\",\"name\":\"\u064a\u0627\u0633\u0645\u064a\u0646 \u0645\u0627\u0631\u0643\u062a\",\"alternateName\":\"Yasmin Food\",\"url\":\"https:\\\/\\\/yasminfood.ch\\\/de\\\/\",\"logo\":{\"@type\":\"ImageObject\",\"inLanguage\":\"de\",\"@id\":\"https:\\\/\\\/yasminfood.ch\\\/de\\\/#\\\/schema\\\/logo\\\/image\\\/\",\"url\":\"https:\\\/\\\/yasminfood.ch\\\/wp-content\\\/uploads\\\/2025\\\/05\\\/yasmin-food-header-logo.png\",\"contentUrl\":\"https:\\\/\\\/yasminfood.ch\\\/wp-content\\\/uploads\\\/2025\\\/05\\\/yasmin-food-header-logo.png\",\"width\":330,\"height\":120,\"caption\":\"\u064a\u0627\u0633\u0645\u064a\u0646 \u0645\u0627\u0631\u0643\u062a\"},\"image\":{\"@id\":\"https:\\\/\\\/yasminfood.ch\\\/de\\\/#\\\/schema\\\/logo\\\/image\\\/\"},\"sameAs\":[\"https:\\\/\\\/www.facebook.com\\\/yasminmarkt1\",\"https:\\\/\\\/www.tiktok.com\\\/@yasminmarkt\",\"https:\\\/\\\/www.instagram.com\\\/yasmin.markt1\\\/\",\"https:\\\/\\\/api.whatsapp.com\\\/send\\\/?phone=41799000104\"],\"publishingPrinciples\":\"https:\\\/\\\/yasminfood.ch\\\/de\\\/shop\\\/\",\"ownershipFundingInfo\":\"https:\\\/\\\/yasminfood.ch\\\/de\\\/shop\\\/\"}]}<\/script>\n<meta property=\"product:price:amount\" content=\"17.95\" \/>\n<meta property=\"product:price:currency\" content=\"CHF\" \/>\n<meta property=\"og:availability\" content=\"out of stock\" \/>\n<meta property=\"product:availability\" content=\"out of stock\" \/>\n<meta property=\"product:condition\" content=\"new\" \/>\n<!-- \/ Yoast SEO Premium plugin. -->","yoast_head_json":{"title":"Mandelkandierung 1200g - Khairat - Yasmin Food","description":"Genie\u00dfen Sie den Geschmack von Mandel-Dressing 1200g - Khairat mit einem luxuri\u00f6sen Geschmack und einer knusprigen Textur. Servieren Sie dieses Dessert zu besonderen Anl\u00e4ssen oder als gro\u00dfe Gastfreundschaft. Mandelkandierung 1200g - Khairat","robots":{"index":"index","follow":"follow","max-snippet":"max-snippet:-1","max-image-preview":"max-image-preview:large","max-video-preview":"max-video-preview:-1"},"canonical":"https:\/\/yasminfood.ch\/de\/product\/mandelkandierung-1200g-khairat\/","og_locale":"de_DE","og_type":"article","og_title":"Mandelkandierung 1200g - Khairat","og_description":"Mandelkandierung 1200g - Khairat   Genie\u00dfen Sie den klassischen Geschmack mit Mandel-Dressing von Khairat,   Premium-Mandelm\u00fcsli mischt sich mit einer knusprigen Schicht aus reinem wei\u00dfem Zucker,","og_url":"https:\/\/yasminfood.ch\/de\/product\/mandelkandierung-1200g-khairat\/","og_site_name":"Yasmin Food","article_publisher":"https:\/\/www.facebook.com\/yasminmarkt1","article_modified_time":"2025-08-13T13:24:44+00:00","og_image":[{"width":1080,"height":1080,"url":"https:\/\/yasminfood.ch\/wp-content\/uploads\/2025\/08\/\u0645\u0644\u0628\u0633-\u0644\u0648\u0632-1200\u063a-\u062e\u064a\u0631\u0627\u062a-.png","type":"image\/png"}],"twitter_card":"summary_large_image","twitter_misc":{"Preis":"17.95&nbsp;&#67;&#72;&#70;","Verf\u00fcgbarkeit":"ausverkauft"},"schema":{"@context":"https:\/\/schema.org","@graph":[{"@type":"WebPage","@id":"https:\/\/yasminfood.ch\/de\/product\/mandelkandierung-1200g-khairat\/","url":"https:\/\/yasminfood.ch\/de\/product\/mandelkandierung-1200g-khairat\/","name":"Mandelkandierung 1200g - Khairat - Yasmin Food","isPartOf":{"@id":"https:\/\/yasminfood.ch\/de\/#website"},"primaryImageOfPage":{"@id":"https:\/\/yasminfood.ch\/de\/product\/mandelkandierung-1200g-khairat\/#primaryimage"},"image":{"@id":"https:\/\/yasminfood.ch\/de\/product\/mandelkandierung-1200g-khairat\/#primaryimage"},"thumbnailUrl":"https:\/\/yasminfood.ch\/wp-content\/uploads\/2025\/08\/\u0645\u0644\u0628\u0633-\u0644\u0648\u0632-1200\u063a-\u062e\u064a\u0631\u0627\u062a-.png","datePublished":"2025-08-13T13:17:54+00:00","dateModified":"2025-08-13T13:24:44+00:00","description":"Genie\u00dfen Sie den Geschmack von Mandel-Dressing 1200g - Khairat mit einem luxuri\u00f6sen Geschmack und einer knusprigen Textur. Servieren Sie dieses Dessert zu besonderen Anl\u00e4ssen oder als gro\u00dfe Gastfreundschaft. Mandelkandierung 1200g - Khairat","breadcrumb":{"@id":"https:\/\/yasminfood.ch\/de\/product\/mandelkandierung-1200g-khairat\/#breadcrumb"},"inLanguage":"de","potentialAction":[{"@type":"ReadAction","target":["https:\/\/yasminfood.ch\/de\/product\/mandelkandierung-1200g-khairat\/"]}]},{"@type":"ImageObject","inLanguage":"de","@id":"https:\/\/yasminfood.ch\/de\/product\/mandelkandierung-1200g-khairat\/#primaryimage","url":"https:\/\/yasminfood.ch\/wp-content\/uploads\/2025\/08\/\u0645\u0644\u0628\u0633-\u0644\u0648\u0632-1200\u063a-\u062e\u064a\u0631\u0627\u062a-.png","contentUrl":"https:\/\/yasminfood.ch\/wp-content\/uploads\/2025\/08\/\u0645\u0644\u0628\u0633-\u0644\u0648\u0632-1200\u063a-\u062e\u064a\u0631\u0627\u062a-.png","width":1080,"height":1080,"caption":"Mandelkandierung 1200g - Khairat"},{"@type":"BreadcrumbList","@id":"https:\/\/yasminfood.ch\/de\/product\/mandelkandierung-1200g-khairat\/#breadcrumb","itemListElement":[{"@type":"ListItem","position":1,"name":"\u0627\u0644\u0631\u0626\u064a\u0633\u064a\u0629","item":"https:\/\/yasminfood.ch\/de\/zuhause\/"},{"@type":"ListItem","position":2,"name":"Shop","item":"https:\/\/yasminfood.ch\/de\/shop\/"},{"@type":"ListItem","position":3,"name":"Dessert &amp; Chips","item":"https:\/\/yasminfood.ch\/de\/produkt-kategorie\/dessert-chips-2\/"},{"@type":"ListItem","position":4,"name":"Mandelkandierung 1200g &#8211; Khairat"}]},{"@type":"WebSite","@id":"https:\/\/yasminfood.ch\/de\/#website","url":"https:\/\/yasminfood.ch\/de\/","name":"\u064a\u0627\u0633\u0645\u064a\u0646 \u0645\u0627\u0631\u0643\u062a","description":"Alles, was Sie brauchen, an einem Ort","publisher":{"@id":"https:\/\/yasminfood.ch\/de\/#organization"},"alternateName":"Yasmin Food","potentialAction":[{"@type":"SearchAction","target":{"@type":"EntryPoint","urlTemplate":"https:\/\/yasminfood.ch\/de\/?s={search_term_string}"},"query-input":{"@type":"PropertyValueSpecification","valueRequired":true,"valueName":"search_term_string"}}],"inLanguage":"de"},{"@type":"Organization","@id":"https:\/\/yasminfood.ch\/de\/#organization","name":"\u064a\u0627\u0633\u0645\u064a\u0646 \u0645\u0627\u0631\u0643\u062a","alternateName":"Yasmin Food","url":"https:\/\/yasminfood.ch\/de\/","logo":{"@type":"ImageObject","inLanguage":"de","@id":"https:\/\/yasminfood.ch\/de\/#\/schema\/logo\/image\/","url":"https:\/\/yasminfood.ch\/wp-content\/uploads\/2025\/05\/yasmin-food-header-logo.png","contentUrl":"https:\/\/yasminfood.ch\/wp-content\/uploads\/2025\/05\/yasmin-food-header-logo.png","width":330,"height":120,"caption":"\u064a\u0627\u0633\u0645\u064a\u0646 \u0645\u0627\u0631\u0643\u062a"},"image":{"@id":"https:\/\/yasminfood.ch\/de\/#\/schema\/logo\/image\/"},"sameAs":["https:\/\/www.facebook.com\/yasminmarkt1","https:\/\/www.tiktok.com\/@yasminmarkt","https:\/\/www.instagram.com\/yasmin.markt1\/","https:\/\/api.whatsapp.com\/send\/?phone=41799000104"],"publishingPrinciples":"https:\/\/yasminfood.ch\/de\/shop\/","ownershipFundingInfo":"https:\/\/yasminfood.ch\/de\/shop\/"}]},"product_price_amount":"17.95","product_price_currency":"CHF","og_availability":"out of stock","product_availability":"out of stock","product_condition":"new"},"jetpack_sharing_enabled":true,"_links":{"self":[{"href":"https:\/\/yasminfood.ch\/de\/wp-json\/wp\/v2\/product\/119055","targetHints":{"allow":["GET"]}}],"collection":[{"href":"https:\/\/yasminfood.ch\/de\/wp-json\/wp\/v2\/product"}],"about":[{"href":"https:\/\/yasminfood.ch\/de\/wp-json\/wp\/v2\/types\/product"}],"replies":[{"embeddable":true,"href":"https:\/\/yasminfood.ch\/de\/wp-json\/wp\/v2\/comments?post=119055"}],"version-history":[{"count":0,"href":"https:\/\/yasminfood.ch\/de\/wp-json\/wp\/v2\/product\/119055\/revisions"}],"wp:featuredmedia":[{"embeddable":true,"href":"https:\/\/yasminfood.ch\/de\/wp-json\/wp\/v2\/media\/119039"}],"wp:attachment":[{"href":"https:\/\/yasminfood.ch\/de\/wp-json\/wp\/v2\/media?parent=119055"}],"wp:term":[{"taxonomy":"product_brand","embeddable":true,"href":"https:\/\/yasminfood.ch\/de\/wp-json\/wp\/v2\/product_brand?post=119055"},{"taxonomy":"product_cat","embeddable":true,"href":"https:\/\/yasminfood.ch\/de\/wp-json\/wp\/v2\/product_cat?post=119055"},{"taxonomy":"product_tag","embeddable":true,"href":"https:\/\/yasminfood.ch\/de\/wp-json\/wp\/v2\/product_tag?post=119055"}],"curies":[{"name":"wp","href":"https:\/\/api.w.org\/{rel}","templated":true}]}}