{"id":119081,"date":"2025-08-14T17:02:21","date_gmt":"2025-08-14T15:02:21","guid":{"rendered":"https:\/\/yasminfood.ch\/product\/blumen-taschentuch-box-himmelblau-gold-23x13x10-cm\/"},"modified":"2025-08-14T17:05:28","modified_gmt":"2025-08-14T15:05:28","slug":"blumen-taschentuch-box-himmelblau-gold-23x13x10-cm","status":"publish","type":"product","link":"https:\/\/yasminfood.ch\/de\/product\/blumen-taschentuch-box-himmelblau-gold-23x13x10-cm\/","title":{"rendered":"Blumen-Taschentuch-Box \u2013 Himmelblau  Gold (23\u00d713\u00d710 cm)"},"content":{"rendered":"<p><strong data-start=\"119\" data-end=\"188\">Blumen-Taschentuch-Box \u2013 Himmelblau  Gold (23\u00d713\u00d710 cm)<\/strong><\/p>\n<ul>\n<li>\n<p data-start=\"119\" data-end=\"437\">Verleihen Sie Ihrem Zuhause einen Hauch von Luxus und Raffinesse mit dieser <strong data-start=\"231\" data-end=\"265\">floralen dekorativen Taschentuchbox<\/strong><\/p>\n<\/li>\n<li>\n<p data-start=\"119\" data-end=\"437\">Mit leuchtend himmelblauer Farbe und gl\u00e4nzenden goldenen Details.<\/p>\n<\/li>\n<li>\n<p data-start=\"119\" data-end=\"437\">Das elegante Design vereint Weichheit und Luxus und ist damit ein ideales Dekorationsst\u00fcck f\u00fcr das Wohnzimmer, das Schlafzimmer oder den Empfangstresen.  <\/p>\n<p data-start=\"439\" data-end=\"583\">Hergestellt aus langlebigen, hochwertigen Materialien, mit einer praktischen oberen Abdeckung zum einfachen Platzieren und Ziehen von T\u00fcchern. Verziert mit vergoldeten Blumenmotiven, die ihm einen unverwechselbaren k\u00f6niglichen Look verleihen.  <\/p>\n<p data-start=\"585\" data-end=\"769\">\u2705 <strong data-start=\"587\" data-end=\"598\">Gr\u00f6\u00dfe:<\/strong> L\u00e4nge 23 cm\u00d7Breite 13 cm\u00d7H\u00f6he 10 cm<br data-start=\"641\" data-end=\"644\">\u2705 <strong data-start=\"646\" data-end=\"656\">Farbe:<\/strong> Himmelblau mit Gold verziert<br data-start=\"680\" data-end=\"683\">\u2705 <strong data-start=\"685\" data-end=\"696\">Material:<\/strong> Langlebig und luxuri\u00f6s<br data-start=\"709\" data-end=\"712\">\u2705 <strong data-start=\"714\" data-end=\"728\">Verwendung:<\/strong> Heimdekoration, B\u00fcro, Gastgewerbe, besondere Geschenke <\/p>\n<p data-start=\"771\" data-end=\"883\">\n<\/li>\n<\/ul>\n","protected":false},"excerpt":{"rendered":"<p><strong data-start=\"119\" data-end=\"188\">Blumen-Taschentuch-Box \u2013 Himmelblau  Gold (23\u00d713\u00d710 cm)<\/strong><\/p>\n<ul>\n<li>\n<p data-start=\"119\" data-end=\"437\">Verleihen Sie Ihrem Zuhause einen Hauch von Luxus und Raffinesse mit dieser <strong data-start=\"231\" data-end=\"265\">floralen dekorativen Taschentuchbox<\/strong><\/p>\n<\/li>\n<\/ul>\n","protected":false},"featured_media":119076,"comment_status":"open","ping_status":"closed","template":"","meta":[],"product_brand":[],"product_cat":[904,388],"product_tag":[],"class_list":{"0":"post-119081","1":"product","2":"type-product","3":"status-publish","4":"has-post-thumbnail","6":"product_cat-kuechenutensilien","7":"product_cat-nonfood","9":"first","10":"instock","11":"taxable","12":"shipping-taxable","13":"purchasable","14":"product-type-simple"},"yoast_head":"<!-- This site is optimized with the Yoast SEO Premium plugin v26.5 (Yoast SEO v27.5) - https:\/\/yoast.com\/product\/yoast-seo-premium-wordpress\/ -->\n<title>Blumen-Taschentuch-Box \u2013 Himmelblau Gold (23\u00d713\u00d710 cm) - Yasmin Food<\/title>\n<meta name=\"description\" content=\"W\u00e4hlen Sie eine Schachtel mit Taschent\u00fcchern, die mit Blumen verziert sind \u2013 Himmelblau mit Gold, um Ihrem Zuhause einen Hauch von Luxus zu verleihen. Ein stilvolles Design, das in jeden Raum passt, holen Sie es sich jetzt!\" \/>\n<meta name=\"robots\" content=\"index, follow, max-snippet:-1, max-image-preview:large, max-video-preview:-1\" \/>\n<link rel=\"canonical\" href=\"https:\/\/yasminfood.ch\/de\/product\/blumen-taschentuch-box-himmelblau-gold-23x13x10-cm\/\" \/>\n<meta property=\"og:locale\" content=\"de_DE\" \/>\n<meta property=\"og:type\" content=\"article\" \/>\n<meta property=\"og:title\" content=\"Blumen-Taschentuch-Box \u2013 Himmelblau Gold (23\u00d713\u00d710 cm)\" \/>\n<meta property=\"og:description\" content=\"Blumen-Taschentuch-Box \u2013 Himmelblau Gold (23\u00d713\u00d710 cm)   Verleihen Sie Ihrem Zuhause einen Hauch von Luxus und Raffinesse mit dieser floralen dekorativen Taschentuchbox\" \/>\n<meta property=\"og:url\" content=\"https:\/\/yasminfood.ch\/de\/product\/blumen-taschentuch-box-himmelblau-gold-23x13x10-cm\/\" \/>\n<meta property=\"og:site_name\" content=\"Yasmin Food\" \/>\n<meta property=\"article:publisher\" content=\"https:\/\/www.facebook.com\/yasminmarkt1\" \/>\n<meta property=\"article:modified_time\" content=\"2025-08-14T15:05:28+00:00\" \/>\n<meta property=\"og:image\" content=\"https:\/\/yasminfood.ch\/wp-content\/uploads\/2025\/08\/\u0639\u0644\u0628\u0629-\u0645\u0646\u0627\u062f\u064a\u0644-\u0645\u0632\u062e\u0631\u0641\u0629-\u0628\u0627\u0644\u0648\u0631\u0648\u062f-\u2013-\u0644\u0648\u0646-\u0623\u0632\u0631\u0642-\u0633\u0645\u0627\u0648\u064a-\u0645\u0639-\u0630\u0647\u0628\u064a-23\u00d713\u00d710-\u0633\u0645-1024x1024.png\" \/>\n\t<meta property=\"og:image:width\" content=\"1024\" \/>\n\t<meta property=\"og:image:height\" content=\"1024\" \/>\n\t<meta property=\"og:image:type\" content=\"image\/png\" \/>\n<meta name=\"twitter:card\" content=\"summary_large_image\" \/>\n<meta name=\"twitter:label1\" content=\"Preis\" \/>\n\t<meta name=\"twitter:data1\" content=\"12.50&nbsp;&#067;&#072;&#070;\" \/>\n\t<meta name=\"twitter:label2\" content=\"Verf\u00fcgbarkeit\" \/>\n\t<meta name=\"twitter:data2\" content=\"Auf Lager\" \/>\n<script type=\"application\/ld+json\" class=\"yoast-schema-graph\">{\"@context\":\"https:\\\/\\\/schema.org\",\"@graph\":[{\"@type\":\"WebPage\",\"@id\":\"https:\\\/\\\/yasminfood.ch\\\/de\\\/product\\\/blumen-taschentuch-box-himmelblau-gold-23x13x10-cm\\\/\",\"url\":\"https:\\\/\\\/yasminfood.ch\\\/de\\\/product\\\/blumen-taschentuch-box-himmelblau-gold-23x13x10-cm\\\/\",\"name\":\"Blumen-Taschentuch-Box \u2013 Himmelblau Gold (23\u00d713\u00d710 cm) - Yasmin Food\",\"isPartOf\":{\"@id\":\"https:\\\/\\\/yasminfood.ch\\\/de\\\/#website\"},\"primaryImageOfPage\":{\"@id\":\"https:\\\/\\\/yasminfood.ch\\\/de\\\/product\\\/blumen-taschentuch-box-himmelblau-gold-23x13x10-cm\\\/#primaryimage\"},\"image\":{\"@id\":\"https:\\\/\\\/yasminfood.ch\\\/de\\\/product\\\/blumen-taschentuch-box-himmelblau-gold-23x13x10-cm\\\/#primaryimage\"},\"thumbnailUrl\":\"https:\\\/\\\/yasminfood.ch\\\/wp-content\\\/uploads\\\/2025\\\/08\\\/\u0639\u0644\u0628\u0629-\u0645\u0646\u0627\u062f\u064a\u0644-\u0645\u0632\u062e\u0631\u0641\u0629-\u0628\u0627\u0644\u0648\u0631\u0648\u062f-\u2013-\u0644\u0648\u0646-\u0623\u0632\u0631\u0642-\u0633\u0645\u0627\u0648\u064a-\u0645\u0639-\u0630\u0647\u0628\u064a-23\u00d713\u00d710-\u0633\u0645.png\",\"datePublished\":\"2025-08-14T15:02:21+00:00\",\"dateModified\":\"2025-08-14T15:05:28+00:00\",\"description\":\"W\u00e4hlen Sie eine Schachtel mit Taschent\u00fcchern, die mit Blumen verziert sind \u2013 Himmelblau mit Gold, um Ihrem Zuhause einen Hauch von Luxus zu verleihen. Ein stilvolles Design, das in jeden Raum passt, holen Sie es sich jetzt!\",\"breadcrumb\":{\"@id\":\"https:\\\/\\\/yasminfood.ch\\\/de\\\/product\\\/blumen-taschentuch-box-himmelblau-gold-23x13x10-cm\\\/#breadcrumb\"},\"inLanguage\":\"de\",\"potentialAction\":[{\"@type\":\"ReadAction\",\"target\":[\"https:\\\/\\\/yasminfood.ch\\\/de\\\/product\\\/blumen-taschentuch-box-himmelblau-gold-23x13x10-cm\\\/\"]}]},{\"@type\":\"ImageObject\",\"inLanguage\":\"de\",\"@id\":\"https:\\\/\\\/yasminfood.ch\\\/de\\\/product\\\/blumen-taschentuch-box-himmelblau-gold-23x13x10-cm\\\/#primaryimage\",\"url\":\"https:\\\/\\\/yasminfood.ch\\\/wp-content\\\/uploads\\\/2025\\\/08\\\/\u0639\u0644\u0628\u0629-\u0645\u0646\u0627\u062f\u064a\u0644-\u0645\u0632\u062e\u0631\u0641\u0629-\u0628\u0627\u0644\u0648\u0631\u0648\u062f-\u2013-\u0644\u0648\u0646-\u0623\u0632\u0631\u0642-\u0633\u0645\u0627\u0648\u064a-\u0645\u0639-\u0630\u0647\u0628\u064a-23\u00d713\u00d710-\u0633\u0645.png\",\"contentUrl\":\"https:\\\/\\\/yasminfood.ch\\\/wp-content\\\/uploads\\\/2025\\\/08\\\/\u0639\u0644\u0628\u0629-\u0645\u0646\u0627\u062f\u064a\u0644-\u0645\u0632\u062e\u0631\u0641\u0629-\u0628\u0627\u0644\u0648\u0631\u0648\u062f-\u2013-\u0644\u0648\u0646-\u0623\u0632\u0631\u0642-\u0633\u0645\u0627\u0648\u064a-\u0645\u0639-\u0630\u0647\u0628\u064a-23\u00d713\u00d710-\u0633\u0645.png\",\"width\":1890,\"height\":1890,\"caption\":\"Blumen-Taschentuch-Box \u2013 Himmelblau Gold (23\u00d713\u00d710 cm)\"},{\"@type\":\"BreadcrumbList\",\"@id\":\"https:\\\/\\\/yasminfood.ch\\\/de\\\/product\\\/blumen-taschentuch-box-himmelblau-gold-23x13x10-cm\\\/#breadcrumb\",\"itemListElement\":[{\"@type\":\"ListItem\",\"position\":1,\"name\":\"\u0627\u0644\u0631\u0626\u064a\u0633\u064a\u0629\",\"item\":\"https:\\\/\\\/yasminfood.ch\\\/de\\\/zuhause\\\/\"},{\"@type\":\"ListItem\",\"position\":2,\"name\":\"Shop\",\"item\":\"https:\\\/\\\/yasminfood.ch\\\/de\\\/shop\\\/\"},{\"@type\":\"ListItem\",\"position\":3,\"name\":\"Nonfood\",\"item\":\"https:\\\/\\\/yasminfood.ch\\\/de\\\/produkt-kategorie\\\/nonfood\\\/\"},{\"@type\":\"ListItem\",\"position\":4,\"name\":\"Blumen-Taschentuch-Box \u2013 Himmelblau Gold (23\u00d713\u00d710 cm)\"}]},{\"@type\":\"WebSite\",\"@id\":\"https:\\\/\\\/yasminfood.ch\\\/de\\\/#website\",\"url\":\"https:\\\/\\\/yasminfood.ch\\\/de\\\/\",\"name\":\"\u064a\u0627\u0633\u0645\u064a\u0646 \u0645\u0627\u0631\u0643\u062a\",\"description\":\"Alles, was Sie brauchen, an einem Ort\",\"publisher\":{\"@id\":\"https:\\\/\\\/yasminfood.ch\\\/de\\\/#organization\"},\"alternateName\":\"Yasmin Food\",\"potentialAction\":[{\"@type\":\"SearchAction\",\"target\":{\"@type\":\"EntryPoint\",\"urlTemplate\":\"https:\\\/\\\/yasminfood.ch\\\/de\\\/?s={search_term_string}\"},\"query-input\":{\"@type\":\"PropertyValueSpecification\",\"valueRequired\":true,\"valueName\":\"search_term_string\"}}],\"inLanguage\":\"de\"},{\"@type\":\"Organization\",\"@id\":\"https:\\\/\\\/yasminfood.ch\\\/de\\\/#organization\",\"name\":\"\u064a\u0627\u0633\u0645\u064a\u0646 \u0645\u0627\u0631\u0643\u062a\",\"alternateName\":\"Yasmin Food\",\"url\":\"https:\\\/\\\/yasminfood.ch\\\/de\\\/\",\"logo\":{\"@type\":\"ImageObject\",\"inLanguage\":\"de\",\"@id\":\"https:\\\/\\\/yasminfood.ch\\\/de\\\/#\\\/schema\\\/logo\\\/image\\\/\",\"url\":\"https:\\\/\\\/yasminfood.ch\\\/wp-content\\\/uploads\\\/2025\\\/05\\\/yasmin-food-header-logo.png\",\"contentUrl\":\"https:\\\/\\\/yasminfood.ch\\\/wp-content\\\/uploads\\\/2025\\\/05\\\/yasmin-food-header-logo.png\",\"width\":330,\"height\":120,\"caption\":\"\u064a\u0627\u0633\u0645\u064a\u0646 \u0645\u0627\u0631\u0643\u062a\"},\"image\":{\"@id\":\"https:\\\/\\\/yasminfood.ch\\\/de\\\/#\\\/schema\\\/logo\\\/image\\\/\"},\"sameAs\":[\"https:\\\/\\\/www.facebook.com\\\/yasminmarkt1\",\"https:\\\/\\\/www.tiktok.com\\\/@yasminmarkt\",\"https:\\\/\\\/www.instagram.com\\\/yasmin.markt1\\\/\",\"https:\\\/\\\/api.whatsapp.com\\\/send\\\/?phone=41799000104\"],\"publishingPrinciples\":\"https:\\\/\\\/yasminfood.ch\\\/de\\\/shop\\\/\",\"ownershipFundingInfo\":\"https:\\\/\\\/yasminfood.ch\\\/de\\\/shop\\\/\"}]}<\/script>\n<meta property=\"product:price:amount\" content=\"12.50\" \/>\n<meta property=\"product:price:currency\" content=\"CHF\" \/>\n<meta property=\"og:availability\" content=\"instock\" \/>\n<meta property=\"product:availability\" content=\"instock\" \/>\n<meta property=\"product:condition\" content=\"new\" \/>\n<!-- \/ Yoast SEO Premium plugin. -->","yoast_head_json":{"title":"Blumen-Taschentuch-Box \u2013 Himmelblau Gold (23\u00d713\u00d710 cm) - Yasmin Food","description":"W\u00e4hlen Sie eine Schachtel mit Taschent\u00fcchern, die mit Blumen verziert sind \u2013 Himmelblau mit Gold, um Ihrem Zuhause einen Hauch von Luxus zu verleihen. Ein stilvolles Design, das in jeden Raum passt, holen Sie es sich jetzt!","robots":{"index":"index","follow":"follow","max-snippet":"max-snippet:-1","max-image-preview":"max-image-preview:large","max-video-preview":"max-video-preview:-1"},"canonical":"https:\/\/yasminfood.ch\/de\/product\/blumen-taschentuch-box-himmelblau-gold-23x13x10-cm\/","og_locale":"de_DE","og_type":"article","og_title":"Blumen-Taschentuch-Box \u2013 Himmelblau Gold (23\u00d713\u00d710 cm)","og_description":"Blumen-Taschentuch-Box \u2013 Himmelblau Gold (23\u00d713\u00d710 cm)   Verleihen Sie Ihrem Zuhause einen Hauch von Luxus und Raffinesse mit dieser floralen dekorativen Taschentuchbox","og_url":"https:\/\/yasminfood.ch\/de\/product\/blumen-taschentuch-box-himmelblau-gold-23x13x10-cm\/","og_site_name":"Yasmin Food","article_publisher":"https:\/\/www.facebook.com\/yasminmarkt1","article_modified_time":"2025-08-14T15:05:28+00:00","og_image":[{"width":1024,"height":1024,"url":"https:\/\/yasminfood.ch\/wp-content\/uploads\/2025\/08\/\u0639\u0644\u0628\u0629-\u0645\u0646\u0627\u062f\u064a\u0644-\u0645\u0632\u062e\u0631\u0641\u0629-\u0628\u0627\u0644\u0648\u0631\u0648\u062f-\u2013-\u0644\u0648\u0646-\u0623\u0632\u0631\u0642-\u0633\u0645\u0627\u0648\u064a-\u0645\u0639-\u0630\u0647\u0628\u064a-23\u00d713\u00d710-\u0633\u0645-1024x1024.png","type":"image\/png"}],"twitter_card":"summary_large_image","twitter_misc":{"Preis":"12.50&nbsp;&#67;&#72;&#70;","Verf\u00fcgbarkeit":"Auf Lager"},"schema":{"@context":"https:\/\/schema.org","@graph":[{"@type":"WebPage","@id":"https:\/\/yasminfood.ch\/de\/product\/blumen-taschentuch-box-himmelblau-gold-23x13x10-cm\/","url":"https:\/\/yasminfood.ch\/de\/product\/blumen-taschentuch-box-himmelblau-gold-23x13x10-cm\/","name":"Blumen-Taschentuch-Box \u2013 Himmelblau Gold (23\u00d713\u00d710 cm) - Yasmin Food","isPartOf":{"@id":"https:\/\/yasminfood.ch\/de\/#website"},"primaryImageOfPage":{"@id":"https:\/\/yasminfood.ch\/de\/product\/blumen-taschentuch-box-himmelblau-gold-23x13x10-cm\/#primaryimage"},"image":{"@id":"https:\/\/yasminfood.ch\/de\/product\/blumen-taschentuch-box-himmelblau-gold-23x13x10-cm\/#primaryimage"},"thumbnailUrl":"https:\/\/yasminfood.ch\/wp-content\/uploads\/2025\/08\/\u0639\u0644\u0628\u0629-\u0645\u0646\u0627\u062f\u064a\u0644-\u0645\u0632\u062e\u0631\u0641\u0629-\u0628\u0627\u0644\u0648\u0631\u0648\u062f-\u2013-\u0644\u0648\u0646-\u0623\u0632\u0631\u0642-\u0633\u0645\u0627\u0648\u064a-\u0645\u0639-\u0630\u0647\u0628\u064a-23\u00d713\u00d710-\u0633\u0645.png","datePublished":"2025-08-14T15:02:21+00:00","dateModified":"2025-08-14T15:05:28+00:00","description":"W\u00e4hlen Sie eine Schachtel mit Taschent\u00fcchern, die mit Blumen verziert sind \u2013 Himmelblau mit Gold, um Ihrem Zuhause einen Hauch von Luxus zu verleihen. Ein stilvolles Design, das in jeden Raum passt, holen Sie es sich jetzt!","breadcrumb":{"@id":"https:\/\/yasminfood.ch\/de\/product\/blumen-taschentuch-box-himmelblau-gold-23x13x10-cm\/#breadcrumb"},"inLanguage":"de","potentialAction":[{"@type":"ReadAction","target":["https:\/\/yasminfood.ch\/de\/product\/blumen-taschentuch-box-himmelblau-gold-23x13x10-cm\/"]}]},{"@type":"ImageObject","inLanguage":"de","@id":"https:\/\/yasminfood.ch\/de\/product\/blumen-taschentuch-box-himmelblau-gold-23x13x10-cm\/#primaryimage","url":"https:\/\/yasminfood.ch\/wp-content\/uploads\/2025\/08\/\u0639\u0644\u0628\u0629-\u0645\u0646\u0627\u062f\u064a\u0644-\u0645\u0632\u062e\u0631\u0641\u0629-\u0628\u0627\u0644\u0648\u0631\u0648\u062f-\u2013-\u0644\u0648\u0646-\u0623\u0632\u0631\u0642-\u0633\u0645\u0627\u0648\u064a-\u0645\u0639-\u0630\u0647\u0628\u064a-23\u00d713\u00d710-\u0633\u0645.png","contentUrl":"https:\/\/yasminfood.ch\/wp-content\/uploads\/2025\/08\/\u0639\u0644\u0628\u0629-\u0645\u0646\u0627\u062f\u064a\u0644-\u0645\u0632\u062e\u0631\u0641\u0629-\u0628\u0627\u0644\u0648\u0631\u0648\u062f-\u2013-\u0644\u0648\u0646-\u0623\u0632\u0631\u0642-\u0633\u0645\u0627\u0648\u064a-\u0645\u0639-\u0630\u0647\u0628\u064a-23\u00d713\u00d710-\u0633\u0645.png","width":1890,"height":1890,"caption":"Blumen-Taschentuch-Box \u2013 Himmelblau Gold (23\u00d713\u00d710 cm)"},{"@type":"BreadcrumbList","@id":"https:\/\/yasminfood.ch\/de\/product\/blumen-taschentuch-box-himmelblau-gold-23x13x10-cm\/#breadcrumb","itemListElement":[{"@type":"ListItem","position":1,"name":"\u0627\u0644\u0631\u0626\u064a\u0633\u064a\u0629","item":"https:\/\/yasminfood.ch\/de\/zuhause\/"},{"@type":"ListItem","position":2,"name":"Shop","item":"https:\/\/yasminfood.ch\/de\/shop\/"},{"@type":"ListItem","position":3,"name":"Nonfood","item":"https:\/\/yasminfood.ch\/de\/produkt-kategorie\/nonfood\/"},{"@type":"ListItem","position":4,"name":"Blumen-Taschentuch-Box \u2013 Himmelblau Gold (23\u00d713\u00d710 cm)"}]},{"@type":"WebSite","@id":"https:\/\/yasminfood.ch\/de\/#website","url":"https:\/\/yasminfood.ch\/de\/","name":"\u064a\u0627\u0633\u0645\u064a\u0646 \u0645\u0627\u0631\u0643\u062a","description":"Alles, was Sie brauchen, an einem Ort","publisher":{"@id":"https:\/\/yasminfood.ch\/de\/#organization"},"alternateName":"Yasmin Food","potentialAction":[{"@type":"SearchAction","target":{"@type":"EntryPoint","urlTemplate":"https:\/\/yasminfood.ch\/de\/?s={search_term_string}"},"query-input":{"@type":"PropertyValueSpecification","valueRequired":true,"valueName":"search_term_string"}}],"inLanguage":"de"},{"@type":"Organization","@id":"https:\/\/yasminfood.ch\/de\/#organization","name":"\u064a\u0627\u0633\u0645\u064a\u0646 \u0645\u0627\u0631\u0643\u062a","alternateName":"Yasmin Food","url":"https:\/\/yasminfood.ch\/de\/","logo":{"@type":"ImageObject","inLanguage":"de","@id":"https:\/\/yasminfood.ch\/de\/#\/schema\/logo\/image\/","url":"https:\/\/yasminfood.ch\/wp-content\/uploads\/2025\/05\/yasmin-food-header-logo.png","contentUrl":"https:\/\/yasminfood.ch\/wp-content\/uploads\/2025\/05\/yasmin-food-header-logo.png","width":330,"height":120,"caption":"\u064a\u0627\u0633\u0645\u064a\u0646 \u0645\u0627\u0631\u0643\u062a"},"image":{"@id":"https:\/\/yasminfood.ch\/de\/#\/schema\/logo\/image\/"},"sameAs":["https:\/\/www.facebook.com\/yasminmarkt1","https:\/\/www.tiktok.com\/@yasminmarkt","https:\/\/www.instagram.com\/yasmin.markt1\/","https:\/\/api.whatsapp.com\/send\/?phone=41799000104"],"publishingPrinciples":"https:\/\/yasminfood.ch\/de\/shop\/","ownershipFundingInfo":"https:\/\/yasminfood.ch\/de\/shop\/"}]},"product_price_amount":"12.50","product_price_currency":"CHF","og_availability":"instock","product_availability":"instock","product_condition":"new"},"jetpack_sharing_enabled":true,"_links":{"self":[{"href":"https:\/\/yasminfood.ch\/de\/wp-json\/wp\/v2\/product\/119081","targetHints":{"allow":["GET"]}}],"collection":[{"href":"https:\/\/yasminfood.ch\/de\/wp-json\/wp\/v2\/product"}],"about":[{"href":"https:\/\/yasminfood.ch\/de\/wp-json\/wp\/v2\/types\/product"}],"replies":[{"embeddable":true,"href":"https:\/\/yasminfood.ch\/de\/wp-json\/wp\/v2\/comments?post=119081"}],"version-history":[{"count":0,"href":"https:\/\/yasminfood.ch\/de\/wp-json\/wp\/v2\/product\/119081\/revisions"}],"wp:featuredmedia":[{"embeddable":true,"href":"https:\/\/yasminfood.ch\/de\/wp-json\/wp\/v2\/media\/119076"}],"wp:attachment":[{"href":"https:\/\/yasminfood.ch\/de\/wp-json\/wp\/v2\/media?parent=119081"}],"wp:term":[{"taxonomy":"product_brand","embeddable":true,"href":"https:\/\/yasminfood.ch\/de\/wp-json\/wp\/v2\/product_brand?post=119081"},{"taxonomy":"product_cat","embeddable":true,"href":"https:\/\/yasminfood.ch\/de\/wp-json\/wp\/v2\/product_cat?post=119081"},{"taxonomy":"product_tag","embeddable":true,"href":"https:\/\/yasminfood.ch\/de\/wp-json\/wp\/v2\/product_tag?post=119081"}],"curies":[{"name":"wp","href":"https:\/\/api.w.org\/{rel}","templated":true}]}}