{"id":119082,"date":"2025-08-14T16:56:57","date_gmt":"2025-08-14T14:56:57","guid":{"rendered":"https:\/\/yasminfood.ch\/product\/blumen-taschentuch-box-elegantes-rosa-23x13x10-cm\/"},"modified":"2025-08-14T17:05:29","modified_gmt":"2025-08-14T15:05:29","slug":"blumen-taschentuch-box-elegantes-rosa-23x13x10-cm","status":"publish","type":"product","link":"https:\/\/yasminfood.ch\/de\/product\/blumen-taschentuch-box-elegantes-rosa-23x13x10-cm\/","title":{"rendered":"Blumen-Taschentuch-Box \u2013 Elegantes Rosa (23\u00d713\u00d710 cm)"},"content":{"rendered":"<p><strong data-start=\"46\" data-end=\"106\">Blumen-Taschentuch-Box \u2013 Elegantes Rosa (23\u00d713\u00d710 cm)<\/strong><\/p>\n<ul>\n<li>\n<p data-start=\"46\" data-end=\"370\">Verleihen Sie Ihrer Wohnkultur einen Hauch von Weichheit und Luxus mit <strong data-start=\"157\" data-end=\"191\">dieser floralen dekorativen Taschentuchbox<\/strong><\/p>\n<\/li>\n<li>\n<p data-start=\"46\" data-end=\"370\">In ruhigem Rosa und gl\u00e4nzenden silbernen Details. Ein luxuri\u00f6ses Design, das klassische Sch\u00f6nheit mit hochwertigen Dekorationen verbindet, <\/p>\n<\/li>\n<li>\n<p data-start=\"46\" data-end=\"370\">Damit ist es ein ideales Dekorationsst\u00fcck f\u00fcr Ihr Wohnzimmer, Schlafzimmer oder Ihre Rezeption. <\/p>\n<\/li>\n<li>\n<p data-start=\"46\" data-end=\"370\">\n<p data-start=\"372\" data-end=\"495\">Hergestellt aus hochwertigen Materialien mit einer praktischen oberen Abdeckung zum einfachen Platzieren und Ziehen von T\u00fcchern,<\/p>\n<\/li>\n<li>\n<p data-start=\"372\" data-end=\"495\">Er ist mit markanten Rosenmotiven versehen, die ihm einen raffinierten, femininen Touch verleihen.<\/p>\n<p data-start=\"497\" data-end=\"682\">\u2705 <strong data-start=\"499\" data-end=\"510\">Gr\u00f6\u00dfe:<\/strong> L\u00e4nge 23 cm\u00d7Breite 13 cm\u00d7H\u00f6he 10 cm<br data-start=\"553\" data-end=\"556\">\u2705 <strong data-start=\"558\" data-end=\"568\">Farbe:<\/strong> Pink Embossed Silver<br data-start=\"586\" data-end=\"589\">\u2705 <strong data-start=\"591\" data-end=\"602\">Material:<\/strong> Langlebig und hochwertig<br data-start=\"622\" data-end=\"625\">\u2705 <strong data-start=\"627\" data-end=\"641\">Verwendung:<\/strong> Heimdekoration, B\u00fcro, Gastgewerbe, besondere Geschenke <\/p>\n<p data-start=\"684\" data-end=\"790\">\n<\/li>\n<\/ul>\n","protected":false},"excerpt":{"rendered":"<p><strong data-start=\"46\" data-end=\"106\">Blumen-Taschentuch-Box \u2013 Elegantes Rosa (23\u00d713\u00d710 cm)<\/strong><\/p>\n<ul>\n<li>\n<p data-start=\"46\" data-end=\"370\">Verleihen Sie Ihrer Wohnkultur einen Hauch von Weichheit und Luxus mit <strong data-start=\"157\" data-end=\"191\">dieser floralen dekorativen Taschentuchbox<\/strong><\/p>\n<\/li>\n<li>\n<p data-start=\"46\" data-end=\"370\">In ruhigem Rosa und gl\u00e4nzenden silbernen Details. Ein luxuri\u00f6ses Design, das klassische Sch\u00f6nheit mit hochwertigen Dekorationen verbindet, <\/p>\n<\/li>\n<\/ul>\n","protected":false},"featured_media":119071,"comment_status":"open","ping_status":"closed","template":"","meta":[],"product_brand":[],"product_cat":[904,388],"product_tag":[],"class_list":{"0":"post-119082","1":"product","2":"type-product","3":"status-publish","4":"has-post-thumbnail","6":"product_cat-kuechenutensilien","7":"product_cat-nonfood","9":"first","10":"instock","11":"taxable","12":"shipping-taxable","13":"purchasable","14":"product-type-simple"},"yoast_head":"<!-- This site is optimized with the Yoast SEO Premium plugin v26.5 (Yoast SEO v27.5) - https:\/\/yoast.com\/product\/yoast-seo-premium-wordpress\/ -->\n<title>Blumen-Taschentuch-Box \u2013 Elegantes Rosa (23\u00d713\u00d710 cm) - Yasmin Food<\/title>\n<meta name=\"description\" content=\"Verleihen Sie ihm einen Hauch von Luxus mit einer Schachtel mit Servietten mit Blumenpr\u00e4gung \u2013 elegantes Rosa (23\u00d713\u00d710 cm). Genie\u00dfen Sie die Sch\u00f6nheit gl\u00e4nzender silberner Details! Yasmin Food\" \/>\n<meta name=\"robots\" content=\"index, follow, max-snippet:-1, max-image-preview:large, max-video-preview:-1\" \/>\n<link rel=\"canonical\" href=\"https:\/\/yasminfood.ch\/de\/product\/blumen-taschentuch-box-elegantes-rosa-23x13x10-cm\/\" \/>\n<meta property=\"og:locale\" content=\"de_DE\" \/>\n<meta property=\"og:type\" content=\"article\" \/>\n<meta property=\"og:title\" content=\"Blumen-Taschentuch-Box \u2013 Elegantes Rosa (23\u00d713\u00d710 cm)\" \/>\n<meta property=\"og:description\" content=\"Blumen-Taschentuch-Box \u2013 Elegantes Rosa (23\u00d713\u00d710 cm)   Verleihen Sie Ihrer Wohnkultur einen Hauch von Weichheit und Luxus mit dieser floralen dekorativen Taschentuchbox   In ruhigem Rosa und gl\u00e4nzenden silbernen Details. Ein luxuri\u00f6ses Design, das klassische Sch\u00f6nheit mit hochwertigen Dekorationen verbindet,\" \/>\n<meta property=\"og:url\" content=\"https:\/\/yasminfood.ch\/de\/product\/blumen-taschentuch-box-elegantes-rosa-23x13x10-cm\/\" \/>\n<meta property=\"og:site_name\" content=\"Yasmin Food\" \/>\n<meta property=\"article:publisher\" content=\"https:\/\/www.facebook.com\/yasminmarkt1\" \/>\n<meta property=\"article:modified_time\" content=\"2025-08-14T15:05:29+00:00\" \/>\n<meta property=\"og:image\" content=\"https:\/\/yasminfood.ch\/wp-content\/uploads\/2025\/08\/\u0639\u0644\u0628\u0629-\u0645\u0646\u0627\u062f\u064a\u0644-\u0645\u0632\u062e\u0631\u0641\u0629-\u0628\u0627\u0644\u0648\u0631\u0648\u062f-\u2013-\u0644\u0648\u0646-\u0648\u0631\u062f\u064a-\u0623\u0646\u064a\u0642-23\u00d713\u00d710-\u0633\u0645.png\" \/>\n\t<meta property=\"og:image:width\" content=\"1890\" \/>\n\t<meta property=\"og:image:height\" content=\"1890\" \/>\n\t<meta property=\"og:image:type\" content=\"image\/png\" \/>\n<meta name=\"twitter:card\" content=\"summary_large_image\" \/>\n<meta name=\"twitter:label1\" content=\"Preis\" \/>\n\t<meta name=\"twitter:data1\" content=\"12.50&nbsp;&#067;&#072;&#070;\" \/>\n\t<meta name=\"twitter:label2\" content=\"Verf\u00fcgbarkeit\" \/>\n\t<meta name=\"twitter:data2\" content=\"Auf Lager\" \/>\n<script type=\"application\/ld+json\" class=\"yoast-schema-graph\">{\"@context\":\"https:\\\/\\\/schema.org\",\"@graph\":[{\"@type\":\"WebPage\",\"@id\":\"https:\\\/\\\/yasminfood.ch\\\/de\\\/product\\\/blumen-taschentuch-box-elegantes-rosa-23x13x10-cm\\\/\",\"url\":\"https:\\\/\\\/yasminfood.ch\\\/de\\\/product\\\/blumen-taschentuch-box-elegantes-rosa-23x13x10-cm\\\/\",\"name\":\"Blumen-Taschentuch-Box \u2013 Elegantes Rosa (23\u00d713\u00d710 cm) - Yasmin Food\",\"isPartOf\":{\"@id\":\"https:\\\/\\\/yasminfood.ch\\\/de\\\/#website\"},\"primaryImageOfPage\":{\"@id\":\"https:\\\/\\\/yasminfood.ch\\\/de\\\/product\\\/blumen-taschentuch-box-elegantes-rosa-23x13x10-cm\\\/#primaryimage\"},\"image\":{\"@id\":\"https:\\\/\\\/yasminfood.ch\\\/de\\\/product\\\/blumen-taschentuch-box-elegantes-rosa-23x13x10-cm\\\/#primaryimage\"},\"thumbnailUrl\":\"https:\\\/\\\/yasminfood.ch\\\/wp-content\\\/uploads\\\/2025\\\/08\\\/\u0639\u0644\u0628\u0629-\u0645\u0646\u0627\u062f\u064a\u0644-\u0645\u0632\u062e\u0631\u0641\u0629-\u0628\u0627\u0644\u0648\u0631\u0648\u062f-\u2013-\u0644\u0648\u0646-\u0648\u0631\u062f\u064a-\u0623\u0646\u064a\u0642-23\u00d713\u00d710-\u0633\u0645.png\",\"datePublished\":\"2025-08-14T14:56:57+00:00\",\"dateModified\":\"2025-08-14T15:05:29+00:00\",\"description\":\"Verleihen Sie ihm einen Hauch von Luxus mit einer Schachtel mit Servietten mit Blumenpr\u00e4gung \u2013 elegantes Rosa (23\u00d713\u00d710 cm). Genie\u00dfen Sie die Sch\u00f6nheit gl\u00e4nzender silberner Details! Yasmin Food\",\"breadcrumb\":{\"@id\":\"https:\\\/\\\/yasminfood.ch\\\/de\\\/product\\\/blumen-taschentuch-box-elegantes-rosa-23x13x10-cm\\\/#breadcrumb\"},\"inLanguage\":\"de\",\"potentialAction\":[{\"@type\":\"ReadAction\",\"target\":[\"https:\\\/\\\/yasminfood.ch\\\/de\\\/product\\\/blumen-taschentuch-box-elegantes-rosa-23x13x10-cm\\\/\"]}]},{\"@type\":\"ImageObject\",\"inLanguage\":\"de\",\"@id\":\"https:\\\/\\\/yasminfood.ch\\\/de\\\/product\\\/blumen-taschentuch-box-elegantes-rosa-23x13x10-cm\\\/#primaryimage\",\"url\":\"https:\\\/\\\/yasminfood.ch\\\/wp-content\\\/uploads\\\/2025\\\/08\\\/\u0639\u0644\u0628\u0629-\u0645\u0646\u0627\u062f\u064a\u0644-\u0645\u0632\u062e\u0631\u0641\u0629-\u0628\u0627\u0644\u0648\u0631\u0648\u062f-\u2013-\u0644\u0648\u0646-\u0648\u0631\u062f\u064a-\u0623\u0646\u064a\u0642-23\u00d713\u00d710-\u0633\u0645.png\",\"contentUrl\":\"https:\\\/\\\/yasminfood.ch\\\/wp-content\\\/uploads\\\/2025\\\/08\\\/\u0639\u0644\u0628\u0629-\u0645\u0646\u0627\u062f\u064a\u0644-\u0645\u0632\u062e\u0631\u0641\u0629-\u0628\u0627\u0644\u0648\u0631\u0648\u062f-\u2013-\u0644\u0648\u0646-\u0648\u0631\u062f\u064a-\u0623\u0646\u064a\u0642-23\u00d713\u00d710-\u0633\u0645.png\",\"width\":1890,\"height\":1890,\"caption\":\"Blumen-Taschentuch-Box \u2013 Elegantes Rosa (23\u00d713\u00d710 cm)\"},{\"@type\":\"BreadcrumbList\",\"@id\":\"https:\\\/\\\/yasminfood.ch\\\/de\\\/product\\\/blumen-taschentuch-box-elegantes-rosa-23x13x10-cm\\\/#breadcrumb\",\"itemListElement\":[{\"@type\":\"ListItem\",\"position\":1,\"name\":\"\u0627\u0644\u0631\u0626\u064a\u0633\u064a\u0629\",\"item\":\"https:\\\/\\\/yasminfood.ch\\\/de\\\/zuhause\\\/\"},{\"@type\":\"ListItem\",\"position\":2,\"name\":\"Shop\",\"item\":\"https:\\\/\\\/yasminfood.ch\\\/de\\\/shop\\\/\"},{\"@type\":\"ListItem\",\"position\":3,\"name\":\"Nonfood\",\"item\":\"https:\\\/\\\/yasminfood.ch\\\/de\\\/produkt-kategorie\\\/nonfood\\\/\"},{\"@type\":\"ListItem\",\"position\":4,\"name\":\"Blumen-Taschentuch-Box \u2013 Elegantes Rosa (23\u00d713\u00d710 cm)\"}]},{\"@type\":\"WebSite\",\"@id\":\"https:\\\/\\\/yasminfood.ch\\\/de\\\/#website\",\"url\":\"https:\\\/\\\/yasminfood.ch\\\/de\\\/\",\"name\":\"\u064a\u0627\u0633\u0645\u064a\u0646 \u0645\u0627\u0631\u0643\u062a\",\"description\":\"Alles, was Sie brauchen, an einem Ort\",\"publisher\":{\"@id\":\"https:\\\/\\\/yasminfood.ch\\\/de\\\/#organization\"},\"alternateName\":\"Yasmin Food\",\"potentialAction\":[{\"@type\":\"SearchAction\",\"target\":{\"@type\":\"EntryPoint\",\"urlTemplate\":\"https:\\\/\\\/yasminfood.ch\\\/de\\\/?s={search_term_string}\"},\"query-input\":{\"@type\":\"PropertyValueSpecification\",\"valueRequired\":true,\"valueName\":\"search_term_string\"}}],\"inLanguage\":\"de\"},{\"@type\":\"Organization\",\"@id\":\"https:\\\/\\\/yasminfood.ch\\\/de\\\/#organization\",\"name\":\"\u064a\u0627\u0633\u0645\u064a\u0646 \u0645\u0627\u0631\u0643\u062a\",\"alternateName\":\"Yasmin Food\",\"url\":\"https:\\\/\\\/yasminfood.ch\\\/de\\\/\",\"logo\":{\"@type\":\"ImageObject\",\"inLanguage\":\"de\",\"@id\":\"https:\\\/\\\/yasminfood.ch\\\/de\\\/#\\\/schema\\\/logo\\\/image\\\/\",\"url\":\"https:\\\/\\\/yasminfood.ch\\\/wp-content\\\/uploads\\\/2025\\\/05\\\/yasmin-food-header-logo.png\",\"contentUrl\":\"https:\\\/\\\/yasminfood.ch\\\/wp-content\\\/uploads\\\/2025\\\/05\\\/yasmin-food-header-logo.png\",\"width\":330,\"height\":120,\"caption\":\"\u064a\u0627\u0633\u0645\u064a\u0646 \u0645\u0627\u0631\u0643\u062a\"},\"image\":{\"@id\":\"https:\\\/\\\/yasminfood.ch\\\/de\\\/#\\\/schema\\\/logo\\\/image\\\/\"},\"sameAs\":[\"https:\\\/\\\/www.facebook.com\\\/yasminmarkt1\",\"https:\\\/\\\/www.tiktok.com\\\/@yasminmarkt\",\"https:\\\/\\\/www.instagram.com\\\/yasmin.markt1\\\/\",\"https:\\\/\\\/api.whatsapp.com\\\/send\\\/?phone=41799000104\"],\"publishingPrinciples\":\"https:\\\/\\\/yasminfood.ch\\\/de\\\/shop\\\/\",\"ownershipFundingInfo\":\"https:\\\/\\\/yasminfood.ch\\\/de\\\/shop\\\/\"}]}<\/script>\n<meta property=\"product:price:amount\" content=\"12.50\" \/>\n<meta property=\"product:price:currency\" content=\"CHF\" \/>\n<meta property=\"og:availability\" content=\"instock\" \/>\n<meta property=\"product:availability\" content=\"instock\" \/>\n<meta property=\"product:condition\" content=\"new\" \/>\n<!-- \/ Yoast SEO Premium plugin. -->","yoast_head_json":{"title":"Blumen-Taschentuch-Box \u2013 Elegantes Rosa (23\u00d713\u00d710 cm) - Yasmin Food","description":"Verleihen Sie ihm einen Hauch von Luxus mit einer Schachtel mit Servietten mit Blumenpr\u00e4gung \u2013 elegantes Rosa (23\u00d713\u00d710 cm). Genie\u00dfen Sie die Sch\u00f6nheit gl\u00e4nzender silberner Details! Yasmin Food","robots":{"index":"index","follow":"follow","max-snippet":"max-snippet:-1","max-image-preview":"max-image-preview:large","max-video-preview":"max-video-preview:-1"},"canonical":"https:\/\/yasminfood.ch\/de\/product\/blumen-taschentuch-box-elegantes-rosa-23x13x10-cm\/","og_locale":"de_DE","og_type":"article","og_title":"Blumen-Taschentuch-Box \u2013 Elegantes Rosa (23\u00d713\u00d710 cm)","og_description":"Blumen-Taschentuch-Box \u2013 Elegantes Rosa (23\u00d713\u00d710 cm)   Verleihen Sie Ihrer Wohnkultur einen Hauch von Weichheit und Luxus mit dieser floralen dekorativen Taschentuchbox   In ruhigem Rosa und gl\u00e4nzenden silbernen Details. Ein luxuri\u00f6ses Design, das klassische Sch\u00f6nheit mit hochwertigen Dekorationen verbindet,","og_url":"https:\/\/yasminfood.ch\/de\/product\/blumen-taschentuch-box-elegantes-rosa-23x13x10-cm\/","og_site_name":"Yasmin Food","article_publisher":"https:\/\/www.facebook.com\/yasminmarkt1","article_modified_time":"2025-08-14T15:05:29+00:00","og_image":[{"width":1890,"height":1890,"url":"https:\/\/yasminfood.ch\/wp-content\/uploads\/2025\/08\/\u0639\u0644\u0628\u0629-\u0645\u0646\u0627\u062f\u064a\u0644-\u0645\u0632\u062e\u0631\u0641\u0629-\u0628\u0627\u0644\u0648\u0631\u0648\u062f-\u2013-\u0644\u0648\u0646-\u0648\u0631\u062f\u064a-\u0623\u0646\u064a\u0642-23\u00d713\u00d710-\u0633\u0645.png","type":"image\/png"}],"twitter_card":"summary_large_image","twitter_misc":{"Preis":"12.50&nbsp;&#67;&#72;&#70;","Verf\u00fcgbarkeit":"Auf Lager"},"schema":{"@context":"https:\/\/schema.org","@graph":[{"@type":"WebPage","@id":"https:\/\/yasminfood.ch\/de\/product\/blumen-taschentuch-box-elegantes-rosa-23x13x10-cm\/","url":"https:\/\/yasminfood.ch\/de\/product\/blumen-taschentuch-box-elegantes-rosa-23x13x10-cm\/","name":"Blumen-Taschentuch-Box \u2013 Elegantes Rosa (23\u00d713\u00d710 cm) - Yasmin Food","isPartOf":{"@id":"https:\/\/yasminfood.ch\/de\/#website"},"primaryImageOfPage":{"@id":"https:\/\/yasminfood.ch\/de\/product\/blumen-taschentuch-box-elegantes-rosa-23x13x10-cm\/#primaryimage"},"image":{"@id":"https:\/\/yasminfood.ch\/de\/product\/blumen-taschentuch-box-elegantes-rosa-23x13x10-cm\/#primaryimage"},"thumbnailUrl":"https:\/\/yasminfood.ch\/wp-content\/uploads\/2025\/08\/\u0639\u0644\u0628\u0629-\u0645\u0646\u0627\u062f\u064a\u0644-\u0645\u0632\u062e\u0631\u0641\u0629-\u0628\u0627\u0644\u0648\u0631\u0648\u062f-\u2013-\u0644\u0648\u0646-\u0648\u0631\u062f\u064a-\u0623\u0646\u064a\u0642-23\u00d713\u00d710-\u0633\u0645.png","datePublished":"2025-08-14T14:56:57+00:00","dateModified":"2025-08-14T15:05:29+00:00","description":"Verleihen Sie ihm einen Hauch von Luxus mit einer Schachtel mit Servietten mit Blumenpr\u00e4gung \u2013 elegantes Rosa (23\u00d713\u00d710 cm). Genie\u00dfen Sie die Sch\u00f6nheit gl\u00e4nzender silberner Details! Yasmin Food","breadcrumb":{"@id":"https:\/\/yasminfood.ch\/de\/product\/blumen-taschentuch-box-elegantes-rosa-23x13x10-cm\/#breadcrumb"},"inLanguage":"de","potentialAction":[{"@type":"ReadAction","target":["https:\/\/yasminfood.ch\/de\/product\/blumen-taschentuch-box-elegantes-rosa-23x13x10-cm\/"]}]},{"@type":"ImageObject","inLanguage":"de","@id":"https:\/\/yasminfood.ch\/de\/product\/blumen-taschentuch-box-elegantes-rosa-23x13x10-cm\/#primaryimage","url":"https:\/\/yasminfood.ch\/wp-content\/uploads\/2025\/08\/\u0639\u0644\u0628\u0629-\u0645\u0646\u0627\u062f\u064a\u0644-\u0645\u0632\u062e\u0631\u0641\u0629-\u0628\u0627\u0644\u0648\u0631\u0648\u062f-\u2013-\u0644\u0648\u0646-\u0648\u0631\u062f\u064a-\u0623\u0646\u064a\u0642-23\u00d713\u00d710-\u0633\u0645.png","contentUrl":"https:\/\/yasminfood.ch\/wp-content\/uploads\/2025\/08\/\u0639\u0644\u0628\u0629-\u0645\u0646\u0627\u062f\u064a\u0644-\u0645\u0632\u062e\u0631\u0641\u0629-\u0628\u0627\u0644\u0648\u0631\u0648\u062f-\u2013-\u0644\u0648\u0646-\u0648\u0631\u062f\u064a-\u0623\u0646\u064a\u0642-23\u00d713\u00d710-\u0633\u0645.png","width":1890,"height":1890,"caption":"Blumen-Taschentuch-Box \u2013 Elegantes Rosa (23\u00d713\u00d710 cm)"},{"@type":"BreadcrumbList","@id":"https:\/\/yasminfood.ch\/de\/product\/blumen-taschentuch-box-elegantes-rosa-23x13x10-cm\/#breadcrumb","itemListElement":[{"@type":"ListItem","position":1,"name":"\u0627\u0644\u0631\u0626\u064a\u0633\u064a\u0629","item":"https:\/\/yasminfood.ch\/de\/zuhause\/"},{"@type":"ListItem","position":2,"name":"Shop","item":"https:\/\/yasminfood.ch\/de\/shop\/"},{"@type":"ListItem","position":3,"name":"Nonfood","item":"https:\/\/yasminfood.ch\/de\/produkt-kategorie\/nonfood\/"},{"@type":"ListItem","position":4,"name":"Blumen-Taschentuch-Box \u2013 Elegantes Rosa (23\u00d713\u00d710 cm)"}]},{"@type":"WebSite","@id":"https:\/\/yasminfood.ch\/de\/#website","url":"https:\/\/yasminfood.ch\/de\/","name":"\u064a\u0627\u0633\u0645\u064a\u0646 \u0645\u0627\u0631\u0643\u062a","description":"Alles, was Sie brauchen, an einem Ort","publisher":{"@id":"https:\/\/yasminfood.ch\/de\/#organization"},"alternateName":"Yasmin Food","potentialAction":[{"@type":"SearchAction","target":{"@type":"EntryPoint","urlTemplate":"https:\/\/yasminfood.ch\/de\/?s={search_term_string}"},"query-input":{"@type":"PropertyValueSpecification","valueRequired":true,"valueName":"search_term_string"}}],"inLanguage":"de"},{"@type":"Organization","@id":"https:\/\/yasminfood.ch\/de\/#organization","name":"\u064a\u0627\u0633\u0645\u064a\u0646 \u0645\u0627\u0631\u0643\u062a","alternateName":"Yasmin Food","url":"https:\/\/yasminfood.ch\/de\/","logo":{"@type":"ImageObject","inLanguage":"de","@id":"https:\/\/yasminfood.ch\/de\/#\/schema\/logo\/image\/","url":"https:\/\/yasminfood.ch\/wp-content\/uploads\/2025\/05\/yasmin-food-header-logo.png","contentUrl":"https:\/\/yasminfood.ch\/wp-content\/uploads\/2025\/05\/yasmin-food-header-logo.png","width":330,"height":120,"caption":"\u064a\u0627\u0633\u0645\u064a\u0646 \u0645\u0627\u0631\u0643\u062a"},"image":{"@id":"https:\/\/yasminfood.ch\/de\/#\/schema\/logo\/image\/"},"sameAs":["https:\/\/www.facebook.com\/yasminmarkt1","https:\/\/www.tiktok.com\/@yasminmarkt","https:\/\/www.instagram.com\/yasmin.markt1\/","https:\/\/api.whatsapp.com\/send\/?phone=41799000104"],"publishingPrinciples":"https:\/\/yasminfood.ch\/de\/shop\/","ownershipFundingInfo":"https:\/\/yasminfood.ch\/de\/shop\/"}]},"product_price_amount":"12.50","product_price_currency":"CHF","og_availability":"instock","product_availability":"instock","product_condition":"new"},"jetpack_sharing_enabled":true,"_links":{"self":[{"href":"https:\/\/yasminfood.ch\/de\/wp-json\/wp\/v2\/product\/119082","targetHints":{"allow":["GET"]}}],"collection":[{"href":"https:\/\/yasminfood.ch\/de\/wp-json\/wp\/v2\/product"}],"about":[{"href":"https:\/\/yasminfood.ch\/de\/wp-json\/wp\/v2\/types\/product"}],"replies":[{"embeddable":true,"href":"https:\/\/yasminfood.ch\/de\/wp-json\/wp\/v2\/comments?post=119082"}],"version-history":[{"count":0,"href":"https:\/\/yasminfood.ch\/de\/wp-json\/wp\/v2\/product\/119082\/revisions"}],"wp:featuredmedia":[{"embeddable":true,"href":"https:\/\/yasminfood.ch\/de\/wp-json\/wp\/v2\/media\/119071"}],"wp:attachment":[{"href":"https:\/\/yasminfood.ch\/de\/wp-json\/wp\/v2\/media?parent=119082"}],"wp:term":[{"taxonomy":"product_brand","embeddable":true,"href":"https:\/\/yasminfood.ch\/de\/wp-json\/wp\/v2\/product_brand?post=119082"},{"taxonomy":"product_cat","embeddable":true,"href":"https:\/\/yasminfood.ch\/de\/wp-json\/wp\/v2\/product_cat?post=119082"},{"taxonomy":"product_tag","embeddable":true,"href":"https:\/\/yasminfood.ch\/de\/wp-json\/wp\/v2\/product_tag?post=119082"}],"curies":[{"name":"wp","href":"https:\/\/api.w.org\/{rel}","templated":true}]}}