{"id":119089,"date":"2025-08-14T17:11:12","date_gmt":"2025-08-14T15:11:12","guid":{"rendered":"https:\/\/yasminfood.ch\/product\/4-seitiger-kaesesortierer-vielseitig-einsetzbar\/"},"modified":"2025-08-14T17:24:14","modified_gmt":"2025-08-14T15:24:14","slug":"4-seitiger-kaesesortierer-vielseitig-einsetzbar","status":"publish","type":"product","link":"https:\/\/yasminfood.ch\/de\/product\/4-seitiger-kaesesortierer-vielseitig-einsetzbar\/","title":{"rendered":"4-seitiger K\u00e4sesortierer \u2013 vielseitig einsetzbar"},"content":{"rendered":"<p><strong>4-seitiger K\u00e4sesortierer \u2013 vielseitig einsetzbar<\/strong><\/p>\n<ul>\n<li>\n<p data-start=\"78\" data-end=\"395\">Holen Sie sich ein praktisches K\u00fcchenwerkzeug mit <strong data-start=\"151\" data-end=\"178\">einer 4-seitigen K\u00e4sereibe<\/strong><\/p>\n<\/li>\n<li>\n<p data-start=\"78\" data-end=\"395\">Hergestellt aus Edelstahl, entwickelt, um den Reibvorgang von K\u00e4se, Gem\u00fcse und Obst zu erleichtern. <\/p>\n<\/li>\n<li>\n<p data-start=\"78\" data-end=\"395\">Er verf\u00fcgt \u00fcber vier verschiedene Oberfl\u00e4chen, die Ihnen mehrere Optionen f\u00fcr feines, grobes und zerkleinertes Gitter bieten.<\/p>\n<\/li>\n<li>\n<p data-start=\"78\" data-end=\"395\">Damit eignet es sich perfekt, um verschiedene Rezepte schnell und einfach zuzubereiten.<\/p>\n<p data-start=\"397\" data-end=\"513\">Der ergonomische Griff an der Oberseite sorgt f\u00fcr einen sicheren Halt w\u00e4hrend des Gebrauchs und eine stabile Basis verhindert ein Verrutschen. Langlebiges Design sorgt f\u00fcr eine lange Lebensdauer in der K\u00fcche.  <\/p>\n<p data-start=\"515\" data-end=\"732\">\u2705 <strong data-start=\"517\" data-end=\"528\">Material:<\/strong> Hochwertiger Edelstahl<br data-start=\"558\" data-end=\"561\">\u2705 <strong data-start=\"563\" data-end=\"579\">Anzahl der Seiten:<\/strong> 4 verschiedene Funktionen zum Reiben und Zerkleinern<br data-start=\"609\" data-end=\"612\">\u2705 <strong data-start=\"614\" data-end=\"628\">Verwendung:<\/strong> Geriebener K\u00e4se, Gem\u00fcse, Obst, Schokolade usw.<br data-start=\"676\" data-end=\"679\">\u2705 <strong data-start=\"681\" data-end=\"693\">Reinigung:<\/strong> Einfach von Hand oder in der Sp\u00fclmaschine zu waschen <\/p>\n<p data-start=\"734\" data-end=\"822\">F\u00fcgen Sie Ihren K\u00fcchenutensilien eine <strong data-start=\"738\" data-end=\"761\">4-seitige K\u00e4sereibe<\/strong> hinzu und bereiten Sie Ihre Lieblingsgerichte einfach und effizient zu.<\/p>\n<\/li>\n<\/ul>\n","protected":false},"excerpt":{"rendered":"<p><strong>4-seitiger K\u00e4sesortierer \u2013 vielseitig einsetzbar<\/strong><\/p>\n<ul>\n<li>\n<p data-start=\"78\" data-end=\"395\">Holen Sie sich ein praktisches K\u00fcchenwerkzeug mit <strong data-start=\"151\" data-end=\"178\">einer 4-seitigen K\u00e4sereibe<\/strong><\/p>\n<\/li>\n<li>\n<p data-start=\"78\" data-end=\"395\">Hergestellt aus Edelstahl, entwickelt, um den Reibvorgang von K\u00e4se, Gem\u00fcse und Obst zu erleichtern. <\/p>\n<\/li>\n<\/ul>\n","protected":false},"featured_media":119087,"comment_status":"open","ping_status":"closed","template":"","meta":[],"product_brand":[],"product_cat":[904,388],"product_tag":[],"class_list":{"0":"post-119089","1":"product","2":"type-product","3":"status-publish","4":"has-post-thumbnail","6":"product_cat-kuechenutensilien","7":"product_cat-nonfood","9":"first","10":"instock","11":"taxable","12":"shipping-taxable","13":"purchasable","14":"product-type-simple"},"yoast_head":"<!-- This site is optimized with the Yoast SEO Premium plugin v26.5 (Yoast SEO v27.3) - https:\/\/yoast.com\/product\/yoast-seo-premium-wordpress\/ -->\n<title>4-seitiger K\u00e4sesortierer \u2013 vielseitig einsetzbar - Yasmin Food<\/title>\n<meta name=\"robots\" content=\"index, follow, max-snippet:-1, max-image-preview:large, max-video-preview:-1\" \/>\n<link rel=\"canonical\" href=\"https:\/\/yasminfood.ch\/de\/product\/4-seitiger-kaesesortierer-vielseitig-einsetzbar\/\" \/>\n<meta property=\"og:locale\" content=\"de_DE\" \/>\n<meta property=\"og:type\" content=\"article\" \/>\n<meta property=\"og:title\" content=\"4-seitiger K\u00e4sesortierer \u2013 vielseitig einsetzbar\" \/>\n<meta property=\"og:description\" content=\"4-seitiger K\u00e4sesortierer \u2013 vielseitig einsetzbar   Holen Sie sich ein praktisches K\u00fcchenwerkzeug mit einer 4-seitigen K\u00e4sereibe   Hergestellt aus Edelstahl, entwickelt, um den Reibvorgang von K\u00e4se, Gem\u00fcse und Obst zu erleichtern.\" \/>\n<meta property=\"og:url\" content=\"https:\/\/yasminfood.ch\/de\/product\/4-seitiger-kaesesortierer-vielseitig-einsetzbar\/\" \/>\n<meta property=\"og:site_name\" content=\"Yasmin Food\" \/>\n<meta property=\"article:publisher\" content=\"https:\/\/www.facebook.com\/yasminmarkt1\" \/>\n<meta property=\"article:modified_time\" content=\"2025-08-14T15:24:14+00:00\" \/>\n<meta property=\"og:image\" content=\"https:\/\/yasminfood.ch\/wp-content\/uploads\/2025\/08\/\u0645\u0628\u0634\u0631\u0629-\u062c\u0628\u0646-4-\u062c\u0648\u0627\u0646\u0628-\u2013-\u0645\u062a\u0639\u062f\u062f\u0629-\u0627\u0644\u0627\u0633\u062a\u062e\u062f\u0627\u0645\u0627\u062a.png\" \/>\n\t<meta property=\"og:image:width\" content=\"1890\" \/>\n\t<meta property=\"og:image:height\" content=\"1890\" \/>\n\t<meta property=\"og:image:type\" content=\"image\/png\" \/>\n<meta name=\"twitter:card\" content=\"summary_large_image\" \/>\n<meta name=\"twitter:label1\" content=\"Preis\" \/>\n\t<meta name=\"twitter:data1\" content=\"7.95&nbsp;&#067;&#072;&#070;\" \/>\n\t<meta name=\"twitter:label2\" content=\"Verf\u00fcgbarkeit\" \/>\n\t<meta name=\"twitter:data2\" content=\"Auf Lager\" \/>\n<script type=\"application\/ld+json\" class=\"yoast-schema-graph\">{\"@context\":\"https:\\\/\\\/schema.org\",\"@graph\":[{\"@type\":\"WebPage\",\"@id\":\"https:\\\/\\\/yasminfood.ch\\\/de\\\/product\\\/4-seitiger-kaesesortierer-vielseitig-einsetzbar\\\/\",\"url\":\"https:\\\/\\\/yasminfood.ch\\\/de\\\/product\\\/4-seitiger-kaesesortierer-vielseitig-einsetzbar\\\/\",\"name\":\"4-seitiger K\u00e4sesortierer \u2013 vielseitig einsetzbar - Yasmin Food\",\"isPartOf\":{\"@id\":\"https:\\\/\\\/yasminfood.ch\\\/de\\\/#website\"},\"primaryImageOfPage\":{\"@id\":\"https:\\\/\\\/yasminfood.ch\\\/de\\\/product\\\/4-seitiger-kaesesortierer-vielseitig-einsetzbar\\\/#primaryimage\"},\"image\":{\"@id\":\"https:\\\/\\\/yasminfood.ch\\\/de\\\/product\\\/4-seitiger-kaesesortierer-vielseitig-einsetzbar\\\/#primaryimage\"},\"thumbnailUrl\":\"https:\\\/\\\/yasminfood.ch\\\/wp-content\\\/uploads\\\/2025\\\/08\\\/\u0645\u0628\u0634\u0631\u0629-\u062c\u0628\u0646-4-\u062c\u0648\u0627\u0646\u0628-\u2013-\u0645\u062a\u0639\u062f\u062f\u0629-\u0627\u0644\u0627\u0633\u062a\u062e\u062f\u0627\u0645\u0627\u062a.png\",\"datePublished\":\"2025-08-14T15:11:12+00:00\",\"dateModified\":\"2025-08-14T15:24:14+00:00\",\"breadcrumb\":{\"@id\":\"https:\\\/\\\/yasminfood.ch\\\/de\\\/product\\\/4-seitiger-kaesesortierer-vielseitig-einsetzbar\\\/#breadcrumb\"},\"inLanguage\":\"de\",\"potentialAction\":[{\"@type\":\"ReadAction\",\"target\":[\"https:\\\/\\\/yasminfood.ch\\\/de\\\/product\\\/4-seitiger-kaesesortierer-vielseitig-einsetzbar\\\/\"]}]},{\"@type\":\"ImageObject\",\"inLanguage\":\"de\",\"@id\":\"https:\\\/\\\/yasminfood.ch\\\/de\\\/product\\\/4-seitiger-kaesesortierer-vielseitig-einsetzbar\\\/#primaryimage\",\"url\":\"https:\\\/\\\/yasminfood.ch\\\/wp-content\\\/uploads\\\/2025\\\/08\\\/\u0645\u0628\u0634\u0631\u0629-\u062c\u0628\u0646-4-\u062c\u0648\u0627\u0646\u0628-\u2013-\u0645\u062a\u0639\u062f\u062f\u0629-\u0627\u0644\u0627\u0633\u062a\u062e\u062f\u0627\u0645\u0627\u062a.png\",\"contentUrl\":\"https:\\\/\\\/yasminfood.ch\\\/wp-content\\\/uploads\\\/2025\\\/08\\\/\u0645\u0628\u0634\u0631\u0629-\u062c\u0628\u0646-4-\u062c\u0648\u0627\u0646\u0628-\u2013-\u0645\u062a\u0639\u062f\u062f\u0629-\u0627\u0644\u0627\u0633\u062a\u062e\u062f\u0627\u0645\u0627\u062a.png\",\"width\":1890,\"height\":1890,\"caption\":\"4-seitiger K\u00e4sesortierer \u2013 vielseitig einsetzbar\"},{\"@type\":\"BreadcrumbList\",\"@id\":\"https:\\\/\\\/yasminfood.ch\\\/de\\\/product\\\/4-seitiger-kaesesortierer-vielseitig-einsetzbar\\\/#breadcrumb\",\"itemListElement\":[{\"@type\":\"ListItem\",\"position\":1,\"name\":\"\u0627\u0644\u0631\u0626\u064a\u0633\u064a\u0629\",\"item\":\"https:\\\/\\\/yasminfood.ch\\\/de\\\/zuhause\\\/\"},{\"@type\":\"ListItem\",\"position\":2,\"name\":\"Shop\",\"item\":\"https:\\\/\\\/yasminfood.ch\\\/de\\\/shop\\\/\"},{\"@type\":\"ListItem\",\"position\":3,\"name\":\"Nonfood\",\"item\":\"https:\\\/\\\/yasminfood.ch\\\/de\\\/produkt-kategorie\\\/nonfood\\\/\"},{\"@type\":\"ListItem\",\"position\":4,\"name\":\"4-seitiger K\u00e4sesortierer \u2013 vielseitig einsetzbar\"}]},{\"@type\":\"WebSite\",\"@id\":\"https:\\\/\\\/yasminfood.ch\\\/de\\\/#website\",\"url\":\"https:\\\/\\\/yasminfood.ch\\\/de\\\/\",\"name\":\"\u064a\u0627\u0633\u0645\u064a\u0646 \u0645\u0627\u0631\u0643\u062a\",\"description\":\"Alles, was Sie brauchen, an einem Ort\",\"publisher\":{\"@id\":\"https:\\\/\\\/yasminfood.ch\\\/de\\\/#organization\"},\"alternateName\":\"Yasmin Food\",\"potentialAction\":[{\"@type\":\"SearchAction\",\"target\":{\"@type\":\"EntryPoint\",\"urlTemplate\":\"https:\\\/\\\/yasminfood.ch\\\/de\\\/?s={search_term_string}\"},\"query-input\":{\"@type\":\"PropertyValueSpecification\",\"valueRequired\":true,\"valueName\":\"search_term_string\"}}],\"inLanguage\":\"de\"},{\"@type\":\"Organization\",\"@id\":\"https:\\\/\\\/yasminfood.ch\\\/de\\\/#organization\",\"name\":\"\u064a\u0627\u0633\u0645\u064a\u0646 \u0645\u0627\u0631\u0643\u062a\",\"alternateName\":\"Yasmin Food\",\"url\":\"https:\\\/\\\/yasminfood.ch\\\/de\\\/\",\"logo\":{\"@type\":\"ImageObject\",\"inLanguage\":\"de\",\"@id\":\"https:\\\/\\\/yasminfood.ch\\\/de\\\/#\\\/schema\\\/logo\\\/image\\\/\",\"url\":\"https:\\\/\\\/yasminfood.ch\\\/wp-content\\\/uploads\\\/2025\\\/05\\\/yasmin-food-header-logo.png\",\"contentUrl\":\"https:\\\/\\\/yasminfood.ch\\\/wp-content\\\/uploads\\\/2025\\\/05\\\/yasmin-food-header-logo.png\",\"width\":330,\"height\":120,\"caption\":\"\u064a\u0627\u0633\u0645\u064a\u0646 \u0645\u0627\u0631\u0643\u062a\"},\"image\":{\"@id\":\"https:\\\/\\\/yasminfood.ch\\\/de\\\/#\\\/schema\\\/logo\\\/image\\\/\"},\"sameAs\":[\"https:\\\/\\\/www.facebook.com\\\/yasminmarkt1\",\"https:\\\/\\\/www.tiktok.com\\\/@yasminmarkt\",\"https:\\\/\\\/www.instagram.com\\\/yasmin.markt1\\\/\",\"https:\\\/\\\/api.whatsapp.com\\\/send\\\/?phone=41799000104\"],\"publishingPrinciples\":\"https:\\\/\\\/yasminfood.ch\\\/de\\\/shop\\\/\",\"ownershipFundingInfo\":\"https:\\\/\\\/yasminfood.ch\\\/de\\\/shop\\\/\"}]}<\/script>\n<meta property=\"product:price:amount\" content=\"7.95\" \/>\n<meta property=\"product:price:currency\" content=\"CHF\" \/>\n<meta property=\"og:availability\" content=\"instock\" \/>\n<meta property=\"product:availability\" content=\"instock\" \/>\n<meta property=\"product:condition\" content=\"new\" \/>\n<!-- \/ Yoast SEO Premium plugin. -->","yoast_head_json":{"title":"4-seitiger K\u00e4sesortierer \u2013 vielseitig einsetzbar - Yasmin Food","robots":{"index":"index","follow":"follow","max-snippet":"max-snippet:-1","max-image-preview":"max-image-preview:large","max-video-preview":"max-video-preview:-1"},"canonical":"https:\/\/yasminfood.ch\/de\/product\/4-seitiger-kaesesortierer-vielseitig-einsetzbar\/","og_locale":"de_DE","og_type":"article","og_title":"4-seitiger K\u00e4sesortierer \u2013 vielseitig einsetzbar","og_description":"4-seitiger K\u00e4sesortierer \u2013 vielseitig einsetzbar   Holen Sie sich ein praktisches K\u00fcchenwerkzeug mit einer 4-seitigen K\u00e4sereibe   Hergestellt aus Edelstahl, entwickelt, um den Reibvorgang von K\u00e4se, Gem\u00fcse und Obst zu erleichtern.","og_url":"https:\/\/yasminfood.ch\/de\/product\/4-seitiger-kaesesortierer-vielseitig-einsetzbar\/","og_site_name":"Yasmin Food","article_publisher":"https:\/\/www.facebook.com\/yasminmarkt1","article_modified_time":"2025-08-14T15:24:14+00:00","og_image":[{"width":1890,"height":1890,"url":"https:\/\/yasminfood.ch\/wp-content\/uploads\/2025\/08\/\u0645\u0628\u0634\u0631\u0629-\u062c\u0628\u0646-4-\u062c\u0648\u0627\u0646\u0628-\u2013-\u0645\u062a\u0639\u062f\u062f\u0629-\u0627\u0644\u0627\u0633\u062a\u062e\u062f\u0627\u0645\u0627\u062a.png","type":"image\/png"}],"twitter_card":"summary_large_image","twitter_misc":{"Preis":"7.95&nbsp;&#67;&#72;&#70;","Verf\u00fcgbarkeit":"Auf Lager"},"schema":{"@context":"https:\/\/schema.org","@graph":[{"@type":"WebPage","@id":"https:\/\/yasminfood.ch\/de\/product\/4-seitiger-kaesesortierer-vielseitig-einsetzbar\/","url":"https:\/\/yasminfood.ch\/de\/product\/4-seitiger-kaesesortierer-vielseitig-einsetzbar\/","name":"4-seitiger K\u00e4sesortierer \u2013 vielseitig einsetzbar - Yasmin Food","isPartOf":{"@id":"https:\/\/yasminfood.ch\/de\/#website"},"primaryImageOfPage":{"@id":"https:\/\/yasminfood.ch\/de\/product\/4-seitiger-kaesesortierer-vielseitig-einsetzbar\/#primaryimage"},"image":{"@id":"https:\/\/yasminfood.ch\/de\/product\/4-seitiger-kaesesortierer-vielseitig-einsetzbar\/#primaryimage"},"thumbnailUrl":"https:\/\/yasminfood.ch\/wp-content\/uploads\/2025\/08\/\u0645\u0628\u0634\u0631\u0629-\u062c\u0628\u0646-4-\u062c\u0648\u0627\u0646\u0628-\u2013-\u0645\u062a\u0639\u062f\u062f\u0629-\u0627\u0644\u0627\u0633\u062a\u062e\u062f\u0627\u0645\u0627\u062a.png","datePublished":"2025-08-14T15:11:12+00:00","dateModified":"2025-08-14T15:24:14+00:00","breadcrumb":{"@id":"https:\/\/yasminfood.ch\/de\/product\/4-seitiger-kaesesortierer-vielseitig-einsetzbar\/#breadcrumb"},"inLanguage":"de","potentialAction":[{"@type":"ReadAction","target":["https:\/\/yasminfood.ch\/de\/product\/4-seitiger-kaesesortierer-vielseitig-einsetzbar\/"]}]},{"@type":"ImageObject","inLanguage":"de","@id":"https:\/\/yasminfood.ch\/de\/product\/4-seitiger-kaesesortierer-vielseitig-einsetzbar\/#primaryimage","url":"https:\/\/yasminfood.ch\/wp-content\/uploads\/2025\/08\/\u0645\u0628\u0634\u0631\u0629-\u062c\u0628\u0646-4-\u062c\u0648\u0627\u0646\u0628-\u2013-\u0645\u062a\u0639\u062f\u062f\u0629-\u0627\u0644\u0627\u0633\u062a\u062e\u062f\u0627\u0645\u0627\u062a.png","contentUrl":"https:\/\/yasminfood.ch\/wp-content\/uploads\/2025\/08\/\u0645\u0628\u0634\u0631\u0629-\u062c\u0628\u0646-4-\u062c\u0648\u0627\u0646\u0628-\u2013-\u0645\u062a\u0639\u062f\u062f\u0629-\u0627\u0644\u0627\u0633\u062a\u062e\u062f\u0627\u0645\u0627\u062a.png","width":1890,"height":1890,"caption":"4-seitiger K\u00e4sesortierer \u2013 vielseitig einsetzbar"},{"@type":"BreadcrumbList","@id":"https:\/\/yasminfood.ch\/de\/product\/4-seitiger-kaesesortierer-vielseitig-einsetzbar\/#breadcrumb","itemListElement":[{"@type":"ListItem","position":1,"name":"\u0627\u0644\u0631\u0626\u064a\u0633\u064a\u0629","item":"https:\/\/yasminfood.ch\/de\/zuhause\/"},{"@type":"ListItem","position":2,"name":"Shop","item":"https:\/\/yasminfood.ch\/de\/shop\/"},{"@type":"ListItem","position":3,"name":"Nonfood","item":"https:\/\/yasminfood.ch\/de\/produkt-kategorie\/nonfood\/"},{"@type":"ListItem","position":4,"name":"4-seitiger K\u00e4sesortierer \u2013 vielseitig einsetzbar"}]},{"@type":"WebSite","@id":"https:\/\/yasminfood.ch\/de\/#website","url":"https:\/\/yasminfood.ch\/de\/","name":"\u064a\u0627\u0633\u0645\u064a\u0646 \u0645\u0627\u0631\u0643\u062a","description":"Alles, was Sie brauchen, an einem Ort","publisher":{"@id":"https:\/\/yasminfood.ch\/de\/#organization"},"alternateName":"Yasmin Food","potentialAction":[{"@type":"SearchAction","target":{"@type":"EntryPoint","urlTemplate":"https:\/\/yasminfood.ch\/de\/?s={search_term_string}"},"query-input":{"@type":"PropertyValueSpecification","valueRequired":true,"valueName":"search_term_string"}}],"inLanguage":"de"},{"@type":"Organization","@id":"https:\/\/yasminfood.ch\/de\/#organization","name":"\u064a\u0627\u0633\u0645\u064a\u0646 \u0645\u0627\u0631\u0643\u062a","alternateName":"Yasmin Food","url":"https:\/\/yasminfood.ch\/de\/","logo":{"@type":"ImageObject","inLanguage":"de","@id":"https:\/\/yasminfood.ch\/de\/#\/schema\/logo\/image\/","url":"https:\/\/yasminfood.ch\/wp-content\/uploads\/2025\/05\/yasmin-food-header-logo.png","contentUrl":"https:\/\/yasminfood.ch\/wp-content\/uploads\/2025\/05\/yasmin-food-header-logo.png","width":330,"height":120,"caption":"\u064a\u0627\u0633\u0645\u064a\u0646 \u0645\u0627\u0631\u0643\u062a"},"image":{"@id":"https:\/\/yasminfood.ch\/de\/#\/schema\/logo\/image\/"},"sameAs":["https:\/\/www.facebook.com\/yasminmarkt1","https:\/\/www.tiktok.com\/@yasminmarkt","https:\/\/www.instagram.com\/yasmin.markt1\/","https:\/\/api.whatsapp.com\/send\/?phone=41799000104"],"publishingPrinciples":"https:\/\/yasminfood.ch\/de\/shop\/","ownershipFundingInfo":"https:\/\/yasminfood.ch\/de\/shop\/"}]},"product_price_amount":"7.95","product_price_currency":"CHF","og_availability":"instock","product_availability":"instock","product_condition":"new"},"jetpack_sharing_enabled":true,"_links":{"self":[{"href":"https:\/\/yasminfood.ch\/de\/wp-json\/wp\/v2\/product\/119089","targetHints":{"allow":["GET"]}}],"collection":[{"href":"https:\/\/yasminfood.ch\/de\/wp-json\/wp\/v2\/product"}],"about":[{"href":"https:\/\/yasminfood.ch\/de\/wp-json\/wp\/v2\/types\/product"}],"replies":[{"embeddable":true,"href":"https:\/\/yasminfood.ch\/de\/wp-json\/wp\/v2\/comments?post=119089"}],"version-history":[{"count":0,"href":"https:\/\/yasminfood.ch\/de\/wp-json\/wp\/v2\/product\/119089\/revisions"}],"wp:featuredmedia":[{"embeddable":true,"href":"https:\/\/yasminfood.ch\/de\/wp-json\/wp\/v2\/media\/119087"}],"wp:attachment":[{"href":"https:\/\/yasminfood.ch\/de\/wp-json\/wp\/v2\/media?parent=119089"}],"wp:term":[{"taxonomy":"product_brand","embeddable":true,"href":"https:\/\/yasminfood.ch\/de\/wp-json\/wp\/v2\/product_brand?post=119089"},{"taxonomy":"product_cat","embeddable":true,"href":"https:\/\/yasminfood.ch\/de\/wp-json\/wp\/v2\/product_cat?post=119089"},{"taxonomy":"product_tag","embeddable":true,"href":"https:\/\/yasminfood.ch\/de\/wp-json\/wp\/v2\/product_tag?post=119089"}],"curies":[{"name":"wp","href":"https:\/\/api.w.org\/{rel}","templated":true}]}}