{"id":119159,"date":"2025-08-19T13:10:39","date_gmt":"2025-08-19T11:10:39","guid":{"rendered":"https:\/\/yasminfood.ch\/product\/fava-bohnen-lara-400g\/"},"modified":"2025-08-19T13:11:37","modified_gmt":"2025-08-19T11:11:37","slug":"fava-bohnen-lara-400g","status":"publish","type":"product","link":"https:\/\/yasminfood.ch\/de\/product\/fava-bohnen-lara-400g\/","title":{"rendered":"Fava Bohnen Lara 400g"},"content":{"rendered":"<p><strong>Fava Bohnen Lara 400g<\/strong><\/p>\n<ul>\n<li>\n<p data-start=\"93\" data-end=\"323\">Genie\u00dfen Sie den k\u00f6stlichen Geschmack der <strong data-start=\"134\" data-end=\"142\">Lara-Fava-Bohnen<\/strong>, die sorgf\u00e4ltig zubereitet werden, um Ihnen eine gesunde und k\u00f6stliche Mahlzeit zu bieten, die reich an Proteinen und Ballaststoffen ist.<\/p>\n<\/li>\n<li>\n<p data-start=\"93\" data-end=\"323\">Es eignet sich perfekt f\u00fcr ein s\u00e4ttigendes Fr\u00fchst\u00fcck oder eine Instant-Beilage mit \u00d6l, Zitrone oder Ihren Lieblingsgew\u00fcrzen. <\/p>\n<ul data-start=\"325\" data-end=\"439\">\n<li data-start=\"356\" data-end=\"386\">\n<p data-start=\"358\" data-end=\"386\"><strong data-start=\"358\" data-end=\"379\">Hersteller:<\/strong> Lara<\/p>\n<\/li>\n<li data-start=\"387\" data-end=\"439\">\n<p data-start=\"389\" data-end=\"439\"><strong data-start=\"389\" data-end=\"403\">Verwendung:<\/strong> Fr\u00fchst\u00fcck \u2013 Vorspeisen \u2013 Beilagen<\/p>\n<\/li>\n<\/ul>\n<p data-start=\"441\" data-end=\"523\">Ein hochwertiges Produkt, das N\u00e4hrwert mit authentischem Geschmack verbindet, um immer auf Ihrem Tisch zu stehen.<\/p>\n<\/li>\n<\/ul>\n","protected":false},"excerpt":{"rendered":"<p><strong>Fava Bohnen Lara 400g<\/strong><\/p>\n<ul>\n<li>\n<p data-start=\"93\" data-end=\"323\">Genie\u00dfen Sie den k\u00f6stlichen Geschmack der <strong data-start=\"134\" data-end=\"142\">Lara-Fava-Bohnen<\/strong>, die sorgf\u00e4ltig zubereitet werden, um Ihnen eine gesunde und k\u00f6stliche Mahlzeit zu bieten, die reich an Proteinen und Ballaststoffen ist.<\/p>\n<\/li>\n<\/ul>\n","protected":false},"featured_media":119154,"comment_status":"open","ping_status":"closed","template":"","meta":[],"product_brand":[],"product_cat":[282,245],"product_tag":[],"class_list":{"0":"post-119159","1":"product","2":"type-product","3":"status-publish","4":"has-post-thumbnail","6":"product_cat-fava-bohnen","7":"product_cat-konserven-lebensmittel","9":"first","10":"instock","11":"taxable","12":"shipping-taxable","13":"purchasable","14":"product-type-simple"},"yoast_head":"<!-- This site is optimized with the Yoast SEO Premium plugin v26.5 (Yoast SEO v27.3) - https:\/\/yoast.com\/product\/yoast-seo-premium-wordpress\/ -->\n<title>Fava Bohnen Lara 400g - Yasmin Food<\/title>\n<meta name=\"description\" content=\"Genie\u00dfen Sie eine gesunde und leckere Mahlzeit mit Lara Fava Bohnen 400 g, die reich an Proteinen sind. Eine gute Wahl f\u00fcr ein s\u00e4ttigendes Fr\u00fchst\u00fcck und eine k\u00f6stliche Vorspeise! \ud83c\udf7d\ufe0f Fava Bohnen Lara 400g\" \/>\n<meta name=\"robots\" content=\"index, follow, max-snippet:-1, max-image-preview:large, max-video-preview:-1\" \/>\n<link rel=\"canonical\" href=\"https:\/\/yasminfood.ch\/de\/product\/fava-bohnen-lara-400g\/\" \/>\n<meta property=\"og:locale\" content=\"de_DE\" \/>\n<meta property=\"og:type\" content=\"article\" \/>\n<meta property=\"og:title\" content=\"Fava Bohnen Lara 400g\" \/>\n<meta property=\"og:description\" content=\"Fava Bohnen Lara 400g   Genie\u00dfen Sie den k\u00f6stlichen Geschmack der Lara-Fava-Bohnen, die sorgf\u00e4ltig zubereitet werden, um Ihnen eine gesunde und k\u00f6stliche Mahlzeit zu bieten, die reich an Proteinen und Ballaststoffen ist.\" \/>\n<meta property=\"og:url\" content=\"https:\/\/yasminfood.ch\/de\/product\/fava-bohnen-lara-400g\/\" \/>\n<meta property=\"og:site_name\" content=\"Yasmin Food\" \/>\n<meta property=\"article:publisher\" content=\"https:\/\/www.facebook.com\/yasminmarkt1\" \/>\n<meta property=\"article:modified_time\" content=\"2025-08-19T11:11:37+00:00\" \/>\n<meta property=\"og:image\" content=\"https:\/\/yasminfood.ch\/wp-content\/uploads\/2025\/08\/\u0641\u0648\u0644-\u0645\u062f\u0645\u0633-\u0644\u0627\u0631\u0627-400\u063a.png\" \/>\n\t<meta property=\"og:image:width\" content=\"1755\" \/>\n\t<meta property=\"og:image:height\" content=\"1755\" \/>\n\t<meta property=\"og:image:type\" content=\"image\/png\" \/>\n<meta name=\"twitter:card\" content=\"summary_large_image\" \/>\n<meta name=\"twitter:label1\" content=\"Preis\" \/>\n\t<meta name=\"twitter:data1\" content=\"1.95&nbsp;&#067;&#072;&#070;\" \/>\n\t<meta name=\"twitter:label2\" content=\"Verf\u00fcgbarkeit\" \/>\n\t<meta name=\"twitter:data2\" content=\"Auf Lager\" \/>\n<script type=\"application\/ld+json\" class=\"yoast-schema-graph\">{\"@context\":\"https:\\\/\\\/schema.org\",\"@graph\":[{\"@type\":\"WebPage\",\"@id\":\"https:\\\/\\\/yasminfood.ch\\\/de\\\/product\\\/fava-bohnen-lara-400g\\\/\",\"url\":\"https:\\\/\\\/yasminfood.ch\\\/de\\\/product\\\/fava-bohnen-lara-400g\\\/\",\"name\":\"Fava Bohnen Lara 400g - Yasmin Food\",\"isPartOf\":{\"@id\":\"https:\\\/\\\/yasminfood.ch\\\/de\\\/#website\"},\"primaryImageOfPage\":{\"@id\":\"https:\\\/\\\/yasminfood.ch\\\/de\\\/product\\\/fava-bohnen-lara-400g\\\/#primaryimage\"},\"image\":{\"@id\":\"https:\\\/\\\/yasminfood.ch\\\/de\\\/product\\\/fava-bohnen-lara-400g\\\/#primaryimage\"},\"thumbnailUrl\":\"https:\\\/\\\/yasminfood.ch\\\/wp-content\\\/uploads\\\/2025\\\/08\\\/\u0641\u0648\u0644-\u0645\u062f\u0645\u0633-\u0644\u0627\u0631\u0627-400\u063a.png\",\"datePublished\":\"2025-08-19T11:10:39+00:00\",\"dateModified\":\"2025-08-19T11:11:37+00:00\",\"description\":\"Genie\u00dfen Sie eine gesunde und leckere Mahlzeit mit Lara Fava Bohnen 400 g, die reich an Proteinen sind. Eine gute Wahl f\u00fcr ein s\u00e4ttigendes Fr\u00fchst\u00fcck und eine k\u00f6stliche Vorspeise! \ud83c\udf7d\ufe0f Fava Bohnen Lara 400g\",\"breadcrumb\":{\"@id\":\"https:\\\/\\\/yasminfood.ch\\\/de\\\/product\\\/fava-bohnen-lara-400g\\\/#breadcrumb\"},\"inLanguage\":\"de\",\"potentialAction\":[{\"@type\":\"ReadAction\",\"target\":[\"https:\\\/\\\/yasminfood.ch\\\/de\\\/product\\\/fava-bohnen-lara-400g\\\/\"]}]},{\"@type\":\"ImageObject\",\"inLanguage\":\"de\",\"@id\":\"https:\\\/\\\/yasminfood.ch\\\/de\\\/product\\\/fava-bohnen-lara-400g\\\/#primaryimage\",\"url\":\"https:\\\/\\\/yasminfood.ch\\\/wp-content\\\/uploads\\\/2025\\\/08\\\/\u0641\u0648\u0644-\u0645\u062f\u0645\u0633-\u0644\u0627\u0631\u0627-400\u063a.png\",\"contentUrl\":\"https:\\\/\\\/yasminfood.ch\\\/wp-content\\\/uploads\\\/2025\\\/08\\\/\u0641\u0648\u0644-\u0645\u062f\u0645\u0633-\u0644\u0627\u0631\u0627-400\u063a.png\",\"width\":1755,\"height\":1755,\"caption\":\"Fava Bohnen Lara 400g\"},{\"@type\":\"BreadcrumbList\",\"@id\":\"https:\\\/\\\/yasminfood.ch\\\/de\\\/product\\\/fava-bohnen-lara-400g\\\/#breadcrumb\",\"itemListElement\":[{\"@type\":\"ListItem\",\"position\":1,\"name\":\"\u0627\u0644\u0631\u0626\u064a\u0633\u064a\u0629\",\"item\":\"https:\\\/\\\/yasminfood.ch\\\/de\\\/zuhause\\\/\"},{\"@type\":\"ListItem\",\"position\":2,\"name\":\"Shop\",\"item\":\"https:\\\/\\\/yasminfood.ch\\\/de\\\/shop\\\/\"},{\"@type\":\"ListItem\",\"position\":3,\"name\":\"Konserven - Lebensmittel\",\"item\":\"https:\\\/\\\/yasminfood.ch\\\/de\\\/produkt-kategorie\\\/konserven-lebensmittel\\\/\"},{\"@type\":\"ListItem\",\"position\":4,\"name\":\"Fava Bohnen\",\"item\":\"https:\\\/\\\/yasminfood.ch\\\/de\\\/produkt-kategorie\\\/konserven-lebensmittel\\\/fava-bohnen\\\/\"},{\"@type\":\"ListItem\",\"position\":5,\"name\":\"Fava Bohnen Lara 400g\"}]},{\"@type\":\"WebSite\",\"@id\":\"https:\\\/\\\/yasminfood.ch\\\/de\\\/#website\",\"url\":\"https:\\\/\\\/yasminfood.ch\\\/de\\\/\",\"name\":\"\u064a\u0627\u0633\u0645\u064a\u0646 \u0645\u0627\u0631\u0643\u062a\",\"description\":\"Alles, was Sie brauchen, an einem Ort\",\"publisher\":{\"@id\":\"https:\\\/\\\/yasminfood.ch\\\/de\\\/#organization\"},\"alternateName\":\"Yasmin Food\",\"potentialAction\":[{\"@type\":\"SearchAction\",\"target\":{\"@type\":\"EntryPoint\",\"urlTemplate\":\"https:\\\/\\\/yasminfood.ch\\\/de\\\/?s={search_term_string}\"},\"query-input\":{\"@type\":\"PropertyValueSpecification\",\"valueRequired\":true,\"valueName\":\"search_term_string\"}}],\"inLanguage\":\"de\"},{\"@type\":\"Organization\",\"@id\":\"https:\\\/\\\/yasminfood.ch\\\/de\\\/#organization\",\"name\":\"\u064a\u0627\u0633\u0645\u064a\u0646 \u0645\u0627\u0631\u0643\u062a\",\"alternateName\":\"Yasmin Food\",\"url\":\"https:\\\/\\\/yasminfood.ch\\\/de\\\/\",\"logo\":{\"@type\":\"ImageObject\",\"inLanguage\":\"de\",\"@id\":\"https:\\\/\\\/yasminfood.ch\\\/de\\\/#\\\/schema\\\/logo\\\/image\\\/\",\"url\":\"https:\\\/\\\/yasminfood.ch\\\/wp-content\\\/uploads\\\/2025\\\/05\\\/yasmin-food-header-logo.png\",\"contentUrl\":\"https:\\\/\\\/yasminfood.ch\\\/wp-content\\\/uploads\\\/2025\\\/05\\\/yasmin-food-header-logo.png\",\"width\":330,\"height\":120,\"caption\":\"\u064a\u0627\u0633\u0645\u064a\u0646 \u0645\u0627\u0631\u0643\u062a\"},\"image\":{\"@id\":\"https:\\\/\\\/yasminfood.ch\\\/de\\\/#\\\/schema\\\/logo\\\/image\\\/\"},\"sameAs\":[\"https:\\\/\\\/www.facebook.com\\\/yasminmarkt1\",\"https:\\\/\\\/www.tiktok.com\\\/@yasminmarkt\",\"https:\\\/\\\/www.instagram.com\\\/yasmin.markt1\\\/\",\"https:\\\/\\\/api.whatsapp.com\\\/send\\\/?phone=41799000104\"],\"publishingPrinciples\":\"https:\\\/\\\/yasminfood.ch\\\/de\\\/shop\\\/\",\"ownershipFundingInfo\":\"https:\\\/\\\/yasminfood.ch\\\/de\\\/shop\\\/\"}]}<\/script>\n<meta property=\"product:price:amount\" content=\"1.95\" \/>\n<meta property=\"product:price:currency\" content=\"CHF\" \/>\n<meta property=\"og:availability\" content=\"instock\" \/>\n<meta property=\"product:availability\" content=\"instock\" \/>\n<meta property=\"product:condition\" content=\"new\" \/>\n<!-- \/ Yoast SEO Premium plugin. -->","yoast_head_json":{"title":"Fava Bohnen Lara 400g - Yasmin Food","description":"Genie\u00dfen Sie eine gesunde und leckere Mahlzeit mit Lara Fava Bohnen 400 g, die reich an Proteinen sind. Eine gute Wahl f\u00fcr ein s\u00e4ttigendes Fr\u00fchst\u00fcck und eine k\u00f6stliche Vorspeise! \ud83c\udf7d\ufe0f Fava Bohnen Lara 400g","robots":{"index":"index","follow":"follow","max-snippet":"max-snippet:-1","max-image-preview":"max-image-preview:large","max-video-preview":"max-video-preview:-1"},"canonical":"https:\/\/yasminfood.ch\/de\/product\/fava-bohnen-lara-400g\/","og_locale":"de_DE","og_type":"article","og_title":"Fava Bohnen Lara 400g","og_description":"Fava Bohnen Lara 400g   Genie\u00dfen Sie den k\u00f6stlichen Geschmack der Lara-Fava-Bohnen, die sorgf\u00e4ltig zubereitet werden, um Ihnen eine gesunde und k\u00f6stliche Mahlzeit zu bieten, die reich an Proteinen und Ballaststoffen ist.","og_url":"https:\/\/yasminfood.ch\/de\/product\/fava-bohnen-lara-400g\/","og_site_name":"Yasmin Food","article_publisher":"https:\/\/www.facebook.com\/yasminmarkt1","article_modified_time":"2025-08-19T11:11:37+00:00","og_image":[{"width":1755,"height":1755,"url":"https:\/\/yasminfood.ch\/wp-content\/uploads\/2025\/08\/\u0641\u0648\u0644-\u0645\u062f\u0645\u0633-\u0644\u0627\u0631\u0627-400\u063a.png","type":"image\/png"}],"twitter_card":"summary_large_image","twitter_misc":{"Preis":"1.95&nbsp;&#67;&#72;&#70;","Verf\u00fcgbarkeit":"Auf Lager"},"schema":{"@context":"https:\/\/schema.org","@graph":[{"@type":"WebPage","@id":"https:\/\/yasminfood.ch\/de\/product\/fava-bohnen-lara-400g\/","url":"https:\/\/yasminfood.ch\/de\/product\/fava-bohnen-lara-400g\/","name":"Fava Bohnen Lara 400g - Yasmin Food","isPartOf":{"@id":"https:\/\/yasminfood.ch\/de\/#website"},"primaryImageOfPage":{"@id":"https:\/\/yasminfood.ch\/de\/product\/fava-bohnen-lara-400g\/#primaryimage"},"image":{"@id":"https:\/\/yasminfood.ch\/de\/product\/fava-bohnen-lara-400g\/#primaryimage"},"thumbnailUrl":"https:\/\/yasminfood.ch\/wp-content\/uploads\/2025\/08\/\u0641\u0648\u0644-\u0645\u062f\u0645\u0633-\u0644\u0627\u0631\u0627-400\u063a.png","datePublished":"2025-08-19T11:10:39+00:00","dateModified":"2025-08-19T11:11:37+00:00","description":"Genie\u00dfen Sie eine gesunde und leckere Mahlzeit mit Lara Fava Bohnen 400 g, die reich an Proteinen sind. Eine gute Wahl f\u00fcr ein s\u00e4ttigendes Fr\u00fchst\u00fcck und eine k\u00f6stliche Vorspeise! \ud83c\udf7d\ufe0f Fava Bohnen Lara 400g","breadcrumb":{"@id":"https:\/\/yasminfood.ch\/de\/product\/fava-bohnen-lara-400g\/#breadcrumb"},"inLanguage":"de","potentialAction":[{"@type":"ReadAction","target":["https:\/\/yasminfood.ch\/de\/product\/fava-bohnen-lara-400g\/"]}]},{"@type":"ImageObject","inLanguage":"de","@id":"https:\/\/yasminfood.ch\/de\/product\/fava-bohnen-lara-400g\/#primaryimage","url":"https:\/\/yasminfood.ch\/wp-content\/uploads\/2025\/08\/\u0641\u0648\u0644-\u0645\u062f\u0645\u0633-\u0644\u0627\u0631\u0627-400\u063a.png","contentUrl":"https:\/\/yasminfood.ch\/wp-content\/uploads\/2025\/08\/\u0641\u0648\u0644-\u0645\u062f\u0645\u0633-\u0644\u0627\u0631\u0627-400\u063a.png","width":1755,"height":1755,"caption":"Fava Bohnen Lara 400g"},{"@type":"BreadcrumbList","@id":"https:\/\/yasminfood.ch\/de\/product\/fava-bohnen-lara-400g\/#breadcrumb","itemListElement":[{"@type":"ListItem","position":1,"name":"\u0627\u0644\u0631\u0626\u064a\u0633\u064a\u0629","item":"https:\/\/yasminfood.ch\/de\/zuhause\/"},{"@type":"ListItem","position":2,"name":"Shop","item":"https:\/\/yasminfood.ch\/de\/shop\/"},{"@type":"ListItem","position":3,"name":"Konserven - Lebensmittel","item":"https:\/\/yasminfood.ch\/de\/produkt-kategorie\/konserven-lebensmittel\/"},{"@type":"ListItem","position":4,"name":"Fava Bohnen","item":"https:\/\/yasminfood.ch\/de\/produkt-kategorie\/konserven-lebensmittel\/fava-bohnen\/"},{"@type":"ListItem","position":5,"name":"Fava Bohnen Lara 400g"}]},{"@type":"WebSite","@id":"https:\/\/yasminfood.ch\/de\/#website","url":"https:\/\/yasminfood.ch\/de\/","name":"\u064a\u0627\u0633\u0645\u064a\u0646 \u0645\u0627\u0631\u0643\u062a","description":"Alles, was Sie brauchen, an einem Ort","publisher":{"@id":"https:\/\/yasminfood.ch\/de\/#organization"},"alternateName":"Yasmin Food","potentialAction":[{"@type":"SearchAction","target":{"@type":"EntryPoint","urlTemplate":"https:\/\/yasminfood.ch\/de\/?s={search_term_string}"},"query-input":{"@type":"PropertyValueSpecification","valueRequired":true,"valueName":"search_term_string"}}],"inLanguage":"de"},{"@type":"Organization","@id":"https:\/\/yasminfood.ch\/de\/#organization","name":"\u064a\u0627\u0633\u0645\u064a\u0646 \u0645\u0627\u0631\u0643\u062a","alternateName":"Yasmin Food","url":"https:\/\/yasminfood.ch\/de\/","logo":{"@type":"ImageObject","inLanguage":"de","@id":"https:\/\/yasminfood.ch\/de\/#\/schema\/logo\/image\/","url":"https:\/\/yasminfood.ch\/wp-content\/uploads\/2025\/05\/yasmin-food-header-logo.png","contentUrl":"https:\/\/yasminfood.ch\/wp-content\/uploads\/2025\/05\/yasmin-food-header-logo.png","width":330,"height":120,"caption":"\u064a\u0627\u0633\u0645\u064a\u0646 \u0645\u0627\u0631\u0643\u062a"},"image":{"@id":"https:\/\/yasminfood.ch\/de\/#\/schema\/logo\/image\/"},"sameAs":["https:\/\/www.facebook.com\/yasminmarkt1","https:\/\/www.tiktok.com\/@yasminmarkt","https:\/\/www.instagram.com\/yasmin.markt1\/","https:\/\/api.whatsapp.com\/send\/?phone=41799000104"],"publishingPrinciples":"https:\/\/yasminfood.ch\/de\/shop\/","ownershipFundingInfo":"https:\/\/yasminfood.ch\/de\/shop\/"}]},"product_price_amount":"1.95","product_price_currency":"CHF","og_availability":"instock","product_availability":"instock","product_condition":"new"},"jetpack_sharing_enabled":true,"_links":{"self":[{"href":"https:\/\/yasminfood.ch\/de\/wp-json\/wp\/v2\/product\/119159","targetHints":{"allow":["GET"]}}],"collection":[{"href":"https:\/\/yasminfood.ch\/de\/wp-json\/wp\/v2\/product"}],"about":[{"href":"https:\/\/yasminfood.ch\/de\/wp-json\/wp\/v2\/types\/product"}],"replies":[{"embeddable":true,"href":"https:\/\/yasminfood.ch\/de\/wp-json\/wp\/v2\/comments?post=119159"}],"version-history":[{"count":0,"href":"https:\/\/yasminfood.ch\/de\/wp-json\/wp\/v2\/product\/119159\/revisions"}],"wp:featuredmedia":[{"embeddable":true,"href":"https:\/\/yasminfood.ch\/de\/wp-json\/wp\/v2\/media\/119154"}],"wp:attachment":[{"href":"https:\/\/yasminfood.ch\/de\/wp-json\/wp\/v2\/media?parent=119159"}],"wp:term":[{"taxonomy":"product_brand","embeddable":true,"href":"https:\/\/yasminfood.ch\/de\/wp-json\/wp\/v2\/product_brand?post=119159"},{"taxonomy":"product_cat","embeddable":true,"href":"https:\/\/yasminfood.ch\/de\/wp-json\/wp\/v2\/product_cat?post=119159"},{"taxonomy":"product_tag","embeddable":true,"href":"https:\/\/yasminfood.ch\/de\/wp-json\/wp\/v2\/product_tag?post=119159"}],"curies":[{"name":"wp","href":"https:\/\/api.w.org\/{rel}","templated":true}]}}