{"id":119167,"date":"2025-08-21T11:46:10","date_gmt":"2025-08-21T09:46:10","guid":{"rendered":"https:\/\/yasminfood.ch\/product\/uelker-kekse-plain-450g\/"},"modified":"2025-08-21T11:47:37","modified_gmt":"2025-08-21T09:47:37","slug":"uelker-kekse-plain-450g","status":"publish","type":"product","link":"https:\/\/yasminfood.ch\/de\/product\/uelker-kekse-plain-450g\/","title":{"rendered":"\u00dclker Kekse Plain 450g"},"content":{"rendered":"<p><strong>Ulker Plain Biscuits 450g<\/strong> Der klassische Geschmack, der nie langweilig wird!<\/p>\n<ul>\n<li>&nbsp;\n<ul>\n<li>Ulker Plain Biscuits ist die ideale Wahl f\u00fcr Gastfreundschaft, Snack mit Tee, <\/li>\n<li>Oder um hausgemachte Dessertrezepte zuzubereiten. Knusprig, leicht und mit einem ausgewogenen Geschmack, der Erwachsene und Kinder zufrieden stellen wird.  <\/li>\n<\/ul>\n<p><strong data-start=\"332\" data-end=\"349\">Nettogewicht:<\/strong> 800 g<\/p>\n<ul>\n<li data-start=\"361\" data-end=\"418\">\n<p data-start=\"363\" data-end=\"418\"><strong data-start=\"363\" data-end=\"374\">Geschmack:<\/strong> Einfach, mild s\u00fc\u00df, perfekt f\u00fcr alle Zeiten  <\/p>\n<\/li>\n<li data-start=\"419\" data-end=\"446\">\n<p data-start=\"421\" data-end=\"446\"><strong data-start=\"421\" data-end=\"432\">Textur:<\/strong> Knusprig und leicht<\/p>\n<\/li>\n<li data-start=\"447\" data-end=\"544\">\n<p data-start=\"449\" data-end=\"544\"><strong data-start=\"449\" data-end=\"463\">Verwendung:<\/strong> Wird so gegessen, wie es ist, oder bei der Zubereitung von Desserts wie K\u00e4sekuchen, Sahnebechern usw. verwendet.  <\/p>\n<\/li>\n<li data-start=\"545\" data-end=\"582\">\n<p data-start=\"547\" data-end=\"582\"><strong data-start=\"547\" data-end=\"559\">Verpakung:<\/strong> Wirtschaftliche Tasche in Familiengr\u00f6\u00dfe<\/p>\n<\/li>\n<li data-start=\"545\" data-end=\"582\">\n<p data-start=\"606\" data-end=\"733\">Weizenmehl, Pflanzen\u00f6l, Zucker, Backpulver, Salz, Vanillegeschmack (Zutaten k\u00f6nnen je nach Herkunftsland variieren \u2013 bitte bei Bedarf pr\u00fcfen)   <\/p>\n<\/li>\n<li data-start=\"545\" data-end=\"582\">\n<h3 data-start=\"740\" data-end=\"759\">So bewerben Sie sich:<\/h3>\n<ul data-start=\"760\" data-end=\"853\">\n<li data-start=\"760\" data-end=\"782\">\n<p data-start=\"762\" data-end=\"782\">Mit einer Tasse Tee oder Kaffee<\/p>\n<\/li>\n<li data-start=\"783\" data-end=\"820\">\n<p data-start=\"785\" data-end=\"820\">Schulsnack oder Snack am Arbeitsplatz<\/p>\n<\/li>\n<li data-start=\"821\" data-end=\"853\">\n<p data-start=\"823\" data-end=\"853\">Basis f\u00fcr kalte Desserts oder K\u00e4sekuchen<\/p>\n<\/li>\n<\/ul>\n<\/li>\n<\/ul>\n<\/li>\n<\/ul>\n","protected":false},"excerpt":{"rendered":"<p><strong>Ulker Plain Biscuits 450g <\/strong>Der klassische Geschmack, der nie langweilig wird!<\/p>\n<ul>\n<li>Ulker Plain Biscuits ist die ideale Wahl f\u00fcr Gastfreundschaft, Snack mit Tee, <\/li>\n<li>Oder um hausgemachte Dessertrezepte zuzubereiten. Knusprig, leicht und mit einem ausgewogenen Geschmack, der Erwachsene und Kinder zufrieden stellen wird.  <\/li>\n<\/ul>\n<p>&nbsp;<\/p>\n","protected":false},"featured_media":119164,"comment_status":"open","ping_status":"closed","template":"","meta":[],"product_brand":[],"product_cat":[297,305],"product_tag":[],"class_list":{"0":"post-119167","1":"product","2":"type-product","3":"status-publish","4":"has-post-thumbnail","6":"product_cat-dessert-chips-2","7":"product_cat-kekse","9":"first","10":"instock","11":"taxable","12":"shipping-taxable","13":"purchasable","14":"product-type-simple"},"yoast_head":"<!-- This site is optimized with the Yoast SEO Premium plugin v26.5 (Yoast SEO v27.3) - https:\/\/yoast.com\/product\/yoast-seo-premium-wordpress\/ -->\n<title>\u00dclker Kekse Plain 450g - Yasmin Food<\/title>\n<meta name=\"description\" content=\"Genie\u00dfen Sie den Geschmack der klassischen \u00dclker Plain Biscuits 450g! Die perfekte Wahl zum Tee oder f\u00fcr die Zubereitung von Dessertrezepten. Probieren Sie es jetzt aus! \u00dclker Kekse Plain 450g\" \/>\n<meta name=\"robots\" content=\"index, follow, max-snippet:-1, max-image-preview:large, max-video-preview:-1\" \/>\n<link rel=\"canonical\" href=\"https:\/\/yasminfood.ch\/de\/product\/uelker-kekse-plain-450g\/\" \/>\n<meta property=\"og:locale\" content=\"de_DE\" \/>\n<meta property=\"og:type\" content=\"article\" \/>\n<meta property=\"og:title\" content=\"\u00dclker Kekse Plain 450g\" \/>\n<meta property=\"og:description\" content=\"Ulker Plain Biscuits 450g Der klassische Geschmack, der nie langweilig wird!  Ulker Plain Biscuits ist die ideale Wahl f\u00fcr Gastfreundschaft, Snack mit Tee,  Oder um hausgemachte Dessertrezepte zuzubereiten. Knusprig, leicht und mit einem ausgewogenen Geschmack, der Erwachsene und Kinder zufrieden stellen wird.  &nbsp;\" \/>\n<meta property=\"og:url\" content=\"https:\/\/yasminfood.ch\/de\/product\/uelker-kekse-plain-450g\/\" \/>\n<meta property=\"og:site_name\" content=\"Yasmin Food\" \/>\n<meta property=\"article:publisher\" content=\"https:\/\/www.facebook.com\/yasminmarkt1\" \/>\n<meta property=\"article:modified_time\" content=\"2025-08-21T09:47:37+00:00\" \/>\n<meta property=\"og:image\" content=\"https:\/\/yasminfood.ch\/wp-content\/uploads\/2025\/08\/\u0628\u0633\u0643\u0648\u064a\u062a-\u0633\u0627\u062f\u0629-\u0627\u0648\u0644\u0643\u0631-450\u063a.png\" \/>\n\t<meta property=\"og:image:width\" content=\"1080\" \/>\n\t<meta property=\"og:image:height\" content=\"1080\" \/>\n\t<meta property=\"og:image:type\" content=\"image\/png\" \/>\n<meta name=\"twitter:card\" content=\"summary_large_image\" \/>\n<meta name=\"twitter:label1\" content=\"Preis\" \/>\n\t<meta name=\"twitter:data1\" content=\"3.95&nbsp;&#067;&#072;&#070;\" \/>\n\t<meta name=\"twitter:label2\" content=\"Verf\u00fcgbarkeit\" \/>\n\t<meta name=\"twitter:data2\" content=\"Auf Lager\" \/>\n<script type=\"application\/ld+json\" class=\"yoast-schema-graph\">{\"@context\":\"https:\\\/\\\/schema.org\",\"@graph\":[{\"@type\":\"WebPage\",\"@id\":\"https:\\\/\\\/yasminfood.ch\\\/de\\\/product\\\/uelker-kekse-plain-450g\\\/\",\"url\":\"https:\\\/\\\/yasminfood.ch\\\/de\\\/product\\\/uelker-kekse-plain-450g\\\/\",\"name\":\"\u00dclker Kekse Plain 450g - Yasmin Food\",\"isPartOf\":{\"@id\":\"https:\\\/\\\/yasminfood.ch\\\/de\\\/#website\"},\"primaryImageOfPage\":{\"@id\":\"https:\\\/\\\/yasminfood.ch\\\/de\\\/product\\\/uelker-kekse-plain-450g\\\/#primaryimage\"},\"image\":{\"@id\":\"https:\\\/\\\/yasminfood.ch\\\/de\\\/product\\\/uelker-kekse-plain-450g\\\/#primaryimage\"},\"thumbnailUrl\":\"https:\\\/\\\/yasminfood.ch\\\/wp-content\\\/uploads\\\/2025\\\/08\\\/\u0628\u0633\u0643\u0648\u064a\u062a-\u0633\u0627\u062f\u0629-\u0627\u0648\u0644\u0643\u0631-450\u063a.png\",\"datePublished\":\"2025-08-21T09:46:10+00:00\",\"dateModified\":\"2025-08-21T09:47:37+00:00\",\"description\":\"Genie\u00dfen Sie den Geschmack der klassischen \u00dclker Plain Biscuits 450g! Die perfekte Wahl zum Tee oder f\u00fcr die Zubereitung von Dessertrezepten. Probieren Sie es jetzt aus! \u00dclker Kekse Plain 450g\",\"breadcrumb\":{\"@id\":\"https:\\\/\\\/yasminfood.ch\\\/de\\\/product\\\/uelker-kekse-plain-450g\\\/#breadcrumb\"},\"inLanguage\":\"de\",\"potentialAction\":[{\"@type\":\"ReadAction\",\"target\":[\"https:\\\/\\\/yasminfood.ch\\\/de\\\/product\\\/uelker-kekse-plain-450g\\\/\"]}]},{\"@type\":\"ImageObject\",\"inLanguage\":\"de\",\"@id\":\"https:\\\/\\\/yasminfood.ch\\\/de\\\/product\\\/uelker-kekse-plain-450g\\\/#primaryimage\",\"url\":\"https:\\\/\\\/yasminfood.ch\\\/wp-content\\\/uploads\\\/2025\\\/08\\\/\u0628\u0633\u0643\u0648\u064a\u062a-\u0633\u0627\u062f\u0629-\u0627\u0648\u0644\u0643\u0631-450\u063a.png\",\"contentUrl\":\"https:\\\/\\\/yasminfood.ch\\\/wp-content\\\/uploads\\\/2025\\\/08\\\/\u0628\u0633\u0643\u0648\u064a\u062a-\u0633\u0627\u062f\u0629-\u0627\u0648\u0644\u0643\u0631-450\u063a.png\",\"width\":1080,\"height\":1080,\"caption\":\"\u00dclker Kekse Plain 450g\"},{\"@type\":\"BreadcrumbList\",\"@id\":\"https:\\\/\\\/yasminfood.ch\\\/de\\\/product\\\/uelker-kekse-plain-450g\\\/#breadcrumb\",\"itemListElement\":[{\"@type\":\"ListItem\",\"position\":1,\"name\":\"\u0627\u0644\u0631\u0626\u064a\u0633\u064a\u0629\",\"item\":\"https:\\\/\\\/yasminfood.ch\\\/de\\\/zuhause\\\/\"},{\"@type\":\"ListItem\",\"position\":2,\"name\":\"Shop\",\"item\":\"https:\\\/\\\/yasminfood.ch\\\/de\\\/shop\\\/\"},{\"@type\":\"ListItem\",\"position\":3,\"name\":\"Dessert &amp; Chips\",\"item\":\"https:\\\/\\\/yasminfood.ch\\\/de\\\/produkt-kategorie\\\/dessert-chips-2\\\/\"},{\"@type\":\"ListItem\",\"position\":4,\"name\":\"Kekse\",\"item\":\"https:\\\/\\\/yasminfood.ch\\\/de\\\/produkt-kategorie\\\/dessert-chips-2\\\/kekse\\\/\"},{\"@type\":\"ListItem\",\"position\":5,\"name\":\"\u00dclker Kekse Plain 450g\"}]},{\"@type\":\"WebSite\",\"@id\":\"https:\\\/\\\/yasminfood.ch\\\/de\\\/#website\",\"url\":\"https:\\\/\\\/yasminfood.ch\\\/de\\\/\",\"name\":\"\u064a\u0627\u0633\u0645\u064a\u0646 \u0645\u0627\u0631\u0643\u062a\",\"description\":\"Alles, was Sie brauchen, an einem Ort\",\"publisher\":{\"@id\":\"https:\\\/\\\/yasminfood.ch\\\/de\\\/#organization\"},\"alternateName\":\"Yasmin Food\",\"potentialAction\":[{\"@type\":\"SearchAction\",\"target\":{\"@type\":\"EntryPoint\",\"urlTemplate\":\"https:\\\/\\\/yasminfood.ch\\\/de\\\/?s={search_term_string}\"},\"query-input\":{\"@type\":\"PropertyValueSpecification\",\"valueRequired\":true,\"valueName\":\"search_term_string\"}}],\"inLanguage\":\"de\"},{\"@type\":\"Organization\",\"@id\":\"https:\\\/\\\/yasminfood.ch\\\/de\\\/#organization\",\"name\":\"\u064a\u0627\u0633\u0645\u064a\u0646 \u0645\u0627\u0631\u0643\u062a\",\"alternateName\":\"Yasmin Food\",\"url\":\"https:\\\/\\\/yasminfood.ch\\\/de\\\/\",\"logo\":{\"@type\":\"ImageObject\",\"inLanguage\":\"de\",\"@id\":\"https:\\\/\\\/yasminfood.ch\\\/de\\\/#\\\/schema\\\/logo\\\/image\\\/\",\"url\":\"https:\\\/\\\/yasminfood.ch\\\/wp-content\\\/uploads\\\/2025\\\/05\\\/yasmin-food-header-logo.png\",\"contentUrl\":\"https:\\\/\\\/yasminfood.ch\\\/wp-content\\\/uploads\\\/2025\\\/05\\\/yasmin-food-header-logo.png\",\"width\":330,\"height\":120,\"caption\":\"\u064a\u0627\u0633\u0645\u064a\u0646 \u0645\u0627\u0631\u0643\u062a\"},\"image\":{\"@id\":\"https:\\\/\\\/yasminfood.ch\\\/de\\\/#\\\/schema\\\/logo\\\/image\\\/\"},\"sameAs\":[\"https:\\\/\\\/www.facebook.com\\\/yasminmarkt1\",\"https:\\\/\\\/www.tiktok.com\\\/@yasminmarkt\",\"https:\\\/\\\/www.instagram.com\\\/yasmin.markt1\\\/\",\"https:\\\/\\\/api.whatsapp.com\\\/send\\\/?phone=41799000104\"],\"publishingPrinciples\":\"https:\\\/\\\/yasminfood.ch\\\/de\\\/shop\\\/\",\"ownershipFundingInfo\":\"https:\\\/\\\/yasminfood.ch\\\/de\\\/shop\\\/\"}]}<\/script>\n<meta property=\"product:price:amount\" content=\"3.95\" \/>\n<meta property=\"product:price:currency\" content=\"CHF\" \/>\n<meta property=\"og:availability\" content=\"instock\" \/>\n<meta property=\"product:availability\" content=\"instock\" \/>\n<meta property=\"product:condition\" content=\"new\" \/>\n<!-- \/ Yoast SEO Premium plugin. -->","yoast_head_json":{"title":"\u00dclker Kekse Plain 450g - Yasmin Food","description":"Genie\u00dfen Sie den Geschmack der klassischen \u00dclker Plain Biscuits 450g! Die perfekte Wahl zum Tee oder f\u00fcr die Zubereitung von Dessertrezepten. Probieren Sie es jetzt aus! \u00dclker Kekse Plain 450g","robots":{"index":"index","follow":"follow","max-snippet":"max-snippet:-1","max-image-preview":"max-image-preview:large","max-video-preview":"max-video-preview:-1"},"canonical":"https:\/\/yasminfood.ch\/de\/product\/uelker-kekse-plain-450g\/","og_locale":"de_DE","og_type":"article","og_title":"\u00dclker Kekse Plain 450g","og_description":"Ulker Plain Biscuits 450g Der klassische Geschmack, der nie langweilig wird!  Ulker Plain Biscuits ist die ideale Wahl f\u00fcr Gastfreundschaft, Snack mit Tee,  Oder um hausgemachte Dessertrezepte zuzubereiten. Knusprig, leicht und mit einem ausgewogenen Geschmack, der Erwachsene und Kinder zufrieden stellen wird.  &nbsp;","og_url":"https:\/\/yasminfood.ch\/de\/product\/uelker-kekse-plain-450g\/","og_site_name":"Yasmin Food","article_publisher":"https:\/\/www.facebook.com\/yasminmarkt1","article_modified_time":"2025-08-21T09:47:37+00:00","og_image":[{"width":1080,"height":1080,"url":"https:\/\/yasminfood.ch\/wp-content\/uploads\/2025\/08\/\u0628\u0633\u0643\u0648\u064a\u062a-\u0633\u0627\u062f\u0629-\u0627\u0648\u0644\u0643\u0631-450\u063a.png","type":"image\/png"}],"twitter_card":"summary_large_image","twitter_misc":{"Preis":"3.95&nbsp;&#67;&#72;&#70;","Verf\u00fcgbarkeit":"Auf Lager"},"schema":{"@context":"https:\/\/schema.org","@graph":[{"@type":"WebPage","@id":"https:\/\/yasminfood.ch\/de\/product\/uelker-kekse-plain-450g\/","url":"https:\/\/yasminfood.ch\/de\/product\/uelker-kekse-plain-450g\/","name":"\u00dclker Kekse Plain 450g - Yasmin Food","isPartOf":{"@id":"https:\/\/yasminfood.ch\/de\/#website"},"primaryImageOfPage":{"@id":"https:\/\/yasminfood.ch\/de\/product\/uelker-kekse-plain-450g\/#primaryimage"},"image":{"@id":"https:\/\/yasminfood.ch\/de\/product\/uelker-kekse-plain-450g\/#primaryimage"},"thumbnailUrl":"https:\/\/yasminfood.ch\/wp-content\/uploads\/2025\/08\/\u0628\u0633\u0643\u0648\u064a\u062a-\u0633\u0627\u062f\u0629-\u0627\u0648\u0644\u0643\u0631-450\u063a.png","datePublished":"2025-08-21T09:46:10+00:00","dateModified":"2025-08-21T09:47:37+00:00","description":"Genie\u00dfen Sie den Geschmack der klassischen \u00dclker Plain Biscuits 450g! Die perfekte Wahl zum Tee oder f\u00fcr die Zubereitung von Dessertrezepten. Probieren Sie es jetzt aus! \u00dclker Kekse Plain 450g","breadcrumb":{"@id":"https:\/\/yasminfood.ch\/de\/product\/uelker-kekse-plain-450g\/#breadcrumb"},"inLanguage":"de","potentialAction":[{"@type":"ReadAction","target":["https:\/\/yasminfood.ch\/de\/product\/uelker-kekse-plain-450g\/"]}]},{"@type":"ImageObject","inLanguage":"de","@id":"https:\/\/yasminfood.ch\/de\/product\/uelker-kekse-plain-450g\/#primaryimage","url":"https:\/\/yasminfood.ch\/wp-content\/uploads\/2025\/08\/\u0628\u0633\u0643\u0648\u064a\u062a-\u0633\u0627\u062f\u0629-\u0627\u0648\u0644\u0643\u0631-450\u063a.png","contentUrl":"https:\/\/yasminfood.ch\/wp-content\/uploads\/2025\/08\/\u0628\u0633\u0643\u0648\u064a\u062a-\u0633\u0627\u062f\u0629-\u0627\u0648\u0644\u0643\u0631-450\u063a.png","width":1080,"height":1080,"caption":"\u00dclker Kekse Plain 450g"},{"@type":"BreadcrumbList","@id":"https:\/\/yasminfood.ch\/de\/product\/uelker-kekse-plain-450g\/#breadcrumb","itemListElement":[{"@type":"ListItem","position":1,"name":"\u0627\u0644\u0631\u0626\u064a\u0633\u064a\u0629","item":"https:\/\/yasminfood.ch\/de\/zuhause\/"},{"@type":"ListItem","position":2,"name":"Shop","item":"https:\/\/yasminfood.ch\/de\/shop\/"},{"@type":"ListItem","position":3,"name":"Dessert &amp; Chips","item":"https:\/\/yasminfood.ch\/de\/produkt-kategorie\/dessert-chips-2\/"},{"@type":"ListItem","position":4,"name":"Kekse","item":"https:\/\/yasminfood.ch\/de\/produkt-kategorie\/dessert-chips-2\/kekse\/"},{"@type":"ListItem","position":5,"name":"\u00dclker Kekse Plain 450g"}]},{"@type":"WebSite","@id":"https:\/\/yasminfood.ch\/de\/#website","url":"https:\/\/yasminfood.ch\/de\/","name":"\u064a\u0627\u0633\u0645\u064a\u0646 \u0645\u0627\u0631\u0643\u062a","description":"Alles, was Sie brauchen, an einem Ort","publisher":{"@id":"https:\/\/yasminfood.ch\/de\/#organization"},"alternateName":"Yasmin Food","potentialAction":[{"@type":"SearchAction","target":{"@type":"EntryPoint","urlTemplate":"https:\/\/yasminfood.ch\/de\/?s={search_term_string}"},"query-input":{"@type":"PropertyValueSpecification","valueRequired":true,"valueName":"search_term_string"}}],"inLanguage":"de"},{"@type":"Organization","@id":"https:\/\/yasminfood.ch\/de\/#organization","name":"\u064a\u0627\u0633\u0645\u064a\u0646 \u0645\u0627\u0631\u0643\u062a","alternateName":"Yasmin Food","url":"https:\/\/yasminfood.ch\/de\/","logo":{"@type":"ImageObject","inLanguage":"de","@id":"https:\/\/yasminfood.ch\/de\/#\/schema\/logo\/image\/","url":"https:\/\/yasminfood.ch\/wp-content\/uploads\/2025\/05\/yasmin-food-header-logo.png","contentUrl":"https:\/\/yasminfood.ch\/wp-content\/uploads\/2025\/05\/yasmin-food-header-logo.png","width":330,"height":120,"caption":"\u064a\u0627\u0633\u0645\u064a\u0646 \u0645\u0627\u0631\u0643\u062a"},"image":{"@id":"https:\/\/yasminfood.ch\/de\/#\/schema\/logo\/image\/"},"sameAs":["https:\/\/www.facebook.com\/yasminmarkt1","https:\/\/www.tiktok.com\/@yasminmarkt","https:\/\/www.instagram.com\/yasmin.markt1\/","https:\/\/api.whatsapp.com\/send\/?phone=41799000104"],"publishingPrinciples":"https:\/\/yasminfood.ch\/de\/shop\/","ownershipFundingInfo":"https:\/\/yasminfood.ch\/de\/shop\/"}]},"product_price_amount":"3.95","product_price_currency":"CHF","og_availability":"instock","product_availability":"instock","product_condition":"new"},"jetpack_sharing_enabled":true,"_links":{"self":[{"href":"https:\/\/yasminfood.ch\/de\/wp-json\/wp\/v2\/product\/119167","targetHints":{"allow":["GET"]}}],"collection":[{"href":"https:\/\/yasminfood.ch\/de\/wp-json\/wp\/v2\/product"}],"about":[{"href":"https:\/\/yasminfood.ch\/de\/wp-json\/wp\/v2\/types\/product"}],"replies":[{"embeddable":true,"href":"https:\/\/yasminfood.ch\/de\/wp-json\/wp\/v2\/comments?post=119167"}],"version-history":[{"count":0,"href":"https:\/\/yasminfood.ch\/de\/wp-json\/wp\/v2\/product\/119167\/revisions"}],"wp:featuredmedia":[{"embeddable":true,"href":"https:\/\/yasminfood.ch\/de\/wp-json\/wp\/v2\/media\/119164"}],"wp:attachment":[{"href":"https:\/\/yasminfood.ch\/de\/wp-json\/wp\/v2\/media?parent=119167"}],"wp:term":[{"taxonomy":"product_brand","embeddable":true,"href":"https:\/\/yasminfood.ch\/de\/wp-json\/wp\/v2\/product_brand?post=119167"},{"taxonomy":"product_cat","embeddable":true,"href":"https:\/\/yasminfood.ch\/de\/wp-json\/wp\/v2\/product_cat?post=119167"},{"taxonomy":"product_tag","embeddable":true,"href":"https:\/\/yasminfood.ch\/de\/wp-json\/wp\/v2\/product_tag?post=119167"}],"curies":[{"name":"wp","href":"https:\/\/api.w.org\/{rel}","templated":true}]}}