{"id":119203,"date":"2025-08-21T12:51:40","date_gmt":"2025-08-21T10:51:40","guid":{"rendered":"https:\/\/yasminfood.ch\/product\/glocke-melasse-710g-almis\/"},"modified":"2025-08-21T12:57:35","modified_gmt":"2025-08-21T10:57:35","slug":"glocke-melasse-710g-almis","status":"publish","type":"product","link":"https:\/\/yasminfood.ch\/de\/product\/glocke-melasse-710g-almis\/","title":{"rendered":"Glocke Melasse 710g Almis"},"content":{"rendered":"<p><strong>Glocke Melasse 710g Almis<\/strong><\/p>\n<ul>\n<li>\n<p data-start=\"108\" data-end=\"302\">Genie\u00dfen Sie den authentischen Geschmack <strong data-start=\"131\" data-end=\"162\">mit Almis Sweet Capsicum Melasse<\/strong>,<\/p>\n<\/li>\n<li>\n<p data-start=\"108\" data-end=\"302\">Hergestellt aus den feinsten nat\u00fcrlichen roten Paprikas. Dieses Produkt verleiht Ihnen einen reichhaltigen, ausgewogenen Geschmack <\/p>\n<\/li>\n<li>\n<p data-start=\"108\" data-end=\"302\">Es verleiht Ihren verschiedenen Rezepten eine besondere Note, ohne die Intensit\u00e4t des w\u00fcrzigen Geschmacks.<\/p>\n<h3 data-start=\"304\" data-end=\"319\">\u2705 Funktionen:<\/h3>\n<ul data-start=\"320\" data-end=\"514\">\n<li data-start=\"320\" data-end=\"367\">\n<p data-start=\"322\" data-end=\"367\">100% nat\u00fcrlich ohne Konservierungsstoffe oder k\u00fcnstliche Farbstoffe.<\/p>\n<\/li>\n<li data-start=\"368\" data-end=\"408\">\n<p data-start=\"370\" data-end=\"408\">Ein ausgewogener Geschmack, der f\u00fcr die ganze Familie geeignet ist.<\/p>\n<\/li>\n<li data-start=\"409\" data-end=\"452\">\n<p data-start=\"411\" data-end=\"452\">Das gro\u00dfe Gewicht (710 g) ist ideal f\u00fcr den t\u00e4glichen Gebrauch.<\/p>\n<\/li>\n<li data-start=\"453\" data-end=\"514\">\n<p data-start=\"455\" data-end=\"514\">Verpackt in \u00dcbereinstimmung mit den internationalen Qualit\u00e4tsnormen ISO <strong data-start=\"487\" data-end=\"511\">9001 und ISO 14001<\/strong>.<\/p>\n<\/li>\n<\/ul>\n<h3 data-start=\"516\" data-end=\"539\">\ud83c\udf74 Wie benutzt man:<\/h3>\n<ul data-start=\"540\" data-end=\"660\">\n<li data-start=\"540\" data-end=\"607\">\n<p data-start=\"542\" data-end=\"607\">Perfekt f\u00fcr die Zubereitung  <strong data-start=\"555\" data-end=\"604\">Geb\u00e4ck, Pizzen, Eint\u00f6pfe, Saucen und Geb\u00e4ck <\/strong>.<\/p>\n<\/li>\n<li data-start=\"608\" data-end=\"660\">\n<p data-start=\"610\" data-end=\"660\">Es kann als nat\u00fcrliche Basis f\u00fcr die Kreation innovativer Gerichte verwendet werden.<\/p>\n<\/li>\n<\/ul>\n<h3 data-start=\"662\" data-end=\"678\">i\ufe0f Zutaten:<\/h3>\n<ul data-start=\"679\" data-end=\"703\">\n<li data-start=\"679\" data-end=\"695\">\n<p data-start=\"681\" data-end=\"695\">Rote Paprika<\/p>\n<\/li>\n<li data-start=\"696\" data-end=\"703\">\n<p data-start=\"698\" data-end=\"703\">Salz<\/p>\n<\/li>\n<\/ul>\n<h3 data-start=\"705\" data-end=\"733\">\ud83c\udff7\ufe0f Nettogewicht: 710g <\/h3>\n<\/li>\n<\/ul>\n","protected":false},"excerpt":{"rendered":"<p><strong>Glocke Melasse 710g Almis<\/strong><\/p>\n<ul>\n<li>\n<p data-start=\"108\" data-end=\"302\">Genie\u00dfen Sie den authentischen Geschmack <strong data-start=\"131\" data-end=\"162\">mit Almis Sweet Capsicum Melasse<\/strong>,<\/p>\n<\/li>\n<li>\n<p data-start=\"108\" data-end=\"302\">Hergestellt aus den feinsten nat\u00fcrlichen roten Paprikas. Dieses Produkt verleiht Ihnen einen reichhaltigen, ausgewogenen Geschmack <\/p>\n<\/li>\n<\/ul>\n","protected":false},"featured_media":119183,"comment_status":"open","ping_status":"closed","template":"","meta":[],"product_brand":[],"product_cat":[245,274],"product_tag":[],"class_list":{"0":"post-119203","1":"product","2":"type-product","3":"status-publish","4":"has-post-thumbnail","6":"product_cat-konserven-lebensmittel","7":"product_cat-paprika-sauce","9":"first","10":"instock","11":"taxable","12":"shipping-taxable","13":"purchasable","14":"product-type-simple"},"yoast_head":"<!-- This site is optimized with the Yoast SEO Premium plugin v26.5 (Yoast SEO v27.4) - https:\/\/yoast.com\/product\/yoast-seo-premium-wordpress\/ -->\n<title>Glocke Melasse 710g Almis - Yasmin Food<\/title>\n<meta name=\"description\" content=\"Genie\u00dfen Sie den Geschmack von Almis 710g Glockenmelasse mit einem reichhaltigen und nat\u00fcrlichen Geschmack. Perfekt f\u00fcr all Ihre t\u00e4glichen Rezepte, bestellen Sie es jetzt! Glocke Melasse 710g Almis\" \/>\n<meta name=\"robots\" content=\"index, follow, max-snippet:-1, max-image-preview:large, max-video-preview:-1\" \/>\n<link rel=\"canonical\" href=\"https:\/\/yasminfood.ch\/de\/product\/glocke-melasse-710g-almis\/\" \/>\n<meta property=\"og:locale\" content=\"de_DE\" \/>\n<meta property=\"og:type\" content=\"article\" \/>\n<meta property=\"og:title\" content=\"Glocke Melasse 710g Almis\" \/>\n<meta property=\"og:description\" content=\"Glocke Melasse 710g Almis   Genie\u00dfen Sie den authentischen Geschmack mit Almis Sweet Capsicum Melasse,   Hergestellt aus den feinsten nat\u00fcrlichen roten Paprikas. Dieses Produkt verleiht Ihnen einen reichhaltigen, ausgewogenen Geschmack\" \/>\n<meta property=\"og:url\" content=\"https:\/\/yasminfood.ch\/de\/product\/glocke-melasse-710g-almis\/\" \/>\n<meta property=\"og:site_name\" content=\"Yasmin Food\" \/>\n<meta property=\"article:publisher\" content=\"https:\/\/www.facebook.com\/yasminmarkt1\" \/>\n<meta property=\"article:modified_time\" content=\"2025-08-21T10:57:35+00:00\" \/>\n<meta property=\"og:image\" content=\"https:\/\/yasminfood.ch\/wp-content\/uploads\/2025\/08\/\u062f\u0628\u0633-\u0641\u0644\u064a\u0641\u0644\u0629-\u062d\u0644\u0648-710\u063a-Almis-.png\" \/>\n\t<meta property=\"og:image:width\" content=\"1080\" \/>\n\t<meta property=\"og:image:height\" content=\"1080\" \/>\n\t<meta property=\"og:image:type\" content=\"image\/png\" \/>\n<meta name=\"twitter:card\" content=\"summary_large_image\" \/>\n<meta name=\"twitter:label1\" content=\"Preis\" \/>\n\t<meta name=\"twitter:data1\" content=\"5.95&nbsp;&#067;&#072;&#070;\" \/>\n\t<meta name=\"twitter:label2\" content=\"Verf\u00fcgbarkeit\" \/>\n\t<meta name=\"twitter:data2\" content=\"Auf Lager\" \/>\n<script type=\"application\/ld+json\" class=\"yoast-schema-graph\">{\"@context\":\"https:\\\/\\\/schema.org\",\"@graph\":[{\"@type\":\"WebPage\",\"@id\":\"https:\\\/\\\/yasminfood.ch\\\/de\\\/product\\\/glocke-melasse-710g-almis\\\/\",\"url\":\"https:\\\/\\\/yasminfood.ch\\\/de\\\/product\\\/glocke-melasse-710g-almis\\\/\",\"name\":\"Glocke Melasse 710g Almis - Yasmin Food\",\"isPartOf\":{\"@id\":\"https:\\\/\\\/yasminfood.ch\\\/de\\\/#website\"},\"primaryImageOfPage\":{\"@id\":\"https:\\\/\\\/yasminfood.ch\\\/de\\\/product\\\/glocke-melasse-710g-almis\\\/#primaryimage\"},\"image\":{\"@id\":\"https:\\\/\\\/yasminfood.ch\\\/de\\\/product\\\/glocke-melasse-710g-almis\\\/#primaryimage\"},\"thumbnailUrl\":\"https:\\\/\\\/yasminfood.ch\\\/wp-content\\\/uploads\\\/2025\\\/08\\\/\u062f\u0628\u0633-\u0641\u0644\u064a\u0641\u0644\u0629-\u062d\u0644\u0648-710\u063a-Almis-.png\",\"datePublished\":\"2025-08-21T10:51:40+00:00\",\"dateModified\":\"2025-08-21T10:57:35+00:00\",\"description\":\"Genie\u00dfen Sie den Geschmack von Almis 710g Glockenmelasse mit einem reichhaltigen und nat\u00fcrlichen Geschmack. Perfekt f\u00fcr all Ihre t\u00e4glichen Rezepte, bestellen Sie es jetzt! Glocke Melasse 710g Almis\",\"breadcrumb\":{\"@id\":\"https:\\\/\\\/yasminfood.ch\\\/de\\\/product\\\/glocke-melasse-710g-almis\\\/#breadcrumb\"},\"inLanguage\":\"de\",\"potentialAction\":[{\"@type\":\"ReadAction\",\"target\":[\"https:\\\/\\\/yasminfood.ch\\\/de\\\/product\\\/glocke-melasse-710g-almis\\\/\"]}]},{\"@type\":\"ImageObject\",\"inLanguage\":\"de\",\"@id\":\"https:\\\/\\\/yasminfood.ch\\\/de\\\/product\\\/glocke-melasse-710g-almis\\\/#primaryimage\",\"url\":\"https:\\\/\\\/yasminfood.ch\\\/wp-content\\\/uploads\\\/2025\\\/08\\\/\u062f\u0628\u0633-\u0641\u0644\u064a\u0641\u0644\u0629-\u062d\u0644\u0648-710\u063a-Almis-.png\",\"contentUrl\":\"https:\\\/\\\/yasminfood.ch\\\/wp-content\\\/uploads\\\/2025\\\/08\\\/\u062f\u0628\u0633-\u0641\u0644\u064a\u0641\u0644\u0629-\u062d\u0644\u0648-710\u063a-Almis-.png\",\"width\":1080,\"height\":1080,\"caption\":\"Glocke Melasse 710g Almis\"},{\"@type\":\"BreadcrumbList\",\"@id\":\"https:\\\/\\\/yasminfood.ch\\\/de\\\/product\\\/glocke-melasse-710g-almis\\\/#breadcrumb\",\"itemListElement\":[{\"@type\":\"ListItem\",\"position\":1,\"name\":\"\u0627\u0644\u0631\u0626\u064a\u0633\u064a\u0629\",\"item\":\"https:\\\/\\\/yasminfood.ch\\\/de\\\/zuhause\\\/\"},{\"@type\":\"ListItem\",\"position\":2,\"name\":\"Shop\",\"item\":\"https:\\\/\\\/yasminfood.ch\\\/de\\\/shop\\\/\"},{\"@type\":\"ListItem\",\"position\":3,\"name\":\"Konserven - Lebensmittel\",\"item\":\"https:\\\/\\\/yasminfood.ch\\\/de\\\/produkt-kategorie\\\/konserven-lebensmittel\\\/\"},{\"@type\":\"ListItem\",\"position\":4,\"name\":\"Paprika Sauce\",\"item\":\"https:\\\/\\\/yasminfood.ch\\\/de\\\/produkt-kategorie\\\/konserven-lebensmittel\\\/paprika-sauce\\\/\"},{\"@type\":\"ListItem\",\"position\":5,\"name\":\"Glocke Melasse 710g Almis\"}]},{\"@type\":\"WebSite\",\"@id\":\"https:\\\/\\\/yasminfood.ch\\\/de\\\/#website\",\"url\":\"https:\\\/\\\/yasminfood.ch\\\/de\\\/\",\"name\":\"\u064a\u0627\u0633\u0645\u064a\u0646 \u0645\u0627\u0631\u0643\u062a\",\"description\":\"Alles, was Sie brauchen, an einem Ort\",\"publisher\":{\"@id\":\"https:\\\/\\\/yasminfood.ch\\\/de\\\/#organization\"},\"alternateName\":\"Yasmin Food\",\"potentialAction\":[{\"@type\":\"SearchAction\",\"target\":{\"@type\":\"EntryPoint\",\"urlTemplate\":\"https:\\\/\\\/yasminfood.ch\\\/de\\\/?s={search_term_string}\"},\"query-input\":{\"@type\":\"PropertyValueSpecification\",\"valueRequired\":true,\"valueName\":\"search_term_string\"}}],\"inLanguage\":\"de\"},{\"@type\":\"Organization\",\"@id\":\"https:\\\/\\\/yasminfood.ch\\\/de\\\/#organization\",\"name\":\"\u064a\u0627\u0633\u0645\u064a\u0646 \u0645\u0627\u0631\u0643\u062a\",\"alternateName\":\"Yasmin Food\",\"url\":\"https:\\\/\\\/yasminfood.ch\\\/de\\\/\",\"logo\":{\"@type\":\"ImageObject\",\"inLanguage\":\"de\",\"@id\":\"https:\\\/\\\/yasminfood.ch\\\/de\\\/#\\\/schema\\\/logo\\\/image\\\/\",\"url\":\"https:\\\/\\\/yasminfood.ch\\\/wp-content\\\/uploads\\\/2025\\\/05\\\/yasmin-food-header-logo.png\",\"contentUrl\":\"https:\\\/\\\/yasminfood.ch\\\/wp-content\\\/uploads\\\/2025\\\/05\\\/yasmin-food-header-logo.png\",\"width\":330,\"height\":120,\"caption\":\"\u064a\u0627\u0633\u0645\u064a\u0646 \u0645\u0627\u0631\u0643\u062a\"},\"image\":{\"@id\":\"https:\\\/\\\/yasminfood.ch\\\/de\\\/#\\\/schema\\\/logo\\\/image\\\/\"},\"sameAs\":[\"https:\\\/\\\/www.facebook.com\\\/yasminmarkt1\",\"https:\\\/\\\/www.tiktok.com\\\/@yasminmarkt\",\"https:\\\/\\\/www.instagram.com\\\/yasmin.markt1\\\/\",\"https:\\\/\\\/api.whatsapp.com\\\/send\\\/?phone=41799000104\"],\"publishingPrinciples\":\"https:\\\/\\\/yasminfood.ch\\\/de\\\/shop\\\/\",\"ownershipFundingInfo\":\"https:\\\/\\\/yasminfood.ch\\\/de\\\/shop\\\/\"}]}<\/script>\n<meta property=\"product:price:amount\" content=\"5.95\" \/>\n<meta property=\"product:price:currency\" content=\"CHF\" \/>\n<meta property=\"og:availability\" content=\"instock\" \/>\n<meta property=\"product:availability\" content=\"instock\" \/>\n<meta property=\"product:condition\" content=\"new\" \/>\n<!-- \/ Yoast SEO Premium plugin. -->","yoast_head_json":{"title":"Glocke Melasse 710g Almis - Yasmin Food","description":"Genie\u00dfen Sie den Geschmack von Almis 710g Glockenmelasse mit einem reichhaltigen und nat\u00fcrlichen Geschmack. Perfekt f\u00fcr all Ihre t\u00e4glichen Rezepte, bestellen Sie es jetzt! Glocke Melasse 710g Almis","robots":{"index":"index","follow":"follow","max-snippet":"max-snippet:-1","max-image-preview":"max-image-preview:large","max-video-preview":"max-video-preview:-1"},"canonical":"https:\/\/yasminfood.ch\/de\/product\/glocke-melasse-710g-almis\/","og_locale":"de_DE","og_type":"article","og_title":"Glocke Melasse 710g Almis","og_description":"Glocke Melasse 710g Almis   Genie\u00dfen Sie den authentischen Geschmack mit Almis Sweet Capsicum Melasse,   Hergestellt aus den feinsten nat\u00fcrlichen roten Paprikas. Dieses Produkt verleiht Ihnen einen reichhaltigen, ausgewogenen Geschmack","og_url":"https:\/\/yasminfood.ch\/de\/product\/glocke-melasse-710g-almis\/","og_site_name":"Yasmin Food","article_publisher":"https:\/\/www.facebook.com\/yasminmarkt1","article_modified_time":"2025-08-21T10:57:35+00:00","og_image":[{"width":1080,"height":1080,"url":"https:\/\/yasminfood.ch\/wp-content\/uploads\/2025\/08\/\u062f\u0628\u0633-\u0641\u0644\u064a\u0641\u0644\u0629-\u062d\u0644\u0648-710\u063a-Almis-.png","type":"image\/png"}],"twitter_card":"summary_large_image","twitter_misc":{"Preis":"5.95&nbsp;&#67;&#72;&#70;","Verf\u00fcgbarkeit":"Auf Lager"},"schema":{"@context":"https:\/\/schema.org","@graph":[{"@type":"WebPage","@id":"https:\/\/yasminfood.ch\/de\/product\/glocke-melasse-710g-almis\/","url":"https:\/\/yasminfood.ch\/de\/product\/glocke-melasse-710g-almis\/","name":"Glocke Melasse 710g Almis - Yasmin Food","isPartOf":{"@id":"https:\/\/yasminfood.ch\/de\/#website"},"primaryImageOfPage":{"@id":"https:\/\/yasminfood.ch\/de\/product\/glocke-melasse-710g-almis\/#primaryimage"},"image":{"@id":"https:\/\/yasminfood.ch\/de\/product\/glocke-melasse-710g-almis\/#primaryimage"},"thumbnailUrl":"https:\/\/yasminfood.ch\/wp-content\/uploads\/2025\/08\/\u062f\u0628\u0633-\u0641\u0644\u064a\u0641\u0644\u0629-\u062d\u0644\u0648-710\u063a-Almis-.png","datePublished":"2025-08-21T10:51:40+00:00","dateModified":"2025-08-21T10:57:35+00:00","description":"Genie\u00dfen Sie den Geschmack von Almis 710g Glockenmelasse mit einem reichhaltigen und nat\u00fcrlichen Geschmack. Perfekt f\u00fcr all Ihre t\u00e4glichen Rezepte, bestellen Sie es jetzt! Glocke Melasse 710g Almis","breadcrumb":{"@id":"https:\/\/yasminfood.ch\/de\/product\/glocke-melasse-710g-almis\/#breadcrumb"},"inLanguage":"de","potentialAction":[{"@type":"ReadAction","target":["https:\/\/yasminfood.ch\/de\/product\/glocke-melasse-710g-almis\/"]}]},{"@type":"ImageObject","inLanguage":"de","@id":"https:\/\/yasminfood.ch\/de\/product\/glocke-melasse-710g-almis\/#primaryimage","url":"https:\/\/yasminfood.ch\/wp-content\/uploads\/2025\/08\/\u062f\u0628\u0633-\u0641\u0644\u064a\u0641\u0644\u0629-\u062d\u0644\u0648-710\u063a-Almis-.png","contentUrl":"https:\/\/yasminfood.ch\/wp-content\/uploads\/2025\/08\/\u062f\u0628\u0633-\u0641\u0644\u064a\u0641\u0644\u0629-\u062d\u0644\u0648-710\u063a-Almis-.png","width":1080,"height":1080,"caption":"Glocke Melasse 710g Almis"},{"@type":"BreadcrumbList","@id":"https:\/\/yasminfood.ch\/de\/product\/glocke-melasse-710g-almis\/#breadcrumb","itemListElement":[{"@type":"ListItem","position":1,"name":"\u0627\u0644\u0631\u0626\u064a\u0633\u064a\u0629","item":"https:\/\/yasminfood.ch\/de\/zuhause\/"},{"@type":"ListItem","position":2,"name":"Shop","item":"https:\/\/yasminfood.ch\/de\/shop\/"},{"@type":"ListItem","position":3,"name":"Konserven - Lebensmittel","item":"https:\/\/yasminfood.ch\/de\/produkt-kategorie\/konserven-lebensmittel\/"},{"@type":"ListItem","position":4,"name":"Paprika Sauce","item":"https:\/\/yasminfood.ch\/de\/produkt-kategorie\/konserven-lebensmittel\/paprika-sauce\/"},{"@type":"ListItem","position":5,"name":"Glocke Melasse 710g Almis"}]},{"@type":"WebSite","@id":"https:\/\/yasminfood.ch\/de\/#website","url":"https:\/\/yasminfood.ch\/de\/","name":"\u064a\u0627\u0633\u0645\u064a\u0646 \u0645\u0627\u0631\u0643\u062a","description":"Alles, was Sie brauchen, an einem Ort","publisher":{"@id":"https:\/\/yasminfood.ch\/de\/#organization"},"alternateName":"Yasmin Food","potentialAction":[{"@type":"SearchAction","target":{"@type":"EntryPoint","urlTemplate":"https:\/\/yasminfood.ch\/de\/?s={search_term_string}"},"query-input":{"@type":"PropertyValueSpecification","valueRequired":true,"valueName":"search_term_string"}}],"inLanguage":"de"},{"@type":"Organization","@id":"https:\/\/yasminfood.ch\/de\/#organization","name":"\u064a\u0627\u0633\u0645\u064a\u0646 \u0645\u0627\u0631\u0643\u062a","alternateName":"Yasmin Food","url":"https:\/\/yasminfood.ch\/de\/","logo":{"@type":"ImageObject","inLanguage":"de","@id":"https:\/\/yasminfood.ch\/de\/#\/schema\/logo\/image\/","url":"https:\/\/yasminfood.ch\/wp-content\/uploads\/2025\/05\/yasmin-food-header-logo.png","contentUrl":"https:\/\/yasminfood.ch\/wp-content\/uploads\/2025\/05\/yasmin-food-header-logo.png","width":330,"height":120,"caption":"\u064a\u0627\u0633\u0645\u064a\u0646 \u0645\u0627\u0631\u0643\u062a"},"image":{"@id":"https:\/\/yasminfood.ch\/de\/#\/schema\/logo\/image\/"},"sameAs":["https:\/\/www.facebook.com\/yasminmarkt1","https:\/\/www.tiktok.com\/@yasminmarkt","https:\/\/www.instagram.com\/yasmin.markt1\/","https:\/\/api.whatsapp.com\/send\/?phone=41799000104"],"publishingPrinciples":"https:\/\/yasminfood.ch\/de\/shop\/","ownershipFundingInfo":"https:\/\/yasminfood.ch\/de\/shop\/"}]},"product_price_amount":"5.95","product_price_currency":"CHF","og_availability":"instock","product_availability":"instock","product_condition":"new"},"jetpack_sharing_enabled":true,"_links":{"self":[{"href":"https:\/\/yasminfood.ch\/de\/wp-json\/wp\/v2\/product\/119203","targetHints":{"allow":["GET"]}}],"collection":[{"href":"https:\/\/yasminfood.ch\/de\/wp-json\/wp\/v2\/product"}],"about":[{"href":"https:\/\/yasminfood.ch\/de\/wp-json\/wp\/v2\/types\/product"}],"replies":[{"embeddable":true,"href":"https:\/\/yasminfood.ch\/de\/wp-json\/wp\/v2\/comments?post=119203"}],"version-history":[{"count":0,"href":"https:\/\/yasminfood.ch\/de\/wp-json\/wp\/v2\/product\/119203\/revisions"}],"wp:featuredmedia":[{"embeddable":true,"href":"https:\/\/yasminfood.ch\/de\/wp-json\/wp\/v2\/media\/119183"}],"wp:attachment":[{"href":"https:\/\/yasminfood.ch\/de\/wp-json\/wp\/v2\/media?parent=119203"}],"wp:term":[{"taxonomy":"product_brand","embeddable":true,"href":"https:\/\/yasminfood.ch\/de\/wp-json\/wp\/v2\/product_brand?post=119203"},{"taxonomy":"product_cat","embeddable":true,"href":"https:\/\/yasminfood.ch\/de\/wp-json\/wp\/v2\/product_cat?post=119203"},{"taxonomy":"product_tag","embeddable":true,"href":"https:\/\/yasminfood.ch\/de\/wp-json\/wp\/v2\/product_tag?post=119203"}],"curies":[{"name":"wp","href":"https:\/\/api.w.org\/{rel}","templated":true}]}}