{"id":119205,"date":"2025-08-21T12:48:04","date_gmt":"2025-08-21T10:48:04","guid":{"rendered":"https:\/\/yasminfood.ch\/product\/melasse-chili-melasse-710g-almis\/"},"modified":"2025-08-21T12:57:38","modified_gmt":"2025-08-21T10:57:38","slug":"melasse-chili-melasse-710g-almis","status":"publish","type":"product","link":"https:\/\/yasminfood.ch\/de\/product\/melasse-chili-melasse-710g-almis\/","title":{"rendered":"Melasse Chili Melasse 710g Almis"},"content":{"rendered":"<p><strong>Melasse Chili Melasse 710g Almis<\/strong><\/p>\n<ul>\n<li>\n<p data-start=\"108\" data-end=\"308\">Bringen Sie authentischen orientalischen Geschmack auf Ihren Tisch mit <strong data-start=\"146\" data-end=\"177\">Almis Spicy Capsicum Melasse<\/strong>.<br data-start=\"178\" data-end=\"181\">Dieses Produkt wird mit feinster frischer roter Paprika mit Salz zubereitet, um Ihnen einen reichhaltigen und w\u00fcrzigen Geschmack zu verleihen, der Ihren verschiedenen Gerichten eine unverwechselbare Note verleiht.<\/p>\n<h3 data-start=\"310\" data-end=\"325\">\u2705 Funktionen:<\/h3>\n<ul data-start=\"326\" data-end=\"517\">\n<li data-start=\"326\" data-end=\"379\">\n<p data-start=\"328\" data-end=\"379\">100% nat\u00fcrliches Produkt ohne Konservierungsstoffe oder k\u00fcnstliche Zusatzstoffe.<\/p>\n<\/li>\n<li data-start=\"380\" data-end=\"428\">\n<p data-start=\"382\" data-end=\"428\">Ein konzentrierter w\u00fcrziger Geschmack, der perfekt zu orientalischen und t\u00fcrkischen Gerichten passt.<\/p>\n<\/li>\n<li data-start=\"429\" data-end=\"459\">\n<p data-start=\"431\" data-end=\"459\">Familienfreundliches Gewicht (710 g).<\/p>\n<\/li>\n<li data-start=\"460\" data-end=\"517\">\n<p data-start=\"462\" data-end=\"517\">Verpackt mit hoher Qualit\u00e4t gem\u00e4\u00df <strong data-start=\"490\" data-end=\"514\">den Normen ISO 9001 und ISO 14001<\/strong>.<\/p>\n<\/li>\n<\/ul>\n<h3 data-start=\"519\" data-end=\"542\">\ud83c\udf74 Wie benutzt man:<\/h3>\n<ul data-start=\"543\" data-end=\"673\">\n<li data-start=\"543\" data-end=\"610\">\n<p data-start=\"545\" data-end=\"610\">Perfekt f\u00fcr die Zubereitung  <strong data-start=\"558\" data-end=\"607\">Geb\u00e4ck, Grillgerichte, Saucen, Macheten und Eint\u00f6pfe <\/strong>.<\/p>\n<\/li>\n<li data-start=\"611\" data-end=\"673\">\n<p data-start=\"613\" data-end=\"673\">Es kann als Beilage f\u00fcr diejenigen verwendet werden, die den charakteristischen w\u00fcrzigen Geschmack lieben.<\/p>\n<\/li>\n<\/ul>\n<h3 data-start=\"675\" data-end=\"691\">i\ufe0f Zutaten:<\/h3>\n<ul data-start=\"692\" data-end=\"716\">\n<li data-start=\"692\" data-end=\"708\">\n<p data-start=\"694\" data-end=\"708\">Rote Paprika<\/p>\n<\/li>\n<li data-start=\"709\" data-end=\"716\">\n<p data-start=\"711\" data-end=\"716\">Salz<\/p>\n<\/li>\n<\/ul>\n<h3 data-start=\"718\" data-end=\"746\">\ud83c\udff7\ufe0f Nettogewicht: 710g <\/h3>\n<\/li>\n<\/ul>\n","protected":false},"excerpt":{"rendered":"<p><strong>Melasse Chili Melasse 710g Almis<\/strong><\/p>\n<ul>\n<li>\n<p data-start=\"108\" data-end=\"308\">Bringen Sie authentischen orientalischen Geschmack auf Ihren Tisch mit <strong data-start=\"146\" data-end=\"177\">Almis Spicy Capsicum Melasse<\/strong>.<br data-start=\"178\" data-end=\"181\">Dieses Produkt wird aus feinsten frischen roten Paprikaschoten mit Salz hergestellt, um Ihnen einen reichhaltigen und w\u00fcrzigen Geschmack zu verleihen.<\/p>\n<\/li>\n<\/ul>\n","protected":false},"featured_media":119172,"comment_status":"open","ping_status":"closed","template":"","meta":[],"product_brand":[],"product_cat":[245,274],"product_tag":[],"class_list":{"0":"post-119205","1":"product","2":"type-product","3":"status-publish","4":"has-post-thumbnail","6":"product_cat-konserven-lebensmittel","7":"product_cat-paprika-sauce","9":"first","10":"instock","11":"taxable","12":"shipping-taxable","13":"purchasable","14":"product-type-simple"},"yoast_head":"<!-- This site is optimized with the Yoast SEO Premium plugin v26.5 (Yoast SEO v27.3) - https:\/\/yoast.com\/product\/yoast-seo-premium-wordpress\/ -->\n<title>Melasse Chili Melasse 710g Almis - Yasmin Food<\/title>\n<meta name=\"description\" content=\"Genie\u00dfen Sie den Geschmack des Orients mit Almis Pfeffer Melasse 710g. Ein reichhaltiger und konzentrierter Geschmack, um Ihre Gerichte zu erfreuen, probieren Sie ihn jetzt aus! Melasse Chili Melasse 710g Almis\" \/>\n<meta name=\"robots\" content=\"index, follow, max-snippet:-1, max-image-preview:large, max-video-preview:-1\" \/>\n<link rel=\"canonical\" href=\"https:\/\/yasminfood.ch\/de\/product\/melasse-chili-melasse-710g-almis\/\" \/>\n<meta property=\"og:locale\" content=\"de_DE\" \/>\n<meta property=\"og:type\" content=\"article\" \/>\n<meta property=\"og:title\" content=\"Melasse Chili Melasse 710g Almis\" \/>\n<meta property=\"og:description\" content=\"Melasse Chili Melasse 710g Almis   Bringen Sie authentischen orientalischen Geschmack auf Ihren Tisch mit Almis Spicy Capsicum Melasse.Dieses Produkt wird aus feinsten frischen roten Paprikaschoten mit Salz hergestellt, um Ihnen einen reichhaltigen und w\u00fcrzigen Geschmack zu verleihen.\" \/>\n<meta property=\"og:url\" content=\"https:\/\/yasminfood.ch\/de\/product\/melasse-chili-melasse-710g-almis\/\" \/>\n<meta property=\"og:site_name\" content=\"Yasmin Food\" \/>\n<meta property=\"article:publisher\" content=\"https:\/\/www.facebook.com\/yasminmarkt1\" \/>\n<meta property=\"article:modified_time\" content=\"2025-08-21T10:57:38+00:00\" \/>\n<meta property=\"og:image\" content=\"https:\/\/yasminfood.ch\/wp-content\/uploads\/2025\/08\/\u062f\u0628\u0633-\u0641\u0644\u064a\u0641\u0644\u0629-\u062d\u0627\u0631-710\u063a-Almis-.png\" \/>\n\t<meta property=\"og:image:width\" content=\"1080\" \/>\n\t<meta property=\"og:image:height\" content=\"1080\" \/>\n\t<meta property=\"og:image:type\" content=\"image\/png\" \/>\n<meta name=\"twitter:card\" content=\"summary_large_image\" \/>\n<meta name=\"twitter:label1\" content=\"Preis\" \/>\n\t<meta name=\"twitter:data1\" content=\"5.95&nbsp;&#067;&#072;&#070;\" \/>\n\t<meta name=\"twitter:label2\" content=\"Verf\u00fcgbarkeit\" \/>\n\t<meta name=\"twitter:data2\" content=\"Auf Lager\" \/>\n<script type=\"application\/ld+json\" class=\"yoast-schema-graph\">{\"@context\":\"https:\\\/\\\/schema.org\",\"@graph\":[{\"@type\":\"WebPage\",\"@id\":\"https:\\\/\\\/yasminfood.ch\\\/de\\\/product\\\/melasse-chili-melasse-710g-almis\\\/\",\"url\":\"https:\\\/\\\/yasminfood.ch\\\/de\\\/product\\\/melasse-chili-melasse-710g-almis\\\/\",\"name\":\"Melasse Chili Melasse 710g Almis - Yasmin Food\",\"isPartOf\":{\"@id\":\"https:\\\/\\\/yasminfood.ch\\\/de\\\/#website\"},\"primaryImageOfPage\":{\"@id\":\"https:\\\/\\\/yasminfood.ch\\\/de\\\/product\\\/melasse-chili-melasse-710g-almis\\\/#primaryimage\"},\"image\":{\"@id\":\"https:\\\/\\\/yasminfood.ch\\\/de\\\/product\\\/melasse-chili-melasse-710g-almis\\\/#primaryimage\"},\"thumbnailUrl\":\"https:\\\/\\\/yasminfood.ch\\\/wp-content\\\/uploads\\\/2025\\\/08\\\/\u062f\u0628\u0633-\u0641\u0644\u064a\u0641\u0644\u0629-\u062d\u0627\u0631-710\u063a-Almis-.png\",\"datePublished\":\"2025-08-21T10:48:04+00:00\",\"dateModified\":\"2025-08-21T10:57:38+00:00\",\"description\":\"Genie\u00dfen Sie den Geschmack des Orients mit Almis Pfeffer Melasse 710g. Ein reichhaltiger und konzentrierter Geschmack, um Ihre Gerichte zu erfreuen, probieren Sie ihn jetzt aus! Melasse Chili Melasse 710g Almis\",\"breadcrumb\":{\"@id\":\"https:\\\/\\\/yasminfood.ch\\\/de\\\/product\\\/melasse-chili-melasse-710g-almis\\\/#breadcrumb\"},\"inLanguage\":\"de\",\"potentialAction\":[{\"@type\":\"ReadAction\",\"target\":[\"https:\\\/\\\/yasminfood.ch\\\/de\\\/product\\\/melasse-chili-melasse-710g-almis\\\/\"]}]},{\"@type\":\"ImageObject\",\"inLanguage\":\"de\",\"@id\":\"https:\\\/\\\/yasminfood.ch\\\/de\\\/product\\\/melasse-chili-melasse-710g-almis\\\/#primaryimage\",\"url\":\"https:\\\/\\\/yasminfood.ch\\\/wp-content\\\/uploads\\\/2025\\\/08\\\/\u062f\u0628\u0633-\u0641\u0644\u064a\u0641\u0644\u0629-\u062d\u0627\u0631-710\u063a-Almis-.png\",\"contentUrl\":\"https:\\\/\\\/yasminfood.ch\\\/wp-content\\\/uploads\\\/2025\\\/08\\\/\u062f\u0628\u0633-\u0641\u0644\u064a\u0641\u0644\u0629-\u062d\u0627\u0631-710\u063a-Almis-.png\",\"width\":1080,\"height\":1080,\"caption\":\"Melasse Chili Melasse 710g Almis\"},{\"@type\":\"BreadcrumbList\",\"@id\":\"https:\\\/\\\/yasminfood.ch\\\/de\\\/product\\\/melasse-chili-melasse-710g-almis\\\/#breadcrumb\",\"itemListElement\":[{\"@type\":\"ListItem\",\"position\":1,\"name\":\"\u0627\u0644\u0631\u0626\u064a\u0633\u064a\u0629\",\"item\":\"https:\\\/\\\/yasminfood.ch\\\/de\\\/zuhause\\\/\"},{\"@type\":\"ListItem\",\"position\":2,\"name\":\"Shop\",\"item\":\"https:\\\/\\\/yasminfood.ch\\\/de\\\/shop\\\/\"},{\"@type\":\"ListItem\",\"position\":3,\"name\":\"Konserven - Lebensmittel\",\"item\":\"https:\\\/\\\/yasminfood.ch\\\/de\\\/produkt-kategorie\\\/konserven-lebensmittel\\\/\"},{\"@type\":\"ListItem\",\"position\":4,\"name\":\"Paprika Sauce\",\"item\":\"https:\\\/\\\/yasminfood.ch\\\/de\\\/produkt-kategorie\\\/konserven-lebensmittel\\\/paprika-sauce\\\/\"},{\"@type\":\"ListItem\",\"position\":5,\"name\":\"Melasse Chili Melasse 710g Almis\"}]},{\"@type\":\"WebSite\",\"@id\":\"https:\\\/\\\/yasminfood.ch\\\/de\\\/#website\",\"url\":\"https:\\\/\\\/yasminfood.ch\\\/de\\\/\",\"name\":\"\u064a\u0627\u0633\u0645\u064a\u0646 \u0645\u0627\u0631\u0643\u062a\",\"description\":\"Alles, was Sie brauchen, an einem Ort\",\"publisher\":{\"@id\":\"https:\\\/\\\/yasminfood.ch\\\/de\\\/#organization\"},\"alternateName\":\"Yasmin Food\",\"potentialAction\":[{\"@type\":\"SearchAction\",\"target\":{\"@type\":\"EntryPoint\",\"urlTemplate\":\"https:\\\/\\\/yasminfood.ch\\\/de\\\/?s={search_term_string}\"},\"query-input\":{\"@type\":\"PropertyValueSpecification\",\"valueRequired\":true,\"valueName\":\"search_term_string\"}}],\"inLanguage\":\"de\"},{\"@type\":\"Organization\",\"@id\":\"https:\\\/\\\/yasminfood.ch\\\/de\\\/#organization\",\"name\":\"\u064a\u0627\u0633\u0645\u064a\u0646 \u0645\u0627\u0631\u0643\u062a\",\"alternateName\":\"Yasmin Food\",\"url\":\"https:\\\/\\\/yasminfood.ch\\\/de\\\/\",\"logo\":{\"@type\":\"ImageObject\",\"inLanguage\":\"de\",\"@id\":\"https:\\\/\\\/yasminfood.ch\\\/de\\\/#\\\/schema\\\/logo\\\/image\\\/\",\"url\":\"https:\\\/\\\/yasminfood.ch\\\/wp-content\\\/uploads\\\/2025\\\/05\\\/yasmin-food-header-logo.png\",\"contentUrl\":\"https:\\\/\\\/yasminfood.ch\\\/wp-content\\\/uploads\\\/2025\\\/05\\\/yasmin-food-header-logo.png\",\"width\":330,\"height\":120,\"caption\":\"\u064a\u0627\u0633\u0645\u064a\u0646 \u0645\u0627\u0631\u0643\u062a\"},\"image\":{\"@id\":\"https:\\\/\\\/yasminfood.ch\\\/de\\\/#\\\/schema\\\/logo\\\/image\\\/\"},\"sameAs\":[\"https:\\\/\\\/www.facebook.com\\\/yasminmarkt1\",\"https:\\\/\\\/www.tiktok.com\\\/@yasminmarkt\",\"https:\\\/\\\/www.instagram.com\\\/yasmin.markt1\\\/\",\"https:\\\/\\\/api.whatsapp.com\\\/send\\\/?phone=41799000104\"],\"publishingPrinciples\":\"https:\\\/\\\/yasminfood.ch\\\/de\\\/shop\\\/\",\"ownershipFundingInfo\":\"https:\\\/\\\/yasminfood.ch\\\/de\\\/shop\\\/\"}]}<\/script>\n<meta property=\"product:price:amount\" content=\"5.95\" \/>\n<meta property=\"product:price:currency\" content=\"CHF\" \/>\n<meta property=\"og:availability\" content=\"instock\" \/>\n<meta property=\"product:availability\" content=\"instock\" \/>\n<meta property=\"product:condition\" content=\"new\" \/>\n<!-- \/ Yoast SEO Premium plugin. -->","yoast_head_json":{"title":"Melasse Chili Melasse 710g Almis - Yasmin Food","description":"Genie\u00dfen Sie den Geschmack des Orients mit Almis Pfeffer Melasse 710g. Ein reichhaltiger und konzentrierter Geschmack, um Ihre Gerichte zu erfreuen, probieren Sie ihn jetzt aus! Melasse Chili Melasse 710g Almis","robots":{"index":"index","follow":"follow","max-snippet":"max-snippet:-1","max-image-preview":"max-image-preview:large","max-video-preview":"max-video-preview:-1"},"canonical":"https:\/\/yasminfood.ch\/de\/product\/melasse-chili-melasse-710g-almis\/","og_locale":"de_DE","og_type":"article","og_title":"Melasse Chili Melasse 710g Almis","og_description":"Melasse Chili Melasse 710g Almis   Bringen Sie authentischen orientalischen Geschmack auf Ihren Tisch mit Almis Spicy Capsicum Melasse.Dieses Produkt wird aus feinsten frischen roten Paprikaschoten mit Salz hergestellt, um Ihnen einen reichhaltigen und w\u00fcrzigen Geschmack zu verleihen.","og_url":"https:\/\/yasminfood.ch\/de\/product\/melasse-chili-melasse-710g-almis\/","og_site_name":"Yasmin Food","article_publisher":"https:\/\/www.facebook.com\/yasminmarkt1","article_modified_time":"2025-08-21T10:57:38+00:00","og_image":[{"width":1080,"height":1080,"url":"https:\/\/yasminfood.ch\/wp-content\/uploads\/2025\/08\/\u062f\u0628\u0633-\u0641\u0644\u064a\u0641\u0644\u0629-\u062d\u0627\u0631-710\u063a-Almis-.png","type":"image\/png"}],"twitter_card":"summary_large_image","twitter_misc":{"Preis":"5.95&nbsp;&#67;&#72;&#70;","Verf\u00fcgbarkeit":"Auf Lager"},"schema":{"@context":"https:\/\/schema.org","@graph":[{"@type":"WebPage","@id":"https:\/\/yasminfood.ch\/de\/product\/melasse-chili-melasse-710g-almis\/","url":"https:\/\/yasminfood.ch\/de\/product\/melasse-chili-melasse-710g-almis\/","name":"Melasse Chili Melasse 710g Almis - Yasmin Food","isPartOf":{"@id":"https:\/\/yasminfood.ch\/de\/#website"},"primaryImageOfPage":{"@id":"https:\/\/yasminfood.ch\/de\/product\/melasse-chili-melasse-710g-almis\/#primaryimage"},"image":{"@id":"https:\/\/yasminfood.ch\/de\/product\/melasse-chili-melasse-710g-almis\/#primaryimage"},"thumbnailUrl":"https:\/\/yasminfood.ch\/wp-content\/uploads\/2025\/08\/\u062f\u0628\u0633-\u0641\u0644\u064a\u0641\u0644\u0629-\u062d\u0627\u0631-710\u063a-Almis-.png","datePublished":"2025-08-21T10:48:04+00:00","dateModified":"2025-08-21T10:57:38+00:00","description":"Genie\u00dfen Sie den Geschmack des Orients mit Almis Pfeffer Melasse 710g. Ein reichhaltiger und konzentrierter Geschmack, um Ihre Gerichte zu erfreuen, probieren Sie ihn jetzt aus! Melasse Chili Melasse 710g Almis","breadcrumb":{"@id":"https:\/\/yasminfood.ch\/de\/product\/melasse-chili-melasse-710g-almis\/#breadcrumb"},"inLanguage":"de","potentialAction":[{"@type":"ReadAction","target":["https:\/\/yasminfood.ch\/de\/product\/melasse-chili-melasse-710g-almis\/"]}]},{"@type":"ImageObject","inLanguage":"de","@id":"https:\/\/yasminfood.ch\/de\/product\/melasse-chili-melasse-710g-almis\/#primaryimage","url":"https:\/\/yasminfood.ch\/wp-content\/uploads\/2025\/08\/\u062f\u0628\u0633-\u0641\u0644\u064a\u0641\u0644\u0629-\u062d\u0627\u0631-710\u063a-Almis-.png","contentUrl":"https:\/\/yasminfood.ch\/wp-content\/uploads\/2025\/08\/\u062f\u0628\u0633-\u0641\u0644\u064a\u0641\u0644\u0629-\u062d\u0627\u0631-710\u063a-Almis-.png","width":1080,"height":1080,"caption":"Melasse Chili Melasse 710g Almis"},{"@type":"BreadcrumbList","@id":"https:\/\/yasminfood.ch\/de\/product\/melasse-chili-melasse-710g-almis\/#breadcrumb","itemListElement":[{"@type":"ListItem","position":1,"name":"\u0627\u0644\u0631\u0626\u064a\u0633\u064a\u0629","item":"https:\/\/yasminfood.ch\/de\/zuhause\/"},{"@type":"ListItem","position":2,"name":"Shop","item":"https:\/\/yasminfood.ch\/de\/shop\/"},{"@type":"ListItem","position":3,"name":"Konserven - Lebensmittel","item":"https:\/\/yasminfood.ch\/de\/produkt-kategorie\/konserven-lebensmittel\/"},{"@type":"ListItem","position":4,"name":"Paprika Sauce","item":"https:\/\/yasminfood.ch\/de\/produkt-kategorie\/konserven-lebensmittel\/paprika-sauce\/"},{"@type":"ListItem","position":5,"name":"Melasse Chili Melasse 710g Almis"}]},{"@type":"WebSite","@id":"https:\/\/yasminfood.ch\/de\/#website","url":"https:\/\/yasminfood.ch\/de\/","name":"\u064a\u0627\u0633\u0645\u064a\u0646 \u0645\u0627\u0631\u0643\u062a","description":"Alles, was Sie brauchen, an einem Ort","publisher":{"@id":"https:\/\/yasminfood.ch\/de\/#organization"},"alternateName":"Yasmin Food","potentialAction":[{"@type":"SearchAction","target":{"@type":"EntryPoint","urlTemplate":"https:\/\/yasminfood.ch\/de\/?s={search_term_string}"},"query-input":{"@type":"PropertyValueSpecification","valueRequired":true,"valueName":"search_term_string"}}],"inLanguage":"de"},{"@type":"Organization","@id":"https:\/\/yasminfood.ch\/de\/#organization","name":"\u064a\u0627\u0633\u0645\u064a\u0646 \u0645\u0627\u0631\u0643\u062a","alternateName":"Yasmin Food","url":"https:\/\/yasminfood.ch\/de\/","logo":{"@type":"ImageObject","inLanguage":"de","@id":"https:\/\/yasminfood.ch\/de\/#\/schema\/logo\/image\/","url":"https:\/\/yasminfood.ch\/wp-content\/uploads\/2025\/05\/yasmin-food-header-logo.png","contentUrl":"https:\/\/yasminfood.ch\/wp-content\/uploads\/2025\/05\/yasmin-food-header-logo.png","width":330,"height":120,"caption":"\u064a\u0627\u0633\u0645\u064a\u0646 \u0645\u0627\u0631\u0643\u062a"},"image":{"@id":"https:\/\/yasminfood.ch\/de\/#\/schema\/logo\/image\/"},"sameAs":["https:\/\/www.facebook.com\/yasminmarkt1","https:\/\/www.tiktok.com\/@yasminmarkt","https:\/\/www.instagram.com\/yasmin.markt1\/","https:\/\/api.whatsapp.com\/send\/?phone=41799000104"],"publishingPrinciples":"https:\/\/yasminfood.ch\/de\/shop\/","ownershipFundingInfo":"https:\/\/yasminfood.ch\/de\/shop\/"}]},"product_price_amount":"5.95","product_price_currency":"CHF","og_availability":"instock","product_availability":"instock","product_condition":"new"},"jetpack_sharing_enabled":true,"_links":{"self":[{"href":"https:\/\/yasminfood.ch\/de\/wp-json\/wp\/v2\/product\/119205","targetHints":{"allow":["GET"]}}],"collection":[{"href":"https:\/\/yasminfood.ch\/de\/wp-json\/wp\/v2\/product"}],"about":[{"href":"https:\/\/yasminfood.ch\/de\/wp-json\/wp\/v2\/types\/product"}],"replies":[{"embeddable":true,"href":"https:\/\/yasminfood.ch\/de\/wp-json\/wp\/v2\/comments?post=119205"}],"version-history":[{"count":0,"href":"https:\/\/yasminfood.ch\/de\/wp-json\/wp\/v2\/product\/119205\/revisions"}],"wp:featuredmedia":[{"embeddable":true,"href":"https:\/\/yasminfood.ch\/de\/wp-json\/wp\/v2\/media\/119172"}],"wp:attachment":[{"href":"https:\/\/yasminfood.ch\/de\/wp-json\/wp\/v2\/media?parent=119205"}],"wp:term":[{"taxonomy":"product_brand","embeddable":true,"href":"https:\/\/yasminfood.ch\/de\/wp-json\/wp\/v2\/product_brand?post=119205"},{"taxonomy":"product_cat","embeddable":true,"href":"https:\/\/yasminfood.ch\/de\/wp-json\/wp\/v2\/product_cat?post=119205"},{"taxonomy":"product_tag","embeddable":true,"href":"https:\/\/yasminfood.ch\/de\/wp-json\/wp\/v2\/product_tag?post=119205"}],"curies":[{"name":"wp","href":"https:\/\/api.w.org\/{rel}","templated":true}]}}