{"id":119243,"date":"2025-08-27T11:17:09","date_gmt":"2025-08-27T09:17:09","guid":{"rendered":"https:\/\/yasminfood.ch\/product\/gemahlene-shamra-50g-badenjki\/"},"modified":"2025-08-27T11:17:58","modified_gmt":"2025-08-27T09:17:58","slug":"gemahlene-shamra-50g-badenjki","status":"publish","type":"product","link":"https:\/\/yasminfood.ch\/de\/product\/gemahlene-shamra-50g-badenjki\/","title":{"rendered":"Gemahlene Shamra 50g Badenjki"},"content":{"rendered":"<p><strong>Gemahlene Shamra 50g Badenjki<\/strong><\/p>\n<ul>\n<li>\n<p data-start=\"147\" data-end=\"406\">Fenchel oder gemahlener Fenchel ist eines der unverzichtbaren aromatischen Gew\u00fcrze in der orientalischen und internationalen K\u00fcche.<\/p>\n<\/li>\n<li>\n<p data-start=\"147\" data-end=\"406\">Er zeichnet sich durch seinen milden, s\u00fc\u00dflich-trankenden Geschmack und sein anis\u00e4hnliches Aroma aus,<\/p>\n<\/li>\n<li>\n<p data-start=\"147\" data-end=\"406\">Damit ist es die perfekte Erg\u00e4nzung zu herzhaften Gerichten, Desserts und Kr\u00e4utergetr\u00e4nken.<\/p>\n<h3 data-start=\"408\" data-end=\"423\">\u2705 Funktionen:<\/h3>\n<ul data-start=\"424\" data-end=\"583\">\n<li data-start=\"424\" data-end=\"451\">\n<p data-start=\"426\" data-end=\"451\">Verpackungsgewicht: <strong data-start=\"438\" data-end=\"449\">50 g<\/strong><\/p>\n<\/li>\n<li data-start=\"452\" data-end=\"489\">\n<p data-start=\"454\" data-end=\"489\">Fein gemahlen, direkt gebrauchsfertig <\/p>\n<\/li>\n<li data-start=\"490\" data-end=\"546\">\n<p data-start=\"492\" data-end=\"546\">Verpackt in Deutschland mit hoher Qualit\u00e4t nach hygienischen Verpackungsstandards<\/p>\n<\/li>\n<li data-start=\"547\" data-end=\"583\">\n<p data-start=\"549\" data-end=\"583\">Authentischer nat\u00fcrlicher Geschmack und aromatisches Aroma<\/p>\n<\/li>\n<\/ul>\n<h3 data-start=\"585\" data-end=\"604\">\ud83c\udf3f Benutzungen:<\/h3>\n<ul data-start=\"605\" data-end=\"802\">\n<li data-start=\"605\" data-end=\"651\">\n<p data-start=\"607\" data-end=\"651\">Zu Brot und Geb\u00e4ck hinzuf\u00fcgen, um einen unverwechselbaren Geschmack zu erzielen<\/p>\n<\/li>\n<li data-start=\"652\" data-end=\"694\">\n<p data-start=\"654\" data-end=\"694\">Wird zum Marinieren von Fleisch, Gefl\u00fcgel und Fisch verwendet<\/p>\n<\/li>\n<li data-start=\"695\" data-end=\"750\">\n<p data-start=\"697\" data-end=\"750\">Es wird bei der Zubereitung von Kr\u00e4utertees und gekochten Tees wegen seiner gesundheitlichen Eigenschaften verwendet<\/p>\n<\/li>\n<li data-start=\"751\" data-end=\"802\">\n<p data-start=\"753\" data-end=\"802\">Auch f\u00fcr traditionelle Rezepte und orientalische Desserts geeignet<\/p>\n<\/li>\n<\/ul>\n<h3 data-start=\"804\" data-end=\"826\">\ud83d\udce6 Zusatzinformation:<\/h3>\n<ul data-start=\"827\" data-end=\"916\">\n<li data-start=\"827\" data-end=\"860\">\n<p data-start=\"829\" data-end=\"860\">Verpackungsland: <strong data-start=\"842\" data-end=\"853\">Deutschland<\/strong> \ud83c\udde9\ud83c\uddea<\/p>\n<\/li>\n<li data-start=\"861\" data-end=\"882\">\n<p data-start=\"863\" data-end=\"882\">Nettogewicht: 50g <\/p>\n<\/li>\n<li data-start=\"883\" data-end=\"916\">\n<p data-start=\"885\" data-end=\"916\">\n<\/li>\n<\/ul>\n<\/li>\n<\/ul>\n","protected":false},"excerpt":{"rendered":"<p><strong>Gemahlene Shamra 50g Badenjki<\/strong><\/p>\n<ul>\n<li>\n<p data-start=\"147\" data-end=\"406\">Fenchel oder gemahlener Fenchel ist eines der unverzichtbaren aromatischen Gew\u00fcrze in der orientalischen und internationalen K\u00fcche.<\/p>\n<\/li>\n<li>\n<p data-start=\"147\" data-end=\"406\">Er zeichnet sich durch seinen milden, s\u00fc\u00dflich-trankenden Geschmack und sein anis\u00e4hnliches Aroma aus,<\/p>\n<\/li>\n<\/ul>\n","protected":false},"featured_media":119240,"comment_status":"open","ping_status":"closed","template":"","meta":[],"product_brand":[],"product_cat":[360,356],"product_tag":[],"class_list":{"0":"post-119243","1":"product","2":"type-product","3":"status-publish","4":"has-post-thumbnail","6":"product_cat-gewurze","7":"product_cat-gewuerze-nuesse","9":"first","10":"instock","11":"taxable","12":"shipping-taxable","13":"purchasable","14":"product-type-simple"},"yoast_head":"<!-- This site is optimized with the Yoast SEO Premium plugin v26.5 (Yoast SEO v27.4) - https:\/\/yoast.com\/product\/yoast-seo-premium-wordpress\/ -->\n<title>Gemahlene Shamra 50g Badenjki - Yasmin Food<\/title>\n<meta name=\"description\" content=\"Probieren Sie den einzigartigen Geschmack von 50 g Padangki gemahlenem Shamra in Ihren Gerichten! Sein s\u00fc\u00dfer Geschmack verleiht jedem Rezept eine besondere Note, genie\u00dfen Sie es jetzt! Gemahlene Shamra 50g Badenjki\" \/>\n<meta name=\"robots\" content=\"index, follow, max-snippet:-1, max-image-preview:large, max-video-preview:-1\" \/>\n<link rel=\"canonical\" href=\"https:\/\/yasminfood.ch\/de\/product\/gemahlene-shamra-50g-badenjki\/\" \/>\n<meta property=\"og:locale\" content=\"de_DE\" \/>\n<meta property=\"og:type\" content=\"article\" \/>\n<meta property=\"og:title\" content=\"Gemahlene Shamra 50g Badenjki\" \/>\n<meta property=\"og:description\" content=\"Gemahlene Shamra 50g Badenjki   Fenchel oder gemahlener Fenchel ist eines der unverzichtbaren aromatischen Gew\u00fcrze in der orientalischen und internationalen K\u00fcche.   Er zeichnet sich durch seinen milden, s\u00fc\u00dflich-trankenden Geschmack und sein anis\u00e4hnliches Aroma aus,\" \/>\n<meta property=\"og:url\" content=\"https:\/\/yasminfood.ch\/de\/product\/gemahlene-shamra-50g-badenjki\/\" \/>\n<meta property=\"og:site_name\" content=\"Yasmin Food\" \/>\n<meta property=\"article:publisher\" content=\"https:\/\/www.facebook.com\/yasminmarkt1\" \/>\n<meta property=\"article:modified_time\" content=\"2025-08-27T09:17:58+00:00\" \/>\n<meta property=\"og:image\" content=\"https:\/\/yasminfood.ch\/wp-content\/uploads\/2025\/08\/\u0634\u0645\u0631\u0627-\u0645\u0637\u062d\u0648\u0646-50\u063a-\u0628\u0627\u062f\u0646\u062c\u0643\u064a.png\" \/>\n\t<meta property=\"og:image:width\" content=\"945\" \/>\n\t<meta property=\"og:image:height\" content=\"945\" \/>\n\t<meta property=\"og:image:type\" content=\"image\/png\" \/>\n<meta name=\"twitter:card\" content=\"summary_large_image\" \/>\n<meta name=\"twitter:label1\" content=\"Preis\" \/>\n\t<meta name=\"twitter:data1\" content=\"3.50&nbsp;&#067;&#072;&#070;\" \/>\n\t<meta name=\"twitter:label2\" content=\"Verf\u00fcgbarkeit\" \/>\n\t<meta name=\"twitter:data2\" content=\"Auf Lager\" \/>\n<script type=\"application\/ld+json\" class=\"yoast-schema-graph\">{\"@context\":\"https:\\\/\\\/schema.org\",\"@graph\":[{\"@type\":\"WebPage\",\"@id\":\"https:\\\/\\\/yasminfood.ch\\\/de\\\/product\\\/gemahlene-shamra-50g-badenjki\\\/\",\"url\":\"https:\\\/\\\/yasminfood.ch\\\/de\\\/product\\\/gemahlene-shamra-50g-badenjki\\\/\",\"name\":\"Gemahlene Shamra 50g Badenjki - Yasmin Food\",\"isPartOf\":{\"@id\":\"https:\\\/\\\/yasminfood.ch\\\/de\\\/#website\"},\"primaryImageOfPage\":{\"@id\":\"https:\\\/\\\/yasminfood.ch\\\/de\\\/product\\\/gemahlene-shamra-50g-badenjki\\\/#primaryimage\"},\"image\":{\"@id\":\"https:\\\/\\\/yasminfood.ch\\\/de\\\/product\\\/gemahlene-shamra-50g-badenjki\\\/#primaryimage\"},\"thumbnailUrl\":\"https:\\\/\\\/yasminfood.ch\\\/wp-content\\\/uploads\\\/2025\\\/08\\\/\u0634\u0645\u0631\u0627-\u0645\u0637\u062d\u0648\u0646-50\u063a-\u0628\u0627\u062f\u0646\u062c\u0643\u064a.png\",\"datePublished\":\"2025-08-27T09:17:09+00:00\",\"dateModified\":\"2025-08-27T09:17:58+00:00\",\"description\":\"Probieren Sie den einzigartigen Geschmack von 50 g Padangki gemahlenem Shamra in Ihren Gerichten! Sein s\u00fc\u00dfer Geschmack verleiht jedem Rezept eine besondere Note, genie\u00dfen Sie es jetzt! Gemahlene Shamra 50g Badenjki\",\"breadcrumb\":{\"@id\":\"https:\\\/\\\/yasminfood.ch\\\/de\\\/product\\\/gemahlene-shamra-50g-badenjki\\\/#breadcrumb\"},\"inLanguage\":\"de\",\"potentialAction\":[{\"@type\":\"ReadAction\",\"target\":[\"https:\\\/\\\/yasminfood.ch\\\/de\\\/product\\\/gemahlene-shamra-50g-badenjki\\\/\"]}]},{\"@type\":\"ImageObject\",\"inLanguage\":\"de\",\"@id\":\"https:\\\/\\\/yasminfood.ch\\\/de\\\/product\\\/gemahlene-shamra-50g-badenjki\\\/#primaryimage\",\"url\":\"https:\\\/\\\/yasminfood.ch\\\/wp-content\\\/uploads\\\/2025\\\/08\\\/\u0634\u0645\u0631\u0627-\u0645\u0637\u062d\u0648\u0646-50\u063a-\u0628\u0627\u062f\u0646\u062c\u0643\u064a.png\",\"contentUrl\":\"https:\\\/\\\/yasminfood.ch\\\/wp-content\\\/uploads\\\/2025\\\/08\\\/\u0634\u0645\u0631\u0627-\u0645\u0637\u062d\u0648\u0646-50\u063a-\u0628\u0627\u062f\u0646\u062c\u0643\u064a.png\",\"width\":945,\"height\":945,\"caption\":\"Gemahlene Shamra 50g Badenjki\"},{\"@type\":\"BreadcrumbList\",\"@id\":\"https:\\\/\\\/yasminfood.ch\\\/de\\\/product\\\/gemahlene-shamra-50g-badenjki\\\/#breadcrumb\",\"itemListElement\":[{\"@type\":\"ListItem\",\"position\":1,\"name\":\"\u0627\u0644\u0631\u0626\u064a\u0633\u064a\u0629\",\"item\":\"https:\\\/\\\/yasminfood.ch\\\/de\\\/zuhause\\\/\"},{\"@type\":\"ListItem\",\"position\":2,\"name\":\"Shop\",\"item\":\"https:\\\/\\\/yasminfood.ch\\\/de\\\/shop\\\/\"},{\"@type\":\"ListItem\",\"position\":3,\"name\":\"Gew\u00fcrze &amp; N\u00fcsse\",\"item\":\"https:\\\/\\\/yasminfood.ch\\\/de\\\/produkt-kategorie\\\/gewuerze-nuesse\\\/\"},{\"@type\":\"ListItem\",\"position\":4,\"name\":\"Gemahlene Shamra 50g Badenjki\"}]},{\"@type\":\"WebSite\",\"@id\":\"https:\\\/\\\/yasminfood.ch\\\/de\\\/#website\",\"url\":\"https:\\\/\\\/yasminfood.ch\\\/de\\\/\",\"name\":\"\u064a\u0627\u0633\u0645\u064a\u0646 \u0645\u0627\u0631\u0643\u062a\",\"description\":\"Alles, was Sie brauchen, an einem Ort\",\"publisher\":{\"@id\":\"https:\\\/\\\/yasminfood.ch\\\/de\\\/#organization\"},\"alternateName\":\"Yasmin Food\",\"potentialAction\":[{\"@type\":\"SearchAction\",\"target\":{\"@type\":\"EntryPoint\",\"urlTemplate\":\"https:\\\/\\\/yasminfood.ch\\\/de\\\/?s={search_term_string}\"},\"query-input\":{\"@type\":\"PropertyValueSpecification\",\"valueRequired\":true,\"valueName\":\"search_term_string\"}}],\"inLanguage\":\"de\"},{\"@type\":\"Organization\",\"@id\":\"https:\\\/\\\/yasminfood.ch\\\/de\\\/#organization\",\"name\":\"\u064a\u0627\u0633\u0645\u064a\u0646 \u0645\u0627\u0631\u0643\u062a\",\"alternateName\":\"Yasmin Food\",\"url\":\"https:\\\/\\\/yasminfood.ch\\\/de\\\/\",\"logo\":{\"@type\":\"ImageObject\",\"inLanguage\":\"de\",\"@id\":\"https:\\\/\\\/yasminfood.ch\\\/de\\\/#\\\/schema\\\/logo\\\/image\\\/\",\"url\":\"https:\\\/\\\/yasminfood.ch\\\/wp-content\\\/uploads\\\/2025\\\/05\\\/yasmin-food-header-logo.png\",\"contentUrl\":\"https:\\\/\\\/yasminfood.ch\\\/wp-content\\\/uploads\\\/2025\\\/05\\\/yasmin-food-header-logo.png\",\"width\":330,\"height\":120,\"caption\":\"\u064a\u0627\u0633\u0645\u064a\u0646 \u0645\u0627\u0631\u0643\u062a\"},\"image\":{\"@id\":\"https:\\\/\\\/yasminfood.ch\\\/de\\\/#\\\/schema\\\/logo\\\/image\\\/\"},\"sameAs\":[\"https:\\\/\\\/www.facebook.com\\\/yasminmarkt1\",\"https:\\\/\\\/www.tiktok.com\\\/@yasminmarkt\",\"https:\\\/\\\/www.instagram.com\\\/yasmin.markt1\\\/\",\"https:\\\/\\\/api.whatsapp.com\\\/send\\\/?phone=41799000104\"],\"publishingPrinciples\":\"https:\\\/\\\/yasminfood.ch\\\/de\\\/shop\\\/\",\"ownershipFundingInfo\":\"https:\\\/\\\/yasminfood.ch\\\/de\\\/shop\\\/\"}]}<\/script>\n<meta property=\"product:price:amount\" content=\"3.50\" \/>\n<meta property=\"product:price:currency\" content=\"CHF\" \/>\n<meta property=\"og:availability\" content=\"instock\" \/>\n<meta property=\"product:availability\" content=\"instock\" \/>\n<meta property=\"product:condition\" content=\"new\" \/>\n<!-- \/ Yoast SEO Premium plugin. -->","yoast_head_json":{"title":"Gemahlene Shamra 50g Badenjki - Yasmin Food","description":"Probieren Sie den einzigartigen Geschmack von 50 g Padangki gemahlenem Shamra in Ihren Gerichten! Sein s\u00fc\u00dfer Geschmack verleiht jedem Rezept eine besondere Note, genie\u00dfen Sie es jetzt! Gemahlene Shamra 50g Badenjki","robots":{"index":"index","follow":"follow","max-snippet":"max-snippet:-1","max-image-preview":"max-image-preview:large","max-video-preview":"max-video-preview:-1"},"canonical":"https:\/\/yasminfood.ch\/de\/product\/gemahlene-shamra-50g-badenjki\/","og_locale":"de_DE","og_type":"article","og_title":"Gemahlene Shamra 50g Badenjki","og_description":"Gemahlene Shamra 50g Badenjki   Fenchel oder gemahlener Fenchel ist eines der unverzichtbaren aromatischen Gew\u00fcrze in der orientalischen und internationalen K\u00fcche.   Er zeichnet sich durch seinen milden, s\u00fc\u00dflich-trankenden Geschmack und sein anis\u00e4hnliches Aroma aus,","og_url":"https:\/\/yasminfood.ch\/de\/product\/gemahlene-shamra-50g-badenjki\/","og_site_name":"Yasmin Food","article_publisher":"https:\/\/www.facebook.com\/yasminmarkt1","article_modified_time":"2025-08-27T09:17:58+00:00","og_image":[{"width":945,"height":945,"url":"https:\/\/yasminfood.ch\/wp-content\/uploads\/2025\/08\/\u0634\u0645\u0631\u0627-\u0645\u0637\u062d\u0648\u0646-50\u063a-\u0628\u0627\u062f\u0646\u062c\u0643\u064a.png","type":"image\/png"}],"twitter_card":"summary_large_image","twitter_misc":{"Preis":"3.50&nbsp;&#67;&#72;&#70;","Verf\u00fcgbarkeit":"Auf Lager"},"schema":{"@context":"https:\/\/schema.org","@graph":[{"@type":"WebPage","@id":"https:\/\/yasminfood.ch\/de\/product\/gemahlene-shamra-50g-badenjki\/","url":"https:\/\/yasminfood.ch\/de\/product\/gemahlene-shamra-50g-badenjki\/","name":"Gemahlene Shamra 50g Badenjki - Yasmin Food","isPartOf":{"@id":"https:\/\/yasminfood.ch\/de\/#website"},"primaryImageOfPage":{"@id":"https:\/\/yasminfood.ch\/de\/product\/gemahlene-shamra-50g-badenjki\/#primaryimage"},"image":{"@id":"https:\/\/yasminfood.ch\/de\/product\/gemahlene-shamra-50g-badenjki\/#primaryimage"},"thumbnailUrl":"https:\/\/yasminfood.ch\/wp-content\/uploads\/2025\/08\/\u0634\u0645\u0631\u0627-\u0645\u0637\u062d\u0648\u0646-50\u063a-\u0628\u0627\u062f\u0646\u062c\u0643\u064a.png","datePublished":"2025-08-27T09:17:09+00:00","dateModified":"2025-08-27T09:17:58+00:00","description":"Probieren Sie den einzigartigen Geschmack von 50 g Padangki gemahlenem Shamra in Ihren Gerichten! Sein s\u00fc\u00dfer Geschmack verleiht jedem Rezept eine besondere Note, genie\u00dfen Sie es jetzt! Gemahlene Shamra 50g Badenjki","breadcrumb":{"@id":"https:\/\/yasminfood.ch\/de\/product\/gemahlene-shamra-50g-badenjki\/#breadcrumb"},"inLanguage":"de","potentialAction":[{"@type":"ReadAction","target":["https:\/\/yasminfood.ch\/de\/product\/gemahlene-shamra-50g-badenjki\/"]}]},{"@type":"ImageObject","inLanguage":"de","@id":"https:\/\/yasminfood.ch\/de\/product\/gemahlene-shamra-50g-badenjki\/#primaryimage","url":"https:\/\/yasminfood.ch\/wp-content\/uploads\/2025\/08\/\u0634\u0645\u0631\u0627-\u0645\u0637\u062d\u0648\u0646-50\u063a-\u0628\u0627\u062f\u0646\u062c\u0643\u064a.png","contentUrl":"https:\/\/yasminfood.ch\/wp-content\/uploads\/2025\/08\/\u0634\u0645\u0631\u0627-\u0645\u0637\u062d\u0648\u0646-50\u063a-\u0628\u0627\u062f\u0646\u062c\u0643\u064a.png","width":945,"height":945,"caption":"Gemahlene Shamra 50g Badenjki"},{"@type":"BreadcrumbList","@id":"https:\/\/yasminfood.ch\/de\/product\/gemahlene-shamra-50g-badenjki\/#breadcrumb","itemListElement":[{"@type":"ListItem","position":1,"name":"\u0627\u0644\u0631\u0626\u064a\u0633\u064a\u0629","item":"https:\/\/yasminfood.ch\/de\/zuhause\/"},{"@type":"ListItem","position":2,"name":"Shop","item":"https:\/\/yasminfood.ch\/de\/shop\/"},{"@type":"ListItem","position":3,"name":"Gew\u00fcrze &amp; N\u00fcsse","item":"https:\/\/yasminfood.ch\/de\/produkt-kategorie\/gewuerze-nuesse\/"},{"@type":"ListItem","position":4,"name":"Gemahlene Shamra 50g Badenjki"}]},{"@type":"WebSite","@id":"https:\/\/yasminfood.ch\/de\/#website","url":"https:\/\/yasminfood.ch\/de\/","name":"\u064a\u0627\u0633\u0645\u064a\u0646 \u0645\u0627\u0631\u0643\u062a","description":"Alles, was Sie brauchen, an einem Ort","publisher":{"@id":"https:\/\/yasminfood.ch\/de\/#organization"},"alternateName":"Yasmin Food","potentialAction":[{"@type":"SearchAction","target":{"@type":"EntryPoint","urlTemplate":"https:\/\/yasminfood.ch\/de\/?s={search_term_string}"},"query-input":{"@type":"PropertyValueSpecification","valueRequired":true,"valueName":"search_term_string"}}],"inLanguage":"de"},{"@type":"Organization","@id":"https:\/\/yasminfood.ch\/de\/#organization","name":"\u064a\u0627\u0633\u0645\u064a\u0646 \u0645\u0627\u0631\u0643\u062a","alternateName":"Yasmin Food","url":"https:\/\/yasminfood.ch\/de\/","logo":{"@type":"ImageObject","inLanguage":"de","@id":"https:\/\/yasminfood.ch\/de\/#\/schema\/logo\/image\/","url":"https:\/\/yasminfood.ch\/wp-content\/uploads\/2025\/05\/yasmin-food-header-logo.png","contentUrl":"https:\/\/yasminfood.ch\/wp-content\/uploads\/2025\/05\/yasmin-food-header-logo.png","width":330,"height":120,"caption":"\u064a\u0627\u0633\u0645\u064a\u0646 \u0645\u0627\u0631\u0643\u062a"},"image":{"@id":"https:\/\/yasminfood.ch\/de\/#\/schema\/logo\/image\/"},"sameAs":["https:\/\/www.facebook.com\/yasminmarkt1","https:\/\/www.tiktok.com\/@yasminmarkt","https:\/\/www.instagram.com\/yasmin.markt1\/","https:\/\/api.whatsapp.com\/send\/?phone=41799000104"],"publishingPrinciples":"https:\/\/yasminfood.ch\/de\/shop\/","ownershipFundingInfo":"https:\/\/yasminfood.ch\/de\/shop\/"}]},"product_price_amount":"3.50","product_price_currency":"CHF","og_availability":"instock","product_availability":"instock","product_condition":"new"},"jetpack_sharing_enabled":true,"_links":{"self":[{"href":"https:\/\/yasminfood.ch\/de\/wp-json\/wp\/v2\/product\/119243","targetHints":{"allow":["GET"]}}],"collection":[{"href":"https:\/\/yasminfood.ch\/de\/wp-json\/wp\/v2\/product"}],"about":[{"href":"https:\/\/yasminfood.ch\/de\/wp-json\/wp\/v2\/types\/product"}],"replies":[{"embeddable":true,"href":"https:\/\/yasminfood.ch\/de\/wp-json\/wp\/v2\/comments?post=119243"}],"version-history":[{"count":0,"href":"https:\/\/yasminfood.ch\/de\/wp-json\/wp\/v2\/product\/119243\/revisions"}],"wp:featuredmedia":[{"embeddable":true,"href":"https:\/\/yasminfood.ch\/de\/wp-json\/wp\/v2\/media\/119240"}],"wp:attachment":[{"href":"https:\/\/yasminfood.ch\/de\/wp-json\/wp\/v2\/media?parent=119243"}],"wp:term":[{"taxonomy":"product_brand","embeddable":true,"href":"https:\/\/yasminfood.ch\/de\/wp-json\/wp\/v2\/product_brand?post=119243"},{"taxonomy":"product_cat","embeddable":true,"href":"https:\/\/yasminfood.ch\/de\/wp-json\/wp\/v2\/product_cat?post=119243"},{"taxonomy":"product_tag","embeddable":true,"href":"https:\/\/yasminfood.ch\/de\/wp-json\/wp\/v2\/product_tag?post=119243"}],"curies":[{"name":"wp","href":"https:\/\/api.w.org\/{rel}","templated":true}]}}