{"id":119317,"date":"2025-09-02T17:06:35","date_gmt":"2025-09-02T15:06:35","guid":{"rendered":"https:\/\/yasminfood.ch\/product\/koreanische-wuerzige-huehnernudeln-134g-rote-tasche\/"},"modified":"2025-09-02T17:26:44","modified_gmt":"2025-09-02T15:26:44","slug":"koreanische-wuerzige-huehnernudeln-134g-rote-tasche","status":"publish","type":"product","link":"https:\/\/yasminfood.ch\/de\/product\/koreanische-wuerzige-huehnernudeln-134g-rote-tasche\/","title":{"rendered":"Koreanische w\u00fcrzige H\u00fchnernudeln 134g Rote Tasche"},"content":{"rendered":"<p><strong>Koreanische w\u00fcrzige H\u00fchnernudeln 134g Rote Tasche<\/strong><\/p>\n<ul>\n<li>\n<p data-start=\"125\" data-end=\"345\"><strong data-start=\"125\" data-end=\"160\">Koreanische w\u00fcrzige Nudeln doppelt \u2013 2X scharf<\/strong><\/p>\n<\/li>\n<li>\n<p data-start=\"125\" data-end=\"345\">Erleben Sie authentischen koreanischen Geschmack mit Instant-Ramen-Nudeln mit einem sehr w\u00fcrzigen H\u00fchnchengeschmack.<\/p>\n<\/li>\n<li>\n<ul data-start=\"780\" data-end=\"914\">\n<li data-start=\"780\" data-end=\"821\">\n<p data-start=\"782\" data-end=\"821\">Eine schnelle Mahlzeit, die in weniger als 5 Minuten zubereitet ist.<\/p>\n<\/li>\n<li data-start=\"822\" data-end=\"858\">\n<p data-start=\"824\" data-end=\"858\">Geeignet als leichtes Mittag- oder Abendessen.<\/p>\n<\/li>\n<li data-start=\"859\" data-end=\"914\">\n<ul data-start=\"578\" data-end=\"756\">\n<li data-start=\"578\" data-end=\"612\">\n<p data-start=\"580\" data-end=\"612\">Ein authentischer Geschmack f\u00fcr Liebhaber des koreanischen Essens.<\/p>\n<\/li>\n<li data-start=\"613\" data-end=\"657\">\n<p data-start=\"615\" data-end=\"657\">Doppelt hei\u00dfe Stufe f\u00fcr Food-Thriller.<\/p>\n<\/li>\n<li data-start=\"658\" data-end=\"686\">\n<p data-start=\"660\" data-end=\"686\">Perfekt f\u00fcr eine schnelle und herzhafte Mahlzeit.<\/p>\n<\/li>\n<li data-start=\"687\" data-end=\"756\">\n<p data-start=\"689\" data-end=\"756\">Dicke und z\u00e4he Nudeln mit koreanischer Pfeffersauce ergeben eine Kombination aus w\u00fcrzigem und k\u00f6stlichem Geschmack, die Gew\u00fcrzliebhaber lieben.<\/p>\n<p data-start=\"347\" data-end=\"551\">\u2714\ufe0f <strong data-start=\"350\" data-end=\"365\">Paketgewicht: 134g<\/strong><br data-start=\"370\" data-end=\"373\">\u2714\ufe0f <strong data-start=\"376\" data-end=\"387\">Geschmacksrichtung:<\/strong> Extra Spicy Chicken (2x scharf)<br data-start=\"448\" data-end=\"451\">\u2714\ufe0f <strong data-start=\"454\" data-end=\"472\">Anleitung:<\/strong> Die Nudeln einige Minuten in kochendem Wasser kochen und dann mit der beigef\u00fcgten scharfen So\u00dfe vermischen.<\/p>\n<h2 data-start=\"558\" data-end=\"577\">\u2728 Produktmerkmale:<\/h2>\n<ul data-start=\"578\" data-end=\"756\">\n<li data-start=\"578\" data-end=\"612\">\n<p data-start=\"580\" data-end=\"612\">Ein authentischer Geschmack f\u00fcr Liebhaber des koreanischen Essens.<\/p>\n<\/li>\n<li data-start=\"613\" data-end=\"657\">\n<p data-start=\"615\" data-end=\"657\">Doppelt hei\u00dfe Stufe f\u00fcr Food-Thriller.<\/p>\n<\/li>\n<li data-start=\"658\" data-end=\"686\">\n<p data-start=\"660\" data-end=\"686\">Perfekt f\u00fcr eine schnelle und herzhafte Mahlzeit.<\/p>\n<\/li>\n<li data-start=\"687\" data-end=\"756\">\n<p data-start=\"689\" data-end=\"756\">Gem\u00fcse oder hartgekochte Eier k\u00f6nnen hinzugef\u00fcgt werden, um den Geschmack und den N\u00e4hrwert zu erh\u00f6hen.<\/p>\n<\/li>\n<\/ul>\n<\/li>\n<\/ul>\n<\/li>\n<\/ul>\n<\/li>\n<\/ul>\n","protected":false},"excerpt":{"rendered":"<p><strong>Koreanische w\u00fcrzige H\u00fchnernudeln 134g Rote Tasche<\/strong><\/p>\n<ul>\n<li>\n<p data-start=\"125\" data-end=\"345\"><strong data-start=\"125\" data-end=\"160\">Koreanische w\u00fcrzige Nudeln doppelt \u2013 2X scharf<\/strong><\/p>\n<\/li>\n<li>\n<p data-start=\"125\" data-end=\"345\">Erleben Sie authentischen koreanischen Geschmack mit Instant-Ramen-Nudeln mit einem sehr w\u00fcrzigen H\u00fchnchengeschmack.<\/p>\n<\/li>\n<\/ul>\n","protected":false},"featured_media":119278,"comment_status":"open","ping_status":"closed","template":"","meta":[],"product_brand":[],"product_cat":[319,317],"product_tag":[],"class_list":{"0":"post-119317","1":"product","2":"type-product","3":"status-publish","4":"has-post-thumbnail","6":"product_cat-indomie-de","7":"product_cat-nudeln-instant-fadennudeln","9":"first","10":"outofstock","11":"taxable","12":"shipping-taxable","13":"purchasable","14":"product-type-simple"},"yoast_head":"<!-- This site is optimized with the Yoast SEO Premium plugin v26.5 (Yoast SEO v27.6) - https:\/\/yoast.com\/product\/yoast-seo-premium-wordpress\/ -->\n<title>Koreanische w\u00fcrzige H\u00fchnernudeln 134g Rote Tasche - Yasmin Food<\/title>\n<meta name=\"description\" content=\"Genie\u00dfen Sie den authentischen koreanischen Geschmack mit koreanischen w\u00fcrzigen H\u00fchnernudeln 134g Red Bag. Eine herzhafte, schnelle Mahlzeit, die in weniger als 5 Minuten zubereitet ist! Koreanische w\u00fcrzige H\u00fchnernudeln 134g Rote Tasche\" \/>\n<meta name=\"robots\" content=\"index, follow, max-snippet:-1, max-image-preview:large, max-video-preview:-1\" \/>\n<link rel=\"canonical\" href=\"https:\/\/yasminfood.ch\/de\/product\/koreanische-wuerzige-huehnernudeln-134g-rote-tasche\/\" \/>\n<meta property=\"og:locale\" content=\"de_DE\" \/>\n<meta property=\"og:type\" content=\"article\" \/>\n<meta property=\"og:title\" content=\"Koreanische w\u00fcrzige H\u00fchnernudeln 134g Rote Tasche\" \/>\n<meta property=\"og:description\" content=\"Koreanische w\u00fcrzige H\u00fchnernudeln 134g Rote Tasche   Koreanische w\u00fcrzige Nudeln doppelt \u2013 2X scharf   Erleben Sie authentischen koreanischen Geschmack mit Instant-Ramen-Nudeln mit einem sehr w\u00fcrzigen H\u00fchnchengeschmack.\" \/>\n<meta property=\"og:url\" content=\"https:\/\/yasminfood.ch\/de\/product\/koreanische-wuerzige-huehnernudeln-134g-rote-tasche\/\" \/>\n<meta property=\"og:site_name\" content=\"Yasmin Food\" \/>\n<meta property=\"article:publisher\" content=\"https:\/\/www.facebook.com\/yasminmarkt1\" \/>\n<meta property=\"article:modified_time\" content=\"2025-09-02T15:26:44+00:00\" \/>\n<meta property=\"og:image\" content=\"https:\/\/yasminfood.ch\/wp-content\/uploads\/2025\/09\/\u0646\u0648\u062f\u0644\u0632-\u0643\u0648\u0631\u064a-\u062f\u062c\u0627\u062c-\u062d\u0627\u0631-134\u063a-\u0643\u064a\u0633-\u0623\u062d\u0645\u0631.png\" \/>\n\t<meta property=\"og:image:width\" content=\"1080\" \/>\n\t<meta property=\"og:image:height\" content=\"1080\" \/>\n\t<meta property=\"og:image:type\" content=\"image\/png\" \/>\n<meta name=\"twitter:card\" content=\"summary_large_image\" \/>\n<meta name=\"twitter:label1\" content=\"Preis\" \/>\n\t<meta name=\"twitter:data1\" content=\"3.95&nbsp;&#067;&#072;&#070;\" \/>\n\t<meta name=\"twitter:label2\" content=\"Verf\u00fcgbarkeit\" \/>\n\t<meta name=\"twitter:data2\" content=\"ausverkauft\" \/>\n<script type=\"application\/ld+json\" class=\"yoast-schema-graph\">{\"@context\":\"https:\\\/\\\/schema.org\",\"@graph\":[{\"@type\":\"WebPage\",\"@id\":\"https:\\\/\\\/yasminfood.ch\\\/de\\\/product\\\/koreanische-wuerzige-huehnernudeln-134g-rote-tasche\\\/\",\"url\":\"https:\\\/\\\/yasminfood.ch\\\/de\\\/product\\\/koreanische-wuerzige-huehnernudeln-134g-rote-tasche\\\/\",\"name\":\"Koreanische w\u00fcrzige H\u00fchnernudeln 134g Rote Tasche - Yasmin Food\",\"isPartOf\":{\"@id\":\"https:\\\/\\\/yasminfood.ch\\\/de\\\/#website\"},\"primaryImageOfPage\":{\"@id\":\"https:\\\/\\\/yasminfood.ch\\\/de\\\/product\\\/koreanische-wuerzige-huehnernudeln-134g-rote-tasche\\\/#primaryimage\"},\"image\":{\"@id\":\"https:\\\/\\\/yasminfood.ch\\\/de\\\/product\\\/koreanische-wuerzige-huehnernudeln-134g-rote-tasche\\\/#primaryimage\"},\"thumbnailUrl\":\"https:\\\/\\\/yasminfood.ch\\\/wp-content\\\/uploads\\\/2025\\\/09\\\/\u0646\u0648\u062f\u0644\u0632-\u0643\u0648\u0631\u064a-\u062f\u062c\u0627\u062c-\u062d\u0627\u0631-134\u063a-\u0643\u064a\u0633-\u0623\u062d\u0645\u0631.png\",\"datePublished\":\"2025-09-02T15:06:35+00:00\",\"dateModified\":\"2025-09-02T15:26:44+00:00\",\"description\":\"Genie\u00dfen Sie den authentischen koreanischen Geschmack mit koreanischen w\u00fcrzigen H\u00fchnernudeln 134g Red Bag. Eine herzhafte, schnelle Mahlzeit, die in weniger als 5 Minuten zubereitet ist! Koreanische w\u00fcrzige H\u00fchnernudeln 134g Rote Tasche\",\"breadcrumb\":{\"@id\":\"https:\\\/\\\/yasminfood.ch\\\/de\\\/product\\\/koreanische-wuerzige-huehnernudeln-134g-rote-tasche\\\/#breadcrumb\"},\"inLanguage\":\"de\",\"potentialAction\":[{\"@type\":\"ReadAction\",\"target\":[\"https:\\\/\\\/yasminfood.ch\\\/de\\\/product\\\/koreanische-wuerzige-huehnernudeln-134g-rote-tasche\\\/\"]}]},{\"@type\":\"ImageObject\",\"inLanguage\":\"de\",\"@id\":\"https:\\\/\\\/yasminfood.ch\\\/de\\\/product\\\/koreanische-wuerzige-huehnernudeln-134g-rote-tasche\\\/#primaryimage\",\"url\":\"https:\\\/\\\/yasminfood.ch\\\/wp-content\\\/uploads\\\/2025\\\/09\\\/\u0646\u0648\u062f\u0644\u0632-\u0643\u0648\u0631\u064a-\u062f\u062c\u0627\u062c-\u062d\u0627\u0631-134\u063a-\u0643\u064a\u0633-\u0623\u062d\u0645\u0631.png\",\"contentUrl\":\"https:\\\/\\\/yasminfood.ch\\\/wp-content\\\/uploads\\\/2025\\\/09\\\/\u0646\u0648\u062f\u0644\u0632-\u0643\u0648\u0631\u064a-\u062f\u062c\u0627\u062c-\u062d\u0627\u0631-134\u063a-\u0643\u064a\u0633-\u0623\u062d\u0645\u0631.png\",\"width\":1080,\"height\":1080,\"caption\":\"Koreanische w\u00fcrzige H\u00fchnernudeln 134g Rote Tasche\"},{\"@type\":\"BreadcrumbList\",\"@id\":\"https:\\\/\\\/yasminfood.ch\\\/de\\\/product\\\/koreanische-wuerzige-huehnernudeln-134g-rote-tasche\\\/#breadcrumb\",\"itemListElement\":[{\"@type\":\"ListItem\",\"position\":1,\"name\":\"\u0627\u0644\u0631\u0626\u064a\u0633\u064a\u0629\",\"item\":\"https:\\\/\\\/yasminfood.ch\\\/de\\\/zuhause\\\/\"},{\"@type\":\"ListItem\",\"position\":2,\"name\":\"Shop\",\"item\":\"https:\\\/\\\/yasminfood.ch\\\/de\\\/shop\\\/\"},{\"@type\":\"ListItem\",\"position\":3,\"name\":\"Nudeln &amp; Instant-Fadennudeln\",\"item\":\"https:\\\/\\\/yasminfood.ch\\\/de\\\/produkt-kategorie\\\/nudeln-instant-fadennudeln\\\/\"},{\"@type\":\"ListItem\",\"position\":4,\"name\":\"Koreanische w\u00fcrzige H\u00fchnernudeln 134g Rote Tasche\"}]},{\"@type\":\"WebSite\",\"@id\":\"https:\\\/\\\/yasminfood.ch\\\/de\\\/#website\",\"url\":\"https:\\\/\\\/yasminfood.ch\\\/de\\\/\",\"name\":\"\u064a\u0627\u0633\u0645\u064a\u0646 \u0645\u0627\u0631\u0643\u062a\",\"description\":\"Alles, was Sie brauchen, an einem Ort\",\"publisher\":{\"@id\":\"https:\\\/\\\/yasminfood.ch\\\/de\\\/#organization\"},\"alternateName\":\"Yasmin Food\",\"potentialAction\":[{\"@type\":\"SearchAction\",\"target\":{\"@type\":\"EntryPoint\",\"urlTemplate\":\"https:\\\/\\\/yasminfood.ch\\\/de\\\/?s={search_term_string}\"},\"query-input\":{\"@type\":\"PropertyValueSpecification\",\"valueRequired\":true,\"valueName\":\"search_term_string\"}}],\"inLanguage\":\"de\"},{\"@type\":\"Organization\",\"@id\":\"https:\\\/\\\/yasminfood.ch\\\/de\\\/#organization\",\"name\":\"\u064a\u0627\u0633\u0645\u064a\u0646 \u0645\u0627\u0631\u0643\u062a\",\"alternateName\":\"Yasmin Food\",\"url\":\"https:\\\/\\\/yasminfood.ch\\\/de\\\/\",\"logo\":{\"@type\":\"ImageObject\",\"inLanguage\":\"de\",\"@id\":\"https:\\\/\\\/yasminfood.ch\\\/de\\\/#\\\/schema\\\/logo\\\/image\\\/\",\"url\":\"https:\\\/\\\/yasminfood.ch\\\/wp-content\\\/uploads\\\/2025\\\/05\\\/yasmin-food-header-logo.png\",\"contentUrl\":\"https:\\\/\\\/yasminfood.ch\\\/wp-content\\\/uploads\\\/2025\\\/05\\\/yasmin-food-header-logo.png\",\"width\":330,\"height\":120,\"caption\":\"\u064a\u0627\u0633\u0645\u064a\u0646 \u0645\u0627\u0631\u0643\u062a\"},\"image\":{\"@id\":\"https:\\\/\\\/yasminfood.ch\\\/de\\\/#\\\/schema\\\/logo\\\/image\\\/\"},\"sameAs\":[\"https:\\\/\\\/www.facebook.com\\\/yasminmarkt1\",\"https:\\\/\\\/www.tiktok.com\\\/@yasminmarkt\",\"https:\\\/\\\/www.instagram.com\\\/yasmin.markt1\\\/\",\"https:\\\/\\\/api.whatsapp.com\\\/send\\\/?phone=41799000104\"],\"publishingPrinciples\":\"https:\\\/\\\/yasminfood.ch\\\/de\\\/shop\\\/\",\"ownershipFundingInfo\":\"https:\\\/\\\/yasminfood.ch\\\/de\\\/shop\\\/\"}]}<\/script>\n<meta property=\"product:price:amount\" content=\"3.95\" \/>\n<meta property=\"product:price:currency\" content=\"CHF\" \/>\n<meta property=\"og:availability\" content=\"out of stock\" \/>\n<meta property=\"product:availability\" content=\"out of stock\" \/>\n<meta property=\"product:condition\" content=\"new\" \/>\n<!-- \/ Yoast SEO Premium plugin. -->","yoast_head_json":{"title":"Koreanische w\u00fcrzige H\u00fchnernudeln 134g Rote Tasche - Yasmin Food","description":"Genie\u00dfen Sie den authentischen koreanischen Geschmack mit koreanischen w\u00fcrzigen H\u00fchnernudeln 134g Red Bag. Eine herzhafte, schnelle Mahlzeit, die in weniger als 5 Minuten zubereitet ist! Koreanische w\u00fcrzige H\u00fchnernudeln 134g Rote Tasche","robots":{"index":"index","follow":"follow","max-snippet":"max-snippet:-1","max-image-preview":"max-image-preview:large","max-video-preview":"max-video-preview:-1"},"canonical":"https:\/\/yasminfood.ch\/de\/product\/koreanische-wuerzige-huehnernudeln-134g-rote-tasche\/","og_locale":"de_DE","og_type":"article","og_title":"Koreanische w\u00fcrzige H\u00fchnernudeln 134g Rote Tasche","og_description":"Koreanische w\u00fcrzige H\u00fchnernudeln 134g Rote Tasche   Koreanische w\u00fcrzige Nudeln doppelt \u2013 2X scharf   Erleben Sie authentischen koreanischen Geschmack mit Instant-Ramen-Nudeln mit einem sehr w\u00fcrzigen H\u00fchnchengeschmack.","og_url":"https:\/\/yasminfood.ch\/de\/product\/koreanische-wuerzige-huehnernudeln-134g-rote-tasche\/","og_site_name":"Yasmin Food","article_publisher":"https:\/\/www.facebook.com\/yasminmarkt1","article_modified_time":"2025-09-02T15:26:44+00:00","og_image":[{"width":1080,"height":1080,"url":"https:\/\/yasminfood.ch\/wp-content\/uploads\/2025\/09\/\u0646\u0648\u062f\u0644\u0632-\u0643\u0648\u0631\u064a-\u062f\u062c\u0627\u062c-\u062d\u0627\u0631-134\u063a-\u0643\u064a\u0633-\u0623\u062d\u0645\u0631.png","type":"image\/png"}],"twitter_card":"summary_large_image","twitter_misc":{"Preis":"3.95&nbsp;&#67;&#72;&#70;","Verf\u00fcgbarkeit":"ausverkauft"},"schema":{"@context":"https:\/\/schema.org","@graph":[{"@type":"WebPage","@id":"https:\/\/yasminfood.ch\/de\/product\/koreanische-wuerzige-huehnernudeln-134g-rote-tasche\/","url":"https:\/\/yasminfood.ch\/de\/product\/koreanische-wuerzige-huehnernudeln-134g-rote-tasche\/","name":"Koreanische w\u00fcrzige H\u00fchnernudeln 134g Rote Tasche - Yasmin Food","isPartOf":{"@id":"https:\/\/yasminfood.ch\/de\/#website"},"primaryImageOfPage":{"@id":"https:\/\/yasminfood.ch\/de\/product\/koreanische-wuerzige-huehnernudeln-134g-rote-tasche\/#primaryimage"},"image":{"@id":"https:\/\/yasminfood.ch\/de\/product\/koreanische-wuerzige-huehnernudeln-134g-rote-tasche\/#primaryimage"},"thumbnailUrl":"https:\/\/yasminfood.ch\/wp-content\/uploads\/2025\/09\/\u0646\u0648\u062f\u0644\u0632-\u0643\u0648\u0631\u064a-\u062f\u062c\u0627\u062c-\u062d\u0627\u0631-134\u063a-\u0643\u064a\u0633-\u0623\u062d\u0645\u0631.png","datePublished":"2025-09-02T15:06:35+00:00","dateModified":"2025-09-02T15:26:44+00:00","description":"Genie\u00dfen Sie den authentischen koreanischen Geschmack mit koreanischen w\u00fcrzigen H\u00fchnernudeln 134g Red Bag. Eine herzhafte, schnelle Mahlzeit, die in weniger als 5 Minuten zubereitet ist! Koreanische w\u00fcrzige H\u00fchnernudeln 134g Rote Tasche","breadcrumb":{"@id":"https:\/\/yasminfood.ch\/de\/product\/koreanische-wuerzige-huehnernudeln-134g-rote-tasche\/#breadcrumb"},"inLanguage":"de","potentialAction":[{"@type":"ReadAction","target":["https:\/\/yasminfood.ch\/de\/product\/koreanische-wuerzige-huehnernudeln-134g-rote-tasche\/"]}]},{"@type":"ImageObject","inLanguage":"de","@id":"https:\/\/yasminfood.ch\/de\/product\/koreanische-wuerzige-huehnernudeln-134g-rote-tasche\/#primaryimage","url":"https:\/\/yasminfood.ch\/wp-content\/uploads\/2025\/09\/\u0646\u0648\u062f\u0644\u0632-\u0643\u0648\u0631\u064a-\u062f\u062c\u0627\u062c-\u062d\u0627\u0631-134\u063a-\u0643\u064a\u0633-\u0623\u062d\u0645\u0631.png","contentUrl":"https:\/\/yasminfood.ch\/wp-content\/uploads\/2025\/09\/\u0646\u0648\u062f\u0644\u0632-\u0643\u0648\u0631\u064a-\u062f\u062c\u0627\u062c-\u062d\u0627\u0631-134\u063a-\u0643\u064a\u0633-\u0623\u062d\u0645\u0631.png","width":1080,"height":1080,"caption":"Koreanische w\u00fcrzige H\u00fchnernudeln 134g Rote Tasche"},{"@type":"BreadcrumbList","@id":"https:\/\/yasminfood.ch\/de\/product\/koreanische-wuerzige-huehnernudeln-134g-rote-tasche\/#breadcrumb","itemListElement":[{"@type":"ListItem","position":1,"name":"\u0627\u0644\u0631\u0626\u064a\u0633\u064a\u0629","item":"https:\/\/yasminfood.ch\/de\/zuhause\/"},{"@type":"ListItem","position":2,"name":"Shop","item":"https:\/\/yasminfood.ch\/de\/shop\/"},{"@type":"ListItem","position":3,"name":"Nudeln &amp; Instant-Fadennudeln","item":"https:\/\/yasminfood.ch\/de\/produkt-kategorie\/nudeln-instant-fadennudeln\/"},{"@type":"ListItem","position":4,"name":"Koreanische w\u00fcrzige H\u00fchnernudeln 134g Rote Tasche"}]},{"@type":"WebSite","@id":"https:\/\/yasminfood.ch\/de\/#website","url":"https:\/\/yasminfood.ch\/de\/","name":"\u064a\u0627\u0633\u0645\u064a\u0646 \u0645\u0627\u0631\u0643\u062a","description":"Alles, was Sie brauchen, an einem Ort","publisher":{"@id":"https:\/\/yasminfood.ch\/de\/#organization"},"alternateName":"Yasmin Food","potentialAction":[{"@type":"SearchAction","target":{"@type":"EntryPoint","urlTemplate":"https:\/\/yasminfood.ch\/de\/?s={search_term_string}"},"query-input":{"@type":"PropertyValueSpecification","valueRequired":true,"valueName":"search_term_string"}}],"inLanguage":"de"},{"@type":"Organization","@id":"https:\/\/yasminfood.ch\/de\/#organization","name":"\u064a\u0627\u0633\u0645\u064a\u0646 \u0645\u0627\u0631\u0643\u062a","alternateName":"Yasmin Food","url":"https:\/\/yasminfood.ch\/de\/","logo":{"@type":"ImageObject","inLanguage":"de","@id":"https:\/\/yasminfood.ch\/de\/#\/schema\/logo\/image\/","url":"https:\/\/yasminfood.ch\/wp-content\/uploads\/2025\/05\/yasmin-food-header-logo.png","contentUrl":"https:\/\/yasminfood.ch\/wp-content\/uploads\/2025\/05\/yasmin-food-header-logo.png","width":330,"height":120,"caption":"\u064a\u0627\u0633\u0645\u064a\u0646 \u0645\u0627\u0631\u0643\u062a"},"image":{"@id":"https:\/\/yasminfood.ch\/de\/#\/schema\/logo\/image\/"},"sameAs":["https:\/\/www.facebook.com\/yasminmarkt1","https:\/\/www.tiktok.com\/@yasminmarkt","https:\/\/www.instagram.com\/yasmin.markt1\/","https:\/\/api.whatsapp.com\/send\/?phone=41799000104"],"publishingPrinciples":"https:\/\/yasminfood.ch\/de\/shop\/","ownershipFundingInfo":"https:\/\/yasminfood.ch\/de\/shop\/"}]},"product_price_amount":"3.95","product_price_currency":"CHF","og_availability":"out of stock","product_availability":"out of stock","product_condition":"new"},"jetpack_sharing_enabled":true,"_links":{"self":[{"href":"https:\/\/yasminfood.ch\/de\/wp-json\/wp\/v2\/product\/119317","targetHints":{"allow":["GET"]}}],"collection":[{"href":"https:\/\/yasminfood.ch\/de\/wp-json\/wp\/v2\/product"}],"about":[{"href":"https:\/\/yasminfood.ch\/de\/wp-json\/wp\/v2\/types\/product"}],"replies":[{"embeddable":true,"href":"https:\/\/yasminfood.ch\/de\/wp-json\/wp\/v2\/comments?post=119317"}],"version-history":[{"count":0,"href":"https:\/\/yasminfood.ch\/de\/wp-json\/wp\/v2\/product\/119317\/revisions"}],"wp:featuredmedia":[{"embeddable":true,"href":"https:\/\/yasminfood.ch\/de\/wp-json\/wp\/v2\/media\/119278"}],"wp:attachment":[{"href":"https:\/\/yasminfood.ch\/de\/wp-json\/wp\/v2\/media?parent=119317"}],"wp:term":[{"taxonomy":"product_brand","embeddable":true,"href":"https:\/\/yasminfood.ch\/de\/wp-json\/wp\/v2\/product_brand?post=119317"},{"taxonomy":"product_cat","embeddable":true,"href":"https:\/\/yasminfood.ch\/de\/wp-json\/wp\/v2\/product_cat?post=119317"},{"taxonomy":"product_tag","embeddable":true,"href":"https:\/\/yasminfood.ch\/de\/wp-json\/wp\/v2\/product_tag?post=119317"}],"curies":[{"name":"wp","href":"https:\/\/api.w.org\/{rel}","templated":true}]}}