{"id":119321,"date":"2025-09-02T17:14:54","date_gmt":"2025-09-02T15:14:54","guid":{"rendered":"https:\/\/yasminfood.ch\/product\/regenbogen-gel-saenger-5010gr\/"},"modified":"2025-09-02T17:26:47","modified_gmt":"2025-09-02T15:26:47","slug":"regenbogen-gel-saenger-5010gr","status":"publish","type":"product","link":"https:\/\/yasminfood.ch\/de\/product\/regenbogen-gel-saenger-5010gr\/","title":{"rendered":"Regenbogen Gel S\u00e4nger 50*10gr"},"content":{"rendered":"<p><strong>Regenbogen Gel S\u00e4nger 50*10gr<\/strong><\/p>\n<ul>\n<li>\n<p data-start=\"115\" data-end=\"327\">Leckeres Fruchtgelee in Form von kleinen Kugeln, die mit Regenbogenzeichnungen verziert sind<\/p>\n<\/li>\n<li>\n<p data-start=\"115\" data-end=\"327\">Und ein markantes Einhorn zieht Kinder an. Jede Kugel enth\u00e4lt ein weiches Gelee mit einer w\u00fcrzigen Marmeladenf\u00fcllung, die einen reichhaltigen und angenehmen Geschmack verleiht. <\/p>\n<p data-start=\"329\" data-end=\"486\">\u2714\ufe0f <strong data-start=\"332\" data-end=\"349\">Nettogewicht:<\/strong> 50 \u00d7 10g<br data-start=\"358\" data-end=\"361\">\u2714\ufe0f <strong data-start=\"364\" data-end=\"375\">Geschmack:<\/strong> Gemischte Fr\u00fcchte mit Marmelade<br data-start=\"395\" data-end=\"398\">\u2714\ufe0f <strong data-start=\"401\" data-end=\"413\">Verpackung:<\/strong> Zwei transparente Kunststoffs\u00e4nger bewahren den Geschmack und die Frische<br data-start=\"454\" data-end=\"457\">\u2714\ufe0f <strong data-start=\"460\" data-end=\"479\">Rechtlicher Status: Halal<\/strong><\/p>\n<\/li>\n<li>\n<h2 data-start=\"493\" data-end=\"512\">\u2728 Produktmerkmale:<\/h2>\n<ul data-start=\"513\" data-end=\"692\">\n<li data-start=\"513\" data-end=\"558\">\n<p data-start=\"515\" data-end=\"558\">Ein lustiges Dessert f\u00fcr Kinder und Erwachsene mit einem attraktiven Design.<\/p>\n<\/li>\n<li data-start=\"559\" data-end=\"598\">\n<p data-start=\"561\" data-end=\"598\">Abwechslungsreicher fruchtiger Geschmack mit einer leckeren Marmeladenf\u00fcllung.<\/p>\n<\/li>\n<li data-start=\"599\" data-end=\"643\">\n<p data-start=\"601\" data-end=\"643\">Geeignet als allt\u00e4gliches Dessert oder f\u00fcr Veranstaltungen und Partys.<\/p>\n<\/li>\n<li data-start=\"644\" data-end=\"692\">\n<p data-start=\"646\" data-end=\"692\">Die praktische Verpackung h\u00e4lt es sauber und leicht zu verstauen.<\/p>\n<\/li>\n<\/ul>\n<\/li>\n<li>\n<h2 data-start=\"699\" data-end=\"715\">\ud83d\udccc Benutzungen:<\/h2>\n<ul data-start=\"716\" data-end=\"827\">\n<li data-start=\"716\" data-end=\"748\">\n<p data-start=\"718\" data-end=\"748\">Perfekt als kleine Geschenke f\u00fcr Kinder.<\/p>\n<\/li>\n<li data-start=\"749\" data-end=\"787\">\n<p data-start=\"751\" data-end=\"787\">Geeignet f\u00fcr Geburtstage und Feiern.<\/p>\n<\/li>\n<li data-start=\"788\" data-end=\"827\">\n<p data-start=\"790\" data-end=\"827\">Sie k\u00f6nnen in Hospitality-Boxen oder Verteilungen platziert werden.<\/p>\n<\/li>\n<\/ul>\n<\/li>\n<\/ul>\n","protected":false},"excerpt":{"rendered":"<p><strong>Regenbogen Gel S\u00e4nger 50*10gr<\/strong><\/p>\n<ul>\n<li>\n<p data-start=\"115\" data-end=\"327\">Leckeres Fruchtgelee in Form von kleinen Kugeln, die mit Regenbogenzeichnungen verziert sind<\/p>\n<\/li>\n<li>\n<p data-start=\"115\" data-end=\"327\">Und ein markantes Einhorn zieht Kinder an. Jede Kugel enth\u00e4lt ein weiches Gelee mit einer w\u00fcrzigen Marmeladenf\u00fcllung, die einen reichhaltigen und angenehmen Geschmack verleiht. <\/p>\n<\/li>\n<\/ul>\n","protected":false},"featured_media":119288,"comment_status":"open","ping_status":"closed","template":"","meta":[],"product_brand":[],"product_cat":[297,306],"product_tag":[],"class_list":{"0":"post-119321","1":"product","2":"type-product","3":"status-publish","4":"has-post-thumbnail","6":"product_cat-dessert-chips-2","7":"product_cat-goetterspeise-halal","9":"first","10":"outofstock","11":"taxable","12":"shipping-taxable","13":"purchasable","14":"product-type-simple"},"yoast_head":"<!-- This site is optimized with the Yoast SEO Premium plugin v26.5 (Yoast SEO v27.5) - https:\/\/yoast.com\/product\/yoast-seo-premium-wordpress\/ -->\n<title>Regenbogen Gel S\u00e4nger 50*10gr - Yasmin Food<\/title>\n<meta name=\"description\" content=\"Genie\u00dfen Sie den k\u00f6stlichen Geschmack der 50*10gr Rainbow Jelly Singers! Bunte B\u00e4llchen mit einer frischen Marmeladenf\u00fcllung, die Ihre Kinder lieben werden. Probieren Sie es jetzt aus! Regenbogen Gel S\u00e4nger 50*10gr\" \/>\n<meta name=\"robots\" content=\"index, follow, max-snippet:-1, max-image-preview:large, max-video-preview:-1\" \/>\n<link rel=\"canonical\" href=\"https:\/\/yasminfood.ch\/de\/product\/regenbogen-gel-saenger-5010gr\/\" \/>\n<meta property=\"og:locale\" content=\"de_DE\" \/>\n<meta property=\"og:type\" content=\"article\" \/>\n<meta property=\"og:title\" content=\"Regenbogen Gel S\u00e4nger 50*10gr\" \/>\n<meta property=\"og:description\" content=\"Regenbogen Gel S\u00e4nger 50*10gr   Leckeres Fruchtgelee in Form von kleinen Kugeln, die mit Regenbogenzeichnungen verziert sind   Und ein markantes Einhorn zieht Kinder an. Jede Kugel enth\u00e4lt ein weiches Gelee mit einer w\u00fcrzigen Marmeladenf\u00fcllung, die einen reichhaltigen und angenehmen Geschmack verleiht.\" \/>\n<meta property=\"og:url\" content=\"https:\/\/yasminfood.ch\/de\/product\/regenbogen-gel-saenger-5010gr\/\" \/>\n<meta property=\"og:site_name\" content=\"Yasmin Food\" \/>\n<meta property=\"article:publisher\" content=\"https:\/\/www.facebook.com\/yasminmarkt1\" \/>\n<meta property=\"article:modified_time\" content=\"2025-09-02T15:26:47+00:00\" \/>\n<meta property=\"og:image\" content=\"https:\/\/yasminfood.ch\/wp-content\/uploads\/2025\/09\/\u0645\u0637\u0631\u0628\u0627\u0646-\u062c\u064a\u0644\u064a\u0647-\u0642\u0648\u0633-\u0642\u0632\u062d-5010gr.png\" \/>\n\t<meta property=\"og:image:width\" content=\"1080\" \/>\n\t<meta property=\"og:image:height\" content=\"1080\" \/>\n\t<meta property=\"og:image:type\" content=\"image\/png\" \/>\n<meta name=\"twitter:card\" content=\"summary_large_image\" \/>\n<meta name=\"twitter:label1\" content=\"Preis\" \/>\n\t<meta name=\"twitter:data1\" content=\"15.95&nbsp;&#067;&#072;&#070;\" \/>\n\t<meta name=\"twitter:label2\" content=\"Verf\u00fcgbarkeit\" \/>\n\t<meta name=\"twitter:data2\" content=\"ausverkauft\" \/>\n<script type=\"application\/ld+json\" class=\"yoast-schema-graph\">{\"@context\":\"https:\\\/\\\/schema.org\",\"@graph\":[{\"@type\":\"WebPage\",\"@id\":\"https:\\\/\\\/yasminfood.ch\\\/de\\\/product\\\/regenbogen-gel-saenger-5010gr\\\/\",\"url\":\"https:\\\/\\\/yasminfood.ch\\\/de\\\/product\\\/regenbogen-gel-saenger-5010gr\\\/\",\"name\":\"Regenbogen Gel S\u00e4nger 50*10gr - Yasmin Food\",\"isPartOf\":{\"@id\":\"https:\\\/\\\/yasminfood.ch\\\/de\\\/#website\"},\"primaryImageOfPage\":{\"@id\":\"https:\\\/\\\/yasminfood.ch\\\/de\\\/product\\\/regenbogen-gel-saenger-5010gr\\\/#primaryimage\"},\"image\":{\"@id\":\"https:\\\/\\\/yasminfood.ch\\\/de\\\/product\\\/regenbogen-gel-saenger-5010gr\\\/#primaryimage\"},\"thumbnailUrl\":\"https:\\\/\\\/yasminfood.ch\\\/wp-content\\\/uploads\\\/2025\\\/09\\\/\u0645\u0637\u0631\u0628\u0627\u0646-\u062c\u064a\u0644\u064a\u0647-\u0642\u0648\u0633-\u0642\u0632\u062d-5010gr.png\",\"datePublished\":\"2025-09-02T15:14:54+00:00\",\"dateModified\":\"2025-09-02T15:26:47+00:00\",\"description\":\"Genie\u00dfen Sie den k\u00f6stlichen Geschmack der 50*10gr Rainbow Jelly Singers! Bunte B\u00e4llchen mit einer frischen Marmeladenf\u00fcllung, die Ihre Kinder lieben werden. Probieren Sie es jetzt aus! Regenbogen Gel S\u00e4nger 50*10gr\",\"breadcrumb\":{\"@id\":\"https:\\\/\\\/yasminfood.ch\\\/de\\\/product\\\/regenbogen-gel-saenger-5010gr\\\/#breadcrumb\"},\"inLanguage\":\"de\",\"potentialAction\":[{\"@type\":\"ReadAction\",\"target\":[\"https:\\\/\\\/yasminfood.ch\\\/de\\\/product\\\/regenbogen-gel-saenger-5010gr\\\/\"]}]},{\"@type\":\"ImageObject\",\"inLanguage\":\"de\",\"@id\":\"https:\\\/\\\/yasminfood.ch\\\/de\\\/product\\\/regenbogen-gel-saenger-5010gr\\\/#primaryimage\",\"url\":\"https:\\\/\\\/yasminfood.ch\\\/wp-content\\\/uploads\\\/2025\\\/09\\\/\u0645\u0637\u0631\u0628\u0627\u0646-\u062c\u064a\u0644\u064a\u0647-\u0642\u0648\u0633-\u0642\u0632\u062d-5010gr.png\",\"contentUrl\":\"https:\\\/\\\/yasminfood.ch\\\/wp-content\\\/uploads\\\/2025\\\/09\\\/\u0645\u0637\u0631\u0628\u0627\u0646-\u062c\u064a\u0644\u064a\u0647-\u0642\u0648\u0633-\u0642\u0632\u062d-5010gr.png\",\"width\":1080,\"height\":1080,\"caption\":\"Regenbogen Gel S\u00e4nger 50*10gr\"},{\"@type\":\"BreadcrumbList\",\"@id\":\"https:\\\/\\\/yasminfood.ch\\\/de\\\/product\\\/regenbogen-gel-saenger-5010gr\\\/#breadcrumb\",\"itemListElement\":[{\"@type\":\"ListItem\",\"position\":1,\"name\":\"\u0627\u0644\u0631\u0626\u064a\u0633\u064a\u0629\",\"item\":\"https:\\\/\\\/yasminfood.ch\\\/de\\\/zuhause\\\/\"},{\"@type\":\"ListItem\",\"position\":2,\"name\":\"Shop\",\"item\":\"https:\\\/\\\/yasminfood.ch\\\/de\\\/shop\\\/\"},{\"@type\":\"ListItem\",\"position\":3,\"name\":\"Dessert &amp; Chips\",\"item\":\"https:\\\/\\\/yasminfood.ch\\\/de\\\/produkt-kategorie\\\/dessert-chips-2\\\/\"},{\"@type\":\"ListItem\",\"position\":4,\"name\":\"G\u00f6tterspeise Halal\",\"item\":\"https:\\\/\\\/yasminfood.ch\\\/de\\\/produkt-kategorie\\\/dessert-chips-2\\\/goetterspeise-halal\\\/\"},{\"@type\":\"ListItem\",\"position\":5,\"name\":\"Regenbogen Gel S\u00e4nger 50*10gr\"}]},{\"@type\":\"WebSite\",\"@id\":\"https:\\\/\\\/yasminfood.ch\\\/de\\\/#website\",\"url\":\"https:\\\/\\\/yasminfood.ch\\\/de\\\/\",\"name\":\"\u064a\u0627\u0633\u0645\u064a\u0646 \u0645\u0627\u0631\u0643\u062a\",\"description\":\"Alles, was Sie brauchen, an einem Ort\",\"publisher\":{\"@id\":\"https:\\\/\\\/yasminfood.ch\\\/de\\\/#organization\"},\"alternateName\":\"Yasmin Food\",\"potentialAction\":[{\"@type\":\"SearchAction\",\"target\":{\"@type\":\"EntryPoint\",\"urlTemplate\":\"https:\\\/\\\/yasminfood.ch\\\/de\\\/?s={search_term_string}\"},\"query-input\":{\"@type\":\"PropertyValueSpecification\",\"valueRequired\":true,\"valueName\":\"search_term_string\"}}],\"inLanguage\":\"de\"},{\"@type\":\"Organization\",\"@id\":\"https:\\\/\\\/yasminfood.ch\\\/de\\\/#organization\",\"name\":\"\u064a\u0627\u0633\u0645\u064a\u0646 \u0645\u0627\u0631\u0643\u062a\",\"alternateName\":\"Yasmin Food\",\"url\":\"https:\\\/\\\/yasminfood.ch\\\/de\\\/\",\"logo\":{\"@type\":\"ImageObject\",\"inLanguage\":\"de\",\"@id\":\"https:\\\/\\\/yasminfood.ch\\\/de\\\/#\\\/schema\\\/logo\\\/image\\\/\",\"url\":\"https:\\\/\\\/yasminfood.ch\\\/wp-content\\\/uploads\\\/2025\\\/05\\\/yasmin-food-header-logo.png\",\"contentUrl\":\"https:\\\/\\\/yasminfood.ch\\\/wp-content\\\/uploads\\\/2025\\\/05\\\/yasmin-food-header-logo.png\",\"width\":330,\"height\":120,\"caption\":\"\u064a\u0627\u0633\u0645\u064a\u0646 \u0645\u0627\u0631\u0643\u062a\"},\"image\":{\"@id\":\"https:\\\/\\\/yasminfood.ch\\\/de\\\/#\\\/schema\\\/logo\\\/image\\\/\"},\"sameAs\":[\"https:\\\/\\\/www.facebook.com\\\/yasminmarkt1\",\"https:\\\/\\\/www.tiktok.com\\\/@yasminmarkt\",\"https:\\\/\\\/www.instagram.com\\\/yasmin.markt1\\\/\",\"https:\\\/\\\/api.whatsapp.com\\\/send\\\/?phone=41799000104\"],\"publishingPrinciples\":\"https:\\\/\\\/yasminfood.ch\\\/de\\\/shop\\\/\",\"ownershipFundingInfo\":\"https:\\\/\\\/yasminfood.ch\\\/de\\\/shop\\\/\"}]}<\/script>\n<meta property=\"product:price:amount\" content=\"15.95\" \/>\n<meta property=\"product:price:currency\" content=\"CHF\" \/>\n<meta property=\"og:availability\" content=\"out of stock\" \/>\n<meta property=\"product:availability\" content=\"out of stock\" \/>\n<meta property=\"product:condition\" content=\"new\" \/>\n<!-- \/ Yoast SEO Premium plugin. -->","yoast_head_json":{"title":"Regenbogen Gel S\u00e4nger 50*10gr - Yasmin Food","description":"Genie\u00dfen Sie den k\u00f6stlichen Geschmack der 50*10gr Rainbow Jelly Singers! Bunte B\u00e4llchen mit einer frischen Marmeladenf\u00fcllung, die Ihre Kinder lieben werden. Probieren Sie es jetzt aus! Regenbogen Gel S\u00e4nger 50*10gr","robots":{"index":"index","follow":"follow","max-snippet":"max-snippet:-1","max-image-preview":"max-image-preview:large","max-video-preview":"max-video-preview:-1"},"canonical":"https:\/\/yasminfood.ch\/de\/product\/regenbogen-gel-saenger-5010gr\/","og_locale":"de_DE","og_type":"article","og_title":"Regenbogen Gel S\u00e4nger 50*10gr","og_description":"Regenbogen Gel S\u00e4nger 50*10gr   Leckeres Fruchtgelee in Form von kleinen Kugeln, die mit Regenbogenzeichnungen verziert sind   Und ein markantes Einhorn zieht Kinder an. Jede Kugel enth\u00e4lt ein weiches Gelee mit einer w\u00fcrzigen Marmeladenf\u00fcllung, die einen reichhaltigen und angenehmen Geschmack verleiht.","og_url":"https:\/\/yasminfood.ch\/de\/product\/regenbogen-gel-saenger-5010gr\/","og_site_name":"Yasmin Food","article_publisher":"https:\/\/www.facebook.com\/yasminmarkt1","article_modified_time":"2025-09-02T15:26:47+00:00","og_image":[{"width":1080,"height":1080,"url":"https:\/\/yasminfood.ch\/wp-content\/uploads\/2025\/09\/\u0645\u0637\u0631\u0628\u0627\u0646-\u062c\u064a\u0644\u064a\u0647-\u0642\u0648\u0633-\u0642\u0632\u062d-5010gr.png","type":"image\/png"}],"twitter_card":"summary_large_image","twitter_misc":{"Preis":"15.95&nbsp;&#67;&#72;&#70;","Verf\u00fcgbarkeit":"ausverkauft"},"schema":{"@context":"https:\/\/schema.org","@graph":[{"@type":"WebPage","@id":"https:\/\/yasminfood.ch\/de\/product\/regenbogen-gel-saenger-5010gr\/","url":"https:\/\/yasminfood.ch\/de\/product\/regenbogen-gel-saenger-5010gr\/","name":"Regenbogen Gel S\u00e4nger 50*10gr - Yasmin Food","isPartOf":{"@id":"https:\/\/yasminfood.ch\/de\/#website"},"primaryImageOfPage":{"@id":"https:\/\/yasminfood.ch\/de\/product\/regenbogen-gel-saenger-5010gr\/#primaryimage"},"image":{"@id":"https:\/\/yasminfood.ch\/de\/product\/regenbogen-gel-saenger-5010gr\/#primaryimage"},"thumbnailUrl":"https:\/\/yasminfood.ch\/wp-content\/uploads\/2025\/09\/\u0645\u0637\u0631\u0628\u0627\u0646-\u062c\u064a\u0644\u064a\u0647-\u0642\u0648\u0633-\u0642\u0632\u062d-5010gr.png","datePublished":"2025-09-02T15:14:54+00:00","dateModified":"2025-09-02T15:26:47+00:00","description":"Genie\u00dfen Sie den k\u00f6stlichen Geschmack der 50*10gr Rainbow Jelly Singers! Bunte B\u00e4llchen mit einer frischen Marmeladenf\u00fcllung, die Ihre Kinder lieben werden. Probieren Sie es jetzt aus! Regenbogen Gel S\u00e4nger 50*10gr","breadcrumb":{"@id":"https:\/\/yasminfood.ch\/de\/product\/regenbogen-gel-saenger-5010gr\/#breadcrumb"},"inLanguage":"de","potentialAction":[{"@type":"ReadAction","target":["https:\/\/yasminfood.ch\/de\/product\/regenbogen-gel-saenger-5010gr\/"]}]},{"@type":"ImageObject","inLanguage":"de","@id":"https:\/\/yasminfood.ch\/de\/product\/regenbogen-gel-saenger-5010gr\/#primaryimage","url":"https:\/\/yasminfood.ch\/wp-content\/uploads\/2025\/09\/\u0645\u0637\u0631\u0628\u0627\u0646-\u062c\u064a\u0644\u064a\u0647-\u0642\u0648\u0633-\u0642\u0632\u062d-5010gr.png","contentUrl":"https:\/\/yasminfood.ch\/wp-content\/uploads\/2025\/09\/\u0645\u0637\u0631\u0628\u0627\u0646-\u062c\u064a\u0644\u064a\u0647-\u0642\u0648\u0633-\u0642\u0632\u062d-5010gr.png","width":1080,"height":1080,"caption":"Regenbogen Gel S\u00e4nger 50*10gr"},{"@type":"BreadcrumbList","@id":"https:\/\/yasminfood.ch\/de\/product\/regenbogen-gel-saenger-5010gr\/#breadcrumb","itemListElement":[{"@type":"ListItem","position":1,"name":"\u0627\u0644\u0631\u0626\u064a\u0633\u064a\u0629","item":"https:\/\/yasminfood.ch\/de\/zuhause\/"},{"@type":"ListItem","position":2,"name":"Shop","item":"https:\/\/yasminfood.ch\/de\/shop\/"},{"@type":"ListItem","position":3,"name":"Dessert &amp; Chips","item":"https:\/\/yasminfood.ch\/de\/produkt-kategorie\/dessert-chips-2\/"},{"@type":"ListItem","position":4,"name":"G\u00f6tterspeise Halal","item":"https:\/\/yasminfood.ch\/de\/produkt-kategorie\/dessert-chips-2\/goetterspeise-halal\/"},{"@type":"ListItem","position":5,"name":"Regenbogen Gel S\u00e4nger 50*10gr"}]},{"@type":"WebSite","@id":"https:\/\/yasminfood.ch\/de\/#website","url":"https:\/\/yasminfood.ch\/de\/","name":"\u064a\u0627\u0633\u0645\u064a\u0646 \u0645\u0627\u0631\u0643\u062a","description":"Alles, was Sie brauchen, an einem Ort","publisher":{"@id":"https:\/\/yasminfood.ch\/de\/#organization"},"alternateName":"Yasmin Food","potentialAction":[{"@type":"SearchAction","target":{"@type":"EntryPoint","urlTemplate":"https:\/\/yasminfood.ch\/de\/?s={search_term_string}"},"query-input":{"@type":"PropertyValueSpecification","valueRequired":true,"valueName":"search_term_string"}}],"inLanguage":"de"},{"@type":"Organization","@id":"https:\/\/yasminfood.ch\/de\/#organization","name":"\u064a\u0627\u0633\u0645\u064a\u0646 \u0645\u0627\u0631\u0643\u062a","alternateName":"Yasmin Food","url":"https:\/\/yasminfood.ch\/de\/","logo":{"@type":"ImageObject","inLanguage":"de","@id":"https:\/\/yasminfood.ch\/de\/#\/schema\/logo\/image\/","url":"https:\/\/yasminfood.ch\/wp-content\/uploads\/2025\/05\/yasmin-food-header-logo.png","contentUrl":"https:\/\/yasminfood.ch\/wp-content\/uploads\/2025\/05\/yasmin-food-header-logo.png","width":330,"height":120,"caption":"\u064a\u0627\u0633\u0645\u064a\u0646 \u0645\u0627\u0631\u0643\u062a"},"image":{"@id":"https:\/\/yasminfood.ch\/de\/#\/schema\/logo\/image\/"},"sameAs":["https:\/\/www.facebook.com\/yasminmarkt1","https:\/\/www.tiktok.com\/@yasminmarkt","https:\/\/www.instagram.com\/yasmin.markt1\/","https:\/\/api.whatsapp.com\/send\/?phone=41799000104"],"publishingPrinciples":"https:\/\/yasminfood.ch\/de\/shop\/","ownershipFundingInfo":"https:\/\/yasminfood.ch\/de\/shop\/"}]},"product_price_amount":"15.95","product_price_currency":"CHF","og_availability":"out of stock","product_availability":"out of stock","product_condition":"new"},"jetpack_sharing_enabled":true,"_links":{"self":[{"href":"https:\/\/yasminfood.ch\/de\/wp-json\/wp\/v2\/product\/119321","targetHints":{"allow":["GET"]}}],"collection":[{"href":"https:\/\/yasminfood.ch\/de\/wp-json\/wp\/v2\/product"}],"about":[{"href":"https:\/\/yasminfood.ch\/de\/wp-json\/wp\/v2\/types\/product"}],"replies":[{"embeddable":true,"href":"https:\/\/yasminfood.ch\/de\/wp-json\/wp\/v2\/comments?post=119321"}],"version-history":[{"count":0,"href":"https:\/\/yasminfood.ch\/de\/wp-json\/wp\/v2\/product\/119321\/revisions"}],"wp:featuredmedia":[{"embeddable":true,"href":"https:\/\/yasminfood.ch\/de\/wp-json\/wp\/v2\/media\/119288"}],"wp:attachment":[{"href":"https:\/\/yasminfood.ch\/de\/wp-json\/wp\/v2\/media?parent=119321"}],"wp:term":[{"taxonomy":"product_brand","embeddable":true,"href":"https:\/\/yasminfood.ch\/de\/wp-json\/wp\/v2\/product_brand?post=119321"},{"taxonomy":"product_cat","embeddable":true,"href":"https:\/\/yasminfood.ch\/de\/wp-json\/wp\/v2\/product_cat?post=119321"},{"taxonomy":"product_tag","embeddable":true,"href":"https:\/\/yasminfood.ch\/de\/wp-json\/wp\/v2\/product_tag?post=119321"}],"curies":[{"name":"wp","href":"https:\/\/api.w.org\/{rel}","templated":true}]}}