{"id":119419,"date":"2025-09-08T12:34:55","date_gmt":"2025-09-08T10:34:55","guid":{"rendered":"https:\/\/yasminfood.ch\/product\/raha-pistazie-rab-500g\/"},"modified":"2025-09-08T12:47:02","modified_gmt":"2025-09-08T10:47:02","slug":"raha-pistazie-rab-500g","status":"publish","type":"product","link":"https:\/\/yasminfood.ch\/de\/product\/raha-pistazie-rab-500g\/","title":{"rendered":"Raha Pistazie \u2013 Rab \u2013 500g"},"content":{"rendered":"<p><strong>Raha Pistazie \u2013 Rab \u2013 500g<\/strong><\/p>\n<ul>\n<li>\n<p data-start=\"283\" data-end=\"631\">Genie\u00dfen Sie einen authentischen orientalischen Geschmack mit den <strong data-start=\"320\" data-end=\"345\">feinsten Pistazien-Annehmlichkeiten<\/strong>,<\/p>\n<\/li>\n<li>\n<p data-start=\"283\" data-end=\"631\">Traditionell hergestellt, um die reichhaltige orientalische Zartheit mit dem nat\u00fcrlichen Crunch frischer Pistazien zu kombinieren.<\/p>\n<\/li>\n<li>\n<p data-start=\"283\" data-end=\"631\">Diese besonderen St\u00fccke sind mit ausgezeichneten Pistazien aufgegossen,<\/p>\n<\/li>\n<li>\n<p data-start=\"283\" data-end=\"631\">Sorgf\u00e4ltig gemischt mit einem Hauch von Honig oder nat\u00fcrlicher Melasse, um Ihnen eine feste Textur und einen Geschmack zu verleihen, der zwischen milder S\u00fc\u00dfe und dem reichen Geschmack von Pistazien ausgewogen ist.<\/p>\n<h3 data-start=\"633\" data-end=\"646\">Funktionen:<\/h3>\n<ul data-start=\"647\" data-end=\"835\">\n<li data-start=\"647\" data-end=\"685\">\n<p data-start=\"649\" data-end=\"685\">\ud83c\udf30 <strong data-start=\"652\" data-end=\"670\">Luxuri\u00f6se Pistazien<\/strong> in gro\u00dfz\u00fcgigen Mengen.<\/p>\n<\/li>\n<li data-start=\"686\" data-end=\"740\">\n<p data-start=\"688\" data-end=\"740\">\ud83c\udf6f <strong data-start=\"691\" data-end=\"707\">Ein nat\u00fcrlicher S\u00fc\u00dfstoff<\/strong> mit Melasse oder Honig, der einen authentischen Geschmack verleiht.<\/p>\n<\/li>\n<li data-start=\"741\" data-end=\"802\">\n<p data-start=\"743\" data-end=\"802\">\ud83c\udf81 Perfekt zum Verschenken an Feiertagen und Anl\u00e4ssen oder als Luxusgeschenk.<\/p>\n<\/li>\n<li data-start=\"803\" data-end=\"835\">\n<p data-start=\"805\" data-end=\"835\">\u2696\ufe0f Nettogewicht: <b>500g<\/b><\/p>\n<\/li>\n<\/ul>\n<p data-start=\"837\" data-end=\"967\">Jedes St\u00fcck dieses orientalischen Desserts erz\u00e4hlt die Geschichte eines reichen Erbes und bietet Ihnen ein unvergessliches Geschmackserlebnis.<\/p>\n<\/li>\n<\/ul>\n","protected":false},"excerpt":{"rendered":"<p><strong>Raha Pistazie \u2013 Rab \u2013 500g<\/strong><\/p>\n<ul>\n<li>\n<p data-start=\"283\" data-end=\"631\">Genie\u00dfen Sie einen authentischen orientalischen Geschmack mit den <strong data-start=\"320\" data-end=\"345\">feinsten Pistazien-Annehmlichkeiten<\/strong>,<\/p>\n<\/li>\n<\/ul>\n","protected":false},"featured_media":119399,"comment_status":"open","ping_status":"closed","template":"","meta":[],"product_brand":[],"product_cat":[301,297],"product_tag":[],"class_list":{"0":"post-119419","1":"product","2":"type-product","3":"status-publish","4":"has-post-thumbnail","6":"product_cat-arabische-suessigkeiten","7":"product_cat-dessert-chips-2","9":"first","10":"outofstock","11":"taxable","12":"shipping-taxable","13":"purchasable","14":"product-type-simple"},"yoast_head":"<!-- This site is optimized with the Yoast SEO Premium plugin v26.5 (Yoast SEO v27.4) - https:\/\/yoast.com\/product\/yoast-seo-premium-wordpress\/ -->\n<title>Raha Pistazie \u2013 Rab \u2013 500g - Yasmin Food<\/title>\n<meta name=\"description\" content=\"Genie\u00dfen Sie ein bequemes St\u00fcck Pistazie \u2013 WARP \u2013 500 g mit fester Textur und reichhaltigem Geschmack. Probieren Sie jetzt den authentischen orientalischen Geschmack! \ud83c\udf1f Raha Pistazie \u2013 Rab \u2013 500g\" \/>\n<meta name=\"robots\" content=\"index, follow, max-snippet:-1, max-image-preview:large, max-video-preview:-1\" \/>\n<link rel=\"canonical\" href=\"https:\/\/yasminfood.ch\/de\/product\/raha-pistazie-rab-500g\/\" \/>\n<meta property=\"og:locale\" content=\"de_DE\" \/>\n<meta property=\"og:type\" content=\"article\" \/>\n<meta property=\"og:title\" content=\"Raha Pistazie \u2013 Rab \u2013 500g\" \/>\n<meta property=\"og:description\" content=\"Raha Pistazie \u2013 Rab \u2013 500g   Genie\u00dfen Sie einen authentischen orientalischen Geschmack mit den feinsten Pistazien-Annehmlichkeiten,\" \/>\n<meta property=\"og:url\" content=\"https:\/\/yasminfood.ch\/de\/product\/raha-pistazie-rab-500g\/\" \/>\n<meta property=\"og:site_name\" content=\"Yasmin Food\" \/>\n<meta property=\"article:publisher\" content=\"https:\/\/www.facebook.com\/yasminmarkt1\" \/>\n<meta property=\"article:modified_time\" content=\"2025-09-08T10:47:02+00:00\" \/>\n<meta property=\"og:image\" content=\"https:\/\/yasminfood.ch\/wp-content\/uploads\/2025\/09\/\u0631\u0627\u062d\u0629-\u0648\u0631\u0628-\u0627\u064a\u0644\u0643\u0627\u0631-1-\u0643\u064a\u0644\u0648-1024x702.png\" \/>\n\t<meta property=\"og:image:width\" content=\"1024\" \/>\n\t<meta property=\"og:image:height\" content=\"702\" \/>\n\t<meta property=\"og:image:type\" content=\"image\/png\" \/>\n<meta name=\"twitter:card\" content=\"summary_large_image\" \/>\n<meta name=\"twitter:label1\" content=\"Preis\" \/>\n\t<meta name=\"twitter:data1\" content=\"14.95&nbsp;&#067;&#072;&#070;\" \/>\n\t<meta name=\"twitter:label2\" content=\"Verf\u00fcgbarkeit\" \/>\n\t<meta name=\"twitter:data2\" content=\"ausverkauft\" \/>\n<script type=\"application\/ld+json\" class=\"yoast-schema-graph\">{\"@context\":\"https:\\\/\\\/schema.org\",\"@graph\":[{\"@type\":\"WebPage\",\"@id\":\"https:\\\/\\\/yasminfood.ch\\\/de\\\/product\\\/raha-pistazie-rab-500g\\\/\",\"url\":\"https:\\\/\\\/yasminfood.ch\\\/de\\\/product\\\/raha-pistazie-rab-500g\\\/\",\"name\":\"Raha Pistazie \u2013 Rab \u2013 500g - Yasmin Food\",\"isPartOf\":{\"@id\":\"https:\\\/\\\/yasminfood.ch\\\/de\\\/#website\"},\"primaryImageOfPage\":{\"@id\":\"https:\\\/\\\/yasminfood.ch\\\/de\\\/product\\\/raha-pistazie-rab-500g\\\/#primaryimage\"},\"image\":{\"@id\":\"https:\\\/\\\/yasminfood.ch\\\/de\\\/product\\\/raha-pistazie-rab-500g\\\/#primaryimage\"},\"thumbnailUrl\":\"https:\\\/\\\/yasminfood.ch\\\/wp-content\\\/uploads\\\/2025\\\/09\\\/\u0631\u0627\u062d\u0629-\u0648\u0631\u0628-\u0627\u064a\u0644\u0643\u0627\u0631-1-\u0643\u064a\u0644\u0648.png\",\"datePublished\":\"2025-09-08T10:34:55+00:00\",\"dateModified\":\"2025-09-08T10:47:02+00:00\",\"description\":\"Genie\u00dfen Sie ein bequemes St\u00fcck Pistazie \u2013 WARP \u2013 500 g mit fester Textur und reichhaltigem Geschmack. Probieren Sie jetzt den authentischen orientalischen Geschmack! \ud83c\udf1f Raha Pistazie \u2013 Rab \u2013 500g\",\"breadcrumb\":{\"@id\":\"https:\\\/\\\/yasminfood.ch\\\/de\\\/product\\\/raha-pistazie-rab-500g\\\/#breadcrumb\"},\"inLanguage\":\"de\",\"potentialAction\":[{\"@type\":\"ReadAction\",\"target\":[\"https:\\\/\\\/yasminfood.ch\\\/de\\\/product\\\/raha-pistazie-rab-500g\\\/\"]}]},{\"@type\":\"ImageObject\",\"inLanguage\":\"de\",\"@id\":\"https:\\\/\\\/yasminfood.ch\\\/de\\\/product\\\/raha-pistazie-rab-500g\\\/#primaryimage\",\"url\":\"https:\\\/\\\/yasminfood.ch\\\/wp-content\\\/uploads\\\/2025\\\/09\\\/\u0631\u0627\u062d\u0629-\u0648\u0631\u0628-\u0627\u064a\u0644\u0643\u0627\u0631-1-\u0643\u064a\u0644\u0648.png\",\"contentUrl\":\"https:\\\/\\\/yasminfood.ch\\\/wp-content\\\/uploads\\\/2025\\\/09\\\/\u0631\u0627\u062d\u0629-\u0648\u0631\u0628-\u0627\u064a\u0644\u0643\u0627\u0631-1-\u0643\u064a\u0644\u0648.png\",\"width\":2000,\"height\":1372,\"caption\":\"Raha Pistazie \u2013 Rab \u2013 500g\"},{\"@type\":\"BreadcrumbList\",\"@id\":\"https:\\\/\\\/yasminfood.ch\\\/de\\\/product\\\/raha-pistazie-rab-500g\\\/#breadcrumb\",\"itemListElement\":[{\"@type\":\"ListItem\",\"position\":1,\"name\":\"\u0627\u0644\u0631\u0626\u064a\u0633\u064a\u0629\",\"item\":\"https:\\\/\\\/yasminfood.ch\\\/de\\\/zuhause\\\/\"},{\"@type\":\"ListItem\",\"position\":2,\"name\":\"Shop\",\"item\":\"https:\\\/\\\/yasminfood.ch\\\/de\\\/shop\\\/\"},{\"@type\":\"ListItem\",\"position\":3,\"name\":\"Dessert &amp; Chips\",\"item\":\"https:\\\/\\\/yasminfood.ch\\\/de\\\/produkt-kategorie\\\/dessert-chips-2\\\/\"},{\"@type\":\"ListItem\",\"position\":4,\"name\":\"Arabische s\u00fc\u00dfigkeiten\",\"item\":\"https:\\\/\\\/yasminfood.ch\\\/de\\\/produkt-kategorie\\\/dessert-chips-2\\\/arabische-suessigkeiten\\\/\"},{\"@type\":\"ListItem\",\"position\":5,\"name\":\"Raha Pistazie \u2013 Rab \u2013 500g\"}]},{\"@type\":\"WebSite\",\"@id\":\"https:\\\/\\\/yasminfood.ch\\\/de\\\/#website\",\"url\":\"https:\\\/\\\/yasminfood.ch\\\/de\\\/\",\"name\":\"\u064a\u0627\u0633\u0645\u064a\u0646 \u0645\u0627\u0631\u0643\u062a\",\"description\":\"Alles, was Sie brauchen, an einem Ort\",\"publisher\":{\"@id\":\"https:\\\/\\\/yasminfood.ch\\\/de\\\/#organization\"},\"alternateName\":\"Yasmin Food\",\"potentialAction\":[{\"@type\":\"SearchAction\",\"target\":{\"@type\":\"EntryPoint\",\"urlTemplate\":\"https:\\\/\\\/yasminfood.ch\\\/de\\\/?s={search_term_string}\"},\"query-input\":{\"@type\":\"PropertyValueSpecification\",\"valueRequired\":true,\"valueName\":\"search_term_string\"}}],\"inLanguage\":\"de\"},{\"@type\":\"Organization\",\"@id\":\"https:\\\/\\\/yasminfood.ch\\\/de\\\/#organization\",\"name\":\"\u064a\u0627\u0633\u0645\u064a\u0646 \u0645\u0627\u0631\u0643\u062a\",\"alternateName\":\"Yasmin Food\",\"url\":\"https:\\\/\\\/yasminfood.ch\\\/de\\\/\",\"logo\":{\"@type\":\"ImageObject\",\"inLanguage\":\"de\",\"@id\":\"https:\\\/\\\/yasminfood.ch\\\/de\\\/#\\\/schema\\\/logo\\\/image\\\/\",\"url\":\"https:\\\/\\\/yasminfood.ch\\\/wp-content\\\/uploads\\\/2025\\\/05\\\/yasmin-food-header-logo.png\",\"contentUrl\":\"https:\\\/\\\/yasminfood.ch\\\/wp-content\\\/uploads\\\/2025\\\/05\\\/yasmin-food-header-logo.png\",\"width\":330,\"height\":120,\"caption\":\"\u064a\u0627\u0633\u0645\u064a\u0646 \u0645\u0627\u0631\u0643\u062a\"},\"image\":{\"@id\":\"https:\\\/\\\/yasminfood.ch\\\/de\\\/#\\\/schema\\\/logo\\\/image\\\/\"},\"sameAs\":[\"https:\\\/\\\/www.facebook.com\\\/yasminmarkt1\",\"https:\\\/\\\/www.tiktok.com\\\/@yasminmarkt\",\"https:\\\/\\\/www.instagram.com\\\/yasmin.markt1\\\/\",\"https:\\\/\\\/api.whatsapp.com\\\/send\\\/?phone=41799000104\"],\"publishingPrinciples\":\"https:\\\/\\\/yasminfood.ch\\\/de\\\/shop\\\/\",\"ownershipFundingInfo\":\"https:\\\/\\\/yasminfood.ch\\\/de\\\/shop\\\/\"}]}<\/script>\n<meta property=\"product:price:amount\" content=\"14.95\" \/>\n<meta property=\"product:price:currency\" content=\"CHF\" \/>\n<meta property=\"og:availability\" content=\"out of stock\" \/>\n<meta property=\"product:availability\" content=\"out of stock\" \/>\n<meta property=\"product:condition\" content=\"new\" \/>\n<!-- \/ Yoast SEO Premium plugin. -->","yoast_head_json":{"title":"Raha Pistazie \u2013 Rab \u2013 500g - Yasmin Food","description":"Genie\u00dfen Sie ein bequemes St\u00fcck Pistazie \u2013 WARP \u2013 500 g mit fester Textur und reichhaltigem Geschmack. Probieren Sie jetzt den authentischen orientalischen Geschmack! \ud83c\udf1f Raha Pistazie \u2013 Rab \u2013 500g","robots":{"index":"index","follow":"follow","max-snippet":"max-snippet:-1","max-image-preview":"max-image-preview:large","max-video-preview":"max-video-preview:-1"},"canonical":"https:\/\/yasminfood.ch\/de\/product\/raha-pistazie-rab-500g\/","og_locale":"de_DE","og_type":"article","og_title":"Raha Pistazie \u2013 Rab \u2013 500g","og_description":"Raha Pistazie \u2013 Rab \u2013 500g   Genie\u00dfen Sie einen authentischen orientalischen Geschmack mit den feinsten Pistazien-Annehmlichkeiten,","og_url":"https:\/\/yasminfood.ch\/de\/product\/raha-pistazie-rab-500g\/","og_site_name":"Yasmin Food","article_publisher":"https:\/\/www.facebook.com\/yasminmarkt1","article_modified_time":"2025-09-08T10:47:02+00:00","og_image":[{"width":1024,"height":702,"url":"https:\/\/yasminfood.ch\/wp-content\/uploads\/2025\/09\/\u0631\u0627\u062d\u0629-\u0648\u0631\u0628-\u0627\u064a\u0644\u0643\u0627\u0631-1-\u0643\u064a\u0644\u0648-1024x702.png","type":"image\/png"}],"twitter_card":"summary_large_image","twitter_misc":{"Preis":"14.95&nbsp;&#67;&#72;&#70;","Verf\u00fcgbarkeit":"ausverkauft"},"schema":{"@context":"https:\/\/schema.org","@graph":[{"@type":"WebPage","@id":"https:\/\/yasminfood.ch\/de\/product\/raha-pistazie-rab-500g\/","url":"https:\/\/yasminfood.ch\/de\/product\/raha-pistazie-rab-500g\/","name":"Raha Pistazie \u2013 Rab \u2013 500g - Yasmin Food","isPartOf":{"@id":"https:\/\/yasminfood.ch\/de\/#website"},"primaryImageOfPage":{"@id":"https:\/\/yasminfood.ch\/de\/product\/raha-pistazie-rab-500g\/#primaryimage"},"image":{"@id":"https:\/\/yasminfood.ch\/de\/product\/raha-pistazie-rab-500g\/#primaryimage"},"thumbnailUrl":"https:\/\/yasminfood.ch\/wp-content\/uploads\/2025\/09\/\u0631\u0627\u062d\u0629-\u0648\u0631\u0628-\u0627\u064a\u0644\u0643\u0627\u0631-1-\u0643\u064a\u0644\u0648.png","datePublished":"2025-09-08T10:34:55+00:00","dateModified":"2025-09-08T10:47:02+00:00","description":"Genie\u00dfen Sie ein bequemes St\u00fcck Pistazie \u2013 WARP \u2013 500 g mit fester Textur und reichhaltigem Geschmack. Probieren Sie jetzt den authentischen orientalischen Geschmack! \ud83c\udf1f Raha Pistazie \u2013 Rab \u2013 500g","breadcrumb":{"@id":"https:\/\/yasminfood.ch\/de\/product\/raha-pistazie-rab-500g\/#breadcrumb"},"inLanguage":"de","potentialAction":[{"@type":"ReadAction","target":["https:\/\/yasminfood.ch\/de\/product\/raha-pistazie-rab-500g\/"]}]},{"@type":"ImageObject","inLanguage":"de","@id":"https:\/\/yasminfood.ch\/de\/product\/raha-pistazie-rab-500g\/#primaryimage","url":"https:\/\/yasminfood.ch\/wp-content\/uploads\/2025\/09\/\u0631\u0627\u062d\u0629-\u0648\u0631\u0628-\u0627\u064a\u0644\u0643\u0627\u0631-1-\u0643\u064a\u0644\u0648.png","contentUrl":"https:\/\/yasminfood.ch\/wp-content\/uploads\/2025\/09\/\u0631\u0627\u062d\u0629-\u0648\u0631\u0628-\u0627\u064a\u0644\u0643\u0627\u0631-1-\u0643\u064a\u0644\u0648.png","width":2000,"height":1372,"caption":"Raha Pistazie \u2013 Rab \u2013 500g"},{"@type":"BreadcrumbList","@id":"https:\/\/yasminfood.ch\/de\/product\/raha-pistazie-rab-500g\/#breadcrumb","itemListElement":[{"@type":"ListItem","position":1,"name":"\u0627\u0644\u0631\u0626\u064a\u0633\u064a\u0629","item":"https:\/\/yasminfood.ch\/de\/zuhause\/"},{"@type":"ListItem","position":2,"name":"Shop","item":"https:\/\/yasminfood.ch\/de\/shop\/"},{"@type":"ListItem","position":3,"name":"Dessert &amp; Chips","item":"https:\/\/yasminfood.ch\/de\/produkt-kategorie\/dessert-chips-2\/"},{"@type":"ListItem","position":4,"name":"Arabische s\u00fc\u00dfigkeiten","item":"https:\/\/yasminfood.ch\/de\/produkt-kategorie\/dessert-chips-2\/arabische-suessigkeiten\/"},{"@type":"ListItem","position":5,"name":"Raha Pistazie \u2013 Rab \u2013 500g"}]},{"@type":"WebSite","@id":"https:\/\/yasminfood.ch\/de\/#website","url":"https:\/\/yasminfood.ch\/de\/","name":"\u064a\u0627\u0633\u0645\u064a\u0646 \u0645\u0627\u0631\u0643\u062a","description":"Alles, was Sie brauchen, an einem Ort","publisher":{"@id":"https:\/\/yasminfood.ch\/de\/#organization"},"alternateName":"Yasmin Food","potentialAction":[{"@type":"SearchAction","target":{"@type":"EntryPoint","urlTemplate":"https:\/\/yasminfood.ch\/de\/?s={search_term_string}"},"query-input":{"@type":"PropertyValueSpecification","valueRequired":true,"valueName":"search_term_string"}}],"inLanguage":"de"},{"@type":"Organization","@id":"https:\/\/yasminfood.ch\/de\/#organization","name":"\u064a\u0627\u0633\u0645\u064a\u0646 \u0645\u0627\u0631\u0643\u062a","alternateName":"Yasmin Food","url":"https:\/\/yasminfood.ch\/de\/","logo":{"@type":"ImageObject","inLanguage":"de","@id":"https:\/\/yasminfood.ch\/de\/#\/schema\/logo\/image\/","url":"https:\/\/yasminfood.ch\/wp-content\/uploads\/2025\/05\/yasmin-food-header-logo.png","contentUrl":"https:\/\/yasminfood.ch\/wp-content\/uploads\/2025\/05\/yasmin-food-header-logo.png","width":330,"height":120,"caption":"\u064a\u0627\u0633\u0645\u064a\u0646 \u0645\u0627\u0631\u0643\u062a"},"image":{"@id":"https:\/\/yasminfood.ch\/de\/#\/schema\/logo\/image\/"},"sameAs":["https:\/\/www.facebook.com\/yasminmarkt1","https:\/\/www.tiktok.com\/@yasminmarkt","https:\/\/www.instagram.com\/yasmin.markt1\/","https:\/\/api.whatsapp.com\/send\/?phone=41799000104"],"publishingPrinciples":"https:\/\/yasminfood.ch\/de\/shop\/","ownershipFundingInfo":"https:\/\/yasminfood.ch\/de\/shop\/"}]},"product_price_amount":"14.95","product_price_currency":"CHF","og_availability":"out of stock","product_availability":"out of stock","product_condition":"new"},"jetpack_sharing_enabled":true,"_links":{"self":[{"href":"https:\/\/yasminfood.ch\/de\/wp-json\/wp\/v2\/product\/119419","targetHints":{"allow":["GET"]}}],"collection":[{"href":"https:\/\/yasminfood.ch\/de\/wp-json\/wp\/v2\/product"}],"about":[{"href":"https:\/\/yasminfood.ch\/de\/wp-json\/wp\/v2\/types\/product"}],"replies":[{"embeddable":true,"href":"https:\/\/yasminfood.ch\/de\/wp-json\/wp\/v2\/comments?post=119419"}],"version-history":[{"count":0,"href":"https:\/\/yasminfood.ch\/de\/wp-json\/wp\/v2\/product\/119419\/revisions"}],"wp:featuredmedia":[{"embeddable":true,"href":"https:\/\/yasminfood.ch\/de\/wp-json\/wp\/v2\/media\/119399"}],"wp:attachment":[{"href":"https:\/\/yasminfood.ch\/de\/wp-json\/wp\/v2\/media?parent=119419"}],"wp:term":[{"taxonomy":"product_brand","embeddable":true,"href":"https:\/\/yasminfood.ch\/de\/wp-json\/wp\/v2\/product_brand?post=119419"},{"taxonomy":"product_cat","embeddable":true,"href":"https:\/\/yasminfood.ch\/de\/wp-json\/wp\/v2\/product_cat?post=119419"},{"taxonomy":"product_tag","embeddable":true,"href":"https:\/\/yasminfood.ch\/de\/wp-json\/wp\/v2\/product_tag?post=119419"}],"curies":[{"name":"wp","href":"https:\/\/api.w.org\/{rel}","templated":true}]}}