{"id":119424,"date":"2025-09-08T12:45:50","date_gmt":"2025-09-08T10:45:50","guid":{"rendered":"https:\/\/yasminfood.ch\/product\/runder-komfort-mit-pistazien-500g\/"},"modified":"2025-09-08T12:47:09","modified_gmt":"2025-09-08T10:47:09","slug":"runder-komfort-mit-pistazien-500g","status":"publish","type":"product","link":"https:\/\/yasminfood.ch\/de\/product\/runder-komfort-mit-pistazien-500g\/","title":{"rendered":"Runder Komfort mit Pistazien \u2013 500g"},"content":{"rendered":"<p><strong>Runder Komfort mit Pistazien \u2013 500g<\/strong><\/p>\n<ul>\n<li>\n<p data-start=\"316\" data-end=\"559\">Ein luxuri\u00f6ses Erlebnis von authentischem orientalischem Geschmack mit dem <strong data-start=\"354\" data-end=\"388\">kreisf\u00f6rmigen Komfort von Pistazien<\/strong>.<\/p>\n<\/li>\n<li>\n<p data-start=\"316\" data-end=\"559\">Jedes St\u00fcck ist sorgf\u00e4ltig gefertigt, um eine elegante Form, eine zusammenh\u00e4ngende Textur, <\/p>\n<\/li>\n<li>\n<p data-start=\"316\" data-end=\"559\">Und ein reichhaltiger Geschmack, gef\u00fcllt mit ganzen Pistazienkernen. Einzeln verpackt, um es frisch zu halten und praktisch und einfach zu jedem Anlass zu servieren. <\/p>\n<h3 data-start=\"561\" data-end=\"576\">Funktionen:<\/h3>\n<ul data-start=\"577\" data-end=\"761\">\n<li data-start=\"577\" data-end=\"619\">\n<p data-start=\"579\" data-end=\"619\">\ud83c\udf30 Hergestellt aus feinsten Pistazien.<\/p>\n<\/li>\n<li data-start=\"620\" data-end=\"677\">\n<p data-start=\"622\" data-end=\"677\">\ud83c\udf6c Individuell laminiert, um es sauber und einfach zu servieren zu halten.<\/p>\n<\/li>\n<li data-start=\"678\" data-end=\"728\">\n<p data-start=\"680\" data-end=\"728\">\ud83c\udf81 Ideal f\u00fcr Veranstaltungen, Urlaub und gehobene Gastfreundschaft. <\/p>\n<\/li>\n<li data-start=\"729\" data-end=\"761\">\n<p data-start=\"731\" data-end=\"761\">\u2696\ufe0f Nettogewicht: 500 g. <\/p>\n<\/li>\n<\/ul>\n<p data-start=\"763\" data-end=\"844\">Mit <strong data-start=\"766\" data-end=\"804\">dem zirkul\u00e4ren Komfort der Pistazie von Jasmine Food<\/strong> ist jeder Bissen eine Kombination aus Authentizit\u00e4t und Luxus.<\/p>\n<\/li>\n<\/ul>\n","protected":false},"excerpt":{"rendered":"<p><strong>Runder Komfort mit Pistazien \u2013 500g<\/strong><\/p>\n<ul>\n<li>\n<p data-start=\"316\" data-end=\"559\">Ein luxuri\u00f6ses Erlebnis von authentischem orientalischem Geschmack mit dem <strong data-start=\"354\" data-end=\"388\">kreisf\u00f6rmigen Komfort von Pistazien<\/strong>.<\/p>\n<\/li>\n<\/ul>\n","protected":false},"featured_media":119415,"comment_status":"open","ping_status":"closed","template":"","meta":[],"product_brand":[],"product_cat":[301,297],"product_tag":[],"class_list":{"0":"post-119424","1":"product","2":"type-product","3":"status-publish","4":"has-post-thumbnail","6":"product_cat-arabische-suessigkeiten","7":"product_cat-dessert-chips-2","9":"first","10":"outofstock","11":"taxable","12":"shipping-taxable","13":"purchasable","14":"product-type-simple"},"yoast_head":"<!-- This site is optimized with the Yoast SEO Premium plugin v26.5 (Yoast SEO v27.5) - https:\/\/yoast.com\/product\/yoast-seo-premium-wordpress\/ -->\n<title>Runder Komfort mit Pistazien \u2013 500g - Yasmin Food %<\/title>\n<meta name=\"description\" content=\"Genie\u00dfen Sie ein luxuri\u00f6ses Erlebnis mit dem Komfort einer Runde Pistazien \u2013 500 g. Authentischer orientalischer Geschmack in jedem St\u00fcck, beschichtet, um die Frische zu bewahren. \ud83c\udf30 Runder Komfort mit Pistazien \u2013 500g\" \/>\n<meta name=\"robots\" content=\"index, follow, max-snippet:-1, max-image-preview:large, max-video-preview:-1\" \/>\n<link rel=\"canonical\" href=\"https:\/\/yasminfood.ch\/de\/product\/runder-komfort-mit-pistazien-500g\/\" \/>\n<meta property=\"og:locale\" content=\"de_DE\" \/>\n<meta property=\"og:type\" content=\"article\" \/>\n<meta property=\"og:title\" content=\"Runder Komfort mit Pistazien \u2013 500g\" \/>\n<meta property=\"og:description\" content=\"Runder Komfort mit Pistazien \u2013 500g   Ein luxuri\u00f6ses Erlebnis von authentischem orientalischem Geschmack mit dem kreisf\u00f6rmigen Komfort von Pistazien.\" \/>\n<meta property=\"og:url\" content=\"https:\/\/yasminfood.ch\/de\/product\/runder-komfort-mit-pistazien-500g\/\" \/>\n<meta property=\"og:site_name\" content=\"Yasmin Food\" \/>\n<meta property=\"article:publisher\" content=\"https:\/\/www.facebook.com\/yasminmarkt1\" \/>\n<meta property=\"article:modified_time\" content=\"2025-09-08T10:47:09+00:00\" \/>\n<meta property=\"og:image\" content=\"https:\/\/yasminfood.ch\/wp-content\/uploads\/2025\/09\/\u0631\u0627\u062d\u0629-\u062f\u0627\u0626\u0631\u064a\u0629-\u0627\u064a\u0644\u0643\u0627\u0631-1-\u0643-1024x699.png\" \/>\n\t<meta property=\"og:image:width\" content=\"1024\" \/>\n\t<meta property=\"og:image:height\" content=\"699\" \/>\n\t<meta property=\"og:image:type\" content=\"image\/png\" \/>\n<meta name=\"twitter:card\" content=\"summary_large_image\" \/>\n<meta name=\"twitter:label1\" content=\"Preis\" \/>\n\t<meta name=\"twitter:data1\" content=\"14.95&nbsp;&#067;&#072;&#070;\" \/>\n\t<meta name=\"twitter:label2\" content=\"Verf\u00fcgbarkeit\" \/>\n\t<meta name=\"twitter:data2\" content=\"ausverkauft\" \/>\n<script type=\"application\/ld+json\" class=\"yoast-schema-graph\">{\"@context\":\"https:\\\/\\\/schema.org\",\"@graph\":[{\"@type\":\"WebPage\",\"@id\":\"https:\\\/\\\/yasminfood.ch\\\/de\\\/product\\\/runder-komfort-mit-pistazien-500g\\\/\",\"url\":\"https:\\\/\\\/yasminfood.ch\\\/de\\\/product\\\/runder-komfort-mit-pistazien-500g\\\/\",\"name\":\"Runder Komfort mit Pistazien \u2013 500g - Yasmin Food %\",\"isPartOf\":{\"@id\":\"https:\\\/\\\/yasminfood.ch\\\/de\\\/#website\"},\"primaryImageOfPage\":{\"@id\":\"https:\\\/\\\/yasminfood.ch\\\/de\\\/product\\\/runder-komfort-mit-pistazien-500g\\\/#primaryimage\"},\"image\":{\"@id\":\"https:\\\/\\\/yasminfood.ch\\\/de\\\/product\\\/runder-komfort-mit-pistazien-500g\\\/#primaryimage\"},\"thumbnailUrl\":\"https:\\\/\\\/yasminfood.ch\\\/wp-content\\\/uploads\\\/2025\\\/09\\\/\u0631\u0627\u062d\u0629-\u062f\u0627\u0626\u0631\u064a\u0629-\u0627\u064a\u0644\u0643\u0627\u0631-1-\u0643.png\",\"datePublished\":\"2025-09-08T10:45:50+00:00\",\"dateModified\":\"2025-09-08T10:47:09+00:00\",\"description\":\"Genie\u00dfen Sie ein luxuri\u00f6ses Erlebnis mit dem Komfort einer Runde Pistazien \u2013 500 g. Authentischer orientalischer Geschmack in jedem St\u00fcck, beschichtet, um die Frische zu bewahren. \ud83c\udf30 Runder Komfort mit Pistazien \u2013 500g\",\"breadcrumb\":{\"@id\":\"https:\\\/\\\/yasminfood.ch\\\/de\\\/product\\\/runder-komfort-mit-pistazien-500g\\\/#breadcrumb\"},\"inLanguage\":\"de\",\"potentialAction\":[{\"@type\":\"ReadAction\",\"target\":[\"https:\\\/\\\/yasminfood.ch\\\/de\\\/product\\\/runder-komfort-mit-pistazien-500g\\\/\"]}]},{\"@type\":\"ImageObject\",\"inLanguage\":\"de\",\"@id\":\"https:\\\/\\\/yasminfood.ch\\\/de\\\/product\\\/runder-komfort-mit-pistazien-500g\\\/#primaryimage\",\"url\":\"https:\\\/\\\/yasminfood.ch\\\/wp-content\\\/uploads\\\/2025\\\/09\\\/\u0631\u0627\u062d\u0629-\u062f\u0627\u0626\u0631\u064a\u0629-\u0627\u064a\u0644\u0643\u0627\u0631-1-\u0643.png\",\"contentUrl\":\"https:\\\/\\\/yasminfood.ch\\\/wp-content\\\/uploads\\\/2025\\\/09\\\/\u0631\u0627\u062d\u0629-\u062f\u0627\u0626\u0631\u064a\u0629-\u0627\u064a\u0644\u0643\u0627\u0631-1-\u0643.png\",\"width\":2000,\"height\":1365,\"caption\":\"Runder Komfort mit Pistazien \u2013 500g\"},{\"@type\":\"BreadcrumbList\",\"@id\":\"https:\\\/\\\/yasminfood.ch\\\/de\\\/product\\\/runder-komfort-mit-pistazien-500g\\\/#breadcrumb\",\"itemListElement\":[{\"@type\":\"ListItem\",\"position\":1,\"name\":\"\u0627\u0644\u0631\u0626\u064a\u0633\u064a\u0629\",\"item\":\"https:\\\/\\\/yasminfood.ch\\\/de\\\/zuhause\\\/\"},{\"@type\":\"ListItem\",\"position\":2,\"name\":\"Shop\",\"item\":\"https:\\\/\\\/yasminfood.ch\\\/de\\\/shop\\\/\"},{\"@type\":\"ListItem\",\"position\":3,\"name\":\"Dessert &amp; Chips\",\"item\":\"https:\\\/\\\/yasminfood.ch\\\/de\\\/produkt-kategorie\\\/dessert-chips-2\\\/\"},{\"@type\":\"ListItem\",\"position\":4,\"name\":\"Arabische s\u00fc\u00dfigkeiten\",\"item\":\"https:\\\/\\\/yasminfood.ch\\\/de\\\/produkt-kategorie\\\/dessert-chips-2\\\/arabische-suessigkeiten\\\/\"},{\"@type\":\"ListItem\",\"position\":5,\"name\":\"Runder Komfort mit Pistazien \u2013 500g\"}]},{\"@type\":\"WebSite\",\"@id\":\"https:\\\/\\\/yasminfood.ch\\\/de\\\/#website\",\"url\":\"https:\\\/\\\/yasminfood.ch\\\/de\\\/\",\"name\":\"\u064a\u0627\u0633\u0645\u064a\u0646 \u0645\u0627\u0631\u0643\u062a\",\"description\":\"Alles, was Sie brauchen, an einem Ort\",\"publisher\":{\"@id\":\"https:\\\/\\\/yasminfood.ch\\\/de\\\/#organization\"},\"alternateName\":\"Yasmin Food\",\"potentialAction\":[{\"@type\":\"SearchAction\",\"target\":{\"@type\":\"EntryPoint\",\"urlTemplate\":\"https:\\\/\\\/yasminfood.ch\\\/de\\\/?s={search_term_string}\"},\"query-input\":{\"@type\":\"PropertyValueSpecification\",\"valueRequired\":true,\"valueName\":\"search_term_string\"}}],\"inLanguage\":\"de\"},{\"@type\":\"Organization\",\"@id\":\"https:\\\/\\\/yasminfood.ch\\\/de\\\/#organization\",\"name\":\"\u064a\u0627\u0633\u0645\u064a\u0646 \u0645\u0627\u0631\u0643\u062a\",\"alternateName\":\"Yasmin Food\",\"url\":\"https:\\\/\\\/yasminfood.ch\\\/de\\\/\",\"logo\":{\"@type\":\"ImageObject\",\"inLanguage\":\"de\",\"@id\":\"https:\\\/\\\/yasminfood.ch\\\/de\\\/#\\\/schema\\\/logo\\\/image\\\/\",\"url\":\"https:\\\/\\\/yasminfood.ch\\\/wp-content\\\/uploads\\\/2025\\\/05\\\/yasmin-food-header-logo.png\",\"contentUrl\":\"https:\\\/\\\/yasminfood.ch\\\/wp-content\\\/uploads\\\/2025\\\/05\\\/yasmin-food-header-logo.png\",\"width\":330,\"height\":120,\"caption\":\"\u064a\u0627\u0633\u0645\u064a\u0646 \u0645\u0627\u0631\u0643\u062a\"},\"image\":{\"@id\":\"https:\\\/\\\/yasminfood.ch\\\/de\\\/#\\\/schema\\\/logo\\\/image\\\/\"},\"sameAs\":[\"https:\\\/\\\/www.facebook.com\\\/yasminmarkt1\",\"https:\\\/\\\/www.tiktok.com\\\/@yasminmarkt\",\"https:\\\/\\\/www.instagram.com\\\/yasmin.markt1\\\/\",\"https:\\\/\\\/api.whatsapp.com\\\/send\\\/?phone=41799000104\"],\"publishingPrinciples\":\"https:\\\/\\\/yasminfood.ch\\\/de\\\/shop\\\/\",\"ownershipFundingInfo\":\"https:\\\/\\\/yasminfood.ch\\\/de\\\/shop\\\/\"}]}<\/script>\n<meta property=\"product:price:amount\" content=\"14.95\" \/>\n<meta property=\"product:price:currency\" content=\"CHF\" \/>\n<meta property=\"og:availability\" content=\"out of stock\" \/>\n<meta property=\"product:availability\" content=\"out of stock\" \/>\n<meta property=\"product:condition\" content=\"new\" \/>\n<!-- \/ Yoast SEO Premium plugin. -->","yoast_head_json":{"title":"Runder Komfort mit Pistazien \u2013 500g - Yasmin Food %","description":"Genie\u00dfen Sie ein luxuri\u00f6ses Erlebnis mit dem Komfort einer Runde Pistazien \u2013 500 g. Authentischer orientalischer Geschmack in jedem St\u00fcck, beschichtet, um die Frische zu bewahren. \ud83c\udf30 Runder Komfort mit Pistazien \u2013 500g","robots":{"index":"index","follow":"follow","max-snippet":"max-snippet:-1","max-image-preview":"max-image-preview:large","max-video-preview":"max-video-preview:-1"},"canonical":"https:\/\/yasminfood.ch\/de\/product\/runder-komfort-mit-pistazien-500g\/","og_locale":"de_DE","og_type":"article","og_title":"Runder Komfort mit Pistazien \u2013 500g","og_description":"Runder Komfort mit Pistazien \u2013 500g   Ein luxuri\u00f6ses Erlebnis von authentischem orientalischem Geschmack mit dem kreisf\u00f6rmigen Komfort von Pistazien.","og_url":"https:\/\/yasminfood.ch\/de\/product\/runder-komfort-mit-pistazien-500g\/","og_site_name":"Yasmin Food","article_publisher":"https:\/\/www.facebook.com\/yasminmarkt1","article_modified_time":"2025-09-08T10:47:09+00:00","og_image":[{"width":1024,"height":699,"url":"https:\/\/yasminfood.ch\/wp-content\/uploads\/2025\/09\/\u0631\u0627\u062d\u0629-\u062f\u0627\u0626\u0631\u064a\u0629-\u0627\u064a\u0644\u0643\u0627\u0631-1-\u0643-1024x699.png","type":"image\/png"}],"twitter_card":"summary_large_image","twitter_misc":{"Preis":"14.95&nbsp;&#67;&#72;&#70;","Verf\u00fcgbarkeit":"ausverkauft"},"schema":{"@context":"https:\/\/schema.org","@graph":[{"@type":"WebPage","@id":"https:\/\/yasminfood.ch\/de\/product\/runder-komfort-mit-pistazien-500g\/","url":"https:\/\/yasminfood.ch\/de\/product\/runder-komfort-mit-pistazien-500g\/","name":"Runder Komfort mit Pistazien \u2013 500g - Yasmin Food %","isPartOf":{"@id":"https:\/\/yasminfood.ch\/de\/#website"},"primaryImageOfPage":{"@id":"https:\/\/yasminfood.ch\/de\/product\/runder-komfort-mit-pistazien-500g\/#primaryimage"},"image":{"@id":"https:\/\/yasminfood.ch\/de\/product\/runder-komfort-mit-pistazien-500g\/#primaryimage"},"thumbnailUrl":"https:\/\/yasminfood.ch\/wp-content\/uploads\/2025\/09\/\u0631\u0627\u062d\u0629-\u062f\u0627\u0626\u0631\u064a\u0629-\u0627\u064a\u0644\u0643\u0627\u0631-1-\u0643.png","datePublished":"2025-09-08T10:45:50+00:00","dateModified":"2025-09-08T10:47:09+00:00","description":"Genie\u00dfen Sie ein luxuri\u00f6ses Erlebnis mit dem Komfort einer Runde Pistazien \u2013 500 g. Authentischer orientalischer Geschmack in jedem St\u00fcck, beschichtet, um die Frische zu bewahren. \ud83c\udf30 Runder Komfort mit Pistazien \u2013 500g","breadcrumb":{"@id":"https:\/\/yasminfood.ch\/de\/product\/runder-komfort-mit-pistazien-500g\/#breadcrumb"},"inLanguage":"de","potentialAction":[{"@type":"ReadAction","target":["https:\/\/yasminfood.ch\/de\/product\/runder-komfort-mit-pistazien-500g\/"]}]},{"@type":"ImageObject","inLanguage":"de","@id":"https:\/\/yasminfood.ch\/de\/product\/runder-komfort-mit-pistazien-500g\/#primaryimage","url":"https:\/\/yasminfood.ch\/wp-content\/uploads\/2025\/09\/\u0631\u0627\u062d\u0629-\u062f\u0627\u0626\u0631\u064a\u0629-\u0627\u064a\u0644\u0643\u0627\u0631-1-\u0643.png","contentUrl":"https:\/\/yasminfood.ch\/wp-content\/uploads\/2025\/09\/\u0631\u0627\u062d\u0629-\u062f\u0627\u0626\u0631\u064a\u0629-\u0627\u064a\u0644\u0643\u0627\u0631-1-\u0643.png","width":2000,"height":1365,"caption":"Runder Komfort mit Pistazien \u2013 500g"},{"@type":"BreadcrumbList","@id":"https:\/\/yasminfood.ch\/de\/product\/runder-komfort-mit-pistazien-500g\/#breadcrumb","itemListElement":[{"@type":"ListItem","position":1,"name":"\u0627\u0644\u0631\u0626\u064a\u0633\u064a\u0629","item":"https:\/\/yasminfood.ch\/de\/zuhause\/"},{"@type":"ListItem","position":2,"name":"Shop","item":"https:\/\/yasminfood.ch\/de\/shop\/"},{"@type":"ListItem","position":3,"name":"Dessert &amp; Chips","item":"https:\/\/yasminfood.ch\/de\/produkt-kategorie\/dessert-chips-2\/"},{"@type":"ListItem","position":4,"name":"Arabische s\u00fc\u00dfigkeiten","item":"https:\/\/yasminfood.ch\/de\/produkt-kategorie\/dessert-chips-2\/arabische-suessigkeiten\/"},{"@type":"ListItem","position":5,"name":"Runder Komfort mit Pistazien \u2013 500g"}]},{"@type":"WebSite","@id":"https:\/\/yasminfood.ch\/de\/#website","url":"https:\/\/yasminfood.ch\/de\/","name":"\u064a\u0627\u0633\u0645\u064a\u0646 \u0645\u0627\u0631\u0643\u062a","description":"Alles, was Sie brauchen, an einem Ort","publisher":{"@id":"https:\/\/yasminfood.ch\/de\/#organization"},"alternateName":"Yasmin Food","potentialAction":[{"@type":"SearchAction","target":{"@type":"EntryPoint","urlTemplate":"https:\/\/yasminfood.ch\/de\/?s={search_term_string}"},"query-input":{"@type":"PropertyValueSpecification","valueRequired":true,"valueName":"search_term_string"}}],"inLanguage":"de"},{"@type":"Organization","@id":"https:\/\/yasminfood.ch\/de\/#organization","name":"\u064a\u0627\u0633\u0645\u064a\u0646 \u0645\u0627\u0631\u0643\u062a","alternateName":"Yasmin Food","url":"https:\/\/yasminfood.ch\/de\/","logo":{"@type":"ImageObject","inLanguage":"de","@id":"https:\/\/yasminfood.ch\/de\/#\/schema\/logo\/image\/","url":"https:\/\/yasminfood.ch\/wp-content\/uploads\/2025\/05\/yasmin-food-header-logo.png","contentUrl":"https:\/\/yasminfood.ch\/wp-content\/uploads\/2025\/05\/yasmin-food-header-logo.png","width":330,"height":120,"caption":"\u064a\u0627\u0633\u0645\u064a\u0646 \u0645\u0627\u0631\u0643\u062a"},"image":{"@id":"https:\/\/yasminfood.ch\/de\/#\/schema\/logo\/image\/"},"sameAs":["https:\/\/www.facebook.com\/yasminmarkt1","https:\/\/www.tiktok.com\/@yasminmarkt","https:\/\/www.instagram.com\/yasmin.markt1\/","https:\/\/api.whatsapp.com\/send\/?phone=41799000104"],"publishingPrinciples":"https:\/\/yasminfood.ch\/de\/shop\/","ownershipFundingInfo":"https:\/\/yasminfood.ch\/de\/shop\/"}]},"product_price_amount":"14.95","product_price_currency":"CHF","og_availability":"out of stock","product_availability":"out of stock","product_condition":"new"},"jetpack_sharing_enabled":true,"_links":{"self":[{"href":"https:\/\/yasminfood.ch\/de\/wp-json\/wp\/v2\/product\/119424","targetHints":{"allow":["GET"]}}],"collection":[{"href":"https:\/\/yasminfood.ch\/de\/wp-json\/wp\/v2\/product"}],"about":[{"href":"https:\/\/yasminfood.ch\/de\/wp-json\/wp\/v2\/types\/product"}],"replies":[{"embeddable":true,"href":"https:\/\/yasminfood.ch\/de\/wp-json\/wp\/v2\/comments?post=119424"}],"version-history":[{"count":0,"href":"https:\/\/yasminfood.ch\/de\/wp-json\/wp\/v2\/product\/119424\/revisions"}],"wp:featuredmedia":[{"embeddable":true,"href":"https:\/\/yasminfood.ch\/de\/wp-json\/wp\/v2\/media\/119415"}],"wp:attachment":[{"href":"https:\/\/yasminfood.ch\/de\/wp-json\/wp\/v2\/media?parent=119424"}],"wp:term":[{"taxonomy":"product_brand","embeddable":true,"href":"https:\/\/yasminfood.ch\/de\/wp-json\/wp\/v2\/product_brand?post=119424"},{"taxonomy":"product_cat","embeddable":true,"href":"https:\/\/yasminfood.ch\/de\/wp-json\/wp\/v2\/product_cat?post=119424"},{"taxonomy":"product_tag","embeddable":true,"href":"https:\/\/yasminfood.ch\/de\/wp-json\/wp\/v2\/product_tag?post=119424"}],"curies":[{"name":"wp","href":"https:\/\/api.w.org\/{rel}","templated":true}]}}