{"id":119451,"date":"2025-09-13T10:31:15","date_gmt":"2025-09-13T08:31:15","guid":{"rendered":"https:\/\/yasminfood.ch\/product\/gruene-oliven-gefuellt-mit-paprika-660g-sonnenschein\/"},"modified":"2025-09-13T10:40:44","modified_gmt":"2025-09-13T08:40:44","slug":"gruene-oliven-gefuellt-mit-paprika-660g-sonnenschein","status":"publish","type":"product","link":"https:\/\/yasminfood.ch\/de\/product\/gruene-oliven-gefuellt-mit-paprika-660g-sonnenschein\/","title":{"rendered":"Gr\u00fcne Oliven gef\u00fcllt mit Paprika 660g Sonnenschein"},"content":{"rendered":"<p><strong>Gr\u00fcne Oliven gef\u00fcllt mit Paprika 660g Sonnenschein<\/strong><\/p>\n<ul>\n<li>\n<p data-start=\"140\" data-end=\"347\">Entdecken Sie den authentischen orientalischen Geschmack mit gr\u00fcnen <strong data-start=\"169\" data-end=\"216\">Shamseen-Oliven, die mit roter Paprika gef\u00fcllt sind<\/strong>.<br data-start=\"217\" data-end=\"220\">Frische gr\u00fcne Oliven verbinden sich mit der Paprikaf\u00fcllung, um Ihnen einen ausgewogenen Geschmack zwischen Salzigkeit und Frische zu verleihen, mit einer leicht w\u00fcrzigen Note, die den Geschmack noch k\u00f6stlicher macht. <\/p>\n<h3 data-start=\"349\" data-end=\"364\">Funktionen:<\/h3>\n<ul data-start=\"365\" data-end=\"577\">\n<li data-start=\"365\" data-end=\"398\">\n<p data-start=\"367\" data-end=\"398\">Sorgf\u00e4ltig ausgew\u00e4hlte, luxuri\u00f6se gr\u00fcne Oliven.<\/p>\n<\/li>\n<li data-start=\"399\" data-end=\"439\">\n<p data-start=\"401\" data-end=\"439\">Die nat\u00fcrliche Paprikaf\u00fcllung sorgt f\u00fcr einen ausgepr\u00e4gten Crunch.<\/p>\n<\/li>\n<li data-start=\"440\" data-end=\"520\">\n<p data-start=\"442\" data-end=\"520\">Perfekt als Vorspeise am Tisch oder zu Grillgerichten, Salaten und allt\u00e4glichen Gerichten. <\/p>\n<\/li>\n<li data-start=\"521\" data-end=\"577\">\n<p data-start=\"523\" data-end=\"577\">Verpackt so, dass der nat\u00fcrliche Geschmack und die hohe Qualit\u00e4t erhalten bleiben.<\/p>\n<\/li>\n<\/ul>\n<h3 data-start=\"579\" data-end=\"597\">Benutzungen:<\/h3>\n<ul data-start=\"598\" data-end=\"731\">\n<li data-start=\"598\" data-end=\"641\">\n<p data-start=\"600\" data-end=\"641\">Servieren Sie es als Teil orientalischer Vorspeisengerichte.<\/p>\n<\/li>\n<li data-start=\"642\" data-end=\"686\">\n<p data-start=\"644\" data-end=\"686\">Eine k\u00f6stliche Erg\u00e4nzung zu kalten Salaten und Sandwiches.<\/p>\n<\/li>\n<li data-start=\"687\" data-end=\"731\">\n<p data-start=\"689\" data-end=\"731\">Eine ideale Wahl f\u00fcr die Bewirtung bei Familientischen.<\/p>\n<\/li>\n<\/ul>\n<p data-start=\"733\" data-end=\"777\"><strong data-start=\"733\" data-end=\"748\">Oliven von zwei Sonnen<\/strong>&#8230; Authentischer Geschmack und Qualit\u00e4t, der Sie vertrauen.<\/p>\n<\/li>\n<\/ul>\n","protected":false},"excerpt":{"rendered":"<p><strong>Gr\u00fcne Oliven gef\u00fcllt mit Paprika 660g Sonnenschein<\/strong><\/p>\n<ul>\n<li>\n<p data-start=\"140\" data-end=\"347\">Entdecken Sie den authentischen orientalischen Geschmack mit gr\u00fcnen <strong data-start=\"169\" data-end=\"216\">Shamseen-Oliven, die mit roter Paprika gef\u00fcllt sind<\/strong>.<\/p>\n<\/li>\n<\/ul>\n","protected":false},"featured_media":119446,"comment_status":"open","ping_status":"closed","template":"","meta":[],"product_brand":[2332],"product_cat":[245,253],"product_tag":[],"class_list":{"0":"post-119451","1":"product","2":"type-product","3":"status-publish","4":"has-post-thumbnail","6":"product_brand-chamsine-de","7":"product_cat-konserven-lebensmittel","8":"product_cat-oliven","10":"first","11":"outofstock","12":"taxable","13":"shipping-taxable","14":"purchasable","15":"product-type-simple"},"yoast_head":"<!-- This site is optimized with the Yoast SEO Premium plugin v26.5 (Yoast SEO v27.5) - https:\/\/yoast.com\/product\/yoast-seo-premium-wordpress\/ -->\n<title>Gr\u00fcne Oliven gef\u00fcllt mit Paprika 660g Sonnenschein - Yasmin Food<\/title>\n<meta name=\"description\" content=\"Erleben Sie den authentischen orientalischen Geschmack mit gr\u00fcnen Oliven, gef\u00fcllt mit Paprika 660 g Sonnenschein. Perfekt als Vorspeise oder zu Grillgerichten, bestellen Sie es jetzt! Gr\u00fcne Oliven gef\u00fcllt mit Paprika 660g Sonnenschein\" \/>\n<meta name=\"robots\" content=\"index, follow, max-snippet:-1, max-image-preview:large, max-video-preview:-1\" \/>\n<link rel=\"canonical\" href=\"https:\/\/yasminfood.ch\/de\/product\/gruene-oliven-gefuellt-mit-paprika-660g-sonnenschein\/\" \/>\n<meta property=\"og:locale\" content=\"de_DE\" \/>\n<meta property=\"og:type\" content=\"article\" \/>\n<meta property=\"og:title\" content=\"Gr\u00fcne Oliven gef\u00fcllt mit Paprika 660g Sonnenschein\" \/>\n<meta property=\"og:description\" content=\"Gr\u00fcne Oliven gef\u00fcllt mit Paprika 660g Sonnenschein   Entdecken Sie den authentischen orientalischen Geschmack mit gr\u00fcnen Shamseen-Oliven, die mit roter Paprika gef\u00fcllt sind.\" \/>\n<meta property=\"og:url\" content=\"https:\/\/yasminfood.ch\/de\/product\/gruene-oliven-gefuellt-mit-paprika-660g-sonnenschein\/\" \/>\n<meta property=\"og:site_name\" content=\"Yasmin Food\" \/>\n<meta property=\"article:publisher\" content=\"https:\/\/www.facebook.com\/yasminmarkt1\" \/>\n<meta property=\"article:modified_time\" content=\"2025-09-13T08:40:44+00:00\" \/>\n<meta property=\"og:image\" content=\"https:\/\/yasminfood.ch\/wp-content\/uploads\/2025\/09\/\u0632\u064a\u062a\u0648\u0646-\u0645\u062d\u0634\u064a-\u0641\u0644\u064a\u0641\u0644\u0629-660\u063a-\u0634\u0645\u0633\u064a\u0646.png\" \/>\n\t<meta property=\"og:image:width\" content=\"1080\" \/>\n\t<meta property=\"og:image:height\" content=\"1080\" \/>\n\t<meta property=\"og:image:type\" content=\"image\/png\" \/>\n<meta name=\"twitter:card\" content=\"summary_large_image\" \/>\n<meta name=\"twitter:label1\" content=\"Preis\" \/>\n\t<meta name=\"twitter:data1\" content=\"5.50&nbsp;&#067;&#072;&#070;\" \/>\n\t<meta name=\"twitter:label2\" content=\"Verf\u00fcgbarkeit\" \/>\n\t<meta name=\"twitter:data2\" content=\"ausverkauft\" \/>\n<script type=\"application\/ld+json\" class=\"yoast-schema-graph\">{\"@context\":\"https:\\\/\\\/schema.org\",\"@graph\":[{\"@type\":\"WebPage\",\"@id\":\"https:\\\/\\\/yasminfood.ch\\\/de\\\/product\\\/gruene-oliven-gefuellt-mit-paprika-660g-sonnenschein\\\/\",\"url\":\"https:\\\/\\\/yasminfood.ch\\\/de\\\/product\\\/gruene-oliven-gefuellt-mit-paprika-660g-sonnenschein\\\/\",\"name\":\"Gr\u00fcne Oliven gef\u00fcllt mit Paprika 660g Sonnenschein - Yasmin Food\",\"isPartOf\":{\"@id\":\"https:\\\/\\\/yasminfood.ch\\\/de\\\/#website\"},\"primaryImageOfPage\":{\"@id\":\"https:\\\/\\\/yasminfood.ch\\\/de\\\/product\\\/gruene-oliven-gefuellt-mit-paprika-660g-sonnenschein\\\/#primaryimage\"},\"image\":{\"@id\":\"https:\\\/\\\/yasminfood.ch\\\/de\\\/product\\\/gruene-oliven-gefuellt-mit-paprika-660g-sonnenschein\\\/#primaryimage\"},\"thumbnailUrl\":\"https:\\\/\\\/yasminfood.ch\\\/wp-content\\\/uploads\\\/2025\\\/09\\\/\u0632\u064a\u062a\u0648\u0646-\u0645\u062d\u0634\u064a-\u0641\u0644\u064a\u0641\u0644\u0629-660\u063a-\u0634\u0645\u0633\u064a\u0646.png\",\"datePublished\":\"2025-09-13T08:31:15+00:00\",\"dateModified\":\"2025-09-13T08:40:44+00:00\",\"description\":\"Erleben Sie den authentischen orientalischen Geschmack mit gr\u00fcnen Oliven, gef\u00fcllt mit Paprika 660 g Sonnenschein. Perfekt als Vorspeise oder zu Grillgerichten, bestellen Sie es jetzt! Gr\u00fcne Oliven gef\u00fcllt mit Paprika 660g Sonnenschein\",\"breadcrumb\":{\"@id\":\"https:\\\/\\\/yasminfood.ch\\\/de\\\/product\\\/gruene-oliven-gefuellt-mit-paprika-660g-sonnenschein\\\/#breadcrumb\"},\"inLanguage\":\"de\",\"potentialAction\":[{\"@type\":\"ReadAction\",\"target\":[\"https:\\\/\\\/yasminfood.ch\\\/de\\\/product\\\/gruene-oliven-gefuellt-mit-paprika-660g-sonnenschein\\\/\"]}]},{\"@type\":\"ImageObject\",\"inLanguage\":\"de\",\"@id\":\"https:\\\/\\\/yasminfood.ch\\\/de\\\/product\\\/gruene-oliven-gefuellt-mit-paprika-660g-sonnenschein\\\/#primaryimage\",\"url\":\"https:\\\/\\\/yasminfood.ch\\\/wp-content\\\/uploads\\\/2025\\\/09\\\/\u0632\u064a\u062a\u0648\u0646-\u0645\u062d\u0634\u064a-\u0641\u0644\u064a\u0641\u0644\u0629-660\u063a-\u0634\u0645\u0633\u064a\u0646.png\",\"contentUrl\":\"https:\\\/\\\/yasminfood.ch\\\/wp-content\\\/uploads\\\/2025\\\/09\\\/\u0632\u064a\u062a\u0648\u0646-\u0645\u062d\u0634\u064a-\u0641\u0644\u064a\u0641\u0644\u0629-660\u063a-\u0634\u0645\u0633\u064a\u0646.png\",\"width\":1080,\"height\":1080,\"caption\":\"Gr\u00fcne Oliven gef\u00fcllt mit Paprika 660g Sonnenschein\"},{\"@type\":\"BreadcrumbList\",\"@id\":\"https:\\\/\\\/yasminfood.ch\\\/de\\\/product\\\/gruene-oliven-gefuellt-mit-paprika-660g-sonnenschein\\\/#breadcrumb\",\"itemListElement\":[{\"@type\":\"ListItem\",\"position\":1,\"name\":\"\u0627\u0644\u0631\u0626\u064a\u0633\u064a\u0629\",\"item\":\"https:\\\/\\\/yasminfood.ch\\\/de\\\/zuhause\\\/\"},{\"@type\":\"ListItem\",\"position\":2,\"name\":\"Shop\",\"item\":\"https:\\\/\\\/yasminfood.ch\\\/de\\\/shop\\\/\"},{\"@type\":\"ListItem\",\"position\":3,\"name\":\"Konserven - Lebensmittel\",\"item\":\"https:\\\/\\\/yasminfood.ch\\\/de\\\/produkt-kategorie\\\/konserven-lebensmittel\\\/\"},{\"@type\":\"ListItem\",\"position\":4,\"name\":\"Oliven\",\"item\":\"https:\\\/\\\/yasminfood.ch\\\/de\\\/produkt-kategorie\\\/konserven-lebensmittel\\\/oliven\\\/\"},{\"@type\":\"ListItem\",\"position\":5,\"name\":\"Gr\u00fcne Oliven gef\u00fcllt mit Paprika 660g Sonnenschein\"}]},{\"@type\":\"WebSite\",\"@id\":\"https:\\\/\\\/yasminfood.ch\\\/de\\\/#website\",\"url\":\"https:\\\/\\\/yasminfood.ch\\\/de\\\/\",\"name\":\"\u064a\u0627\u0633\u0645\u064a\u0646 \u0645\u0627\u0631\u0643\u062a\",\"description\":\"Alles, was Sie brauchen, an einem Ort\",\"publisher\":{\"@id\":\"https:\\\/\\\/yasminfood.ch\\\/de\\\/#organization\"},\"alternateName\":\"Yasmin Food\",\"potentialAction\":[{\"@type\":\"SearchAction\",\"target\":{\"@type\":\"EntryPoint\",\"urlTemplate\":\"https:\\\/\\\/yasminfood.ch\\\/de\\\/?s={search_term_string}\"},\"query-input\":{\"@type\":\"PropertyValueSpecification\",\"valueRequired\":true,\"valueName\":\"search_term_string\"}}],\"inLanguage\":\"de\"},{\"@type\":\"Organization\",\"@id\":\"https:\\\/\\\/yasminfood.ch\\\/de\\\/#organization\",\"name\":\"\u064a\u0627\u0633\u0645\u064a\u0646 \u0645\u0627\u0631\u0643\u062a\",\"alternateName\":\"Yasmin Food\",\"url\":\"https:\\\/\\\/yasminfood.ch\\\/de\\\/\",\"logo\":{\"@type\":\"ImageObject\",\"inLanguage\":\"de\",\"@id\":\"https:\\\/\\\/yasminfood.ch\\\/de\\\/#\\\/schema\\\/logo\\\/image\\\/\",\"url\":\"https:\\\/\\\/yasminfood.ch\\\/wp-content\\\/uploads\\\/2025\\\/05\\\/yasmin-food-header-logo.png\",\"contentUrl\":\"https:\\\/\\\/yasminfood.ch\\\/wp-content\\\/uploads\\\/2025\\\/05\\\/yasmin-food-header-logo.png\",\"width\":330,\"height\":120,\"caption\":\"\u064a\u0627\u0633\u0645\u064a\u0646 \u0645\u0627\u0631\u0643\u062a\"},\"image\":{\"@id\":\"https:\\\/\\\/yasminfood.ch\\\/de\\\/#\\\/schema\\\/logo\\\/image\\\/\"},\"sameAs\":[\"https:\\\/\\\/www.facebook.com\\\/yasminmarkt1\",\"https:\\\/\\\/www.tiktok.com\\\/@yasminmarkt\",\"https:\\\/\\\/www.instagram.com\\\/yasmin.markt1\\\/\",\"https:\\\/\\\/api.whatsapp.com\\\/send\\\/?phone=41799000104\"],\"publishingPrinciples\":\"https:\\\/\\\/yasminfood.ch\\\/de\\\/shop\\\/\",\"ownershipFundingInfo\":\"https:\\\/\\\/yasminfood.ch\\\/de\\\/shop\\\/\"}]}<\/script>\n<meta property=\"product:price:amount\" content=\"5.50\" \/>\n<meta property=\"product:price:currency\" content=\"CHF\" \/>\n<meta property=\"og:availability\" content=\"out of stock\" \/>\n<meta property=\"product:availability\" content=\"out of stock\" \/>\n<meta property=\"product:condition\" content=\"new\" \/>\n<!-- \/ Yoast SEO Premium plugin. -->","yoast_head_json":{"title":"Gr\u00fcne Oliven gef\u00fcllt mit Paprika 660g Sonnenschein - Yasmin Food","description":"Erleben Sie den authentischen orientalischen Geschmack mit gr\u00fcnen Oliven, gef\u00fcllt mit Paprika 660 g Sonnenschein. Perfekt als Vorspeise oder zu Grillgerichten, bestellen Sie es jetzt! Gr\u00fcne Oliven gef\u00fcllt mit Paprika 660g Sonnenschein","robots":{"index":"index","follow":"follow","max-snippet":"max-snippet:-1","max-image-preview":"max-image-preview:large","max-video-preview":"max-video-preview:-1"},"canonical":"https:\/\/yasminfood.ch\/de\/product\/gruene-oliven-gefuellt-mit-paprika-660g-sonnenschein\/","og_locale":"de_DE","og_type":"article","og_title":"Gr\u00fcne Oliven gef\u00fcllt mit Paprika 660g Sonnenschein","og_description":"Gr\u00fcne Oliven gef\u00fcllt mit Paprika 660g Sonnenschein   Entdecken Sie den authentischen orientalischen Geschmack mit gr\u00fcnen Shamseen-Oliven, die mit roter Paprika gef\u00fcllt sind.","og_url":"https:\/\/yasminfood.ch\/de\/product\/gruene-oliven-gefuellt-mit-paprika-660g-sonnenschein\/","og_site_name":"Yasmin Food","article_publisher":"https:\/\/www.facebook.com\/yasminmarkt1","article_modified_time":"2025-09-13T08:40:44+00:00","og_image":[{"width":1080,"height":1080,"url":"https:\/\/yasminfood.ch\/wp-content\/uploads\/2025\/09\/\u0632\u064a\u062a\u0648\u0646-\u0645\u062d\u0634\u064a-\u0641\u0644\u064a\u0641\u0644\u0629-660\u063a-\u0634\u0645\u0633\u064a\u0646.png","type":"image\/png"}],"twitter_card":"summary_large_image","twitter_misc":{"Preis":"5.50&nbsp;&#67;&#72;&#70;","Verf\u00fcgbarkeit":"ausverkauft"},"schema":{"@context":"https:\/\/schema.org","@graph":[{"@type":"WebPage","@id":"https:\/\/yasminfood.ch\/de\/product\/gruene-oliven-gefuellt-mit-paprika-660g-sonnenschein\/","url":"https:\/\/yasminfood.ch\/de\/product\/gruene-oliven-gefuellt-mit-paprika-660g-sonnenschein\/","name":"Gr\u00fcne Oliven gef\u00fcllt mit Paprika 660g Sonnenschein - Yasmin Food","isPartOf":{"@id":"https:\/\/yasminfood.ch\/de\/#website"},"primaryImageOfPage":{"@id":"https:\/\/yasminfood.ch\/de\/product\/gruene-oliven-gefuellt-mit-paprika-660g-sonnenschein\/#primaryimage"},"image":{"@id":"https:\/\/yasminfood.ch\/de\/product\/gruene-oliven-gefuellt-mit-paprika-660g-sonnenschein\/#primaryimage"},"thumbnailUrl":"https:\/\/yasminfood.ch\/wp-content\/uploads\/2025\/09\/\u0632\u064a\u062a\u0648\u0646-\u0645\u062d\u0634\u064a-\u0641\u0644\u064a\u0641\u0644\u0629-660\u063a-\u0634\u0645\u0633\u064a\u0646.png","datePublished":"2025-09-13T08:31:15+00:00","dateModified":"2025-09-13T08:40:44+00:00","description":"Erleben Sie den authentischen orientalischen Geschmack mit gr\u00fcnen Oliven, gef\u00fcllt mit Paprika 660 g Sonnenschein. Perfekt als Vorspeise oder zu Grillgerichten, bestellen Sie es jetzt! Gr\u00fcne Oliven gef\u00fcllt mit Paprika 660g Sonnenschein","breadcrumb":{"@id":"https:\/\/yasminfood.ch\/de\/product\/gruene-oliven-gefuellt-mit-paprika-660g-sonnenschein\/#breadcrumb"},"inLanguage":"de","potentialAction":[{"@type":"ReadAction","target":["https:\/\/yasminfood.ch\/de\/product\/gruene-oliven-gefuellt-mit-paprika-660g-sonnenschein\/"]}]},{"@type":"ImageObject","inLanguage":"de","@id":"https:\/\/yasminfood.ch\/de\/product\/gruene-oliven-gefuellt-mit-paprika-660g-sonnenschein\/#primaryimage","url":"https:\/\/yasminfood.ch\/wp-content\/uploads\/2025\/09\/\u0632\u064a\u062a\u0648\u0646-\u0645\u062d\u0634\u064a-\u0641\u0644\u064a\u0641\u0644\u0629-660\u063a-\u0634\u0645\u0633\u064a\u0646.png","contentUrl":"https:\/\/yasminfood.ch\/wp-content\/uploads\/2025\/09\/\u0632\u064a\u062a\u0648\u0646-\u0645\u062d\u0634\u064a-\u0641\u0644\u064a\u0641\u0644\u0629-660\u063a-\u0634\u0645\u0633\u064a\u0646.png","width":1080,"height":1080,"caption":"Gr\u00fcne Oliven gef\u00fcllt mit Paprika 660g Sonnenschein"},{"@type":"BreadcrumbList","@id":"https:\/\/yasminfood.ch\/de\/product\/gruene-oliven-gefuellt-mit-paprika-660g-sonnenschein\/#breadcrumb","itemListElement":[{"@type":"ListItem","position":1,"name":"\u0627\u0644\u0631\u0626\u064a\u0633\u064a\u0629","item":"https:\/\/yasminfood.ch\/de\/zuhause\/"},{"@type":"ListItem","position":2,"name":"Shop","item":"https:\/\/yasminfood.ch\/de\/shop\/"},{"@type":"ListItem","position":3,"name":"Konserven - Lebensmittel","item":"https:\/\/yasminfood.ch\/de\/produkt-kategorie\/konserven-lebensmittel\/"},{"@type":"ListItem","position":4,"name":"Oliven","item":"https:\/\/yasminfood.ch\/de\/produkt-kategorie\/konserven-lebensmittel\/oliven\/"},{"@type":"ListItem","position":5,"name":"Gr\u00fcne Oliven gef\u00fcllt mit Paprika 660g Sonnenschein"}]},{"@type":"WebSite","@id":"https:\/\/yasminfood.ch\/de\/#website","url":"https:\/\/yasminfood.ch\/de\/","name":"\u064a\u0627\u0633\u0645\u064a\u0646 \u0645\u0627\u0631\u0643\u062a","description":"Alles, was Sie brauchen, an einem Ort","publisher":{"@id":"https:\/\/yasminfood.ch\/de\/#organization"},"alternateName":"Yasmin Food","potentialAction":[{"@type":"SearchAction","target":{"@type":"EntryPoint","urlTemplate":"https:\/\/yasminfood.ch\/de\/?s={search_term_string}"},"query-input":{"@type":"PropertyValueSpecification","valueRequired":true,"valueName":"search_term_string"}}],"inLanguage":"de"},{"@type":"Organization","@id":"https:\/\/yasminfood.ch\/de\/#organization","name":"\u064a\u0627\u0633\u0645\u064a\u0646 \u0645\u0627\u0631\u0643\u062a","alternateName":"Yasmin Food","url":"https:\/\/yasminfood.ch\/de\/","logo":{"@type":"ImageObject","inLanguage":"de","@id":"https:\/\/yasminfood.ch\/de\/#\/schema\/logo\/image\/","url":"https:\/\/yasminfood.ch\/wp-content\/uploads\/2025\/05\/yasmin-food-header-logo.png","contentUrl":"https:\/\/yasminfood.ch\/wp-content\/uploads\/2025\/05\/yasmin-food-header-logo.png","width":330,"height":120,"caption":"\u064a\u0627\u0633\u0645\u064a\u0646 \u0645\u0627\u0631\u0643\u062a"},"image":{"@id":"https:\/\/yasminfood.ch\/de\/#\/schema\/logo\/image\/"},"sameAs":["https:\/\/www.facebook.com\/yasminmarkt1","https:\/\/www.tiktok.com\/@yasminmarkt","https:\/\/www.instagram.com\/yasmin.markt1\/","https:\/\/api.whatsapp.com\/send\/?phone=41799000104"],"publishingPrinciples":"https:\/\/yasminfood.ch\/de\/shop\/","ownershipFundingInfo":"https:\/\/yasminfood.ch\/de\/shop\/"}]},"product_price_amount":"5.50","product_price_currency":"CHF","og_availability":"out of stock","product_availability":"out of stock","product_condition":"new"},"jetpack_sharing_enabled":true,"_links":{"self":[{"href":"https:\/\/yasminfood.ch\/de\/wp-json\/wp\/v2\/product\/119451","targetHints":{"allow":["GET"]}}],"collection":[{"href":"https:\/\/yasminfood.ch\/de\/wp-json\/wp\/v2\/product"}],"about":[{"href":"https:\/\/yasminfood.ch\/de\/wp-json\/wp\/v2\/types\/product"}],"replies":[{"embeddable":true,"href":"https:\/\/yasminfood.ch\/de\/wp-json\/wp\/v2\/comments?post=119451"}],"version-history":[{"count":1,"href":"https:\/\/yasminfood.ch\/de\/wp-json\/wp\/v2\/product\/119451\/revisions"}],"predecessor-version":[{"id":119452,"href":"https:\/\/yasminfood.ch\/de\/wp-json\/wp\/v2\/product\/119451\/revisions\/119452"}],"wp:featuredmedia":[{"embeddable":true,"href":"https:\/\/yasminfood.ch\/de\/wp-json\/wp\/v2\/media\/119446"}],"wp:attachment":[{"href":"https:\/\/yasminfood.ch\/de\/wp-json\/wp\/v2\/media?parent=119451"}],"wp:term":[{"taxonomy":"product_brand","embeddable":true,"href":"https:\/\/yasminfood.ch\/de\/wp-json\/wp\/v2\/product_brand?post=119451"},{"taxonomy":"product_cat","embeddable":true,"href":"https:\/\/yasminfood.ch\/de\/wp-json\/wp\/v2\/product_cat?post=119451"},{"taxonomy":"product_tag","embeddable":true,"href":"https:\/\/yasminfood.ch\/de\/wp-json\/wp\/v2\/product_tag?post=119451"}],"curies":[{"name":"wp","href":"https:\/\/api.w.org\/{rel}","templated":true}]}}