{"id":119519,"date":"2025-09-15T17:23:59","date_gmt":"2025-09-15T15:23:59","guid":{"rendered":"https:\/\/yasminfood.ch\/product\/lebensmittelfarbe-rot-krg-25g\/"},"modified":"2025-09-15T17:38:12","modified_gmt":"2025-09-15T15:38:12","slug":"lebensmittelfarbe-rot-krg-25g","status":"publish","type":"product","link":"https:\/\/yasminfood.ch\/de\/product\/lebensmittelfarbe-rot-krg-25g\/","title":{"rendered":"Lebensmittelfarbe Rot KRG 25g"},"content":{"rendered":"<p class=\"name ms-m-0 ng-binding\"><strong>Lebensmittelfarbe Rot KRG 25g<\/strong><\/p>\n<ul>\n<li>\n<p data-start=\"233\" data-end=\"401\">Verleihen Sie Ihren Rezepten einen Hauch von Sch\u00f6nheit und Kreativit\u00e4t<\/p>\n<\/li>\n<li>\n<p data-start=\"233\" data-end=\"401\">  Es hat eine kr\u00e4ftige und intensive Farbe, die Desserts, Backwaren und Getr\u00e4nken ein attraktives Aussehen verleiht, das den Appetit anregt.<\/p>\n<\/li>\n<li>\n<p data-start=\"233\" data-end=\"401\">\n<p data-start=\"403\" data-end=\"556\">Perfekt zum F\u00e4rben von Kuchen, Sahne, Keksen, Geb\u00e4ck und sogar orientalischen Desserts. <\/p>\n<\/li>\n<li>\n<p data-start=\"403\" data-end=\"556\">Die kompakte und praktische Verpackung sorgt f\u00fcr eine einfache Handhabung und Mengenkontrolle f\u00fcr eine perfekte Farbe.<\/p>\n<p data-start=\"558\" data-end=\"644\">\u2714\ufe0f Nettogewicht: 25g<br data-start=\"574\" data-end=\"577\">\u2714\ufe0f Hochwertige konzentrierte rote Farbe<br data-start=\"605\" data-end=\"608\">\u2714\ufe0f Geeignet f\u00fcr den privaten und professionellen Gebrauch <\/p>\n<p data-start=\"646\" data-end=\"707\">\u2728 Mit dem farbigen KRG rot&#8230; Lassen Sie Ihre Rezepte in leuchtenden Farben erstrahlen.<\/p>\n<\/li>\n<\/ul>\n","protected":false},"excerpt":{"rendered":"<p class=\"name ms-m-0 ng-binding\"><strong>Lebensmittelfarbe Rot KRG 25g<\/strong><\/p>\n<ul>\n<li>\n<p data-start=\"233\" data-end=\"401\">Verleihen Sie Ihren Rezepten einen Hauch von Sch\u00f6nheit und Kreativit\u00e4t<\/p>\n<\/li>\n<li>\n<p data-start=\"233\" data-end=\"401\">  Es hat eine kr\u00e4ftige und intensive Farbe, die Desserts, Backwaren und Getr\u00e4nken ein attraktives Aussehen verleiht, das den Appetit anregt<\/p>\n<\/li>\n<\/ul>\n","protected":false},"featured_media":119496,"comment_status":"open","ping_status":"closed","template":"","meta":[],"product_brand":[],"product_cat":[297,896],"product_tag":[],"class_list":{"0":"post-119519","1":"product","2":"type-product","3":"status-publish","4":"has-post-thumbnail","6":"product_cat-dessert-chips-2","7":"product_cat-lebensmittelfarbe","9":"first","10":"instock","11":"taxable","12":"shipping-taxable","13":"purchasable","14":"product-type-simple"},"yoast_head":"<!-- This site is optimized with the Yoast SEO Premium plugin v26.5 (Yoast SEO v27.4) - https:\/\/yoast.com\/product\/yoast-seo-premium-wordpress\/ -->\n<title>Lebensmittelfarbe Rot KRG 25g - Yasmin Food<\/title>\n<meta name=\"description\" content=\"Verleihen Sie Ihren Gerichten einen Hauch von Sch\u00f6nheit mit KRG Rote Lebensmittelfarbe 25g. Ideal f\u00fcr Desserts und Backwaren, holen Sie es sich jetzt! \ud83c\udf70 Lebensmittelfarbe Rot KRG 25g\" \/>\n<meta name=\"robots\" content=\"index, follow, max-snippet:-1, max-image-preview:large, max-video-preview:-1\" \/>\n<link rel=\"canonical\" href=\"https:\/\/yasminfood.ch\/de\/product\/lebensmittelfarbe-rot-krg-25g\/\" \/>\n<meta property=\"og:locale\" content=\"de_DE\" \/>\n<meta property=\"og:type\" content=\"article\" \/>\n<meta property=\"og:title\" content=\"Lebensmittelfarbe Rot KRG 25g\" \/>\n<meta property=\"og:description\" content=\"Lebensmittelfarbe Rot KRG 25g   Verleihen Sie Ihren Rezepten einen Hauch von Sch\u00f6nheit und Kreativit\u00e4t    Es hat eine kr\u00e4ftige und intensive Farbe, die Desserts, Backwaren und Getr\u00e4nken ein attraktives Aussehen verleiht, das den Appetit anregt\" \/>\n<meta property=\"og:url\" content=\"https:\/\/yasminfood.ch\/de\/product\/lebensmittelfarbe-rot-krg-25g\/\" \/>\n<meta property=\"og:site_name\" content=\"Yasmin Food\" \/>\n<meta property=\"article:publisher\" content=\"https:\/\/www.facebook.com\/yasminmarkt1\" \/>\n<meta property=\"article:modified_time\" content=\"2025-09-15T15:38:12+00:00\" \/>\n<meta property=\"og:image\" content=\"https:\/\/yasminfood.ch\/wp-content\/uploads\/2025\/04\/\u062a\u0635\u0645\u064a\u0645-\u0628\u062f\u0648\u0646-\u0639\u0646\u0648\u0627\u0646-7.png\" \/>\n\t<meta property=\"og:image:width\" content=\"1536\" \/>\n\t<meta property=\"og:image:height\" content=\"806\" \/>\n\t<meta property=\"og:image:type\" content=\"image\/png\" \/>\n<meta name=\"twitter:card\" content=\"summary_large_image\" \/>\n<meta name=\"twitter:label1\" content=\"Preis\" \/>\n\t<meta name=\"twitter:data1\" content=\"2.95&nbsp;&#067;&#072;&#070;\" \/>\n\t<meta name=\"twitter:label2\" content=\"Verf\u00fcgbarkeit\" \/>\n\t<meta name=\"twitter:data2\" content=\"Auf Lager\" \/>\n<script type=\"application\/ld+json\" class=\"yoast-schema-graph\">{\"@context\":\"https:\\\/\\\/schema.org\",\"@graph\":[{\"@type\":\"WebPage\",\"@id\":\"https:\\\/\\\/yasminfood.ch\\\/de\\\/product\\\/lebensmittelfarbe-rot-krg-25g\\\/\",\"url\":\"https:\\\/\\\/yasminfood.ch\\\/de\\\/product\\\/lebensmittelfarbe-rot-krg-25g\\\/\",\"name\":\"Lebensmittelfarbe Rot KRG 25g - Yasmin Food\",\"isPartOf\":{\"@id\":\"https:\\\/\\\/yasminfood.ch\\\/de\\\/#website\"},\"primaryImageOfPage\":{\"@id\":\"https:\\\/\\\/yasminfood.ch\\\/de\\\/product\\\/lebensmittelfarbe-rot-krg-25g\\\/#primaryimage\"},\"image\":{\"@id\":\"https:\\\/\\\/yasminfood.ch\\\/de\\\/product\\\/lebensmittelfarbe-rot-krg-25g\\\/#primaryimage\"},\"thumbnailUrl\":\"https:\\\/\\\/yasminfood.ch\\\/wp-content\\\/uploads\\\/2025\\\/09\\\/\u0645\u0644\u0648\u0646-\u063a\u0630\u0627\u0626\u064a-\u0627\u062d\u0645\u0631-\u0643\u064a-\u0627\u0631-\u062c\u064a-25\u063a.avif\",\"datePublished\":\"2025-09-15T15:23:59+00:00\",\"dateModified\":\"2025-09-15T15:38:12+00:00\",\"description\":\"Verleihen Sie Ihren Gerichten einen Hauch von Sch\u00f6nheit mit KRG Rote Lebensmittelfarbe 25g. Ideal f\u00fcr Desserts und Backwaren, holen Sie es sich jetzt! \ud83c\udf70 Lebensmittelfarbe Rot KRG 25g\",\"breadcrumb\":{\"@id\":\"https:\\\/\\\/yasminfood.ch\\\/de\\\/product\\\/lebensmittelfarbe-rot-krg-25g\\\/#breadcrumb\"},\"inLanguage\":\"de\",\"potentialAction\":[{\"@type\":\"ReadAction\",\"target\":[\"https:\\\/\\\/yasminfood.ch\\\/de\\\/product\\\/lebensmittelfarbe-rot-krg-25g\\\/\"]}]},{\"@type\":\"ImageObject\",\"inLanguage\":\"de\",\"@id\":\"https:\\\/\\\/yasminfood.ch\\\/de\\\/product\\\/lebensmittelfarbe-rot-krg-25g\\\/#primaryimage\",\"url\":\"https:\\\/\\\/yasminfood.ch\\\/wp-content\\\/uploads\\\/2025\\\/09\\\/\u0645\u0644\u0648\u0646-\u063a\u0630\u0627\u0626\u064a-\u0627\u062d\u0645\u0631-\u0643\u064a-\u0627\u0631-\u062c\u064a-25\u063a.avif\",\"contentUrl\":\"https:\\\/\\\/yasminfood.ch\\\/wp-content\\\/uploads\\\/2025\\\/09\\\/\u0645\u0644\u0648\u0646-\u063a\u0630\u0627\u0626\u064a-\u0627\u062d\u0645\u0631-\u0643\u064a-\u0627\u0631-\u062c\u064a-25\u063a.avif\",\"width\":500,\"height\":500,\"caption\":\"Lebensmittelfarbe Rot KRG 25g\"},{\"@type\":\"BreadcrumbList\",\"@id\":\"https:\\\/\\\/yasminfood.ch\\\/de\\\/product\\\/lebensmittelfarbe-rot-krg-25g\\\/#breadcrumb\",\"itemListElement\":[{\"@type\":\"ListItem\",\"position\":1,\"name\":\"\u0627\u0644\u0631\u0626\u064a\u0633\u064a\u0629\",\"item\":\"https:\\\/\\\/yasminfood.ch\\\/de\\\/zuhause\\\/\"},{\"@type\":\"ListItem\",\"position\":2,\"name\":\"Shop\",\"item\":\"https:\\\/\\\/yasminfood.ch\\\/de\\\/shop\\\/\"},{\"@type\":\"ListItem\",\"position\":3,\"name\":\"Dessert &amp; Chips\",\"item\":\"https:\\\/\\\/yasminfood.ch\\\/de\\\/produkt-kategorie\\\/dessert-chips-2\\\/\"},{\"@type\":\"ListItem\",\"position\":4,\"name\":\"Lebensmittelfarbe\",\"item\":\"https:\\\/\\\/yasminfood.ch\\\/de\\\/produkt-kategorie\\\/dessert-chips-2\\\/lebensmittelfarbe\\\/\"},{\"@type\":\"ListItem\",\"position\":5,\"name\":\"Lebensmittelfarbe Rot KRG 25g\"}]},{\"@type\":\"WebSite\",\"@id\":\"https:\\\/\\\/yasminfood.ch\\\/de\\\/#website\",\"url\":\"https:\\\/\\\/yasminfood.ch\\\/de\\\/\",\"name\":\"\u064a\u0627\u0633\u0645\u064a\u0646 \u0645\u0627\u0631\u0643\u062a\",\"description\":\"Alles, was Sie brauchen, an einem Ort\",\"publisher\":{\"@id\":\"https:\\\/\\\/yasminfood.ch\\\/de\\\/#organization\"},\"alternateName\":\"Yasmin Food\",\"potentialAction\":[{\"@type\":\"SearchAction\",\"target\":{\"@type\":\"EntryPoint\",\"urlTemplate\":\"https:\\\/\\\/yasminfood.ch\\\/de\\\/?s={search_term_string}\"},\"query-input\":{\"@type\":\"PropertyValueSpecification\",\"valueRequired\":true,\"valueName\":\"search_term_string\"}}],\"inLanguage\":\"de\"},{\"@type\":\"Organization\",\"@id\":\"https:\\\/\\\/yasminfood.ch\\\/de\\\/#organization\",\"name\":\"\u064a\u0627\u0633\u0645\u064a\u0646 \u0645\u0627\u0631\u0643\u062a\",\"alternateName\":\"Yasmin Food\",\"url\":\"https:\\\/\\\/yasminfood.ch\\\/de\\\/\",\"logo\":{\"@type\":\"ImageObject\",\"inLanguage\":\"de\",\"@id\":\"https:\\\/\\\/yasminfood.ch\\\/de\\\/#\\\/schema\\\/logo\\\/image\\\/\",\"url\":\"https:\\\/\\\/yasminfood.ch\\\/wp-content\\\/uploads\\\/2025\\\/05\\\/yasmin-food-header-logo.png\",\"contentUrl\":\"https:\\\/\\\/yasminfood.ch\\\/wp-content\\\/uploads\\\/2025\\\/05\\\/yasmin-food-header-logo.png\",\"width\":330,\"height\":120,\"caption\":\"\u064a\u0627\u0633\u0645\u064a\u0646 \u0645\u0627\u0631\u0643\u062a\"},\"image\":{\"@id\":\"https:\\\/\\\/yasminfood.ch\\\/de\\\/#\\\/schema\\\/logo\\\/image\\\/\"},\"sameAs\":[\"https:\\\/\\\/www.facebook.com\\\/yasminmarkt1\",\"https:\\\/\\\/www.tiktok.com\\\/@yasminmarkt\",\"https:\\\/\\\/www.instagram.com\\\/yasmin.markt1\\\/\",\"https:\\\/\\\/api.whatsapp.com\\\/send\\\/?phone=41799000104\"],\"publishingPrinciples\":\"https:\\\/\\\/yasminfood.ch\\\/de\\\/shop\\\/\",\"ownershipFundingInfo\":\"https:\\\/\\\/yasminfood.ch\\\/de\\\/shop\\\/\"}]}<\/script>\n<meta property=\"product:price:amount\" content=\"2.95\" \/>\n<meta property=\"product:price:currency\" content=\"CHF\" \/>\n<meta property=\"og:availability\" content=\"instock\" \/>\n<meta property=\"product:availability\" content=\"instock\" \/>\n<meta property=\"product:condition\" content=\"new\" \/>\n<!-- \/ Yoast SEO Premium plugin. -->","yoast_head_json":{"title":"Lebensmittelfarbe Rot KRG 25g - Yasmin Food","description":"Verleihen Sie Ihren Gerichten einen Hauch von Sch\u00f6nheit mit KRG Rote Lebensmittelfarbe 25g. Ideal f\u00fcr Desserts und Backwaren, holen Sie es sich jetzt! \ud83c\udf70 Lebensmittelfarbe Rot KRG 25g","robots":{"index":"index","follow":"follow","max-snippet":"max-snippet:-1","max-image-preview":"max-image-preview:large","max-video-preview":"max-video-preview:-1"},"canonical":"https:\/\/yasminfood.ch\/de\/product\/lebensmittelfarbe-rot-krg-25g\/","og_locale":"de_DE","og_type":"article","og_title":"Lebensmittelfarbe Rot KRG 25g","og_description":"Lebensmittelfarbe Rot KRG 25g   Verleihen Sie Ihren Rezepten einen Hauch von Sch\u00f6nheit und Kreativit\u00e4t    Es hat eine kr\u00e4ftige und intensive Farbe, die Desserts, Backwaren und Getr\u00e4nken ein attraktives Aussehen verleiht, das den Appetit anregt","og_url":"https:\/\/yasminfood.ch\/de\/product\/lebensmittelfarbe-rot-krg-25g\/","og_site_name":"Yasmin Food","article_publisher":"https:\/\/www.facebook.com\/yasminmarkt1","article_modified_time":"2025-09-15T15:38:12+00:00","og_image":[{"width":1536,"height":806,"url":"https:\/\/yasminfood.ch\/wp-content\/uploads\/2025\/04\/\u062a\u0635\u0645\u064a\u0645-\u0628\u062f\u0648\u0646-\u0639\u0646\u0648\u0627\u0646-7.png","type":"image\/png"}],"twitter_card":"summary_large_image","twitter_misc":{"Preis":"2.95&nbsp;&#67;&#72;&#70;","Verf\u00fcgbarkeit":"Auf Lager"},"schema":{"@context":"https:\/\/schema.org","@graph":[{"@type":"WebPage","@id":"https:\/\/yasminfood.ch\/de\/product\/lebensmittelfarbe-rot-krg-25g\/","url":"https:\/\/yasminfood.ch\/de\/product\/lebensmittelfarbe-rot-krg-25g\/","name":"Lebensmittelfarbe Rot KRG 25g - Yasmin Food","isPartOf":{"@id":"https:\/\/yasminfood.ch\/de\/#website"},"primaryImageOfPage":{"@id":"https:\/\/yasminfood.ch\/de\/product\/lebensmittelfarbe-rot-krg-25g\/#primaryimage"},"image":{"@id":"https:\/\/yasminfood.ch\/de\/product\/lebensmittelfarbe-rot-krg-25g\/#primaryimage"},"thumbnailUrl":"https:\/\/yasminfood.ch\/wp-content\/uploads\/2025\/09\/\u0645\u0644\u0648\u0646-\u063a\u0630\u0627\u0626\u064a-\u0627\u062d\u0645\u0631-\u0643\u064a-\u0627\u0631-\u062c\u064a-25\u063a.avif","datePublished":"2025-09-15T15:23:59+00:00","dateModified":"2025-09-15T15:38:12+00:00","description":"Verleihen Sie Ihren Gerichten einen Hauch von Sch\u00f6nheit mit KRG Rote Lebensmittelfarbe 25g. Ideal f\u00fcr Desserts und Backwaren, holen Sie es sich jetzt! \ud83c\udf70 Lebensmittelfarbe Rot KRG 25g","breadcrumb":{"@id":"https:\/\/yasminfood.ch\/de\/product\/lebensmittelfarbe-rot-krg-25g\/#breadcrumb"},"inLanguage":"de","potentialAction":[{"@type":"ReadAction","target":["https:\/\/yasminfood.ch\/de\/product\/lebensmittelfarbe-rot-krg-25g\/"]}]},{"@type":"ImageObject","inLanguage":"de","@id":"https:\/\/yasminfood.ch\/de\/product\/lebensmittelfarbe-rot-krg-25g\/#primaryimage","url":"https:\/\/yasminfood.ch\/wp-content\/uploads\/2025\/09\/\u0645\u0644\u0648\u0646-\u063a\u0630\u0627\u0626\u064a-\u0627\u062d\u0645\u0631-\u0643\u064a-\u0627\u0631-\u062c\u064a-25\u063a.avif","contentUrl":"https:\/\/yasminfood.ch\/wp-content\/uploads\/2025\/09\/\u0645\u0644\u0648\u0646-\u063a\u0630\u0627\u0626\u064a-\u0627\u062d\u0645\u0631-\u0643\u064a-\u0627\u0631-\u062c\u064a-25\u063a.avif","width":500,"height":500,"caption":"Lebensmittelfarbe Rot KRG 25g"},{"@type":"BreadcrumbList","@id":"https:\/\/yasminfood.ch\/de\/product\/lebensmittelfarbe-rot-krg-25g\/#breadcrumb","itemListElement":[{"@type":"ListItem","position":1,"name":"\u0627\u0644\u0631\u0626\u064a\u0633\u064a\u0629","item":"https:\/\/yasminfood.ch\/de\/zuhause\/"},{"@type":"ListItem","position":2,"name":"Shop","item":"https:\/\/yasminfood.ch\/de\/shop\/"},{"@type":"ListItem","position":3,"name":"Dessert &amp; Chips","item":"https:\/\/yasminfood.ch\/de\/produkt-kategorie\/dessert-chips-2\/"},{"@type":"ListItem","position":4,"name":"Lebensmittelfarbe","item":"https:\/\/yasminfood.ch\/de\/produkt-kategorie\/dessert-chips-2\/lebensmittelfarbe\/"},{"@type":"ListItem","position":5,"name":"Lebensmittelfarbe Rot KRG 25g"}]},{"@type":"WebSite","@id":"https:\/\/yasminfood.ch\/de\/#website","url":"https:\/\/yasminfood.ch\/de\/","name":"\u064a\u0627\u0633\u0645\u064a\u0646 \u0645\u0627\u0631\u0643\u062a","description":"Alles, was Sie brauchen, an einem Ort","publisher":{"@id":"https:\/\/yasminfood.ch\/de\/#organization"},"alternateName":"Yasmin Food","potentialAction":[{"@type":"SearchAction","target":{"@type":"EntryPoint","urlTemplate":"https:\/\/yasminfood.ch\/de\/?s={search_term_string}"},"query-input":{"@type":"PropertyValueSpecification","valueRequired":true,"valueName":"search_term_string"}}],"inLanguage":"de"},{"@type":"Organization","@id":"https:\/\/yasminfood.ch\/de\/#organization","name":"\u064a\u0627\u0633\u0645\u064a\u0646 \u0645\u0627\u0631\u0643\u062a","alternateName":"Yasmin Food","url":"https:\/\/yasminfood.ch\/de\/","logo":{"@type":"ImageObject","inLanguage":"de","@id":"https:\/\/yasminfood.ch\/de\/#\/schema\/logo\/image\/","url":"https:\/\/yasminfood.ch\/wp-content\/uploads\/2025\/05\/yasmin-food-header-logo.png","contentUrl":"https:\/\/yasminfood.ch\/wp-content\/uploads\/2025\/05\/yasmin-food-header-logo.png","width":330,"height":120,"caption":"\u064a\u0627\u0633\u0645\u064a\u0646 \u0645\u0627\u0631\u0643\u062a"},"image":{"@id":"https:\/\/yasminfood.ch\/de\/#\/schema\/logo\/image\/"},"sameAs":["https:\/\/www.facebook.com\/yasminmarkt1","https:\/\/www.tiktok.com\/@yasminmarkt","https:\/\/www.instagram.com\/yasmin.markt1\/","https:\/\/api.whatsapp.com\/send\/?phone=41799000104"],"publishingPrinciples":"https:\/\/yasminfood.ch\/de\/shop\/","ownershipFundingInfo":"https:\/\/yasminfood.ch\/de\/shop\/"}]},"product_price_amount":"2.95","product_price_currency":"CHF","og_availability":"instock","product_availability":"instock","product_condition":"new"},"jetpack_sharing_enabled":true,"_links":{"self":[{"href":"https:\/\/yasminfood.ch\/de\/wp-json\/wp\/v2\/product\/119519","targetHints":{"allow":["GET"]}}],"collection":[{"href":"https:\/\/yasminfood.ch\/de\/wp-json\/wp\/v2\/product"}],"about":[{"href":"https:\/\/yasminfood.ch\/de\/wp-json\/wp\/v2\/types\/product"}],"replies":[{"embeddable":true,"href":"https:\/\/yasminfood.ch\/de\/wp-json\/wp\/v2\/comments?post=119519"}],"version-history":[{"count":1,"href":"https:\/\/yasminfood.ch\/de\/wp-json\/wp\/v2\/product\/119519\/revisions"}],"predecessor-version":[{"id":119521,"href":"https:\/\/yasminfood.ch\/de\/wp-json\/wp\/v2\/product\/119519\/revisions\/119521"}],"wp:featuredmedia":[{"embeddable":true,"href":"https:\/\/yasminfood.ch\/de\/wp-json\/wp\/v2\/media\/119496"}],"wp:attachment":[{"href":"https:\/\/yasminfood.ch\/de\/wp-json\/wp\/v2\/media?parent=119519"}],"wp:term":[{"taxonomy":"product_brand","embeddable":true,"href":"https:\/\/yasminfood.ch\/de\/wp-json\/wp\/v2\/product_brand?post=119519"},{"taxonomy":"product_cat","embeddable":true,"href":"https:\/\/yasminfood.ch\/de\/wp-json\/wp\/v2\/product_cat?post=119519"},{"taxonomy":"product_tag","embeddable":true,"href":"https:\/\/yasminfood.ch\/de\/wp-json\/wp\/v2\/product_tag?post=119519"}],"curies":[{"name":"wp","href":"https:\/\/api.w.org\/{rel}","templated":true}]}}