{"id":119538,"date":"2025-09-15T19:13:01","date_gmt":"2025-09-15T17:13:01","guid":{"rendered":"https:\/\/yasminfood.ch\/product\/happy-cow-kaese-340g\/"},"modified":"2025-09-15T19:43:53","modified_gmt":"2025-09-15T17:43:53","slug":"happy-cow-kaese-340g","status":"publish","type":"product","link":"https:\/\/yasminfood.ch\/de\/product\/happy-cow-kaese-340g\/","title":{"rendered":"Happy Cow K\u00e4se 340g"},"content":{"rendered":"<p><strong>Happy Cow K\u00e4se 340g<\/strong><\/p>\n<ul>\n<li>\n<p data-start=\"224\" data-end=\"446\">Genie\u00dfen Sie den cremigen Geschmack des ber\u00fchmten \u00f6sterreichischen Qualit\u00e4tskochk\u00e4ses.<\/p>\n<\/li>\n<li>\n<p data-start=\"224\" data-end=\"446\">Es hat eine weiche Textur und einen reichhaltigen Geschmack, der es perfekt zum Fr\u00fchst\u00fcck, f\u00fcr Sandwiches oder zum W\u00fcrzen verschiedener Kochrezepte macht. <\/p>\n<p data-start=\"448\" data-end=\"593\">\u2714\ufe0f Nettogewicht: 340g<br data-start=\"465\" data-end=\"468\">\u2714\ufe0f Hochwertiges Produkt von <strong data-start=\"491\" data-end=\"504\">Happy Cow<\/strong><br data-start=\"504\" data-end=\"507\">\u2714\ufe0f K\u00f6stlicher Geschmack, geeignet f\u00fcr Erwachsene und Kinder<br data-start=\"541\" data-end=\"544\">\u2714\ufe0f Ideal zum Verteilen oder Verwenden in warmen Speisen <\/p>\n<p data-start=\"595\" data-end=\"660\">\u2728 Gl\u00fccklicher Kuhk\u00e4se&#8230; Der Geschmack, der die Familie an einem Tisch zusammenbringt.<\/p>\n<\/li>\n<\/ul>\n","protected":false},"excerpt":{"rendered":"<p><strong>Happy Cow K\u00e4se 340g<\/strong><\/p>\n<ul>\n<li>\n<p data-start=\"224\" data-end=\"446\">Genie\u00dfen Sie den cremigen Geschmack des ber\u00fchmten \u00f6sterreichischen Qualit\u00e4tskochk\u00e4ses.<\/p>\n<\/li>\n<\/ul>\n","protected":false},"featured_media":119530,"comment_status":"open","ping_status":"closed","template":"","meta":[],"product_brand":[],"product_cat":[295],"product_tag":[],"class_list":{"0":"post-119538","1":"product","2":"type-product","3":"status-publish","4":"has-post-thumbnail","6":"product_cat-milchprodukte-und-eier","8":"first","9":"outofstock","10":"taxable","11":"shipping-taxable","12":"purchasable","13":"product-type-simple"},"yoast_head":"<!-- This site is optimized with the Yoast SEO Premium plugin v26.5 (Yoast SEO v27.3) - https:\/\/yoast.com\/product\/yoast-seo-premium-wordpress\/ -->\n<title>Happy Cow K\u00e4se 340g - Yasmin Food<\/title>\n<meta name=\"description\" content=\"Genie\u00dfen Sie den Geschmack von Happy Cow Cheese 340g cremig, perfekt f\u00fcr Sandwiches und Gerichte. Bestellen Sie es jetzt, um Ihr Fr\u00fchst\u00fcck zu etwas Besonderem zu machen! \u2714\ufe0f Happy Cow K\u00e4se 340g\" \/>\n<meta name=\"robots\" content=\"index, follow, max-snippet:-1, max-image-preview:large, max-video-preview:-1\" \/>\n<link rel=\"canonical\" href=\"https:\/\/yasminfood.ch\/de\/product\/happy-cow-kaese-340g\/\" \/>\n<meta property=\"og:locale\" content=\"de_DE\" \/>\n<meta property=\"og:type\" content=\"article\" \/>\n<meta property=\"og:title\" content=\"Happy Cow K\u00e4se 340g\" \/>\n<meta property=\"og:description\" content=\"Happy Cow K\u00e4se 340g   Genie\u00dfen Sie den cremigen Geschmack des ber\u00fchmten \u00f6sterreichischen Qualit\u00e4tskochk\u00e4ses.\" \/>\n<meta property=\"og:url\" content=\"https:\/\/yasminfood.ch\/de\/product\/happy-cow-kaese-340g\/\" \/>\n<meta property=\"og:site_name\" content=\"Yasmin Food\" \/>\n<meta property=\"article:publisher\" content=\"https:\/\/www.facebook.com\/yasminmarkt1\" \/>\n<meta property=\"article:modified_time\" content=\"2025-09-15T17:43:53+00:00\" \/>\n<meta property=\"og:image\" content=\"https:\/\/yasminfood.ch\/wp-content\/uploads\/2025\/09\/\u062c\u0628\u0646\u0629-\u0627\u0644\u0628\u0642\u0631\u0629-\u0627\u0644\u0633\u0639\u064a\u062f\u0629-340\u063a-1.png\" \/>\n\t<meta property=\"og:image:width\" content=\"1080\" \/>\n\t<meta property=\"og:image:height\" content=\"1080\" \/>\n\t<meta property=\"og:image:type\" content=\"image\/png\" \/>\n<meta name=\"twitter:card\" content=\"summary_large_image\" \/>\n<meta name=\"twitter:label1\" content=\"Preis\" \/>\n\t<meta name=\"twitter:data1\" content=\"6.00&nbsp;&#067;&#072;&#070;\" \/>\n\t<meta name=\"twitter:label2\" content=\"Verf\u00fcgbarkeit\" \/>\n\t<meta name=\"twitter:data2\" content=\"ausverkauft\" \/>\n<script type=\"application\/ld+json\" class=\"yoast-schema-graph\">{\"@context\":\"https:\\\/\\\/schema.org\",\"@graph\":[{\"@type\":\"WebPage\",\"@id\":\"https:\\\/\\\/yasminfood.ch\\\/de\\\/product\\\/happy-cow-kaese-340g\\\/\",\"url\":\"https:\\\/\\\/yasminfood.ch\\\/de\\\/product\\\/happy-cow-kaese-340g\\\/\",\"name\":\"Happy Cow K\u00e4se 340g - Yasmin Food\",\"isPartOf\":{\"@id\":\"https:\\\/\\\/yasminfood.ch\\\/de\\\/#website\"},\"primaryImageOfPage\":{\"@id\":\"https:\\\/\\\/yasminfood.ch\\\/de\\\/product\\\/happy-cow-kaese-340g\\\/#primaryimage\"},\"image\":{\"@id\":\"https:\\\/\\\/yasminfood.ch\\\/de\\\/product\\\/happy-cow-kaese-340g\\\/#primaryimage\"},\"thumbnailUrl\":\"https:\\\/\\\/yasminfood.ch\\\/wp-content\\\/uploads\\\/2025\\\/09\\\/\u062c\u0628\u0646\u0629-\u0627\u0644\u0628\u0642\u0631\u0629-\u0627\u0644\u0633\u0639\u064a\u062f\u0629-340\u063a-1.png\",\"datePublished\":\"2025-09-15T17:13:01+00:00\",\"dateModified\":\"2025-09-15T17:43:53+00:00\",\"description\":\"Genie\u00dfen Sie den Geschmack von Happy Cow Cheese 340g cremig, perfekt f\u00fcr Sandwiches und Gerichte. Bestellen Sie es jetzt, um Ihr Fr\u00fchst\u00fcck zu etwas Besonderem zu machen! \u2714\ufe0f Happy Cow K\u00e4se 340g\",\"breadcrumb\":{\"@id\":\"https:\\\/\\\/yasminfood.ch\\\/de\\\/product\\\/happy-cow-kaese-340g\\\/#breadcrumb\"},\"inLanguage\":\"de\",\"potentialAction\":[{\"@type\":\"ReadAction\",\"target\":[\"https:\\\/\\\/yasminfood.ch\\\/de\\\/product\\\/happy-cow-kaese-340g\\\/\"]}]},{\"@type\":\"ImageObject\",\"inLanguage\":\"de\",\"@id\":\"https:\\\/\\\/yasminfood.ch\\\/de\\\/product\\\/happy-cow-kaese-340g\\\/#primaryimage\",\"url\":\"https:\\\/\\\/yasminfood.ch\\\/wp-content\\\/uploads\\\/2025\\\/09\\\/\u062c\u0628\u0646\u0629-\u0627\u0644\u0628\u0642\u0631\u0629-\u0627\u0644\u0633\u0639\u064a\u062f\u0629-340\u063a-1.png\",\"contentUrl\":\"https:\\\/\\\/yasminfood.ch\\\/wp-content\\\/uploads\\\/2025\\\/09\\\/\u062c\u0628\u0646\u0629-\u0627\u0644\u0628\u0642\u0631\u0629-\u0627\u0644\u0633\u0639\u064a\u062f\u0629-340\u063a-1.png\",\"width\":1080,\"height\":1080,\"caption\":\"Happy Cow K\u00e4se 340g\"},{\"@type\":\"BreadcrumbList\",\"@id\":\"https:\\\/\\\/yasminfood.ch\\\/de\\\/product\\\/happy-cow-kaese-340g\\\/#breadcrumb\",\"itemListElement\":[{\"@type\":\"ListItem\",\"position\":1,\"name\":\"\u0627\u0644\u0631\u0626\u064a\u0633\u064a\u0629\",\"item\":\"https:\\\/\\\/yasminfood.ch\\\/de\\\/zuhause\\\/\"},{\"@type\":\"ListItem\",\"position\":2,\"name\":\"Shop\",\"item\":\"https:\\\/\\\/yasminfood.ch\\\/de\\\/shop\\\/\"},{\"@type\":\"ListItem\",\"position\":3,\"name\":\"Milchprodukte und Eier\",\"item\":\"https:\\\/\\\/yasminfood.ch\\\/de\\\/produkt-kategorie\\\/milchprodukte-und-eier\\\/\"},{\"@type\":\"ListItem\",\"position\":4,\"name\":\"Happy Cow K\u00e4se 340g\"}]},{\"@type\":\"WebSite\",\"@id\":\"https:\\\/\\\/yasminfood.ch\\\/de\\\/#website\",\"url\":\"https:\\\/\\\/yasminfood.ch\\\/de\\\/\",\"name\":\"\u064a\u0627\u0633\u0645\u064a\u0646 \u0645\u0627\u0631\u0643\u062a\",\"description\":\"Alles, was Sie brauchen, an einem Ort\",\"publisher\":{\"@id\":\"https:\\\/\\\/yasminfood.ch\\\/de\\\/#organization\"},\"alternateName\":\"Yasmin Food\",\"potentialAction\":[{\"@type\":\"SearchAction\",\"target\":{\"@type\":\"EntryPoint\",\"urlTemplate\":\"https:\\\/\\\/yasminfood.ch\\\/de\\\/?s={search_term_string}\"},\"query-input\":{\"@type\":\"PropertyValueSpecification\",\"valueRequired\":true,\"valueName\":\"search_term_string\"}}],\"inLanguage\":\"de\"},{\"@type\":\"Organization\",\"@id\":\"https:\\\/\\\/yasminfood.ch\\\/de\\\/#organization\",\"name\":\"\u064a\u0627\u0633\u0645\u064a\u0646 \u0645\u0627\u0631\u0643\u062a\",\"alternateName\":\"Yasmin Food\",\"url\":\"https:\\\/\\\/yasminfood.ch\\\/de\\\/\",\"logo\":{\"@type\":\"ImageObject\",\"inLanguage\":\"de\",\"@id\":\"https:\\\/\\\/yasminfood.ch\\\/de\\\/#\\\/schema\\\/logo\\\/image\\\/\",\"url\":\"https:\\\/\\\/yasminfood.ch\\\/wp-content\\\/uploads\\\/2025\\\/05\\\/yasmin-food-header-logo.png\",\"contentUrl\":\"https:\\\/\\\/yasminfood.ch\\\/wp-content\\\/uploads\\\/2025\\\/05\\\/yasmin-food-header-logo.png\",\"width\":330,\"height\":120,\"caption\":\"\u064a\u0627\u0633\u0645\u064a\u0646 \u0645\u0627\u0631\u0643\u062a\"},\"image\":{\"@id\":\"https:\\\/\\\/yasminfood.ch\\\/de\\\/#\\\/schema\\\/logo\\\/image\\\/\"},\"sameAs\":[\"https:\\\/\\\/www.facebook.com\\\/yasminmarkt1\",\"https:\\\/\\\/www.tiktok.com\\\/@yasminmarkt\",\"https:\\\/\\\/www.instagram.com\\\/yasmin.markt1\\\/\",\"https:\\\/\\\/api.whatsapp.com\\\/send\\\/?phone=41799000104\"],\"publishingPrinciples\":\"https:\\\/\\\/yasminfood.ch\\\/de\\\/shop\\\/\",\"ownershipFundingInfo\":\"https:\\\/\\\/yasminfood.ch\\\/de\\\/shop\\\/\"}]}<\/script>\n<meta property=\"product:price:amount\" content=\"6.00\" \/>\n<meta property=\"product:price:currency\" content=\"CHF\" \/>\n<meta property=\"og:availability\" content=\"out of stock\" \/>\n<meta property=\"product:availability\" content=\"out of stock\" \/>\n<meta property=\"product:condition\" content=\"new\" \/>\n<!-- \/ Yoast SEO Premium plugin. -->","yoast_head_json":{"title":"Happy Cow K\u00e4se 340g - Yasmin Food","description":"Genie\u00dfen Sie den Geschmack von Happy Cow Cheese 340g cremig, perfekt f\u00fcr Sandwiches und Gerichte. Bestellen Sie es jetzt, um Ihr Fr\u00fchst\u00fcck zu etwas Besonderem zu machen! \u2714\ufe0f Happy Cow K\u00e4se 340g","robots":{"index":"index","follow":"follow","max-snippet":"max-snippet:-1","max-image-preview":"max-image-preview:large","max-video-preview":"max-video-preview:-1"},"canonical":"https:\/\/yasminfood.ch\/de\/product\/happy-cow-kaese-340g\/","og_locale":"de_DE","og_type":"article","og_title":"Happy Cow K\u00e4se 340g","og_description":"Happy Cow K\u00e4se 340g   Genie\u00dfen Sie den cremigen Geschmack des ber\u00fchmten \u00f6sterreichischen Qualit\u00e4tskochk\u00e4ses.","og_url":"https:\/\/yasminfood.ch\/de\/product\/happy-cow-kaese-340g\/","og_site_name":"Yasmin Food","article_publisher":"https:\/\/www.facebook.com\/yasminmarkt1","article_modified_time":"2025-09-15T17:43:53+00:00","og_image":[{"width":1080,"height":1080,"url":"https:\/\/yasminfood.ch\/wp-content\/uploads\/2025\/09\/\u062c\u0628\u0646\u0629-\u0627\u0644\u0628\u0642\u0631\u0629-\u0627\u0644\u0633\u0639\u064a\u062f\u0629-340\u063a-1.png","type":"image\/png"}],"twitter_card":"summary_large_image","twitter_misc":{"Preis":"6.00&nbsp;&#67;&#72;&#70;","Verf\u00fcgbarkeit":"ausverkauft"},"schema":{"@context":"https:\/\/schema.org","@graph":[{"@type":"WebPage","@id":"https:\/\/yasminfood.ch\/de\/product\/happy-cow-kaese-340g\/","url":"https:\/\/yasminfood.ch\/de\/product\/happy-cow-kaese-340g\/","name":"Happy Cow K\u00e4se 340g - Yasmin Food","isPartOf":{"@id":"https:\/\/yasminfood.ch\/de\/#website"},"primaryImageOfPage":{"@id":"https:\/\/yasminfood.ch\/de\/product\/happy-cow-kaese-340g\/#primaryimage"},"image":{"@id":"https:\/\/yasminfood.ch\/de\/product\/happy-cow-kaese-340g\/#primaryimage"},"thumbnailUrl":"https:\/\/yasminfood.ch\/wp-content\/uploads\/2025\/09\/\u062c\u0628\u0646\u0629-\u0627\u0644\u0628\u0642\u0631\u0629-\u0627\u0644\u0633\u0639\u064a\u062f\u0629-340\u063a-1.png","datePublished":"2025-09-15T17:13:01+00:00","dateModified":"2025-09-15T17:43:53+00:00","description":"Genie\u00dfen Sie den Geschmack von Happy Cow Cheese 340g cremig, perfekt f\u00fcr Sandwiches und Gerichte. Bestellen Sie es jetzt, um Ihr Fr\u00fchst\u00fcck zu etwas Besonderem zu machen! \u2714\ufe0f Happy Cow K\u00e4se 340g","breadcrumb":{"@id":"https:\/\/yasminfood.ch\/de\/product\/happy-cow-kaese-340g\/#breadcrumb"},"inLanguage":"de","potentialAction":[{"@type":"ReadAction","target":["https:\/\/yasminfood.ch\/de\/product\/happy-cow-kaese-340g\/"]}]},{"@type":"ImageObject","inLanguage":"de","@id":"https:\/\/yasminfood.ch\/de\/product\/happy-cow-kaese-340g\/#primaryimage","url":"https:\/\/yasminfood.ch\/wp-content\/uploads\/2025\/09\/\u062c\u0628\u0646\u0629-\u0627\u0644\u0628\u0642\u0631\u0629-\u0627\u0644\u0633\u0639\u064a\u062f\u0629-340\u063a-1.png","contentUrl":"https:\/\/yasminfood.ch\/wp-content\/uploads\/2025\/09\/\u062c\u0628\u0646\u0629-\u0627\u0644\u0628\u0642\u0631\u0629-\u0627\u0644\u0633\u0639\u064a\u062f\u0629-340\u063a-1.png","width":1080,"height":1080,"caption":"Happy Cow K\u00e4se 340g"},{"@type":"BreadcrumbList","@id":"https:\/\/yasminfood.ch\/de\/product\/happy-cow-kaese-340g\/#breadcrumb","itemListElement":[{"@type":"ListItem","position":1,"name":"\u0627\u0644\u0631\u0626\u064a\u0633\u064a\u0629","item":"https:\/\/yasminfood.ch\/de\/zuhause\/"},{"@type":"ListItem","position":2,"name":"Shop","item":"https:\/\/yasminfood.ch\/de\/shop\/"},{"@type":"ListItem","position":3,"name":"Milchprodukte und Eier","item":"https:\/\/yasminfood.ch\/de\/produkt-kategorie\/milchprodukte-und-eier\/"},{"@type":"ListItem","position":4,"name":"Happy Cow K\u00e4se 340g"}]},{"@type":"WebSite","@id":"https:\/\/yasminfood.ch\/de\/#website","url":"https:\/\/yasminfood.ch\/de\/","name":"\u064a\u0627\u0633\u0645\u064a\u0646 \u0645\u0627\u0631\u0643\u062a","description":"Alles, was Sie brauchen, an einem Ort","publisher":{"@id":"https:\/\/yasminfood.ch\/de\/#organization"},"alternateName":"Yasmin Food","potentialAction":[{"@type":"SearchAction","target":{"@type":"EntryPoint","urlTemplate":"https:\/\/yasminfood.ch\/de\/?s={search_term_string}"},"query-input":{"@type":"PropertyValueSpecification","valueRequired":true,"valueName":"search_term_string"}}],"inLanguage":"de"},{"@type":"Organization","@id":"https:\/\/yasminfood.ch\/de\/#organization","name":"\u064a\u0627\u0633\u0645\u064a\u0646 \u0645\u0627\u0631\u0643\u062a","alternateName":"Yasmin Food","url":"https:\/\/yasminfood.ch\/de\/","logo":{"@type":"ImageObject","inLanguage":"de","@id":"https:\/\/yasminfood.ch\/de\/#\/schema\/logo\/image\/","url":"https:\/\/yasminfood.ch\/wp-content\/uploads\/2025\/05\/yasmin-food-header-logo.png","contentUrl":"https:\/\/yasminfood.ch\/wp-content\/uploads\/2025\/05\/yasmin-food-header-logo.png","width":330,"height":120,"caption":"\u064a\u0627\u0633\u0645\u064a\u0646 \u0645\u0627\u0631\u0643\u062a"},"image":{"@id":"https:\/\/yasminfood.ch\/de\/#\/schema\/logo\/image\/"},"sameAs":["https:\/\/www.facebook.com\/yasminmarkt1","https:\/\/www.tiktok.com\/@yasminmarkt","https:\/\/www.instagram.com\/yasmin.markt1\/","https:\/\/api.whatsapp.com\/send\/?phone=41799000104"],"publishingPrinciples":"https:\/\/yasminfood.ch\/de\/shop\/","ownershipFundingInfo":"https:\/\/yasminfood.ch\/de\/shop\/"}]},"product_price_amount":"6.00","product_price_currency":"CHF","og_availability":"out of stock","product_availability":"out of stock","product_condition":"new"},"jetpack_sharing_enabled":true,"_links":{"self":[{"href":"https:\/\/yasminfood.ch\/de\/wp-json\/wp\/v2\/product\/119538","targetHints":{"allow":["GET"]}}],"collection":[{"href":"https:\/\/yasminfood.ch\/de\/wp-json\/wp\/v2\/product"}],"about":[{"href":"https:\/\/yasminfood.ch\/de\/wp-json\/wp\/v2\/types\/product"}],"replies":[{"embeddable":true,"href":"https:\/\/yasminfood.ch\/de\/wp-json\/wp\/v2\/comments?post=119538"}],"version-history":[{"count":1,"href":"https:\/\/yasminfood.ch\/de\/wp-json\/wp\/v2\/product\/119538\/revisions"}],"predecessor-version":[{"id":119541,"href":"https:\/\/yasminfood.ch\/de\/wp-json\/wp\/v2\/product\/119538\/revisions\/119541"}],"wp:featuredmedia":[{"embeddable":true,"href":"https:\/\/yasminfood.ch\/de\/wp-json\/wp\/v2\/media\/119530"}],"wp:attachment":[{"href":"https:\/\/yasminfood.ch\/de\/wp-json\/wp\/v2\/media?parent=119538"}],"wp:term":[{"taxonomy":"product_brand","embeddable":true,"href":"https:\/\/yasminfood.ch\/de\/wp-json\/wp\/v2\/product_brand?post=119538"},{"taxonomy":"product_cat","embeddable":true,"href":"https:\/\/yasminfood.ch\/de\/wp-json\/wp\/v2\/product_cat?post=119538"},{"taxonomy":"product_tag","embeddable":true,"href":"https:\/\/yasminfood.ch\/de\/wp-json\/wp\/v2\/product_tag?post=119538"}],"curies":[{"name":"wp","href":"https:\/\/api.w.org\/{rel}","templated":true}]}}