{"id":119564,"date":"2025-09-16T07:06:34","date_gmt":"2025-09-16T05:06:34","guid":{"rendered":"https:\/\/yasminfood.ch\/product\/super-saft-orangensaft-150ml\/"},"modified":"2025-09-16T07:07:46","modified_gmt":"2025-09-16T05:07:46","slug":"super-saft-orangensaft-150ml","status":"publish","type":"product","link":"https:\/\/yasminfood.ch\/de\/product\/super-saft-orangensaft-150ml\/","title":{"rendered":"Super Saft Orangensaft 150ml"},"content":{"rendered":"<p><strong>Super Saft Orangensaft 150ml<\/strong><\/p>\n<ul>\n<li>\n<p data-start=\"121\" data-end=\"296\">Genie\u00dfen Sie den nat\u00fcrlichen und erfrischenden Geschmack von Orangen<\/p>\n<\/li>\n<li>\n<p data-start=\"121\" data-end=\"296\">  Verpackt in einer einfach zu bedienenden dreieckigen Verpackung.<\/p>\n<\/li>\n<li>\n<p data-start=\"121\" data-end=\"296\">Ein perfektes Getr\u00e4nk, um den Tag energiegeladen zu beginnen oder w\u00e4hrend der Arbeits- und Lernzeit zu genie\u00dfen.<\/p>\n<p data-start=\"298\" data-end=\"380\">\u2705 Nat\u00fcrlicher und erfrischender Orangengeschmack<br data-start=\"322\" data-end=\"325\">\u2705 Praktische Flasche mit Strohhalm zum Trinken<br data-start=\"350\" data-end=\"353\">\u2705 Geeignet f\u00fcr Kinder und Erwachsene<\/p>\n<\/li>\n<\/ul>\n","protected":false},"excerpt":{"rendered":"<p><strong>Super Saft Orangensaft 150ml<\/strong><\/p>\n<ul>\n<li>\n<p data-start=\"121\" data-end=\"296\">Genie\u00dfen Sie den nat\u00fcrlichen und erfrischenden Geschmack von Orangen<\/p>\n<\/li>\n<li>\n<p data-start=\"121\" data-end=\"296\">  Verpackt in einer einfach zu bedienenden dreieckigen Verpackung.<\/p>\n<\/li>\n<\/ul>\n","protected":false},"featured_media":119555,"comment_status":"open","ping_status":"closed","template":"","meta":[],"product_brand":[],"product_cat":[367,378],"product_tag":[],"class_list":{"0":"post-119564","1":"product","2":"type-product","3":"status-publish","4":"has-post-thumbnail","6":"product_cat-getraenke-fluessigkeiten","7":"product_cat-safte","9":"first","10":"outofstock","11":"taxable","12":"shipping-taxable","13":"purchasable","14":"product-type-simple"},"yoast_head":"<!-- This site is optimized with the Yoast SEO Premium plugin v26.5 (Yoast SEO v27.3) - https:\/\/yoast.com\/product\/yoast-seo-premium-wordpress\/ -->\n<title>Super Saft Orangensaft 150ml - Yasmin Food<\/title>\n<meta name=\"description\" content=\"Genie\u00dfen Sie den nat\u00fcrlichen Geschmack von Orangen mit Super Juice Orange Juice 150ml. Einfach zu bedienende, praktische Verpackung f\u00fcr die ganze Familie. \ud83c\udf4a Super Saft Orangensaft 150ml\" \/>\n<meta name=\"robots\" content=\"index, follow, max-snippet:-1, max-image-preview:large, max-video-preview:-1\" \/>\n<link rel=\"canonical\" href=\"https:\/\/yasminfood.ch\/de\/product\/super-saft-orangensaft-150ml\/\" \/>\n<meta property=\"og:locale\" content=\"de_DE\" \/>\n<meta property=\"og:type\" content=\"article\" \/>\n<meta property=\"og:title\" content=\"Super Saft Orangensaft 150ml\" \/>\n<meta property=\"og:description\" content=\"Super Saft Orangensaft 150ml   Genie\u00dfen Sie den nat\u00fcrlichen und erfrischenden Geschmack von Orangen    Verpackt in einer einfach zu bedienenden dreieckigen Verpackung.\" \/>\n<meta property=\"og:url\" content=\"https:\/\/yasminfood.ch\/de\/product\/super-saft-orangensaft-150ml\/\" \/>\n<meta property=\"og:site_name\" content=\"Yasmin Food\" \/>\n<meta property=\"article:publisher\" content=\"https:\/\/www.facebook.com\/yasminmarkt1\" \/>\n<meta property=\"article:modified_time\" content=\"2025-09-16T05:07:46+00:00\" \/>\n<meta property=\"og:image\" content=\"https:\/\/yasminfood.ch\/wp-content\/uploads\/2025\/09\/\u0639\u0635\u064a\u0631-\u0627\u0644\u0628\u0631\u062a\u0642\u0627\u0644-\u0633\u0648\u0628\u0631-\u062c\u0648\u0633-150-\u0645\u0644.png\" \/>\n\t<meta property=\"og:image:width\" content=\"1080\" \/>\n\t<meta property=\"og:image:height\" content=\"1080\" \/>\n\t<meta property=\"og:image:type\" content=\"image\/png\" \/>\n<meta name=\"twitter:card\" content=\"summary_large_image\" \/>\n<meta name=\"twitter:label1\" content=\"Preis\" \/>\n\t<meta name=\"twitter:data1\" content=\"0.75&nbsp;&#067;&#072;&#070;\" \/>\n\t<meta name=\"twitter:label2\" content=\"Verf\u00fcgbarkeit\" \/>\n\t<meta name=\"twitter:data2\" content=\"ausverkauft\" \/>\n<script type=\"application\/ld+json\" class=\"yoast-schema-graph\">{\"@context\":\"https:\\\/\\\/schema.org\",\"@graph\":[{\"@type\":\"WebPage\",\"@id\":\"https:\\\/\\\/yasminfood.ch\\\/de\\\/product\\\/super-saft-orangensaft-150ml\\\/\",\"url\":\"https:\\\/\\\/yasminfood.ch\\\/de\\\/product\\\/super-saft-orangensaft-150ml\\\/\",\"name\":\"Super Saft Orangensaft 150ml - Yasmin Food\",\"isPartOf\":{\"@id\":\"https:\\\/\\\/yasminfood.ch\\\/de\\\/#website\"},\"primaryImageOfPage\":{\"@id\":\"https:\\\/\\\/yasminfood.ch\\\/de\\\/product\\\/super-saft-orangensaft-150ml\\\/#primaryimage\"},\"image\":{\"@id\":\"https:\\\/\\\/yasminfood.ch\\\/de\\\/product\\\/super-saft-orangensaft-150ml\\\/#primaryimage\"},\"thumbnailUrl\":\"https:\\\/\\\/yasminfood.ch\\\/wp-content\\\/uploads\\\/2025\\\/09\\\/\u0639\u0635\u064a\u0631-\u0627\u0644\u0628\u0631\u062a\u0642\u0627\u0644-\u0633\u0648\u0628\u0631-\u062c\u0648\u0633-150-\u0645\u0644.png\",\"datePublished\":\"2025-09-16T05:06:34+00:00\",\"dateModified\":\"2025-09-16T05:07:46+00:00\",\"description\":\"Genie\u00dfen Sie den nat\u00fcrlichen Geschmack von Orangen mit Super Juice Orange Juice 150ml. Einfach zu bedienende, praktische Verpackung f\u00fcr die ganze Familie. \ud83c\udf4a Super Saft Orangensaft 150ml\",\"breadcrumb\":{\"@id\":\"https:\\\/\\\/yasminfood.ch\\\/de\\\/product\\\/super-saft-orangensaft-150ml\\\/#breadcrumb\"},\"inLanguage\":\"de\",\"potentialAction\":[{\"@type\":\"ReadAction\",\"target\":[\"https:\\\/\\\/yasminfood.ch\\\/de\\\/product\\\/super-saft-orangensaft-150ml\\\/\"]}]},{\"@type\":\"ImageObject\",\"inLanguage\":\"de\",\"@id\":\"https:\\\/\\\/yasminfood.ch\\\/de\\\/product\\\/super-saft-orangensaft-150ml\\\/#primaryimage\",\"url\":\"https:\\\/\\\/yasminfood.ch\\\/wp-content\\\/uploads\\\/2025\\\/09\\\/\u0639\u0635\u064a\u0631-\u0627\u0644\u0628\u0631\u062a\u0642\u0627\u0644-\u0633\u0648\u0628\u0631-\u062c\u0648\u0633-150-\u0645\u0644.png\",\"contentUrl\":\"https:\\\/\\\/yasminfood.ch\\\/wp-content\\\/uploads\\\/2025\\\/09\\\/\u0639\u0635\u064a\u0631-\u0627\u0644\u0628\u0631\u062a\u0642\u0627\u0644-\u0633\u0648\u0628\u0631-\u062c\u0648\u0633-150-\u0645\u0644.png\",\"width\":1080,\"height\":1080,\"caption\":\"Super Saft Orangensaft 150ml\"},{\"@type\":\"BreadcrumbList\",\"@id\":\"https:\\\/\\\/yasminfood.ch\\\/de\\\/product\\\/super-saft-orangensaft-150ml\\\/#breadcrumb\",\"itemListElement\":[{\"@type\":\"ListItem\",\"position\":1,\"name\":\"\u0627\u0644\u0631\u0626\u064a\u0633\u064a\u0629\",\"item\":\"https:\\\/\\\/yasminfood.ch\\\/de\\\/zuhause\\\/\"},{\"@type\":\"ListItem\",\"position\":2,\"name\":\"Shop\",\"item\":\"https:\\\/\\\/yasminfood.ch\\\/de\\\/shop\\\/\"},{\"@type\":\"ListItem\",\"position\":3,\"name\":\"Getr\u00e4nke &amp; Fl\u00fcssigkeiten\",\"item\":\"https:\\\/\\\/yasminfood.ch\\\/de\\\/produkt-kategorie\\\/getraenke-fluessigkeiten\\\/\"},{\"@type\":\"ListItem\",\"position\":4,\"name\":\"S\u00e4fte\",\"item\":\"https:\\\/\\\/yasminfood.ch\\\/de\\\/produkt-kategorie\\\/getraenke-fluessigkeiten\\\/safte\\\/\"},{\"@type\":\"ListItem\",\"position\":5,\"name\":\"Super Saft Orangensaft 150ml\"}]},{\"@type\":\"WebSite\",\"@id\":\"https:\\\/\\\/yasminfood.ch\\\/de\\\/#website\",\"url\":\"https:\\\/\\\/yasminfood.ch\\\/de\\\/\",\"name\":\"\u064a\u0627\u0633\u0645\u064a\u0646 \u0645\u0627\u0631\u0643\u062a\",\"description\":\"Alles, was Sie brauchen, an einem Ort\",\"publisher\":{\"@id\":\"https:\\\/\\\/yasminfood.ch\\\/de\\\/#organization\"},\"alternateName\":\"Yasmin Food\",\"potentialAction\":[{\"@type\":\"SearchAction\",\"target\":{\"@type\":\"EntryPoint\",\"urlTemplate\":\"https:\\\/\\\/yasminfood.ch\\\/de\\\/?s={search_term_string}\"},\"query-input\":{\"@type\":\"PropertyValueSpecification\",\"valueRequired\":true,\"valueName\":\"search_term_string\"}}],\"inLanguage\":\"de\"},{\"@type\":\"Organization\",\"@id\":\"https:\\\/\\\/yasminfood.ch\\\/de\\\/#organization\",\"name\":\"\u064a\u0627\u0633\u0645\u064a\u0646 \u0645\u0627\u0631\u0643\u062a\",\"alternateName\":\"Yasmin Food\",\"url\":\"https:\\\/\\\/yasminfood.ch\\\/de\\\/\",\"logo\":{\"@type\":\"ImageObject\",\"inLanguage\":\"de\",\"@id\":\"https:\\\/\\\/yasminfood.ch\\\/de\\\/#\\\/schema\\\/logo\\\/image\\\/\",\"url\":\"https:\\\/\\\/yasminfood.ch\\\/wp-content\\\/uploads\\\/2025\\\/05\\\/yasmin-food-header-logo.png\",\"contentUrl\":\"https:\\\/\\\/yasminfood.ch\\\/wp-content\\\/uploads\\\/2025\\\/05\\\/yasmin-food-header-logo.png\",\"width\":330,\"height\":120,\"caption\":\"\u064a\u0627\u0633\u0645\u064a\u0646 \u0645\u0627\u0631\u0643\u062a\"},\"image\":{\"@id\":\"https:\\\/\\\/yasminfood.ch\\\/de\\\/#\\\/schema\\\/logo\\\/image\\\/\"},\"sameAs\":[\"https:\\\/\\\/www.facebook.com\\\/yasminmarkt1\",\"https:\\\/\\\/www.tiktok.com\\\/@yasminmarkt\",\"https:\\\/\\\/www.instagram.com\\\/yasmin.markt1\\\/\",\"https:\\\/\\\/api.whatsapp.com\\\/send\\\/?phone=41799000104\"],\"publishingPrinciples\":\"https:\\\/\\\/yasminfood.ch\\\/de\\\/shop\\\/\",\"ownershipFundingInfo\":\"https:\\\/\\\/yasminfood.ch\\\/de\\\/shop\\\/\"}]}<\/script>\n<meta property=\"product:price:amount\" content=\"0.75\" \/>\n<meta property=\"product:price:currency\" content=\"CHF\" \/>\n<meta property=\"og:availability\" content=\"out of stock\" \/>\n<meta property=\"product:availability\" content=\"out of stock\" \/>\n<meta property=\"product:condition\" content=\"new\" \/>\n<!-- \/ Yoast SEO Premium plugin. -->","yoast_head_json":{"title":"Super Saft Orangensaft 150ml - Yasmin Food","description":"Genie\u00dfen Sie den nat\u00fcrlichen Geschmack von Orangen mit Super Juice Orange Juice 150ml. Einfach zu bedienende, praktische Verpackung f\u00fcr die ganze Familie. \ud83c\udf4a Super Saft Orangensaft 150ml","robots":{"index":"index","follow":"follow","max-snippet":"max-snippet:-1","max-image-preview":"max-image-preview:large","max-video-preview":"max-video-preview:-1"},"canonical":"https:\/\/yasminfood.ch\/de\/product\/super-saft-orangensaft-150ml\/","og_locale":"de_DE","og_type":"article","og_title":"Super Saft Orangensaft 150ml","og_description":"Super Saft Orangensaft 150ml   Genie\u00dfen Sie den nat\u00fcrlichen und erfrischenden Geschmack von Orangen    Verpackt in einer einfach zu bedienenden dreieckigen Verpackung.","og_url":"https:\/\/yasminfood.ch\/de\/product\/super-saft-orangensaft-150ml\/","og_site_name":"Yasmin Food","article_publisher":"https:\/\/www.facebook.com\/yasminmarkt1","article_modified_time":"2025-09-16T05:07:46+00:00","og_image":[{"width":1080,"height":1080,"url":"https:\/\/yasminfood.ch\/wp-content\/uploads\/2025\/09\/\u0639\u0635\u064a\u0631-\u0627\u0644\u0628\u0631\u062a\u0642\u0627\u0644-\u0633\u0648\u0628\u0631-\u062c\u0648\u0633-150-\u0645\u0644.png","type":"image\/png"}],"twitter_card":"summary_large_image","twitter_misc":{"Preis":"0.75&nbsp;&#67;&#72;&#70;","Verf\u00fcgbarkeit":"ausverkauft"},"schema":{"@context":"https:\/\/schema.org","@graph":[{"@type":"WebPage","@id":"https:\/\/yasminfood.ch\/de\/product\/super-saft-orangensaft-150ml\/","url":"https:\/\/yasminfood.ch\/de\/product\/super-saft-orangensaft-150ml\/","name":"Super Saft Orangensaft 150ml - Yasmin Food","isPartOf":{"@id":"https:\/\/yasminfood.ch\/de\/#website"},"primaryImageOfPage":{"@id":"https:\/\/yasminfood.ch\/de\/product\/super-saft-orangensaft-150ml\/#primaryimage"},"image":{"@id":"https:\/\/yasminfood.ch\/de\/product\/super-saft-orangensaft-150ml\/#primaryimage"},"thumbnailUrl":"https:\/\/yasminfood.ch\/wp-content\/uploads\/2025\/09\/\u0639\u0635\u064a\u0631-\u0627\u0644\u0628\u0631\u062a\u0642\u0627\u0644-\u0633\u0648\u0628\u0631-\u062c\u0648\u0633-150-\u0645\u0644.png","datePublished":"2025-09-16T05:06:34+00:00","dateModified":"2025-09-16T05:07:46+00:00","description":"Genie\u00dfen Sie den nat\u00fcrlichen Geschmack von Orangen mit Super Juice Orange Juice 150ml. Einfach zu bedienende, praktische Verpackung f\u00fcr die ganze Familie. \ud83c\udf4a Super Saft Orangensaft 150ml","breadcrumb":{"@id":"https:\/\/yasminfood.ch\/de\/product\/super-saft-orangensaft-150ml\/#breadcrumb"},"inLanguage":"de","potentialAction":[{"@type":"ReadAction","target":["https:\/\/yasminfood.ch\/de\/product\/super-saft-orangensaft-150ml\/"]}]},{"@type":"ImageObject","inLanguage":"de","@id":"https:\/\/yasminfood.ch\/de\/product\/super-saft-orangensaft-150ml\/#primaryimage","url":"https:\/\/yasminfood.ch\/wp-content\/uploads\/2025\/09\/\u0639\u0635\u064a\u0631-\u0627\u0644\u0628\u0631\u062a\u0642\u0627\u0644-\u0633\u0648\u0628\u0631-\u062c\u0648\u0633-150-\u0645\u0644.png","contentUrl":"https:\/\/yasminfood.ch\/wp-content\/uploads\/2025\/09\/\u0639\u0635\u064a\u0631-\u0627\u0644\u0628\u0631\u062a\u0642\u0627\u0644-\u0633\u0648\u0628\u0631-\u062c\u0648\u0633-150-\u0645\u0644.png","width":1080,"height":1080,"caption":"Super Saft Orangensaft 150ml"},{"@type":"BreadcrumbList","@id":"https:\/\/yasminfood.ch\/de\/product\/super-saft-orangensaft-150ml\/#breadcrumb","itemListElement":[{"@type":"ListItem","position":1,"name":"\u0627\u0644\u0631\u0626\u064a\u0633\u064a\u0629","item":"https:\/\/yasminfood.ch\/de\/zuhause\/"},{"@type":"ListItem","position":2,"name":"Shop","item":"https:\/\/yasminfood.ch\/de\/shop\/"},{"@type":"ListItem","position":3,"name":"Getr\u00e4nke &amp; Fl\u00fcssigkeiten","item":"https:\/\/yasminfood.ch\/de\/produkt-kategorie\/getraenke-fluessigkeiten\/"},{"@type":"ListItem","position":4,"name":"S\u00e4fte","item":"https:\/\/yasminfood.ch\/de\/produkt-kategorie\/getraenke-fluessigkeiten\/safte\/"},{"@type":"ListItem","position":5,"name":"Super Saft Orangensaft 150ml"}]},{"@type":"WebSite","@id":"https:\/\/yasminfood.ch\/de\/#website","url":"https:\/\/yasminfood.ch\/de\/","name":"\u064a\u0627\u0633\u0645\u064a\u0646 \u0645\u0627\u0631\u0643\u062a","description":"Alles, was Sie brauchen, an einem Ort","publisher":{"@id":"https:\/\/yasminfood.ch\/de\/#organization"},"alternateName":"Yasmin Food","potentialAction":[{"@type":"SearchAction","target":{"@type":"EntryPoint","urlTemplate":"https:\/\/yasminfood.ch\/de\/?s={search_term_string}"},"query-input":{"@type":"PropertyValueSpecification","valueRequired":true,"valueName":"search_term_string"}}],"inLanguage":"de"},{"@type":"Organization","@id":"https:\/\/yasminfood.ch\/de\/#organization","name":"\u064a\u0627\u0633\u0645\u064a\u0646 \u0645\u0627\u0631\u0643\u062a","alternateName":"Yasmin Food","url":"https:\/\/yasminfood.ch\/de\/","logo":{"@type":"ImageObject","inLanguage":"de","@id":"https:\/\/yasminfood.ch\/de\/#\/schema\/logo\/image\/","url":"https:\/\/yasminfood.ch\/wp-content\/uploads\/2025\/05\/yasmin-food-header-logo.png","contentUrl":"https:\/\/yasminfood.ch\/wp-content\/uploads\/2025\/05\/yasmin-food-header-logo.png","width":330,"height":120,"caption":"\u064a\u0627\u0633\u0645\u064a\u0646 \u0645\u0627\u0631\u0643\u062a"},"image":{"@id":"https:\/\/yasminfood.ch\/de\/#\/schema\/logo\/image\/"},"sameAs":["https:\/\/www.facebook.com\/yasminmarkt1","https:\/\/www.tiktok.com\/@yasminmarkt","https:\/\/www.instagram.com\/yasmin.markt1\/","https:\/\/api.whatsapp.com\/send\/?phone=41799000104"],"publishingPrinciples":"https:\/\/yasminfood.ch\/de\/shop\/","ownershipFundingInfo":"https:\/\/yasminfood.ch\/de\/shop\/"}]},"product_price_amount":"0.75","product_price_currency":"CHF","og_availability":"out of stock","product_availability":"out of stock","product_condition":"new"},"jetpack_sharing_enabled":true,"_links":{"self":[{"href":"https:\/\/yasminfood.ch\/de\/wp-json\/wp\/v2\/product\/119564","targetHints":{"allow":["GET"]}}],"collection":[{"href":"https:\/\/yasminfood.ch\/de\/wp-json\/wp\/v2\/product"}],"about":[{"href":"https:\/\/yasminfood.ch\/de\/wp-json\/wp\/v2\/types\/product"}],"replies":[{"embeddable":true,"href":"https:\/\/yasminfood.ch\/de\/wp-json\/wp\/v2\/comments?post=119564"}],"version-history":[{"count":0,"href":"https:\/\/yasminfood.ch\/de\/wp-json\/wp\/v2\/product\/119564\/revisions"}],"wp:featuredmedia":[{"embeddable":true,"href":"https:\/\/yasminfood.ch\/de\/wp-json\/wp\/v2\/media\/119555"}],"wp:attachment":[{"href":"https:\/\/yasminfood.ch\/de\/wp-json\/wp\/v2\/media?parent=119564"}],"wp:term":[{"taxonomy":"product_brand","embeddable":true,"href":"https:\/\/yasminfood.ch\/de\/wp-json\/wp\/v2\/product_brand?post=119564"},{"taxonomy":"product_cat","embeddable":true,"href":"https:\/\/yasminfood.ch\/de\/wp-json\/wp\/v2\/product_cat?post=119564"},{"taxonomy":"product_tag","embeddable":true,"href":"https:\/\/yasminfood.ch\/de\/wp-json\/wp\/v2\/product_tag?post=119564"}],"curies":[{"name":"wp","href":"https:\/\/api.w.org\/{rel}","templated":true}]}}