{"id":119672,"date":"2025-09-20T11:29:00","date_gmt":"2025-09-20T09:29:00","guid":{"rendered":"https:\/\/yasminfood.ch\/product\/angebot-thunfischstuecke-mit-sonnenblumenoel-lara-160g-suess-gratis-packung\/"},"modified":"2025-09-20T11:41:15","modified_gmt":"2025-09-20T09:41:15","slug":"angebot-thunfischstuecke-mit-sonnenblumenoel-lara-160g-suess-gratis-packung","status":"publish","type":"product","link":"https:\/\/yasminfood.ch\/de\/product\/angebot-thunfischstuecke-mit-sonnenblumenoel-lara-160g-suess-gratis-packung\/","title":{"rendered":"Angebot Thunfischst\u00fccke mit Sonnenblumen\u00f6l Lara 160g s\u00fc\u00df + gratis Packung"},"content":{"rendered":"<p><strong>Angebot Thunfischst\u00fccke mit Sonnenblumen\u00f6l Lara 160g s\u00fc\u00df + gratis Packung<\/strong><\/p>\n<ul>\n<li>\n<p data-start=\"206\" data-end=\"551\">Thunfisch Lara ist gro\u00df geschnitten und von hoher Qualit\u00e4t, eingelegt mit Sonnenblumen\u00f6l <\/p>\n<\/li>\n<li>\n<p data-start=\"206\" data-end=\"551\">Um Ihnen einen reichhaltigen Geschmack und einen hervorragenden N\u00e4hrwert zu bieten.<\/p>\n<\/li>\n<li>\n<p data-start=\"206\" data-end=\"551\">Perfekt f\u00fcr die Zubereitung von Salaten, Sandwiches oder schnellen und gesunden Gerichten. <\/p>\n<\/li>\n<li>\n<p data-start=\"206\" data-end=\"551\">Profitieren Sie von der speziellen \ud83c\udf81 Sparaktion:<\/p>\n<\/li>\n<li>\n<p data-start=\"206\" data-end=\"551\">Wenn Sie eine Packung (160 g) kaufen, erhalten Sie die zweite gratis dazu.<\/p>\n<\/li>\n<li>\n<p data-start=\"206\" data-end=\"551\">Sparen Sie mehr und erhalten Sie die doppelte Menge zum gleichen Preis!<\/p>\n<\/li>\n<\/ul>\n","protected":false},"excerpt":{"rendered":"<p><strong>Angebot Thunfischst\u00fccke mit Sonnenblumen\u00f6l Lara 160g s\u00fc\u00df + gratis Packung<\/strong><\/p>\n<ul>\n<li>\n<p data-start=\"206\" data-end=\"551\">Thunfisch Lara ist gro\u00df geschnitten und von hoher Qualit\u00e4t, eingelegt mit Sonnenblumen\u00f6l <\/p>\n<\/li>\n<li>Um Ihnen einen reichhaltigen Geschmack und einen hervorragenden N\u00e4hrwert zu bieten.<\/li>\n<\/ul>\n","protected":false},"featured_media":119650,"comment_status":"open","ping_status":"closed","template":"","meta":[],"product_brand":[],"product_cat":[245,264],"product_tag":[],"class_list":{"0":"post-119672","1":"product","2":"type-product","3":"status-publish","4":"has-post-thumbnail","6":"product_cat-konserven-lebensmittel","7":"product_cat-thunfisch-sardine","9":"first","10":"outofstock","11":"featured","12":"taxable","13":"shipping-taxable","14":"purchasable","15":"product-type-simple"},"yoast_head":"<!-- This site is optimized with the Yoast SEO Premium plugin v26.5 (Yoast SEO v27.6) - https:\/\/yoast.com\/product\/yoast-seo-premium-wordpress\/ -->\n<title>Angebot Thunfischst\u00fccke mit Sonnenblumen\u00f6l Lara 160g s\u00fc\u00df + gratis Packung - Yasmin Food<\/title>\n<meta name=\"description\" content=\"Genie\u00dfen Sie das Angebot Lara Sunflower Oil Cut Thunfisch 160g und erhalten Sie eine kostenlose Nachf\u00fcllung. Verpassen Sie nicht die Gelegenheit, Ihre gesunden Mahlzeiten noch heute zu verbessern! \ud83c\udf89 Yasmin Food -\" \/>\n<meta name=\"robots\" content=\"index, follow, max-snippet:-1, max-image-preview:large, max-video-preview:-1\" \/>\n<link rel=\"canonical\" href=\"https:\/\/yasminfood.ch\/de\/product\/angebot-thunfischstuecke-mit-sonnenblumenoel-lara-160g-suess-gratis-packung\/\" \/>\n<meta property=\"og:locale\" content=\"de_DE\" \/>\n<meta property=\"og:type\" content=\"article\" \/>\n<meta property=\"og:title\" content=\"Angebot Thunfischst\u00fccke mit Sonnenblumen\u00f6l Lara 160g s\u00fc\u00df + gratis Packung\" \/>\n<meta property=\"og:description\" content=\"Angebot Thunfischst\u00fccke mit Sonnenblumen\u00f6l Lara 160g s\u00fc\u00df + gratis Packung   Thunfisch Lara ist gro\u00df geschnitten und von hoher Qualit\u00e4t, eingelegt mit Sonnenblumen\u00f6l   Um Ihnen einen reichhaltigen Geschmack und einen hervorragenden N\u00e4hrwert zu bieten.\" \/>\n<meta property=\"og:url\" content=\"https:\/\/yasminfood.ch\/de\/product\/angebot-thunfischstuecke-mit-sonnenblumenoel-lara-160g-suess-gratis-packung\/\" \/>\n<meta property=\"og:site_name\" content=\"Yasmin Food\" \/>\n<meta property=\"article:publisher\" content=\"https:\/\/www.facebook.com\/yasminmarkt1\" \/>\n<meta property=\"article:modified_time\" content=\"2025-09-20T09:41:15+00:00\" \/>\n<meta property=\"og:image\" content=\"https:\/\/yasminfood.ch\/wp-content\/uploads\/2025\/09\/\u0639\u0631\u0636-\u062a\u0648\u0646\u0627-\u0642\u0637\u0639-\u0628\u0632\u064a\u062a-\u062f\u0648\u0627\u0631-\u0627\u0644\u0634\u0645\u0633-\u0644\u0627\u0631\u0627-160\u063a\u0631\u0627\u0645-\u062d\u0644\u0648-\u0639\u0628\u0648\u0629-\u0645\u062c\u0627\u0646\u0627-1024x1024.png\" \/>\n\t<meta property=\"og:image:width\" content=\"1024\" \/>\n\t<meta property=\"og:image:height\" content=\"1024\" \/>\n\t<meta property=\"og:image:type\" content=\"image\/png\" \/>\n<meta name=\"twitter:card\" content=\"summary_large_image\" \/>\n<meta name=\"twitter:label1\" content=\"Preis\" \/>\n\t<meta name=\"twitter:data1\" content=\"1.95&nbsp;&#067;&#072;&#070;\" \/>\n\t<meta name=\"twitter:label2\" content=\"Verf\u00fcgbarkeit\" \/>\n\t<meta name=\"twitter:data2\" content=\"ausverkauft\" \/>\n<script type=\"application\/ld+json\" class=\"yoast-schema-graph\">{\"@context\":\"https:\\\/\\\/schema.org\",\"@graph\":[{\"@type\":\"WebPage\",\"@id\":\"https:\\\/\\\/yasminfood.ch\\\/de\\\/product\\\/angebot-thunfischstuecke-mit-sonnenblumenoel-lara-160g-suess-gratis-packung\\\/\",\"url\":\"https:\\\/\\\/yasminfood.ch\\\/de\\\/product\\\/angebot-thunfischstuecke-mit-sonnenblumenoel-lara-160g-suess-gratis-packung\\\/\",\"name\":\"Angebot Thunfischst\u00fccke mit Sonnenblumen\u00f6l Lara 160g s\u00fc\u00df + gratis Packung - Yasmin Food\",\"isPartOf\":{\"@id\":\"https:\\\/\\\/yasminfood.ch\\\/de\\\/#website\"},\"primaryImageOfPage\":{\"@id\":\"https:\\\/\\\/yasminfood.ch\\\/de\\\/product\\\/angebot-thunfischstuecke-mit-sonnenblumenoel-lara-160g-suess-gratis-packung\\\/#primaryimage\"},\"image\":{\"@id\":\"https:\\\/\\\/yasminfood.ch\\\/de\\\/product\\\/angebot-thunfischstuecke-mit-sonnenblumenoel-lara-160g-suess-gratis-packung\\\/#primaryimage\"},\"thumbnailUrl\":\"https:\\\/\\\/yasminfood.ch\\\/wp-content\\\/uploads\\\/2025\\\/09\\\/\u0639\u0631\u0636-\u062a\u0648\u0646\u0627-\u0642\u0637\u0639-\u0628\u0632\u064a\u062a-\u062f\u0648\u0627\u0631-\u0627\u0644\u0634\u0645\u0633-\u0644\u0627\u0631\u0627-160\u063a\u0631\u0627\u0645-\u062d\u0644\u0648-\u0639\u0628\u0648\u0629-\u0645\u062c\u0627\u0646\u0627.png\",\"datePublished\":\"2025-09-20T09:29:00+00:00\",\"dateModified\":\"2025-09-20T09:41:15+00:00\",\"description\":\"Genie\u00dfen Sie das Angebot Lara Sunflower Oil Cut Thunfisch 160g und erhalten Sie eine kostenlose Nachf\u00fcllung. Verpassen Sie nicht die Gelegenheit, Ihre gesunden Mahlzeiten noch heute zu verbessern! \ud83c\udf89 Yasmin Food -\",\"breadcrumb\":{\"@id\":\"https:\\\/\\\/yasminfood.ch\\\/de\\\/product\\\/angebot-thunfischstuecke-mit-sonnenblumenoel-lara-160g-suess-gratis-packung\\\/#breadcrumb\"},\"inLanguage\":\"de\",\"potentialAction\":[{\"@type\":\"ReadAction\",\"target\":[\"https:\\\/\\\/yasminfood.ch\\\/de\\\/product\\\/angebot-thunfischstuecke-mit-sonnenblumenoel-lara-160g-suess-gratis-packung\\\/\"]}]},{\"@type\":\"ImageObject\",\"inLanguage\":\"de\",\"@id\":\"https:\\\/\\\/yasminfood.ch\\\/de\\\/product\\\/angebot-thunfischstuecke-mit-sonnenblumenoel-lara-160g-suess-gratis-packung\\\/#primaryimage\",\"url\":\"https:\\\/\\\/yasminfood.ch\\\/wp-content\\\/uploads\\\/2025\\\/09\\\/\u0639\u0631\u0636-\u062a\u0648\u0646\u0627-\u0642\u0637\u0639-\u0628\u0632\u064a\u062a-\u062f\u0648\u0627\u0631-\u0627\u0644\u0634\u0645\u0633-\u0644\u0627\u0631\u0627-160\u063a\u0631\u0627\u0645-\u062d\u0644\u0648-\u0639\u0628\u0648\u0629-\u0645\u062c\u0627\u0646\u0627.png\",\"contentUrl\":\"https:\\\/\\\/yasminfood.ch\\\/wp-content\\\/uploads\\\/2025\\\/09\\\/\u0639\u0631\u0636-\u062a\u0648\u0646\u0627-\u0642\u0637\u0639-\u0628\u0632\u064a\u062a-\u062f\u0648\u0627\u0631-\u0627\u0644\u0634\u0645\u0633-\u0644\u0627\u0631\u0627-160\u063a\u0631\u0627\u0645-\u062d\u0644\u0648-\u0639\u0628\u0648\u0629-\u0645\u062c\u0627\u0646\u0627.png\",\"width\":1080,\"height\":1080,\"caption\":\"Angebot Thunfischst\u00fccke mit Sonnenblumen\u00f6l Lara 160g s\u00fc\u00df + gratis Packung\"},{\"@type\":\"BreadcrumbList\",\"@id\":\"https:\\\/\\\/yasminfood.ch\\\/de\\\/product\\\/angebot-thunfischstuecke-mit-sonnenblumenoel-lara-160g-suess-gratis-packung\\\/#breadcrumb\",\"itemListElement\":[{\"@type\":\"ListItem\",\"position\":1,\"name\":\"\u0627\u0644\u0631\u0626\u064a\u0633\u064a\u0629\",\"item\":\"https:\\\/\\\/yasminfood.ch\\\/de\\\/zuhause\\\/\"},{\"@type\":\"ListItem\",\"position\":2,\"name\":\"Shop\",\"item\":\"https:\\\/\\\/yasminfood.ch\\\/de\\\/shop\\\/\"},{\"@type\":\"ListItem\",\"position\":3,\"name\":\"Konserven - Lebensmittel\",\"item\":\"https:\\\/\\\/yasminfood.ch\\\/de\\\/produkt-kategorie\\\/konserven-lebensmittel\\\/\"},{\"@type\":\"ListItem\",\"position\":4,\"name\":\"Thunfisch &amp; Sardine\",\"item\":\"https:\\\/\\\/yasminfood.ch\\\/de\\\/produkt-kategorie\\\/konserven-lebensmittel\\\/thunfisch-sardine\\\/\"},{\"@type\":\"ListItem\",\"position\":5,\"name\":\"Angebot Thunfischst\u00fccke mit Sonnenblumen\u00f6l Lara 160g s\u00fc\u00df + gratis Packung\"}]},{\"@type\":\"WebSite\",\"@id\":\"https:\\\/\\\/yasminfood.ch\\\/de\\\/#website\",\"url\":\"https:\\\/\\\/yasminfood.ch\\\/de\\\/\",\"name\":\"\u064a\u0627\u0633\u0645\u064a\u0646 \u0645\u0627\u0631\u0643\u062a\",\"description\":\"Alles, was Sie brauchen, an einem Ort\",\"publisher\":{\"@id\":\"https:\\\/\\\/yasminfood.ch\\\/de\\\/#organization\"},\"alternateName\":\"Yasmin Food\",\"potentialAction\":[{\"@type\":\"SearchAction\",\"target\":{\"@type\":\"EntryPoint\",\"urlTemplate\":\"https:\\\/\\\/yasminfood.ch\\\/de\\\/?s={search_term_string}\"},\"query-input\":{\"@type\":\"PropertyValueSpecification\",\"valueRequired\":true,\"valueName\":\"search_term_string\"}}],\"inLanguage\":\"de\"},{\"@type\":\"Organization\",\"@id\":\"https:\\\/\\\/yasminfood.ch\\\/de\\\/#organization\",\"name\":\"\u064a\u0627\u0633\u0645\u064a\u0646 \u0645\u0627\u0631\u0643\u062a\",\"alternateName\":\"Yasmin Food\",\"url\":\"https:\\\/\\\/yasminfood.ch\\\/de\\\/\",\"logo\":{\"@type\":\"ImageObject\",\"inLanguage\":\"de\",\"@id\":\"https:\\\/\\\/yasminfood.ch\\\/de\\\/#\\\/schema\\\/logo\\\/image\\\/\",\"url\":\"https:\\\/\\\/yasminfood.ch\\\/wp-content\\\/uploads\\\/2025\\\/05\\\/yasmin-food-header-logo.png\",\"contentUrl\":\"https:\\\/\\\/yasminfood.ch\\\/wp-content\\\/uploads\\\/2025\\\/05\\\/yasmin-food-header-logo.png\",\"width\":330,\"height\":120,\"caption\":\"\u064a\u0627\u0633\u0645\u064a\u0646 \u0645\u0627\u0631\u0643\u062a\"},\"image\":{\"@id\":\"https:\\\/\\\/yasminfood.ch\\\/de\\\/#\\\/schema\\\/logo\\\/image\\\/\"},\"sameAs\":[\"https:\\\/\\\/www.facebook.com\\\/yasminmarkt1\",\"https:\\\/\\\/www.tiktok.com\\\/@yasminmarkt\",\"https:\\\/\\\/www.instagram.com\\\/yasmin.markt1\\\/\",\"https:\\\/\\\/api.whatsapp.com\\\/send\\\/?phone=41799000104\"],\"publishingPrinciples\":\"https:\\\/\\\/yasminfood.ch\\\/de\\\/shop\\\/\",\"ownershipFundingInfo\":\"https:\\\/\\\/yasminfood.ch\\\/de\\\/shop\\\/\"}]}<\/script>\n<meta property=\"product:price:amount\" content=\"1.95\" \/>\n<meta property=\"product:price:currency\" content=\"CHF\" \/>\n<meta property=\"og:availability\" content=\"out of stock\" \/>\n<meta property=\"product:availability\" content=\"out of stock\" \/>\n<meta property=\"product:condition\" content=\"new\" \/>\n<!-- \/ Yoast SEO Premium plugin. -->","yoast_head_json":{"title":"Angebot Thunfischst\u00fccke mit Sonnenblumen\u00f6l Lara 160g s\u00fc\u00df + gratis Packung - Yasmin Food","description":"Genie\u00dfen Sie das Angebot Lara Sunflower Oil Cut Thunfisch 160g und erhalten Sie eine kostenlose Nachf\u00fcllung. Verpassen Sie nicht die Gelegenheit, Ihre gesunden Mahlzeiten noch heute zu verbessern! \ud83c\udf89 Yasmin Food -","robots":{"index":"index","follow":"follow","max-snippet":"max-snippet:-1","max-image-preview":"max-image-preview:large","max-video-preview":"max-video-preview:-1"},"canonical":"https:\/\/yasminfood.ch\/de\/product\/angebot-thunfischstuecke-mit-sonnenblumenoel-lara-160g-suess-gratis-packung\/","og_locale":"de_DE","og_type":"article","og_title":"Angebot Thunfischst\u00fccke mit Sonnenblumen\u00f6l Lara 160g s\u00fc\u00df + gratis Packung","og_description":"Angebot Thunfischst\u00fccke mit Sonnenblumen\u00f6l Lara 160g s\u00fc\u00df + gratis Packung   Thunfisch Lara ist gro\u00df geschnitten und von hoher Qualit\u00e4t, eingelegt mit Sonnenblumen\u00f6l   Um Ihnen einen reichhaltigen Geschmack und einen hervorragenden N\u00e4hrwert zu bieten.","og_url":"https:\/\/yasminfood.ch\/de\/product\/angebot-thunfischstuecke-mit-sonnenblumenoel-lara-160g-suess-gratis-packung\/","og_site_name":"Yasmin Food","article_publisher":"https:\/\/www.facebook.com\/yasminmarkt1","article_modified_time":"2025-09-20T09:41:15+00:00","og_image":[{"width":1024,"height":1024,"url":"https:\/\/yasminfood.ch\/wp-content\/uploads\/2025\/09\/\u0639\u0631\u0636-\u062a\u0648\u0646\u0627-\u0642\u0637\u0639-\u0628\u0632\u064a\u062a-\u062f\u0648\u0627\u0631-\u0627\u0644\u0634\u0645\u0633-\u0644\u0627\u0631\u0627-160\u063a\u0631\u0627\u0645-\u062d\u0644\u0648-\u0639\u0628\u0648\u0629-\u0645\u062c\u0627\u0646\u0627-1024x1024.png","type":"image\/png"}],"twitter_card":"summary_large_image","twitter_misc":{"Preis":"1.95&nbsp;&#67;&#72;&#70;","Verf\u00fcgbarkeit":"ausverkauft"},"schema":{"@context":"https:\/\/schema.org","@graph":[{"@type":"WebPage","@id":"https:\/\/yasminfood.ch\/de\/product\/angebot-thunfischstuecke-mit-sonnenblumenoel-lara-160g-suess-gratis-packung\/","url":"https:\/\/yasminfood.ch\/de\/product\/angebot-thunfischstuecke-mit-sonnenblumenoel-lara-160g-suess-gratis-packung\/","name":"Angebot Thunfischst\u00fccke mit Sonnenblumen\u00f6l Lara 160g s\u00fc\u00df + gratis Packung - Yasmin Food","isPartOf":{"@id":"https:\/\/yasminfood.ch\/de\/#website"},"primaryImageOfPage":{"@id":"https:\/\/yasminfood.ch\/de\/product\/angebot-thunfischstuecke-mit-sonnenblumenoel-lara-160g-suess-gratis-packung\/#primaryimage"},"image":{"@id":"https:\/\/yasminfood.ch\/de\/product\/angebot-thunfischstuecke-mit-sonnenblumenoel-lara-160g-suess-gratis-packung\/#primaryimage"},"thumbnailUrl":"https:\/\/yasminfood.ch\/wp-content\/uploads\/2025\/09\/\u0639\u0631\u0636-\u062a\u0648\u0646\u0627-\u0642\u0637\u0639-\u0628\u0632\u064a\u062a-\u062f\u0648\u0627\u0631-\u0627\u0644\u0634\u0645\u0633-\u0644\u0627\u0631\u0627-160\u063a\u0631\u0627\u0645-\u062d\u0644\u0648-\u0639\u0628\u0648\u0629-\u0645\u062c\u0627\u0646\u0627.png","datePublished":"2025-09-20T09:29:00+00:00","dateModified":"2025-09-20T09:41:15+00:00","description":"Genie\u00dfen Sie das Angebot Lara Sunflower Oil Cut Thunfisch 160g und erhalten Sie eine kostenlose Nachf\u00fcllung. Verpassen Sie nicht die Gelegenheit, Ihre gesunden Mahlzeiten noch heute zu verbessern! \ud83c\udf89 Yasmin Food -","breadcrumb":{"@id":"https:\/\/yasminfood.ch\/de\/product\/angebot-thunfischstuecke-mit-sonnenblumenoel-lara-160g-suess-gratis-packung\/#breadcrumb"},"inLanguage":"de","potentialAction":[{"@type":"ReadAction","target":["https:\/\/yasminfood.ch\/de\/product\/angebot-thunfischstuecke-mit-sonnenblumenoel-lara-160g-suess-gratis-packung\/"]}]},{"@type":"ImageObject","inLanguage":"de","@id":"https:\/\/yasminfood.ch\/de\/product\/angebot-thunfischstuecke-mit-sonnenblumenoel-lara-160g-suess-gratis-packung\/#primaryimage","url":"https:\/\/yasminfood.ch\/wp-content\/uploads\/2025\/09\/\u0639\u0631\u0636-\u062a\u0648\u0646\u0627-\u0642\u0637\u0639-\u0628\u0632\u064a\u062a-\u062f\u0648\u0627\u0631-\u0627\u0644\u0634\u0645\u0633-\u0644\u0627\u0631\u0627-160\u063a\u0631\u0627\u0645-\u062d\u0644\u0648-\u0639\u0628\u0648\u0629-\u0645\u062c\u0627\u0646\u0627.png","contentUrl":"https:\/\/yasminfood.ch\/wp-content\/uploads\/2025\/09\/\u0639\u0631\u0636-\u062a\u0648\u0646\u0627-\u0642\u0637\u0639-\u0628\u0632\u064a\u062a-\u062f\u0648\u0627\u0631-\u0627\u0644\u0634\u0645\u0633-\u0644\u0627\u0631\u0627-160\u063a\u0631\u0627\u0645-\u062d\u0644\u0648-\u0639\u0628\u0648\u0629-\u0645\u062c\u0627\u0646\u0627.png","width":1080,"height":1080,"caption":"Angebot Thunfischst\u00fccke mit Sonnenblumen\u00f6l Lara 160g s\u00fc\u00df + gratis Packung"},{"@type":"BreadcrumbList","@id":"https:\/\/yasminfood.ch\/de\/product\/angebot-thunfischstuecke-mit-sonnenblumenoel-lara-160g-suess-gratis-packung\/#breadcrumb","itemListElement":[{"@type":"ListItem","position":1,"name":"\u0627\u0644\u0631\u0626\u064a\u0633\u064a\u0629","item":"https:\/\/yasminfood.ch\/de\/zuhause\/"},{"@type":"ListItem","position":2,"name":"Shop","item":"https:\/\/yasminfood.ch\/de\/shop\/"},{"@type":"ListItem","position":3,"name":"Konserven - Lebensmittel","item":"https:\/\/yasminfood.ch\/de\/produkt-kategorie\/konserven-lebensmittel\/"},{"@type":"ListItem","position":4,"name":"Thunfisch &amp; Sardine","item":"https:\/\/yasminfood.ch\/de\/produkt-kategorie\/konserven-lebensmittel\/thunfisch-sardine\/"},{"@type":"ListItem","position":5,"name":"Angebot Thunfischst\u00fccke mit Sonnenblumen\u00f6l Lara 160g s\u00fc\u00df + gratis Packung"}]},{"@type":"WebSite","@id":"https:\/\/yasminfood.ch\/de\/#website","url":"https:\/\/yasminfood.ch\/de\/","name":"\u064a\u0627\u0633\u0645\u064a\u0646 \u0645\u0627\u0631\u0643\u062a","description":"Alles, was Sie brauchen, an einem Ort","publisher":{"@id":"https:\/\/yasminfood.ch\/de\/#organization"},"alternateName":"Yasmin Food","potentialAction":[{"@type":"SearchAction","target":{"@type":"EntryPoint","urlTemplate":"https:\/\/yasminfood.ch\/de\/?s={search_term_string}"},"query-input":{"@type":"PropertyValueSpecification","valueRequired":true,"valueName":"search_term_string"}}],"inLanguage":"de"},{"@type":"Organization","@id":"https:\/\/yasminfood.ch\/de\/#organization","name":"\u064a\u0627\u0633\u0645\u064a\u0646 \u0645\u0627\u0631\u0643\u062a","alternateName":"Yasmin Food","url":"https:\/\/yasminfood.ch\/de\/","logo":{"@type":"ImageObject","inLanguage":"de","@id":"https:\/\/yasminfood.ch\/de\/#\/schema\/logo\/image\/","url":"https:\/\/yasminfood.ch\/wp-content\/uploads\/2025\/05\/yasmin-food-header-logo.png","contentUrl":"https:\/\/yasminfood.ch\/wp-content\/uploads\/2025\/05\/yasmin-food-header-logo.png","width":330,"height":120,"caption":"\u064a\u0627\u0633\u0645\u064a\u0646 \u0645\u0627\u0631\u0643\u062a"},"image":{"@id":"https:\/\/yasminfood.ch\/de\/#\/schema\/logo\/image\/"},"sameAs":["https:\/\/www.facebook.com\/yasminmarkt1","https:\/\/www.tiktok.com\/@yasminmarkt","https:\/\/www.instagram.com\/yasmin.markt1\/","https:\/\/api.whatsapp.com\/send\/?phone=41799000104"],"publishingPrinciples":"https:\/\/yasminfood.ch\/de\/shop\/","ownershipFundingInfo":"https:\/\/yasminfood.ch\/de\/shop\/"}]},"product_price_amount":"1.95","product_price_currency":"CHF","og_availability":"out of stock","product_availability":"out of stock","product_condition":"new"},"jetpack_sharing_enabled":true,"_links":{"self":[{"href":"https:\/\/yasminfood.ch\/de\/wp-json\/wp\/v2\/product\/119672","targetHints":{"allow":["GET"]}}],"collection":[{"href":"https:\/\/yasminfood.ch\/de\/wp-json\/wp\/v2\/product"}],"about":[{"href":"https:\/\/yasminfood.ch\/de\/wp-json\/wp\/v2\/types\/product"}],"replies":[{"embeddable":true,"href":"https:\/\/yasminfood.ch\/de\/wp-json\/wp\/v2\/comments?post=119672"}],"version-history":[{"count":1,"href":"https:\/\/yasminfood.ch\/de\/wp-json\/wp\/v2\/product\/119672\/revisions"}],"predecessor-version":[{"id":119674,"href":"https:\/\/yasminfood.ch\/de\/wp-json\/wp\/v2\/product\/119672\/revisions\/119674"}],"wp:featuredmedia":[{"embeddable":true,"href":"https:\/\/yasminfood.ch\/de\/wp-json\/wp\/v2\/media\/119650"}],"wp:attachment":[{"href":"https:\/\/yasminfood.ch\/de\/wp-json\/wp\/v2\/media?parent=119672"}],"wp:term":[{"taxonomy":"product_brand","embeddable":true,"href":"https:\/\/yasminfood.ch\/de\/wp-json\/wp\/v2\/product_brand?post=119672"},{"taxonomy":"product_cat","embeddable":true,"href":"https:\/\/yasminfood.ch\/de\/wp-json\/wp\/v2\/product_cat?post=119672"},{"taxonomy":"product_tag","embeddable":true,"href":"https:\/\/yasminfood.ch\/de\/wp-json\/wp\/v2\/product_tag?post=119672"}],"curies":[{"name":"wp","href":"https:\/\/api.w.org\/{rel}","templated":true}]}}