{"id":119742,"date":"2025-09-25T07:22:34","date_gmt":"2025-09-25T05:22:34","guid":{"rendered":"https:\/\/yasminfood.ch\/product\/barbican-pfirsich-malz-sirup-330-ml\/"},"modified":"2025-09-25T07:38:13","modified_gmt":"2025-09-25T05:38:13","slug":"barbican-pfirsich-malz-sirup-330-ml","status":"publish","type":"product","link":"https:\/\/yasminfood.ch\/de\/product\/barbican-pfirsich-malz-sirup-330-ml\/","title":{"rendered":"Barbican Pfirsich-Malz-Sirup 330 ml"},"content":{"rendered":"<p><strong>Barbican Pfirsich-Malz-Sirup 330 ml<\/strong><\/p>\n<ul>\n<li>\n<p data-start=\"433\" data-end=\"751\">Es ist ein leichtes Erfrischungsgetr\u00e4nk, das den authentischen Geschmack von Malz mit dem k\u00f6stlichen fruchtigen Geschmack von Pfirsichen kombiniert.<\/p>\n<\/li>\n<li>\n<p data-start=\"433\" data-end=\"751\">Es bietet Ihnen die perfekte Kombination aus Frische und nat\u00fcrlichem s\u00fc\u00dfem Geschmack,<\/p>\n<\/li>\n<li>\n<p data-start=\"433\" data-end=\"751\">Das macht es zur besten Wahl f\u00fcr Liebhaber von alkoholfreien Getr\u00e4nken mit fruchtigen Aromen. Geeignet f\u00fcr Familienfeiern, Abende oder um es jederzeit k\u00fchl zu genie\u00dfen.  <\/p>\n<p data-start=\"753\" data-end=\"924\">\u2714\ufe0f Alkoholfrei<br data-start=\"770\" data-end=\"773\">\u2714\ufe0f Nat\u00fcrlicher fruchtiger Geschmack mit Pfirsichgeschmack<br data-start=\"804\" data-end=\"807\">\u2714\ufe0f 330 ml sind praktisch und eignen sich zum Solo-Genuss oder zum Teilen<br data-start=\"860\" data-end=\"863\">\u2714\ufe0f Exklusiv bei Yasmine Market mit Lieferung in alle Regionen der Schweiz erh\u00e4ltlich<\/p>\n<\/li>\n<\/ul>\n","protected":false},"excerpt":{"rendered":"<p><strong>Barbican Pfirsich-Malz-Sirup 330 ml<\/strong><\/p>\n<ul>\n<li>\n<p data-start=\"433\" data-end=\"751\">Es ist ein leichtes Erfrischungsgetr\u00e4nk, das den authentischen Geschmack von Malz mit dem k\u00f6stlichen fruchtigen Geschmack von Pfirsichen kombiniert.<\/p>\n<\/li>\n<\/ul>\n","protected":false},"featured_media":119711,"comment_status":"open","ping_status":"closed","template":"","meta":[],"product_brand":[],"product_cat":[367,378],"product_tag":[],"class_list":{"0":"post-119742","1":"product","2":"type-product","3":"status-publish","4":"has-post-thumbnail","6":"product_cat-getraenke-fluessigkeiten","7":"product_cat-safte","9":"first","10":"outofstock","11":"taxable","12":"shipping-taxable","13":"purchasable","14":"product-type-simple"},"yoast_head":"<!-- This site is optimized with the Yoast SEO Premium plugin v26.5 (Yoast SEO v27.3) - https:\/\/yoast.com\/product\/yoast-seo-premium-wordpress\/ -->\n<title>Barbican Pfirsich-Malz-Sirup 330 ml - Yasmin Food<\/title>\n<meta name=\"description\" content=\"Genie\u00dfen Sie den erfrischenden Geschmack von Barbican Pfirsichmalzsirup 330ml! Kombinieren Sie den nat\u00fcrlichen Geschmack von Malz mit dem k\u00f6stlichen Geschmack von Pfirsichen, probieren Sie es jetzt aus! Barbican Pfirsich-Malz-Sirup 330 ml\" \/>\n<meta name=\"robots\" content=\"index, follow, max-snippet:-1, max-image-preview:large, max-video-preview:-1\" \/>\n<link rel=\"canonical\" href=\"https:\/\/yasminfood.ch\/de\/product\/barbican-pfirsich-malz-sirup-330-ml\/\" \/>\n<meta property=\"og:locale\" content=\"de_DE\" \/>\n<meta property=\"og:type\" content=\"article\" \/>\n<meta property=\"og:title\" content=\"Barbican Pfirsich-Malz-Sirup 330 ml\" \/>\n<meta property=\"og:description\" content=\"Barbican Pfirsich-Malz-Sirup 330 ml   Es ist ein leichtes Erfrischungsgetr\u00e4nk, das den authentischen Geschmack von Malz mit dem k\u00f6stlichen fruchtigen Geschmack von Pfirsichen kombiniert.\" \/>\n<meta property=\"og:url\" content=\"https:\/\/yasminfood.ch\/de\/product\/barbican-pfirsich-malz-sirup-330-ml\/\" \/>\n<meta property=\"og:site_name\" content=\"Yasmin Food\" \/>\n<meta property=\"article:publisher\" content=\"https:\/\/www.facebook.com\/yasminmarkt1\" \/>\n<meta property=\"article:modified_time\" content=\"2025-09-25T05:38:13+00:00\" \/>\n<meta property=\"og:image\" content=\"https:\/\/yasminfood.ch\/wp-content\/uploads\/2025\/09\/\u0634\u0631\u0627\u0628-\u0634\u0639\u064a\u0631-\u0628\u0631\u0628\u064a\u0643\u0627\u0646-\u062f\u0631\u0627\u0642-330\u0645\u06446.png\" \/>\n\t<meta property=\"og:image:width\" content=\"1080\" \/>\n\t<meta property=\"og:image:height\" content=\"1080\" \/>\n\t<meta property=\"og:image:type\" content=\"image\/png\" \/>\n<meta name=\"twitter:card\" content=\"summary_large_image\" \/>\n<meta name=\"twitter:label1\" content=\"Preis\" \/>\n\t<meta name=\"twitter:data1\" content=\"2.25&nbsp;&#067;&#072;&#070;\" \/>\n\t<meta name=\"twitter:label2\" content=\"Verf\u00fcgbarkeit\" \/>\n\t<meta name=\"twitter:data2\" content=\"ausverkauft\" \/>\n<script type=\"application\/ld+json\" class=\"yoast-schema-graph\">{\"@context\":\"https:\\\/\\\/schema.org\",\"@graph\":[{\"@type\":\"WebPage\",\"@id\":\"https:\\\/\\\/yasminfood.ch\\\/de\\\/product\\\/barbican-pfirsich-malz-sirup-330-ml\\\/\",\"url\":\"https:\\\/\\\/yasminfood.ch\\\/de\\\/product\\\/barbican-pfirsich-malz-sirup-330-ml\\\/\",\"name\":\"Barbican Pfirsich-Malz-Sirup 330 ml - Yasmin Food\",\"isPartOf\":{\"@id\":\"https:\\\/\\\/yasminfood.ch\\\/de\\\/#website\"},\"primaryImageOfPage\":{\"@id\":\"https:\\\/\\\/yasminfood.ch\\\/de\\\/product\\\/barbican-pfirsich-malz-sirup-330-ml\\\/#primaryimage\"},\"image\":{\"@id\":\"https:\\\/\\\/yasminfood.ch\\\/de\\\/product\\\/barbican-pfirsich-malz-sirup-330-ml\\\/#primaryimage\"},\"thumbnailUrl\":\"https:\\\/\\\/yasminfood.ch\\\/wp-content\\\/uploads\\\/2025\\\/09\\\/\u0634\u0631\u0627\u0628-\u0634\u0639\u064a\u0631-\u0628\u0631\u0628\u064a\u0643\u0627\u0646-\u062f\u0631\u0627\u0642-330\u0645\u06446.png\",\"datePublished\":\"2025-09-25T05:22:34+00:00\",\"dateModified\":\"2025-09-25T05:38:13+00:00\",\"description\":\"Genie\u00dfen Sie den erfrischenden Geschmack von Barbican Pfirsichmalzsirup 330ml! Kombinieren Sie den nat\u00fcrlichen Geschmack von Malz mit dem k\u00f6stlichen Geschmack von Pfirsichen, probieren Sie es jetzt aus! Barbican Pfirsich-Malz-Sirup 330 ml\",\"breadcrumb\":{\"@id\":\"https:\\\/\\\/yasminfood.ch\\\/de\\\/product\\\/barbican-pfirsich-malz-sirup-330-ml\\\/#breadcrumb\"},\"inLanguage\":\"de\",\"potentialAction\":[{\"@type\":\"ReadAction\",\"target\":[\"https:\\\/\\\/yasminfood.ch\\\/de\\\/product\\\/barbican-pfirsich-malz-sirup-330-ml\\\/\"]}]},{\"@type\":\"ImageObject\",\"inLanguage\":\"de\",\"@id\":\"https:\\\/\\\/yasminfood.ch\\\/de\\\/product\\\/barbican-pfirsich-malz-sirup-330-ml\\\/#primaryimage\",\"url\":\"https:\\\/\\\/yasminfood.ch\\\/wp-content\\\/uploads\\\/2025\\\/09\\\/\u0634\u0631\u0627\u0628-\u0634\u0639\u064a\u0631-\u0628\u0631\u0628\u064a\u0643\u0627\u0646-\u062f\u0631\u0627\u0642-330\u0645\u06446.png\",\"contentUrl\":\"https:\\\/\\\/yasminfood.ch\\\/wp-content\\\/uploads\\\/2025\\\/09\\\/\u0634\u0631\u0627\u0628-\u0634\u0639\u064a\u0631-\u0628\u0631\u0628\u064a\u0643\u0627\u0646-\u062f\u0631\u0627\u0642-330\u0645\u06446.png\",\"width\":1080,\"height\":1080,\"caption\":\"Barbican Pfirsich-Malz-Sirup 330 ml\"},{\"@type\":\"BreadcrumbList\",\"@id\":\"https:\\\/\\\/yasminfood.ch\\\/de\\\/product\\\/barbican-pfirsich-malz-sirup-330-ml\\\/#breadcrumb\",\"itemListElement\":[{\"@type\":\"ListItem\",\"position\":1,\"name\":\"\u0627\u0644\u0631\u0626\u064a\u0633\u064a\u0629\",\"item\":\"https:\\\/\\\/yasminfood.ch\\\/de\\\/zuhause\\\/\"},{\"@type\":\"ListItem\",\"position\":2,\"name\":\"Shop\",\"item\":\"https:\\\/\\\/yasminfood.ch\\\/de\\\/shop\\\/\"},{\"@type\":\"ListItem\",\"position\":3,\"name\":\"Getr\u00e4nke &amp; Fl\u00fcssigkeiten\",\"item\":\"https:\\\/\\\/yasminfood.ch\\\/de\\\/produkt-kategorie\\\/getraenke-fluessigkeiten\\\/\"},{\"@type\":\"ListItem\",\"position\":4,\"name\":\"S\u00e4fte\",\"item\":\"https:\\\/\\\/yasminfood.ch\\\/de\\\/produkt-kategorie\\\/getraenke-fluessigkeiten\\\/safte\\\/\"},{\"@type\":\"ListItem\",\"position\":5,\"name\":\"Barbican Pfirsich-Malz-Sirup 330 ml\"}]},{\"@type\":\"WebSite\",\"@id\":\"https:\\\/\\\/yasminfood.ch\\\/de\\\/#website\",\"url\":\"https:\\\/\\\/yasminfood.ch\\\/de\\\/\",\"name\":\"\u064a\u0627\u0633\u0645\u064a\u0646 \u0645\u0627\u0631\u0643\u062a\",\"description\":\"Alles, was Sie brauchen, an einem Ort\",\"publisher\":{\"@id\":\"https:\\\/\\\/yasminfood.ch\\\/de\\\/#organization\"},\"alternateName\":\"Yasmin Food\",\"potentialAction\":[{\"@type\":\"SearchAction\",\"target\":{\"@type\":\"EntryPoint\",\"urlTemplate\":\"https:\\\/\\\/yasminfood.ch\\\/de\\\/?s={search_term_string}\"},\"query-input\":{\"@type\":\"PropertyValueSpecification\",\"valueRequired\":true,\"valueName\":\"search_term_string\"}}],\"inLanguage\":\"de\"},{\"@type\":\"Organization\",\"@id\":\"https:\\\/\\\/yasminfood.ch\\\/de\\\/#organization\",\"name\":\"\u064a\u0627\u0633\u0645\u064a\u0646 \u0645\u0627\u0631\u0643\u062a\",\"alternateName\":\"Yasmin Food\",\"url\":\"https:\\\/\\\/yasminfood.ch\\\/de\\\/\",\"logo\":{\"@type\":\"ImageObject\",\"inLanguage\":\"de\",\"@id\":\"https:\\\/\\\/yasminfood.ch\\\/de\\\/#\\\/schema\\\/logo\\\/image\\\/\",\"url\":\"https:\\\/\\\/yasminfood.ch\\\/wp-content\\\/uploads\\\/2025\\\/05\\\/yasmin-food-header-logo.png\",\"contentUrl\":\"https:\\\/\\\/yasminfood.ch\\\/wp-content\\\/uploads\\\/2025\\\/05\\\/yasmin-food-header-logo.png\",\"width\":330,\"height\":120,\"caption\":\"\u064a\u0627\u0633\u0645\u064a\u0646 \u0645\u0627\u0631\u0643\u062a\"},\"image\":{\"@id\":\"https:\\\/\\\/yasminfood.ch\\\/de\\\/#\\\/schema\\\/logo\\\/image\\\/\"},\"sameAs\":[\"https:\\\/\\\/www.facebook.com\\\/yasminmarkt1\",\"https:\\\/\\\/www.tiktok.com\\\/@yasminmarkt\",\"https:\\\/\\\/www.instagram.com\\\/yasmin.markt1\\\/\",\"https:\\\/\\\/api.whatsapp.com\\\/send\\\/?phone=41799000104\"],\"publishingPrinciples\":\"https:\\\/\\\/yasminfood.ch\\\/de\\\/shop\\\/\",\"ownershipFundingInfo\":\"https:\\\/\\\/yasminfood.ch\\\/de\\\/shop\\\/\"}]}<\/script>\n<meta property=\"product:price:amount\" content=\"2.25\" \/>\n<meta property=\"product:price:currency\" content=\"CHF\" \/>\n<meta property=\"og:availability\" content=\"out of stock\" \/>\n<meta property=\"product:availability\" content=\"out of stock\" \/>\n<meta property=\"product:condition\" content=\"new\" \/>\n<!-- \/ Yoast SEO Premium plugin. -->","yoast_head_json":{"title":"Barbican Pfirsich-Malz-Sirup 330 ml - Yasmin Food","description":"Genie\u00dfen Sie den erfrischenden Geschmack von Barbican Pfirsichmalzsirup 330ml! Kombinieren Sie den nat\u00fcrlichen Geschmack von Malz mit dem k\u00f6stlichen Geschmack von Pfirsichen, probieren Sie es jetzt aus! Barbican Pfirsich-Malz-Sirup 330 ml","robots":{"index":"index","follow":"follow","max-snippet":"max-snippet:-1","max-image-preview":"max-image-preview:large","max-video-preview":"max-video-preview:-1"},"canonical":"https:\/\/yasminfood.ch\/de\/product\/barbican-pfirsich-malz-sirup-330-ml\/","og_locale":"de_DE","og_type":"article","og_title":"Barbican Pfirsich-Malz-Sirup 330 ml","og_description":"Barbican Pfirsich-Malz-Sirup 330 ml   Es ist ein leichtes Erfrischungsgetr\u00e4nk, das den authentischen Geschmack von Malz mit dem k\u00f6stlichen fruchtigen Geschmack von Pfirsichen kombiniert.","og_url":"https:\/\/yasminfood.ch\/de\/product\/barbican-pfirsich-malz-sirup-330-ml\/","og_site_name":"Yasmin Food","article_publisher":"https:\/\/www.facebook.com\/yasminmarkt1","article_modified_time":"2025-09-25T05:38:13+00:00","og_image":[{"width":1080,"height":1080,"url":"https:\/\/yasminfood.ch\/wp-content\/uploads\/2025\/09\/\u0634\u0631\u0627\u0628-\u0634\u0639\u064a\u0631-\u0628\u0631\u0628\u064a\u0643\u0627\u0646-\u062f\u0631\u0627\u0642-330\u0645\u06446.png","type":"image\/png"}],"twitter_card":"summary_large_image","twitter_misc":{"Preis":"2.25&nbsp;&#67;&#72;&#70;","Verf\u00fcgbarkeit":"ausverkauft"},"schema":{"@context":"https:\/\/schema.org","@graph":[{"@type":"WebPage","@id":"https:\/\/yasminfood.ch\/de\/product\/barbican-pfirsich-malz-sirup-330-ml\/","url":"https:\/\/yasminfood.ch\/de\/product\/barbican-pfirsich-malz-sirup-330-ml\/","name":"Barbican Pfirsich-Malz-Sirup 330 ml - Yasmin Food","isPartOf":{"@id":"https:\/\/yasminfood.ch\/de\/#website"},"primaryImageOfPage":{"@id":"https:\/\/yasminfood.ch\/de\/product\/barbican-pfirsich-malz-sirup-330-ml\/#primaryimage"},"image":{"@id":"https:\/\/yasminfood.ch\/de\/product\/barbican-pfirsich-malz-sirup-330-ml\/#primaryimage"},"thumbnailUrl":"https:\/\/yasminfood.ch\/wp-content\/uploads\/2025\/09\/\u0634\u0631\u0627\u0628-\u0634\u0639\u064a\u0631-\u0628\u0631\u0628\u064a\u0643\u0627\u0646-\u062f\u0631\u0627\u0642-330\u0645\u06446.png","datePublished":"2025-09-25T05:22:34+00:00","dateModified":"2025-09-25T05:38:13+00:00","description":"Genie\u00dfen Sie den erfrischenden Geschmack von Barbican Pfirsichmalzsirup 330ml! Kombinieren Sie den nat\u00fcrlichen Geschmack von Malz mit dem k\u00f6stlichen Geschmack von Pfirsichen, probieren Sie es jetzt aus! Barbican Pfirsich-Malz-Sirup 330 ml","breadcrumb":{"@id":"https:\/\/yasminfood.ch\/de\/product\/barbican-pfirsich-malz-sirup-330-ml\/#breadcrumb"},"inLanguage":"de","potentialAction":[{"@type":"ReadAction","target":["https:\/\/yasminfood.ch\/de\/product\/barbican-pfirsich-malz-sirup-330-ml\/"]}]},{"@type":"ImageObject","inLanguage":"de","@id":"https:\/\/yasminfood.ch\/de\/product\/barbican-pfirsich-malz-sirup-330-ml\/#primaryimage","url":"https:\/\/yasminfood.ch\/wp-content\/uploads\/2025\/09\/\u0634\u0631\u0627\u0628-\u0634\u0639\u064a\u0631-\u0628\u0631\u0628\u064a\u0643\u0627\u0646-\u062f\u0631\u0627\u0642-330\u0645\u06446.png","contentUrl":"https:\/\/yasminfood.ch\/wp-content\/uploads\/2025\/09\/\u0634\u0631\u0627\u0628-\u0634\u0639\u064a\u0631-\u0628\u0631\u0628\u064a\u0643\u0627\u0646-\u062f\u0631\u0627\u0642-330\u0645\u06446.png","width":1080,"height":1080,"caption":"Barbican Pfirsich-Malz-Sirup 330 ml"},{"@type":"BreadcrumbList","@id":"https:\/\/yasminfood.ch\/de\/product\/barbican-pfirsich-malz-sirup-330-ml\/#breadcrumb","itemListElement":[{"@type":"ListItem","position":1,"name":"\u0627\u0644\u0631\u0626\u064a\u0633\u064a\u0629","item":"https:\/\/yasminfood.ch\/de\/zuhause\/"},{"@type":"ListItem","position":2,"name":"Shop","item":"https:\/\/yasminfood.ch\/de\/shop\/"},{"@type":"ListItem","position":3,"name":"Getr\u00e4nke &amp; Fl\u00fcssigkeiten","item":"https:\/\/yasminfood.ch\/de\/produkt-kategorie\/getraenke-fluessigkeiten\/"},{"@type":"ListItem","position":4,"name":"S\u00e4fte","item":"https:\/\/yasminfood.ch\/de\/produkt-kategorie\/getraenke-fluessigkeiten\/safte\/"},{"@type":"ListItem","position":5,"name":"Barbican Pfirsich-Malz-Sirup 330 ml"}]},{"@type":"WebSite","@id":"https:\/\/yasminfood.ch\/de\/#website","url":"https:\/\/yasminfood.ch\/de\/","name":"\u064a\u0627\u0633\u0645\u064a\u0646 \u0645\u0627\u0631\u0643\u062a","description":"Alles, was Sie brauchen, an einem Ort","publisher":{"@id":"https:\/\/yasminfood.ch\/de\/#organization"},"alternateName":"Yasmin Food","potentialAction":[{"@type":"SearchAction","target":{"@type":"EntryPoint","urlTemplate":"https:\/\/yasminfood.ch\/de\/?s={search_term_string}"},"query-input":{"@type":"PropertyValueSpecification","valueRequired":true,"valueName":"search_term_string"}}],"inLanguage":"de"},{"@type":"Organization","@id":"https:\/\/yasminfood.ch\/de\/#organization","name":"\u064a\u0627\u0633\u0645\u064a\u0646 \u0645\u0627\u0631\u0643\u062a","alternateName":"Yasmin Food","url":"https:\/\/yasminfood.ch\/de\/","logo":{"@type":"ImageObject","inLanguage":"de","@id":"https:\/\/yasminfood.ch\/de\/#\/schema\/logo\/image\/","url":"https:\/\/yasminfood.ch\/wp-content\/uploads\/2025\/05\/yasmin-food-header-logo.png","contentUrl":"https:\/\/yasminfood.ch\/wp-content\/uploads\/2025\/05\/yasmin-food-header-logo.png","width":330,"height":120,"caption":"\u064a\u0627\u0633\u0645\u064a\u0646 \u0645\u0627\u0631\u0643\u062a"},"image":{"@id":"https:\/\/yasminfood.ch\/de\/#\/schema\/logo\/image\/"},"sameAs":["https:\/\/www.facebook.com\/yasminmarkt1","https:\/\/www.tiktok.com\/@yasminmarkt","https:\/\/www.instagram.com\/yasmin.markt1\/","https:\/\/api.whatsapp.com\/send\/?phone=41799000104"],"publishingPrinciples":"https:\/\/yasminfood.ch\/de\/shop\/","ownershipFundingInfo":"https:\/\/yasminfood.ch\/de\/shop\/"}]},"product_price_amount":"2.25","product_price_currency":"CHF","og_availability":"out of stock","product_availability":"out of stock","product_condition":"new"},"jetpack_sharing_enabled":true,"_links":{"self":[{"href":"https:\/\/yasminfood.ch\/de\/wp-json\/wp\/v2\/product\/119742","targetHints":{"allow":["GET"]}}],"collection":[{"href":"https:\/\/yasminfood.ch\/de\/wp-json\/wp\/v2\/product"}],"about":[{"href":"https:\/\/yasminfood.ch\/de\/wp-json\/wp\/v2\/types\/product"}],"replies":[{"embeddable":true,"href":"https:\/\/yasminfood.ch\/de\/wp-json\/wp\/v2\/comments?post=119742"}],"version-history":[{"count":0,"href":"https:\/\/yasminfood.ch\/de\/wp-json\/wp\/v2\/product\/119742\/revisions"}],"wp:featuredmedia":[{"embeddable":true,"href":"https:\/\/yasminfood.ch\/de\/wp-json\/wp\/v2\/media\/119711"}],"wp:attachment":[{"href":"https:\/\/yasminfood.ch\/de\/wp-json\/wp\/v2\/media?parent=119742"}],"wp:term":[{"taxonomy":"product_brand","embeddable":true,"href":"https:\/\/yasminfood.ch\/de\/wp-json\/wp\/v2\/product_brand?post=119742"},{"taxonomy":"product_cat","embeddable":true,"href":"https:\/\/yasminfood.ch\/de\/wp-json\/wp\/v2\/product_cat?post=119742"},{"taxonomy":"product_tag","embeddable":true,"href":"https:\/\/yasminfood.ch\/de\/wp-json\/wp\/v2\/product_tag?post=119742"}],"curies":[{"name":"wp","href":"https:\/\/api.w.org\/{rel}","templated":true}]}}