{"id":119785,"date":"2025-09-26T16:31:03","date_gmt":"2025-09-26T14:31:03","guid":{"rendered":"https:\/\/yasminfood.ch\/product\/suesse-schokoladenkekse-10-stueck\/"},"modified":"2025-09-26T16:31:54","modified_gmt":"2025-09-26T14:31:54","slug":"suesse-schokoladenkekse-10-stueck","status":"publish","type":"product","link":"https:\/\/yasminfood.ch\/de\/product\/suesse-schokoladenkekse-10-stueck\/","title":{"rendered":"S\u00fc\u00dfe Schokoladenkekse 10 St\u00fcck"},"content":{"rendered":"<p><strong>S\u00fc\u00dfe Schokoladenkekse 10 St\u00fcck<\/strong><\/p>\n<ul>\n<li>\n<p data-start=\"489\" data-end=\"817\">Es ist die perfekte Wahl, um einen Geschmack zu genie\u00dfen, der Knusprigkeit und reichhaltigen Geschmack kombiniert.<\/p>\n<\/li>\n<li>\n<p data-start=\"489\" data-end=\"817\">Es besteht aus leichten Keksschichten, die mit einer Schokoladenschicht und einer k\u00f6stlichen cremigen F\u00fcllung \u00fcberzogen sind, wodurch es f\u00fcr die ganze Familie geeignet ist.<\/p>\n<\/li>\n<li>\n<p data-start=\"489\" data-end=\"817\">Ob als Snack zum Kaffee oder als Dessert zu jeder Tageszeit, es gibt Ihnen unwiderstehliche Energie und Geschmack. <\/p>\n<p data-start=\"819\" data-end=\"972\">\u2714\ufe0f Knusprige Kekse mit cremiger F\u00fcllung<br data-start=\"847\" data-end=\"850\">\u2714\ufe0f Gekr\u00f6nt mit einem reichhaltigen Schokoladen\u00fcberzug<br data-start=\"880\" data-end=\"883\">\u2714\ufe0f Ideal f\u00fcr Kinder und Erwachsene<br data-start=\"907\" data-end=\"910\">\u2714\ufe0f Jetzt bei Yasmine Food erh\u00e4ltlich mit schneller Lieferung in alle Regionen der Schweiz<\/p>\n<\/li>\n<\/ul>\n","protected":false},"excerpt":{"rendered":"<p><strong>S\u00fc\u00dfe Schokoladenkekse 10 St\u00fcck<\/strong><\/p>\n<ul>\n<li>\n<p data-start=\"489\" data-end=\"817\">Es ist die perfekte Wahl, um einen Geschmack zu genie\u00dfen, der Knusprigkeit und reichhaltigen Geschmack kombiniert.<\/p>\n<\/li>\n<\/ul>\n","protected":false},"featured_media":119783,"comment_status":"open","ping_status":"closed","template":"","meta":[],"product_brand":[],"product_cat":[297,305],"product_tag":[],"class_list":{"0":"post-119785","1":"product","2":"type-product","3":"status-publish","4":"has-post-thumbnail","6":"product_cat-dessert-chips-2","7":"product_cat-kekse","9":"first","10":"instock","11":"taxable","12":"shipping-taxable","13":"purchasable","14":"product-type-simple"},"yoast_head":"<!-- This site is optimized with the Yoast SEO Premium plugin v26.5 (Yoast SEO v27.3) - https:\/\/yoast.com\/product\/yoast-seo-premium-wordpress\/ -->\n<title>S\u00fc\u00dfe Schokoladenkekse 10 St\u00fcck - Yasmin Food<\/title>\n<meta name=\"description\" content=\"Genie\u00dfen Sie einen k\u00f6stlichen Crunch mit diesen 10 St\u00fcck Chocolate Sweet Biscuits, die reichhaltigen Geschmack und Cremigkeit vereinen. Machen Sie jeden Moment mit jedem Bissen zu etwas Besonderem! S\u00fc\u00dfe Schokoladenkekse 10 St\u00fcck\" \/>\n<meta name=\"robots\" content=\"index, follow, max-snippet:-1, max-image-preview:large, max-video-preview:-1\" \/>\n<link rel=\"canonical\" href=\"https:\/\/yasminfood.ch\/de\/product\/suesse-schokoladenkekse-10-stueck\/\" \/>\n<meta property=\"og:locale\" content=\"de_DE\" \/>\n<meta property=\"og:type\" content=\"article\" \/>\n<meta property=\"og:title\" content=\"S\u00fc\u00dfe Schokoladenkekse 10 St\u00fcck\" \/>\n<meta property=\"og:description\" content=\"S\u00fc\u00dfe Schokoladenkekse 10 St\u00fcck   Es ist die perfekte Wahl, um einen Geschmack zu genie\u00dfen, der Knusprigkeit und reichhaltigen Geschmack kombiniert.\" \/>\n<meta property=\"og:url\" content=\"https:\/\/yasminfood.ch\/de\/product\/suesse-schokoladenkekse-10-stueck\/\" \/>\n<meta property=\"og:site_name\" content=\"Yasmin Food\" \/>\n<meta property=\"article:publisher\" content=\"https:\/\/www.facebook.com\/yasminmarkt1\" \/>\n<meta property=\"article:modified_time\" content=\"2025-09-26T14:31:54+00:00\" \/>\n<meta property=\"og:image\" content=\"https:\/\/yasminfood.ch\/wp-content\/uploads\/2025\/09\/\u0628\u0633\u0643\u0648\u064a\u062a-\u0627\u0644\u062d\u0644\u0648\u064a\u0646-\u0634\u0648\u0643\u0648\u0644\u0627-10-\u0642\u0637\u0639\u0629.png\" \/>\n\t<meta property=\"og:image:width\" content=\"1080\" \/>\n\t<meta property=\"og:image:height\" content=\"1080\" \/>\n\t<meta property=\"og:image:type\" content=\"image\/png\" \/>\n<meta name=\"twitter:card\" content=\"summary_large_image\" \/>\n<meta name=\"twitter:label1\" content=\"Preis\" \/>\n\t<meta name=\"twitter:data1\" content=\"4.95&nbsp;&#067;&#072;&#070;\" \/>\n\t<meta name=\"twitter:label2\" content=\"Verf\u00fcgbarkeit\" \/>\n\t<meta name=\"twitter:data2\" content=\"Auf Lager\" \/>\n<script type=\"application\/ld+json\" class=\"yoast-schema-graph\">{\"@context\":\"https:\\\/\\\/schema.org\",\"@graph\":[{\"@type\":\"WebPage\",\"@id\":\"https:\\\/\\\/yasminfood.ch\\\/de\\\/product\\\/suesse-schokoladenkekse-10-stueck\\\/\",\"url\":\"https:\\\/\\\/yasminfood.ch\\\/de\\\/product\\\/suesse-schokoladenkekse-10-stueck\\\/\",\"name\":\"S\u00fc\u00dfe Schokoladenkekse 10 St\u00fcck - Yasmin Food\",\"isPartOf\":{\"@id\":\"https:\\\/\\\/yasminfood.ch\\\/de\\\/#website\"},\"primaryImageOfPage\":{\"@id\":\"https:\\\/\\\/yasminfood.ch\\\/de\\\/product\\\/suesse-schokoladenkekse-10-stueck\\\/#primaryimage\"},\"image\":{\"@id\":\"https:\\\/\\\/yasminfood.ch\\\/de\\\/product\\\/suesse-schokoladenkekse-10-stueck\\\/#primaryimage\"},\"thumbnailUrl\":\"https:\\\/\\\/yasminfood.ch\\\/wp-content\\\/uploads\\\/2025\\\/09\\\/\u0628\u0633\u0643\u0648\u064a\u062a-\u0627\u0644\u062d\u0644\u0648\u064a\u0646-\u0634\u0648\u0643\u0648\u0644\u0627-10-\u0642\u0637\u0639\u0629.png\",\"datePublished\":\"2025-09-26T14:31:03+00:00\",\"dateModified\":\"2025-09-26T14:31:54+00:00\",\"description\":\"Genie\u00dfen Sie einen k\u00f6stlichen Crunch mit diesen 10 St\u00fcck Chocolate Sweet Biscuits, die reichhaltigen Geschmack und Cremigkeit vereinen. Machen Sie jeden Moment mit jedem Bissen zu etwas Besonderem! S\u00fc\u00dfe Schokoladenkekse 10 St\u00fcck\",\"breadcrumb\":{\"@id\":\"https:\\\/\\\/yasminfood.ch\\\/de\\\/product\\\/suesse-schokoladenkekse-10-stueck\\\/#breadcrumb\"},\"inLanguage\":\"de\",\"potentialAction\":[{\"@type\":\"ReadAction\",\"target\":[\"https:\\\/\\\/yasminfood.ch\\\/de\\\/product\\\/suesse-schokoladenkekse-10-stueck\\\/\"]}]},{\"@type\":\"ImageObject\",\"inLanguage\":\"de\",\"@id\":\"https:\\\/\\\/yasminfood.ch\\\/de\\\/product\\\/suesse-schokoladenkekse-10-stueck\\\/#primaryimage\",\"url\":\"https:\\\/\\\/yasminfood.ch\\\/wp-content\\\/uploads\\\/2025\\\/09\\\/\u0628\u0633\u0643\u0648\u064a\u062a-\u0627\u0644\u062d\u0644\u0648\u064a\u0646-\u0634\u0648\u0643\u0648\u0644\u0627-10-\u0642\u0637\u0639\u0629.png\",\"contentUrl\":\"https:\\\/\\\/yasminfood.ch\\\/wp-content\\\/uploads\\\/2025\\\/09\\\/\u0628\u0633\u0643\u0648\u064a\u062a-\u0627\u0644\u062d\u0644\u0648\u064a\u0646-\u0634\u0648\u0643\u0648\u0644\u0627-10-\u0642\u0637\u0639\u0629.png\",\"width\":1080,\"height\":1080,\"caption\":\"S\u00fc\u00dfe Schokoladenkekse 10 St\u00fcck\"},{\"@type\":\"BreadcrumbList\",\"@id\":\"https:\\\/\\\/yasminfood.ch\\\/de\\\/product\\\/suesse-schokoladenkekse-10-stueck\\\/#breadcrumb\",\"itemListElement\":[{\"@type\":\"ListItem\",\"position\":1,\"name\":\"\u0627\u0644\u0631\u0626\u064a\u0633\u064a\u0629\",\"item\":\"https:\\\/\\\/yasminfood.ch\\\/de\\\/zuhause\\\/\"},{\"@type\":\"ListItem\",\"position\":2,\"name\":\"Shop\",\"item\":\"https:\\\/\\\/yasminfood.ch\\\/de\\\/shop\\\/\"},{\"@type\":\"ListItem\",\"position\":3,\"name\":\"Dessert &amp; Chips\",\"item\":\"https:\\\/\\\/yasminfood.ch\\\/de\\\/produkt-kategorie\\\/dessert-chips-2\\\/\"},{\"@type\":\"ListItem\",\"position\":4,\"name\":\"Kekse\",\"item\":\"https:\\\/\\\/yasminfood.ch\\\/de\\\/produkt-kategorie\\\/dessert-chips-2\\\/kekse\\\/\"},{\"@type\":\"ListItem\",\"position\":5,\"name\":\"S\u00fc\u00dfe Schokoladenkekse 10 St\u00fcck\"}]},{\"@type\":\"WebSite\",\"@id\":\"https:\\\/\\\/yasminfood.ch\\\/de\\\/#website\",\"url\":\"https:\\\/\\\/yasminfood.ch\\\/de\\\/\",\"name\":\"\u064a\u0627\u0633\u0645\u064a\u0646 \u0645\u0627\u0631\u0643\u062a\",\"description\":\"Alles, was Sie brauchen, an einem Ort\",\"publisher\":{\"@id\":\"https:\\\/\\\/yasminfood.ch\\\/de\\\/#organization\"},\"alternateName\":\"Yasmin Food\",\"potentialAction\":[{\"@type\":\"SearchAction\",\"target\":{\"@type\":\"EntryPoint\",\"urlTemplate\":\"https:\\\/\\\/yasminfood.ch\\\/de\\\/?s={search_term_string}\"},\"query-input\":{\"@type\":\"PropertyValueSpecification\",\"valueRequired\":true,\"valueName\":\"search_term_string\"}}],\"inLanguage\":\"de\"},{\"@type\":\"Organization\",\"@id\":\"https:\\\/\\\/yasminfood.ch\\\/de\\\/#organization\",\"name\":\"\u064a\u0627\u0633\u0645\u064a\u0646 \u0645\u0627\u0631\u0643\u062a\",\"alternateName\":\"Yasmin Food\",\"url\":\"https:\\\/\\\/yasminfood.ch\\\/de\\\/\",\"logo\":{\"@type\":\"ImageObject\",\"inLanguage\":\"de\",\"@id\":\"https:\\\/\\\/yasminfood.ch\\\/de\\\/#\\\/schema\\\/logo\\\/image\\\/\",\"url\":\"https:\\\/\\\/yasminfood.ch\\\/wp-content\\\/uploads\\\/2025\\\/05\\\/yasmin-food-header-logo.png\",\"contentUrl\":\"https:\\\/\\\/yasminfood.ch\\\/wp-content\\\/uploads\\\/2025\\\/05\\\/yasmin-food-header-logo.png\",\"width\":330,\"height\":120,\"caption\":\"\u064a\u0627\u0633\u0645\u064a\u0646 \u0645\u0627\u0631\u0643\u062a\"},\"image\":{\"@id\":\"https:\\\/\\\/yasminfood.ch\\\/de\\\/#\\\/schema\\\/logo\\\/image\\\/\"},\"sameAs\":[\"https:\\\/\\\/www.facebook.com\\\/yasminmarkt1\",\"https:\\\/\\\/www.tiktok.com\\\/@yasminmarkt\",\"https:\\\/\\\/www.instagram.com\\\/yasmin.markt1\\\/\",\"https:\\\/\\\/api.whatsapp.com\\\/send\\\/?phone=41799000104\"],\"publishingPrinciples\":\"https:\\\/\\\/yasminfood.ch\\\/de\\\/shop\\\/\",\"ownershipFundingInfo\":\"https:\\\/\\\/yasminfood.ch\\\/de\\\/shop\\\/\"}]}<\/script>\n<meta property=\"product:price:amount\" content=\"4.95\" \/>\n<meta property=\"product:price:currency\" content=\"CHF\" \/>\n<meta property=\"og:availability\" content=\"instock\" \/>\n<meta property=\"product:availability\" content=\"instock\" \/>\n<meta property=\"product:condition\" content=\"new\" \/>\n<!-- \/ Yoast SEO Premium plugin. -->","yoast_head_json":{"title":"S\u00fc\u00dfe Schokoladenkekse 10 St\u00fcck - Yasmin Food","description":"Genie\u00dfen Sie einen k\u00f6stlichen Crunch mit diesen 10 St\u00fcck Chocolate Sweet Biscuits, die reichhaltigen Geschmack und Cremigkeit vereinen. Machen Sie jeden Moment mit jedem Bissen zu etwas Besonderem! S\u00fc\u00dfe Schokoladenkekse 10 St\u00fcck","robots":{"index":"index","follow":"follow","max-snippet":"max-snippet:-1","max-image-preview":"max-image-preview:large","max-video-preview":"max-video-preview:-1"},"canonical":"https:\/\/yasminfood.ch\/de\/product\/suesse-schokoladenkekse-10-stueck\/","og_locale":"de_DE","og_type":"article","og_title":"S\u00fc\u00dfe Schokoladenkekse 10 St\u00fcck","og_description":"S\u00fc\u00dfe Schokoladenkekse 10 St\u00fcck   Es ist die perfekte Wahl, um einen Geschmack zu genie\u00dfen, der Knusprigkeit und reichhaltigen Geschmack kombiniert.","og_url":"https:\/\/yasminfood.ch\/de\/product\/suesse-schokoladenkekse-10-stueck\/","og_site_name":"Yasmin Food","article_publisher":"https:\/\/www.facebook.com\/yasminmarkt1","article_modified_time":"2025-09-26T14:31:54+00:00","og_image":[{"width":1080,"height":1080,"url":"https:\/\/yasminfood.ch\/wp-content\/uploads\/2025\/09\/\u0628\u0633\u0643\u0648\u064a\u062a-\u0627\u0644\u062d\u0644\u0648\u064a\u0646-\u0634\u0648\u0643\u0648\u0644\u0627-10-\u0642\u0637\u0639\u0629.png","type":"image\/png"}],"twitter_card":"summary_large_image","twitter_misc":{"Preis":"4.95&nbsp;&#67;&#72;&#70;","Verf\u00fcgbarkeit":"Auf Lager"},"schema":{"@context":"https:\/\/schema.org","@graph":[{"@type":"WebPage","@id":"https:\/\/yasminfood.ch\/de\/product\/suesse-schokoladenkekse-10-stueck\/","url":"https:\/\/yasminfood.ch\/de\/product\/suesse-schokoladenkekse-10-stueck\/","name":"S\u00fc\u00dfe Schokoladenkekse 10 St\u00fcck - Yasmin Food","isPartOf":{"@id":"https:\/\/yasminfood.ch\/de\/#website"},"primaryImageOfPage":{"@id":"https:\/\/yasminfood.ch\/de\/product\/suesse-schokoladenkekse-10-stueck\/#primaryimage"},"image":{"@id":"https:\/\/yasminfood.ch\/de\/product\/suesse-schokoladenkekse-10-stueck\/#primaryimage"},"thumbnailUrl":"https:\/\/yasminfood.ch\/wp-content\/uploads\/2025\/09\/\u0628\u0633\u0643\u0648\u064a\u062a-\u0627\u0644\u062d\u0644\u0648\u064a\u0646-\u0634\u0648\u0643\u0648\u0644\u0627-10-\u0642\u0637\u0639\u0629.png","datePublished":"2025-09-26T14:31:03+00:00","dateModified":"2025-09-26T14:31:54+00:00","description":"Genie\u00dfen Sie einen k\u00f6stlichen Crunch mit diesen 10 St\u00fcck Chocolate Sweet Biscuits, die reichhaltigen Geschmack und Cremigkeit vereinen. Machen Sie jeden Moment mit jedem Bissen zu etwas Besonderem! S\u00fc\u00dfe Schokoladenkekse 10 St\u00fcck","breadcrumb":{"@id":"https:\/\/yasminfood.ch\/de\/product\/suesse-schokoladenkekse-10-stueck\/#breadcrumb"},"inLanguage":"de","potentialAction":[{"@type":"ReadAction","target":["https:\/\/yasminfood.ch\/de\/product\/suesse-schokoladenkekse-10-stueck\/"]}]},{"@type":"ImageObject","inLanguage":"de","@id":"https:\/\/yasminfood.ch\/de\/product\/suesse-schokoladenkekse-10-stueck\/#primaryimage","url":"https:\/\/yasminfood.ch\/wp-content\/uploads\/2025\/09\/\u0628\u0633\u0643\u0648\u064a\u062a-\u0627\u0644\u062d\u0644\u0648\u064a\u0646-\u0634\u0648\u0643\u0648\u0644\u0627-10-\u0642\u0637\u0639\u0629.png","contentUrl":"https:\/\/yasminfood.ch\/wp-content\/uploads\/2025\/09\/\u0628\u0633\u0643\u0648\u064a\u062a-\u0627\u0644\u062d\u0644\u0648\u064a\u0646-\u0634\u0648\u0643\u0648\u0644\u0627-10-\u0642\u0637\u0639\u0629.png","width":1080,"height":1080,"caption":"S\u00fc\u00dfe Schokoladenkekse 10 St\u00fcck"},{"@type":"BreadcrumbList","@id":"https:\/\/yasminfood.ch\/de\/product\/suesse-schokoladenkekse-10-stueck\/#breadcrumb","itemListElement":[{"@type":"ListItem","position":1,"name":"\u0627\u0644\u0631\u0626\u064a\u0633\u064a\u0629","item":"https:\/\/yasminfood.ch\/de\/zuhause\/"},{"@type":"ListItem","position":2,"name":"Shop","item":"https:\/\/yasminfood.ch\/de\/shop\/"},{"@type":"ListItem","position":3,"name":"Dessert &amp; Chips","item":"https:\/\/yasminfood.ch\/de\/produkt-kategorie\/dessert-chips-2\/"},{"@type":"ListItem","position":4,"name":"Kekse","item":"https:\/\/yasminfood.ch\/de\/produkt-kategorie\/dessert-chips-2\/kekse\/"},{"@type":"ListItem","position":5,"name":"S\u00fc\u00dfe Schokoladenkekse 10 St\u00fcck"}]},{"@type":"WebSite","@id":"https:\/\/yasminfood.ch\/de\/#website","url":"https:\/\/yasminfood.ch\/de\/","name":"\u064a\u0627\u0633\u0645\u064a\u0646 \u0645\u0627\u0631\u0643\u062a","description":"Alles, was Sie brauchen, an einem Ort","publisher":{"@id":"https:\/\/yasminfood.ch\/de\/#organization"},"alternateName":"Yasmin Food","potentialAction":[{"@type":"SearchAction","target":{"@type":"EntryPoint","urlTemplate":"https:\/\/yasminfood.ch\/de\/?s={search_term_string}"},"query-input":{"@type":"PropertyValueSpecification","valueRequired":true,"valueName":"search_term_string"}}],"inLanguage":"de"},{"@type":"Organization","@id":"https:\/\/yasminfood.ch\/de\/#organization","name":"\u064a\u0627\u0633\u0645\u064a\u0646 \u0645\u0627\u0631\u0643\u062a","alternateName":"Yasmin Food","url":"https:\/\/yasminfood.ch\/de\/","logo":{"@type":"ImageObject","inLanguage":"de","@id":"https:\/\/yasminfood.ch\/de\/#\/schema\/logo\/image\/","url":"https:\/\/yasminfood.ch\/wp-content\/uploads\/2025\/05\/yasmin-food-header-logo.png","contentUrl":"https:\/\/yasminfood.ch\/wp-content\/uploads\/2025\/05\/yasmin-food-header-logo.png","width":330,"height":120,"caption":"\u064a\u0627\u0633\u0645\u064a\u0646 \u0645\u0627\u0631\u0643\u062a"},"image":{"@id":"https:\/\/yasminfood.ch\/de\/#\/schema\/logo\/image\/"},"sameAs":["https:\/\/www.facebook.com\/yasminmarkt1","https:\/\/www.tiktok.com\/@yasminmarkt","https:\/\/www.instagram.com\/yasmin.markt1\/","https:\/\/api.whatsapp.com\/send\/?phone=41799000104"],"publishingPrinciples":"https:\/\/yasminfood.ch\/de\/shop\/","ownershipFundingInfo":"https:\/\/yasminfood.ch\/de\/shop\/"}]},"product_price_amount":"4.95","product_price_currency":"CHF","og_availability":"instock","product_availability":"instock","product_condition":"new"},"jetpack_sharing_enabled":true,"_links":{"self":[{"href":"https:\/\/yasminfood.ch\/de\/wp-json\/wp\/v2\/product\/119785","targetHints":{"allow":["GET"]}}],"collection":[{"href":"https:\/\/yasminfood.ch\/de\/wp-json\/wp\/v2\/product"}],"about":[{"href":"https:\/\/yasminfood.ch\/de\/wp-json\/wp\/v2\/types\/product"}],"replies":[{"embeddable":true,"href":"https:\/\/yasminfood.ch\/de\/wp-json\/wp\/v2\/comments?post=119785"}],"version-history":[{"count":0,"href":"https:\/\/yasminfood.ch\/de\/wp-json\/wp\/v2\/product\/119785\/revisions"}],"wp:featuredmedia":[{"embeddable":true,"href":"https:\/\/yasminfood.ch\/de\/wp-json\/wp\/v2\/media\/119783"}],"wp:attachment":[{"href":"https:\/\/yasminfood.ch\/de\/wp-json\/wp\/v2\/media?parent=119785"}],"wp:term":[{"taxonomy":"product_brand","embeddable":true,"href":"https:\/\/yasminfood.ch\/de\/wp-json\/wp\/v2\/product_brand?post=119785"},{"taxonomy":"product_cat","embeddable":true,"href":"https:\/\/yasminfood.ch\/de\/wp-json\/wp\/v2\/product_cat?post=119785"},{"taxonomy":"product_tag","embeddable":true,"href":"https:\/\/yasminfood.ch\/de\/wp-json\/wp\/v2\/product_tag?post=119785"}],"curies":[{"name":"wp","href":"https:\/\/api.w.org\/{rel}","templated":true}]}}