{"id":120164,"date":"2025-10-09T12:19:54","date_gmt":"2025-10-09T10:19:54","guid":{"rendered":"https:\/\/yasminfood.ch\/product\/brian-smith-golduhr-fuer-damen\/"},"modified":"2025-10-09T13:06:33","modified_gmt":"2025-10-09T11:06:33","slug":"brian-smith-golduhr-fuer-damen","status":"publish","type":"product","link":"https:\/\/yasminfood.ch\/de\/product\/brian-smith-golduhr-fuer-damen\/","title":{"rendered":"BRIAN SMITH GOLDUHR F\u00dcR DAMEN"},"content":{"rendered":"<p data-start=\"236\" data-end=\"271\"><strong>BRIAN SMITH GOLDUHR F\u00dcR DAMEN<\/strong><\/p>\n<ul>\n<li data-start=\"272\" data-end=\"557\">EINE STILVOLLE DAMENARMBANDUHR VON <strong data-start=\"296\" data-end=\"311\">BRIAN SMITH<\/strong> IN LUXURI\u00d6SEM GOLD. Sie verf\u00fcgt \u00fcber ein wei\u00dfes Zifferblatt, das mit gl\u00e4nzenden Kristallen besetzt ist, die einen Hauch von Luxus und Raffinesse verleihen. <\/li>\n<li data-start=\"272\" data-end=\"557\">Mit klassischen r\u00f6mischen Ziffern und einem langlebigen goldenen Metallarmband. Eine Uhr, die sich perfekt f\u00fcr besondere Anl\u00e4sse und raffinierte Alltagslooks eignet und Eleganz und Qualit\u00e4t kombiniert, um Ihren modernen Stil zu erg\u00e4nzen.  <\/li>\n<\/ul>\n","protected":false},"excerpt":{"rendered":"<p data-start=\"236\" data-end=\"271\"><strong>BRIAN SMITH GOLDUHR F\u00dcR DAMEN<\/strong><\/p>\n<ul>\n<li data-start=\"272\" data-end=\"557\">EINE STILVOLLE DAMENARMBANDUHR VON <strong data-start=\"296\" data-end=\"311\">BRIAN SMITH<\/strong> IN LUXURI\u00d6SEM GOLD. Sie verf\u00fcgt \u00fcber ein wei\u00dfes Zifferblatt, das mit gl\u00e4nzenden Kristallen besetzt ist, die einen Hauch von Luxus und Raffinesse verleihen. <\/li>\n<\/ul>\n","protected":false},"featured_media":120105,"comment_status":"open","ping_status":"closed","template":"","meta":[],"product_brand":[],"product_cat":[388,2182],"product_tag":[],"class_list":{"0":"post-120164","1":"product","2":"type-product","3":"status-publish","4":"has-post-thumbnail","6":"product_cat-nonfood","7":"product_cat-zubehor","9":"first","10":"outofstock","11":"taxable","12":"shipping-taxable","13":"purchasable","14":"product-type-simple"},"yoast_head":"<!-- This site is optimized with the Yoast SEO Premium plugin v26.5 (Yoast SEO v27.4) - https:\/\/yoast.com\/product\/yoast-seo-premium-wordpress\/ -->\n<title>BRIAN SMITH GOLDUHR F\u00dcR DAMEN - Yasmin Food<\/title>\n<meta name=\"description\" content=\"HEBEN SIE SICH DURCH EINEN LUXURI\u00d6SEN LOOK MIT EINER BRIAN SMITH GOLDUHR F\u00dcR DAMEN AB. Perfekt f\u00fcr besondere Anl\u00e4sse, w\u00e4hlen Sie High-End-Uhren, die Ihren Stil erg\u00e4nzen! Yasmin Food\" \/>\n<meta name=\"robots\" content=\"index, follow, max-snippet:-1, max-image-preview:large, max-video-preview:-1\" \/>\n<link rel=\"canonical\" href=\"https:\/\/yasminfood.ch\/de\/product\/brian-smith-golduhr-fuer-damen\/\" \/>\n<meta property=\"og:locale\" content=\"de_DE\" \/>\n<meta property=\"og:type\" content=\"article\" \/>\n<meta property=\"og:title\" content=\"BRIAN SMITH GOLDUHR F\u00dcR DAMEN\" \/>\n<meta property=\"og:description\" content=\"BRIAN SMITH GOLDUHR F\u00dcR DAMEN   EINE STILVOLLE DAMENARMBANDUHR VON BRIAN SMITH IN LUXURI\u00d6SEM GOLD. Sie verf\u00fcgt \u00fcber ein wei\u00dfes Zifferblatt, das mit gl\u00e4nzenden Kristallen besetzt ist, die einen Hauch von Luxus und Raffinesse verleihen.\" \/>\n<meta property=\"og:url\" content=\"https:\/\/yasminfood.ch\/de\/product\/brian-smith-golduhr-fuer-damen\/\" \/>\n<meta property=\"og:site_name\" content=\"Yasmin Food\" \/>\n<meta property=\"article:publisher\" content=\"https:\/\/www.facebook.com\/yasminmarkt1\" \/>\n<meta property=\"article:modified_time\" content=\"2025-10-09T11:06:33+00:00\" \/>\n<meta property=\"og:image\" content=\"https:\/\/yasminfood.ch\/wp-content\/uploads\/2025\/10\/\u0633\u0627\u0639\u0629-BRIAN-SMITH-\u0630\u0647\u0628\u064a\u0629-\u0644\u0644\u0646\u0633\u0627\u0621-1024x1024.png\" \/>\n\t<meta property=\"og:image:width\" content=\"1024\" \/>\n\t<meta property=\"og:image:height\" content=\"1024\" \/>\n\t<meta property=\"og:image:type\" content=\"image\/png\" \/>\n<meta name=\"twitter:card\" content=\"summary_large_image\" \/>\n<meta name=\"twitter:label1\" content=\"Preis\" \/>\n\t<meta name=\"twitter:data1\" content=\"150.00&nbsp;&#067;&#072;&#070;\" \/>\n\t<meta name=\"twitter:label2\" content=\"Verf\u00fcgbarkeit\" \/>\n\t<meta name=\"twitter:data2\" content=\"ausverkauft\" \/>\n<script type=\"application\/ld+json\" class=\"yoast-schema-graph\">{\"@context\":\"https:\\\/\\\/schema.org\",\"@graph\":[{\"@type\":\"WebPage\",\"@id\":\"https:\\\/\\\/yasminfood.ch\\\/de\\\/product\\\/brian-smith-golduhr-fuer-damen\\\/\",\"url\":\"https:\\\/\\\/yasminfood.ch\\\/de\\\/product\\\/brian-smith-golduhr-fuer-damen\\\/\",\"name\":\"BRIAN SMITH GOLDUHR F\u00dcR DAMEN - Yasmin Food\",\"isPartOf\":{\"@id\":\"https:\\\/\\\/yasminfood.ch\\\/de\\\/#website\"},\"primaryImageOfPage\":{\"@id\":\"https:\\\/\\\/yasminfood.ch\\\/de\\\/product\\\/brian-smith-golduhr-fuer-damen\\\/#primaryimage\"},\"image\":{\"@id\":\"https:\\\/\\\/yasminfood.ch\\\/de\\\/product\\\/brian-smith-golduhr-fuer-damen\\\/#primaryimage\"},\"thumbnailUrl\":\"https:\\\/\\\/yasminfood.ch\\\/wp-content\\\/uploads\\\/2025\\\/10\\\/\u0633\u0627\u0639\u0629-BRIAN-SMITH-\u0630\u0647\u0628\u064a\u0629-\u0644\u0644\u0646\u0633\u0627\u0621.png\",\"datePublished\":\"2025-10-09T10:19:54+00:00\",\"dateModified\":\"2025-10-09T11:06:33+00:00\",\"description\":\"HEBEN SIE SICH DURCH EINEN LUXURI\u00d6SEN LOOK MIT EINER BRIAN SMITH GOLDUHR F\u00dcR DAMEN AB. Perfekt f\u00fcr besondere Anl\u00e4sse, w\u00e4hlen Sie High-End-Uhren, die Ihren Stil erg\u00e4nzen! Yasmin Food\",\"breadcrumb\":{\"@id\":\"https:\\\/\\\/yasminfood.ch\\\/de\\\/product\\\/brian-smith-golduhr-fuer-damen\\\/#breadcrumb\"},\"inLanguage\":\"de\",\"potentialAction\":[{\"@type\":\"ReadAction\",\"target\":[\"https:\\\/\\\/yasminfood.ch\\\/de\\\/product\\\/brian-smith-golduhr-fuer-damen\\\/\"]}]},{\"@type\":\"ImageObject\",\"inLanguage\":\"de\",\"@id\":\"https:\\\/\\\/yasminfood.ch\\\/de\\\/product\\\/brian-smith-golduhr-fuer-damen\\\/#primaryimage\",\"url\":\"https:\\\/\\\/yasminfood.ch\\\/wp-content\\\/uploads\\\/2025\\\/10\\\/\u0633\u0627\u0639\u0629-BRIAN-SMITH-\u0630\u0647\u0628\u064a\u0629-\u0644\u0644\u0646\u0633\u0627\u0621.png\",\"contentUrl\":\"https:\\\/\\\/yasminfood.ch\\\/wp-content\\\/uploads\\\/2025\\\/10\\\/\u0633\u0627\u0639\u0629-BRIAN-SMITH-\u0630\u0647\u0628\u064a\u0629-\u0644\u0644\u0646\u0633\u0627\u0621.png\",\"width\":2160,\"height\":2160,\"caption\":\"BRIAN SMITH GOLDUHR F\u00dcR DAMEN\"},{\"@type\":\"BreadcrumbList\",\"@id\":\"https:\\\/\\\/yasminfood.ch\\\/de\\\/product\\\/brian-smith-golduhr-fuer-damen\\\/#breadcrumb\",\"itemListElement\":[{\"@type\":\"ListItem\",\"position\":1,\"name\":\"\u0627\u0644\u0631\u0626\u064a\u0633\u064a\u0629\",\"item\":\"https:\\\/\\\/yasminfood.ch\\\/de\\\/zuhause\\\/\"},{\"@type\":\"ListItem\",\"position\":2,\"name\":\"Shop\",\"item\":\"https:\\\/\\\/yasminfood.ch\\\/de\\\/shop\\\/\"},{\"@type\":\"ListItem\",\"position\":3,\"name\":\"Nonfood\",\"item\":\"https:\\\/\\\/yasminfood.ch\\\/de\\\/produkt-kategorie\\\/nonfood\\\/\"},{\"@type\":\"ListItem\",\"position\":4,\"name\":\"Zubeh\u00f6r\",\"item\":\"https:\\\/\\\/yasminfood.ch\\\/de\\\/produkt-kategorie\\\/nonfood\\\/zubehor\\\/\"},{\"@type\":\"ListItem\",\"position\":5,\"name\":\"BRIAN SMITH GOLDUHR F\u00dcR DAMEN\"}]},{\"@type\":\"WebSite\",\"@id\":\"https:\\\/\\\/yasminfood.ch\\\/de\\\/#website\",\"url\":\"https:\\\/\\\/yasminfood.ch\\\/de\\\/\",\"name\":\"\u064a\u0627\u0633\u0645\u064a\u0646 \u0645\u0627\u0631\u0643\u062a\",\"description\":\"Alles, was Sie brauchen, an einem Ort\",\"publisher\":{\"@id\":\"https:\\\/\\\/yasminfood.ch\\\/de\\\/#organization\"},\"alternateName\":\"Yasmin Food\",\"potentialAction\":[{\"@type\":\"SearchAction\",\"target\":{\"@type\":\"EntryPoint\",\"urlTemplate\":\"https:\\\/\\\/yasminfood.ch\\\/de\\\/?s={search_term_string}\"},\"query-input\":{\"@type\":\"PropertyValueSpecification\",\"valueRequired\":true,\"valueName\":\"search_term_string\"}}],\"inLanguage\":\"de\"},{\"@type\":\"Organization\",\"@id\":\"https:\\\/\\\/yasminfood.ch\\\/de\\\/#organization\",\"name\":\"\u064a\u0627\u0633\u0645\u064a\u0646 \u0645\u0627\u0631\u0643\u062a\",\"alternateName\":\"Yasmin Food\",\"url\":\"https:\\\/\\\/yasminfood.ch\\\/de\\\/\",\"logo\":{\"@type\":\"ImageObject\",\"inLanguage\":\"de\",\"@id\":\"https:\\\/\\\/yasminfood.ch\\\/de\\\/#\\\/schema\\\/logo\\\/image\\\/\",\"url\":\"https:\\\/\\\/yasminfood.ch\\\/wp-content\\\/uploads\\\/2025\\\/05\\\/yasmin-food-header-logo.png\",\"contentUrl\":\"https:\\\/\\\/yasminfood.ch\\\/wp-content\\\/uploads\\\/2025\\\/05\\\/yasmin-food-header-logo.png\",\"width\":330,\"height\":120,\"caption\":\"\u064a\u0627\u0633\u0645\u064a\u0646 \u0645\u0627\u0631\u0643\u062a\"},\"image\":{\"@id\":\"https:\\\/\\\/yasminfood.ch\\\/de\\\/#\\\/schema\\\/logo\\\/image\\\/\"},\"sameAs\":[\"https:\\\/\\\/www.facebook.com\\\/yasminmarkt1\",\"https:\\\/\\\/www.tiktok.com\\\/@yasminmarkt\",\"https:\\\/\\\/www.instagram.com\\\/yasmin.markt1\\\/\",\"https:\\\/\\\/api.whatsapp.com\\\/send\\\/?phone=41799000104\"],\"publishingPrinciples\":\"https:\\\/\\\/yasminfood.ch\\\/de\\\/shop\\\/\",\"ownershipFundingInfo\":\"https:\\\/\\\/yasminfood.ch\\\/de\\\/shop\\\/\"}]}<\/script>\n<meta property=\"product:price:amount\" content=\"150.00\" \/>\n<meta property=\"product:price:currency\" content=\"CHF\" \/>\n<meta property=\"og:availability\" content=\"out of stock\" \/>\n<meta property=\"product:availability\" content=\"out of stock\" \/>\n<meta property=\"product:condition\" content=\"new\" \/>\n<!-- \/ Yoast SEO Premium plugin. -->","yoast_head_json":{"title":"BRIAN SMITH GOLDUHR F\u00dcR DAMEN - Yasmin Food","description":"HEBEN SIE SICH DURCH EINEN LUXURI\u00d6SEN LOOK MIT EINER BRIAN SMITH GOLDUHR F\u00dcR DAMEN AB. Perfekt f\u00fcr besondere Anl\u00e4sse, w\u00e4hlen Sie High-End-Uhren, die Ihren Stil erg\u00e4nzen! Yasmin Food","robots":{"index":"index","follow":"follow","max-snippet":"max-snippet:-1","max-image-preview":"max-image-preview:large","max-video-preview":"max-video-preview:-1"},"canonical":"https:\/\/yasminfood.ch\/de\/product\/brian-smith-golduhr-fuer-damen\/","og_locale":"de_DE","og_type":"article","og_title":"BRIAN SMITH GOLDUHR F\u00dcR DAMEN","og_description":"BRIAN SMITH GOLDUHR F\u00dcR DAMEN   EINE STILVOLLE DAMENARMBANDUHR VON BRIAN SMITH IN LUXURI\u00d6SEM GOLD. Sie verf\u00fcgt \u00fcber ein wei\u00dfes Zifferblatt, das mit gl\u00e4nzenden Kristallen besetzt ist, die einen Hauch von Luxus und Raffinesse verleihen.","og_url":"https:\/\/yasminfood.ch\/de\/product\/brian-smith-golduhr-fuer-damen\/","og_site_name":"Yasmin Food","article_publisher":"https:\/\/www.facebook.com\/yasminmarkt1","article_modified_time":"2025-10-09T11:06:33+00:00","og_image":[{"width":1024,"height":1024,"url":"https:\/\/yasminfood.ch\/wp-content\/uploads\/2025\/10\/\u0633\u0627\u0639\u0629-BRIAN-SMITH-\u0630\u0647\u0628\u064a\u0629-\u0644\u0644\u0646\u0633\u0627\u0621-1024x1024.png","type":"image\/png"}],"twitter_card":"summary_large_image","twitter_misc":{"Preis":"150.00&nbsp;&#67;&#72;&#70;","Verf\u00fcgbarkeit":"ausverkauft"},"schema":{"@context":"https:\/\/schema.org","@graph":[{"@type":"WebPage","@id":"https:\/\/yasminfood.ch\/de\/product\/brian-smith-golduhr-fuer-damen\/","url":"https:\/\/yasminfood.ch\/de\/product\/brian-smith-golduhr-fuer-damen\/","name":"BRIAN SMITH GOLDUHR F\u00dcR DAMEN - Yasmin Food","isPartOf":{"@id":"https:\/\/yasminfood.ch\/de\/#website"},"primaryImageOfPage":{"@id":"https:\/\/yasminfood.ch\/de\/product\/brian-smith-golduhr-fuer-damen\/#primaryimage"},"image":{"@id":"https:\/\/yasminfood.ch\/de\/product\/brian-smith-golduhr-fuer-damen\/#primaryimage"},"thumbnailUrl":"https:\/\/yasminfood.ch\/wp-content\/uploads\/2025\/10\/\u0633\u0627\u0639\u0629-BRIAN-SMITH-\u0630\u0647\u0628\u064a\u0629-\u0644\u0644\u0646\u0633\u0627\u0621.png","datePublished":"2025-10-09T10:19:54+00:00","dateModified":"2025-10-09T11:06:33+00:00","description":"HEBEN SIE SICH DURCH EINEN LUXURI\u00d6SEN LOOK MIT EINER BRIAN SMITH GOLDUHR F\u00dcR DAMEN AB. Perfekt f\u00fcr besondere Anl\u00e4sse, w\u00e4hlen Sie High-End-Uhren, die Ihren Stil erg\u00e4nzen! Yasmin Food","breadcrumb":{"@id":"https:\/\/yasminfood.ch\/de\/product\/brian-smith-golduhr-fuer-damen\/#breadcrumb"},"inLanguage":"de","potentialAction":[{"@type":"ReadAction","target":["https:\/\/yasminfood.ch\/de\/product\/brian-smith-golduhr-fuer-damen\/"]}]},{"@type":"ImageObject","inLanguage":"de","@id":"https:\/\/yasminfood.ch\/de\/product\/brian-smith-golduhr-fuer-damen\/#primaryimage","url":"https:\/\/yasminfood.ch\/wp-content\/uploads\/2025\/10\/\u0633\u0627\u0639\u0629-BRIAN-SMITH-\u0630\u0647\u0628\u064a\u0629-\u0644\u0644\u0646\u0633\u0627\u0621.png","contentUrl":"https:\/\/yasminfood.ch\/wp-content\/uploads\/2025\/10\/\u0633\u0627\u0639\u0629-BRIAN-SMITH-\u0630\u0647\u0628\u064a\u0629-\u0644\u0644\u0646\u0633\u0627\u0621.png","width":2160,"height":2160,"caption":"BRIAN SMITH GOLDUHR F\u00dcR DAMEN"},{"@type":"BreadcrumbList","@id":"https:\/\/yasminfood.ch\/de\/product\/brian-smith-golduhr-fuer-damen\/#breadcrumb","itemListElement":[{"@type":"ListItem","position":1,"name":"\u0627\u0644\u0631\u0626\u064a\u0633\u064a\u0629","item":"https:\/\/yasminfood.ch\/de\/zuhause\/"},{"@type":"ListItem","position":2,"name":"Shop","item":"https:\/\/yasminfood.ch\/de\/shop\/"},{"@type":"ListItem","position":3,"name":"Nonfood","item":"https:\/\/yasminfood.ch\/de\/produkt-kategorie\/nonfood\/"},{"@type":"ListItem","position":4,"name":"Zubeh\u00f6r","item":"https:\/\/yasminfood.ch\/de\/produkt-kategorie\/nonfood\/zubehor\/"},{"@type":"ListItem","position":5,"name":"BRIAN SMITH GOLDUHR F\u00dcR DAMEN"}]},{"@type":"WebSite","@id":"https:\/\/yasminfood.ch\/de\/#website","url":"https:\/\/yasminfood.ch\/de\/","name":"\u064a\u0627\u0633\u0645\u064a\u0646 \u0645\u0627\u0631\u0643\u062a","description":"Alles, was Sie brauchen, an einem Ort","publisher":{"@id":"https:\/\/yasminfood.ch\/de\/#organization"},"alternateName":"Yasmin Food","potentialAction":[{"@type":"SearchAction","target":{"@type":"EntryPoint","urlTemplate":"https:\/\/yasminfood.ch\/de\/?s={search_term_string}"},"query-input":{"@type":"PropertyValueSpecification","valueRequired":true,"valueName":"search_term_string"}}],"inLanguage":"de"},{"@type":"Organization","@id":"https:\/\/yasminfood.ch\/de\/#organization","name":"\u064a\u0627\u0633\u0645\u064a\u0646 \u0645\u0627\u0631\u0643\u062a","alternateName":"Yasmin Food","url":"https:\/\/yasminfood.ch\/de\/","logo":{"@type":"ImageObject","inLanguage":"de","@id":"https:\/\/yasminfood.ch\/de\/#\/schema\/logo\/image\/","url":"https:\/\/yasminfood.ch\/wp-content\/uploads\/2025\/05\/yasmin-food-header-logo.png","contentUrl":"https:\/\/yasminfood.ch\/wp-content\/uploads\/2025\/05\/yasmin-food-header-logo.png","width":330,"height":120,"caption":"\u064a\u0627\u0633\u0645\u064a\u0646 \u0645\u0627\u0631\u0643\u062a"},"image":{"@id":"https:\/\/yasminfood.ch\/de\/#\/schema\/logo\/image\/"},"sameAs":["https:\/\/www.facebook.com\/yasminmarkt1","https:\/\/www.tiktok.com\/@yasminmarkt","https:\/\/www.instagram.com\/yasmin.markt1\/","https:\/\/api.whatsapp.com\/send\/?phone=41799000104"],"publishingPrinciples":"https:\/\/yasminfood.ch\/de\/shop\/","ownershipFundingInfo":"https:\/\/yasminfood.ch\/de\/shop\/"}]},"product_price_amount":"150.00","product_price_currency":"CHF","og_availability":"out of stock","product_availability":"out of stock","product_condition":"new"},"jetpack_sharing_enabled":true,"_links":{"self":[{"href":"https:\/\/yasminfood.ch\/de\/wp-json\/wp\/v2\/product\/120164","targetHints":{"allow":["GET"]}}],"collection":[{"href":"https:\/\/yasminfood.ch\/de\/wp-json\/wp\/v2\/product"}],"about":[{"href":"https:\/\/yasminfood.ch\/de\/wp-json\/wp\/v2\/types\/product"}],"replies":[{"embeddable":true,"href":"https:\/\/yasminfood.ch\/de\/wp-json\/wp\/v2\/comments?post=120164"}],"version-history":[{"count":0,"href":"https:\/\/yasminfood.ch\/de\/wp-json\/wp\/v2\/product\/120164\/revisions"}],"wp:featuredmedia":[{"embeddable":true,"href":"https:\/\/yasminfood.ch\/de\/wp-json\/wp\/v2\/media\/120105"}],"wp:attachment":[{"href":"https:\/\/yasminfood.ch\/de\/wp-json\/wp\/v2\/media?parent=120164"}],"wp:term":[{"taxonomy":"product_brand","embeddable":true,"href":"https:\/\/yasminfood.ch\/de\/wp-json\/wp\/v2\/product_brand?post=120164"},{"taxonomy":"product_cat","embeddable":true,"href":"https:\/\/yasminfood.ch\/de\/wp-json\/wp\/v2\/product_cat?post=120164"},{"taxonomy":"product_tag","embeddable":true,"href":"https:\/\/yasminfood.ch\/de\/wp-json\/wp\/v2\/product_tag?post=120164"}],"curies":[{"name":"wp","href":"https:\/\/api.w.org\/{rel}","templated":true}]}}