{"id":120204,"date":"2025-10-09T13:31:14","date_gmt":"2025-10-09T11:31:14","guid":{"rendered":"https:\/\/yasminfood.ch\/product\/fredric-quarz-edelstahl-zweifarbige-uhr\/"},"modified":"2025-10-09T13:48:54","modified_gmt":"2025-10-09T11:48:54","slug":"fredric-quarz-edelstahl-zweifarbige-uhr","status":"publish","type":"product","link":"https:\/\/yasminfood.ch\/de\/product\/fredric-quarz-edelstahl-zweifarbige-uhr\/","title":{"rendered":"FREDRIC Quarz Edelstahl Zweifarbige Uhr"},"content":{"rendered":"<p data-start=\"398\" data-end=\"448\"><strong>FREDRIC Quarz Edelstahl Zweifarbige Uhr<\/strong><\/p>\n<ul>\n<li data-start=\"449\" data-end=\"731\">\n<p data-start=\"449\" data-end=\"731\">Eine Luxusarmbanduhr von <strong data-start=\"466\" data-end=\"477\">FREDRIC<\/strong> mit einem klassischen und eleganten quadratischen Design.<\/p>\n<\/li>\n<li data-start=\"449\" data-end=\"731\">\n<p data-start=\"449\" data-end=\"731\">Sie kommt mit einem silbernen mit elegantem Goldbesatz und einem wei\u00dfen Zifferblatt mit schwarzen r\u00f6mischen Ziffern.<\/p>\n<\/li>\n<li data-start=\"449\" data-end=\"731\">\n<p data-start=\"449\" data-end=\"731\">Ein zweifarbiges Edelstahlarmband (Silber \u00d7 Gold) verleiht ihr ein modernes und luxuri\u00f6ses Gef\u00fchl.<\/p>\n<\/li>\n<li data-start=\"449\" data-end=\"731\">\n<p data-start=\"449\" data-end=\"731\">Eine Uhr, die sich perfekt f\u00fcr formelle und allt\u00e4gliche Looks eignet und Pr\u00e4zision und Eleganz in einem St\u00fcck vereint. <\/p>\n<\/li>\n<\/ul>\n","protected":false},"excerpt":{"rendered":"<p data-start=\"398\" data-end=\"448\"><strong>FREDRIC Quarz Edelstahl Zweifarbige Uhr<\/strong><\/p>\n<ul>\n<li data-start=\"449\" data-end=\"731\">\n<p data-start=\"449\" data-end=\"731\">Eine Luxusarmbanduhr von <strong data-start=\"466\" data-end=\"477\">FREDRIC<\/strong> mit einem klassischen und eleganten quadratischen Design.<\/p>\n<\/li>\n<li data-start=\"449\" data-end=\"731\">\n<p data-start=\"449\" data-end=\"731\">Sie kommt mit einem silbernen mit elegantem Goldbesatz und einem wei\u00dfen Zifferblatt mit schwarzen r\u00f6mischen Ziffern.<\/p>\n<\/li>\n<\/ul>\n","protected":false},"featured_media":120177,"comment_status":"open","ping_status":"closed","template":"","meta":[],"product_brand":[],"product_cat":[388,2182],"product_tag":[],"class_list":{"0":"post-120204","1":"product","2":"type-product","3":"status-publish","4":"has-post-thumbnail","6":"product_cat-nonfood","7":"product_cat-zubehor","9":"first","10":"outofstock","11":"taxable","12":"shipping-taxable","13":"purchasable","14":"product-type-simple"},"yoast_head":"<!-- This site is optimized with the Yoast SEO Premium plugin v26.5 (Yoast SEO v27.3) - https:\/\/yoast.com\/product\/yoast-seo-premium-wordpress\/ -->\n<title>FREDRIC Quarz Edelstahl Zweifarbige Uhr - Yasmin Food<\/title>\n<meta name=\"description\" content=\"Genie\u00dfen Sie extreme Eleganz mit der FREDRIC Quarz Edelstahl Two-Tone Watch, einer anspruchsvollen Uhr f\u00fcr jeden Anlass. Ergreifen Sie jetzt Ihre Chance!\" \/>\n<meta name=\"robots\" content=\"index, follow, max-snippet:-1, max-image-preview:large, max-video-preview:-1\" \/>\n<link rel=\"canonical\" href=\"https:\/\/yasminfood.ch\/de\/product\/fredric-quarz-edelstahl-zweifarbige-uhr\/\" \/>\n<meta property=\"og:locale\" content=\"de_DE\" \/>\n<meta property=\"og:type\" content=\"article\" \/>\n<meta property=\"og:title\" content=\"FREDRIC Quarz Edelstahl Zweifarbige Uhr\" \/>\n<meta property=\"og:description\" content=\"FREDRIC Quarz Edelstahl Zweifarbige Uhr   Eine Luxusarmbanduhr von FREDRIC mit einem klassischen und eleganten quadratischen Design.   Sie kommt mit einem silbernen mit elegantem Goldbesatz und einem wei\u00dfen Zifferblatt mit schwarzen r\u00f6mischen Ziffern.\" \/>\n<meta property=\"og:url\" content=\"https:\/\/yasminfood.ch\/de\/product\/fredric-quarz-edelstahl-zweifarbige-uhr\/\" \/>\n<meta property=\"og:site_name\" content=\"Yasmin Food\" \/>\n<meta property=\"article:publisher\" content=\"https:\/\/www.facebook.com\/yasminmarkt1\" \/>\n<meta property=\"article:modified_time\" content=\"2025-10-09T11:48:54+00:00\" \/>\n<meta property=\"og:image\" content=\"https:\/\/yasminfood.ch\/wp-content\/uploads\/2025\/10\/\u0633\u0627\u0639\u0629-FREDRIC-\u0643\u0648\u0627\u0631\u062a\u0632-\u0633\u062a\u0627\u0646\u0644\u0633-\u0633\u062a\u064a\u0644-\u062b\u0646\u0627\u0626\u064a\u0629-\u0627\u0644\u0644\u0648\u0646.png\" \/>\n\t<meta property=\"og:image:width\" content=\"2160\" \/>\n\t<meta property=\"og:image:height\" content=\"2160\" \/>\n\t<meta property=\"og:image:type\" content=\"image\/png\" \/>\n<meta name=\"twitter:card\" content=\"summary_large_image\" \/>\n<meta name=\"twitter:label1\" content=\"Preis\" \/>\n\t<meta name=\"twitter:data1\" content=\"100.00&nbsp;&#067;&#072;&#070;\" \/>\n\t<meta name=\"twitter:label2\" content=\"Verf\u00fcgbarkeit\" \/>\n\t<meta name=\"twitter:data2\" content=\"ausverkauft\" \/>\n<script type=\"application\/ld+json\" class=\"yoast-schema-graph\">{\"@context\":\"https:\\\/\\\/schema.org\",\"@graph\":[{\"@type\":\"WebPage\",\"@id\":\"https:\\\/\\\/yasminfood.ch\\\/de\\\/product\\\/fredric-quarz-edelstahl-zweifarbige-uhr\\\/\",\"url\":\"https:\\\/\\\/yasminfood.ch\\\/de\\\/product\\\/fredric-quarz-edelstahl-zweifarbige-uhr\\\/\",\"name\":\"FREDRIC Quarz Edelstahl Zweifarbige Uhr - Yasmin Food\",\"isPartOf\":{\"@id\":\"https:\\\/\\\/yasminfood.ch\\\/de\\\/#website\"},\"primaryImageOfPage\":{\"@id\":\"https:\\\/\\\/yasminfood.ch\\\/de\\\/product\\\/fredric-quarz-edelstahl-zweifarbige-uhr\\\/#primaryimage\"},\"image\":{\"@id\":\"https:\\\/\\\/yasminfood.ch\\\/de\\\/product\\\/fredric-quarz-edelstahl-zweifarbige-uhr\\\/#primaryimage\"},\"thumbnailUrl\":\"https:\\\/\\\/yasminfood.ch\\\/wp-content\\\/uploads\\\/2025\\\/10\\\/\u0633\u0627\u0639\u0629-FREDRIC-\u0643\u0648\u0627\u0631\u062a\u0632-\u0633\u062a\u0627\u0646\u0644\u0633-\u0633\u062a\u064a\u0644-\u062b\u0646\u0627\u0626\u064a\u0629-\u0627\u0644\u0644\u0648\u0646.png\",\"datePublished\":\"2025-10-09T11:31:14+00:00\",\"dateModified\":\"2025-10-09T11:48:54+00:00\",\"description\":\"Genie\u00dfen Sie extreme Eleganz mit der FREDRIC Quarz Edelstahl Two-Tone Watch, einer anspruchsvollen Uhr f\u00fcr jeden Anlass. Ergreifen Sie jetzt Ihre Chance!\",\"breadcrumb\":{\"@id\":\"https:\\\/\\\/yasminfood.ch\\\/de\\\/product\\\/fredric-quarz-edelstahl-zweifarbige-uhr\\\/#breadcrumb\"},\"inLanguage\":\"de\",\"potentialAction\":[{\"@type\":\"ReadAction\",\"target\":[\"https:\\\/\\\/yasminfood.ch\\\/de\\\/product\\\/fredric-quarz-edelstahl-zweifarbige-uhr\\\/\"]}]},{\"@type\":\"ImageObject\",\"inLanguage\":\"de\",\"@id\":\"https:\\\/\\\/yasminfood.ch\\\/de\\\/product\\\/fredric-quarz-edelstahl-zweifarbige-uhr\\\/#primaryimage\",\"url\":\"https:\\\/\\\/yasminfood.ch\\\/wp-content\\\/uploads\\\/2025\\\/10\\\/\u0633\u0627\u0639\u0629-FREDRIC-\u0643\u0648\u0627\u0631\u062a\u0632-\u0633\u062a\u0627\u0646\u0644\u0633-\u0633\u062a\u064a\u0644-\u062b\u0646\u0627\u0626\u064a\u0629-\u0627\u0644\u0644\u0648\u0646.png\",\"contentUrl\":\"https:\\\/\\\/yasminfood.ch\\\/wp-content\\\/uploads\\\/2025\\\/10\\\/\u0633\u0627\u0639\u0629-FREDRIC-\u0643\u0648\u0627\u0631\u062a\u0632-\u0633\u062a\u0627\u0646\u0644\u0633-\u0633\u062a\u064a\u0644-\u062b\u0646\u0627\u0626\u064a\u0629-\u0627\u0644\u0644\u0648\u0646.png\",\"width\":2160,\"height\":2160,\"caption\":\"FREDRIC Quarz Edelstahl Zweifarbige Uhr\"},{\"@type\":\"BreadcrumbList\",\"@id\":\"https:\\\/\\\/yasminfood.ch\\\/de\\\/product\\\/fredric-quarz-edelstahl-zweifarbige-uhr\\\/#breadcrumb\",\"itemListElement\":[{\"@type\":\"ListItem\",\"position\":1,\"name\":\"\u0627\u0644\u0631\u0626\u064a\u0633\u064a\u0629\",\"item\":\"https:\\\/\\\/yasminfood.ch\\\/de\\\/zuhause\\\/\"},{\"@type\":\"ListItem\",\"position\":2,\"name\":\"Shop\",\"item\":\"https:\\\/\\\/yasminfood.ch\\\/de\\\/shop\\\/\"},{\"@type\":\"ListItem\",\"position\":3,\"name\":\"Nonfood\",\"item\":\"https:\\\/\\\/yasminfood.ch\\\/de\\\/produkt-kategorie\\\/nonfood\\\/\"},{\"@type\":\"ListItem\",\"position\":4,\"name\":\"Zubeh\u00f6r\",\"item\":\"https:\\\/\\\/yasminfood.ch\\\/de\\\/produkt-kategorie\\\/nonfood\\\/zubehor\\\/\"},{\"@type\":\"ListItem\",\"position\":5,\"name\":\"FREDRIC Quarz Edelstahl Zweifarbige Uhr\"}]},{\"@type\":\"WebSite\",\"@id\":\"https:\\\/\\\/yasminfood.ch\\\/de\\\/#website\",\"url\":\"https:\\\/\\\/yasminfood.ch\\\/de\\\/\",\"name\":\"\u064a\u0627\u0633\u0645\u064a\u0646 \u0645\u0627\u0631\u0643\u062a\",\"description\":\"Alles, was Sie brauchen, an einem Ort\",\"publisher\":{\"@id\":\"https:\\\/\\\/yasminfood.ch\\\/de\\\/#organization\"},\"alternateName\":\"Yasmin Food\",\"potentialAction\":[{\"@type\":\"SearchAction\",\"target\":{\"@type\":\"EntryPoint\",\"urlTemplate\":\"https:\\\/\\\/yasminfood.ch\\\/de\\\/?s={search_term_string}\"},\"query-input\":{\"@type\":\"PropertyValueSpecification\",\"valueRequired\":true,\"valueName\":\"search_term_string\"}}],\"inLanguage\":\"de\"},{\"@type\":\"Organization\",\"@id\":\"https:\\\/\\\/yasminfood.ch\\\/de\\\/#organization\",\"name\":\"\u064a\u0627\u0633\u0645\u064a\u0646 \u0645\u0627\u0631\u0643\u062a\",\"alternateName\":\"Yasmin Food\",\"url\":\"https:\\\/\\\/yasminfood.ch\\\/de\\\/\",\"logo\":{\"@type\":\"ImageObject\",\"inLanguage\":\"de\",\"@id\":\"https:\\\/\\\/yasminfood.ch\\\/de\\\/#\\\/schema\\\/logo\\\/image\\\/\",\"url\":\"https:\\\/\\\/yasminfood.ch\\\/wp-content\\\/uploads\\\/2025\\\/05\\\/yasmin-food-header-logo.png\",\"contentUrl\":\"https:\\\/\\\/yasminfood.ch\\\/wp-content\\\/uploads\\\/2025\\\/05\\\/yasmin-food-header-logo.png\",\"width\":330,\"height\":120,\"caption\":\"\u064a\u0627\u0633\u0645\u064a\u0646 \u0645\u0627\u0631\u0643\u062a\"},\"image\":{\"@id\":\"https:\\\/\\\/yasminfood.ch\\\/de\\\/#\\\/schema\\\/logo\\\/image\\\/\"},\"sameAs\":[\"https:\\\/\\\/www.facebook.com\\\/yasminmarkt1\",\"https:\\\/\\\/www.tiktok.com\\\/@yasminmarkt\",\"https:\\\/\\\/www.instagram.com\\\/yasmin.markt1\\\/\",\"https:\\\/\\\/api.whatsapp.com\\\/send\\\/?phone=41799000104\"],\"publishingPrinciples\":\"https:\\\/\\\/yasminfood.ch\\\/de\\\/shop\\\/\",\"ownershipFundingInfo\":\"https:\\\/\\\/yasminfood.ch\\\/de\\\/shop\\\/\"}]}<\/script>\n<meta property=\"product:price:amount\" content=\"100.00\" \/>\n<meta property=\"product:price:currency\" content=\"CHF\" \/>\n<meta property=\"og:availability\" content=\"out of stock\" \/>\n<meta property=\"product:availability\" content=\"out of stock\" \/>\n<meta property=\"product:condition\" content=\"new\" \/>\n<!-- \/ Yoast SEO Premium plugin. -->","yoast_head_json":{"title":"FREDRIC Quarz Edelstahl Zweifarbige Uhr - Yasmin Food","description":"Genie\u00dfen Sie extreme Eleganz mit der FREDRIC Quarz Edelstahl Two-Tone Watch, einer anspruchsvollen Uhr f\u00fcr jeden Anlass. Ergreifen Sie jetzt Ihre Chance!","robots":{"index":"index","follow":"follow","max-snippet":"max-snippet:-1","max-image-preview":"max-image-preview:large","max-video-preview":"max-video-preview:-1"},"canonical":"https:\/\/yasminfood.ch\/de\/product\/fredric-quarz-edelstahl-zweifarbige-uhr\/","og_locale":"de_DE","og_type":"article","og_title":"FREDRIC Quarz Edelstahl Zweifarbige Uhr","og_description":"FREDRIC Quarz Edelstahl Zweifarbige Uhr   Eine Luxusarmbanduhr von FREDRIC mit einem klassischen und eleganten quadratischen Design.   Sie kommt mit einem silbernen mit elegantem Goldbesatz und einem wei\u00dfen Zifferblatt mit schwarzen r\u00f6mischen Ziffern.","og_url":"https:\/\/yasminfood.ch\/de\/product\/fredric-quarz-edelstahl-zweifarbige-uhr\/","og_site_name":"Yasmin Food","article_publisher":"https:\/\/www.facebook.com\/yasminmarkt1","article_modified_time":"2025-10-09T11:48:54+00:00","og_image":[{"width":2160,"height":2160,"url":"https:\/\/yasminfood.ch\/wp-content\/uploads\/2025\/10\/\u0633\u0627\u0639\u0629-FREDRIC-\u0643\u0648\u0627\u0631\u062a\u0632-\u0633\u062a\u0627\u0646\u0644\u0633-\u0633\u062a\u064a\u0644-\u062b\u0646\u0627\u0626\u064a\u0629-\u0627\u0644\u0644\u0648\u0646.png","type":"image\/png"}],"twitter_card":"summary_large_image","twitter_misc":{"Preis":"100.00&nbsp;&#67;&#72;&#70;","Verf\u00fcgbarkeit":"ausverkauft"},"schema":{"@context":"https:\/\/schema.org","@graph":[{"@type":"WebPage","@id":"https:\/\/yasminfood.ch\/de\/product\/fredric-quarz-edelstahl-zweifarbige-uhr\/","url":"https:\/\/yasminfood.ch\/de\/product\/fredric-quarz-edelstahl-zweifarbige-uhr\/","name":"FREDRIC Quarz Edelstahl Zweifarbige Uhr - Yasmin Food","isPartOf":{"@id":"https:\/\/yasminfood.ch\/de\/#website"},"primaryImageOfPage":{"@id":"https:\/\/yasminfood.ch\/de\/product\/fredric-quarz-edelstahl-zweifarbige-uhr\/#primaryimage"},"image":{"@id":"https:\/\/yasminfood.ch\/de\/product\/fredric-quarz-edelstahl-zweifarbige-uhr\/#primaryimage"},"thumbnailUrl":"https:\/\/yasminfood.ch\/wp-content\/uploads\/2025\/10\/\u0633\u0627\u0639\u0629-FREDRIC-\u0643\u0648\u0627\u0631\u062a\u0632-\u0633\u062a\u0627\u0646\u0644\u0633-\u0633\u062a\u064a\u0644-\u062b\u0646\u0627\u0626\u064a\u0629-\u0627\u0644\u0644\u0648\u0646.png","datePublished":"2025-10-09T11:31:14+00:00","dateModified":"2025-10-09T11:48:54+00:00","description":"Genie\u00dfen Sie extreme Eleganz mit der FREDRIC Quarz Edelstahl Two-Tone Watch, einer anspruchsvollen Uhr f\u00fcr jeden Anlass. Ergreifen Sie jetzt Ihre Chance!","breadcrumb":{"@id":"https:\/\/yasminfood.ch\/de\/product\/fredric-quarz-edelstahl-zweifarbige-uhr\/#breadcrumb"},"inLanguage":"de","potentialAction":[{"@type":"ReadAction","target":["https:\/\/yasminfood.ch\/de\/product\/fredric-quarz-edelstahl-zweifarbige-uhr\/"]}]},{"@type":"ImageObject","inLanguage":"de","@id":"https:\/\/yasminfood.ch\/de\/product\/fredric-quarz-edelstahl-zweifarbige-uhr\/#primaryimage","url":"https:\/\/yasminfood.ch\/wp-content\/uploads\/2025\/10\/\u0633\u0627\u0639\u0629-FREDRIC-\u0643\u0648\u0627\u0631\u062a\u0632-\u0633\u062a\u0627\u0646\u0644\u0633-\u0633\u062a\u064a\u0644-\u062b\u0646\u0627\u0626\u064a\u0629-\u0627\u0644\u0644\u0648\u0646.png","contentUrl":"https:\/\/yasminfood.ch\/wp-content\/uploads\/2025\/10\/\u0633\u0627\u0639\u0629-FREDRIC-\u0643\u0648\u0627\u0631\u062a\u0632-\u0633\u062a\u0627\u0646\u0644\u0633-\u0633\u062a\u064a\u0644-\u062b\u0646\u0627\u0626\u064a\u0629-\u0627\u0644\u0644\u0648\u0646.png","width":2160,"height":2160,"caption":"FREDRIC Quarz Edelstahl Zweifarbige Uhr"},{"@type":"BreadcrumbList","@id":"https:\/\/yasminfood.ch\/de\/product\/fredric-quarz-edelstahl-zweifarbige-uhr\/#breadcrumb","itemListElement":[{"@type":"ListItem","position":1,"name":"\u0627\u0644\u0631\u0626\u064a\u0633\u064a\u0629","item":"https:\/\/yasminfood.ch\/de\/zuhause\/"},{"@type":"ListItem","position":2,"name":"Shop","item":"https:\/\/yasminfood.ch\/de\/shop\/"},{"@type":"ListItem","position":3,"name":"Nonfood","item":"https:\/\/yasminfood.ch\/de\/produkt-kategorie\/nonfood\/"},{"@type":"ListItem","position":4,"name":"Zubeh\u00f6r","item":"https:\/\/yasminfood.ch\/de\/produkt-kategorie\/nonfood\/zubehor\/"},{"@type":"ListItem","position":5,"name":"FREDRIC Quarz Edelstahl Zweifarbige Uhr"}]},{"@type":"WebSite","@id":"https:\/\/yasminfood.ch\/de\/#website","url":"https:\/\/yasminfood.ch\/de\/","name":"\u064a\u0627\u0633\u0645\u064a\u0646 \u0645\u0627\u0631\u0643\u062a","description":"Alles, was Sie brauchen, an einem Ort","publisher":{"@id":"https:\/\/yasminfood.ch\/de\/#organization"},"alternateName":"Yasmin Food","potentialAction":[{"@type":"SearchAction","target":{"@type":"EntryPoint","urlTemplate":"https:\/\/yasminfood.ch\/de\/?s={search_term_string}"},"query-input":{"@type":"PropertyValueSpecification","valueRequired":true,"valueName":"search_term_string"}}],"inLanguage":"de"},{"@type":"Organization","@id":"https:\/\/yasminfood.ch\/de\/#organization","name":"\u064a\u0627\u0633\u0645\u064a\u0646 \u0645\u0627\u0631\u0643\u062a","alternateName":"Yasmin Food","url":"https:\/\/yasminfood.ch\/de\/","logo":{"@type":"ImageObject","inLanguage":"de","@id":"https:\/\/yasminfood.ch\/de\/#\/schema\/logo\/image\/","url":"https:\/\/yasminfood.ch\/wp-content\/uploads\/2025\/05\/yasmin-food-header-logo.png","contentUrl":"https:\/\/yasminfood.ch\/wp-content\/uploads\/2025\/05\/yasmin-food-header-logo.png","width":330,"height":120,"caption":"\u064a\u0627\u0633\u0645\u064a\u0646 \u0645\u0627\u0631\u0643\u062a"},"image":{"@id":"https:\/\/yasminfood.ch\/de\/#\/schema\/logo\/image\/"},"sameAs":["https:\/\/www.facebook.com\/yasminmarkt1","https:\/\/www.tiktok.com\/@yasminmarkt","https:\/\/www.instagram.com\/yasmin.markt1\/","https:\/\/api.whatsapp.com\/send\/?phone=41799000104"],"publishingPrinciples":"https:\/\/yasminfood.ch\/de\/shop\/","ownershipFundingInfo":"https:\/\/yasminfood.ch\/de\/shop\/"}]},"product_price_amount":"100.00","product_price_currency":"CHF","og_availability":"out of stock","product_availability":"out of stock","product_condition":"new"},"jetpack_sharing_enabled":true,"_links":{"self":[{"href":"https:\/\/yasminfood.ch\/de\/wp-json\/wp\/v2\/product\/120204","targetHints":{"allow":["GET"]}}],"collection":[{"href":"https:\/\/yasminfood.ch\/de\/wp-json\/wp\/v2\/product"}],"about":[{"href":"https:\/\/yasminfood.ch\/de\/wp-json\/wp\/v2\/types\/product"}],"replies":[{"embeddable":true,"href":"https:\/\/yasminfood.ch\/de\/wp-json\/wp\/v2\/comments?post=120204"}],"version-history":[{"count":0,"href":"https:\/\/yasminfood.ch\/de\/wp-json\/wp\/v2\/product\/120204\/revisions"}],"wp:featuredmedia":[{"embeddable":true,"href":"https:\/\/yasminfood.ch\/de\/wp-json\/wp\/v2\/media\/120177"}],"wp:attachment":[{"href":"https:\/\/yasminfood.ch\/de\/wp-json\/wp\/v2\/media?parent=120204"}],"wp:term":[{"taxonomy":"product_brand","embeddable":true,"href":"https:\/\/yasminfood.ch\/de\/wp-json\/wp\/v2\/product_brand?post=120204"},{"taxonomy":"product_cat","embeddable":true,"href":"https:\/\/yasminfood.ch\/de\/wp-json\/wp\/v2\/product_cat?post=120204"},{"taxonomy":"product_tag","embeddable":true,"href":"https:\/\/yasminfood.ch\/de\/wp-json\/wp\/v2\/product_tag?post=120204"}],"curies":[{"name":"wp","href":"https:\/\/api.w.org\/{rel}","templated":true}]}}