{"id":120247,"date":"2025-10-09T14:22:25","date_gmt":"2025-10-09T12:22:25","guid":{"rendered":"https:\/\/yasminfood.ch\/product\/fredric-ocean-professionelle-quarz-edelstahl-schwarze-uhr\/"},"modified":"2025-10-09T15:01:12","modified_gmt":"2025-10-09T13:01:12","slug":"fredric-ocean-professionelle-quarz-edelstahl-schwarze-uhr","status":"publish","type":"product","link":"https:\/\/yasminfood.ch\/de\/product\/fredric-ocean-professionelle-quarz-edelstahl-schwarze-uhr\/","title":{"rendered":"FREDRIC Ocean Professionelle Quarz Edelstahl Schwarze Uhr"},"content":{"rendered":"<p data-start=\"414\" data-end=\"475\"><strong>FREDRIC Ocean Professionelle Quarz Edelstahl Schwarze Uhr<\/strong><\/p>\n<ul>\n<li data-start=\"476\" data-end=\"747\">\n<p data-start=\"476\" data-end=\"747\">Eine Herrenuhr von <strong data-start=\"494\" data-end=\"505\">FREDRIC<\/strong> mit einem klassischen professionellen Tauchdesign.<\/p>\n<\/li>\n<li data-start=\"476\" data-end=\"747\">\n<p data-start=\"476\" data-end=\"747\">Sie verf\u00fcgt \u00fcber ein schwarzes Zifferblatt mit beleuchteten Anzeigen, eine schwarze Drehl\u00fcnette und ein Datumsfenster mit Lupe.  <\/p>\n<\/li>\n<li data-start=\"476\" data-end=\"747\">\n<p data-start=\"476\" data-end=\"747\">Sie ist mit einem starken Edelstahlarmband ausgestattet und wird von einem pr\u00e4zisen Quarzmechanismus angetrieben. Eine praktische und stilvolle Uhr, die perfekt f\u00fcr den Alltag und f\u00fcr Liebhaber von Meeresabenteuern ist.  <\/p>\n<\/li>\n<\/ul>\n","protected":false},"excerpt":{"rendered":"<p data-start=\"414\" data-end=\"475\"><strong>FREDRIC Ocean Professionelle Quarz Edelstahl Schwarze Uhr<\/strong><\/p>\n<ul>\n<li data-start=\"476\" data-end=\"747\">\n<p data-start=\"476\" data-end=\"747\">Eine Herrenuhr von <strong data-start=\"494\" data-end=\"505\">FREDRIC<\/strong> mit einem klassischen professionellen Tauchdesign.<\/p>\n<\/li>\n<li data-start=\"476\" data-end=\"747\">\n<p data-start=\"476\" data-end=\"747\">Sie verf\u00fcgt \u00fcber ein schwarzes Zifferblatt mit beleuchteten Anzeigen, eine schwarze Drehl\u00fcnette und ein Datumsfenster mit Lupe.  <\/p>\n<\/li>\n<\/ul>\n","protected":false},"featured_media":120230,"comment_status":"open","ping_status":"closed","template":"","meta":[],"product_brand":[],"product_cat":[388,2182],"product_tag":[],"class_list":{"0":"post-120247","1":"product","2":"type-product","3":"status-publish","4":"has-post-thumbnail","6":"product_cat-nonfood","7":"product_cat-zubehor","9":"first","10":"outofstock","11":"taxable","12":"shipping-taxable","13":"purchasable","14":"product-type-simple"},"yoast_head":"<!-- This site is optimized with the Yoast SEO Premium plugin v26.5 (Yoast SEO v27.3) - https:\/\/yoast.com\/product\/yoast-seo-premium-wordpress\/ -->\n<title>FREDRIC Ocean Professionelle Quarz Edelstahl Schwarze Uhr - Yasmin Food<\/title>\n<meta name=\"description\" content=\"Genie\u00dfen Sie ein einzigartiges Design und funktionale Eleganz mit der FREDRIC Ocean Professional Quarz Edelstahl Black Watch. Holen Sie es sich noch heute, um Ihren Look zu vervollst\u00e4ndigen! Yasmin Food\" \/>\n<meta name=\"robots\" content=\"index, follow, max-snippet:-1, max-image-preview:large, max-video-preview:-1\" \/>\n<link rel=\"canonical\" href=\"https:\/\/yasminfood.ch\/de\/product\/fredric-ocean-professionelle-quarz-edelstahl-schwarze-uhr\/\" \/>\n<meta property=\"og:locale\" content=\"de_DE\" \/>\n<meta property=\"og:type\" content=\"article\" \/>\n<meta property=\"og:title\" content=\"FREDRIC Ocean Professionelle Quarz Edelstahl Schwarze Uhr\" \/>\n<meta property=\"og:description\" content=\"FREDRIC Ocean Professionelle Quarz Edelstahl Schwarze Uhr   Eine Herrenuhr von FREDRIC mit einem klassischen professionellen Tauchdesign.   Sie verf\u00fcgt \u00fcber ein schwarzes Zifferblatt mit beleuchteten Anzeigen, eine schwarze Drehl\u00fcnette und ein Datumsfenster mit Lupe.\" \/>\n<meta property=\"og:url\" content=\"https:\/\/yasminfood.ch\/de\/product\/fredric-ocean-professionelle-quarz-edelstahl-schwarze-uhr\/\" \/>\n<meta property=\"og:site_name\" content=\"Yasmin Food\" \/>\n<meta property=\"article:publisher\" content=\"https:\/\/www.facebook.com\/yasminmarkt1\" \/>\n<meta property=\"article:modified_time\" content=\"2025-10-09T13:01:12+00:00\" \/>\n<meta property=\"og:image\" content=\"https:\/\/yasminfood.ch\/wp-content\/uploads\/2025\/10\/\u0633\u0627\u0639\u0629-FREDRIC-Ocean-Professional-\u0643\u0648\u0627\u0631\u062a\u0632-\u0633\u062a\u0627\u0646\u0644\u0633-\u0633\u062a\u064a\u0644-\u0623\u0633\u0648\u062f.png\" \/>\n\t<meta property=\"og:image:width\" content=\"2160\" \/>\n\t<meta property=\"og:image:height\" content=\"2160\" \/>\n\t<meta property=\"og:image:type\" content=\"image\/png\" \/>\n<meta name=\"twitter:card\" content=\"summary_large_image\" \/>\n<meta name=\"twitter:label1\" content=\"Preis\" \/>\n\t<meta name=\"twitter:data1\" content=\"100.00&nbsp;&#067;&#072;&#070;\" \/>\n\t<meta name=\"twitter:label2\" content=\"Verf\u00fcgbarkeit\" \/>\n\t<meta name=\"twitter:data2\" content=\"ausverkauft\" \/>\n<script type=\"application\/ld+json\" class=\"yoast-schema-graph\">{\"@context\":\"https:\\\/\\\/schema.org\",\"@graph\":[{\"@type\":\"WebPage\",\"@id\":\"https:\\\/\\\/yasminfood.ch\\\/de\\\/product\\\/fredric-ocean-professionelle-quarz-edelstahl-schwarze-uhr\\\/\",\"url\":\"https:\\\/\\\/yasminfood.ch\\\/de\\\/product\\\/fredric-ocean-professionelle-quarz-edelstahl-schwarze-uhr\\\/\",\"name\":\"FREDRIC Ocean Professionelle Quarz Edelstahl Schwarze Uhr - Yasmin Food\",\"isPartOf\":{\"@id\":\"https:\\\/\\\/yasminfood.ch\\\/de\\\/#website\"},\"primaryImageOfPage\":{\"@id\":\"https:\\\/\\\/yasminfood.ch\\\/de\\\/product\\\/fredric-ocean-professionelle-quarz-edelstahl-schwarze-uhr\\\/#primaryimage\"},\"image\":{\"@id\":\"https:\\\/\\\/yasminfood.ch\\\/de\\\/product\\\/fredric-ocean-professionelle-quarz-edelstahl-schwarze-uhr\\\/#primaryimage\"},\"thumbnailUrl\":\"https:\\\/\\\/yasminfood.ch\\\/wp-content\\\/uploads\\\/2025\\\/10\\\/\u0633\u0627\u0639\u0629-FREDRIC-Ocean-Professional-\u0643\u0648\u0627\u0631\u062a\u0632-\u0633\u062a\u0627\u0646\u0644\u0633-\u0633\u062a\u064a\u0644-\u0623\u0633\u0648\u062f.png\",\"datePublished\":\"2025-10-09T12:22:25+00:00\",\"dateModified\":\"2025-10-09T13:01:12+00:00\",\"description\":\"Genie\u00dfen Sie ein einzigartiges Design und funktionale Eleganz mit der FREDRIC Ocean Professional Quarz Edelstahl Black Watch. Holen Sie es sich noch heute, um Ihren Look zu vervollst\u00e4ndigen! Yasmin Food\",\"breadcrumb\":{\"@id\":\"https:\\\/\\\/yasminfood.ch\\\/de\\\/product\\\/fredric-ocean-professionelle-quarz-edelstahl-schwarze-uhr\\\/#breadcrumb\"},\"inLanguage\":\"de\",\"potentialAction\":[{\"@type\":\"ReadAction\",\"target\":[\"https:\\\/\\\/yasminfood.ch\\\/de\\\/product\\\/fredric-ocean-professionelle-quarz-edelstahl-schwarze-uhr\\\/\"]}]},{\"@type\":\"ImageObject\",\"inLanguage\":\"de\",\"@id\":\"https:\\\/\\\/yasminfood.ch\\\/de\\\/product\\\/fredric-ocean-professionelle-quarz-edelstahl-schwarze-uhr\\\/#primaryimage\",\"url\":\"https:\\\/\\\/yasminfood.ch\\\/wp-content\\\/uploads\\\/2025\\\/10\\\/\u0633\u0627\u0639\u0629-FREDRIC-Ocean-Professional-\u0643\u0648\u0627\u0631\u062a\u0632-\u0633\u062a\u0627\u0646\u0644\u0633-\u0633\u062a\u064a\u0644-\u0623\u0633\u0648\u062f.png\",\"contentUrl\":\"https:\\\/\\\/yasminfood.ch\\\/wp-content\\\/uploads\\\/2025\\\/10\\\/\u0633\u0627\u0639\u0629-FREDRIC-Ocean-Professional-\u0643\u0648\u0627\u0631\u062a\u0632-\u0633\u062a\u0627\u0646\u0644\u0633-\u0633\u062a\u064a\u0644-\u0623\u0633\u0648\u062f.png\",\"width\":2160,\"height\":2160,\"caption\":\"FREDRIC Ocean Professionelle Quarz Edelstahl Schwarze Uhr\"},{\"@type\":\"BreadcrumbList\",\"@id\":\"https:\\\/\\\/yasminfood.ch\\\/de\\\/product\\\/fredric-ocean-professionelle-quarz-edelstahl-schwarze-uhr\\\/#breadcrumb\",\"itemListElement\":[{\"@type\":\"ListItem\",\"position\":1,\"name\":\"\u0627\u0644\u0631\u0626\u064a\u0633\u064a\u0629\",\"item\":\"https:\\\/\\\/yasminfood.ch\\\/de\\\/zuhause\\\/\"},{\"@type\":\"ListItem\",\"position\":2,\"name\":\"Shop\",\"item\":\"https:\\\/\\\/yasminfood.ch\\\/de\\\/shop\\\/\"},{\"@type\":\"ListItem\",\"position\":3,\"name\":\"Nonfood\",\"item\":\"https:\\\/\\\/yasminfood.ch\\\/de\\\/produkt-kategorie\\\/nonfood\\\/\"},{\"@type\":\"ListItem\",\"position\":4,\"name\":\"Zubeh\u00f6r\",\"item\":\"https:\\\/\\\/yasminfood.ch\\\/de\\\/produkt-kategorie\\\/nonfood\\\/zubehor\\\/\"},{\"@type\":\"ListItem\",\"position\":5,\"name\":\"FREDRIC Ocean Professionelle Quarz Edelstahl Schwarze Uhr\"}]},{\"@type\":\"WebSite\",\"@id\":\"https:\\\/\\\/yasminfood.ch\\\/de\\\/#website\",\"url\":\"https:\\\/\\\/yasminfood.ch\\\/de\\\/\",\"name\":\"\u064a\u0627\u0633\u0645\u064a\u0646 \u0645\u0627\u0631\u0643\u062a\",\"description\":\"Alles, was Sie brauchen, an einem Ort\",\"publisher\":{\"@id\":\"https:\\\/\\\/yasminfood.ch\\\/de\\\/#organization\"},\"alternateName\":\"Yasmin Food\",\"potentialAction\":[{\"@type\":\"SearchAction\",\"target\":{\"@type\":\"EntryPoint\",\"urlTemplate\":\"https:\\\/\\\/yasminfood.ch\\\/de\\\/?s={search_term_string}\"},\"query-input\":{\"@type\":\"PropertyValueSpecification\",\"valueRequired\":true,\"valueName\":\"search_term_string\"}}],\"inLanguage\":\"de\"},{\"@type\":\"Organization\",\"@id\":\"https:\\\/\\\/yasminfood.ch\\\/de\\\/#organization\",\"name\":\"\u064a\u0627\u0633\u0645\u064a\u0646 \u0645\u0627\u0631\u0643\u062a\",\"alternateName\":\"Yasmin Food\",\"url\":\"https:\\\/\\\/yasminfood.ch\\\/de\\\/\",\"logo\":{\"@type\":\"ImageObject\",\"inLanguage\":\"de\",\"@id\":\"https:\\\/\\\/yasminfood.ch\\\/de\\\/#\\\/schema\\\/logo\\\/image\\\/\",\"url\":\"https:\\\/\\\/yasminfood.ch\\\/wp-content\\\/uploads\\\/2025\\\/05\\\/yasmin-food-header-logo.png\",\"contentUrl\":\"https:\\\/\\\/yasminfood.ch\\\/wp-content\\\/uploads\\\/2025\\\/05\\\/yasmin-food-header-logo.png\",\"width\":330,\"height\":120,\"caption\":\"\u064a\u0627\u0633\u0645\u064a\u0646 \u0645\u0627\u0631\u0643\u062a\"},\"image\":{\"@id\":\"https:\\\/\\\/yasminfood.ch\\\/de\\\/#\\\/schema\\\/logo\\\/image\\\/\"},\"sameAs\":[\"https:\\\/\\\/www.facebook.com\\\/yasminmarkt1\",\"https:\\\/\\\/www.tiktok.com\\\/@yasminmarkt\",\"https:\\\/\\\/www.instagram.com\\\/yasmin.markt1\\\/\",\"https:\\\/\\\/api.whatsapp.com\\\/send\\\/?phone=41799000104\"],\"publishingPrinciples\":\"https:\\\/\\\/yasminfood.ch\\\/de\\\/shop\\\/\",\"ownershipFundingInfo\":\"https:\\\/\\\/yasminfood.ch\\\/de\\\/shop\\\/\"}]}<\/script>\n<meta property=\"product:price:amount\" content=\"100.00\" \/>\n<meta property=\"product:price:currency\" content=\"CHF\" \/>\n<meta property=\"og:availability\" content=\"out of stock\" \/>\n<meta property=\"product:availability\" content=\"out of stock\" \/>\n<meta property=\"product:condition\" content=\"new\" \/>\n<!-- \/ Yoast SEO Premium plugin. -->","yoast_head_json":{"title":"FREDRIC Ocean Professionelle Quarz Edelstahl Schwarze Uhr - Yasmin Food","description":"Genie\u00dfen Sie ein einzigartiges Design und funktionale Eleganz mit der FREDRIC Ocean Professional Quarz Edelstahl Black Watch. Holen Sie es sich noch heute, um Ihren Look zu vervollst\u00e4ndigen! Yasmin Food","robots":{"index":"index","follow":"follow","max-snippet":"max-snippet:-1","max-image-preview":"max-image-preview:large","max-video-preview":"max-video-preview:-1"},"canonical":"https:\/\/yasminfood.ch\/de\/product\/fredric-ocean-professionelle-quarz-edelstahl-schwarze-uhr\/","og_locale":"de_DE","og_type":"article","og_title":"FREDRIC Ocean Professionelle Quarz Edelstahl Schwarze Uhr","og_description":"FREDRIC Ocean Professionelle Quarz Edelstahl Schwarze Uhr   Eine Herrenuhr von FREDRIC mit einem klassischen professionellen Tauchdesign.   Sie verf\u00fcgt \u00fcber ein schwarzes Zifferblatt mit beleuchteten Anzeigen, eine schwarze Drehl\u00fcnette und ein Datumsfenster mit Lupe.","og_url":"https:\/\/yasminfood.ch\/de\/product\/fredric-ocean-professionelle-quarz-edelstahl-schwarze-uhr\/","og_site_name":"Yasmin Food","article_publisher":"https:\/\/www.facebook.com\/yasminmarkt1","article_modified_time":"2025-10-09T13:01:12+00:00","og_image":[{"width":2160,"height":2160,"url":"https:\/\/yasminfood.ch\/wp-content\/uploads\/2025\/10\/\u0633\u0627\u0639\u0629-FREDRIC-Ocean-Professional-\u0643\u0648\u0627\u0631\u062a\u0632-\u0633\u062a\u0627\u0646\u0644\u0633-\u0633\u062a\u064a\u0644-\u0623\u0633\u0648\u062f.png","type":"image\/png"}],"twitter_card":"summary_large_image","twitter_misc":{"Preis":"100.00&nbsp;&#67;&#72;&#70;","Verf\u00fcgbarkeit":"ausverkauft"},"schema":{"@context":"https:\/\/schema.org","@graph":[{"@type":"WebPage","@id":"https:\/\/yasminfood.ch\/de\/product\/fredric-ocean-professionelle-quarz-edelstahl-schwarze-uhr\/","url":"https:\/\/yasminfood.ch\/de\/product\/fredric-ocean-professionelle-quarz-edelstahl-schwarze-uhr\/","name":"FREDRIC Ocean Professionelle Quarz Edelstahl Schwarze Uhr - Yasmin Food","isPartOf":{"@id":"https:\/\/yasminfood.ch\/de\/#website"},"primaryImageOfPage":{"@id":"https:\/\/yasminfood.ch\/de\/product\/fredric-ocean-professionelle-quarz-edelstahl-schwarze-uhr\/#primaryimage"},"image":{"@id":"https:\/\/yasminfood.ch\/de\/product\/fredric-ocean-professionelle-quarz-edelstahl-schwarze-uhr\/#primaryimage"},"thumbnailUrl":"https:\/\/yasminfood.ch\/wp-content\/uploads\/2025\/10\/\u0633\u0627\u0639\u0629-FREDRIC-Ocean-Professional-\u0643\u0648\u0627\u0631\u062a\u0632-\u0633\u062a\u0627\u0646\u0644\u0633-\u0633\u062a\u064a\u0644-\u0623\u0633\u0648\u062f.png","datePublished":"2025-10-09T12:22:25+00:00","dateModified":"2025-10-09T13:01:12+00:00","description":"Genie\u00dfen Sie ein einzigartiges Design und funktionale Eleganz mit der FREDRIC Ocean Professional Quarz Edelstahl Black Watch. Holen Sie es sich noch heute, um Ihren Look zu vervollst\u00e4ndigen! Yasmin Food","breadcrumb":{"@id":"https:\/\/yasminfood.ch\/de\/product\/fredric-ocean-professionelle-quarz-edelstahl-schwarze-uhr\/#breadcrumb"},"inLanguage":"de","potentialAction":[{"@type":"ReadAction","target":["https:\/\/yasminfood.ch\/de\/product\/fredric-ocean-professionelle-quarz-edelstahl-schwarze-uhr\/"]}]},{"@type":"ImageObject","inLanguage":"de","@id":"https:\/\/yasminfood.ch\/de\/product\/fredric-ocean-professionelle-quarz-edelstahl-schwarze-uhr\/#primaryimage","url":"https:\/\/yasminfood.ch\/wp-content\/uploads\/2025\/10\/\u0633\u0627\u0639\u0629-FREDRIC-Ocean-Professional-\u0643\u0648\u0627\u0631\u062a\u0632-\u0633\u062a\u0627\u0646\u0644\u0633-\u0633\u062a\u064a\u0644-\u0623\u0633\u0648\u062f.png","contentUrl":"https:\/\/yasminfood.ch\/wp-content\/uploads\/2025\/10\/\u0633\u0627\u0639\u0629-FREDRIC-Ocean-Professional-\u0643\u0648\u0627\u0631\u062a\u0632-\u0633\u062a\u0627\u0646\u0644\u0633-\u0633\u062a\u064a\u0644-\u0623\u0633\u0648\u062f.png","width":2160,"height":2160,"caption":"FREDRIC Ocean Professionelle Quarz Edelstahl Schwarze Uhr"},{"@type":"BreadcrumbList","@id":"https:\/\/yasminfood.ch\/de\/product\/fredric-ocean-professionelle-quarz-edelstahl-schwarze-uhr\/#breadcrumb","itemListElement":[{"@type":"ListItem","position":1,"name":"\u0627\u0644\u0631\u0626\u064a\u0633\u064a\u0629","item":"https:\/\/yasminfood.ch\/de\/zuhause\/"},{"@type":"ListItem","position":2,"name":"Shop","item":"https:\/\/yasminfood.ch\/de\/shop\/"},{"@type":"ListItem","position":3,"name":"Nonfood","item":"https:\/\/yasminfood.ch\/de\/produkt-kategorie\/nonfood\/"},{"@type":"ListItem","position":4,"name":"Zubeh\u00f6r","item":"https:\/\/yasminfood.ch\/de\/produkt-kategorie\/nonfood\/zubehor\/"},{"@type":"ListItem","position":5,"name":"FREDRIC Ocean Professionelle Quarz Edelstahl Schwarze Uhr"}]},{"@type":"WebSite","@id":"https:\/\/yasminfood.ch\/de\/#website","url":"https:\/\/yasminfood.ch\/de\/","name":"\u064a\u0627\u0633\u0645\u064a\u0646 \u0645\u0627\u0631\u0643\u062a","description":"Alles, was Sie brauchen, an einem Ort","publisher":{"@id":"https:\/\/yasminfood.ch\/de\/#organization"},"alternateName":"Yasmin Food","potentialAction":[{"@type":"SearchAction","target":{"@type":"EntryPoint","urlTemplate":"https:\/\/yasminfood.ch\/de\/?s={search_term_string}"},"query-input":{"@type":"PropertyValueSpecification","valueRequired":true,"valueName":"search_term_string"}}],"inLanguage":"de"},{"@type":"Organization","@id":"https:\/\/yasminfood.ch\/de\/#organization","name":"\u064a\u0627\u0633\u0645\u064a\u0646 \u0645\u0627\u0631\u0643\u062a","alternateName":"Yasmin Food","url":"https:\/\/yasminfood.ch\/de\/","logo":{"@type":"ImageObject","inLanguage":"de","@id":"https:\/\/yasminfood.ch\/de\/#\/schema\/logo\/image\/","url":"https:\/\/yasminfood.ch\/wp-content\/uploads\/2025\/05\/yasmin-food-header-logo.png","contentUrl":"https:\/\/yasminfood.ch\/wp-content\/uploads\/2025\/05\/yasmin-food-header-logo.png","width":330,"height":120,"caption":"\u064a\u0627\u0633\u0645\u064a\u0646 \u0645\u0627\u0631\u0643\u062a"},"image":{"@id":"https:\/\/yasminfood.ch\/de\/#\/schema\/logo\/image\/"},"sameAs":["https:\/\/www.facebook.com\/yasminmarkt1","https:\/\/www.tiktok.com\/@yasminmarkt","https:\/\/www.instagram.com\/yasmin.markt1\/","https:\/\/api.whatsapp.com\/send\/?phone=41799000104"],"publishingPrinciples":"https:\/\/yasminfood.ch\/de\/shop\/","ownershipFundingInfo":"https:\/\/yasminfood.ch\/de\/shop\/"}]},"product_price_amount":"100.00","product_price_currency":"CHF","og_availability":"out of stock","product_availability":"out of stock","product_condition":"new"},"jetpack_sharing_enabled":true,"_links":{"self":[{"href":"https:\/\/yasminfood.ch\/de\/wp-json\/wp\/v2\/product\/120247","targetHints":{"allow":["GET"]}}],"collection":[{"href":"https:\/\/yasminfood.ch\/de\/wp-json\/wp\/v2\/product"}],"about":[{"href":"https:\/\/yasminfood.ch\/de\/wp-json\/wp\/v2\/types\/product"}],"replies":[{"embeddable":true,"href":"https:\/\/yasminfood.ch\/de\/wp-json\/wp\/v2\/comments?post=120247"}],"version-history":[{"count":0,"href":"https:\/\/yasminfood.ch\/de\/wp-json\/wp\/v2\/product\/120247\/revisions"}],"wp:featuredmedia":[{"embeddable":true,"href":"https:\/\/yasminfood.ch\/de\/wp-json\/wp\/v2\/media\/120230"}],"wp:attachment":[{"href":"https:\/\/yasminfood.ch\/de\/wp-json\/wp\/v2\/media?parent=120247"}],"wp:term":[{"taxonomy":"product_brand","embeddable":true,"href":"https:\/\/yasminfood.ch\/de\/wp-json\/wp\/v2\/product_brand?post=120247"},{"taxonomy":"product_cat","embeddable":true,"href":"https:\/\/yasminfood.ch\/de\/wp-json\/wp\/v2\/product_cat?post=120247"},{"taxonomy":"product_tag","embeddable":true,"href":"https:\/\/yasminfood.ch\/de\/wp-json\/wp\/v2\/product_tag?post=120247"}],"curies":[{"name":"wp","href":"https:\/\/api.w.org\/{rel}","templated":true}]}}