{"id":120257,"date":"2025-10-10T14:03:41","date_gmt":"2025-10-10T12:03:41","guid":{"rendered":"https:\/\/yasminfood.ch\/product\/maria-dattelpaste-1080g\/"},"modified":"2025-10-10T14:05:49","modified_gmt":"2025-10-10T12:05:49","slug":"maria-dattelpaste-1080g","status":"publish","type":"product","link":"https:\/\/yasminfood.ch\/de\/product\/maria-dattelpaste-1080g\/","title":{"rendered":"Maria Dattelpaste 1080g"},"content":{"rendered":"<p><strong>Maria Dattelpaste 1080g<\/strong><\/p>\n<ul>\n<li>\n<p data-start=\"127\" data-end=\"288\">Genie\u00dfen Sie den Geschmack nat\u00fcrlicher Datteln, die sorgf\u00e4ltig gemischt und perfekt f\u00fcr die Verwendung in S\u00fc\u00dfwaren, Maamoul, Kuchen und vielen \u00f6stlichen und westlichen Rezepten geeignet sind. <\/p>\n<ul data-start=\"289\" data-end=\"478\">\n<li data-start=\"289\" data-end=\"317\">\n<p data-start=\"291\" data-end=\"317\"><strong data-start=\"291\" data-end=\"308\">Nettogewicht:<\/strong> 1080 g<\/p>\n<\/li>\n<li data-start=\"318\" data-end=\"368\">\n<p data-start=\"320\" data-end=\"368\"><strong data-start=\"320\" data-end=\"341\">Marke:<\/strong> MARIA Allgemeiner H\u00e4ndel<\/p>\n<\/li>\n<li data-start=\"369\" data-end=\"478\">\n<p data-start=\"371\" data-end=\"385\"><strong data-start=\"371\" data-end=\"383\">Charaktereigenschaften:<\/strong><\/p>\n<ul data-start=\"388\" data-end=\"478\">\n<li data-start=\"388\" data-end=\"411\">\n<p data-start=\"390\" data-end=\"411\">Weich und leicht zu formen<\/p>\n<\/li>\n<li data-start=\"414\" data-end=\"448\">\n<p data-start=\"416\" data-end=\"448\">Reich an Energie und N\u00e4hrstoffen<\/p>\n<\/li>\n<li data-start=\"451\" data-end=\"478\">\n<p data-start=\"453\" data-end=\"478\">Ohne Konservierungsstoffe<\/p>\n<\/li>\n<\/ul>\n<\/li>\n<\/ul>\n<p data-start=\"480\" data-end=\"558\">Ein praktisches, gebrauchsfertiges Produkt, das Ihnen Zeit spart und Ihnen den authentischen Geschmack feiner Datteln verleiht.<\/p>\n<\/li>\n<\/ul>\n","protected":false},"excerpt":{"rendered":"<p><strong>Maria Dattelpaste 1080g<\/strong><\/p>\n<ul>\n<li>\n<p data-start=\"127\" data-end=\"288\">Genie\u00dfen Sie den Geschmack nat\u00fcrlicher Datteln, die sorgf\u00e4ltig gemischt und perfekt f\u00fcr die Verwendung in S\u00fc\u00dfwaren, Maamoul, Kuchen und vielen \u00f6stlichen und westlichen Rezepten geeignet sind. <\/p>\n<\/li>\n<\/ul>\n","protected":false},"featured_media":120254,"comment_status":"open","ping_status":"closed","template":"","meta":[],"product_brand":[],"product_cat":[298,297],"product_tag":[],"class_list":{"0":"post-120257","1":"product","2":"type-product","3":"status-publish","4":"has-post-thumbnail","6":"product_cat-datteln","7":"product_cat-dessert-chips-2","9":"first","10":"instock","11":"taxable","12":"shipping-taxable","13":"purchasable","14":"product-type-simple"},"yoast_head":"<!-- This site is optimized with the Yoast SEO Premium plugin v26.5 (Yoast SEO v27.3) - https:\/\/yoast.com\/product\/yoast-seo-premium-wordpress\/ -->\n<title>Maria Dattelpaste 1080g - Yasmin Food<\/title>\n<meta name=\"description\" content=\"Genie\u00dfen Sie einen authentischen Geschmack mit der Dattelpaste Maria 1080 g, die sich perfekt f\u00fcr die Zubereitung k\u00f6stlicher Desserts eignet. Holen Sie sich noch heute ein Produkt ohne Konservierungsstoffe! Maria Dattelpaste 1080g\" \/>\n<meta name=\"robots\" content=\"index, follow, max-snippet:-1, max-image-preview:large, max-video-preview:-1\" \/>\n<link rel=\"canonical\" href=\"https:\/\/yasminfood.ch\/de\/product\/maria-dattelpaste-1080g\/\" \/>\n<meta property=\"og:locale\" content=\"de_DE\" \/>\n<meta property=\"og:type\" content=\"article\" \/>\n<meta property=\"og:title\" content=\"Maria Dattelpaste 1080g\" \/>\n<meta property=\"og:description\" content=\"Maria Dattelpaste 1080g   Genie\u00dfen Sie den Geschmack nat\u00fcrlicher Datteln, die sorgf\u00e4ltig gemischt und perfekt f\u00fcr die Verwendung in S\u00fc\u00dfwaren, Maamoul, Kuchen und vielen \u00f6stlichen und westlichen Rezepten geeignet sind.\" \/>\n<meta property=\"og:url\" content=\"https:\/\/yasminfood.ch\/de\/product\/maria-dattelpaste-1080g\/\" \/>\n<meta property=\"og:site_name\" content=\"Yasmin Food\" \/>\n<meta property=\"article:publisher\" content=\"https:\/\/www.facebook.com\/yasminmarkt1\" \/>\n<meta property=\"article:modified_time\" content=\"2025-10-10T12:05:49+00:00\" \/>\n<meta property=\"og:image\" content=\"https:\/\/yasminfood.ch\/wp-content\/uploads\/2025\/10\/\u0639\u062c\u064a\u0646\u0629-\u062a\u0645\u0631-1080\u063a-\u0645\u0627\u0631\u064a\u0627.png\" \/>\n\t<meta property=\"og:image:width\" content=\"1890\" \/>\n\t<meta property=\"og:image:height\" content=\"1890\" \/>\n\t<meta property=\"og:image:type\" content=\"image\/png\" \/>\n<meta name=\"twitter:card\" content=\"summary_large_image\" \/>\n<meta name=\"twitter:label1\" content=\"Preis\" \/>\n\t<meta name=\"twitter:data1\" content=\"6.50&nbsp;&#067;&#072;&#070;\" \/>\n\t<meta name=\"twitter:label2\" content=\"Verf\u00fcgbarkeit\" \/>\n\t<meta name=\"twitter:data2\" content=\"Auf Lager\" \/>\n<script type=\"application\/ld+json\" class=\"yoast-schema-graph\">{\"@context\":\"https:\\\/\\\/schema.org\",\"@graph\":[{\"@type\":\"WebPage\",\"@id\":\"https:\\\/\\\/yasminfood.ch\\\/de\\\/product\\\/maria-dattelpaste-1080g\\\/\",\"url\":\"https:\\\/\\\/yasminfood.ch\\\/de\\\/product\\\/maria-dattelpaste-1080g\\\/\",\"name\":\"Maria Dattelpaste 1080g - Yasmin Food\",\"isPartOf\":{\"@id\":\"https:\\\/\\\/yasminfood.ch\\\/de\\\/#website\"},\"primaryImageOfPage\":{\"@id\":\"https:\\\/\\\/yasminfood.ch\\\/de\\\/product\\\/maria-dattelpaste-1080g\\\/#primaryimage\"},\"image\":{\"@id\":\"https:\\\/\\\/yasminfood.ch\\\/de\\\/product\\\/maria-dattelpaste-1080g\\\/#primaryimage\"},\"thumbnailUrl\":\"https:\\\/\\\/yasminfood.ch\\\/wp-content\\\/uploads\\\/2025\\\/10\\\/\u0639\u062c\u064a\u0646\u0629-\u062a\u0645\u0631-1080\u063a-\u0645\u0627\u0631\u064a\u0627.png\",\"datePublished\":\"2025-10-10T12:03:41+00:00\",\"dateModified\":\"2025-10-10T12:05:49+00:00\",\"description\":\"Genie\u00dfen Sie einen authentischen Geschmack mit der Dattelpaste Maria 1080 g, die sich perfekt f\u00fcr die Zubereitung k\u00f6stlicher Desserts eignet. Holen Sie sich noch heute ein Produkt ohne Konservierungsstoffe! Maria Dattelpaste 1080g\",\"breadcrumb\":{\"@id\":\"https:\\\/\\\/yasminfood.ch\\\/de\\\/product\\\/maria-dattelpaste-1080g\\\/#breadcrumb\"},\"inLanguage\":\"de\",\"potentialAction\":[{\"@type\":\"ReadAction\",\"target\":[\"https:\\\/\\\/yasminfood.ch\\\/de\\\/product\\\/maria-dattelpaste-1080g\\\/\"]}]},{\"@type\":\"ImageObject\",\"inLanguage\":\"de\",\"@id\":\"https:\\\/\\\/yasminfood.ch\\\/de\\\/product\\\/maria-dattelpaste-1080g\\\/#primaryimage\",\"url\":\"https:\\\/\\\/yasminfood.ch\\\/wp-content\\\/uploads\\\/2025\\\/10\\\/\u0639\u062c\u064a\u0646\u0629-\u062a\u0645\u0631-1080\u063a-\u0645\u0627\u0631\u064a\u0627.png\",\"contentUrl\":\"https:\\\/\\\/yasminfood.ch\\\/wp-content\\\/uploads\\\/2025\\\/10\\\/\u0639\u062c\u064a\u0646\u0629-\u062a\u0645\u0631-1080\u063a-\u0645\u0627\u0631\u064a\u0627.png\",\"width\":1890,\"height\":1890,\"caption\":\"Maria Dattelpaste 1080g\"},{\"@type\":\"BreadcrumbList\",\"@id\":\"https:\\\/\\\/yasminfood.ch\\\/de\\\/product\\\/maria-dattelpaste-1080g\\\/#breadcrumb\",\"itemListElement\":[{\"@type\":\"ListItem\",\"position\":1,\"name\":\"\u0627\u0644\u0631\u0626\u064a\u0633\u064a\u0629\",\"item\":\"https:\\\/\\\/yasminfood.ch\\\/de\\\/zuhause\\\/\"},{\"@type\":\"ListItem\",\"position\":2,\"name\":\"Shop\",\"item\":\"https:\\\/\\\/yasminfood.ch\\\/de\\\/shop\\\/\"},{\"@type\":\"ListItem\",\"position\":3,\"name\":\"Maria Dattelpaste 1080g\"}]},{\"@type\":\"WebSite\",\"@id\":\"https:\\\/\\\/yasminfood.ch\\\/de\\\/#website\",\"url\":\"https:\\\/\\\/yasminfood.ch\\\/de\\\/\",\"name\":\"\u064a\u0627\u0633\u0645\u064a\u0646 \u0645\u0627\u0631\u0643\u062a\",\"description\":\"Alles, was Sie brauchen, an einem Ort\",\"publisher\":{\"@id\":\"https:\\\/\\\/yasminfood.ch\\\/de\\\/#organization\"},\"alternateName\":\"Yasmin Food\",\"potentialAction\":[{\"@type\":\"SearchAction\",\"target\":{\"@type\":\"EntryPoint\",\"urlTemplate\":\"https:\\\/\\\/yasminfood.ch\\\/de\\\/?s={search_term_string}\"},\"query-input\":{\"@type\":\"PropertyValueSpecification\",\"valueRequired\":true,\"valueName\":\"search_term_string\"}}],\"inLanguage\":\"de\"},{\"@type\":\"Organization\",\"@id\":\"https:\\\/\\\/yasminfood.ch\\\/de\\\/#organization\",\"name\":\"\u064a\u0627\u0633\u0645\u064a\u0646 \u0645\u0627\u0631\u0643\u062a\",\"alternateName\":\"Yasmin Food\",\"url\":\"https:\\\/\\\/yasminfood.ch\\\/de\\\/\",\"logo\":{\"@type\":\"ImageObject\",\"inLanguage\":\"de\",\"@id\":\"https:\\\/\\\/yasminfood.ch\\\/de\\\/#\\\/schema\\\/logo\\\/image\\\/\",\"url\":\"https:\\\/\\\/yasminfood.ch\\\/wp-content\\\/uploads\\\/2025\\\/05\\\/yasmin-food-header-logo.png\",\"contentUrl\":\"https:\\\/\\\/yasminfood.ch\\\/wp-content\\\/uploads\\\/2025\\\/05\\\/yasmin-food-header-logo.png\",\"width\":330,\"height\":120,\"caption\":\"\u064a\u0627\u0633\u0645\u064a\u0646 \u0645\u0627\u0631\u0643\u062a\"},\"image\":{\"@id\":\"https:\\\/\\\/yasminfood.ch\\\/de\\\/#\\\/schema\\\/logo\\\/image\\\/\"},\"sameAs\":[\"https:\\\/\\\/www.facebook.com\\\/yasminmarkt1\",\"https:\\\/\\\/www.tiktok.com\\\/@yasminmarkt\",\"https:\\\/\\\/www.instagram.com\\\/yasmin.markt1\\\/\",\"https:\\\/\\\/api.whatsapp.com\\\/send\\\/?phone=41799000104\"],\"publishingPrinciples\":\"https:\\\/\\\/yasminfood.ch\\\/de\\\/shop\\\/\",\"ownershipFundingInfo\":\"https:\\\/\\\/yasminfood.ch\\\/de\\\/shop\\\/\"}]}<\/script>\n<meta property=\"product:price:amount\" content=\"6.50\" \/>\n<meta property=\"product:price:currency\" content=\"CHF\" \/>\n<meta property=\"og:availability\" content=\"instock\" \/>\n<meta property=\"product:availability\" content=\"instock\" \/>\n<meta property=\"product:condition\" content=\"new\" \/>\n<!-- \/ Yoast SEO Premium plugin. -->","yoast_head_json":{"title":"Maria Dattelpaste 1080g - Yasmin Food","description":"Genie\u00dfen Sie einen authentischen Geschmack mit der Dattelpaste Maria 1080 g, die sich perfekt f\u00fcr die Zubereitung k\u00f6stlicher Desserts eignet. Holen Sie sich noch heute ein Produkt ohne Konservierungsstoffe! Maria Dattelpaste 1080g","robots":{"index":"index","follow":"follow","max-snippet":"max-snippet:-1","max-image-preview":"max-image-preview:large","max-video-preview":"max-video-preview:-1"},"canonical":"https:\/\/yasminfood.ch\/de\/product\/maria-dattelpaste-1080g\/","og_locale":"de_DE","og_type":"article","og_title":"Maria Dattelpaste 1080g","og_description":"Maria Dattelpaste 1080g   Genie\u00dfen Sie den Geschmack nat\u00fcrlicher Datteln, die sorgf\u00e4ltig gemischt und perfekt f\u00fcr die Verwendung in S\u00fc\u00dfwaren, Maamoul, Kuchen und vielen \u00f6stlichen und westlichen Rezepten geeignet sind.","og_url":"https:\/\/yasminfood.ch\/de\/product\/maria-dattelpaste-1080g\/","og_site_name":"Yasmin Food","article_publisher":"https:\/\/www.facebook.com\/yasminmarkt1","article_modified_time":"2025-10-10T12:05:49+00:00","og_image":[{"width":1890,"height":1890,"url":"https:\/\/yasminfood.ch\/wp-content\/uploads\/2025\/10\/\u0639\u062c\u064a\u0646\u0629-\u062a\u0645\u0631-1080\u063a-\u0645\u0627\u0631\u064a\u0627.png","type":"image\/png"}],"twitter_card":"summary_large_image","twitter_misc":{"Preis":"6.50&nbsp;&#67;&#72;&#70;","Verf\u00fcgbarkeit":"Auf Lager"},"schema":{"@context":"https:\/\/schema.org","@graph":[{"@type":"WebPage","@id":"https:\/\/yasminfood.ch\/de\/product\/maria-dattelpaste-1080g\/","url":"https:\/\/yasminfood.ch\/de\/product\/maria-dattelpaste-1080g\/","name":"Maria Dattelpaste 1080g - Yasmin Food","isPartOf":{"@id":"https:\/\/yasminfood.ch\/de\/#website"},"primaryImageOfPage":{"@id":"https:\/\/yasminfood.ch\/de\/product\/maria-dattelpaste-1080g\/#primaryimage"},"image":{"@id":"https:\/\/yasminfood.ch\/de\/product\/maria-dattelpaste-1080g\/#primaryimage"},"thumbnailUrl":"https:\/\/yasminfood.ch\/wp-content\/uploads\/2025\/10\/\u0639\u062c\u064a\u0646\u0629-\u062a\u0645\u0631-1080\u063a-\u0645\u0627\u0631\u064a\u0627.png","datePublished":"2025-10-10T12:03:41+00:00","dateModified":"2025-10-10T12:05:49+00:00","description":"Genie\u00dfen Sie einen authentischen Geschmack mit der Dattelpaste Maria 1080 g, die sich perfekt f\u00fcr die Zubereitung k\u00f6stlicher Desserts eignet. Holen Sie sich noch heute ein Produkt ohne Konservierungsstoffe! Maria Dattelpaste 1080g","breadcrumb":{"@id":"https:\/\/yasminfood.ch\/de\/product\/maria-dattelpaste-1080g\/#breadcrumb"},"inLanguage":"de","potentialAction":[{"@type":"ReadAction","target":["https:\/\/yasminfood.ch\/de\/product\/maria-dattelpaste-1080g\/"]}]},{"@type":"ImageObject","inLanguage":"de","@id":"https:\/\/yasminfood.ch\/de\/product\/maria-dattelpaste-1080g\/#primaryimage","url":"https:\/\/yasminfood.ch\/wp-content\/uploads\/2025\/10\/\u0639\u062c\u064a\u0646\u0629-\u062a\u0645\u0631-1080\u063a-\u0645\u0627\u0631\u064a\u0627.png","contentUrl":"https:\/\/yasminfood.ch\/wp-content\/uploads\/2025\/10\/\u0639\u062c\u064a\u0646\u0629-\u062a\u0645\u0631-1080\u063a-\u0645\u0627\u0631\u064a\u0627.png","width":1890,"height":1890,"caption":"Maria Dattelpaste 1080g"},{"@type":"BreadcrumbList","@id":"https:\/\/yasminfood.ch\/de\/product\/maria-dattelpaste-1080g\/#breadcrumb","itemListElement":[{"@type":"ListItem","position":1,"name":"\u0627\u0644\u0631\u0626\u064a\u0633\u064a\u0629","item":"https:\/\/yasminfood.ch\/de\/zuhause\/"},{"@type":"ListItem","position":2,"name":"Shop","item":"https:\/\/yasminfood.ch\/de\/shop\/"},{"@type":"ListItem","position":3,"name":"Maria Dattelpaste 1080g"}]},{"@type":"WebSite","@id":"https:\/\/yasminfood.ch\/de\/#website","url":"https:\/\/yasminfood.ch\/de\/","name":"\u064a\u0627\u0633\u0645\u064a\u0646 \u0645\u0627\u0631\u0643\u062a","description":"Alles, was Sie brauchen, an einem Ort","publisher":{"@id":"https:\/\/yasminfood.ch\/de\/#organization"},"alternateName":"Yasmin Food","potentialAction":[{"@type":"SearchAction","target":{"@type":"EntryPoint","urlTemplate":"https:\/\/yasminfood.ch\/de\/?s={search_term_string}"},"query-input":{"@type":"PropertyValueSpecification","valueRequired":true,"valueName":"search_term_string"}}],"inLanguage":"de"},{"@type":"Organization","@id":"https:\/\/yasminfood.ch\/de\/#organization","name":"\u064a\u0627\u0633\u0645\u064a\u0646 \u0645\u0627\u0631\u0643\u062a","alternateName":"Yasmin Food","url":"https:\/\/yasminfood.ch\/de\/","logo":{"@type":"ImageObject","inLanguage":"de","@id":"https:\/\/yasminfood.ch\/de\/#\/schema\/logo\/image\/","url":"https:\/\/yasminfood.ch\/wp-content\/uploads\/2025\/05\/yasmin-food-header-logo.png","contentUrl":"https:\/\/yasminfood.ch\/wp-content\/uploads\/2025\/05\/yasmin-food-header-logo.png","width":330,"height":120,"caption":"\u064a\u0627\u0633\u0645\u064a\u0646 \u0645\u0627\u0631\u0643\u062a"},"image":{"@id":"https:\/\/yasminfood.ch\/de\/#\/schema\/logo\/image\/"},"sameAs":["https:\/\/www.facebook.com\/yasminmarkt1","https:\/\/www.tiktok.com\/@yasminmarkt","https:\/\/www.instagram.com\/yasmin.markt1\/","https:\/\/api.whatsapp.com\/send\/?phone=41799000104"],"publishingPrinciples":"https:\/\/yasminfood.ch\/de\/shop\/","ownershipFundingInfo":"https:\/\/yasminfood.ch\/de\/shop\/"}]},"product_price_amount":"6.50","product_price_currency":"CHF","og_availability":"instock","product_availability":"instock","product_condition":"new"},"jetpack_sharing_enabled":true,"_links":{"self":[{"href":"https:\/\/yasminfood.ch\/de\/wp-json\/wp\/v2\/product\/120257","targetHints":{"allow":["GET"]}}],"collection":[{"href":"https:\/\/yasminfood.ch\/de\/wp-json\/wp\/v2\/product"}],"about":[{"href":"https:\/\/yasminfood.ch\/de\/wp-json\/wp\/v2\/types\/product"}],"replies":[{"embeddable":true,"href":"https:\/\/yasminfood.ch\/de\/wp-json\/wp\/v2\/comments?post=120257"}],"version-history":[{"count":0,"href":"https:\/\/yasminfood.ch\/de\/wp-json\/wp\/v2\/product\/120257\/revisions"}],"wp:featuredmedia":[{"embeddable":true,"href":"https:\/\/yasminfood.ch\/de\/wp-json\/wp\/v2\/media\/120254"}],"wp:attachment":[{"href":"https:\/\/yasminfood.ch\/de\/wp-json\/wp\/v2\/media?parent=120257"}],"wp:term":[{"taxonomy":"product_brand","embeddable":true,"href":"https:\/\/yasminfood.ch\/de\/wp-json\/wp\/v2\/product_brand?post=120257"},{"taxonomy":"product_cat","embeddable":true,"href":"https:\/\/yasminfood.ch\/de\/wp-json\/wp\/v2\/product_cat?post=120257"},{"taxonomy":"product_tag","embeddable":true,"href":"https:\/\/yasminfood.ch\/de\/wp-json\/wp\/v2\/product_tag?post=120257"}],"curies":[{"name":"wp","href":"https:\/\/api.w.org\/{rel}","templated":true}]}}