{"id":120286,"date":"2025-10-11T11:16:53","date_gmt":"2025-10-11T09:16:53","guid":{"rendered":"https:\/\/yasminfood.ch\/product\/1-kilo-bashan-geschredderter-dinkel\/"},"modified":"2025-10-11T11:18:38","modified_gmt":"2025-10-11T09:18:38","slug":"1-kilo-bashan-geschredderter-dinkel","status":"publish","type":"product","link":"https:\/\/yasminfood.ch\/de\/product\/1-kilo-bashan-geschredderter-dinkel\/","title":{"rendered":"1 Kilo Bashan geschredderter Dinkel"},"content":{"rendered":"<p><strong>1 Kilo Bashan geschredderter Dinkel<\/strong><\/p>\n<ul>\n<li>\n<p data-start=\"308\" data-end=\"549\">Genie\u00dfen Sie die Qualit\u00e4t von nat\u00fcrlichem Getreide, das reich an Ballaststoffen und Proteinen ist und sich perfekt f\u00fcr die Zubereitung der k\u00f6stlichsten orientalischen und gesunden Gerichte eignet. <br data-start=\"438\" data-end=\"441\">Es ist eine ausgezeichnete Wahl f\u00fcr die Zubereitung eines traditionellen Aschura-Gerichts oder als nahrhafte Zutat in Suppen, Salaten und vegetarischen Gerichten. <\/p>\n<ul>\n<li data-start=\"604\" data-end=\"640\">\n<p data-start=\"606\" data-end=\"640\">Marke: <em data-start=\"630\" data-end=\"638\">Bashan<\/em> <\/p>\n<\/li>\n<li data-start=\"641\" data-end=\"668\">\n<p data-start=\"643\" data-end=\"668\">Nettogewicht: 1000 g <\/p>\n<\/li>\n<li data-start=\"669\" data-end=\"690\">\n<p data-start=\"671\" data-end=\"690\">Herkunftsland: T\u00fcrkei <\/p>\n<\/li>\n<li data-start=\"691\" data-end=\"719\">\n<p data-start=\"693\" data-end=\"719\">Geeignet f\u00fcr Vegetarier (Veganer)<\/p>\n<\/li>\n<li data-start=\"720\" data-end=\"752\">\n<p data-start=\"722\" data-end=\"752\">Eine nat\u00fcrliche Quelle f\u00fcr Proteine und Ballaststoffe<\/p>\n<\/li>\n<\/ul>\n<\/li>\n<\/ul>\n","protected":false},"excerpt":{"rendered":"<p><strong>1 Kilo Bashan geschredderter Dinkel<\/strong><\/p>\n<ul>\n<li>\n<p data-start=\"308\" data-end=\"549\">Genie\u00dfen Sie die Qualit\u00e4t von nat\u00fcrlichem Getreide, das reich an Ballaststoffen und Proteinen ist und sich perfekt f\u00fcr die Zubereitung der k\u00f6stlichsten orientalischen und gesunden Gerichte eignet. <\/p>\n<\/li>\n<\/ul>\n","protected":false},"featured_media":120282,"comment_status":"open","ping_status":"closed","template":"","meta":[],"product_brand":[],"product_cat":[323,320],"product_tag":[],"class_list":{"0":"post-120286","1":"product","2":"type-product","3":"status-publish","4":"has-post-thumbnail","6":"product_cat-bulgur-de","7":"product_cat-reis-getreide","9":"first","10":"instock","11":"taxable","12":"shipping-taxable","13":"purchasable","14":"product-type-simple"},"yoast_head":"<!-- This site is optimized with the Yoast SEO Premium plugin v26.5 (Yoast SEO v27.5) - https:\/\/yoast.com\/product\/yoast-seo-premium-wordpress\/ -->\n<title>1 Kilo Bashan geschredderter Dinkel - Yasmin Food<\/title>\n<meta name=\"description\" content=\"Genie\u00dfen Sie die Qualit\u00e4t von 1 kW Weizen, der reich an Proteinen und Ballaststoffen ist, um die k\u00f6stlichsten gesunden Gerichte zuzubereiten. Holen Sie sich jetzt Ihr einzigartiges Erlebnis! 1 Kilo Bashan geschredderter Dinkel\" \/>\n<meta name=\"robots\" content=\"index, follow, max-snippet:-1, max-image-preview:large, max-video-preview:-1\" \/>\n<link rel=\"canonical\" href=\"https:\/\/yasminfood.ch\/de\/product\/1-kilo-bashan-geschredderter-dinkel\/\" \/>\n<meta property=\"og:locale\" content=\"de_DE\" \/>\n<meta property=\"og:type\" content=\"article\" \/>\n<meta property=\"og:title\" content=\"1 Kilo Bashan geschredderter Dinkel\" \/>\n<meta property=\"og:description\" content=\"1 Kilo Bashan geschredderter Dinkel   Genie\u00dfen Sie die Qualit\u00e4t von nat\u00fcrlichem Getreide, das reich an Ballaststoffen und Proteinen ist und sich perfekt f\u00fcr die Zubereitung der k\u00f6stlichsten orientalischen und gesunden Gerichte eignet.\" \/>\n<meta property=\"og:url\" content=\"https:\/\/yasminfood.ch\/de\/product\/1-kilo-bashan-geschredderter-dinkel\/\" \/>\n<meta property=\"og:site_name\" content=\"Yasmin Food\" \/>\n<meta property=\"article:publisher\" content=\"https:\/\/www.facebook.com\/yasminmarkt1\" \/>\n<meta property=\"article:modified_time\" content=\"2025-10-11T09:18:38+00:00\" \/>\n<meta property=\"og:image\" content=\"https:\/\/yasminfood.ch\/wp-content\/uploads\/2025\/10\/\u062d\u0646\u0637\u0629-\u0645\u0642\u0634\u0648\u0631\u0629-1-\u0643\u064a\u0644\u0648-\u0628\u0627\u0634\u0627\u0646.png\" \/>\n\t<meta property=\"og:image:width\" content=\"1080\" \/>\n\t<meta property=\"og:image:height\" content=\"1080\" \/>\n\t<meta property=\"og:image:type\" content=\"image\/png\" \/>\n<meta name=\"twitter:card\" content=\"summary_large_image\" \/>\n<meta name=\"twitter:label1\" content=\"Preis\" \/>\n\t<meta name=\"twitter:data1\" content=\"5.50&nbsp;&#067;&#072;&#070;\" \/>\n\t<meta name=\"twitter:label2\" content=\"Verf\u00fcgbarkeit\" \/>\n\t<meta name=\"twitter:data2\" content=\"Auf Lager\" \/>\n<script type=\"application\/ld+json\" class=\"yoast-schema-graph\">{\"@context\":\"https:\\\/\\\/schema.org\",\"@graph\":[{\"@type\":\"WebPage\",\"@id\":\"https:\\\/\\\/yasminfood.ch\\\/de\\\/product\\\/1-kilo-bashan-geschredderter-dinkel\\\/\",\"url\":\"https:\\\/\\\/yasminfood.ch\\\/de\\\/product\\\/1-kilo-bashan-geschredderter-dinkel\\\/\",\"name\":\"1 Kilo Bashan geschredderter Dinkel - Yasmin Food\",\"isPartOf\":{\"@id\":\"https:\\\/\\\/yasminfood.ch\\\/de\\\/#website\"},\"primaryImageOfPage\":{\"@id\":\"https:\\\/\\\/yasminfood.ch\\\/de\\\/product\\\/1-kilo-bashan-geschredderter-dinkel\\\/#primaryimage\"},\"image\":{\"@id\":\"https:\\\/\\\/yasminfood.ch\\\/de\\\/product\\\/1-kilo-bashan-geschredderter-dinkel\\\/#primaryimage\"},\"thumbnailUrl\":\"https:\\\/\\\/yasminfood.ch\\\/wp-content\\\/uploads\\\/2025\\\/10\\\/\u062d\u0646\u0637\u0629-\u0645\u0642\u0634\u0648\u0631\u0629-1-\u0643\u064a\u0644\u0648-\u0628\u0627\u0634\u0627\u0646.png\",\"datePublished\":\"2025-10-11T09:16:53+00:00\",\"dateModified\":\"2025-10-11T09:18:38+00:00\",\"description\":\"Genie\u00dfen Sie die Qualit\u00e4t von 1 kW Weizen, der reich an Proteinen und Ballaststoffen ist, um die k\u00f6stlichsten gesunden Gerichte zuzubereiten. Holen Sie sich jetzt Ihr einzigartiges Erlebnis! 1 Kilo Bashan geschredderter Dinkel\",\"breadcrumb\":{\"@id\":\"https:\\\/\\\/yasminfood.ch\\\/de\\\/product\\\/1-kilo-bashan-geschredderter-dinkel\\\/#breadcrumb\"},\"inLanguage\":\"de\",\"potentialAction\":[{\"@type\":\"ReadAction\",\"target\":[\"https:\\\/\\\/yasminfood.ch\\\/de\\\/product\\\/1-kilo-bashan-geschredderter-dinkel\\\/\"]}]},{\"@type\":\"ImageObject\",\"inLanguage\":\"de\",\"@id\":\"https:\\\/\\\/yasminfood.ch\\\/de\\\/product\\\/1-kilo-bashan-geschredderter-dinkel\\\/#primaryimage\",\"url\":\"https:\\\/\\\/yasminfood.ch\\\/wp-content\\\/uploads\\\/2025\\\/10\\\/\u062d\u0646\u0637\u0629-\u0645\u0642\u0634\u0648\u0631\u0629-1-\u0643\u064a\u0644\u0648-\u0628\u0627\u0634\u0627\u0646.png\",\"contentUrl\":\"https:\\\/\\\/yasminfood.ch\\\/wp-content\\\/uploads\\\/2025\\\/10\\\/\u062d\u0646\u0637\u0629-\u0645\u0642\u0634\u0648\u0631\u0629-1-\u0643\u064a\u0644\u0648-\u0628\u0627\u0634\u0627\u0646.png\",\"width\":1080,\"height\":1080,\"caption\":\"1 Kilo Bashan geschredderter Dinkel\"},{\"@type\":\"BreadcrumbList\",\"@id\":\"https:\\\/\\\/yasminfood.ch\\\/de\\\/product\\\/1-kilo-bashan-geschredderter-dinkel\\\/#breadcrumb\",\"itemListElement\":[{\"@type\":\"ListItem\",\"position\":1,\"name\":\"\u0627\u0644\u0631\u0626\u064a\u0633\u064a\u0629\",\"item\":\"https:\\\/\\\/yasminfood.ch\\\/de\\\/zuhause\\\/\"},{\"@type\":\"ListItem\",\"position\":2,\"name\":\"Shop\",\"item\":\"https:\\\/\\\/yasminfood.ch\\\/de\\\/shop\\\/\"},{\"@type\":\"ListItem\",\"position\":3,\"name\":\"Reis &amp; Getreide\",\"item\":\"https:\\\/\\\/yasminfood.ch\\\/de\\\/produkt-kategorie\\\/reis-getreide\\\/\"},{\"@type\":\"ListItem\",\"position\":4,\"name\":\"Bulgur\",\"item\":\"https:\\\/\\\/yasminfood.ch\\\/de\\\/produkt-kategorie\\\/reis-getreide\\\/bulgur-de\\\/\"},{\"@type\":\"ListItem\",\"position\":5,\"name\":\"1 Kilo Bashan geschredderter Dinkel\"}]},{\"@type\":\"WebSite\",\"@id\":\"https:\\\/\\\/yasminfood.ch\\\/de\\\/#website\",\"url\":\"https:\\\/\\\/yasminfood.ch\\\/de\\\/\",\"name\":\"\u064a\u0627\u0633\u0645\u064a\u0646 \u0645\u0627\u0631\u0643\u062a\",\"description\":\"Alles, was Sie brauchen, an einem Ort\",\"publisher\":{\"@id\":\"https:\\\/\\\/yasminfood.ch\\\/de\\\/#organization\"},\"alternateName\":\"Yasmin Food\",\"potentialAction\":[{\"@type\":\"SearchAction\",\"target\":{\"@type\":\"EntryPoint\",\"urlTemplate\":\"https:\\\/\\\/yasminfood.ch\\\/de\\\/?s={search_term_string}\"},\"query-input\":{\"@type\":\"PropertyValueSpecification\",\"valueRequired\":true,\"valueName\":\"search_term_string\"}}],\"inLanguage\":\"de\"},{\"@type\":\"Organization\",\"@id\":\"https:\\\/\\\/yasminfood.ch\\\/de\\\/#organization\",\"name\":\"\u064a\u0627\u0633\u0645\u064a\u0646 \u0645\u0627\u0631\u0643\u062a\",\"alternateName\":\"Yasmin Food\",\"url\":\"https:\\\/\\\/yasminfood.ch\\\/de\\\/\",\"logo\":{\"@type\":\"ImageObject\",\"inLanguage\":\"de\",\"@id\":\"https:\\\/\\\/yasminfood.ch\\\/de\\\/#\\\/schema\\\/logo\\\/image\\\/\",\"url\":\"https:\\\/\\\/yasminfood.ch\\\/wp-content\\\/uploads\\\/2025\\\/05\\\/yasmin-food-header-logo.png\",\"contentUrl\":\"https:\\\/\\\/yasminfood.ch\\\/wp-content\\\/uploads\\\/2025\\\/05\\\/yasmin-food-header-logo.png\",\"width\":330,\"height\":120,\"caption\":\"\u064a\u0627\u0633\u0645\u064a\u0646 \u0645\u0627\u0631\u0643\u062a\"},\"image\":{\"@id\":\"https:\\\/\\\/yasminfood.ch\\\/de\\\/#\\\/schema\\\/logo\\\/image\\\/\"},\"sameAs\":[\"https:\\\/\\\/www.facebook.com\\\/yasminmarkt1\",\"https:\\\/\\\/www.tiktok.com\\\/@yasminmarkt\",\"https:\\\/\\\/www.instagram.com\\\/yasmin.markt1\\\/\",\"https:\\\/\\\/api.whatsapp.com\\\/send\\\/?phone=41799000104\"],\"publishingPrinciples\":\"https:\\\/\\\/yasminfood.ch\\\/de\\\/shop\\\/\",\"ownershipFundingInfo\":\"https:\\\/\\\/yasminfood.ch\\\/de\\\/shop\\\/\"}]}<\/script>\n<meta property=\"product:price:amount\" content=\"5.50\" \/>\n<meta property=\"product:price:currency\" content=\"CHF\" \/>\n<meta property=\"og:availability\" content=\"instock\" \/>\n<meta property=\"product:availability\" content=\"instock\" \/>\n<meta property=\"product:condition\" content=\"new\" \/>\n<!-- \/ Yoast SEO Premium plugin. -->","yoast_head_json":{"title":"1 Kilo Bashan geschredderter Dinkel - Yasmin Food","description":"Genie\u00dfen Sie die Qualit\u00e4t von 1 kW Weizen, der reich an Proteinen und Ballaststoffen ist, um die k\u00f6stlichsten gesunden Gerichte zuzubereiten. Holen Sie sich jetzt Ihr einzigartiges Erlebnis! 1 Kilo Bashan geschredderter Dinkel","robots":{"index":"index","follow":"follow","max-snippet":"max-snippet:-1","max-image-preview":"max-image-preview:large","max-video-preview":"max-video-preview:-1"},"canonical":"https:\/\/yasminfood.ch\/de\/product\/1-kilo-bashan-geschredderter-dinkel\/","og_locale":"de_DE","og_type":"article","og_title":"1 Kilo Bashan geschredderter Dinkel","og_description":"1 Kilo Bashan geschredderter Dinkel   Genie\u00dfen Sie die Qualit\u00e4t von nat\u00fcrlichem Getreide, das reich an Ballaststoffen und Proteinen ist und sich perfekt f\u00fcr die Zubereitung der k\u00f6stlichsten orientalischen und gesunden Gerichte eignet.","og_url":"https:\/\/yasminfood.ch\/de\/product\/1-kilo-bashan-geschredderter-dinkel\/","og_site_name":"Yasmin Food","article_publisher":"https:\/\/www.facebook.com\/yasminmarkt1","article_modified_time":"2025-10-11T09:18:38+00:00","og_image":[{"width":1080,"height":1080,"url":"https:\/\/yasminfood.ch\/wp-content\/uploads\/2025\/10\/\u062d\u0646\u0637\u0629-\u0645\u0642\u0634\u0648\u0631\u0629-1-\u0643\u064a\u0644\u0648-\u0628\u0627\u0634\u0627\u0646.png","type":"image\/png"}],"twitter_card":"summary_large_image","twitter_misc":{"Preis":"5.50&nbsp;&#67;&#72;&#70;","Verf\u00fcgbarkeit":"Auf Lager"},"schema":{"@context":"https:\/\/schema.org","@graph":[{"@type":"WebPage","@id":"https:\/\/yasminfood.ch\/de\/product\/1-kilo-bashan-geschredderter-dinkel\/","url":"https:\/\/yasminfood.ch\/de\/product\/1-kilo-bashan-geschredderter-dinkel\/","name":"1 Kilo Bashan geschredderter Dinkel - Yasmin Food","isPartOf":{"@id":"https:\/\/yasminfood.ch\/de\/#website"},"primaryImageOfPage":{"@id":"https:\/\/yasminfood.ch\/de\/product\/1-kilo-bashan-geschredderter-dinkel\/#primaryimage"},"image":{"@id":"https:\/\/yasminfood.ch\/de\/product\/1-kilo-bashan-geschredderter-dinkel\/#primaryimage"},"thumbnailUrl":"https:\/\/yasminfood.ch\/wp-content\/uploads\/2025\/10\/\u062d\u0646\u0637\u0629-\u0645\u0642\u0634\u0648\u0631\u0629-1-\u0643\u064a\u0644\u0648-\u0628\u0627\u0634\u0627\u0646.png","datePublished":"2025-10-11T09:16:53+00:00","dateModified":"2025-10-11T09:18:38+00:00","description":"Genie\u00dfen Sie die Qualit\u00e4t von 1 kW Weizen, der reich an Proteinen und Ballaststoffen ist, um die k\u00f6stlichsten gesunden Gerichte zuzubereiten. Holen Sie sich jetzt Ihr einzigartiges Erlebnis! 1 Kilo Bashan geschredderter Dinkel","breadcrumb":{"@id":"https:\/\/yasminfood.ch\/de\/product\/1-kilo-bashan-geschredderter-dinkel\/#breadcrumb"},"inLanguage":"de","potentialAction":[{"@type":"ReadAction","target":["https:\/\/yasminfood.ch\/de\/product\/1-kilo-bashan-geschredderter-dinkel\/"]}]},{"@type":"ImageObject","inLanguage":"de","@id":"https:\/\/yasminfood.ch\/de\/product\/1-kilo-bashan-geschredderter-dinkel\/#primaryimage","url":"https:\/\/yasminfood.ch\/wp-content\/uploads\/2025\/10\/\u062d\u0646\u0637\u0629-\u0645\u0642\u0634\u0648\u0631\u0629-1-\u0643\u064a\u0644\u0648-\u0628\u0627\u0634\u0627\u0646.png","contentUrl":"https:\/\/yasminfood.ch\/wp-content\/uploads\/2025\/10\/\u062d\u0646\u0637\u0629-\u0645\u0642\u0634\u0648\u0631\u0629-1-\u0643\u064a\u0644\u0648-\u0628\u0627\u0634\u0627\u0646.png","width":1080,"height":1080,"caption":"1 Kilo Bashan geschredderter Dinkel"},{"@type":"BreadcrumbList","@id":"https:\/\/yasminfood.ch\/de\/product\/1-kilo-bashan-geschredderter-dinkel\/#breadcrumb","itemListElement":[{"@type":"ListItem","position":1,"name":"\u0627\u0644\u0631\u0626\u064a\u0633\u064a\u0629","item":"https:\/\/yasminfood.ch\/de\/zuhause\/"},{"@type":"ListItem","position":2,"name":"Shop","item":"https:\/\/yasminfood.ch\/de\/shop\/"},{"@type":"ListItem","position":3,"name":"Reis &amp; Getreide","item":"https:\/\/yasminfood.ch\/de\/produkt-kategorie\/reis-getreide\/"},{"@type":"ListItem","position":4,"name":"Bulgur","item":"https:\/\/yasminfood.ch\/de\/produkt-kategorie\/reis-getreide\/bulgur-de\/"},{"@type":"ListItem","position":5,"name":"1 Kilo Bashan geschredderter Dinkel"}]},{"@type":"WebSite","@id":"https:\/\/yasminfood.ch\/de\/#website","url":"https:\/\/yasminfood.ch\/de\/","name":"\u064a\u0627\u0633\u0645\u064a\u0646 \u0645\u0627\u0631\u0643\u062a","description":"Alles, was Sie brauchen, an einem Ort","publisher":{"@id":"https:\/\/yasminfood.ch\/de\/#organization"},"alternateName":"Yasmin Food","potentialAction":[{"@type":"SearchAction","target":{"@type":"EntryPoint","urlTemplate":"https:\/\/yasminfood.ch\/de\/?s={search_term_string}"},"query-input":{"@type":"PropertyValueSpecification","valueRequired":true,"valueName":"search_term_string"}}],"inLanguage":"de"},{"@type":"Organization","@id":"https:\/\/yasminfood.ch\/de\/#organization","name":"\u064a\u0627\u0633\u0645\u064a\u0646 \u0645\u0627\u0631\u0643\u062a","alternateName":"Yasmin Food","url":"https:\/\/yasminfood.ch\/de\/","logo":{"@type":"ImageObject","inLanguage":"de","@id":"https:\/\/yasminfood.ch\/de\/#\/schema\/logo\/image\/","url":"https:\/\/yasminfood.ch\/wp-content\/uploads\/2025\/05\/yasmin-food-header-logo.png","contentUrl":"https:\/\/yasminfood.ch\/wp-content\/uploads\/2025\/05\/yasmin-food-header-logo.png","width":330,"height":120,"caption":"\u064a\u0627\u0633\u0645\u064a\u0646 \u0645\u0627\u0631\u0643\u062a"},"image":{"@id":"https:\/\/yasminfood.ch\/de\/#\/schema\/logo\/image\/"},"sameAs":["https:\/\/www.facebook.com\/yasminmarkt1","https:\/\/www.tiktok.com\/@yasminmarkt","https:\/\/www.instagram.com\/yasmin.markt1\/","https:\/\/api.whatsapp.com\/send\/?phone=41799000104"],"publishingPrinciples":"https:\/\/yasminfood.ch\/de\/shop\/","ownershipFundingInfo":"https:\/\/yasminfood.ch\/de\/shop\/"}]},"product_price_amount":"5.50","product_price_currency":"CHF","og_availability":"instock","product_availability":"instock","product_condition":"new"},"jetpack_sharing_enabled":true,"_links":{"self":[{"href":"https:\/\/yasminfood.ch\/de\/wp-json\/wp\/v2\/product\/120286","targetHints":{"allow":["GET"]}}],"collection":[{"href":"https:\/\/yasminfood.ch\/de\/wp-json\/wp\/v2\/product"}],"about":[{"href":"https:\/\/yasminfood.ch\/de\/wp-json\/wp\/v2\/types\/product"}],"replies":[{"embeddable":true,"href":"https:\/\/yasminfood.ch\/de\/wp-json\/wp\/v2\/comments?post=120286"}],"version-history":[{"count":0,"href":"https:\/\/yasminfood.ch\/de\/wp-json\/wp\/v2\/product\/120286\/revisions"}],"wp:featuredmedia":[{"embeddable":true,"href":"https:\/\/yasminfood.ch\/de\/wp-json\/wp\/v2\/media\/120282"}],"wp:attachment":[{"href":"https:\/\/yasminfood.ch\/de\/wp-json\/wp\/v2\/media?parent=120286"}],"wp:term":[{"taxonomy":"product_brand","embeddable":true,"href":"https:\/\/yasminfood.ch\/de\/wp-json\/wp\/v2\/product_brand?post=120286"},{"taxonomy":"product_cat","embeddable":true,"href":"https:\/\/yasminfood.ch\/de\/wp-json\/wp\/v2\/product_cat?post=120286"},{"taxonomy":"product_tag","embeddable":true,"href":"https:\/\/yasminfood.ch\/de\/wp-json\/wp\/v2\/product_tag?post=120286"}],"curies":[{"name":"wp","href":"https:\/\/api.w.org\/{rel}","templated":true}]}}