{"id":120287,"date":"2025-10-11T11:04:59","date_gmt":"2025-10-11T09:04:59","guid":{"rendered":"https:\/\/yasminfood.ch\/product\/sahlab-al-durra-100g\/"},"modified":"2025-10-11T11:18:42","modified_gmt":"2025-10-11T09:18:42","slug":"sahlab-al-durra-100g","status":"publish","type":"product","link":"https:\/\/yasminfood.ch\/de\/product\/sahlab-al-durra-100g\/","title":{"rendered":"Sahlab Al Durra 100g"},"content":{"rendered":"<p><strong>Sahlab Al Durra 100g<\/strong><\/p>\n<ul>\n<li>\n<p data-start=\"201\" data-end=\"459\">Genie\u00dfen Sie den Geschmack der authentischen orientalischen Orchidee, ein Wintergetr\u00e4nk mit reichem Geschmack und warmer, cremiger Textur.<\/p>\n<\/li>\n<li>\n<p data-start=\"201\" data-end=\"459\">Es ist leicht zuzubereiten, um Ihnen einen k\u00f6stlichen Geschmack und Geschmack zu verleihen, der Sie bei jedem Schluck warm und wohl f\u00fchlen l\u00e4sst.<\/p>\n<\/li>\n<li>\n<ul data-start=\"478\" data-end=\"655\">\n<li data-start=\"508\" data-end=\"534\">\n<p data-start=\"510\" data-end=\"534\">Nettogewicht: 100 g <\/p>\n<\/li>\n<li data-start=\"535\" data-end=\"561\">\n<p data-start=\"537\" data-end=\"561\">Marke: Durra <\/p>\n<\/li>\n<li data-start=\"562\" data-end=\"584\">\n<p data-start=\"564\" data-end=\"584\">Herkunftsland: Jordanien <\/p>\n<\/li>\n<li data-start=\"585\" data-end=\"655\">\n<p data-start=\"587\" data-end=\"655\">Zubereitung: Mit Milch oder hei\u00dfem Wasser mischen und r\u00fchren, bis es eingedickt ist <\/p>\n<p data-start=\"201\" data-end=\"459\">Er ist f\u00fcr alle Zeiten geeignet und kann mit Zimt und N\u00fcssen garniert werden, um ihm eine luxuri\u00f6se Note zu verleihen. <\/p>\n<\/li>\n<\/ul>\n<ul data-start=\"673\" data-end=\"775\">\n<li data-start=\"673\" data-end=\"689\">\n<p data-start=\"675\" data-end=\"689\">Reichhaltiger und cremiger Geschmack<\/p>\n<\/li>\n<li data-start=\"690\" data-end=\"705\">\n<p data-start=\"692\" data-end=\"705\">Einfach zuzubereiten<\/p>\n<\/li>\n<li data-start=\"706\" data-end=\"736\">\n<p data-start=\"708\" data-end=\"736\">Perfekt f\u00fcr kalte Wintertage<\/p>\n<\/li>\n<li data-start=\"737\" data-end=\"775\">\n<p data-start=\"739\" data-end=\"775\">Hohe Qualit\u00e4t der zuverl\u00e4ssigen Durra-Markierung<\/p>\n<\/li>\n<\/ul>\n<\/li>\n<\/ul>\n","protected":false},"excerpt":{"rendered":"<p><strong>Sahlab Al Durra 100g<\/strong><\/p>\n<ul>\n<li>\n<p data-start=\"201\" data-end=\"459\">Genie\u00dfen Sie den Geschmack der authentischen orientalischen Orchidee, ein Wintergetr\u00e4nk mit reichem Geschmack und warmer, cremiger Textur.<\/p>\n<\/li>\n<\/ul>\n","protected":false},"featured_media":120276,"comment_status":"open","ping_status":"closed","template":"","meta":[],"product_brand":[],"product_cat":[367,385],"product_tag":[],"class_list":{"0":"post-120287","1":"product","2":"type-product","3":"status-publish","4":"has-post-thumbnail","6":"product_cat-getraenke-fluessigkeiten","7":"product_cat-puddingpulver","9":"first","10":"outofstock","11":"taxable","12":"shipping-taxable","13":"purchasable","14":"product-type-simple"},"yoast_head":"<!-- This site is optimized with the Yoast SEO Premium plugin v26.5 (Yoast SEO v27.3) - https:\/\/yoast.com\/product\/yoast-seo-premium-wordpress\/ -->\n<title>Sahlab Al Durra 100g - Yasmin Food<\/title>\n<meta name=\"description\" content=\"Genie\u00dfen Sie den reichhaltigen Geschmack der Durra Orchidee 100g und die warme, cremige Textur! Schnappen Sie es sich noch heute und feiern Sie die Winterstimmung mit jedem Schluck. Yasmin Food Sahlab Al Durra 100g\" \/>\n<meta name=\"robots\" content=\"index, follow, max-snippet:-1, max-image-preview:large, max-video-preview:-1\" \/>\n<link rel=\"canonical\" href=\"https:\/\/yasminfood.ch\/de\/product\/sahlab-al-durra-100g\/\" \/>\n<meta property=\"og:locale\" content=\"de_DE\" \/>\n<meta property=\"og:type\" content=\"article\" \/>\n<meta property=\"og:title\" content=\"Sahlab Al Durra 100g\" \/>\n<meta property=\"og:description\" content=\"Sahlab Al Durra 100g   Genie\u00dfen Sie den Geschmack der authentischen orientalischen Orchidee, ein Wintergetr\u00e4nk mit reichem Geschmack und warmer, cremiger Textur.\" \/>\n<meta property=\"og:url\" content=\"https:\/\/yasminfood.ch\/de\/product\/sahlab-al-durra-100g\/\" \/>\n<meta property=\"og:site_name\" content=\"Yasmin Food\" \/>\n<meta property=\"article:publisher\" content=\"https:\/\/www.facebook.com\/yasminmarkt1\" \/>\n<meta property=\"article:modified_time\" content=\"2025-10-11T09:18:42+00:00\" \/>\n<meta property=\"og:image\" content=\"https:\/\/yasminfood.ch\/wp-content\/uploads\/2025\/10\/\u0633\u062d\u0644\u0628-\u0627\u0644\u062f\u0631\u0629-100\u063a.png\" \/>\n\t<meta property=\"og:image:width\" content=\"1080\" \/>\n\t<meta property=\"og:image:height\" content=\"1080\" \/>\n\t<meta property=\"og:image:type\" content=\"image\/png\" \/>\n<meta name=\"twitter:card\" content=\"summary_large_image\" \/>\n<meta name=\"twitter:label1\" content=\"Preis\" \/>\n\t<meta name=\"twitter:data1\" content=\"3.95&nbsp;&#067;&#072;&#070;\" \/>\n\t<meta name=\"twitter:label2\" content=\"Verf\u00fcgbarkeit\" \/>\n\t<meta name=\"twitter:data2\" content=\"ausverkauft\" \/>\n<script type=\"application\/ld+json\" class=\"yoast-schema-graph\">{\"@context\":\"https:\\\/\\\/schema.org\",\"@graph\":[{\"@type\":\"WebPage\",\"@id\":\"https:\\\/\\\/yasminfood.ch\\\/de\\\/product\\\/sahlab-al-durra-100g\\\/\",\"url\":\"https:\\\/\\\/yasminfood.ch\\\/de\\\/product\\\/sahlab-al-durra-100g\\\/\",\"name\":\"Sahlab Al Durra 100g - Yasmin Food\",\"isPartOf\":{\"@id\":\"https:\\\/\\\/yasminfood.ch\\\/de\\\/#website\"},\"primaryImageOfPage\":{\"@id\":\"https:\\\/\\\/yasminfood.ch\\\/de\\\/product\\\/sahlab-al-durra-100g\\\/#primaryimage\"},\"image\":{\"@id\":\"https:\\\/\\\/yasminfood.ch\\\/de\\\/product\\\/sahlab-al-durra-100g\\\/#primaryimage\"},\"thumbnailUrl\":\"https:\\\/\\\/yasminfood.ch\\\/wp-content\\\/uploads\\\/2025\\\/10\\\/\u0633\u062d\u0644\u0628-\u0627\u0644\u062f\u0631\u0629-100\u063a.png\",\"datePublished\":\"2025-10-11T09:04:59+00:00\",\"dateModified\":\"2025-10-11T09:18:42+00:00\",\"description\":\"Genie\u00dfen Sie den reichhaltigen Geschmack der Durra Orchidee 100g und die warme, cremige Textur! Schnappen Sie es sich noch heute und feiern Sie die Winterstimmung mit jedem Schluck. Yasmin Food Sahlab Al Durra 100g\",\"breadcrumb\":{\"@id\":\"https:\\\/\\\/yasminfood.ch\\\/de\\\/product\\\/sahlab-al-durra-100g\\\/#breadcrumb\"},\"inLanguage\":\"de\",\"potentialAction\":[{\"@type\":\"ReadAction\",\"target\":[\"https:\\\/\\\/yasminfood.ch\\\/de\\\/product\\\/sahlab-al-durra-100g\\\/\"]}]},{\"@type\":\"ImageObject\",\"inLanguage\":\"de\",\"@id\":\"https:\\\/\\\/yasminfood.ch\\\/de\\\/product\\\/sahlab-al-durra-100g\\\/#primaryimage\",\"url\":\"https:\\\/\\\/yasminfood.ch\\\/wp-content\\\/uploads\\\/2025\\\/10\\\/\u0633\u062d\u0644\u0628-\u0627\u0644\u062f\u0631\u0629-100\u063a.png\",\"contentUrl\":\"https:\\\/\\\/yasminfood.ch\\\/wp-content\\\/uploads\\\/2025\\\/10\\\/\u0633\u062d\u0644\u0628-\u0627\u0644\u062f\u0631\u0629-100\u063a.png\",\"width\":1080,\"height\":1080,\"caption\":\"Sahlab Al Durra 100g\"},{\"@type\":\"BreadcrumbList\",\"@id\":\"https:\\\/\\\/yasminfood.ch\\\/de\\\/product\\\/sahlab-al-durra-100g\\\/#breadcrumb\",\"itemListElement\":[{\"@type\":\"ListItem\",\"position\":1,\"name\":\"\u0627\u0644\u0631\u0626\u064a\u0633\u064a\u0629\",\"item\":\"https:\\\/\\\/yasminfood.ch\\\/de\\\/zuhause\\\/\"},{\"@type\":\"ListItem\",\"position\":2,\"name\":\"Shop\",\"item\":\"https:\\\/\\\/yasminfood.ch\\\/de\\\/shop\\\/\"},{\"@type\":\"ListItem\",\"position\":3,\"name\":\"Getr\u00e4nke &amp; Fl\u00fcssigkeiten\",\"item\":\"https:\\\/\\\/yasminfood.ch\\\/de\\\/produkt-kategorie\\\/getraenke-fluessigkeiten\\\/\"},{\"@type\":\"ListItem\",\"position\":4,\"name\":\"Puddingpulver\",\"item\":\"https:\\\/\\\/yasminfood.ch\\\/de\\\/produkt-kategorie\\\/getraenke-fluessigkeiten\\\/puddingpulver\\\/\"},{\"@type\":\"ListItem\",\"position\":5,\"name\":\"Sahlab Al Durra 100g\"}]},{\"@type\":\"WebSite\",\"@id\":\"https:\\\/\\\/yasminfood.ch\\\/de\\\/#website\",\"url\":\"https:\\\/\\\/yasminfood.ch\\\/de\\\/\",\"name\":\"\u064a\u0627\u0633\u0645\u064a\u0646 \u0645\u0627\u0631\u0643\u062a\",\"description\":\"Alles, was Sie brauchen, an einem Ort\",\"publisher\":{\"@id\":\"https:\\\/\\\/yasminfood.ch\\\/de\\\/#organization\"},\"alternateName\":\"Yasmin Food\",\"potentialAction\":[{\"@type\":\"SearchAction\",\"target\":{\"@type\":\"EntryPoint\",\"urlTemplate\":\"https:\\\/\\\/yasminfood.ch\\\/de\\\/?s={search_term_string}\"},\"query-input\":{\"@type\":\"PropertyValueSpecification\",\"valueRequired\":true,\"valueName\":\"search_term_string\"}}],\"inLanguage\":\"de\"},{\"@type\":\"Organization\",\"@id\":\"https:\\\/\\\/yasminfood.ch\\\/de\\\/#organization\",\"name\":\"\u064a\u0627\u0633\u0645\u064a\u0646 \u0645\u0627\u0631\u0643\u062a\",\"alternateName\":\"Yasmin Food\",\"url\":\"https:\\\/\\\/yasminfood.ch\\\/de\\\/\",\"logo\":{\"@type\":\"ImageObject\",\"inLanguage\":\"de\",\"@id\":\"https:\\\/\\\/yasminfood.ch\\\/de\\\/#\\\/schema\\\/logo\\\/image\\\/\",\"url\":\"https:\\\/\\\/yasminfood.ch\\\/wp-content\\\/uploads\\\/2025\\\/05\\\/yasmin-food-header-logo.png\",\"contentUrl\":\"https:\\\/\\\/yasminfood.ch\\\/wp-content\\\/uploads\\\/2025\\\/05\\\/yasmin-food-header-logo.png\",\"width\":330,\"height\":120,\"caption\":\"\u064a\u0627\u0633\u0645\u064a\u0646 \u0645\u0627\u0631\u0643\u062a\"},\"image\":{\"@id\":\"https:\\\/\\\/yasminfood.ch\\\/de\\\/#\\\/schema\\\/logo\\\/image\\\/\"},\"sameAs\":[\"https:\\\/\\\/www.facebook.com\\\/yasminmarkt1\",\"https:\\\/\\\/www.tiktok.com\\\/@yasminmarkt\",\"https:\\\/\\\/www.instagram.com\\\/yasmin.markt1\\\/\",\"https:\\\/\\\/api.whatsapp.com\\\/send\\\/?phone=41799000104\"],\"publishingPrinciples\":\"https:\\\/\\\/yasminfood.ch\\\/de\\\/shop\\\/\",\"ownershipFundingInfo\":\"https:\\\/\\\/yasminfood.ch\\\/de\\\/shop\\\/\"}]}<\/script>\n<meta property=\"product:price:amount\" content=\"3.95\" \/>\n<meta property=\"product:price:currency\" content=\"CHF\" \/>\n<meta property=\"og:availability\" content=\"out of stock\" \/>\n<meta property=\"product:availability\" content=\"out of stock\" \/>\n<meta property=\"product:condition\" content=\"new\" \/>\n<!-- \/ Yoast SEO Premium plugin. -->","yoast_head_json":{"title":"Sahlab Al Durra 100g - Yasmin Food","description":"Genie\u00dfen Sie den reichhaltigen Geschmack der Durra Orchidee 100g und die warme, cremige Textur! Schnappen Sie es sich noch heute und feiern Sie die Winterstimmung mit jedem Schluck. Yasmin Food Sahlab Al Durra 100g","robots":{"index":"index","follow":"follow","max-snippet":"max-snippet:-1","max-image-preview":"max-image-preview:large","max-video-preview":"max-video-preview:-1"},"canonical":"https:\/\/yasminfood.ch\/de\/product\/sahlab-al-durra-100g\/","og_locale":"de_DE","og_type":"article","og_title":"Sahlab Al Durra 100g","og_description":"Sahlab Al Durra 100g   Genie\u00dfen Sie den Geschmack der authentischen orientalischen Orchidee, ein Wintergetr\u00e4nk mit reichem Geschmack und warmer, cremiger Textur.","og_url":"https:\/\/yasminfood.ch\/de\/product\/sahlab-al-durra-100g\/","og_site_name":"Yasmin Food","article_publisher":"https:\/\/www.facebook.com\/yasminmarkt1","article_modified_time":"2025-10-11T09:18:42+00:00","og_image":[{"width":1080,"height":1080,"url":"https:\/\/yasminfood.ch\/wp-content\/uploads\/2025\/10\/\u0633\u062d\u0644\u0628-\u0627\u0644\u062f\u0631\u0629-100\u063a.png","type":"image\/png"}],"twitter_card":"summary_large_image","twitter_misc":{"Preis":"3.95&nbsp;&#67;&#72;&#70;","Verf\u00fcgbarkeit":"ausverkauft"},"schema":{"@context":"https:\/\/schema.org","@graph":[{"@type":"WebPage","@id":"https:\/\/yasminfood.ch\/de\/product\/sahlab-al-durra-100g\/","url":"https:\/\/yasminfood.ch\/de\/product\/sahlab-al-durra-100g\/","name":"Sahlab Al Durra 100g - Yasmin Food","isPartOf":{"@id":"https:\/\/yasminfood.ch\/de\/#website"},"primaryImageOfPage":{"@id":"https:\/\/yasminfood.ch\/de\/product\/sahlab-al-durra-100g\/#primaryimage"},"image":{"@id":"https:\/\/yasminfood.ch\/de\/product\/sahlab-al-durra-100g\/#primaryimage"},"thumbnailUrl":"https:\/\/yasminfood.ch\/wp-content\/uploads\/2025\/10\/\u0633\u062d\u0644\u0628-\u0627\u0644\u062f\u0631\u0629-100\u063a.png","datePublished":"2025-10-11T09:04:59+00:00","dateModified":"2025-10-11T09:18:42+00:00","description":"Genie\u00dfen Sie den reichhaltigen Geschmack der Durra Orchidee 100g und die warme, cremige Textur! Schnappen Sie es sich noch heute und feiern Sie die Winterstimmung mit jedem Schluck. Yasmin Food Sahlab Al Durra 100g","breadcrumb":{"@id":"https:\/\/yasminfood.ch\/de\/product\/sahlab-al-durra-100g\/#breadcrumb"},"inLanguage":"de","potentialAction":[{"@type":"ReadAction","target":["https:\/\/yasminfood.ch\/de\/product\/sahlab-al-durra-100g\/"]}]},{"@type":"ImageObject","inLanguage":"de","@id":"https:\/\/yasminfood.ch\/de\/product\/sahlab-al-durra-100g\/#primaryimage","url":"https:\/\/yasminfood.ch\/wp-content\/uploads\/2025\/10\/\u0633\u062d\u0644\u0628-\u0627\u0644\u062f\u0631\u0629-100\u063a.png","contentUrl":"https:\/\/yasminfood.ch\/wp-content\/uploads\/2025\/10\/\u0633\u062d\u0644\u0628-\u0627\u0644\u062f\u0631\u0629-100\u063a.png","width":1080,"height":1080,"caption":"Sahlab Al Durra 100g"},{"@type":"BreadcrumbList","@id":"https:\/\/yasminfood.ch\/de\/product\/sahlab-al-durra-100g\/#breadcrumb","itemListElement":[{"@type":"ListItem","position":1,"name":"\u0627\u0644\u0631\u0626\u064a\u0633\u064a\u0629","item":"https:\/\/yasminfood.ch\/de\/zuhause\/"},{"@type":"ListItem","position":2,"name":"Shop","item":"https:\/\/yasminfood.ch\/de\/shop\/"},{"@type":"ListItem","position":3,"name":"Getr\u00e4nke &amp; Fl\u00fcssigkeiten","item":"https:\/\/yasminfood.ch\/de\/produkt-kategorie\/getraenke-fluessigkeiten\/"},{"@type":"ListItem","position":4,"name":"Puddingpulver","item":"https:\/\/yasminfood.ch\/de\/produkt-kategorie\/getraenke-fluessigkeiten\/puddingpulver\/"},{"@type":"ListItem","position":5,"name":"Sahlab Al Durra 100g"}]},{"@type":"WebSite","@id":"https:\/\/yasminfood.ch\/de\/#website","url":"https:\/\/yasminfood.ch\/de\/","name":"\u064a\u0627\u0633\u0645\u064a\u0646 \u0645\u0627\u0631\u0643\u062a","description":"Alles, was Sie brauchen, an einem Ort","publisher":{"@id":"https:\/\/yasminfood.ch\/de\/#organization"},"alternateName":"Yasmin Food","potentialAction":[{"@type":"SearchAction","target":{"@type":"EntryPoint","urlTemplate":"https:\/\/yasminfood.ch\/de\/?s={search_term_string}"},"query-input":{"@type":"PropertyValueSpecification","valueRequired":true,"valueName":"search_term_string"}}],"inLanguage":"de"},{"@type":"Organization","@id":"https:\/\/yasminfood.ch\/de\/#organization","name":"\u064a\u0627\u0633\u0645\u064a\u0646 \u0645\u0627\u0631\u0643\u062a","alternateName":"Yasmin Food","url":"https:\/\/yasminfood.ch\/de\/","logo":{"@type":"ImageObject","inLanguage":"de","@id":"https:\/\/yasminfood.ch\/de\/#\/schema\/logo\/image\/","url":"https:\/\/yasminfood.ch\/wp-content\/uploads\/2025\/05\/yasmin-food-header-logo.png","contentUrl":"https:\/\/yasminfood.ch\/wp-content\/uploads\/2025\/05\/yasmin-food-header-logo.png","width":330,"height":120,"caption":"\u064a\u0627\u0633\u0645\u064a\u0646 \u0645\u0627\u0631\u0643\u062a"},"image":{"@id":"https:\/\/yasminfood.ch\/de\/#\/schema\/logo\/image\/"},"sameAs":["https:\/\/www.facebook.com\/yasminmarkt1","https:\/\/www.tiktok.com\/@yasminmarkt","https:\/\/www.instagram.com\/yasmin.markt1\/","https:\/\/api.whatsapp.com\/send\/?phone=41799000104"],"publishingPrinciples":"https:\/\/yasminfood.ch\/de\/shop\/","ownershipFundingInfo":"https:\/\/yasminfood.ch\/de\/shop\/"}]},"product_price_amount":"3.95","product_price_currency":"CHF","og_availability":"out of stock","product_availability":"out of stock","product_condition":"new"},"jetpack_sharing_enabled":true,"_links":{"self":[{"href":"https:\/\/yasminfood.ch\/de\/wp-json\/wp\/v2\/product\/120287","targetHints":{"allow":["GET"]}}],"collection":[{"href":"https:\/\/yasminfood.ch\/de\/wp-json\/wp\/v2\/product"}],"about":[{"href":"https:\/\/yasminfood.ch\/de\/wp-json\/wp\/v2\/types\/product"}],"replies":[{"embeddable":true,"href":"https:\/\/yasminfood.ch\/de\/wp-json\/wp\/v2\/comments?post=120287"}],"version-history":[{"count":1,"href":"https:\/\/yasminfood.ch\/de\/wp-json\/wp\/v2\/product\/120287\/revisions"}],"predecessor-version":[{"id":120288,"href":"https:\/\/yasminfood.ch\/de\/wp-json\/wp\/v2\/product\/120287\/revisions\/120288"}],"wp:featuredmedia":[{"embeddable":true,"href":"https:\/\/yasminfood.ch\/de\/wp-json\/wp\/v2\/media\/120276"}],"wp:attachment":[{"href":"https:\/\/yasminfood.ch\/de\/wp-json\/wp\/v2\/media?parent=120287"}],"wp:term":[{"taxonomy":"product_brand","embeddable":true,"href":"https:\/\/yasminfood.ch\/de\/wp-json\/wp\/v2\/product_brand?post=120287"},{"taxonomy":"product_cat","embeddable":true,"href":"https:\/\/yasminfood.ch\/de\/wp-json\/wp\/v2\/product_cat?post=120287"},{"taxonomy":"product_tag","embeddable":true,"href":"https:\/\/yasminfood.ch\/de\/wp-json\/wp\/v2\/product_tag?post=120287"}],"curies":[{"name":"wp","href":"https:\/\/api.w.org\/{rel}","templated":true}]}}