{"id":120434,"date":"2025-10-13T23:52:06","date_gmt":"2025-10-13T21:52:06","guid":{"rendered":"https:\/\/yasminfood.ch\/product\/tischdecke-aus-nylon-90-x-100-cm\/"},"modified":"2025-10-13T23:55:15","modified_gmt":"2025-10-13T21:55:15","slug":"tischdecke-aus-nylon-90-x-100-cm","status":"publish","type":"product","link":"https:\/\/yasminfood.ch\/de\/product\/tischdecke-aus-nylon-90-x-100-cm\/","title":{"rendered":"Tischdecke aus Nylon 90 \u00d7 100 cm"},"content":{"rendered":"<p><strong>Tischdecke aus Nylon 90 \u00d7 100 cm<\/strong><\/p>\n<ul>\n<li>\n<p data-start=\"141\" data-end=\"384\">Hergestellt aus hochwertigem Nylonmaterial, das einen hervorragenden Schutz vor Fl\u00fcssigkeiten und Flecken bietet, ist es auch einfach zu verwenden und nach Fertigstellung zu entsorgen. <br data-start=\"327\" data-end=\"330\">Perfekt f\u00fcr Wohnungen, Restaurants, Partys und Familienfeiern. <\/p>\n<p data-start=\"386\" data-end=\"402\"><strong data-start=\"386\" data-end=\"400\">Leistungsbeschreibung:<\/strong><\/p>\n<ul data-start=\"403\" data-end=\"565\">\n<li data-start=\"403\" data-end=\"426\">\n<p data-start=\"405\" data-end=\"426\">Gr\u00f6\u00dfe: 90 \u00d7 100 cm <\/p>\n<\/li>\n<li data-start=\"427\" data-end=\"457\">\n<p data-start=\"429\" data-end=\"457\">Material: Wasserdichtes Nylon <\/p>\n<\/li>\n<li data-start=\"458\" data-end=\"496\">\n<p data-start=\"460\" data-end=\"496\">Verwendung: Einweg <\/p>\n<\/li>\n<li data-start=\"497\" data-end=\"529\">\n<p data-start=\"499\" data-end=\"529\">Anzahl der Teile in der Packung: 20 St\u00fcck <\/p>\n<\/li>\n<li data-start=\"530\" data-end=\"565\">\n<p data-start=\"532\" data-end=\"565\">Farbe: Wei\u00df mit eleganten Grafiken verziert <\/p>\n<\/li>\n<\/ul>\n<p data-start=\"567\" data-end=\"582\"><strong data-start=\"567\" data-end=\"580\">Funktionen:<\/strong><\/p>\n<ul data-start=\"583\" data-end=\"718\">\n<li data-start=\"583\" data-end=\"627\">\n<p data-start=\"585\" data-end=\"627\">Sch\u00fctzt den Tisch vor Schmutz und Versch\u00fcttungen<\/p>\n<\/li>\n<li data-start=\"628\" data-end=\"650\">\n<p data-start=\"630\" data-end=\"650\">Einfach zu verteilen und zu wechseln<\/p>\n<\/li>\n<li data-start=\"651\" data-end=\"686\">\n<p data-start=\"653\" data-end=\"686\">Schlichtes Design f\u00fcr alle Gelegenheiten<\/p>\n<\/li>\n<li data-start=\"687\" data-end=\"718\">\n<p data-start=\"689\" data-end=\"718\">Ideale Wahl f\u00fcr Ausfl\u00fcge und Bankette<\/p>\n<\/li>\n<\/ul>\n<\/li>\n<\/ul>\n","protected":false},"excerpt":{"rendered":"<p><strong>Tischdecke aus Nylon 90 \u00d7 100 cm<\/strong><\/p>\n<ul>\n<li>\n<p data-start=\"141\" data-end=\"384\">Hergestellt aus hochwertigem Nylonmaterial, das einen hervorragenden Schutz vor Fl\u00fcssigkeiten und Flecken bietet, ist es auch einfach zu verwenden und nach Fertigstellung zu entsorgen. <\/p>\n<\/li>\n<\/ul>\n","protected":false},"featured_media":120429,"comment_status":"open","ping_status":"closed","template":"","meta":[],"product_brand":[],"product_cat":[904,388],"product_tag":[],"class_list":{"0":"post-120434","1":"product","2":"type-product","3":"status-publish","4":"has-post-thumbnail","6":"product_cat-kuechenutensilien","7":"product_cat-nonfood","9":"first","10":"instock","11":"taxable","12":"shipping-taxable","13":"purchasable","14":"product-type-simple"},"yoast_head":"<!-- This site is optimized with the Yoast SEO Premium plugin v26.5 (Yoast SEO v27.5) - https:\/\/yoast.com\/product\/yoast-seo-premium-wordpress\/ -->\n<title>Tischdecke aus Nylon 90 \u00d7 100 cm - Yasmin Food<\/title>\n<meta name=\"description\" content=\"Sch\u00fctzen Sie Ihren Tisch mit dieser 90 \u00d7 100 cm langen Nylon-Tischdecke, die fl\u00fcssigkeitsbest\u00e4ndig ist. Ideal f\u00fcr Familienveranstaltungen, bestellen Sie es jetzt! Tischdecke aus Nylon 90 \u00d7 100 cm\" \/>\n<meta name=\"robots\" content=\"index, follow, max-snippet:-1, max-image-preview:large, max-video-preview:-1\" \/>\n<link rel=\"canonical\" href=\"https:\/\/yasminfood.ch\/de\/product\/tischdecke-aus-nylon-90-x-100-cm\/\" \/>\n<meta property=\"og:locale\" content=\"de_DE\" \/>\n<meta property=\"og:type\" content=\"article\" \/>\n<meta property=\"og:title\" content=\"Tischdecke aus Nylon 90 \u00d7 100 cm\" \/>\n<meta property=\"og:description\" content=\"Tischdecke aus Nylon 90 \u00d7 100 cm   Hergestellt aus hochwertigem Nylonmaterial, das einen hervorragenden Schutz vor Fl\u00fcssigkeiten und Flecken bietet, ist es auch einfach zu verwenden und nach Fertigstellung zu entsorgen.\" \/>\n<meta property=\"og:url\" content=\"https:\/\/yasminfood.ch\/de\/product\/tischdecke-aus-nylon-90-x-100-cm\/\" \/>\n<meta property=\"og:site_name\" content=\"Yasmin Food\" \/>\n<meta property=\"article:publisher\" content=\"https:\/\/www.facebook.com\/yasminmarkt1\" \/>\n<meta property=\"article:modified_time\" content=\"2025-10-13T21:55:15+00:00\" \/>\n<meta property=\"og:image\" content=\"https:\/\/yasminfood.ch\/wp-content\/uploads\/2025\/10\/\u0645\u0641\u0631\u0634-\u0637\u0627\u0648\u0644\u0629-\u0646\u0627\u064a\u0644\u0648\u0646-90-\u00d7-120-\u0633\u0645.png\" \/>\n\t<meta property=\"og:image:width\" content=\"1080\" \/>\n\t<meta property=\"og:image:height\" content=\"1080\" \/>\n\t<meta property=\"og:image:type\" content=\"image\/png\" \/>\n<meta name=\"twitter:card\" content=\"summary_large_image\" \/>\n<meta name=\"twitter:label1\" content=\"Preis\" \/>\n\t<meta name=\"twitter:data1\" content=\"4.95&nbsp;&#067;&#072;&#070;\" \/>\n\t<meta name=\"twitter:label2\" content=\"Verf\u00fcgbarkeit\" \/>\n\t<meta name=\"twitter:data2\" content=\"Auf Lager\" \/>\n<script type=\"application\/ld+json\" class=\"yoast-schema-graph\">{\"@context\":\"https:\\\/\\\/schema.org\",\"@graph\":[{\"@type\":\"WebPage\",\"@id\":\"https:\\\/\\\/yasminfood.ch\\\/de\\\/product\\\/tischdecke-aus-nylon-90-x-100-cm\\\/\",\"url\":\"https:\\\/\\\/yasminfood.ch\\\/de\\\/product\\\/tischdecke-aus-nylon-90-x-100-cm\\\/\",\"name\":\"Tischdecke aus Nylon 90 \u00d7 100 cm - Yasmin Food\",\"isPartOf\":{\"@id\":\"https:\\\/\\\/yasminfood.ch\\\/de\\\/#website\"},\"primaryImageOfPage\":{\"@id\":\"https:\\\/\\\/yasminfood.ch\\\/de\\\/product\\\/tischdecke-aus-nylon-90-x-100-cm\\\/#primaryimage\"},\"image\":{\"@id\":\"https:\\\/\\\/yasminfood.ch\\\/de\\\/product\\\/tischdecke-aus-nylon-90-x-100-cm\\\/#primaryimage\"},\"thumbnailUrl\":\"https:\\\/\\\/yasminfood.ch\\\/wp-content\\\/uploads\\\/2025\\\/10\\\/\u0645\u0641\u0631\u0634-\u0637\u0627\u0648\u0644\u0629-\u0646\u0627\u064a\u0644\u0648\u0646-90-\u00d7-120-\u0633\u0645.png\",\"datePublished\":\"2025-10-13T21:52:06+00:00\",\"dateModified\":\"2025-10-13T21:55:15+00:00\",\"description\":\"Sch\u00fctzen Sie Ihren Tisch mit dieser 90 \u00d7 100 cm langen Nylon-Tischdecke, die fl\u00fcssigkeitsbest\u00e4ndig ist. Ideal f\u00fcr Familienveranstaltungen, bestellen Sie es jetzt! Tischdecke aus Nylon 90 \u00d7 100 cm\",\"breadcrumb\":{\"@id\":\"https:\\\/\\\/yasminfood.ch\\\/de\\\/product\\\/tischdecke-aus-nylon-90-x-100-cm\\\/#breadcrumb\"},\"inLanguage\":\"de\",\"potentialAction\":[{\"@type\":\"ReadAction\",\"target\":[\"https:\\\/\\\/yasminfood.ch\\\/de\\\/product\\\/tischdecke-aus-nylon-90-x-100-cm\\\/\"]}]},{\"@type\":\"ImageObject\",\"inLanguage\":\"de\",\"@id\":\"https:\\\/\\\/yasminfood.ch\\\/de\\\/product\\\/tischdecke-aus-nylon-90-x-100-cm\\\/#primaryimage\",\"url\":\"https:\\\/\\\/yasminfood.ch\\\/wp-content\\\/uploads\\\/2025\\\/10\\\/\u0645\u0641\u0631\u0634-\u0637\u0627\u0648\u0644\u0629-\u0646\u0627\u064a\u0644\u0648\u0646-90-\u00d7-120-\u0633\u0645.png\",\"contentUrl\":\"https:\\\/\\\/yasminfood.ch\\\/wp-content\\\/uploads\\\/2025\\\/10\\\/\u0645\u0641\u0631\u0634-\u0637\u0627\u0648\u0644\u0629-\u0646\u0627\u064a\u0644\u0648\u0646-90-\u00d7-120-\u0633\u0645.png\",\"width\":1080,\"height\":1080,\"caption\":\"Tischdecke aus Nylon 90 \u00d7 100 cm\"},{\"@type\":\"BreadcrumbList\",\"@id\":\"https:\\\/\\\/yasminfood.ch\\\/de\\\/product\\\/tischdecke-aus-nylon-90-x-100-cm\\\/#breadcrumb\",\"itemListElement\":[{\"@type\":\"ListItem\",\"position\":1,\"name\":\"\u0627\u0644\u0631\u0626\u064a\u0633\u064a\u0629\",\"item\":\"https:\\\/\\\/yasminfood.ch\\\/de\\\/zuhause\\\/\"},{\"@type\":\"ListItem\",\"position\":2,\"name\":\"Shop\",\"item\":\"https:\\\/\\\/yasminfood.ch\\\/de\\\/shop\\\/\"},{\"@type\":\"ListItem\",\"position\":3,\"name\":\"Tischdecke aus Nylon 90 \u00d7 100 cm\"}]},{\"@type\":\"WebSite\",\"@id\":\"https:\\\/\\\/yasminfood.ch\\\/de\\\/#website\",\"url\":\"https:\\\/\\\/yasminfood.ch\\\/de\\\/\",\"name\":\"\u064a\u0627\u0633\u0645\u064a\u0646 \u0645\u0627\u0631\u0643\u062a\",\"description\":\"Alles, was Sie brauchen, an einem Ort\",\"publisher\":{\"@id\":\"https:\\\/\\\/yasminfood.ch\\\/de\\\/#organization\"},\"alternateName\":\"Yasmin Food\",\"potentialAction\":[{\"@type\":\"SearchAction\",\"target\":{\"@type\":\"EntryPoint\",\"urlTemplate\":\"https:\\\/\\\/yasminfood.ch\\\/de\\\/?s={search_term_string}\"},\"query-input\":{\"@type\":\"PropertyValueSpecification\",\"valueRequired\":true,\"valueName\":\"search_term_string\"}}],\"inLanguage\":\"de\"},{\"@type\":\"Organization\",\"@id\":\"https:\\\/\\\/yasminfood.ch\\\/de\\\/#organization\",\"name\":\"\u064a\u0627\u0633\u0645\u064a\u0646 \u0645\u0627\u0631\u0643\u062a\",\"alternateName\":\"Yasmin Food\",\"url\":\"https:\\\/\\\/yasminfood.ch\\\/de\\\/\",\"logo\":{\"@type\":\"ImageObject\",\"inLanguage\":\"de\",\"@id\":\"https:\\\/\\\/yasminfood.ch\\\/de\\\/#\\\/schema\\\/logo\\\/image\\\/\",\"url\":\"https:\\\/\\\/yasminfood.ch\\\/wp-content\\\/uploads\\\/2025\\\/05\\\/yasmin-food-header-logo.png\",\"contentUrl\":\"https:\\\/\\\/yasminfood.ch\\\/wp-content\\\/uploads\\\/2025\\\/05\\\/yasmin-food-header-logo.png\",\"width\":330,\"height\":120,\"caption\":\"\u064a\u0627\u0633\u0645\u064a\u0646 \u0645\u0627\u0631\u0643\u062a\"},\"image\":{\"@id\":\"https:\\\/\\\/yasminfood.ch\\\/de\\\/#\\\/schema\\\/logo\\\/image\\\/\"},\"sameAs\":[\"https:\\\/\\\/www.facebook.com\\\/yasminmarkt1\",\"https:\\\/\\\/www.tiktok.com\\\/@yasminmarkt\",\"https:\\\/\\\/www.instagram.com\\\/yasmin.markt1\\\/\",\"https:\\\/\\\/api.whatsapp.com\\\/send\\\/?phone=41799000104\"],\"publishingPrinciples\":\"https:\\\/\\\/yasminfood.ch\\\/de\\\/shop\\\/\",\"ownershipFundingInfo\":\"https:\\\/\\\/yasminfood.ch\\\/de\\\/shop\\\/\"}]}<\/script>\n<meta property=\"product:price:amount\" content=\"4.95\" \/>\n<meta property=\"product:price:currency\" content=\"CHF\" \/>\n<meta property=\"og:availability\" content=\"instock\" \/>\n<meta property=\"product:availability\" content=\"instock\" \/>\n<meta property=\"product:condition\" content=\"new\" \/>\n<!-- \/ Yoast SEO Premium plugin. -->","yoast_head_json":{"title":"Tischdecke aus Nylon 90 \u00d7 100 cm - Yasmin Food","description":"Sch\u00fctzen Sie Ihren Tisch mit dieser 90 \u00d7 100 cm langen Nylon-Tischdecke, die fl\u00fcssigkeitsbest\u00e4ndig ist. Ideal f\u00fcr Familienveranstaltungen, bestellen Sie es jetzt! Tischdecke aus Nylon 90 \u00d7 100 cm","robots":{"index":"index","follow":"follow","max-snippet":"max-snippet:-1","max-image-preview":"max-image-preview:large","max-video-preview":"max-video-preview:-1"},"canonical":"https:\/\/yasminfood.ch\/de\/product\/tischdecke-aus-nylon-90-x-100-cm\/","og_locale":"de_DE","og_type":"article","og_title":"Tischdecke aus Nylon 90 \u00d7 100 cm","og_description":"Tischdecke aus Nylon 90 \u00d7 100 cm   Hergestellt aus hochwertigem Nylonmaterial, das einen hervorragenden Schutz vor Fl\u00fcssigkeiten und Flecken bietet, ist es auch einfach zu verwenden und nach Fertigstellung zu entsorgen.","og_url":"https:\/\/yasminfood.ch\/de\/product\/tischdecke-aus-nylon-90-x-100-cm\/","og_site_name":"Yasmin Food","article_publisher":"https:\/\/www.facebook.com\/yasminmarkt1","article_modified_time":"2025-10-13T21:55:15+00:00","og_image":[{"width":1080,"height":1080,"url":"https:\/\/yasminfood.ch\/wp-content\/uploads\/2025\/10\/\u0645\u0641\u0631\u0634-\u0637\u0627\u0648\u0644\u0629-\u0646\u0627\u064a\u0644\u0648\u0646-90-\u00d7-120-\u0633\u0645.png","type":"image\/png"}],"twitter_card":"summary_large_image","twitter_misc":{"Preis":"4.95&nbsp;&#67;&#72;&#70;","Verf\u00fcgbarkeit":"Auf Lager"},"schema":{"@context":"https:\/\/schema.org","@graph":[{"@type":"WebPage","@id":"https:\/\/yasminfood.ch\/de\/product\/tischdecke-aus-nylon-90-x-100-cm\/","url":"https:\/\/yasminfood.ch\/de\/product\/tischdecke-aus-nylon-90-x-100-cm\/","name":"Tischdecke aus Nylon 90 \u00d7 100 cm - Yasmin Food","isPartOf":{"@id":"https:\/\/yasminfood.ch\/de\/#website"},"primaryImageOfPage":{"@id":"https:\/\/yasminfood.ch\/de\/product\/tischdecke-aus-nylon-90-x-100-cm\/#primaryimage"},"image":{"@id":"https:\/\/yasminfood.ch\/de\/product\/tischdecke-aus-nylon-90-x-100-cm\/#primaryimage"},"thumbnailUrl":"https:\/\/yasminfood.ch\/wp-content\/uploads\/2025\/10\/\u0645\u0641\u0631\u0634-\u0637\u0627\u0648\u0644\u0629-\u0646\u0627\u064a\u0644\u0648\u0646-90-\u00d7-120-\u0633\u0645.png","datePublished":"2025-10-13T21:52:06+00:00","dateModified":"2025-10-13T21:55:15+00:00","description":"Sch\u00fctzen Sie Ihren Tisch mit dieser 90 \u00d7 100 cm langen Nylon-Tischdecke, die fl\u00fcssigkeitsbest\u00e4ndig ist. Ideal f\u00fcr Familienveranstaltungen, bestellen Sie es jetzt! Tischdecke aus Nylon 90 \u00d7 100 cm","breadcrumb":{"@id":"https:\/\/yasminfood.ch\/de\/product\/tischdecke-aus-nylon-90-x-100-cm\/#breadcrumb"},"inLanguage":"de","potentialAction":[{"@type":"ReadAction","target":["https:\/\/yasminfood.ch\/de\/product\/tischdecke-aus-nylon-90-x-100-cm\/"]}]},{"@type":"ImageObject","inLanguage":"de","@id":"https:\/\/yasminfood.ch\/de\/product\/tischdecke-aus-nylon-90-x-100-cm\/#primaryimage","url":"https:\/\/yasminfood.ch\/wp-content\/uploads\/2025\/10\/\u0645\u0641\u0631\u0634-\u0637\u0627\u0648\u0644\u0629-\u0646\u0627\u064a\u0644\u0648\u0646-90-\u00d7-120-\u0633\u0645.png","contentUrl":"https:\/\/yasminfood.ch\/wp-content\/uploads\/2025\/10\/\u0645\u0641\u0631\u0634-\u0637\u0627\u0648\u0644\u0629-\u0646\u0627\u064a\u0644\u0648\u0646-90-\u00d7-120-\u0633\u0645.png","width":1080,"height":1080,"caption":"Tischdecke aus Nylon 90 \u00d7 100 cm"},{"@type":"BreadcrumbList","@id":"https:\/\/yasminfood.ch\/de\/product\/tischdecke-aus-nylon-90-x-100-cm\/#breadcrumb","itemListElement":[{"@type":"ListItem","position":1,"name":"\u0627\u0644\u0631\u0626\u064a\u0633\u064a\u0629","item":"https:\/\/yasminfood.ch\/de\/zuhause\/"},{"@type":"ListItem","position":2,"name":"Shop","item":"https:\/\/yasminfood.ch\/de\/shop\/"},{"@type":"ListItem","position":3,"name":"Tischdecke aus Nylon 90 \u00d7 100 cm"}]},{"@type":"WebSite","@id":"https:\/\/yasminfood.ch\/de\/#website","url":"https:\/\/yasminfood.ch\/de\/","name":"\u064a\u0627\u0633\u0645\u064a\u0646 \u0645\u0627\u0631\u0643\u062a","description":"Alles, was Sie brauchen, an einem Ort","publisher":{"@id":"https:\/\/yasminfood.ch\/de\/#organization"},"alternateName":"Yasmin Food","potentialAction":[{"@type":"SearchAction","target":{"@type":"EntryPoint","urlTemplate":"https:\/\/yasminfood.ch\/de\/?s={search_term_string}"},"query-input":{"@type":"PropertyValueSpecification","valueRequired":true,"valueName":"search_term_string"}}],"inLanguage":"de"},{"@type":"Organization","@id":"https:\/\/yasminfood.ch\/de\/#organization","name":"\u064a\u0627\u0633\u0645\u064a\u0646 \u0645\u0627\u0631\u0643\u062a","alternateName":"Yasmin Food","url":"https:\/\/yasminfood.ch\/de\/","logo":{"@type":"ImageObject","inLanguage":"de","@id":"https:\/\/yasminfood.ch\/de\/#\/schema\/logo\/image\/","url":"https:\/\/yasminfood.ch\/wp-content\/uploads\/2025\/05\/yasmin-food-header-logo.png","contentUrl":"https:\/\/yasminfood.ch\/wp-content\/uploads\/2025\/05\/yasmin-food-header-logo.png","width":330,"height":120,"caption":"\u064a\u0627\u0633\u0645\u064a\u0646 \u0645\u0627\u0631\u0643\u062a"},"image":{"@id":"https:\/\/yasminfood.ch\/de\/#\/schema\/logo\/image\/"},"sameAs":["https:\/\/www.facebook.com\/yasminmarkt1","https:\/\/www.tiktok.com\/@yasminmarkt","https:\/\/www.instagram.com\/yasmin.markt1\/","https:\/\/api.whatsapp.com\/send\/?phone=41799000104"],"publishingPrinciples":"https:\/\/yasminfood.ch\/de\/shop\/","ownershipFundingInfo":"https:\/\/yasminfood.ch\/de\/shop\/"}]},"product_price_amount":"4.95","product_price_currency":"CHF","og_availability":"instock","product_availability":"instock","product_condition":"new"},"jetpack_sharing_enabled":true,"_links":{"self":[{"href":"https:\/\/yasminfood.ch\/de\/wp-json\/wp\/v2\/product\/120434","targetHints":{"allow":["GET"]}}],"collection":[{"href":"https:\/\/yasminfood.ch\/de\/wp-json\/wp\/v2\/product"}],"about":[{"href":"https:\/\/yasminfood.ch\/de\/wp-json\/wp\/v2\/types\/product"}],"replies":[{"embeddable":true,"href":"https:\/\/yasminfood.ch\/de\/wp-json\/wp\/v2\/comments?post=120434"}],"version-history":[{"count":0,"href":"https:\/\/yasminfood.ch\/de\/wp-json\/wp\/v2\/product\/120434\/revisions"}],"wp:featuredmedia":[{"embeddable":true,"href":"https:\/\/yasminfood.ch\/de\/wp-json\/wp\/v2\/media\/120429"}],"wp:attachment":[{"href":"https:\/\/yasminfood.ch\/de\/wp-json\/wp\/v2\/media?parent=120434"}],"wp:term":[{"taxonomy":"product_brand","embeddable":true,"href":"https:\/\/yasminfood.ch\/de\/wp-json\/wp\/v2\/product_brand?post=120434"},{"taxonomy":"product_cat","embeddable":true,"href":"https:\/\/yasminfood.ch\/de\/wp-json\/wp\/v2\/product_cat?post=120434"},{"taxonomy":"product_tag","embeddable":true,"href":"https:\/\/yasminfood.ch\/de\/wp-json\/wp\/v2\/product_tag?post=120434"}],"curies":[{"name":"wp","href":"https:\/\/api.w.org\/{rel}","templated":true}]}}